{"id":880,"date":"2014-09-03T23:58:07","date_gmt":"2014-09-03T21:58:07","guid":{"rendered":"http:\/\/new.prouvy.be\/?page_id=880"},"modified":"2014-09-03T23:58:07","modified_gmt":"2014-09-03T21:58:07","slug":"soiree-des-benevoles-2005","status":"publish","type":"page","link":"https:\/\/www.prouvy.be\/?page_id=880","title":{"rendered":"Soir\u00e9e des b\u00e9n\u00e9voles 2005"},"content":{"rendered":"<div id=\"fb-root\"><\/div>\n<p><span style=\"color: #000000;\">Apr\u00e8s une ann\u00e9e sp\u00e9cialement charg\u00e9e pour les b\u00e9n\u00e9voles, nous avions d\u00e9cid\u00e9 de les r\u00e9unir pour une soir\u00e9e \u00e0 th\u00e8me.<\/span><\/p>\n<p style=\"color: #000000;\">En effet, en 2005 les b\u00e9n\u00e9voles ont \u00e9t\u00e9 mis plusieurs fois \u00e0 contribution puisqu\u2019en plus des activit\u00e9s traditionnelles, il a fallu ajouter<\/p>\n<p style=\"color: #000000;\">La f\u00eate du mois d\u2019ao\u00fbt, les 40 ans de l\u2019asbl avec la \u201cjourn\u00e9e retrouvaille\u201d d\u00e9but septembre, les r\u00e9novations de la salle et des cuisines d\u00e9but de l\u2019ann\u00e9e.<\/p>\n<p style=\"color: #000000;\">Les b\u00e9n\u00e9voles avaient donc bien m\u00e9rit\u00e9 une soir\u00e9e toute \u00e0 leur honneur.<\/p>\n<p style=\"color: #000000;\">Le th\u00e8me d\u2019une soir\u00e9e Western fut retenu. C\u2019est ainsi que nous nous sommes retrouv\u00e9s \u00e0 Valansart City dans le Saloon La Fraternelle le samedi 10 octobre 2005.<\/p>\n<p style=\"color: #000000;\">Tous les participants avaient \u00e9t\u00e9 invit\u00e9s \u00e0 se d\u00e9guiser pour se fondre totalement dans l\u2019ouest am\u00e9ricain. Ainsi, il n\u2019a pas \u00e9t\u00e9 rare de croiser un indien pousuivit par un cow-boy tout cela sous le regard \u00e9tonn\u00e9 d\u2019un mexicain!!<\/p>\n<p style=\"color: #000000;\">Deplus, le Saloon et ces alentours furent d\u00e9cor\u00e9s dans l\u2019esprit Western. Des chevaux nous attendaient, l\u2019entr\u00e9e de la salle fut \u00e9quip\u00e9e de portes saloon, un totem et une vache cow-boy<\/p>\n<p style=\"color: #000000;\">Nous serveill\u00e8rent toute la soir\u00e9e. Le sh\u00e9rif avait \u00e9galement bien travaill\u00e9 en placent une quantit\u00e9 d\u2019affiches \u201c<span class=\"caps\">WANTED<\/span>\u201d, toujours \u00e0 la recherche d\u2018\u00e9tranges individus.<\/p>\n<p style=\"color: #000000;\">Le grand buffet \u201camerican food\u201d et le bar \u201cDesperados\u201d furent rapidement pris d\u2019assaut par la centaine d\u2019individus plus \u00e9tranges les uns que les autres.<\/p>\n<p style=\"color: #000000;\">G\u00e9rard et Xavier annim\u00e8rent ensuite aux sons des ann\u00e9es \u201970, \u201980 et \u201990.<\/p>\n<p style=\"color: #000000;\">Un succ\u00e8s total.<\/p>\n<p style=\"color: #000000;\">F\u00e9licitations aux organisateurs et rendez-vous l\u2019ann\u00e9e prochaine.<\/p>\n<p style=\"color: #000000;\">Ci-dessous, la partie la plus int\u00e9ressante, les photos.<\/p>\n<p><!-- index.php -->\n<div\n\tclass=\"ngg-galleryoverview\n\t ngg-ajax-pagination-none\t\"\n\tid=\"ngg-gallery-c775ae33e7bbd62b4222702935aa5273-1\">\n\n\t\t<div class=\"slideshowlink\">\n\t\t<a href='https:\/\/www.prouvy.be\/index.php\/nggallery\/slideshow?page_id=880'>[Show slideshow]<\/a>\n\n\t<\/div>\n\t\t\t<!-- Thumbnails -->\n\t\t\t\t<div id=\"ngg-image-0\" class=\"ngg-gallery-thumbnail-box\"\n\t\t\t\t\t\t\t\t\t\t\t>\n\t\t\t\t\t\t<div class=\"ngg-gallery-thumbnail\">\n\t\t\t<a href=\"https:\/\/www.prouvy.be\/wp-content\/gallery\/soiree-des-benevoles-2005\/bene_2005_11.JPG\"\n\t\t\t\ttitle=\" \"\n\t\t\t\tdata-src=\"https:\/\/www.prouvy.be\/wp-content\/gallery\/soiree-des-benevoles-2005\/bene_2005_11.JPG\"\n\t\t\t\tdata-thumbnail=\"https:\/\/www.prouvy.be\/wp-content\/gallery\/soiree-des-benevoles-2005\/thumbs\/thumbs_bene_2005_11.JPG\"\n\t\t\t\tdata-image-id=\"233\"\n\t\t\t\tdata-title=\"bene_2005_11\"\n\t\t\t\tdata-description=\" \"\n\t\t\t\tdata-image-slug=\"bene_2005_11\"\n\t\t\t\tclass=\"ngg-fancybox\" rel=\"c775ae33e7bbd62b4222702935aa5273\">\n\t\t\t\t<img\n\t\t\t\t\ttitle=\"bene_2005_11\"\n\t\t\t\t\talt=\"bene_2005_11\"\n\t\t\t\t\tsrc=\"https:\/\/www.prouvy.be\/wp-content\/gallery\/soiree-des-benevoles-2005\/thumbs\/thumbs_bene_2005_11.JPG\"\n\t\t\t\t\twidth=\"120\"\n\t\t\t\t\theight=\"90\"\n\t\t\t\t\tstyle=\"max-width:100%;\"\n\t\t\t\t\/>\n\t\t\t<\/a>\n\t\t<\/div>\n\t\t\t\t\t\t\t<\/div>\n\t\t\t\n\t\t\n\t\t\t\t<div id=\"ngg-image-1\" class=\"ngg-gallery-thumbnail-box\"\n\t\t\t\t\t\t\t\t\t\t\t>\n\t\t\t\t\t\t<div class=\"ngg-gallery-thumbnail\">\n\t\t\t<a href=\"https:\/\/www.prouvy.be\/wp-content\/gallery\/soiree-des-benevoles-2005\/bene_2005_25.JPG\"\n\t\t\t\ttitle=\" \"\n\t\t\t\tdata-src=\"https:\/\/www.prouvy.be\/wp-content\/gallery\/soiree-des-benevoles-2005\/bene_2005_25.JPG\"\n\t\t\t\tdata-thumbnail=\"https:\/\/www.prouvy.be\/wp-content\/gallery\/soiree-des-benevoles-2005\/thumbs\/thumbs_bene_2005_25.JPG\"\n\t\t\t\tdata-image-id=\"247\"\n\t\t\t\tdata-title=\"bene_2005_25\"\n\t\t\t\tdata-description=\" \"\n\t\t\t\tdata-image-slug=\"bene_2005_25\"\n\t\t\t\tclass=\"ngg-fancybox\" rel=\"c775ae33e7bbd62b4222702935aa5273\">\n\t\t\t\t<img\n\t\t\t\t\ttitle=\"bene_2005_25\"\n\t\t\t\t\talt=\"bene_2005_25\"\n\t\t\t\t\tsrc=\"https:\/\/www.prouvy.be\/wp-content\/gallery\/soiree-des-benevoles-2005\/thumbs\/thumbs_bene_2005_25.JPG\"\n\t\t\t\t\twidth=\"120\"\n\t\t\t\t\theight=\"90\"\n\t\t\t\t\tstyle=\"max-width:100%;\"\n\t\t\t\t\/>\n\t\t\t<\/a>\n\t\t<\/div>\n\t\t\t\t\t\t\t<\/div>\n\t\t\t\n\t\t\n\t\t\t\t<div id=\"ngg-image-2\" class=\"ngg-gallery-thumbnail-box\"\n\t\t\t\t\t\t\t\t\t\t\t>\n\t\t\t\t\t\t<div class=\"ngg-gallery-thumbnail\">\n\t\t\t<a href=\"https:\/\/www.prouvy.be\/wp-content\/gallery\/soiree-des-benevoles-2005\/bene_2005_29.JPG\"\n\t\t\t\ttitle=\" \"\n\t\t\t\tdata-src=\"https:\/\/www.prouvy.be\/wp-content\/gallery\/soiree-des-benevoles-2005\/bene_2005_29.JPG\"\n\t\t\t\tdata-thumbnail=\"https:\/\/www.prouvy.be\/wp-content\/gallery\/soiree-des-benevoles-2005\/thumbs\/thumbs_bene_2005_29.JPG\"\n\t\t\t\tdata-image-id=\"251\"\n\t\t\t\tdata-title=\"bene_2005_29\"\n\t\t\t\tdata-description=\" \"\n\t\t\t\tdata-image-slug=\"bene_2005_29\"\n\t\t\t\tclass=\"ngg-fancybox\" rel=\"c775ae33e7bbd62b4222702935aa5273\">\n\t\t\t\t<img\n\t\t\t\t\ttitle=\"bene_2005_29\"\n\t\t\t\t\talt=\"bene_2005_29\"\n\t\t\t\t\tsrc=\"https:\/\/www.prouvy.be\/wp-content\/gallery\/soiree-des-benevoles-2005\/thumbs\/thumbs_bene_2005_29.JPG\"\n\t\t\t\t\twidth=\"120\"\n\t\t\t\t\theight=\"90\"\n\t\t\t\t\tstyle=\"max-width:100%;\"\n\t\t\t\t\/>\n\t\t\t<\/a>\n\t\t<\/div>\n\t\t\t\t\t\t\t<\/div>\n\t\t\t\n\t\t\n\t\t\t\t<div id=\"ngg-image-3\" class=\"ngg-gallery-thumbnail-box\"\n\t\t\t\t\t\t\t\t\t\t\t>\n\t\t\t\t\t\t<div class=\"ngg-gallery-thumbnail\">\n\t\t\t<a href=\"https:\/\/www.prouvy.be\/wp-content\/gallery\/soiree-des-benevoles-2005\/bene_2005_19.JPG\"\n\t\t\t\ttitle=\" \"\n\t\t\t\tdata-src=\"https:\/\/www.prouvy.be\/wp-content\/gallery\/soiree-des-benevoles-2005\/bene_2005_19.JPG\"\n\t\t\t\tdata-thumbnail=\"https:\/\/www.prouvy.be\/wp-content\/gallery\/soiree-des-benevoles-2005\/thumbs\/thumbs_bene_2005_19.JPG\"\n\t\t\t\tdata-image-id=\"241\"\n\t\t\t\tdata-title=\"bene_2005_19\"\n\t\t\t\tdata-description=\" \"\n\t\t\t\tdata-image-slug=\"bene_2005_19\"\n\t\t\t\tclass=\"ngg-fancybox\" rel=\"c775ae33e7bbd62b4222702935aa5273\">\n\t\t\t\t<img\n\t\t\t\t\ttitle=\"bene_2005_19\"\n\t\t\t\t\talt=\"bene_2005_19\"\n\t\t\t\t\tsrc=\"https:\/\/www.prouvy.be\/wp-content\/gallery\/soiree-des-benevoles-2005\/thumbs\/thumbs_bene_2005_19.JPG\"\n\t\t\t\t\twidth=\"120\"\n\t\t\t\t\theight=\"90\"\n\t\t\t\t\tstyle=\"max-width:100%;\"\n\t\t\t\t\/>\n\t\t\t<\/a>\n\t\t<\/div>\n\t\t\t\t\t\t\t<\/div>\n\t\t\t\n\t\t\n\t\t\t\t<div id=\"ngg-image-4\" class=\"ngg-gallery-thumbnail-box\"\n\t\t\t\t\t\t\t\t\t\t\t>\n\t\t\t\t\t\t<div class=\"ngg-gallery-thumbnail\">\n\t\t\t<a href=\"https:\/\/www.prouvy.be\/wp-content\/gallery\/soiree-des-benevoles-2005\/bene_2005_18.JPG\"\n\t\t\t\ttitle=\" \"\n\t\t\t\tdata-src=\"https:\/\/www.prouvy.be\/wp-content\/gallery\/soiree-des-benevoles-2005\/bene_2005_18.JPG\"\n\t\t\t\tdata-thumbnail=\"https:\/\/www.prouvy.be\/wp-content\/gallery\/soiree-des-benevoles-2005\/thumbs\/thumbs_bene_2005_18.JPG\"\n\t\t\t\tdata-image-id=\"240\"\n\t\t\t\tdata-title=\"bene_2005_18\"\n\t\t\t\tdata-description=\" \"\n\t\t\t\tdata-image-slug=\"bene_2005_18\"\n\t\t\t\tclass=\"ngg-fancybox\" rel=\"c775ae33e7bbd62b4222702935aa5273\">\n\t\t\t\t<img\n\t\t\t\t\ttitle=\"bene_2005_18\"\n\t\t\t\t\talt=\"bene_2005_18\"\n\t\t\t\t\tsrc=\"https:\/\/www.prouvy.be\/wp-content\/gallery\/soiree-des-benevoles-2005\/thumbs\/thumbs_bene_2005_18.JPG\"\n\t\t\t\t\twidth=\"120\"\n\t\t\t\t\theight=\"90\"\n\t\t\t\t\tstyle=\"max-width:100%;\"\n\t\t\t\t\/>\n\t\t\t<\/a>\n\t\t<\/div>\n\t\t\t\t\t\t\t<\/div>\n\t\t\t\n\t\t\n\t\t\t\t<div id=\"ngg-image-5\" class=\"ngg-gallery-thumbnail-box\"\n\t\t\t\t\t\t\t\t\t\t\t>\n\t\t\t\t\t\t<div class=\"ngg-gallery-thumbnail\">\n\t\t\t<a href=\"https:\/\/www.prouvy.be\/wp-content\/gallery\/soiree-des-benevoles-2005\/bene_2005_17.JPG\"\n\t\t\t\ttitle=\" \"\n\t\t\t\tdata-src=\"https:\/\/www.prouvy.be\/wp-content\/gallery\/soiree-des-benevoles-2005\/bene_2005_17.JPG\"\n\t\t\t\tdata-thumbnail=\"https:\/\/www.prouvy.be\/wp-content\/gallery\/soiree-des-benevoles-2005\/thumbs\/thumbs_bene_2005_17.JPG\"\n\t\t\t\tdata-image-id=\"239\"\n\t\t\t\tdata-title=\"bene_2005_17\"\n\t\t\t\tdata-description=\" \"\n\t\t\t\tdata-image-slug=\"bene_2005_17\"\n\t\t\t\tclass=\"ngg-fancybox\" rel=\"c775ae33e7bbd62b4222702935aa5273\">\n\t\t\t\t<img\n\t\t\t\t\ttitle=\"bene_2005_17\"\n\t\t\t\t\talt=\"bene_2005_17\"\n\t\t\t\t\tsrc=\"https:\/\/www.prouvy.be\/wp-content\/gallery\/soiree-des-benevoles-2005\/thumbs\/thumbs_bene_2005_17.JPG\"\n\t\t\t\t\twidth=\"120\"\n\t\t\t\t\theight=\"90\"\n\t\t\t\t\tstyle=\"max-width:100%;\"\n\t\t\t\t\/>\n\t\t\t<\/a>\n\t\t<\/div>\n\t\t\t\t\t\t\t<\/div>\n\t\t\t\n\t\t\n\t\t\t\t<div id=\"ngg-image-6\" class=\"ngg-gallery-thumbnail-box\"\n\t\t\t\t\t\t\t\t\t\t\t>\n\t\t\t\t\t\t<div class=\"ngg-gallery-thumbnail\">\n\t\t\t<a href=\"https:\/\/www.prouvy.be\/wp-content\/gallery\/soiree-des-benevoles-2005\/bene_2005_16.JPG\"\n\t\t\t\ttitle=\" \"\n\t\t\t\tdata-src=\"https:\/\/www.prouvy.be\/wp-content\/gallery\/soiree-des-benevoles-2005\/bene_2005_16.JPG\"\n\t\t\t\tdata-thumbnail=\"https:\/\/www.prouvy.be\/wp-content\/gallery\/soiree-des-benevoles-2005\/thumbs\/thumbs_bene_2005_16.JPG\"\n\t\t\t\tdata-image-id=\"238\"\n\t\t\t\tdata-title=\"bene_2005_16\"\n\t\t\t\tdata-description=\" \"\n\t\t\t\tdata-image-slug=\"bene_2005_16\"\n\t\t\t\tclass=\"ngg-fancybox\" rel=\"c775ae33e7bbd62b4222702935aa5273\">\n\t\t\t\t<img\n\t\t\t\t\ttitle=\"bene_2005_16\"\n\t\t\t\t\talt=\"bene_2005_16\"\n\t\t\t\t\tsrc=\"https:\/\/www.prouvy.be\/wp-content\/gallery\/soiree-des-benevoles-2005\/thumbs\/thumbs_bene_2005_16.JPG\"\n\t\t\t\t\twidth=\"120\"\n\t\t\t\t\theight=\"90\"\n\t\t\t\t\tstyle=\"max-width:100%;\"\n\t\t\t\t\/>\n\t\t\t<\/a>\n\t\t<\/div>\n\t\t\t\t\t\t\t<\/div>\n\t\t\t\n\t\t\n\t\t\t\t<div id=\"ngg-image-7\" class=\"ngg-gallery-thumbnail-box\"\n\t\t\t\t\t\t\t\t\t\t\t>\n\t\t\t\t\t\t<div class=\"ngg-gallery-thumbnail\">\n\t\t\t<a href=\"https:\/\/www.prouvy.be\/wp-content\/gallery\/soiree-des-benevoles-2005\/bene_2005_15.JPG\"\n\t\t\t\ttitle=\" \"\n\t\t\t\tdata-src=\"https:\/\/www.prouvy.be\/wp-content\/gallery\/soiree-des-benevoles-2005\/bene_2005_15.JPG\"\n\t\t\t\tdata-thumbnail=\"https:\/\/www.prouvy.be\/wp-content\/gallery\/soiree-des-benevoles-2005\/thumbs\/thumbs_bene_2005_15.JPG\"\n\t\t\t\tdata-image-id=\"237\"\n\t\t\t\tdata-title=\"bene_2005_15\"\n\t\t\t\tdata-description=\" \"\n\t\t\t\tdata-image-slug=\"bene_2005_15\"\n\t\t\t\tclass=\"ngg-fancybox\" rel=\"c775ae33e7bbd62b4222702935aa5273\">\n\t\t\t\t<img\n\t\t\t\t\ttitle=\"bene_2005_15\"\n\t\t\t\t\talt=\"bene_2005_15\"\n\t\t\t\t\tsrc=\"https:\/\/www.prouvy.be\/wp-content\/gallery\/soiree-des-benevoles-2005\/thumbs\/thumbs_bene_2005_15.JPG\"\n\t\t\t\t\twidth=\"120\"\n\t\t\t\t\theight=\"90\"\n\t\t\t\t\tstyle=\"max-width:100%;\"\n\t\t\t\t\/>\n\t\t\t<\/a>\n\t\t<\/div>\n\t\t\t\t\t\t\t<\/div>\n\t\t\t\n\t\t\n\t\t\t\t<div id=\"ngg-image-8\" class=\"ngg-gallery-thumbnail-box\"\n\t\t\t\t\t\t\t\t\t\t\t>\n\t\t\t\t\t\t<div class=\"ngg-gallery-thumbnail\">\n\t\t\t<a href=\"https:\/\/www.prouvy.be\/wp-content\/gallery\/soiree-des-benevoles-2005\/bene_2005_23.JPG\"\n\t\t\t\ttitle=\" \"\n\t\t\t\tdata-src=\"https:\/\/www.prouvy.be\/wp-content\/gallery\/soiree-des-benevoles-2005\/bene_2005_23.JPG\"\n\t\t\t\tdata-thumbnail=\"https:\/\/www.prouvy.be\/wp-content\/gallery\/soiree-des-benevoles-2005\/thumbs\/thumbs_bene_2005_23.JPG\"\n\t\t\t\tdata-image-id=\"245\"\n\t\t\t\tdata-title=\"bene_2005_23\"\n\t\t\t\tdata-description=\" \"\n\t\t\t\tdata-image-slug=\"bene_2005_23\"\n\t\t\t\tclass=\"ngg-fancybox\" rel=\"c775ae33e7bbd62b4222702935aa5273\">\n\t\t\t\t<img\n\t\t\t\t\ttitle=\"bene_2005_23\"\n\t\t\t\t\talt=\"bene_2005_23\"\n\t\t\t\t\tsrc=\"https:\/\/www.prouvy.be\/wp-content\/gallery\/soiree-des-benevoles-2005\/thumbs\/thumbs_bene_2005_23.JPG\"\n\t\t\t\t\twidth=\"120\"\n\t\t\t\t\theight=\"90\"\n\t\t\t\t\tstyle=\"max-width:100%;\"\n\t\t\t\t\/>\n\t\t\t<\/a>\n\t\t<\/div>\n\t\t\t\t\t\t\t<\/div>\n\t\t\t\n\t\t\n\t\t\t\t<div id=\"ngg-image-9\" class=\"ngg-gallery-thumbnail-box\"\n\t\t\t\t\t\t\t\t\t\t\t>\n\t\t\t\t\t\t<div class=\"ngg-gallery-thumbnail\">\n\t\t\t<a href=\"https:\/\/www.prouvy.be\/wp-content\/gallery\/soiree-des-benevoles-2005\/bene_2005_26.JPG\"\n\t\t\t\ttitle=\" \"\n\t\t\t\tdata-src=\"https:\/\/www.prouvy.be\/wp-content\/gallery\/soiree-des-benevoles-2005\/bene_2005_26.JPG\"\n\t\t\t\tdata-thumbnail=\"https:\/\/www.prouvy.be\/wp-content\/gallery\/soiree-des-benevoles-2005\/thumbs\/thumbs_bene_2005_26.JPG\"\n\t\t\t\tdata-image-id=\"248\"\n\t\t\t\tdata-title=\"bene_2005_26\"\n\t\t\t\tdata-description=\" \"\n\t\t\t\tdata-image-slug=\"bene_2005_26\"\n\t\t\t\tclass=\"ngg-fancybox\" rel=\"c775ae33e7bbd62b4222702935aa5273\">\n\t\t\t\t<img\n\t\t\t\t\ttitle=\"bene_2005_26\"\n\t\t\t\t\talt=\"bene_2005_26\"\n\t\t\t\t\tsrc=\"https:\/\/www.prouvy.be\/wp-content\/gallery\/soiree-des-benevoles-2005\/thumbs\/thumbs_bene_2005_26.JPG\"\n\t\t\t\t\twidth=\"120\"\n\t\t\t\t\theight=\"90\"\n\t\t\t\t\tstyle=\"max-width:100%;\"\n\t\t\t\t\/>\n\t\t\t<\/a>\n\t\t<\/div>\n\t\t\t\t\t\t\t<\/div>\n\t\t\t\n\t\t\n\t\t\t\t<div id=\"ngg-image-10\" class=\"ngg-gallery-thumbnail-box\"\n\t\t\t\t\t\t\t\t\t\t\t>\n\t\t\t\t\t\t<div class=\"ngg-gallery-thumbnail\">\n\t\t\t<a href=\"https:\/\/www.prouvy.be\/wp-content\/gallery\/soiree-des-benevoles-2005\/bene_2005_12.JPG\"\n\t\t\t\ttitle=\" \"\n\t\t\t\tdata-src=\"https:\/\/www.prouvy.be\/wp-content\/gallery\/soiree-des-benevoles-2005\/bene_2005_12.JPG\"\n\t\t\t\tdata-thumbnail=\"https:\/\/www.prouvy.be\/wp-content\/gallery\/soiree-des-benevoles-2005\/thumbs\/thumbs_bene_2005_12.JPG\"\n\t\t\t\tdata-image-id=\"234\"\n\t\t\t\tdata-title=\"bene_2005_12\"\n\t\t\t\tdata-description=\" \"\n\t\t\t\tdata-image-slug=\"bene_2005_12\"\n\t\t\t\tclass=\"ngg-fancybox\" rel=\"c775ae33e7bbd62b4222702935aa5273\">\n\t\t\t\t<img\n\t\t\t\t\ttitle=\"bene_2005_12\"\n\t\t\t\t\talt=\"bene_2005_12\"\n\t\t\t\t\tsrc=\"https:\/\/www.prouvy.be\/wp-content\/gallery\/soiree-des-benevoles-2005\/thumbs\/thumbs_bene_2005_12.JPG\"\n\t\t\t\t\twidth=\"120\"\n\t\t\t\t\theight=\"90\"\n\t\t\t\t\tstyle=\"max-width:100%;\"\n\t\t\t\t\/>\n\t\t\t<\/a>\n\t\t<\/div>\n\t\t\t\t\t\t\t<\/div>\n\t\t\t\n\t\t\n\t\t\t\t<div id=\"ngg-image-11\" class=\"ngg-gallery-thumbnail-box\"\n\t\t\t\t\t\t\t\t\t\t\t>\n\t\t\t\t\t\t<div class=\"ngg-gallery-thumbnail\">\n\t\t\t<a href=\"https:\/\/www.prouvy.be\/wp-content\/gallery\/soiree-des-benevoles-2005\/bene_2005_01.JPG\"\n\t\t\t\ttitle=\"\"\n\t\t\t\tdata-src=\"https:\/\/www.prouvy.be\/wp-content\/gallery\/soiree-des-benevoles-2005\/bene_2005_01.JPG\"\n\t\t\t\tdata-thumbnail=\"https:\/\/www.prouvy.be\/wp-content\/gallery\/soiree-des-benevoles-2005\/thumbs\/thumbs_bene_2005_01.JPG\"\n\t\t\t\tdata-image-id=\"223\"\n\t\t\t\tdata-title=\"bene_2005_01\"\n\t\t\t\tdata-description=\"\"\n\t\t\t\tdata-image-slug=\"bene_2005_01\"\n\t\t\t\tclass=\"ngg-fancybox\" rel=\"c775ae33e7bbd62b4222702935aa5273\">\n\t\t\t\t<img\n\t\t\t\t\ttitle=\"bene_2005_01\"\n\t\t\t\t\talt=\"bene_2005_01\"\n\t\t\t\t\tsrc=\"https:\/\/www.prouvy.be\/wp-content\/gallery\/soiree-des-benevoles-2005\/thumbs\/thumbs_bene_2005_01.JPG\"\n\t\t\t\t\twidth=\"120\"\n\t\t\t\t\theight=\"90\"\n\t\t\t\t\tstyle=\"max-width:100%;\"\n\t\t\t\t\/>\n\t\t\t<\/a>\n\t\t<\/div>\n\t\t\t\t\t\t\t<\/div>\n\t\t\t\n\t\t\n\t\t\t\t<div id=\"ngg-image-12\" class=\"ngg-gallery-thumbnail-box\"\n\t\t\t\t\t\t\t\t\t\t\t>\n\t\t\t\t\t\t<div class=\"ngg-gallery-thumbnail\">\n\t\t\t<a href=\"https:\/\/www.prouvy.be\/wp-content\/gallery\/soiree-des-benevoles-2005\/bene_2005_10.JPG\"\n\t\t\t\ttitle=\" \"\n\t\t\t\tdata-src=\"https:\/\/www.prouvy.be\/wp-content\/gallery\/soiree-des-benevoles-2005\/bene_2005_10.JPG\"\n\t\t\t\tdata-thumbnail=\"https:\/\/www.prouvy.be\/wp-content\/gallery\/soiree-des-benevoles-2005\/thumbs\/thumbs_bene_2005_10.JPG\"\n\t\t\t\tdata-image-id=\"232\"\n\t\t\t\tdata-title=\"bene_2005_10\"\n\t\t\t\tdata-description=\" \"\n\t\t\t\tdata-image-slug=\"bene_2005_10\"\n\t\t\t\tclass=\"ngg-fancybox\" rel=\"c775ae33e7bbd62b4222702935aa5273\">\n\t\t\t\t<img\n\t\t\t\t\ttitle=\"bene_2005_10\"\n\t\t\t\t\talt=\"bene_2005_10\"\n\t\t\t\t\tsrc=\"https:\/\/www.prouvy.be\/wp-content\/gallery\/soiree-des-benevoles-2005\/thumbs\/thumbs_bene_2005_10.JPG\"\n\t\t\t\t\twidth=\"120\"\n\t\t\t\t\theight=\"90\"\n\t\t\t\t\tstyle=\"max-width:100%;\"\n\t\t\t\t\/>\n\t\t\t<\/a>\n\t\t<\/div>\n\t\t\t\t\t\t\t<\/div>\n\t\t\t\n\t\t\n\t\t\t\t<div id=\"ngg-image-13\" class=\"ngg-gallery-thumbnail-box\"\n\t\t\t\t\t\t\t\t\t\t\t>\n\t\t\t\t\t\t<div class=\"ngg-gallery-thumbnail\">\n\t\t\t<a href=\"https:\/\/www.prouvy.be\/wp-content\/gallery\/soiree-des-benevoles-2005\/bene_2005_09.JPG\"\n\t\t\t\ttitle=\" \"\n\t\t\t\tdata-src=\"https:\/\/www.prouvy.be\/wp-content\/gallery\/soiree-des-benevoles-2005\/bene_2005_09.JPG\"\n\t\t\t\tdata-thumbnail=\"https:\/\/www.prouvy.be\/wp-content\/gallery\/soiree-des-benevoles-2005\/thumbs\/thumbs_bene_2005_09.JPG\"\n\t\t\t\tdata-image-id=\"231\"\n\t\t\t\tdata-title=\"bene_2005_09\"\n\t\t\t\tdata-description=\" \"\n\t\t\t\tdata-image-slug=\"bene_2005_09\"\n\t\t\t\tclass=\"ngg-fancybox\" rel=\"c775ae33e7bbd62b4222702935aa5273\">\n\t\t\t\t<img\n\t\t\t\t\ttitle=\"bene_2005_09\"\n\t\t\t\t\talt=\"bene_2005_09\"\n\t\t\t\t\tsrc=\"https:\/\/www.prouvy.be\/wp-content\/gallery\/soiree-des-benevoles-2005\/thumbs\/thumbs_bene_2005_09.JPG\"\n\t\t\t\t\twidth=\"120\"\n\t\t\t\t\theight=\"90\"\n\t\t\t\t\tstyle=\"max-width:100%;\"\n\t\t\t\t\/>\n\t\t\t<\/a>\n\t\t<\/div>\n\t\t\t\t\t\t\t<\/div>\n\t\t\t\n\t\t\n\t\t\t\t<div id=\"ngg-image-14\" class=\"ngg-gallery-thumbnail-box\"\n\t\t\t\t\t\t\t\t\t\t\t>\n\t\t\t\t\t\t<div class=\"ngg-gallery-thumbnail\">\n\t\t\t<a href=\"https:\/\/www.prouvy.be\/wp-content\/gallery\/soiree-des-benevoles-2005\/bene_2005_08.JPG\"\n\t\t\t\ttitle=\" \"\n\t\t\t\tdata-src=\"https:\/\/www.prouvy.be\/wp-content\/gallery\/soiree-des-benevoles-2005\/bene_2005_08.JPG\"\n\t\t\t\tdata-thumbnail=\"https:\/\/www.prouvy.be\/wp-content\/gallery\/soiree-des-benevoles-2005\/thumbs\/thumbs_bene_2005_08.JPG\"\n\t\t\t\tdata-image-id=\"230\"\n\t\t\t\tdata-title=\"bene_2005_08\"\n\t\t\t\tdata-description=\" \"\n\t\t\t\tdata-image-slug=\"bene_2005_08\"\n\t\t\t\tclass=\"ngg-fancybox\" rel=\"c775ae33e7bbd62b4222702935aa5273\">\n\t\t\t\t<img\n\t\t\t\t\ttitle=\"bene_2005_08\"\n\t\t\t\t\talt=\"bene_2005_08\"\n\t\t\t\t\tsrc=\"https:\/\/www.prouvy.be\/wp-content\/gallery\/soiree-des-benevoles-2005\/thumbs\/thumbs_bene_2005_08.JPG\"\n\t\t\t\t\twidth=\"120\"\n\t\t\t\t\theight=\"90\"\n\t\t\t\t\tstyle=\"max-width:100%;\"\n\t\t\t\t\/>\n\t\t\t<\/a>\n\t\t<\/div>\n\t\t\t\t\t\t\t<\/div>\n\t\t\t\n\t\t\n\t\t\t\t<div id=\"ngg-image-15\" class=\"ngg-gallery-thumbnail-box\"\n\t\t\t\t\t\t\t\t\t\t\t>\n\t\t\t\t\t\t<div class=\"ngg-gallery-thumbnail\">\n\t\t\t<a href=\"https:\/\/www.prouvy.be\/wp-content\/gallery\/soiree-des-benevoles-2005\/bene_2005_07.JPG\"\n\t\t\t\ttitle=\" \"\n\t\t\t\tdata-src=\"https:\/\/www.prouvy.be\/wp-content\/gallery\/soiree-des-benevoles-2005\/bene_2005_07.JPG\"\n\t\t\t\tdata-thumbnail=\"https:\/\/www.prouvy.be\/wp-content\/gallery\/soiree-des-benevoles-2005\/thumbs\/thumbs_bene_2005_07.JPG\"\n\t\t\t\tdata-image-id=\"229\"\n\t\t\t\tdata-title=\"bene_2005_07\"\n\t\t\t\tdata-description=\" \"\n\t\t\t\tdata-image-slug=\"bene_2005_07\"\n\t\t\t\tclass=\"ngg-fancybox\" rel=\"c775ae33e7bbd62b4222702935aa5273\">\n\t\t\t\t<img\n\t\t\t\t\ttitle=\"bene_2005_07\"\n\t\t\t\t\talt=\"bene_2005_07\"\n\t\t\t\t\tsrc=\"https:\/\/www.prouvy.be\/wp-content\/gallery\/soiree-des-benevoles-2005\/thumbs\/thumbs_bene_2005_07.JPG\"\n\t\t\t\t\twidth=\"120\"\n\t\t\t\t\theight=\"90\"\n\t\t\t\t\tstyle=\"max-width:100%;\"\n\t\t\t\t\/>\n\t\t\t<\/a>\n\t\t<\/div>\n\t\t\t\t\t\t\t<\/div>\n\t\t\t\n\t\t\n\t\t\t\t<div id=\"ngg-image-16\" class=\"ngg-gallery-thumbnail-box\"\n\t\t\t\t\t\t\t\t\t\t\t>\n\t\t\t\t\t\t<div class=\"ngg-gallery-thumbnail\">\n\t\t\t<a href=\"https:\/\/www.prouvy.be\/wp-content\/gallery\/soiree-des-benevoles-2005\/bene_2005_24.JPG\"\n\t\t\t\ttitle=\" \"\n\t\t\t\tdata-src=\"https:\/\/www.prouvy.be\/wp-content\/gallery\/soiree-des-benevoles-2005\/bene_2005_24.JPG\"\n\t\t\t\tdata-thumbnail=\"https:\/\/www.prouvy.be\/wp-content\/gallery\/soiree-des-benevoles-2005\/thumbs\/thumbs_bene_2005_24.JPG\"\n\t\t\t\tdata-image-id=\"246\"\n\t\t\t\tdata-title=\"bene_2005_24\"\n\t\t\t\tdata-description=\" \"\n\t\t\t\tdata-image-slug=\"bene_2005_24\"\n\t\t\t\tclass=\"ngg-fancybox\" rel=\"c775ae33e7bbd62b4222702935aa5273\">\n\t\t\t\t<img\n\t\t\t\t\ttitle=\"bene_2005_24\"\n\t\t\t\t\talt=\"bene_2005_24\"\n\t\t\t\t\tsrc=\"https:\/\/www.prouvy.be\/wp-content\/gallery\/soiree-des-benevoles-2005\/thumbs\/thumbs_bene_2005_24.JPG\"\n\t\t\t\t\twidth=\"120\"\n\t\t\t\t\theight=\"90\"\n\t\t\t\t\tstyle=\"max-width:100%;\"\n\t\t\t\t\/>\n\t\t\t<\/a>\n\t\t<\/div>\n\t\t\t\t\t\t\t<\/div>\n\t\t\t\n\t\t\n\t\t\t\t<div id=\"ngg-image-17\" class=\"ngg-gallery-thumbnail-box\"\n\t\t\t\t\t\t\t\t\t\t\t>\n\t\t\t\t\t\t<div class=\"ngg-gallery-thumbnail\">\n\t\t\t<a href=\"https:\/\/www.prouvy.be\/wp-content\/gallery\/soiree-des-benevoles-2005\/bene_2005_27.JPG\"\n\t\t\t\ttitle=\" \"\n\t\t\t\tdata-src=\"https:\/\/www.prouvy.be\/wp-content\/gallery\/soiree-des-benevoles-2005\/bene_2005_27.JPG\"\n\t\t\t\tdata-thumbnail=\"https:\/\/www.prouvy.be\/wp-content\/gallery\/soiree-des-benevoles-2005\/thumbs\/thumbs_bene_2005_27.JPG\"\n\t\t\t\tdata-image-id=\"249\"\n\t\t\t\tdata-title=\"bene_2005_27\"\n\t\t\t\tdata-description=\" \"\n\t\t\t\tdata-image-slug=\"bene_2005_27\"\n\t\t\t\tclass=\"ngg-fancybox\" rel=\"c775ae33e7bbd62b4222702935aa5273\">\n\t\t\t\t<img\n\t\t\t\t\ttitle=\"bene_2005_27\"\n\t\t\t\t\talt=\"bene_2005_27\"\n\t\t\t\t\tsrc=\"https:\/\/www.prouvy.be\/wp-content\/gallery\/soiree-des-benevoles-2005\/thumbs\/thumbs_bene_2005_27.JPG\"\n\t\t\t\t\twidth=\"120\"\n\t\t\t\t\theight=\"90\"\n\t\t\t\t\tstyle=\"max-width:100%;\"\n\t\t\t\t\/>\n\t\t\t<\/a>\n\t\t<\/div>\n\t\t\t\t\t\t\t<\/div>\n\t\t\t\n\t\t\n\t\t\t\t<div id=\"ngg-image-18\" class=\"ngg-gallery-thumbnail-box\"\n\t\t\t\t\t\t\t\t\t\t\t>\n\t\t\t\t\t\t<div class=\"ngg-gallery-thumbnail\">\n\t\t\t<a href=\"https:\/\/www.prouvy.be\/wp-content\/gallery\/soiree-des-benevoles-2005\/bene_2005_04.JPG\"\n\t\t\t\ttitle=\" \"\n\t\t\t\tdata-src=\"https:\/\/www.prouvy.be\/wp-content\/gallery\/soiree-des-benevoles-2005\/bene_2005_04.JPG\"\n\t\t\t\tdata-thumbnail=\"https:\/\/www.prouvy.be\/wp-content\/gallery\/soiree-des-benevoles-2005\/thumbs\/thumbs_bene_2005_04.JPG\"\n\t\t\t\tdata-image-id=\"226\"\n\t\t\t\tdata-title=\"bene_2005_04\"\n\t\t\t\tdata-description=\" \"\n\t\t\t\tdata-image-slug=\"bene_2005_04\"\n\t\t\t\tclass=\"ngg-fancybox\" rel=\"c775ae33e7bbd62b4222702935aa5273\">\n\t\t\t\t<img\n\t\t\t\t\ttitle=\"bene_2005_04\"\n\t\t\t\t\talt=\"bene_2005_04\"\n\t\t\t\t\tsrc=\"https:\/\/www.prouvy.be\/wp-content\/gallery\/soiree-des-benevoles-2005\/thumbs\/thumbs_bene_2005_04.JPG\"\n\t\t\t\t\twidth=\"120\"\n\t\t\t\t\theight=\"90\"\n\t\t\t\t\tstyle=\"max-width:100%;\"\n\t\t\t\t\/>\n\t\t\t<\/a>\n\t\t<\/div>\n\t\t\t\t\t\t\t<\/div>\n\t\t\t\n\t\t\n\t\t\t\t<div id=\"ngg-image-19\" class=\"ngg-gallery-thumbnail-box\"\n\t\t\t\t\t\t\t\t\t\t\t>\n\t\t\t\t\t\t<div class=\"ngg-gallery-thumbnail\">\n\t\t\t<a href=\"https:\/\/www.prouvy.be\/wp-content\/gallery\/soiree-des-benevoles-2005\/bene_2005_03.JPG\"\n\t\t\t\ttitle=\" \"\n\t\t\t\tdata-src=\"https:\/\/www.prouvy.be\/wp-content\/gallery\/soiree-des-benevoles-2005\/bene_2005_03.JPG\"\n\t\t\t\tdata-thumbnail=\"https:\/\/www.prouvy.be\/wp-content\/gallery\/soiree-des-benevoles-2005\/thumbs\/thumbs_bene_2005_03.JPG\"\n\t\t\t\tdata-image-id=\"225\"\n\t\t\t\tdata-title=\"bene_2005_03\"\n\t\t\t\tdata-description=\" \"\n\t\t\t\tdata-image-slug=\"bene_2005_03\"\n\t\t\t\tclass=\"ngg-fancybox\" rel=\"c775ae33e7bbd62b4222702935aa5273\">\n\t\t\t\t<img\n\t\t\t\t\ttitle=\"bene_2005_03\"\n\t\t\t\t\talt=\"bene_2005_03\"\n\t\t\t\t\tsrc=\"https:\/\/www.prouvy.be\/wp-content\/gallery\/soiree-des-benevoles-2005\/thumbs\/thumbs_bene_2005_03.JPG\"\n\t\t\t\t\twidth=\"120\"\n\t\t\t\t\theight=\"90\"\n\t\t\t\t\tstyle=\"max-width:100%;\"\n\t\t\t\t\/>\n\t\t\t<\/a>\n\t\t<\/div>\n\t\t\t\t\t\t\t<\/div>\n\t\t\t\n\t\t\n\t\t\n\t\t<!-- Pagination -->\n\t\t<div class='ngg-navigation'><span class='current'>1<\/span>\n<a class='page-numbers' data-pageid='2' href='https:\/\/www.prouvy.be\/index.php\/nggallery\/page\/2?page_id=880'>2<\/a>\n<a class='prev' href='https:\/\/www.prouvy.be\/index.php\/nggallery\/page\/2?page_id=880' data-pageid=2>&#9658;<\/a><\/div>\t<\/div>\n<\/p>\n","protected":false},"excerpt":{"rendered":"<p>Apr\u00e8s une ann\u00e9e sp\u00e9cialement charg\u00e9e pour les b\u00e9n\u00e9voles, nous avions d\u00e9cid\u00e9 de les r\u00e9unir pour une soir\u00e9e \u00e0 th\u00e8me. En effet, en 2005 les b\u00e9n\u00e9voles ont \u00e9t\u00e9 mis plusieurs fois \u00e0 contribution puisqu\u2019en plus des activit\u00e9s traditionnelles, il a fallu ajouter La f\u00eate du mois d\u2019ao\u00fbt, les 40 ans de l\u2019asbl avec la \u201cjourn\u00e9e retrouvaille\u201d &hellip; <a href=\"https:\/\/www.prouvy.be\/?page_id=880\" class=\"more-link\">Continuer la lecture de <span class=\"screen-reader-text\">Soir\u00e9e des b\u00e9n\u00e9voles 2005<\/span>  <span class=\"meta-nav\">&rarr;<\/span><\/a><\/p>\n","protected":false},"author":1,"featured_media":942,"parent":727,"menu_order":0,"comment_status":"open","ping_status":"open","template":"","meta":{"ngg_post_thumbnail":0,"footnotes":""},"class_list":["post-880","page","type-page","status-publish","has-post-thumbnail","hentry"],"post_mailing_queue_ids":[],"_links":{"self":[{"href":"https:\/\/www.prouvy.be\/index.php?rest_route=\/wp\/v2\/pages\/880","targetHints":{"allow":["GET"]}}],"collection":[{"href":"https:\/\/www.prouvy.be\/index.php?rest_route=\/wp\/v2\/pages"}],"about":[{"href":"https:\/\/www.prouvy.be\/index.php?rest_route=\/wp\/v2\/types\/page"}],"author":[{"embeddable":true,"href":"https:\/\/www.prouvy.be\/index.php?rest_route=\/wp\/v2\/users\/1"}],"replies":[{"embeddable":true,"href":"https:\/\/www.prouvy.be\/index.php?rest_route=%2Fwp%2Fv2%2Fcomments&post=880"}],"version-history":[{"count":1,"href":"https:\/\/www.prouvy.be\/index.php?rest_route=\/wp\/v2\/pages\/880\/revisions"}],"predecessor-version":[{"id":943,"href":"https:\/\/www.prouvy.be\/index.php?rest_route=\/wp\/v2\/pages\/880\/revisions\/943"}],"up":[{"embeddable":true,"href":"https:\/\/www.prouvy.be\/index.php?rest_route=\/wp\/v2\/pages\/727"}],"wp:featuredmedia":[{"embeddable":true,"href":"https:\/\/www.prouvy.be\/index.php?rest_route=\/wp\/v2\/media\/942"}],"wp:attachment":[{"href":"https:\/\/www.prouvy.be\/index.php?rest_route=%2Fwp%2Fv2%2Fmedia&parent=880"}],"curies":[{"name":"wp","href":"https:\/\/api.w.org\/{rel}","templated":true}]}}