{"id":773,"date":"2014-09-02T00:10:52","date_gmt":"2014-09-01T22:10:52","guid":{"rendered":"http:\/\/new.prouvy.be\/?page_id=773"},"modified":"2018-07-15T23:14:37","modified_gmt":"2018-07-15T21:14:37","slug":"dates-de-locations","status":"publish","type":"page","link":"https:\/\/www.prouvy.be\/?page_id=773","title":{"rendered":"Disponibilit\u00e9 de la salle"},"content":{"rendered":"<div id=\"fb-root\"><\/div>\n<p>La salle est d\u00e9j\u00e0 lou\u00e9e aux dates suivantes<\/p>\n<p>2018<\/p>\n<ul>\n<li>Du 03 au 05 ao\u00fbt 2018(r\u00e9server tentes)<\/li>\n<li>Dimanche 19 ao\u00fbt 2018(r\u00e9server tentes)<\/li>\n<li>Du 20 au 3 ao\u00fbt (travaux)<\/li>\n<li>Dimanche 23 septembre 2018<\/li>\n<li>Samedi 20 octobre 2018<\/li>\n<li>Dimanche 25 novembre 2018<\/li>\n<li>Samedi 1 d\u00e9cembre 2018<\/li>\n<li>Samedi 15 d\u00e9cembre 2018<\/li>\n<\/ul>\n","protected":false},"excerpt":{"rendered":"<p>La salle est d\u00e9j\u00e0 lou\u00e9e aux dates suivantes 2018 Du 03 au 05 ao\u00fbt 2018(r\u00e9server tentes) Dimanche 19 ao\u00fbt 2018(r\u00e9server tentes) Du 20 au 3 ao\u00fbt (travaux) Dimanche 23 septembre 2018 Samedi 20 octobre 2018 Dimanche 25 novembre 2018 Samedi 1 d\u00e9cembre 2018 Samedi 15 d\u00e9cembre 2018<\/p>\n","protected":false},"author":1,"featured_media":0,"parent":734,"menu_order":0,"comment_status":"open","ping_status":"open","template":"","meta":{"ngg_post_thumbnail":0,"footnotes":""},"class_list":["post-773","page","type-page","status-publish","hentry"],"post_mailing_queue_ids":[],"_links":{"self":[{"href":"https:\/\/www.prouvy.be\/index.php?rest_route=\/wp\/v2\/pages\/773","targetHints":{"allow":["GET"]}}],"collection":[{"href":"https:\/\/www.prouvy.be\/index.php?rest_route=\/wp\/v2\/pages"}],"about":[{"href":"https:\/\/www.prouvy.be\/index.php?rest_route=\/wp\/v2\/types\/page"}],"author":[{"embeddable":true,"href":"https:\/\/www.prouvy.be\/index.php?rest_route=\/wp\/v2\/users\/1"}],"replies":[{"embeddable":true,"href":"https:\/\/www.prouvy.be\/index.php?rest_route=%2Fwp%2Fv2%2Fcomments&post=773"}],"version-history":[{"count":33,"href":"https:\/\/www.prouvy.be\/index.php?rest_route=\/wp\/v2\/pages\/773\/revisions"}],"predecessor-version":[{"id":7162,"href":"https:\/\/www.prouvy.be\/index.php?rest_route=\/wp\/v2\/pages\/773\/revisions\/7162"}],"up":[{"embeddable":true,"href":"https:\/\/www.prouvy.be\/index.php?rest_route=\/wp\/v2\/pages\/734"}],"wp:attachment":[{"href":"https:\/\/www.prouvy.be\/index.php?rest_route=%2Fwp%2Fv2%2Fmedia&parent=773"}],"curies":[{"name":"wp","href":"https:\/\/api.w.org\/{rel}","templated":true}]}}