{"id":629,"date":"2014-09-01T00:47:18","date_gmt":"2014-08-31T22:47:18","guid":{"rendered":"http:\/\/new.prouvy.be\/?page_id=629"},"modified":"2014-09-01T00:48:34","modified_gmt":"2014-08-31T22:48:34","slug":"souper-des-hommes-2004","status":"publish","type":"page","link":"https:\/\/www.prouvy.be\/?page_id=629","title":{"rendered":"Souper des hommes 2004"},"content":{"rendered":"<div id=\"fb-root\"><\/div>\n<p style=\"color: #000000;\">Et oui! Cela s\u2019est pass\u00e9 dans les cuisines et la salle du village de Prouvy le 4 d\u00e9cembre 2004. Et cela risque de se reproduire.<\/p>\n<p style=\"color: #000000;\">Lisez plut\u00f4t ceci.<\/p>\n<p style=\"color: #000000;\">Une joyeuse bande masculine s\u2019est mise en t\u00eate de cuisiner toute la journ\u00e9e pour mitonner des petits plats afin de recevoir et servir les dames de Prouvy.<\/p>\n<p style=\"color: #000000;\">Auparavant, ceux-ci avaient choisi un menu, s\u00e9lectionn\u00e9 les vins, effectu\u00e9 les courses.<\/p>\n<p style=\"color: #000000;\">Ce n\u2019est pas sans mal qu\u2019ils ont r\u00e9alis\u00e9 cette prouesse car beaucoup d\u2019entre eux ne comprenaient m\u00eame pas le langage du Chef qui devait les guider toute la journ\u00e9e.<\/p>\n<p style=\"color: #000000;\">Mais la motivation et la d\u00e9termination les ont transcend\u00e9s. Ils ont fait preuve d\u2019un grand professionalisme qui les a men\u00e9 \u00e0 la r\u00e9ussite totale de la journ\u00e9e.<\/p>\n<p style=\"color: #000000;\">L\u2019exp\u00e9rience sera donc renouvel\u00e9e en d\u00e9cembre 2005.<\/p>\n<p style=\"color: red;\">Menu 2004:<\/p>\n<p style=\"color: red;\">Fra\u00eecheur pina colada<\/p>\n<p style=\"color: red;\">*****<\/p>\n<p style=\"color: red;\">Par lequel des 5 commencer?<\/p>\n<p style=\"color: red;\">(saumon, cuisses, foie, rillettes ou gaspacho?)<\/p>\n<p style=\"color: red;\">*****<\/p>\n<p style=\"color: red;\">Scampis p\u00e2tes fra\u00eeches maison<\/p>\n<p style=\"color: red;\">*****<\/p>\n<p style=\"color: red;\">Sorbet ananas basilic<\/p>\n<p style=\"color: red;\">*****<\/p>\n<p style=\"color: red;\">Tournedos de mulard farci aux l\u00e9gumes confits<\/p>\n<p style=\"color: red;\">Jus de gingembre<\/p>\n<p style=\"color: red;\">Bintje fourchette \u00e0 l\u2019huile d\u2019olive.<\/p>\n<p style=\"color: red;\">*****<\/p>\n<p style=\"color: red;\">Double chaud glac\u00e9 des Hommes.<\/p>\n<p style=\"color: red;\">*****<\/p>\n<p style=\"color: red;\">Caf\u00e9<\/p>\n<p style=\"color: red;\">*****<\/p>\n<p style=\"color: red;\">Mignardises<\/p>\n<p style=\"color: red;\">*****<\/p>\n<p style=\"color: red;\"><!-- index.php -->\n<div\n\tclass=\"ngg-galleryoverview\n\t ngg-ajax-pagination-none\t\"\n\tid=\"ngg-gallery-b86b08adcf23de7dc57c637347dd3d43-1\">\n\n\t\t<div class=\"slideshowlink\">\n\t\t<a href='https:\/\/www.prouvy.be\/index.php\/nggallery\/slideshow?page_id=629'>[Show slideshow]<\/a>\n\n\t<\/div>\n\t\t\t<!-- Thumbnails -->\n\t\t\t\t<div id=\"ngg-image-0\" class=\"ngg-gallery-thumbnail-box\"\n\t\t\t\t\t\t\t\t\t\t\t>\n\t\t\t\t\t\t<div class=\"ngg-gallery-thumbnail\">\n\t\t\t<a href=\"https:\/\/www.prouvy.be\/wp-content\/gallery\/souper-des-hommes-2004\/souper_h_2004_11.JPG\"\n\t\t\t\ttitle=\" \"\n\t\t\t\tdata-src=\"https:\/\/www.prouvy.be\/wp-content\/gallery\/souper-des-hommes-2004\/souper_h_2004_11.JPG\"\n\t\t\t\tdata-thumbnail=\"https:\/\/www.prouvy.be\/wp-content\/gallery\/souper-des-hommes-2004\/thumbs\/thumbs_souper_h_2004_11.JPG\"\n\t\t\t\tdata-image-id=\"140\"\n\t\t\t\tdata-title=\"souper_h_2004_11\"\n\t\t\t\tdata-description=\" \"\n\t\t\t\tdata-image-slug=\"souper_h_2004_11\"\n\t\t\t\tclass=\"ngg-fancybox\" rel=\"b86b08adcf23de7dc57c637347dd3d43\">\n\t\t\t\t<img\n\t\t\t\t\ttitle=\"souper_h_2004_11\"\n\t\t\t\t\talt=\"souper_h_2004_11\"\n\t\t\t\t\tsrc=\"https:\/\/www.prouvy.be\/wp-content\/gallery\/souper-des-hommes-2004\/thumbs\/thumbs_souper_h_2004_11.JPG\"\n\t\t\t\t\twidth=\"120\"\n\t\t\t\t\theight=\"90\"\n\t\t\t\t\tstyle=\"max-width:100%;\"\n\t\t\t\t\/>\n\t\t\t<\/a>\n\t\t<\/div>\n\t\t\t\t\t\t\t<\/div>\n\t\t\t\n\t\t\n\t\t\t\t<div id=\"ngg-image-1\" class=\"ngg-gallery-thumbnail-box\"\n\t\t\t\t\t\t\t\t\t\t\t>\n\t\t\t\t\t\t<div class=\"ngg-gallery-thumbnail\">\n\t\t\t<a href=\"https:\/\/www.prouvy.be\/wp-content\/gallery\/souper-des-hommes-2004\/souper_h_2004_25.JPG\"\n\t\t\t\ttitle=\" \"\n\t\t\t\tdata-src=\"https:\/\/www.prouvy.be\/wp-content\/gallery\/souper-des-hommes-2004\/souper_h_2004_25.JPG\"\n\t\t\t\tdata-thumbnail=\"https:\/\/www.prouvy.be\/wp-content\/gallery\/souper-des-hommes-2004\/thumbs\/thumbs_souper_h_2004_25.JPG\"\n\t\t\t\tdata-image-id=\"154\"\n\t\t\t\tdata-title=\"souper_h_2004_25\"\n\t\t\t\tdata-description=\" \"\n\t\t\t\tdata-image-slug=\"souper_h_2004_25\"\n\t\t\t\tclass=\"ngg-fancybox\" rel=\"b86b08adcf23de7dc57c637347dd3d43\">\n\t\t\t\t<img\n\t\t\t\t\ttitle=\"souper_h_2004_25\"\n\t\t\t\t\talt=\"souper_h_2004_25\"\n\t\t\t\t\tsrc=\"https:\/\/www.prouvy.be\/wp-content\/gallery\/souper-des-hommes-2004\/thumbs\/thumbs_souper_h_2004_25.JPG\"\n\t\t\t\t\twidth=\"120\"\n\t\t\t\t\theight=\"90\"\n\t\t\t\t\tstyle=\"max-width:100%;\"\n\t\t\t\t\/>\n\t\t\t<\/a>\n\t\t<\/div>\n\t\t\t\t\t\t\t<\/div>\n\t\t\t\n\t\t\n\t\t\t\t<div id=\"ngg-image-2\" class=\"ngg-gallery-thumbnail-box\"\n\t\t\t\t\t\t\t\t\t\t\t>\n\t\t\t\t\t\t<div class=\"ngg-gallery-thumbnail\">\n\t\t\t<a href=\"https:\/\/www.prouvy.be\/wp-content\/gallery\/souper-des-hommes-2004\/souper_h_2004_20.JPG\"\n\t\t\t\ttitle=\" \"\n\t\t\t\tdata-src=\"https:\/\/www.prouvy.be\/wp-content\/gallery\/souper-des-hommes-2004\/souper_h_2004_20.JPG\"\n\t\t\t\tdata-thumbnail=\"https:\/\/www.prouvy.be\/wp-content\/gallery\/souper-des-hommes-2004\/thumbs\/thumbs_souper_h_2004_20.JPG\"\n\t\t\t\tdata-image-id=\"149\"\n\t\t\t\tdata-title=\"souper_h_2004_20\"\n\t\t\t\tdata-description=\" \"\n\t\t\t\tdata-image-slug=\"souper_h_2004_20\"\n\t\t\t\tclass=\"ngg-fancybox\" rel=\"b86b08adcf23de7dc57c637347dd3d43\">\n\t\t\t\t<img\n\t\t\t\t\ttitle=\"souper_h_2004_20\"\n\t\t\t\t\talt=\"souper_h_2004_20\"\n\t\t\t\t\tsrc=\"https:\/\/www.prouvy.be\/wp-content\/gallery\/souper-des-hommes-2004\/thumbs\/thumbs_souper_h_2004_20.JPG\"\n\t\t\t\t\twidth=\"120\"\n\t\t\t\t\theight=\"90\"\n\t\t\t\t\tstyle=\"max-width:100%;\"\n\t\t\t\t\/>\n\t\t\t<\/a>\n\t\t<\/div>\n\t\t\t\t\t\t\t<\/div>\n\t\t\t\n\t\t\n\t\t\t\t<div id=\"ngg-image-3\" class=\"ngg-gallery-thumbnail-box\"\n\t\t\t\t\t\t\t\t\t\t\t>\n\t\t\t\t\t\t<div class=\"ngg-gallery-thumbnail\">\n\t\t\t<a href=\"https:\/\/www.prouvy.be\/wp-content\/gallery\/souper-des-hommes-2004\/souper_h_2004_19.JPG\"\n\t\t\t\ttitle=\" \"\n\t\t\t\tdata-src=\"https:\/\/www.prouvy.be\/wp-content\/gallery\/souper-des-hommes-2004\/souper_h_2004_19.JPG\"\n\t\t\t\tdata-thumbnail=\"https:\/\/www.prouvy.be\/wp-content\/gallery\/souper-des-hommes-2004\/thumbs\/thumbs_souper_h_2004_19.JPG\"\n\t\t\t\tdata-image-id=\"148\"\n\t\t\t\tdata-title=\"souper_h_2004_19\"\n\t\t\t\tdata-description=\" \"\n\t\t\t\tdata-image-slug=\"souper_h_2004_19\"\n\t\t\t\tclass=\"ngg-fancybox\" rel=\"b86b08adcf23de7dc57c637347dd3d43\">\n\t\t\t\t<img\n\t\t\t\t\ttitle=\"souper_h_2004_19\"\n\t\t\t\t\talt=\"souper_h_2004_19\"\n\t\t\t\t\tsrc=\"https:\/\/www.prouvy.be\/wp-content\/gallery\/souper-des-hommes-2004\/thumbs\/thumbs_souper_h_2004_19.JPG\"\n\t\t\t\t\twidth=\"120\"\n\t\t\t\t\theight=\"90\"\n\t\t\t\t\tstyle=\"max-width:100%;\"\n\t\t\t\t\/>\n\t\t\t<\/a>\n\t\t<\/div>\n\t\t\t\t\t\t\t<\/div>\n\t\t\t\n\t\t\n\t\t\t\t<div id=\"ngg-image-4\" class=\"ngg-gallery-thumbnail-box\"\n\t\t\t\t\t\t\t\t\t\t\t>\n\t\t\t\t\t\t<div class=\"ngg-gallery-thumbnail\">\n\t\t\t<a href=\"https:\/\/www.prouvy.be\/wp-content\/gallery\/souper-des-hommes-2004\/souper_h_2004_18.JPG\"\n\t\t\t\ttitle=\" \"\n\t\t\t\tdata-src=\"https:\/\/www.prouvy.be\/wp-content\/gallery\/souper-des-hommes-2004\/souper_h_2004_18.JPG\"\n\t\t\t\tdata-thumbnail=\"https:\/\/www.prouvy.be\/wp-content\/gallery\/souper-des-hommes-2004\/thumbs\/thumbs_souper_h_2004_18.JPG\"\n\t\t\t\tdata-image-id=\"147\"\n\t\t\t\tdata-title=\"souper_h_2004_18\"\n\t\t\t\tdata-description=\" \"\n\t\t\t\tdata-image-slug=\"souper_h_2004_18\"\n\t\t\t\tclass=\"ngg-fancybox\" rel=\"b86b08adcf23de7dc57c637347dd3d43\">\n\t\t\t\t<img\n\t\t\t\t\ttitle=\"souper_h_2004_18\"\n\t\t\t\t\talt=\"souper_h_2004_18\"\n\t\t\t\t\tsrc=\"https:\/\/www.prouvy.be\/wp-content\/gallery\/souper-des-hommes-2004\/thumbs\/thumbs_souper_h_2004_18.JPG\"\n\t\t\t\t\twidth=\"120\"\n\t\t\t\t\theight=\"90\"\n\t\t\t\t\tstyle=\"max-width:100%;\"\n\t\t\t\t\/>\n\t\t\t<\/a>\n\t\t<\/div>\n\t\t\t\t\t\t\t<\/div>\n\t\t\t\n\t\t\n\t\t\t\t<div id=\"ngg-image-5\" class=\"ngg-gallery-thumbnail-box\"\n\t\t\t\t\t\t\t\t\t\t\t>\n\t\t\t\t\t\t<div class=\"ngg-gallery-thumbnail\">\n\t\t\t<a href=\"https:\/\/www.prouvy.be\/wp-content\/gallery\/souper-des-hommes-2004\/souper_h_2004_17.JPG\"\n\t\t\t\ttitle=\" \"\n\t\t\t\tdata-src=\"https:\/\/www.prouvy.be\/wp-content\/gallery\/souper-des-hommes-2004\/souper_h_2004_17.JPG\"\n\t\t\t\tdata-thumbnail=\"https:\/\/www.prouvy.be\/wp-content\/gallery\/souper-des-hommes-2004\/thumbs\/thumbs_souper_h_2004_17.JPG\"\n\t\t\t\tdata-image-id=\"146\"\n\t\t\t\tdata-title=\"souper_h_2004_17\"\n\t\t\t\tdata-description=\" \"\n\t\t\t\tdata-image-slug=\"souper_h_2004_17\"\n\t\t\t\tclass=\"ngg-fancybox\" rel=\"b86b08adcf23de7dc57c637347dd3d43\">\n\t\t\t\t<img\n\t\t\t\t\ttitle=\"souper_h_2004_17\"\n\t\t\t\t\talt=\"souper_h_2004_17\"\n\t\t\t\t\tsrc=\"https:\/\/www.prouvy.be\/wp-content\/gallery\/souper-des-hommes-2004\/thumbs\/thumbs_souper_h_2004_17.JPG\"\n\t\t\t\t\twidth=\"120\"\n\t\t\t\t\theight=\"90\"\n\t\t\t\t\tstyle=\"max-width:100%;\"\n\t\t\t\t\/>\n\t\t\t<\/a>\n\t\t<\/div>\n\t\t\t\t\t\t\t<\/div>\n\t\t\t\n\t\t\n\t\t\t\t<div id=\"ngg-image-6\" class=\"ngg-gallery-thumbnail-box\"\n\t\t\t\t\t\t\t\t\t\t\t>\n\t\t\t\t\t\t<div class=\"ngg-gallery-thumbnail\">\n\t\t\t<a href=\"https:\/\/www.prouvy.be\/wp-content\/gallery\/souper-des-hommes-2004\/souper_h_2004_16.JPG\"\n\t\t\t\ttitle=\" \"\n\t\t\t\tdata-src=\"https:\/\/www.prouvy.be\/wp-content\/gallery\/souper-des-hommes-2004\/souper_h_2004_16.JPG\"\n\t\t\t\tdata-thumbnail=\"https:\/\/www.prouvy.be\/wp-content\/gallery\/souper-des-hommes-2004\/thumbs\/thumbs_souper_h_2004_16.JPG\"\n\t\t\t\tdata-image-id=\"145\"\n\t\t\t\tdata-title=\"souper_h_2004_16\"\n\t\t\t\tdata-description=\" \"\n\t\t\t\tdata-image-slug=\"souper_h_2004_16\"\n\t\t\t\tclass=\"ngg-fancybox\" rel=\"b86b08adcf23de7dc57c637347dd3d43\">\n\t\t\t\t<img\n\t\t\t\t\ttitle=\"souper_h_2004_16\"\n\t\t\t\t\talt=\"souper_h_2004_16\"\n\t\t\t\t\tsrc=\"https:\/\/www.prouvy.be\/wp-content\/gallery\/souper-des-hommes-2004\/thumbs\/thumbs_souper_h_2004_16.JPG\"\n\t\t\t\t\twidth=\"120\"\n\t\t\t\t\theight=\"90\"\n\t\t\t\t\tstyle=\"max-width:100%;\"\n\t\t\t\t\/>\n\t\t\t<\/a>\n\t\t<\/div>\n\t\t\t\t\t\t\t<\/div>\n\t\t\t\n\t\t\n\t\t\t\t<div id=\"ngg-image-7\" class=\"ngg-gallery-thumbnail-box\"\n\t\t\t\t\t\t\t\t\t\t\t>\n\t\t\t\t\t\t<div class=\"ngg-gallery-thumbnail\">\n\t\t\t<a href=\"https:\/\/www.prouvy.be\/wp-content\/gallery\/souper-des-hommes-2004\/souper_h_2004_15.JPG\"\n\t\t\t\ttitle=\" \"\n\t\t\t\tdata-src=\"https:\/\/www.prouvy.be\/wp-content\/gallery\/souper-des-hommes-2004\/souper_h_2004_15.JPG\"\n\t\t\t\tdata-thumbnail=\"https:\/\/www.prouvy.be\/wp-content\/gallery\/souper-des-hommes-2004\/thumbs\/thumbs_souper_h_2004_15.JPG\"\n\t\t\t\tdata-image-id=\"144\"\n\t\t\t\tdata-title=\"souper_h_2004_15\"\n\t\t\t\tdata-description=\" \"\n\t\t\t\tdata-image-slug=\"souper_h_2004_15\"\n\t\t\t\tclass=\"ngg-fancybox\" rel=\"b86b08adcf23de7dc57c637347dd3d43\">\n\t\t\t\t<img\n\t\t\t\t\ttitle=\"souper_h_2004_15\"\n\t\t\t\t\talt=\"souper_h_2004_15\"\n\t\t\t\t\tsrc=\"https:\/\/www.prouvy.be\/wp-content\/gallery\/souper-des-hommes-2004\/thumbs\/thumbs_souper_h_2004_15.JPG\"\n\t\t\t\t\twidth=\"120\"\n\t\t\t\t\theight=\"90\"\n\t\t\t\t\tstyle=\"max-width:100%;\"\n\t\t\t\t\/>\n\t\t\t<\/a>\n\t\t<\/div>\n\t\t\t\t\t\t\t<\/div>\n\t\t\t\n\t\t\n\t\t\t\t<div id=\"ngg-image-8\" class=\"ngg-gallery-thumbnail-box\"\n\t\t\t\t\t\t\t\t\t\t\t>\n\t\t\t\t\t\t<div class=\"ngg-gallery-thumbnail\">\n\t\t\t<a href=\"https:\/\/www.prouvy.be\/wp-content\/gallery\/souper-des-hommes-2004\/souper_h_2004_23.JPG\"\n\t\t\t\ttitle=\" \"\n\t\t\t\tdata-src=\"https:\/\/www.prouvy.be\/wp-content\/gallery\/souper-des-hommes-2004\/souper_h_2004_23.JPG\"\n\t\t\t\tdata-thumbnail=\"https:\/\/www.prouvy.be\/wp-content\/gallery\/souper-des-hommes-2004\/thumbs\/thumbs_souper_h_2004_23.JPG\"\n\t\t\t\tdata-image-id=\"152\"\n\t\t\t\tdata-title=\"souper_h_2004_23\"\n\t\t\t\tdata-description=\" \"\n\t\t\t\tdata-image-slug=\"souper_h_2004_23\"\n\t\t\t\tclass=\"ngg-fancybox\" rel=\"b86b08adcf23de7dc57c637347dd3d43\">\n\t\t\t\t<img\n\t\t\t\t\ttitle=\"souper_h_2004_23\"\n\t\t\t\t\talt=\"souper_h_2004_23\"\n\t\t\t\t\tsrc=\"https:\/\/www.prouvy.be\/wp-content\/gallery\/souper-des-hommes-2004\/thumbs\/thumbs_souper_h_2004_23.JPG\"\n\t\t\t\t\twidth=\"120\"\n\t\t\t\t\theight=\"90\"\n\t\t\t\t\tstyle=\"max-width:100%;\"\n\t\t\t\t\/>\n\t\t\t<\/a>\n\t\t<\/div>\n\t\t\t\t\t\t\t<\/div>\n\t\t\t\n\t\t\n\t\t\t\t<div id=\"ngg-image-9\" class=\"ngg-gallery-thumbnail-box\"\n\t\t\t\t\t\t\t\t\t\t\t>\n\t\t\t\t\t\t<div class=\"ngg-gallery-thumbnail\">\n\t\t\t<a href=\"https:\/\/www.prouvy.be\/wp-content\/gallery\/souper-des-hommes-2004\/souper_h_2004_13.JPG\"\n\t\t\t\ttitle=\" \"\n\t\t\t\tdata-src=\"https:\/\/www.prouvy.be\/wp-content\/gallery\/souper-des-hommes-2004\/souper_h_2004_13.JPG\"\n\t\t\t\tdata-thumbnail=\"https:\/\/www.prouvy.be\/wp-content\/gallery\/souper-des-hommes-2004\/thumbs\/thumbs_souper_h_2004_13.JPG\"\n\t\t\t\tdata-image-id=\"142\"\n\t\t\t\tdata-title=\"souper_h_2004_13\"\n\t\t\t\tdata-description=\" \"\n\t\t\t\tdata-image-slug=\"souper_h_2004_13\"\n\t\t\t\tclass=\"ngg-fancybox\" rel=\"b86b08adcf23de7dc57c637347dd3d43\">\n\t\t\t\t<img\n\t\t\t\t\ttitle=\"souper_h_2004_13\"\n\t\t\t\t\talt=\"souper_h_2004_13\"\n\t\t\t\t\tsrc=\"https:\/\/www.prouvy.be\/wp-content\/gallery\/souper-des-hommes-2004\/thumbs\/thumbs_souper_h_2004_13.JPG\"\n\t\t\t\t\twidth=\"120\"\n\t\t\t\t\theight=\"90\"\n\t\t\t\t\tstyle=\"max-width:100%;\"\n\t\t\t\t\/>\n\t\t\t<\/a>\n\t\t<\/div>\n\t\t\t\t\t\t\t<\/div>\n\t\t\t\n\t\t\n\t\t\t\t<div id=\"ngg-image-10\" class=\"ngg-gallery-thumbnail-box\"\n\t\t\t\t\t\t\t\t\t\t\t>\n\t\t\t\t\t\t<div class=\"ngg-gallery-thumbnail\">\n\t\t\t<a href=\"https:\/\/www.prouvy.be\/wp-content\/gallery\/souper-des-hommes-2004\/souper_h_2004_12.JPG\"\n\t\t\t\ttitle=\" \"\n\t\t\t\tdata-src=\"https:\/\/www.prouvy.be\/wp-content\/gallery\/souper-des-hommes-2004\/souper_h_2004_12.JPG\"\n\t\t\t\tdata-thumbnail=\"https:\/\/www.prouvy.be\/wp-content\/gallery\/souper-des-hommes-2004\/thumbs\/thumbs_souper_h_2004_12.JPG\"\n\t\t\t\tdata-image-id=\"141\"\n\t\t\t\tdata-title=\"souper_h_2004_12\"\n\t\t\t\tdata-description=\" \"\n\t\t\t\tdata-image-slug=\"souper_h_2004_12\"\n\t\t\t\tclass=\"ngg-fancybox\" rel=\"b86b08adcf23de7dc57c637347dd3d43\">\n\t\t\t\t<img\n\t\t\t\t\ttitle=\"souper_h_2004_12\"\n\t\t\t\t\talt=\"souper_h_2004_12\"\n\t\t\t\t\tsrc=\"https:\/\/www.prouvy.be\/wp-content\/gallery\/souper-des-hommes-2004\/thumbs\/thumbs_souper_h_2004_12.JPG\"\n\t\t\t\t\twidth=\"120\"\n\t\t\t\t\theight=\"90\"\n\t\t\t\t\tstyle=\"max-width:100%;\"\n\t\t\t\t\/>\n\t\t\t<\/a>\n\t\t<\/div>\n\t\t\t\t\t\t\t<\/div>\n\t\t\t\n\t\t\n\t\t\t\t<div id=\"ngg-image-11\" class=\"ngg-gallery-thumbnail-box\"\n\t\t\t\t\t\t\t\t\t\t\t>\n\t\t\t\t\t\t<div class=\"ngg-gallery-thumbnail\">\n\t\t\t<a href=\"https:\/\/www.prouvy.be\/wp-content\/gallery\/souper-des-hommes-2004\/souper_h_2004_01.JPG\"\n\t\t\t\ttitle=\"\"\n\t\t\t\tdata-src=\"https:\/\/www.prouvy.be\/wp-content\/gallery\/souper-des-hommes-2004\/souper_h_2004_01.JPG\"\n\t\t\t\tdata-thumbnail=\"https:\/\/www.prouvy.be\/wp-content\/gallery\/souper-des-hommes-2004\/thumbs\/thumbs_souper_h_2004_01.JPG\"\n\t\t\t\tdata-image-id=\"130\"\n\t\t\t\tdata-title=\"souper_h_2004_01\"\n\t\t\t\tdata-description=\"\"\n\t\t\t\tdata-image-slug=\"souper_h_2004_01\"\n\t\t\t\tclass=\"ngg-fancybox\" rel=\"b86b08adcf23de7dc57c637347dd3d43\">\n\t\t\t\t<img\n\t\t\t\t\ttitle=\"souper_h_2004_01\"\n\t\t\t\t\talt=\"souper_h_2004_01\"\n\t\t\t\t\tsrc=\"https:\/\/www.prouvy.be\/wp-content\/gallery\/souper-des-hommes-2004\/thumbs\/thumbs_souper_h_2004_01.JPG\"\n\t\t\t\t\twidth=\"120\"\n\t\t\t\t\theight=\"90\"\n\t\t\t\t\tstyle=\"max-width:100%;\"\n\t\t\t\t\/>\n\t\t\t<\/a>\n\t\t<\/div>\n\t\t\t\t\t\t\t<\/div>\n\t\t\t\n\t\t\n\t\t\t\t<div id=\"ngg-image-12\" class=\"ngg-gallery-thumbnail-box\"\n\t\t\t\t\t\t\t\t\t\t\t>\n\t\t\t\t\t\t<div class=\"ngg-gallery-thumbnail\">\n\t\t\t<a href=\"https:\/\/www.prouvy.be\/wp-content\/gallery\/souper-des-hommes-2004\/souper_h_2004_10.JPG\"\n\t\t\t\ttitle=\" \"\n\t\t\t\tdata-src=\"https:\/\/www.prouvy.be\/wp-content\/gallery\/souper-des-hommes-2004\/souper_h_2004_10.JPG\"\n\t\t\t\tdata-thumbnail=\"https:\/\/www.prouvy.be\/wp-content\/gallery\/souper-des-hommes-2004\/thumbs\/thumbs_souper_h_2004_10.JPG\"\n\t\t\t\tdata-image-id=\"139\"\n\t\t\t\tdata-title=\"souper_h_2004_10\"\n\t\t\t\tdata-description=\" \"\n\t\t\t\tdata-image-slug=\"souper_h_2004_10\"\n\t\t\t\tclass=\"ngg-fancybox\" rel=\"b86b08adcf23de7dc57c637347dd3d43\">\n\t\t\t\t<img\n\t\t\t\t\ttitle=\"souper_h_2004_10\"\n\t\t\t\t\talt=\"souper_h_2004_10\"\n\t\t\t\t\tsrc=\"https:\/\/www.prouvy.be\/wp-content\/gallery\/souper-des-hommes-2004\/thumbs\/thumbs_souper_h_2004_10.JPG\"\n\t\t\t\t\twidth=\"120\"\n\t\t\t\t\theight=\"90\"\n\t\t\t\t\tstyle=\"max-width:100%;\"\n\t\t\t\t\/>\n\t\t\t<\/a>\n\t\t<\/div>\n\t\t\t\t\t\t\t<\/div>\n\t\t\t\n\t\t\n\t\t\t\t<div id=\"ngg-image-13\" class=\"ngg-gallery-thumbnail-box\"\n\t\t\t\t\t\t\t\t\t\t\t>\n\t\t\t\t\t\t<div class=\"ngg-gallery-thumbnail\">\n\t\t\t<a href=\"https:\/\/www.prouvy.be\/wp-content\/gallery\/souper-des-hommes-2004\/souper_h_2004_09.JPG\"\n\t\t\t\ttitle=\" \"\n\t\t\t\tdata-src=\"https:\/\/www.prouvy.be\/wp-content\/gallery\/souper-des-hommes-2004\/souper_h_2004_09.JPG\"\n\t\t\t\tdata-thumbnail=\"https:\/\/www.prouvy.be\/wp-content\/gallery\/souper-des-hommes-2004\/thumbs\/thumbs_souper_h_2004_09.JPG\"\n\t\t\t\tdata-image-id=\"138\"\n\t\t\t\tdata-title=\"souper_h_2004_09\"\n\t\t\t\tdata-description=\" \"\n\t\t\t\tdata-image-slug=\"souper_h_2004_09\"\n\t\t\t\tclass=\"ngg-fancybox\" rel=\"b86b08adcf23de7dc57c637347dd3d43\">\n\t\t\t\t<img\n\t\t\t\t\ttitle=\"souper_h_2004_09\"\n\t\t\t\t\talt=\"souper_h_2004_09\"\n\t\t\t\t\tsrc=\"https:\/\/www.prouvy.be\/wp-content\/gallery\/souper-des-hommes-2004\/thumbs\/thumbs_souper_h_2004_09.JPG\"\n\t\t\t\t\twidth=\"120\"\n\t\t\t\t\theight=\"90\"\n\t\t\t\t\tstyle=\"max-width:100%;\"\n\t\t\t\t\/>\n\t\t\t<\/a>\n\t\t<\/div>\n\t\t\t\t\t\t\t<\/div>\n\t\t\t\n\t\t\n\t\t\t\t<div id=\"ngg-image-14\" class=\"ngg-gallery-thumbnail-box\"\n\t\t\t\t\t\t\t\t\t\t\t>\n\t\t\t\t\t\t<div class=\"ngg-gallery-thumbnail\">\n\t\t\t<a href=\"https:\/\/www.prouvy.be\/wp-content\/gallery\/souper-des-hommes-2004\/souper_h_2004_08.JPG\"\n\t\t\t\ttitle=\" \"\n\t\t\t\tdata-src=\"https:\/\/www.prouvy.be\/wp-content\/gallery\/souper-des-hommes-2004\/souper_h_2004_08.JPG\"\n\t\t\t\tdata-thumbnail=\"https:\/\/www.prouvy.be\/wp-content\/gallery\/souper-des-hommes-2004\/thumbs\/thumbs_souper_h_2004_08.JPG\"\n\t\t\t\tdata-image-id=\"137\"\n\t\t\t\tdata-title=\"souper_h_2004_08\"\n\t\t\t\tdata-description=\" \"\n\t\t\t\tdata-image-slug=\"souper_h_2004_08\"\n\t\t\t\tclass=\"ngg-fancybox\" rel=\"b86b08adcf23de7dc57c637347dd3d43\">\n\t\t\t\t<img\n\t\t\t\t\ttitle=\"souper_h_2004_08\"\n\t\t\t\t\talt=\"souper_h_2004_08\"\n\t\t\t\t\tsrc=\"https:\/\/www.prouvy.be\/wp-content\/gallery\/souper-des-hommes-2004\/thumbs\/thumbs_souper_h_2004_08.JPG\"\n\t\t\t\t\twidth=\"120\"\n\t\t\t\t\theight=\"90\"\n\t\t\t\t\tstyle=\"max-width:100%;\"\n\t\t\t\t\/>\n\t\t\t<\/a>\n\t\t<\/div>\n\t\t\t\t\t\t\t<\/div>\n\t\t\t\n\t\t\n\t\t\t\t<div id=\"ngg-image-15\" class=\"ngg-gallery-thumbnail-box\"\n\t\t\t\t\t\t\t\t\t\t\t>\n\t\t\t\t\t\t<div class=\"ngg-gallery-thumbnail\">\n\t\t\t<a href=\"https:\/\/www.prouvy.be\/wp-content\/gallery\/souper-des-hommes-2004\/souper_h_2004_07.JPG\"\n\t\t\t\ttitle=\" \"\n\t\t\t\tdata-src=\"https:\/\/www.prouvy.be\/wp-content\/gallery\/souper-des-hommes-2004\/souper_h_2004_07.JPG\"\n\t\t\t\tdata-thumbnail=\"https:\/\/www.prouvy.be\/wp-content\/gallery\/souper-des-hommes-2004\/thumbs\/thumbs_souper_h_2004_07.JPG\"\n\t\t\t\tdata-image-id=\"136\"\n\t\t\t\tdata-title=\"souper_h_2004_07\"\n\t\t\t\tdata-description=\" \"\n\t\t\t\tdata-image-slug=\"souper_h_2004_07\"\n\t\t\t\tclass=\"ngg-fancybox\" rel=\"b86b08adcf23de7dc57c637347dd3d43\">\n\t\t\t\t<img\n\t\t\t\t\ttitle=\"souper_h_2004_07\"\n\t\t\t\t\talt=\"souper_h_2004_07\"\n\t\t\t\t\tsrc=\"https:\/\/www.prouvy.be\/wp-content\/gallery\/souper-des-hommes-2004\/thumbs\/thumbs_souper_h_2004_07.JPG\"\n\t\t\t\t\twidth=\"120\"\n\t\t\t\t\theight=\"90\"\n\t\t\t\t\tstyle=\"max-width:100%;\"\n\t\t\t\t\/>\n\t\t\t<\/a>\n\t\t<\/div>\n\t\t\t\t\t\t\t<\/div>\n\t\t\t\n\t\t\n\t\t\t\t<div id=\"ngg-image-16\" class=\"ngg-gallery-thumbnail-box\"\n\t\t\t\t\t\t\t\t\t\t\t>\n\t\t\t\t\t\t<div class=\"ngg-gallery-thumbnail\">\n\t\t\t<a href=\"https:\/\/www.prouvy.be\/wp-content\/gallery\/souper-des-hommes-2004\/souper_h_2004_24.JPG\"\n\t\t\t\ttitle=\" \"\n\t\t\t\tdata-src=\"https:\/\/www.prouvy.be\/wp-content\/gallery\/souper-des-hommes-2004\/souper_h_2004_24.JPG\"\n\t\t\t\tdata-thumbnail=\"https:\/\/www.prouvy.be\/wp-content\/gallery\/souper-des-hommes-2004\/thumbs\/thumbs_souper_h_2004_24.JPG\"\n\t\t\t\tdata-image-id=\"153\"\n\t\t\t\tdata-title=\"souper_h_2004_24\"\n\t\t\t\tdata-description=\" \"\n\t\t\t\tdata-image-slug=\"souper_h_2004_24\"\n\t\t\t\tclass=\"ngg-fancybox\" rel=\"b86b08adcf23de7dc57c637347dd3d43\">\n\t\t\t\t<img\n\t\t\t\t\ttitle=\"souper_h_2004_24\"\n\t\t\t\t\talt=\"souper_h_2004_24\"\n\t\t\t\t\tsrc=\"https:\/\/www.prouvy.be\/wp-content\/gallery\/souper-des-hommes-2004\/thumbs\/thumbs_souper_h_2004_24.JPG\"\n\t\t\t\t\twidth=\"120\"\n\t\t\t\t\theight=\"90\"\n\t\t\t\t\tstyle=\"max-width:100%;\"\n\t\t\t\t\/>\n\t\t\t<\/a>\n\t\t<\/div>\n\t\t\t\t\t\t\t<\/div>\n\t\t\t\n\t\t\n\t\t\t\t<div id=\"ngg-image-17\" class=\"ngg-gallery-thumbnail-box\"\n\t\t\t\t\t\t\t\t\t\t\t>\n\t\t\t\t\t\t<div class=\"ngg-gallery-thumbnail\">\n\t\t\t<a href=\"https:\/\/www.prouvy.be\/wp-content\/gallery\/souper-des-hommes-2004\/souper_h_2004_05.JPG\"\n\t\t\t\ttitle=\" \"\n\t\t\t\tdata-src=\"https:\/\/www.prouvy.be\/wp-content\/gallery\/souper-des-hommes-2004\/souper_h_2004_05.JPG\"\n\t\t\t\tdata-thumbnail=\"https:\/\/www.prouvy.be\/wp-content\/gallery\/souper-des-hommes-2004\/thumbs\/thumbs_souper_h_2004_05.JPG\"\n\t\t\t\tdata-image-id=\"134\"\n\t\t\t\tdata-title=\"souper_h_2004_05\"\n\t\t\t\tdata-description=\" \"\n\t\t\t\tdata-image-slug=\"souper_h_2004_05\"\n\t\t\t\tclass=\"ngg-fancybox\" rel=\"b86b08adcf23de7dc57c637347dd3d43\">\n\t\t\t\t<img\n\t\t\t\t\ttitle=\"souper_h_2004_05\"\n\t\t\t\t\talt=\"souper_h_2004_05\"\n\t\t\t\t\tsrc=\"https:\/\/www.prouvy.be\/wp-content\/gallery\/souper-des-hommes-2004\/thumbs\/thumbs_souper_h_2004_05.JPG\"\n\t\t\t\t\twidth=\"120\"\n\t\t\t\t\theight=\"90\"\n\t\t\t\t\tstyle=\"max-width:100%;\"\n\t\t\t\t\/>\n\t\t\t<\/a>\n\t\t<\/div>\n\t\t\t\t\t\t\t<\/div>\n\t\t\t\n\t\t\n\t\t\t\t<div id=\"ngg-image-18\" class=\"ngg-gallery-thumbnail-box\"\n\t\t\t\t\t\t\t\t\t\t\t>\n\t\t\t\t\t\t<div class=\"ngg-gallery-thumbnail\">\n\t\t\t<a href=\"https:\/\/www.prouvy.be\/wp-content\/gallery\/souper-des-hommes-2004\/souper_h_2004_04.JPG\"\n\t\t\t\ttitle=\" \"\n\t\t\t\tdata-src=\"https:\/\/www.prouvy.be\/wp-content\/gallery\/souper-des-hommes-2004\/souper_h_2004_04.JPG\"\n\t\t\t\tdata-thumbnail=\"https:\/\/www.prouvy.be\/wp-content\/gallery\/souper-des-hommes-2004\/thumbs\/thumbs_souper_h_2004_04.JPG\"\n\t\t\t\tdata-image-id=\"133\"\n\t\t\t\tdata-title=\"souper_h_2004_04\"\n\t\t\t\tdata-description=\" \"\n\t\t\t\tdata-image-slug=\"souper_h_2004_04\"\n\t\t\t\tclass=\"ngg-fancybox\" rel=\"b86b08adcf23de7dc57c637347dd3d43\">\n\t\t\t\t<img\n\t\t\t\t\ttitle=\"souper_h_2004_04\"\n\t\t\t\t\talt=\"souper_h_2004_04\"\n\t\t\t\t\tsrc=\"https:\/\/www.prouvy.be\/wp-content\/gallery\/souper-des-hommes-2004\/thumbs\/thumbs_souper_h_2004_04.JPG\"\n\t\t\t\t\twidth=\"120\"\n\t\t\t\t\theight=\"90\"\n\t\t\t\t\tstyle=\"max-width:100%;\"\n\t\t\t\t\/>\n\t\t\t<\/a>\n\t\t<\/div>\n\t\t\t\t\t\t\t<\/div>\n\t\t\t\n\t\t\n\t\t\t\t<div id=\"ngg-image-19\" class=\"ngg-gallery-thumbnail-box\"\n\t\t\t\t\t\t\t\t\t\t\t>\n\t\t\t\t\t\t<div class=\"ngg-gallery-thumbnail\">\n\t\t\t<a href=\"https:\/\/www.prouvy.be\/wp-content\/gallery\/souper-des-hommes-2004\/souper_h_2004_03.JPG\"\n\t\t\t\ttitle=\" \"\n\t\t\t\tdata-src=\"https:\/\/www.prouvy.be\/wp-content\/gallery\/souper-des-hommes-2004\/souper_h_2004_03.JPG\"\n\t\t\t\tdata-thumbnail=\"https:\/\/www.prouvy.be\/wp-content\/gallery\/souper-des-hommes-2004\/thumbs\/thumbs_souper_h_2004_03.JPG\"\n\t\t\t\tdata-image-id=\"132\"\n\t\t\t\tdata-title=\"souper_h_2004_03\"\n\t\t\t\tdata-description=\" \"\n\t\t\t\tdata-image-slug=\"souper_h_2004_03\"\n\t\t\t\tclass=\"ngg-fancybox\" rel=\"b86b08adcf23de7dc57c637347dd3d43\">\n\t\t\t\t<img\n\t\t\t\t\ttitle=\"souper_h_2004_03\"\n\t\t\t\t\talt=\"souper_h_2004_03\"\n\t\t\t\t\tsrc=\"https:\/\/www.prouvy.be\/wp-content\/gallery\/souper-des-hommes-2004\/thumbs\/thumbs_souper_h_2004_03.JPG\"\n\t\t\t\t\twidth=\"120\"\n\t\t\t\t\theight=\"90\"\n\t\t\t\t\tstyle=\"max-width:100%;\"\n\t\t\t\t\/>\n\t\t\t<\/a>\n\t\t<\/div>\n\t\t\t\t\t\t\t<\/div>\n\t\t\t\n\t\t\n\t\t\n\t\t<!-- Pagination -->\n\t\t<div class='ngg-navigation'><span class='current'>1<\/span>\n<a class='page-numbers' data-pageid='2' href='https:\/\/www.prouvy.be\/index.php\/nggallery\/page\/2?page_id=629'>2<\/a>\n<a class='prev' href='https:\/\/www.prouvy.be\/index.php\/nggallery\/page\/2?page_id=629' data-pageid=2>&#9658;<\/a><\/div>\t<\/div>\n<\/p>\n","protected":false},"excerpt":{"rendered":"<p>Et oui! Cela s\u2019est pass\u00e9 dans les cuisines et la salle du village de Prouvy le 4 d\u00e9cembre 2004. Et cela risque de se reproduire. Lisez plut\u00f4t ceci. Une joyeuse bande masculine s\u2019est mise en t\u00eate de cuisiner toute la journ\u00e9e pour mitonner des petits plats afin de recevoir et servir les dames de Prouvy. &hellip; <a href=\"https:\/\/www.prouvy.be\/?page_id=629\" class=\"more-link\">Continuer la lecture de <span class=\"screen-reader-text\">Souper des hommes 2004<\/span>  <span class=\"meta-nav\">&rarr;<\/span><\/a><\/p>\n","protected":false},"author":1,"featured_media":683,"parent":366,"menu_order":0,"comment_status":"open","ping_status":"open","template":"","meta":{"ngg_post_thumbnail":0,"footnotes":""},"class_list":["post-629","page","type-page","status-publish","has-post-thumbnail","hentry"],"post_mailing_queue_ids":[],"_links":{"self":[{"href":"https:\/\/www.prouvy.be\/index.php?rest_route=\/wp\/v2\/pages\/629","targetHints":{"allow":["GET"]}}],"collection":[{"href":"https:\/\/www.prouvy.be\/index.php?rest_route=\/wp\/v2\/pages"}],"about":[{"href":"https:\/\/www.prouvy.be\/index.php?rest_route=\/wp\/v2\/types\/page"}],"author":[{"embeddable":true,"href":"https:\/\/www.prouvy.be\/index.php?rest_route=\/wp\/v2\/users\/1"}],"replies":[{"embeddable":true,"href":"https:\/\/www.prouvy.be\/index.php?rest_route=%2Fwp%2Fv2%2Fcomments&post=629"}],"version-history":[{"count":2,"href":"https:\/\/www.prouvy.be\/index.php?rest_route=\/wp\/v2\/pages\/629\/revisions"}],"predecessor-version":[{"id":687,"href":"https:\/\/www.prouvy.be\/index.php?rest_route=\/wp\/v2\/pages\/629\/revisions\/687"}],"up":[{"embeddable":true,"href":"https:\/\/www.prouvy.be\/index.php?rest_route=\/wp\/v2\/pages\/366"}],"wp:featuredmedia":[{"embeddable":true,"href":"https:\/\/www.prouvy.be\/index.php?rest_route=\/wp\/v2\/media\/683"}],"wp:attachment":[{"href":"https:\/\/www.prouvy.be\/index.php?rest_route=%2Fwp%2Fv2%2Fmedia&parent=629"}],"curies":[{"name":"wp","href":"https:\/\/api.w.org\/{rel}","templated":true}]}}