{"id":604,"date":"2014-09-01T00:42:43","date_gmt":"2014-08-31T22:42:43","guid":{"rendered":"http:\/\/new.prouvy.be\/?page_id=604"},"modified":"2014-09-01T00:42:43","modified_gmt":"2014-08-31T22:42:43","slug":"saint-nicolas-2004","status":"publish","type":"page","link":"https:\/\/www.prouvy.be\/?page_id=604","title":{"rendered":"Saint-Nicolas 2004"},"content":{"rendered":"<div id=\"fb-root\"><\/div>\n<p><span style=\"color: #000000;\">Si Saint Nicolas racontait tous ses voyages, peut-\u00e9tre se souviendrait-il de sa venue \u00e0 Prouvy?<\/span><br style=\"color: #000000;\" \/><span style=\"color: #000000;\">C\u2019est conduit en charrette qu\u2019il fit le tour du village accompagn\u00e9 du P\u00e9re Fouettard!<\/span><br style=\"color: #000000;\" \/><span style=\"color: #000000;\">Tous les petits Provon\u00e7ois \u00e9taient l\u00e0 pour les accueillir, les yeux brillants d\u2019excitation.\u00a0<\/span><br style=\"color: #000000;\" \/><span style=\"color: #000000;\">Encore une journ\u00e9e privil\u00e9gi\u00e9e avec joie et bonne humeur pour petits et grands qui assist\u00e8rent \u00e0 un spectacle de clown \u00e0 la Chaumi\u00e8re.<\/span><br style=\"color: #000000;\" \/><span style=\"color: #000000;\">Distribution des cadeaux et photos de nos chers enfants admiratifs au c\u00f4t\u00e9 du grand Saint.<\/span><br style=\"color: #000000;\" \/><span style=\"color: #000000;\">Bref! Une apr\u00e8s-midi bien plaisante!<\/span><br style=\"color: #000000;\" \/><span style=\"color: #000000;\">Rendez-vous \u00e0 l\u2019ann\u00e9e prochaine!<\/span><\/p>\n<p><!-- index.php -->\n<div\n\tclass=\"ngg-galleryoverview\n\t ngg-ajax-pagination-none\t\"\n\tid=\"ngg-gallery-fe600cf6d9211aa01f996d561916c4d3-1\">\n\n\t\t<div class=\"slideshowlink\">\n\t\t<a href='https:\/\/www.prouvy.be\/index.php\/nggallery\/slideshow?page_id=604'>[Show slideshow]<\/a>\n\n\t<\/div>\n\t\t\t<!-- Thumbnails -->\n\t\t\t\t<div id=\"ngg-image-0\" class=\"ngg-gallery-thumbnail-box\"\n\t\t\t\t\t\t\t\t\t\t\t>\n\t\t\t\t\t\t<div class=\"ngg-gallery-thumbnail\">\n\t\t\t<a href=\"https:\/\/www.prouvy.be\/wp-content\/gallery\/saint-nicolas-2004\/Groupe_StNicolas_2004.jpg\"\n\t\t\t\ttitle=\"\"\n\t\t\t\tdata-src=\"https:\/\/www.prouvy.be\/wp-content\/gallery\/saint-nicolas-2004\/Groupe_StNicolas_2004.jpg\"\n\t\t\t\tdata-thumbnail=\"https:\/\/www.prouvy.be\/wp-content\/gallery\/saint-nicolas-2004\/thumbs\/thumbs_Groupe_StNicolas_2004.jpg\"\n\t\t\t\tdata-image-id=\"121\"\n\t\t\t\tdata-title=\"Groupe_StNicolas_2004\"\n\t\t\t\tdata-description=\"\"\n\t\t\t\tdata-image-slug=\"groupe_stnicolas_2004\"\n\t\t\t\tclass=\"ngg-fancybox\" rel=\"fe600cf6d9211aa01f996d561916c4d3\">\n\t\t\t\t<img\n\t\t\t\t\ttitle=\"Groupe_StNicolas_2004\"\n\t\t\t\t\talt=\"Groupe_StNicolas_2004\"\n\t\t\t\t\tsrc=\"https:\/\/www.prouvy.be\/wp-content\/gallery\/saint-nicolas-2004\/thumbs\/thumbs_Groupe_StNicolas_2004.jpg\"\n\t\t\t\t\twidth=\"120\"\n\t\t\t\t\theight=\"90\"\n\t\t\t\t\tstyle=\"max-width:100%;\"\n\t\t\t\t\/>\n\t\t\t<\/a>\n\t\t<\/div>\n\t\t\t\t\t\t\t<\/div>\n\t\t\t\n\t\t\n\t\t\t\t<div id=\"ngg-image-1\" class=\"ngg-gallery-thumbnail-box\"\n\t\t\t\t\t\t\t\t\t\t\t>\n\t\t\t\t\t\t<div class=\"ngg-gallery-thumbnail\">\n\t\t\t<a href=\"https:\/\/www.prouvy.be\/wp-content\/gallery\/saint-nicolas-2004\/StNicolas_2004_01.jpg\"\n\t\t\t\ttitle=\" \"\n\t\t\t\tdata-src=\"https:\/\/www.prouvy.be\/wp-content\/gallery\/saint-nicolas-2004\/StNicolas_2004_01.jpg\"\n\t\t\t\tdata-thumbnail=\"https:\/\/www.prouvy.be\/wp-content\/gallery\/saint-nicolas-2004\/thumbs\/thumbs_StNicolas_2004_01.jpg\"\n\t\t\t\tdata-image-id=\"122\"\n\t\t\t\tdata-title=\"StNicolas_2004_01\"\n\t\t\t\tdata-description=\" \"\n\t\t\t\tdata-image-slug=\"stnicolas_2004_01\"\n\t\t\t\tclass=\"ngg-fancybox\" rel=\"fe600cf6d9211aa01f996d561916c4d3\">\n\t\t\t\t<img\n\t\t\t\t\ttitle=\"StNicolas_2004_01\"\n\t\t\t\t\talt=\"StNicolas_2004_01\"\n\t\t\t\t\tsrc=\"https:\/\/www.prouvy.be\/wp-content\/gallery\/saint-nicolas-2004\/thumbs\/thumbs_StNicolas_2004_01.jpg\"\n\t\t\t\t\twidth=\"120\"\n\t\t\t\t\theight=\"90\"\n\t\t\t\t\tstyle=\"max-width:100%;\"\n\t\t\t\t\/>\n\t\t\t<\/a>\n\t\t<\/div>\n\t\t\t\t\t\t\t<\/div>\n\t\t\t\n\t\t\n\t\t\t\t<div id=\"ngg-image-2\" class=\"ngg-gallery-thumbnail-box\"\n\t\t\t\t\t\t\t\t\t\t\t>\n\t\t\t\t\t\t<div class=\"ngg-gallery-thumbnail\">\n\t\t\t<a href=\"https:\/\/www.prouvy.be\/wp-content\/gallery\/saint-nicolas-2004\/StNicolas_2004_02.jpg\"\n\t\t\t\ttitle=\" \"\n\t\t\t\tdata-src=\"https:\/\/www.prouvy.be\/wp-content\/gallery\/saint-nicolas-2004\/StNicolas_2004_02.jpg\"\n\t\t\t\tdata-thumbnail=\"https:\/\/www.prouvy.be\/wp-content\/gallery\/saint-nicolas-2004\/thumbs\/thumbs_StNicolas_2004_02.jpg\"\n\t\t\t\tdata-image-id=\"123\"\n\t\t\t\tdata-title=\"StNicolas_2004_02\"\n\t\t\t\tdata-description=\" \"\n\t\t\t\tdata-image-slug=\"stnicolas_2004_02\"\n\t\t\t\tclass=\"ngg-fancybox\" rel=\"fe600cf6d9211aa01f996d561916c4d3\">\n\t\t\t\t<img\n\t\t\t\t\ttitle=\"StNicolas_2004_02\"\n\t\t\t\t\talt=\"StNicolas_2004_02\"\n\t\t\t\t\tsrc=\"https:\/\/www.prouvy.be\/wp-content\/gallery\/saint-nicolas-2004\/thumbs\/thumbs_StNicolas_2004_02.jpg\"\n\t\t\t\t\twidth=\"120\"\n\t\t\t\t\theight=\"90\"\n\t\t\t\t\tstyle=\"max-width:100%;\"\n\t\t\t\t\/>\n\t\t\t<\/a>\n\t\t<\/div>\n\t\t\t\t\t\t\t<\/div>\n\t\t\t\n\t\t\n\t\t\t\t<div id=\"ngg-image-3\" class=\"ngg-gallery-thumbnail-box\"\n\t\t\t\t\t\t\t\t\t\t\t>\n\t\t\t\t\t\t<div class=\"ngg-gallery-thumbnail\">\n\t\t\t<a href=\"https:\/\/www.prouvy.be\/wp-content\/gallery\/saint-nicolas-2004\/StNicolas_2004_03.jpg\"\n\t\t\t\ttitle=\" \"\n\t\t\t\tdata-src=\"https:\/\/www.prouvy.be\/wp-content\/gallery\/saint-nicolas-2004\/StNicolas_2004_03.jpg\"\n\t\t\t\tdata-thumbnail=\"https:\/\/www.prouvy.be\/wp-content\/gallery\/saint-nicolas-2004\/thumbs\/thumbs_StNicolas_2004_03.jpg\"\n\t\t\t\tdata-image-id=\"124\"\n\t\t\t\tdata-title=\"StNicolas_2004_03\"\n\t\t\t\tdata-description=\" \"\n\t\t\t\tdata-image-slug=\"stnicolas_2004_03\"\n\t\t\t\tclass=\"ngg-fancybox\" rel=\"fe600cf6d9211aa01f996d561916c4d3\">\n\t\t\t\t<img\n\t\t\t\t\ttitle=\"StNicolas_2004_03\"\n\t\t\t\t\talt=\"StNicolas_2004_03\"\n\t\t\t\t\tsrc=\"https:\/\/www.prouvy.be\/wp-content\/gallery\/saint-nicolas-2004\/thumbs\/thumbs_StNicolas_2004_03.jpg\"\n\t\t\t\t\twidth=\"120\"\n\t\t\t\t\theight=\"90\"\n\t\t\t\t\tstyle=\"max-width:100%;\"\n\t\t\t\t\/>\n\t\t\t<\/a>\n\t\t<\/div>\n\t\t\t\t\t\t\t<\/div>\n\t\t\t\n\t\t\n\t\t\t\t<div id=\"ngg-image-4\" class=\"ngg-gallery-thumbnail-box\"\n\t\t\t\t\t\t\t\t\t\t\t>\n\t\t\t\t\t\t<div class=\"ngg-gallery-thumbnail\">\n\t\t\t<a href=\"https:\/\/www.prouvy.be\/wp-content\/gallery\/saint-nicolas-2004\/StNicolas_2004_04.jpg\"\n\t\t\t\ttitle=\" \"\n\t\t\t\tdata-src=\"https:\/\/www.prouvy.be\/wp-content\/gallery\/saint-nicolas-2004\/StNicolas_2004_04.jpg\"\n\t\t\t\tdata-thumbnail=\"https:\/\/www.prouvy.be\/wp-content\/gallery\/saint-nicolas-2004\/thumbs\/thumbs_StNicolas_2004_04.jpg\"\n\t\t\t\tdata-image-id=\"125\"\n\t\t\t\tdata-title=\"StNicolas_2004_04\"\n\t\t\t\tdata-description=\" \"\n\t\t\t\tdata-image-slug=\"stnicolas_2004_04\"\n\t\t\t\tclass=\"ngg-fancybox\" rel=\"fe600cf6d9211aa01f996d561916c4d3\">\n\t\t\t\t<img\n\t\t\t\t\ttitle=\"StNicolas_2004_04\"\n\t\t\t\t\talt=\"StNicolas_2004_04\"\n\t\t\t\t\tsrc=\"https:\/\/www.prouvy.be\/wp-content\/gallery\/saint-nicolas-2004\/thumbs\/thumbs_StNicolas_2004_04.jpg\"\n\t\t\t\t\twidth=\"120\"\n\t\t\t\t\theight=\"90\"\n\t\t\t\t\tstyle=\"max-width:100%;\"\n\t\t\t\t\/>\n\t\t\t<\/a>\n\t\t<\/div>\n\t\t\t\t\t\t\t<\/div>\n\t\t\t\n\t\t\n\t\t\t\t<div id=\"ngg-image-5\" class=\"ngg-gallery-thumbnail-box\"\n\t\t\t\t\t\t\t\t\t\t\t>\n\t\t\t\t\t\t<div class=\"ngg-gallery-thumbnail\">\n\t\t\t<a href=\"https:\/\/www.prouvy.be\/wp-content\/gallery\/saint-nicolas-2004\/StNicolas_2004_05.jpg\"\n\t\t\t\ttitle=\" \"\n\t\t\t\tdata-src=\"https:\/\/www.prouvy.be\/wp-content\/gallery\/saint-nicolas-2004\/StNicolas_2004_05.jpg\"\n\t\t\t\tdata-thumbnail=\"https:\/\/www.prouvy.be\/wp-content\/gallery\/saint-nicolas-2004\/thumbs\/thumbs_StNicolas_2004_05.jpg\"\n\t\t\t\tdata-image-id=\"126\"\n\t\t\t\tdata-title=\"StNicolas_2004_05\"\n\t\t\t\tdata-description=\" \"\n\t\t\t\tdata-image-slug=\"stnicolas_2004_05\"\n\t\t\t\tclass=\"ngg-fancybox\" rel=\"fe600cf6d9211aa01f996d561916c4d3\">\n\t\t\t\t<img\n\t\t\t\t\ttitle=\"StNicolas_2004_05\"\n\t\t\t\t\talt=\"StNicolas_2004_05\"\n\t\t\t\t\tsrc=\"https:\/\/www.prouvy.be\/wp-content\/gallery\/saint-nicolas-2004\/thumbs\/thumbs_StNicolas_2004_05.jpg\"\n\t\t\t\t\twidth=\"120\"\n\t\t\t\t\theight=\"90\"\n\t\t\t\t\tstyle=\"max-width:100%;\"\n\t\t\t\t\/>\n\t\t\t<\/a>\n\t\t<\/div>\n\t\t\t\t\t\t\t<\/div>\n\t\t\t\n\t\t\n\t\t\t\t<div id=\"ngg-image-6\" class=\"ngg-gallery-thumbnail-box\"\n\t\t\t\t\t\t\t\t\t\t\t>\n\t\t\t\t\t\t<div class=\"ngg-gallery-thumbnail\">\n\t\t\t<a href=\"https:\/\/www.prouvy.be\/wp-content\/gallery\/saint-nicolas-2004\/StNicolas_2004_06.jpg\"\n\t\t\t\ttitle=\" \"\n\t\t\t\tdata-src=\"https:\/\/www.prouvy.be\/wp-content\/gallery\/saint-nicolas-2004\/StNicolas_2004_06.jpg\"\n\t\t\t\tdata-thumbnail=\"https:\/\/www.prouvy.be\/wp-content\/gallery\/saint-nicolas-2004\/thumbs\/thumbs_StNicolas_2004_06.jpg\"\n\t\t\t\tdata-image-id=\"127\"\n\t\t\t\tdata-title=\"StNicolas_2004_06\"\n\t\t\t\tdata-description=\" \"\n\t\t\t\tdata-image-slug=\"stnicolas_2004_06\"\n\t\t\t\tclass=\"ngg-fancybox\" rel=\"fe600cf6d9211aa01f996d561916c4d3\">\n\t\t\t\t<img\n\t\t\t\t\ttitle=\"StNicolas_2004_06\"\n\t\t\t\t\talt=\"StNicolas_2004_06\"\n\t\t\t\t\tsrc=\"https:\/\/www.prouvy.be\/wp-content\/gallery\/saint-nicolas-2004\/thumbs\/thumbs_StNicolas_2004_06.jpg\"\n\t\t\t\t\twidth=\"120\"\n\t\t\t\t\theight=\"90\"\n\t\t\t\t\tstyle=\"max-width:100%;\"\n\t\t\t\t\/>\n\t\t\t<\/a>\n\t\t<\/div>\n\t\t\t\t\t\t\t<\/div>\n\t\t\t\n\t\t\n\t\t\t\t<div id=\"ngg-image-7\" class=\"ngg-gallery-thumbnail-box\"\n\t\t\t\t\t\t\t\t\t\t\t>\n\t\t\t\t\t\t<div class=\"ngg-gallery-thumbnail\">\n\t\t\t<a href=\"https:\/\/www.prouvy.be\/wp-content\/gallery\/saint-nicolas-2004\/StNicolas_2004_07.jpg\"\n\t\t\t\ttitle=\" \"\n\t\t\t\tdata-src=\"https:\/\/www.prouvy.be\/wp-content\/gallery\/saint-nicolas-2004\/StNicolas_2004_07.jpg\"\n\t\t\t\tdata-thumbnail=\"https:\/\/www.prouvy.be\/wp-content\/gallery\/saint-nicolas-2004\/thumbs\/thumbs_StNicolas_2004_07.jpg\"\n\t\t\t\tdata-image-id=\"128\"\n\t\t\t\tdata-title=\"StNicolas_2004_07\"\n\t\t\t\tdata-description=\" \"\n\t\t\t\tdata-image-slug=\"stnicolas_2004_07\"\n\t\t\t\tclass=\"ngg-fancybox\" rel=\"fe600cf6d9211aa01f996d561916c4d3\">\n\t\t\t\t<img\n\t\t\t\t\ttitle=\"StNicolas_2004_07\"\n\t\t\t\t\talt=\"StNicolas_2004_07\"\n\t\t\t\t\tsrc=\"https:\/\/www.prouvy.be\/wp-content\/gallery\/saint-nicolas-2004\/thumbs\/thumbs_StNicolas_2004_07.jpg\"\n\t\t\t\t\twidth=\"120\"\n\t\t\t\t\theight=\"90\"\n\t\t\t\t\tstyle=\"max-width:100%;\"\n\t\t\t\t\/>\n\t\t\t<\/a>\n\t\t<\/div>\n\t\t\t\t\t\t\t<\/div>\n\t\t\t\n\t\t\n\t\t\t\t<div id=\"ngg-image-8\" class=\"ngg-gallery-thumbnail-box\"\n\t\t\t\t\t\t\t\t\t\t\t>\n\t\t\t\t\t\t<div class=\"ngg-gallery-thumbnail\">\n\t\t\t<a href=\"https:\/\/www.prouvy.be\/wp-content\/gallery\/saint-nicolas-2004\/StNicolas_2004_08.jpg\"\n\t\t\t\ttitle=\" \"\n\t\t\t\tdata-src=\"https:\/\/www.prouvy.be\/wp-content\/gallery\/saint-nicolas-2004\/StNicolas_2004_08.jpg\"\n\t\t\t\tdata-thumbnail=\"https:\/\/www.prouvy.be\/wp-content\/gallery\/saint-nicolas-2004\/thumbs\/thumbs_StNicolas_2004_08.jpg\"\n\t\t\t\tdata-image-id=\"129\"\n\t\t\t\tdata-title=\"StNicolas_2004_08\"\n\t\t\t\tdata-description=\" \"\n\t\t\t\tdata-image-slug=\"stnicolas_2004_08\"\n\t\t\t\tclass=\"ngg-fancybox\" rel=\"fe600cf6d9211aa01f996d561916c4d3\">\n\t\t\t\t<img\n\t\t\t\t\ttitle=\"StNicolas_2004_08\"\n\t\t\t\t\talt=\"StNicolas_2004_08\"\n\t\t\t\t\tsrc=\"https:\/\/www.prouvy.be\/wp-content\/gallery\/saint-nicolas-2004\/thumbs\/thumbs_StNicolas_2004_08.jpg\"\n\t\t\t\t\twidth=\"120\"\n\t\t\t\t\theight=\"90\"\n\t\t\t\t\tstyle=\"max-width:100%;\"\n\t\t\t\t\/>\n\t\t\t<\/a>\n\t\t<\/div>\n\t\t\t\t\t\t\t<\/div>\n\t\t\t\n\t\t\n\t\t\n\t\t<!-- Pagination -->\n\t\t<div class='ngg-clear'><\/div>\t<\/div>\n<\/p>\n<p>&nbsp;<\/p>\n","protected":false},"excerpt":{"rendered":"<p>Si Saint Nicolas racontait tous ses voyages, peut-\u00e9tre se souviendrait-il de sa venue \u00e0 Prouvy?C\u2019est conduit en charrette qu\u2019il fit le tour du village accompagn\u00e9 du P\u00e9re Fouettard!Tous les petits Provon\u00e7ois \u00e9taient l\u00e0 pour les accueillir, les yeux brillants d\u2019excitation.\u00a0Encore une journ\u00e9e privil\u00e9gi\u00e9e avec joie et bonne humeur pour petits et grands qui assist\u00e8rent \u00e0 &hellip; <a href=\"https:\/\/www.prouvy.be\/?page_id=604\" class=\"more-link\">Continuer la lecture de <span class=\"screen-reader-text\">Saint-Nicolas 2004<\/span>  <span class=\"meta-nav\">&rarr;<\/span><\/a><\/p>\n","protected":false},"author":1,"featured_media":626,"parent":366,"menu_order":0,"comment_status":"open","ping_status":"open","template":"","meta":{"ngg_post_thumbnail":0,"footnotes":""},"class_list":["post-604","page","type-page","status-publish","has-post-thumbnail","hentry"],"post_mailing_queue_ids":[],"_links":{"self":[{"href":"https:\/\/www.prouvy.be\/index.php?rest_route=\/wp\/v2\/pages\/604","targetHints":{"allow":["GET"]}}],"collection":[{"href":"https:\/\/www.prouvy.be\/index.php?rest_route=\/wp\/v2\/pages"}],"about":[{"href":"https:\/\/www.prouvy.be\/index.php?rest_route=\/wp\/v2\/types\/page"}],"author":[{"embeddable":true,"href":"https:\/\/www.prouvy.be\/index.php?rest_route=\/wp\/v2\/users\/1"}],"replies":[{"embeddable":true,"href":"https:\/\/www.prouvy.be\/index.php?rest_route=%2Fwp%2Fv2%2Fcomments&post=604"}],"version-history":[{"count":1,"href":"https:\/\/www.prouvy.be\/index.php?rest_route=\/wp\/v2\/pages\/604\/revisions"}],"predecessor-version":[{"id":627,"href":"https:\/\/www.prouvy.be\/index.php?rest_route=\/wp\/v2\/pages\/604\/revisions\/627"}],"up":[{"embeddable":true,"href":"https:\/\/www.prouvy.be\/index.php?rest_route=\/wp\/v2\/pages\/366"}],"wp:featuredmedia":[{"embeddable":true,"href":"https:\/\/www.prouvy.be\/index.php?rest_route=\/wp\/v2\/media\/626"}],"wp:attachment":[{"href":"https:\/\/www.prouvy.be\/index.php?rest_route=%2Fwp%2Fv2%2Fmedia&parent=604"}],"curies":[{"name":"wp","href":"https:\/\/api.w.org\/{rel}","templated":true}]}}