{"id":4915,"date":"2016-11-01T23:13:24","date_gmt":"2016-11-01T21:13:24","guid":{"rendered":"http:\/\/www.prouvy.be\/?page_id=4915"},"modified":"2021-04-01T21:39:49","modified_gmt":"2021-04-01T19:39:49","slug":"naissances","status":"publish","type":"page","link":"https:\/\/www.prouvy.be\/?page_id=4915","title":{"rendered":"Naissances"},"content":{"rendered":"<div id=\"fb-root\"><\/div>\n<p>Depuis ce mois de mars 2016, \u00e0 notre mani\u00e8re, nous souhaitons mettre \u00e0 l&rsquo;honneur nos nouveaux et nouvelles petit(e)s Provon\u00e7ois(es). Nous vous pr\u00e9sentons ici leur jolie petite frimousse (sur accord pr\u00e9alable) et f\u00e9licitons papa et maman.<\/p>\n<p>Le comit\u00e9<\/p>\n<p>Maxime<\/p>\n<p><img loading=\"lazy\" decoding=\"async\" class=\"aligncenter size-large wp-image-8121\" src=\"https:\/\/www.prouvy.be\/wp-content\/uploads\/2021\/04\/Maxime-765x1024.jpg\" alt=\"\" width=\"474\" height=\"634\" srcset=\"https:\/\/www.prouvy.be\/wp-content\/uploads\/2021\/04\/Maxime-765x1024.jpg 765w, https:\/\/www.prouvy.be\/wp-content\/uploads\/2021\/04\/Maxime-224x300.jpg 224w, https:\/\/www.prouvy.be\/wp-content\/uploads\/2021\/04\/Maxime-768x1028.jpg 768w, https:\/\/www.prouvy.be\/wp-content\/uploads\/2021\/04\/Maxime-1148x1536.jpg 1148w, https:\/\/www.prouvy.be\/wp-content\/uploads\/2021\/04\/Maxime-1531x2048.jpg 1531w, https:\/\/www.prouvy.be\/wp-content\/uploads\/2021\/04\/Maxime-scaled.jpg 1913w\" sizes=\"auto, (max-width: 474px) 100vw, 474px\" \/><\/p>\n<p>F\u00e9lix<\/p>\n<p><img loading=\"lazy\" decoding=\"async\" class=\"aligncenter size-large wp-image-8120\" src=\"https:\/\/www.prouvy.be\/wp-content\/uploads\/2021\/04\/Felix-642x1024.jpg\" alt=\"\" width=\"474\" height=\"756\" srcset=\"https:\/\/www.prouvy.be\/wp-content\/uploads\/2021\/04\/Felix-642x1024.jpg 642w, https:\/\/www.prouvy.be\/wp-content\/uploads\/2021\/04\/Felix-188x300.jpg 188w, https:\/\/www.prouvy.be\/wp-content\/uploads\/2021\/04\/Felix.jpg 750w\" sizes=\"auto, (max-width: 474px) 100vw, 474px\" \/><\/p>\n<p>Sasha<\/p>\n<p><img loading=\"lazy\" decoding=\"async\" class=\"aligncenter size-large wp-image-8119\" src=\"https:\/\/www.prouvy.be\/wp-content\/uploads\/2021\/04\/Sacha-768x1024.jpg\" alt=\"\" width=\"474\" height=\"632\" srcset=\"https:\/\/www.prouvy.be\/wp-content\/uploads\/2021\/04\/Sacha-768x1024.jpg 768w, https:\/\/www.prouvy.be\/wp-content\/uploads\/2021\/04\/Sacha-225x300.jpg 225w, https:\/\/www.prouvy.be\/wp-content\/uploads\/2021\/04\/Sacha-1152x1536.jpg 1152w, https:\/\/www.prouvy.be\/wp-content\/uploads\/2021\/04\/Sacha-1536x2048.jpg 1536w, https:\/\/www.prouvy.be\/wp-content\/uploads\/2021\/04\/Sacha-scaled.jpg 1920w\" sizes=\"auto, (max-width: 474px) 100vw, 474px\" \/><\/p>\n<p>Charly<\/p>\n<p><img loading=\"lazy\" decoding=\"async\" class=\"aligncenter size-large wp-image-7703\" src=\"https:\/\/www.prouvy.be\/wp-content\/uploads\/2019\/07\/IMG_20190707_130422-1024x766.jpg\" alt=\"\" width=\"474\" height=\"355\" srcset=\"https:\/\/www.prouvy.be\/wp-content\/uploads\/2019\/07\/IMG_20190707_130422-1024x766.jpg 1024w, https:\/\/www.prouvy.be\/wp-content\/uploads\/2019\/07\/IMG_20190707_130422-300x224.jpg 300w, https:\/\/www.prouvy.be\/wp-content\/uploads\/2019\/07\/IMG_20190707_130422-768x574.jpg 768w\" sizes=\"auto, (max-width: 474px) 100vw, 474px\" \/><\/p>\n<p>Paolo<\/p>\n<p><img loading=\"lazy\" decoding=\"async\" class=\"aligncenter size-large wp-image-7664\" src=\"https:\/\/www.prouvy.be\/wp-content\/uploads\/2019\/06\/WP_20190517_17_27_03_Pro-e1560366778546-577x1024.jpg\" alt=\"\" width=\"474\" height=\"841\" srcset=\"https:\/\/www.prouvy.be\/wp-content\/uploads\/2019\/06\/WP_20190517_17_27_03_Pro-e1560366778546-577x1024.jpg 577w, https:\/\/www.prouvy.be\/wp-content\/uploads\/2019\/06\/WP_20190517_17_27_03_Pro-e1560366778546-169x300.jpg 169w, https:\/\/www.prouvy.be\/wp-content\/uploads\/2019\/06\/WP_20190517_17_27_03_Pro-e1560366778546-768x1362.jpg 768w, https:\/\/www.prouvy.be\/wp-content\/uploads\/2019\/06\/WP_20190517_17_27_03_Pro-e1560366778546.jpg 1840w\" sizes=\"auto, (max-width: 474px) 100vw, 474px\" \/><\/p>\n<p>Joseph<\/p>\n<p><img loading=\"lazy\" decoding=\"async\" class=\"aligncenter size-large wp-image-7617\" src=\"https:\/\/www.prouvy.be\/wp-content\/uploads\/2019\/04\/P1060338-1024x768.jpg\" alt=\"\" width=\"474\" height=\"356\" srcset=\"https:\/\/www.prouvy.be\/wp-content\/uploads\/2019\/04\/P1060338-1024x768.jpg 1024w, https:\/\/www.prouvy.be\/wp-content\/uploads\/2019\/04\/P1060338-300x225.jpg 300w, https:\/\/www.prouvy.be\/wp-content\/uploads\/2019\/04\/P1060338-768x576.jpg 768w\" sizes=\"auto, (max-width: 474px) 100vw, 474px\" \/><\/p>\n<p>Louis<\/p>\n<p><img loading=\"lazy\" decoding=\"async\" class=\"aligncenter size-large wp-image-7564\" src=\"https:\/\/www.prouvy.be\/wp-content\/uploads\/2019\/02\/IMG_20190211_175319-1024x766.jpg\" alt=\"\" width=\"474\" height=\"355\" srcset=\"https:\/\/www.prouvy.be\/wp-content\/uploads\/2019\/02\/IMG_20190211_175319-1024x766.jpg 1024w, https:\/\/www.prouvy.be\/wp-content\/uploads\/2019\/02\/IMG_20190211_175319-300x224.jpg 300w, https:\/\/www.prouvy.be\/wp-content\/uploads\/2019\/02\/IMG_20190211_175319-768x574.jpg 768w\" sizes=\"auto, (max-width: 474px) 100vw, 474px\" \/><\/p>\n<p>Sacha<\/p>\n<p><img loading=\"lazy\" decoding=\"async\" class=\"aligncenter size-full wp-image-7163\" src=\"http:\/\/www.prouvy.be\/wp-content\/uploads\/2018\/07\/IMG_20180628_204735_resized_20180629_0724338471.jpg\" alt=\"\" width=\"1008\" height=\"754\" srcset=\"https:\/\/www.prouvy.be\/wp-content\/uploads\/2018\/07\/IMG_20180628_204735_resized_20180629_0724338471.jpg 1008w, https:\/\/www.prouvy.be\/wp-content\/uploads\/2018\/07\/IMG_20180628_204735_resized_20180629_0724338471-300x224.jpg 300w, https:\/\/www.prouvy.be\/wp-content\/uploads\/2018\/07\/IMG_20180628_204735_resized_20180629_0724338471-768x574.jpg 768w\" sizes=\"auto, (max-width: 1008px) 100vw, 1008px\" \/><\/p>\n<p>Louise<\/p>\n<p><img loading=\"lazy\" decoding=\"async\" class=\"aligncenter size-large wp-image-6584\" src=\"http:\/\/www.prouvy.be\/wp-content\/uploads\/2016\/11\/WP_20171019_19_44_16_Pro-1024x577.jpg\" alt=\"\" width=\"474\" height=\"267\" srcset=\"https:\/\/www.prouvy.be\/wp-content\/uploads\/2016\/11\/WP_20171019_19_44_16_Pro-1024x577.jpg 1024w, https:\/\/www.prouvy.be\/wp-content\/uploads\/2016\/11\/WP_20171019_19_44_16_Pro-300x169.jpg 300w, https:\/\/www.prouvy.be\/wp-content\/uploads\/2016\/11\/WP_20171019_19_44_16_Pro-768x433.jpg 768w\" sizes=\"auto, (max-width: 474px) 100vw, 474px\" \/><\/p>\n<p>Juliette<\/p>\n<p><img loading=\"lazy\" decoding=\"async\" class=\"aligncenter size-large wp-image-6266\" src=\"http:\/\/www.prouvy.be\/wp-content\/uploads\/2016\/11\/WP_20170901_19_44_23_Pro-1024x577.jpg\" alt=\"\" width=\"474\" height=\"267\" srcset=\"https:\/\/www.prouvy.be\/wp-content\/uploads\/2016\/11\/WP_20170901_19_44_23_Pro-1024x577.jpg 1024w, https:\/\/www.prouvy.be\/wp-content\/uploads\/2016\/11\/WP_20170901_19_44_23_Pro-300x169.jpg 300w, https:\/\/www.prouvy.be\/wp-content\/uploads\/2016\/11\/WP_20170901_19_44_23_Pro-768x433.jpg 768w\" sizes=\"auto, (max-width: 474px) 100vw, 474px\" \/><\/p>\n<p>No\u00e9<\/p>\n<p><img loading=\"lazy\" decoding=\"async\" class=\"aligncenter wp-image-5781 size-full\" src=\"http:\/\/www.prouvy.be\/wp-content\/uploads\/2016\/11\/WP_20170727_20_48_31_Pro.jpg\" alt=\"\" width=\"3264\" height=\"1840\" srcset=\"https:\/\/www.prouvy.be\/wp-content\/uploads\/2016\/11\/WP_20170727_20_48_31_Pro.jpg 3264w, https:\/\/www.prouvy.be\/wp-content\/uploads\/2016\/11\/WP_20170727_20_48_31_Pro-300x169.jpg 300w, https:\/\/www.prouvy.be\/wp-content\/uploads\/2016\/11\/WP_20170727_20_48_31_Pro-768x433.jpg 768w, https:\/\/www.prouvy.be\/wp-content\/uploads\/2016\/11\/WP_20170727_20_48_31_Pro-1024x577.jpg 1024w\" sizes=\"auto, (max-width: 3264px) 100vw, 3264px\" \/><\/p>\n<p>Jonas<\/p>\n<p><img loading=\"lazy\" decoding=\"async\" class=\"aligncenter size-full wp-image-5370\" src=\"http:\/\/www.prouvy.be\/wp-content\/uploads\/2016\/11\/Jonas36.jpg\" alt=\"\" width=\"3264\" height=\"1840\" srcset=\"https:\/\/www.prouvy.be\/wp-content\/uploads\/2016\/11\/Jonas36.jpg 3264w, https:\/\/www.prouvy.be\/wp-content\/uploads\/2016\/11\/Jonas36-300x169.jpg 300w, https:\/\/www.prouvy.be\/wp-content\/uploads\/2016\/11\/Jonas36-768x433.jpg 768w, https:\/\/www.prouvy.be\/wp-content\/uploads\/2016\/11\/Jonas36-1024x577.jpg 1024w\" sizes=\"auto, (max-width: 3264px) 100vw, 3264px\" \/><\/p>\n<p>L\u00e9a<\/p>\n<p><img loading=\"lazy\" decoding=\"async\" class=\"aligncenter wp-image-4919 size-full\" src=\"http:\/\/www.prouvy.be\/wp-content\/uploads\/2016\/11\/L\u00e9a-e1478034738548.jpg\" alt=\"lea\" width=\"1836\" height=\"1836\" srcset=\"https:\/\/www.prouvy.be\/wp-content\/uploads\/2016\/11\/L\u00e9a-e1478034738548.jpg 1836w, https:\/\/www.prouvy.be\/wp-content\/uploads\/2016\/11\/L\u00e9a-e1478034738548-150x150.jpg 150w, https:\/\/www.prouvy.be\/wp-content\/uploads\/2016\/11\/L\u00e9a-e1478034738548-300x300.jpg 300w, https:\/\/www.prouvy.be\/wp-content\/uploads\/2016\/11\/L\u00e9a-e1478034738548-768x768.jpg 768w, https:\/\/www.prouvy.be\/wp-content\/uploads\/2016\/11\/L\u00e9a-e1478034738548-1024x1024.jpg 1024w\" sizes=\"auto, (max-width: 1836px) 100vw, 1836px\" \/><\/p>\n<p>Ma\u00ebl<\/p>\n<p><img loading=\"lazy\" decoding=\"async\" class=\"aligncenter size-full wp-image-5092\" src=\"http:\/\/www.prouvy.be\/wp-content\/uploads\/2016\/11\/WP_20170211_17_13_42_Pro-2.jpg\" alt=\"\" width=\"3264\" height=\"1840\" srcset=\"https:\/\/www.prouvy.be\/wp-content\/uploads\/2016\/11\/WP_20170211_17_13_42_Pro-2.jpg 3264w, https:\/\/www.prouvy.be\/wp-content\/uploads\/2016\/11\/WP_20170211_17_13_42_Pro-2-300x169.jpg 300w, https:\/\/www.prouvy.be\/wp-content\/uploads\/2016\/11\/WP_20170211_17_13_42_Pro-2-768x433.jpg 768w, https:\/\/www.prouvy.be\/wp-content\/uploads\/2016\/11\/WP_20170211_17_13_42_Pro-2-1024x577.jpg 1024w\" sizes=\"auto, (max-width: 3264px) 100vw, 3264px\" \/><\/p>\n<p>Iris<\/p>\n<p><img loading=\"lazy\" decoding=\"async\" class=\"aligncenter size-full wp-image-4917\" src=\"http:\/\/www.prouvy.be\/wp-content\/uploads\/2016\/11\/Iris.jpg\" alt=\"iris\" width=\"960\" height=\"720\" srcset=\"https:\/\/www.prouvy.be\/wp-content\/uploads\/2016\/11\/Iris.jpg 960w, https:\/\/www.prouvy.be\/wp-content\/uploads\/2016\/11\/Iris-300x225.jpg 300w, https:\/\/www.prouvy.be\/wp-content\/uploads\/2016\/11\/Iris-768x576.jpg 768w\" sizes=\"auto, (max-width: 960px) 100vw, 960px\" \/><\/p>\n<p>Oscar<\/p>\n<p>Na\u00eble<\/p>\n<p><img loading=\"lazy\" decoding=\"async\" class=\"aligncenter wp-image-4918 size-full\" src=\"http:\/\/www.prouvy.be\/wp-content\/uploads\/2016\/11\/Na\u00eble-e1478034593876.jpg\" alt=\"naele\" width=\"1648\" height=\"1648\" srcset=\"https:\/\/www.prouvy.be\/wp-content\/uploads\/2016\/11\/Na\u00eble-e1478034593876.jpg 1648w, https:\/\/www.prouvy.be\/wp-content\/uploads\/2016\/11\/Na\u00eble-e1478034593876-150x150.jpg 150w, https:\/\/www.prouvy.be\/wp-content\/uploads\/2016\/11\/Na\u00eble-e1478034593876-300x300.jpg 300w, https:\/\/www.prouvy.be\/wp-content\/uploads\/2016\/11\/Na\u00eble-e1478034593876-768x768.jpg 768w, https:\/\/www.prouvy.be\/wp-content\/uploads\/2016\/11\/Na\u00eble-e1478034593876-1024x1024.jpg 1024w\" sizes=\"auto, (max-width: 1648px) 100vw, 1648px\" \/><\/p>\n<p>&nbsp;<\/p>\n<p>&nbsp;<\/p>\n<p>&nbsp;<\/p>\n<p>&nbsp;<\/p>\n<p>&nbsp;<\/p>\n","protected":false},"excerpt":{"rendered":"<p>Depuis ce mois de mars 2016, \u00e0 notre mani\u00e8re, nous souhaitons mettre \u00e0 l&rsquo;honneur nos nouveaux et nouvelles petit(e)s Provon\u00e7ois(es). Nous vous pr\u00e9sentons ici leur jolie petite frimousse (sur accord pr\u00e9alable) et f\u00e9licitons papa et maman. Le comit\u00e9 Maxime F\u00e9lix Sasha Charly Paolo Joseph Louis Sacha Louise Juliette No\u00e9 Jonas L\u00e9a Ma\u00ebl Iris Oscar Na\u00eble &hellip; <a href=\"https:\/\/www.prouvy.be\/?page_id=4915\" class=\"more-link\">Continuer la lecture de <span class=\"screen-reader-text\">Naissances<\/span>  <span class=\"meta-nav\">&rarr;<\/span><\/a><\/p>\n","protected":false},"author":1,"featured_media":4924,"parent":0,"menu_order":0,"comment_status":"closed","ping_status":"closed","template":"","meta":{"ngg_post_thumbnail":0,"footnotes":""},"class_list":["post-4915","page","type-page","status-publish","has-post-thumbnail","hentry"],"post_mailing_queue_ids":[],"_links":{"self":[{"href":"https:\/\/www.prouvy.be\/index.php?rest_route=\/wp\/v2\/pages\/4915","targetHints":{"allow":["GET"]}}],"collection":[{"href":"https:\/\/www.prouvy.be\/index.php?rest_route=\/wp\/v2\/pages"}],"about":[{"href":"https:\/\/www.prouvy.be\/index.php?rest_route=\/wp\/v2\/types\/page"}],"author":[{"embeddable":true,"href":"https:\/\/www.prouvy.be\/index.php?rest_route=\/wp\/v2\/users\/1"}],"replies":[{"embeddable":true,"href":"https:\/\/www.prouvy.be\/index.php?rest_route=%2Fwp%2Fv2%2Fcomments&post=4915"}],"version-history":[{"count":16,"href":"https:\/\/www.prouvy.be\/index.php?rest_route=\/wp\/v2\/pages\/4915\/revisions"}],"predecessor-version":[{"id":8122,"href":"https:\/\/www.prouvy.be\/index.php?rest_route=\/wp\/v2\/pages\/4915\/revisions\/8122"}],"wp:featuredmedia":[{"embeddable":true,"href":"https:\/\/www.prouvy.be\/index.php?rest_route=\/wp\/v2\/media\/4924"}],"wp:attachment":[{"href":"https:\/\/www.prouvy.be\/index.php?rest_route=%2Fwp%2Fv2%2Fmedia&parent=4915"}],"curies":[{"name":"wp","href":"https:\/\/api.w.org\/{rel}","templated":true}]}}