{"id":472,"date":"2014-08-10T22:32:47","date_gmt":"2014-08-10T20:32:47","guid":{"rendered":"http:\/\/new.prouvy.be\/?page_id=472"},"modified":"2014-08-10T22:32:47","modified_gmt":"2014-08-10T20:32:47","slug":"barbecue","status":"publish","type":"page","link":"https:\/\/www.prouvy.be\/?page_id=472","title":{"rendered":"Barbecue"},"content":{"rendered":"<div id=\"fb-root\"><\/div>\n<p><span style=\"color: #000000;\">D\u00e9but juillet et d\u00e9but des vacances pour certains \ud83d\ude42 Quoi de plus naturel, dans un village en perp\u00e9tuel recherche d\u2019activit\u00e9s, que de se retrouver pour le \u201cBarbecue du village\u201d.<\/span><\/p>\n<p style=\"color: #000000;\">1. Pour commencer, rendez-vous d\u00e9but d\u2019apr\u00e8s-midi pour le montage des ch\u00e2piteaux et la pr\u00e9paration des crudit\u00e9s.<\/p>\n<p style=\"color: #000000;\">2. Puis un petit concours de p\u00e9tanque en guise d\u2019ap\u00e9ro. Premier et unique prix, vous l\u2019aviez devin\u00e9; \u2026 un casier d\u2019Orval.<\/p>\n<p style=\"color: #000000;\">3. Ensuite Albert et son \u00e9quipe se sont charg\u00e9s de la cuisson. R\u00e9sultat,<\/p>\n<p>\u2026 d\u00e9-li-cieux!!<\/p>\n<p>4. J\u00e9r\u00f4me se chargea de l\u2019animation musicale et nous fit dancer jusqu\u2019aux petites heures.<\/p>\n<p style=\"color: #000000;\"><!-- index.php -->\n<div\n\tclass=\"ngg-galleryoverview\n\t ngg-ajax-pagination-none\t\"\n\tid=\"ngg-gallery-bcc3cfcd2bdd669f765a47745a214d2e-1\">\n\n\t\t<div class=\"slideshowlink\">\n\t\t<a href='https:\/\/www.prouvy.be\/index.php\/nggallery\/slideshow?page_id=472'>[Show slideshow]<\/a>\n\n\t<\/div>\n\t\t\t<!-- Thumbnails -->\n\t\t\t\t<div id=\"ngg-image-0\" class=\"ngg-gallery-thumbnail-box\"\n\t\t\t\t\t\t\t\t\t\t\t>\n\t\t\t\t\t\t<div class=\"ngg-gallery-thumbnail\">\n\t\t\t<a href=\"https:\/\/www.prouvy.be\/wp-content\/gallery\/barbecue\/BBQ_2004_11.jpg\"\n\t\t\t\ttitle=\" \"\n\t\t\t\tdata-src=\"https:\/\/www.prouvy.be\/wp-content\/gallery\/barbecue\/BBQ_2004_11.jpg\"\n\t\t\t\tdata-thumbnail=\"https:\/\/www.prouvy.be\/wp-content\/gallery\/barbecue\/thumbs\/thumbs_BBQ_2004_11.jpg\"\n\t\t\t\tdata-image-id=\"81\"\n\t\t\t\tdata-title=\"MEDION DIGITAL CAMERA\"\n\t\t\t\tdata-description=\" \"\n\t\t\t\tdata-image-slug=\"bbq_2004_11\"\n\t\t\t\tclass=\"ngg-fancybox\" rel=\"bcc3cfcd2bdd669f765a47745a214d2e\">\n\t\t\t\t<img\n\t\t\t\t\ttitle=\"MEDION DIGITAL CAMERA\"\n\t\t\t\t\talt=\"MEDION DIGITAL CAMERA\"\n\t\t\t\t\tsrc=\"https:\/\/www.prouvy.be\/wp-content\/gallery\/barbecue\/thumbs\/thumbs_BBQ_2004_11.jpg\"\n\t\t\t\t\twidth=\"120\"\n\t\t\t\t\theight=\"90\"\n\t\t\t\t\tstyle=\"max-width:100%;\"\n\t\t\t\t\/>\n\t\t\t<\/a>\n\t\t<\/div>\n\t\t\t\t\t\t\t<\/div>\n\t\t\t\n\t\t\n\t\t\t\t<div id=\"ngg-image-1\" class=\"ngg-gallery-thumbnail-box\"\n\t\t\t\t\t\t\t\t\t\t\t>\n\t\t\t\t\t\t<div class=\"ngg-gallery-thumbnail\">\n\t\t\t<a href=\"https:\/\/www.prouvy.be\/wp-content\/gallery\/barbecue\/BBQ_2004_21.jpg\"\n\t\t\t\ttitle=\" \"\n\t\t\t\tdata-src=\"https:\/\/www.prouvy.be\/wp-content\/gallery\/barbecue\/BBQ_2004_21.jpg\"\n\t\t\t\tdata-thumbnail=\"https:\/\/www.prouvy.be\/wp-content\/gallery\/barbecue\/thumbs\/thumbs_BBQ_2004_21.jpg\"\n\t\t\t\tdata-image-id=\"91\"\n\t\t\t\tdata-title=\"MEDION DIGITAL CAMERA\"\n\t\t\t\tdata-description=\" \"\n\t\t\t\tdata-image-slug=\"bbq_2004_21\"\n\t\t\t\tclass=\"ngg-fancybox\" rel=\"bcc3cfcd2bdd669f765a47745a214d2e\">\n\t\t\t\t<img\n\t\t\t\t\ttitle=\"MEDION DIGITAL CAMERA\"\n\t\t\t\t\talt=\"MEDION DIGITAL CAMERA\"\n\t\t\t\t\tsrc=\"https:\/\/www.prouvy.be\/wp-content\/gallery\/barbecue\/thumbs\/thumbs_BBQ_2004_21.jpg\"\n\t\t\t\t\twidth=\"120\"\n\t\t\t\t\theight=\"90\"\n\t\t\t\t\tstyle=\"max-width:100%;\"\n\t\t\t\t\/>\n\t\t\t<\/a>\n\t\t<\/div>\n\t\t\t\t\t\t\t<\/div>\n\t\t\t\n\t\t\n\t\t\t\t<div id=\"ngg-image-2\" class=\"ngg-gallery-thumbnail-box\"\n\t\t\t\t\t\t\t\t\t\t\t>\n\t\t\t\t\t\t<div class=\"ngg-gallery-thumbnail\">\n\t\t\t<a href=\"https:\/\/www.prouvy.be\/wp-content\/gallery\/barbecue\/BBQ_2004_20.jpg\"\n\t\t\t\ttitle=\" \"\n\t\t\t\tdata-src=\"https:\/\/www.prouvy.be\/wp-content\/gallery\/barbecue\/BBQ_2004_20.jpg\"\n\t\t\t\tdata-thumbnail=\"https:\/\/www.prouvy.be\/wp-content\/gallery\/barbecue\/thumbs\/thumbs_BBQ_2004_20.jpg\"\n\t\t\t\tdata-image-id=\"90\"\n\t\t\t\tdata-title=\"MEDION DIGITAL CAMERA\"\n\t\t\t\tdata-description=\" \"\n\t\t\t\tdata-image-slug=\"bbq_2004_20\"\n\t\t\t\tclass=\"ngg-fancybox\" rel=\"bcc3cfcd2bdd669f765a47745a214d2e\">\n\t\t\t\t<img\n\t\t\t\t\ttitle=\"MEDION DIGITAL CAMERA\"\n\t\t\t\t\talt=\"MEDION DIGITAL CAMERA\"\n\t\t\t\t\tsrc=\"https:\/\/www.prouvy.be\/wp-content\/gallery\/barbecue\/thumbs\/thumbs_BBQ_2004_20.jpg\"\n\t\t\t\t\twidth=\"120\"\n\t\t\t\t\theight=\"90\"\n\t\t\t\t\tstyle=\"max-width:100%;\"\n\t\t\t\t\/>\n\t\t\t<\/a>\n\t\t<\/div>\n\t\t\t\t\t\t\t<\/div>\n\t\t\t\n\t\t\n\t\t\t\t<div id=\"ngg-image-3\" class=\"ngg-gallery-thumbnail-box\"\n\t\t\t\t\t\t\t\t\t\t\t>\n\t\t\t\t\t\t<div class=\"ngg-gallery-thumbnail\">\n\t\t\t<a href=\"https:\/\/www.prouvy.be\/wp-content\/gallery\/barbecue\/BBQ_2004_19.jpg\"\n\t\t\t\ttitle=\" \"\n\t\t\t\tdata-src=\"https:\/\/www.prouvy.be\/wp-content\/gallery\/barbecue\/BBQ_2004_19.jpg\"\n\t\t\t\tdata-thumbnail=\"https:\/\/www.prouvy.be\/wp-content\/gallery\/barbecue\/thumbs\/thumbs_BBQ_2004_19.jpg\"\n\t\t\t\tdata-image-id=\"89\"\n\t\t\t\tdata-title=\"MEDION DIGITAL CAMERA\"\n\t\t\t\tdata-description=\" \"\n\t\t\t\tdata-image-slug=\"bbq_2004_19\"\n\t\t\t\tclass=\"ngg-fancybox\" rel=\"bcc3cfcd2bdd669f765a47745a214d2e\">\n\t\t\t\t<img\n\t\t\t\t\ttitle=\"MEDION DIGITAL CAMERA\"\n\t\t\t\t\talt=\"MEDION DIGITAL CAMERA\"\n\t\t\t\t\tsrc=\"https:\/\/www.prouvy.be\/wp-content\/gallery\/barbecue\/thumbs\/thumbs_BBQ_2004_19.jpg\"\n\t\t\t\t\twidth=\"120\"\n\t\t\t\t\theight=\"90\"\n\t\t\t\t\tstyle=\"max-width:100%;\"\n\t\t\t\t\/>\n\t\t\t<\/a>\n\t\t<\/div>\n\t\t\t\t\t\t\t<\/div>\n\t\t\t\n\t\t\n\t\t\t\t<div id=\"ngg-image-4\" class=\"ngg-gallery-thumbnail-box\"\n\t\t\t\t\t\t\t\t\t\t\t>\n\t\t\t\t\t\t<div class=\"ngg-gallery-thumbnail\">\n\t\t\t<a href=\"https:\/\/www.prouvy.be\/wp-content\/gallery\/barbecue\/BBQ_2004_18.jpg\"\n\t\t\t\ttitle=\" \"\n\t\t\t\tdata-src=\"https:\/\/www.prouvy.be\/wp-content\/gallery\/barbecue\/BBQ_2004_18.jpg\"\n\t\t\t\tdata-thumbnail=\"https:\/\/www.prouvy.be\/wp-content\/gallery\/barbecue\/thumbs\/thumbs_BBQ_2004_18.jpg\"\n\t\t\t\tdata-image-id=\"88\"\n\t\t\t\tdata-title=\"MEDION DIGITAL CAMERA\"\n\t\t\t\tdata-description=\" \"\n\t\t\t\tdata-image-slug=\"bbq_2004_18\"\n\t\t\t\tclass=\"ngg-fancybox\" rel=\"bcc3cfcd2bdd669f765a47745a214d2e\">\n\t\t\t\t<img\n\t\t\t\t\ttitle=\"MEDION DIGITAL CAMERA\"\n\t\t\t\t\talt=\"MEDION DIGITAL CAMERA\"\n\t\t\t\t\tsrc=\"https:\/\/www.prouvy.be\/wp-content\/gallery\/barbecue\/thumbs\/thumbs_BBQ_2004_18.jpg\"\n\t\t\t\t\twidth=\"120\"\n\t\t\t\t\theight=\"90\"\n\t\t\t\t\tstyle=\"max-width:100%;\"\n\t\t\t\t\/>\n\t\t\t<\/a>\n\t\t<\/div>\n\t\t\t\t\t\t\t<\/div>\n\t\t\t\n\t\t\n\t\t\t\t<div id=\"ngg-image-5\" class=\"ngg-gallery-thumbnail-box\"\n\t\t\t\t\t\t\t\t\t\t\t>\n\t\t\t\t\t\t<div class=\"ngg-gallery-thumbnail\">\n\t\t\t<a href=\"https:\/\/www.prouvy.be\/wp-content\/gallery\/barbecue\/BBQ_2004_17.jpg\"\n\t\t\t\ttitle=\" \"\n\t\t\t\tdata-src=\"https:\/\/www.prouvy.be\/wp-content\/gallery\/barbecue\/BBQ_2004_17.jpg\"\n\t\t\t\tdata-thumbnail=\"https:\/\/www.prouvy.be\/wp-content\/gallery\/barbecue\/thumbs\/thumbs_BBQ_2004_17.jpg\"\n\t\t\t\tdata-image-id=\"87\"\n\t\t\t\tdata-title=\"MEDION DIGITAL CAMERA\"\n\t\t\t\tdata-description=\" \"\n\t\t\t\tdata-image-slug=\"bbq_2004_17\"\n\t\t\t\tclass=\"ngg-fancybox\" rel=\"bcc3cfcd2bdd669f765a47745a214d2e\">\n\t\t\t\t<img\n\t\t\t\t\ttitle=\"MEDION DIGITAL CAMERA\"\n\t\t\t\t\talt=\"MEDION DIGITAL CAMERA\"\n\t\t\t\t\tsrc=\"https:\/\/www.prouvy.be\/wp-content\/gallery\/barbecue\/thumbs\/thumbs_BBQ_2004_17.jpg\"\n\t\t\t\t\twidth=\"120\"\n\t\t\t\t\theight=\"90\"\n\t\t\t\t\tstyle=\"max-width:100%;\"\n\t\t\t\t\/>\n\t\t\t<\/a>\n\t\t<\/div>\n\t\t\t\t\t\t\t<\/div>\n\t\t\t\n\t\t\n\t\t\t\t<div id=\"ngg-image-6\" class=\"ngg-gallery-thumbnail-box\"\n\t\t\t\t\t\t\t\t\t\t\t>\n\t\t\t\t\t\t<div class=\"ngg-gallery-thumbnail\">\n\t\t\t<a href=\"https:\/\/www.prouvy.be\/wp-content\/gallery\/barbecue\/BBQ_2004_16.jpg\"\n\t\t\t\ttitle=\" \"\n\t\t\t\tdata-src=\"https:\/\/www.prouvy.be\/wp-content\/gallery\/barbecue\/BBQ_2004_16.jpg\"\n\t\t\t\tdata-thumbnail=\"https:\/\/www.prouvy.be\/wp-content\/gallery\/barbecue\/thumbs\/thumbs_BBQ_2004_16.jpg\"\n\t\t\t\tdata-image-id=\"86\"\n\t\t\t\tdata-title=\"MEDION DIGITAL CAMERA\"\n\t\t\t\tdata-description=\" \"\n\t\t\t\tdata-image-slug=\"bbq_2004_16\"\n\t\t\t\tclass=\"ngg-fancybox\" rel=\"bcc3cfcd2bdd669f765a47745a214d2e\">\n\t\t\t\t<img\n\t\t\t\t\ttitle=\"MEDION DIGITAL CAMERA\"\n\t\t\t\t\talt=\"MEDION DIGITAL CAMERA\"\n\t\t\t\t\tsrc=\"https:\/\/www.prouvy.be\/wp-content\/gallery\/barbecue\/thumbs\/thumbs_BBQ_2004_16.jpg\"\n\t\t\t\t\twidth=\"120\"\n\t\t\t\t\theight=\"90\"\n\t\t\t\t\tstyle=\"max-width:100%;\"\n\t\t\t\t\/>\n\t\t\t<\/a>\n\t\t<\/div>\n\t\t\t\t\t\t\t<\/div>\n\t\t\t\n\t\t\n\t\t\t\t<div id=\"ngg-image-7\" class=\"ngg-gallery-thumbnail-box\"\n\t\t\t\t\t\t\t\t\t\t\t>\n\t\t\t\t\t\t<div class=\"ngg-gallery-thumbnail\">\n\t\t\t<a href=\"https:\/\/www.prouvy.be\/wp-content\/gallery\/barbecue\/BBQ_2004_15.jpg\"\n\t\t\t\ttitle=\" \"\n\t\t\t\tdata-src=\"https:\/\/www.prouvy.be\/wp-content\/gallery\/barbecue\/BBQ_2004_15.jpg\"\n\t\t\t\tdata-thumbnail=\"https:\/\/www.prouvy.be\/wp-content\/gallery\/barbecue\/thumbs\/thumbs_BBQ_2004_15.jpg\"\n\t\t\t\tdata-image-id=\"85\"\n\t\t\t\tdata-title=\"MEDION DIGITAL CAMERA\"\n\t\t\t\tdata-description=\" \"\n\t\t\t\tdata-image-slug=\"bbq_2004_15\"\n\t\t\t\tclass=\"ngg-fancybox\" rel=\"bcc3cfcd2bdd669f765a47745a214d2e\">\n\t\t\t\t<img\n\t\t\t\t\ttitle=\"MEDION DIGITAL CAMERA\"\n\t\t\t\t\talt=\"MEDION DIGITAL CAMERA\"\n\t\t\t\t\tsrc=\"https:\/\/www.prouvy.be\/wp-content\/gallery\/barbecue\/thumbs\/thumbs_BBQ_2004_15.jpg\"\n\t\t\t\t\twidth=\"120\"\n\t\t\t\t\theight=\"90\"\n\t\t\t\t\tstyle=\"max-width:100%;\"\n\t\t\t\t\/>\n\t\t\t<\/a>\n\t\t<\/div>\n\t\t\t\t\t\t\t<\/div>\n\t\t\t\n\t\t\n\t\t\t\t<div id=\"ngg-image-8\" class=\"ngg-gallery-thumbnail-box\"\n\t\t\t\t\t\t\t\t\t\t\t>\n\t\t\t\t\t\t<div class=\"ngg-gallery-thumbnail\">\n\t\t\t<a href=\"https:\/\/www.prouvy.be\/wp-content\/gallery\/barbecue\/BBQ_2004_14.jpg\"\n\t\t\t\ttitle=\" \"\n\t\t\t\tdata-src=\"https:\/\/www.prouvy.be\/wp-content\/gallery\/barbecue\/BBQ_2004_14.jpg\"\n\t\t\t\tdata-thumbnail=\"https:\/\/www.prouvy.be\/wp-content\/gallery\/barbecue\/thumbs\/thumbs_BBQ_2004_14.jpg\"\n\t\t\t\tdata-image-id=\"84\"\n\t\t\t\tdata-title=\"MEDION DIGITAL CAMERA\"\n\t\t\t\tdata-description=\" \"\n\t\t\t\tdata-image-slug=\"bbq_2004_14\"\n\t\t\t\tclass=\"ngg-fancybox\" rel=\"bcc3cfcd2bdd669f765a47745a214d2e\">\n\t\t\t\t<img\n\t\t\t\t\ttitle=\"MEDION DIGITAL CAMERA\"\n\t\t\t\t\talt=\"MEDION DIGITAL CAMERA\"\n\t\t\t\t\tsrc=\"https:\/\/www.prouvy.be\/wp-content\/gallery\/barbecue\/thumbs\/thumbs_BBQ_2004_14.jpg\"\n\t\t\t\t\twidth=\"120\"\n\t\t\t\t\theight=\"90\"\n\t\t\t\t\tstyle=\"max-width:100%;\"\n\t\t\t\t\/>\n\t\t\t<\/a>\n\t\t<\/div>\n\t\t\t\t\t\t\t<\/div>\n\t\t\t\n\t\t\n\t\t\t\t<div id=\"ngg-image-9\" class=\"ngg-gallery-thumbnail-box\"\n\t\t\t\t\t\t\t\t\t\t\t>\n\t\t\t\t\t\t<div class=\"ngg-gallery-thumbnail\">\n\t\t\t<a href=\"https:\/\/www.prouvy.be\/wp-content\/gallery\/barbecue\/BBQ_2004_13.jpg\"\n\t\t\t\ttitle=\" \"\n\t\t\t\tdata-src=\"https:\/\/www.prouvy.be\/wp-content\/gallery\/barbecue\/BBQ_2004_13.jpg\"\n\t\t\t\tdata-thumbnail=\"https:\/\/www.prouvy.be\/wp-content\/gallery\/barbecue\/thumbs\/thumbs_BBQ_2004_13.jpg\"\n\t\t\t\tdata-image-id=\"83\"\n\t\t\t\tdata-title=\"MEDION DIGITAL CAMERA\"\n\t\t\t\tdata-description=\" \"\n\t\t\t\tdata-image-slug=\"bbq_2004_13\"\n\t\t\t\tclass=\"ngg-fancybox\" rel=\"bcc3cfcd2bdd669f765a47745a214d2e\">\n\t\t\t\t<img\n\t\t\t\t\ttitle=\"MEDION DIGITAL CAMERA\"\n\t\t\t\t\talt=\"MEDION DIGITAL CAMERA\"\n\t\t\t\t\tsrc=\"https:\/\/www.prouvy.be\/wp-content\/gallery\/barbecue\/thumbs\/thumbs_BBQ_2004_13.jpg\"\n\t\t\t\t\twidth=\"120\"\n\t\t\t\t\theight=\"90\"\n\t\t\t\t\tstyle=\"max-width:100%;\"\n\t\t\t\t\/>\n\t\t\t<\/a>\n\t\t<\/div>\n\t\t\t\t\t\t\t<\/div>\n\t\t\t\n\t\t\n\t\t\t\t<div id=\"ngg-image-10\" class=\"ngg-gallery-thumbnail-box\"\n\t\t\t\t\t\t\t\t\t\t\t>\n\t\t\t\t\t\t<div class=\"ngg-gallery-thumbnail\">\n\t\t\t<a href=\"https:\/\/www.prouvy.be\/wp-content\/gallery\/barbecue\/BBQ_2004_12.jpg\"\n\t\t\t\ttitle=\" \"\n\t\t\t\tdata-src=\"https:\/\/www.prouvy.be\/wp-content\/gallery\/barbecue\/BBQ_2004_12.jpg\"\n\t\t\t\tdata-thumbnail=\"https:\/\/www.prouvy.be\/wp-content\/gallery\/barbecue\/thumbs\/thumbs_BBQ_2004_12.jpg\"\n\t\t\t\tdata-image-id=\"82\"\n\t\t\t\tdata-title=\"MEDION DIGITAL CAMERA\"\n\t\t\t\tdata-description=\" \"\n\t\t\t\tdata-image-slug=\"bbq_2004_12\"\n\t\t\t\tclass=\"ngg-fancybox\" rel=\"bcc3cfcd2bdd669f765a47745a214d2e\">\n\t\t\t\t<img\n\t\t\t\t\ttitle=\"MEDION DIGITAL CAMERA\"\n\t\t\t\t\talt=\"MEDION DIGITAL CAMERA\"\n\t\t\t\t\tsrc=\"https:\/\/www.prouvy.be\/wp-content\/gallery\/barbecue\/thumbs\/thumbs_BBQ_2004_12.jpg\"\n\t\t\t\t\twidth=\"120\"\n\t\t\t\t\theight=\"90\"\n\t\t\t\t\tstyle=\"max-width:100%;\"\n\t\t\t\t\/>\n\t\t\t<\/a>\n\t\t<\/div>\n\t\t\t\t\t\t\t<\/div>\n\t\t\t\n\t\t\n\t\t\t\t<div id=\"ngg-image-11\" class=\"ngg-gallery-thumbnail-box\"\n\t\t\t\t\t\t\t\t\t\t\t>\n\t\t\t\t\t\t<div class=\"ngg-gallery-thumbnail\">\n\t\t\t<a href=\"https:\/\/www.prouvy.be\/wp-content\/gallery\/barbecue\/BBQ_2004_01.jpg\"\n\t\t\t\ttitle=\"\"\n\t\t\t\tdata-src=\"https:\/\/www.prouvy.be\/wp-content\/gallery\/barbecue\/BBQ_2004_01.jpg\"\n\t\t\t\tdata-thumbnail=\"https:\/\/www.prouvy.be\/wp-content\/gallery\/barbecue\/thumbs\/thumbs_BBQ_2004_01.jpg\"\n\t\t\t\tdata-image-id=\"71\"\n\t\t\t\tdata-title=\"MEDION DIGITAL CAMERA\"\n\t\t\t\tdata-description=\"\"\n\t\t\t\tdata-image-slug=\"bbq_2004_01\"\n\t\t\t\tclass=\"ngg-fancybox\" rel=\"bcc3cfcd2bdd669f765a47745a214d2e\">\n\t\t\t\t<img\n\t\t\t\t\ttitle=\"MEDION DIGITAL CAMERA\"\n\t\t\t\t\talt=\"MEDION DIGITAL CAMERA\"\n\t\t\t\t\tsrc=\"https:\/\/www.prouvy.be\/wp-content\/gallery\/barbecue\/thumbs\/thumbs_BBQ_2004_01.jpg\"\n\t\t\t\t\twidth=\"120\"\n\t\t\t\t\theight=\"90\"\n\t\t\t\t\tstyle=\"max-width:100%;\"\n\t\t\t\t\/>\n\t\t\t<\/a>\n\t\t<\/div>\n\t\t\t\t\t\t\t<\/div>\n\t\t\t\n\t\t\n\t\t\t\t<div id=\"ngg-image-12\" class=\"ngg-gallery-thumbnail-box\"\n\t\t\t\t\t\t\t\t\t\t\t>\n\t\t\t\t\t\t<div class=\"ngg-gallery-thumbnail\">\n\t\t\t<a href=\"https:\/\/www.prouvy.be\/wp-content\/gallery\/barbecue\/BBQ_2004_10.jpg\"\n\t\t\t\ttitle=\" \"\n\t\t\t\tdata-src=\"https:\/\/www.prouvy.be\/wp-content\/gallery\/barbecue\/BBQ_2004_10.jpg\"\n\t\t\t\tdata-thumbnail=\"https:\/\/www.prouvy.be\/wp-content\/gallery\/barbecue\/thumbs\/thumbs_BBQ_2004_10.jpg\"\n\t\t\t\tdata-image-id=\"80\"\n\t\t\t\tdata-title=\"MEDION DIGITAL CAMERA\"\n\t\t\t\tdata-description=\" \"\n\t\t\t\tdata-image-slug=\"bbq_2004_10\"\n\t\t\t\tclass=\"ngg-fancybox\" rel=\"bcc3cfcd2bdd669f765a47745a214d2e\">\n\t\t\t\t<img\n\t\t\t\t\ttitle=\"MEDION DIGITAL CAMERA\"\n\t\t\t\t\talt=\"MEDION DIGITAL CAMERA\"\n\t\t\t\t\tsrc=\"https:\/\/www.prouvy.be\/wp-content\/gallery\/barbecue\/thumbs\/thumbs_BBQ_2004_10.jpg\"\n\t\t\t\t\twidth=\"120\"\n\t\t\t\t\theight=\"90\"\n\t\t\t\t\tstyle=\"max-width:100%;\"\n\t\t\t\t\/>\n\t\t\t<\/a>\n\t\t<\/div>\n\t\t\t\t\t\t\t<\/div>\n\t\t\t\n\t\t\n\t\t\t\t<div id=\"ngg-image-13\" class=\"ngg-gallery-thumbnail-box\"\n\t\t\t\t\t\t\t\t\t\t\t>\n\t\t\t\t\t\t<div class=\"ngg-gallery-thumbnail\">\n\t\t\t<a href=\"https:\/\/www.prouvy.be\/wp-content\/gallery\/barbecue\/BBQ_2004_09.jpg\"\n\t\t\t\ttitle=\" \"\n\t\t\t\tdata-src=\"https:\/\/www.prouvy.be\/wp-content\/gallery\/barbecue\/BBQ_2004_09.jpg\"\n\t\t\t\tdata-thumbnail=\"https:\/\/www.prouvy.be\/wp-content\/gallery\/barbecue\/thumbs\/thumbs_BBQ_2004_09.jpg\"\n\t\t\t\tdata-image-id=\"79\"\n\t\t\t\tdata-title=\"MEDION DIGITAL CAMERA\"\n\t\t\t\tdata-description=\" \"\n\t\t\t\tdata-image-slug=\"bbq_2004_09\"\n\t\t\t\tclass=\"ngg-fancybox\" rel=\"bcc3cfcd2bdd669f765a47745a214d2e\">\n\t\t\t\t<img\n\t\t\t\t\ttitle=\"MEDION DIGITAL CAMERA\"\n\t\t\t\t\talt=\"MEDION DIGITAL CAMERA\"\n\t\t\t\t\tsrc=\"https:\/\/www.prouvy.be\/wp-content\/gallery\/barbecue\/thumbs\/thumbs_BBQ_2004_09.jpg\"\n\t\t\t\t\twidth=\"120\"\n\t\t\t\t\theight=\"90\"\n\t\t\t\t\tstyle=\"max-width:100%;\"\n\t\t\t\t\/>\n\t\t\t<\/a>\n\t\t<\/div>\n\t\t\t\t\t\t\t<\/div>\n\t\t\t\n\t\t\n\t\t\t\t<div id=\"ngg-image-14\" class=\"ngg-gallery-thumbnail-box\"\n\t\t\t\t\t\t\t\t\t\t\t>\n\t\t\t\t\t\t<div class=\"ngg-gallery-thumbnail\">\n\t\t\t<a href=\"https:\/\/www.prouvy.be\/wp-content\/gallery\/barbecue\/BBQ_2004_08.jpg\"\n\t\t\t\ttitle=\" \"\n\t\t\t\tdata-src=\"https:\/\/www.prouvy.be\/wp-content\/gallery\/barbecue\/BBQ_2004_08.jpg\"\n\t\t\t\tdata-thumbnail=\"https:\/\/www.prouvy.be\/wp-content\/gallery\/barbecue\/thumbs\/thumbs_BBQ_2004_08.jpg\"\n\t\t\t\tdata-image-id=\"78\"\n\t\t\t\tdata-title=\"MEDION DIGITAL CAMERA\"\n\t\t\t\tdata-description=\" \"\n\t\t\t\tdata-image-slug=\"bbq_2004_08\"\n\t\t\t\tclass=\"ngg-fancybox\" rel=\"bcc3cfcd2bdd669f765a47745a214d2e\">\n\t\t\t\t<img\n\t\t\t\t\ttitle=\"MEDION DIGITAL CAMERA\"\n\t\t\t\t\talt=\"MEDION DIGITAL CAMERA\"\n\t\t\t\t\tsrc=\"https:\/\/www.prouvy.be\/wp-content\/gallery\/barbecue\/thumbs\/thumbs_BBQ_2004_08.jpg\"\n\t\t\t\t\twidth=\"120\"\n\t\t\t\t\theight=\"90\"\n\t\t\t\t\tstyle=\"max-width:100%;\"\n\t\t\t\t\/>\n\t\t\t<\/a>\n\t\t<\/div>\n\t\t\t\t\t\t\t<\/div>\n\t\t\t\n\t\t\n\t\t\t\t<div id=\"ngg-image-15\" class=\"ngg-gallery-thumbnail-box\"\n\t\t\t\t\t\t\t\t\t\t\t>\n\t\t\t\t\t\t<div class=\"ngg-gallery-thumbnail\">\n\t\t\t<a href=\"https:\/\/www.prouvy.be\/wp-content\/gallery\/barbecue\/BBQ_2004_07.jpg\"\n\t\t\t\ttitle=\" \"\n\t\t\t\tdata-src=\"https:\/\/www.prouvy.be\/wp-content\/gallery\/barbecue\/BBQ_2004_07.jpg\"\n\t\t\t\tdata-thumbnail=\"https:\/\/www.prouvy.be\/wp-content\/gallery\/barbecue\/thumbs\/thumbs_BBQ_2004_07.jpg\"\n\t\t\t\tdata-image-id=\"77\"\n\t\t\t\tdata-title=\"MEDION DIGITAL CAMERA\"\n\t\t\t\tdata-description=\" \"\n\t\t\t\tdata-image-slug=\"bbq_2004_07\"\n\t\t\t\tclass=\"ngg-fancybox\" rel=\"bcc3cfcd2bdd669f765a47745a214d2e\">\n\t\t\t\t<img\n\t\t\t\t\ttitle=\"MEDION DIGITAL CAMERA\"\n\t\t\t\t\talt=\"MEDION DIGITAL CAMERA\"\n\t\t\t\t\tsrc=\"https:\/\/www.prouvy.be\/wp-content\/gallery\/barbecue\/thumbs\/thumbs_BBQ_2004_07.jpg\"\n\t\t\t\t\twidth=\"120\"\n\t\t\t\t\theight=\"90\"\n\t\t\t\t\tstyle=\"max-width:100%;\"\n\t\t\t\t\/>\n\t\t\t<\/a>\n\t\t<\/div>\n\t\t\t\t\t\t\t<\/div>\n\t\t\t\n\t\t\n\t\t\t\t<div id=\"ngg-image-16\" class=\"ngg-gallery-thumbnail-box\"\n\t\t\t\t\t\t\t\t\t\t\t>\n\t\t\t\t\t\t<div class=\"ngg-gallery-thumbnail\">\n\t\t\t<a href=\"https:\/\/www.prouvy.be\/wp-content\/gallery\/barbecue\/BBQ_2004_06.jpg\"\n\t\t\t\ttitle=\" \"\n\t\t\t\tdata-src=\"https:\/\/www.prouvy.be\/wp-content\/gallery\/barbecue\/BBQ_2004_06.jpg\"\n\t\t\t\tdata-thumbnail=\"https:\/\/www.prouvy.be\/wp-content\/gallery\/barbecue\/thumbs\/thumbs_BBQ_2004_06.jpg\"\n\t\t\t\tdata-image-id=\"76\"\n\t\t\t\tdata-title=\"MEDION DIGITAL CAMERA\"\n\t\t\t\tdata-description=\" \"\n\t\t\t\tdata-image-slug=\"bbq_2004_06\"\n\t\t\t\tclass=\"ngg-fancybox\" rel=\"bcc3cfcd2bdd669f765a47745a214d2e\">\n\t\t\t\t<img\n\t\t\t\t\ttitle=\"MEDION DIGITAL CAMERA\"\n\t\t\t\t\talt=\"MEDION DIGITAL CAMERA\"\n\t\t\t\t\tsrc=\"https:\/\/www.prouvy.be\/wp-content\/gallery\/barbecue\/thumbs\/thumbs_BBQ_2004_06.jpg\"\n\t\t\t\t\twidth=\"120\"\n\t\t\t\t\theight=\"90\"\n\t\t\t\t\tstyle=\"max-width:100%;\"\n\t\t\t\t\/>\n\t\t\t<\/a>\n\t\t<\/div>\n\t\t\t\t\t\t\t<\/div>\n\t\t\t\n\t\t\n\t\t\t\t<div id=\"ngg-image-17\" class=\"ngg-gallery-thumbnail-box\"\n\t\t\t\t\t\t\t\t\t\t\t>\n\t\t\t\t\t\t<div class=\"ngg-gallery-thumbnail\">\n\t\t\t<a href=\"https:\/\/www.prouvy.be\/wp-content\/gallery\/barbecue\/BBQ_2004_05.jpg\"\n\t\t\t\ttitle=\" \"\n\t\t\t\tdata-src=\"https:\/\/www.prouvy.be\/wp-content\/gallery\/barbecue\/BBQ_2004_05.jpg\"\n\t\t\t\tdata-thumbnail=\"https:\/\/www.prouvy.be\/wp-content\/gallery\/barbecue\/thumbs\/thumbs_BBQ_2004_05.jpg\"\n\t\t\t\tdata-image-id=\"75\"\n\t\t\t\tdata-title=\"MEDION DIGITAL CAMERA\"\n\t\t\t\tdata-description=\" \"\n\t\t\t\tdata-image-slug=\"bbq_2004_05\"\n\t\t\t\tclass=\"ngg-fancybox\" rel=\"bcc3cfcd2bdd669f765a47745a214d2e\">\n\t\t\t\t<img\n\t\t\t\t\ttitle=\"MEDION DIGITAL CAMERA\"\n\t\t\t\t\talt=\"MEDION DIGITAL CAMERA\"\n\t\t\t\t\tsrc=\"https:\/\/www.prouvy.be\/wp-content\/gallery\/barbecue\/thumbs\/thumbs_BBQ_2004_05.jpg\"\n\t\t\t\t\twidth=\"120\"\n\t\t\t\t\theight=\"90\"\n\t\t\t\t\tstyle=\"max-width:100%;\"\n\t\t\t\t\/>\n\t\t\t<\/a>\n\t\t<\/div>\n\t\t\t\t\t\t\t<\/div>\n\t\t\t\n\t\t\n\t\t\t\t<div id=\"ngg-image-18\" class=\"ngg-gallery-thumbnail-box\"\n\t\t\t\t\t\t\t\t\t\t\t>\n\t\t\t\t\t\t<div class=\"ngg-gallery-thumbnail\">\n\t\t\t<a href=\"https:\/\/www.prouvy.be\/wp-content\/gallery\/barbecue\/BBQ_2004_04.jpg\"\n\t\t\t\ttitle=\" \"\n\t\t\t\tdata-src=\"https:\/\/www.prouvy.be\/wp-content\/gallery\/barbecue\/BBQ_2004_04.jpg\"\n\t\t\t\tdata-thumbnail=\"https:\/\/www.prouvy.be\/wp-content\/gallery\/barbecue\/thumbs\/thumbs_BBQ_2004_04.jpg\"\n\t\t\t\tdata-image-id=\"74\"\n\t\t\t\tdata-title=\"MEDION DIGITAL CAMERA\"\n\t\t\t\tdata-description=\" \"\n\t\t\t\tdata-image-slug=\"bbq_2004_04\"\n\t\t\t\tclass=\"ngg-fancybox\" rel=\"bcc3cfcd2bdd669f765a47745a214d2e\">\n\t\t\t\t<img\n\t\t\t\t\ttitle=\"MEDION DIGITAL CAMERA\"\n\t\t\t\t\talt=\"MEDION DIGITAL CAMERA\"\n\t\t\t\t\tsrc=\"https:\/\/www.prouvy.be\/wp-content\/gallery\/barbecue\/thumbs\/thumbs_BBQ_2004_04.jpg\"\n\t\t\t\t\twidth=\"120\"\n\t\t\t\t\theight=\"90\"\n\t\t\t\t\tstyle=\"max-width:100%;\"\n\t\t\t\t\/>\n\t\t\t<\/a>\n\t\t<\/div>\n\t\t\t\t\t\t\t<\/div>\n\t\t\t\n\t\t\n\t\t\t\t<div id=\"ngg-image-19\" class=\"ngg-gallery-thumbnail-box\"\n\t\t\t\t\t\t\t\t\t\t\t>\n\t\t\t\t\t\t<div class=\"ngg-gallery-thumbnail\">\n\t\t\t<a href=\"https:\/\/www.prouvy.be\/wp-content\/gallery\/barbecue\/BBQ_2004_03.jpg\"\n\t\t\t\ttitle=\" \"\n\t\t\t\tdata-src=\"https:\/\/www.prouvy.be\/wp-content\/gallery\/barbecue\/BBQ_2004_03.jpg\"\n\t\t\t\tdata-thumbnail=\"https:\/\/www.prouvy.be\/wp-content\/gallery\/barbecue\/thumbs\/thumbs_BBQ_2004_03.jpg\"\n\t\t\t\tdata-image-id=\"73\"\n\t\t\t\tdata-title=\"MEDION DIGITAL CAMERA\"\n\t\t\t\tdata-description=\" \"\n\t\t\t\tdata-image-slug=\"bbq_2004_03\"\n\t\t\t\tclass=\"ngg-fancybox\" rel=\"bcc3cfcd2bdd669f765a47745a214d2e\">\n\t\t\t\t<img\n\t\t\t\t\ttitle=\"MEDION DIGITAL CAMERA\"\n\t\t\t\t\talt=\"MEDION DIGITAL CAMERA\"\n\t\t\t\t\tsrc=\"https:\/\/www.prouvy.be\/wp-content\/gallery\/barbecue\/thumbs\/thumbs_BBQ_2004_03.jpg\"\n\t\t\t\t\twidth=\"120\"\n\t\t\t\t\theight=\"90\"\n\t\t\t\t\tstyle=\"max-width:100%;\"\n\t\t\t\t\/>\n\t\t\t<\/a>\n\t\t<\/div>\n\t\t\t\t\t\t\t<\/div>\n\t\t\t\n\t\t\n\t\t\n\t\t<!-- Pagination -->\n\t\t<div class='ngg-navigation'><span class='current'>1<\/span>\n<a class='page-numbers' data-pageid='2' href='https:\/\/www.prouvy.be\/index.php\/nggallery\/page\/2?page_id=472'>2<\/a>\n<a class='prev' href='https:\/\/www.prouvy.be\/index.php\/nggallery\/page\/2?page_id=472' data-pageid=2>&#9658;<\/a><\/div>\t<\/div>\n<\/p>\n<p style=\"color: #000000;\">\n","protected":false},"excerpt":{"rendered":"<p>D\u00e9but juillet et d\u00e9but des vacances pour certains \ud83d\ude42 Quoi de plus naturel, dans un village en perp\u00e9tuel recherche d\u2019activit\u00e9s, que de se retrouver pour le \u201cBarbecue du village\u201d. 1. Pour commencer, rendez-vous d\u00e9but d\u2019apr\u00e8s-midi pour le montage des ch\u00e2piteaux et la pr\u00e9paration des crudit\u00e9s. 2. Puis un petit concours de p\u00e9tanque en guise d\u2019ap\u00e9ro. &hellip; <a href=\"https:\/\/www.prouvy.be\/?page_id=472\" class=\"more-link\">Continuer la lecture de <span class=\"screen-reader-text\">Barbecue<\/span>  <span class=\"meta-nav\">&rarr;<\/span><\/a><\/p>\n","protected":false},"author":1,"featured_media":518,"parent":366,"menu_order":0,"comment_status":"open","ping_status":"open","template":"","meta":{"ngg_post_thumbnail":0,"footnotes":""},"class_list":["post-472","page","type-page","status-publish","has-post-thumbnail","hentry"],"post_mailing_queue_ids":[],"_links":{"self":[{"href":"https:\/\/www.prouvy.be\/index.php?rest_route=\/wp\/v2\/pages\/472","targetHints":{"allow":["GET"]}}],"collection":[{"href":"https:\/\/www.prouvy.be\/index.php?rest_route=\/wp\/v2\/pages"}],"about":[{"href":"https:\/\/www.prouvy.be\/index.php?rest_route=\/wp\/v2\/types\/page"}],"author":[{"embeddable":true,"href":"https:\/\/www.prouvy.be\/index.php?rest_route=\/wp\/v2\/users\/1"}],"replies":[{"embeddable":true,"href":"https:\/\/www.prouvy.be\/index.php?rest_route=%2Fwp%2Fv2%2Fcomments&post=472"}],"version-history":[{"count":1,"href":"https:\/\/www.prouvy.be\/index.php?rest_route=\/wp\/v2\/pages\/472\/revisions"}],"predecessor-version":[{"id":519,"href":"https:\/\/www.prouvy.be\/index.php?rest_route=\/wp\/v2\/pages\/472\/revisions\/519"}],"up":[{"embeddable":true,"href":"https:\/\/www.prouvy.be\/index.php?rest_route=\/wp\/v2\/pages\/366"}],"wp:featuredmedia":[{"embeddable":true,"href":"https:\/\/www.prouvy.be\/index.php?rest_route=\/wp\/v2\/media\/518"}],"wp:attachment":[{"href":"https:\/\/www.prouvy.be\/index.php?rest_route=%2Fwp%2Fv2%2Fmedia&parent=472"}],"curies":[{"name":"wp","href":"https:\/\/api.w.org\/{rel}","templated":true}]}}