{"id":4531,"date":"2016-06-20T22:13:29","date_gmt":"2016-06-20T20:13:29","guid":{"rendered":"http:\/\/www.prouvy.be\/?page_id=4531"},"modified":"2022-04-26T22:11:43","modified_gmt":"2022-04-26T20:11:43","slug":"membres-du-comite","status":"publish","type":"page","link":"https:\/\/www.prouvy.be\/?page_id=4531","title":{"rendered":"Membres du comit\u00e9"},"content":{"rendered":"<div id=\"fb-root\"><\/div>\n\n<figure class=\"wp-block-table is-style-stripes\"><table><tbody><tr><td class=\"has-text-align-center\" data-align=\"center\"><strong>NOM<\/strong><\/td><td class=\"has-text-align-center\" data-align=\"center\"><strong>PRENOM<\/strong><\/td><td class=\"has-text-align-center\" data-align=\"center\"><strong>MAIL<\/strong><\/td><td class=\"has-text-align-center\" data-align=\"center\"><strong>ROLE<\/strong><\/td><\/tr><tr><td class=\"has-text-align-center\" data-align=\"center\">Albert<\/td><td class=\"has-text-align-center\" data-align=\"center\">Jean-Pierre<\/td><td class=\"has-text-align-center\" data-align=\"center\"><a href=\"mailto:jean-pierre.albert@skynet.be\">jean-pierre.albert@skynet.be<\/a> &nbsp;<\/td><td class=\"has-text-align-center\" data-align=\"center\"><\/td><\/tr><tr><td class=\"has-text-align-center\" data-align=\"center\">No\u00ebl <\/td><td class=\"has-text-align-center\" data-align=\"center\">Eric <\/td><td class=\"has-text-align-center\" data-align=\"center\"><a href=\"mailto:eric.noel1104@gmail.com\">eric.noel1104@gmail.com<\/a> <\/td><td class=\"has-text-align-center\" data-align=\"center\">Entretien b\u00e2timent<\/td><\/tr><tr><td class=\"has-text-align-center\" data-align=\"center\">Orban <\/td><td class=\"has-text-align-center\" data-align=\"center\">Christophe<\/td><td class=\"has-text-align-center\" data-align=\"center\"><a href=\"mailto:orbanchristophe86@hotmail.com\">orbanchristophe86@hotmail.com<\/a><\/td><td class=\"has-text-align-center\" data-align=\"center\">Tr\u00e9sorier<\/td><\/tr><tr><td class=\"has-text-align-center\" data-align=\"center\">Homel<\/td><td class=\"has-text-align-center\" data-align=\"center\">Cedric<\/td><td class=\"has-text-align-center\" data-align=\"center\"><a href=\"mailto:homelcedric@skynet.be\">homelcedric@skynet.be<\/a><\/td><td class=\"has-text-align-center\" data-align=\"center\">Tr\u00e9sorier<\/td><\/tr><tr><td class=\"has-text-align-center\" data-align=\"center\">Cavet<\/td><td class=\"has-text-align-center\" data-align=\"center\">Jonathan<\/td><td class=\"has-text-align-center\" data-align=\"center\"><a href=\"mailto:cavetj@yahoo.fr\">cavetj@yahoo.fr<\/a><\/td><td class=\"has-text-align-center\" data-align=\"center\">Secr\u00e9taire<\/td><\/tr><tr><td class=\"has-text-align-center\" data-align=\"center\">Dechamps<\/td><td class=\"has-text-align-center\" data-align=\"center\">Emilie<\/td><td class=\"has-text-align-center\" data-align=\"center\"><a href=\"mailto:dechemilie@gmail.com\">dechemilie@gmail.com<\/a><\/td><td class=\"has-text-align-center\" data-align=\"center\">Vice-pr\u00e9sidente<\/td><\/tr><tr><td class=\"has-text-align-center\" data-align=\"center\">Protin<\/td><td class=\"has-text-align-center\" data-align=\"center\">Michael<\/td><td class=\"has-text-align-center\" data-align=\"center\"><a href=\"mailto:michaelprotin@gmail.com\">michaelprotin@gmail.com<\/a><\/td><td class=\"has-text-align-center\" data-align=\"center\">Pr\u00e9sident<\/td><\/tr><tr><td class=\"has-text-align-center\" data-align=\"center\">Decolle<\/td><td class=\"has-text-align-center\" data-align=\"center\">Maxime<\/td><td class=\"has-text-align-center\" data-align=\"center\"><a href=\"mailto:Decollemax@hotmail.be\">Decollemax@hotmail.be<\/a><\/td><td class=\"has-text-align-center\" data-align=\"center\">Village propre + Run and bike<\/td><\/tr><tr><td class=\"has-text-align-center\" data-align=\"center\">Herbeuval<\/td><td class=\"has-text-align-center\" data-align=\"center\">Didier<\/td><td class=\"has-text-align-center\" data-align=\"center\"><a href=\"mailto:didier@herbeuval-garage.be\">didier@herbeuval-garage.be<\/a><\/td><td class=\"has-text-align-center\" data-align=\"center\">R\u00f4les f\u00eate et ap\u00e9ros<\/td><\/tr><tr><td class=\"has-text-align-center\" data-align=\"center\">Protin<\/td><td class=\"has-text-align-center\" data-align=\"center\">Claude<\/td><td class=\"has-text-align-center\" data-align=\"center\"><a href=\"mailto:claude.protin@skynet.be\">claude.protin@skynet.be<\/a><\/td><td class=\"has-text-align-center\" data-align=\"center\">Barbecue<\/td><\/tr><tr><td class=\"has-text-align-center\" data-align=\"center\">Homel<\/td><td class=\"has-text-align-center\" data-align=\"center\">Florent<\/td><td class=\"has-text-align-center\" data-align=\"center\"><a href=\"mailto:homel.florent@gmail.com\">homel.florent@gmail.com<\/a><\/td><td class=\"has-text-align-center\" data-align=\"center\"><\/td><\/tr><tr><td class=\"has-text-align-center\" data-align=\"center\">Pletain<\/td><td class=\"has-text-align-center\" data-align=\"center\">Arnaud<\/td><td class=\"has-text-align-center\" data-align=\"center\"><a href=\"mailto:arachnaud@hotmail.com\">arachnaud@hotmail.com<\/a><\/td><td class=\"has-text-align-center\" data-align=\"center\">Location salle<\/td><\/tr><tr><td class=\"has-text-align-center\" data-align=\"center\">Poncin<\/td><td class=\"has-text-align-center\" data-align=\"center\">Mich\u00e8le<\/td><td class=\"has-text-align-center\" data-align=\"center\"><a href=\"mailto:poncinmichele@hotmail.com\">poncinmichele@hotmail.com<\/a><\/td><td class=\"has-text-align-center\" data-align=\"center\">Barbecue\/Carnaval\/St-Nicolas<\/td><\/tr><tr><td class=\"has-text-align-center\" data-align=\"center\">Maissin<\/td><td class=\"has-text-align-center\" data-align=\"center\">David<\/td><td class=\"has-text-align-center\" data-align=\"center\"><a href=\"mailto:david-060184@hotmail.com\">david-060184@hotmail.com<\/a><\/td><td class=\"has-text-align-center\" data-align=\"center\">Barbecue<\/td><\/tr><tr><td class=\"has-text-align-center\" data-align=\"center\">Bigonville&nbsp;<\/td><td class=\"has-text-align-center\" data-align=\"center\">Thierry<\/td><td class=\"has-text-align-center\" data-align=\"center\"><a href=\"mailto:bigon1958@gmail.com\">bigon1958@gmail.com<\/a><\/td><td class=\"has-text-align-center\" data-align=\"center\"><\/td><\/tr><tr><td class=\"has-text-align-center\" data-align=\"center\">Gomez&nbsp;<\/td><td class=\"has-text-align-center\" data-align=\"center\">Alain<\/td><td class=\"has-text-align-center\" data-align=\"center\"><a href=\"mailto:gomez.alain55700@gmail.com\">gomez.alain55700@gmail.com<\/a><\/td><td class=\"has-text-align-center\" data-align=\"center\">Location salle<\/td><\/tr><tr><td class=\"has-text-align-center\" data-align=\"center\">Lequeux<\/td><td class=\"has-text-align-center\" data-align=\"center\">Rapha\u00ebl<\/td><td class=\"has-text-align-center\" data-align=\"center\"><a href=\"mailto:marine.manfredi@icloud.com\">marine.manfredi@icloud.com<\/a><\/td><td class=\"has-text-align-center\" data-align=\"center\"><\/td><\/tr><tr><td class=\"has-text-align-center\" data-align=\"center\">Hubert<\/td><td class=\"has-text-align-center\" data-align=\"center\">Benjamin<\/td><td class=\"has-text-align-center\" data-align=\"center\"><a href=\"mailto:benjamin.hubert.hebp@gmail.com\">benjamin.hubert.hebp@gmail.com<\/a><\/td><td class=\"has-text-align-center\" data-align=\"center\"><\/td><\/tr><tr><td class=\"has-text-align-center\" data-align=\"center\">Guerin<\/td><td class=\"has-text-align-center\" data-align=\"center\">Fabien<\/td><td class=\"has-text-align-center\" data-align=\"center\"><a href=\"mailto:guerin.fabien@hotmail.com\">guerin.fabien@hotmail.com<\/a><\/td><td class=\"has-text-align-center\" data-align=\"center\">Vice-pr\u00e9sident<\/td><\/tr><tr><td class=\"has-text-align-center\" data-align=\"center\">Mathieu<\/td><td class=\"has-text-align-center\" data-align=\"center\">Renaud <\/td><td class=\"has-text-align-center\" data-align=\"center\"><a href=\"mailto:ren-mathieu@hotmail.com\">ren-mathieu@hotmail.com<\/a> <\/td><td class=\"has-text-align-center\" data-align=\"center\"><\/td><\/tr><tr><td class=\"has-text-align-center\" data-align=\"center\">Guiot <\/td><td class=\"has-text-align-center\" data-align=\"center\">Marilyne <\/td><td class=\"has-text-align-center\" data-align=\"center\"><a href=\"mailto:guerin.fabien@hotmail.com\">guerin.fabien@hotmail.com<\/a> <\/td><td class=\"has-text-align-center\" data-align=\"center\"><\/td><\/tr><tr><td class=\"has-text-align-center\" data-align=\"center\">Clausse &nbsp;<\/td><td class=\"has-text-align-center\" data-align=\"center\">Emilie <\/td><td class=\"has-text-align-center\" data-align=\"center\"><a href=\"mailto:emilieclausse@hotmail.com\">emilieclausse@hotmail.com<\/a> <\/td><td class=\"has-text-align-center\" data-align=\"center\">Carnaval des enfants <\/td><\/tr><tr><td class=\"has-text-align-center\" data-align=\"center\">Aerts <\/td><td class=\"has-text-align-center\" data-align=\"center\">Tanguy <\/td><td class=\"has-text-align-center\" data-align=\"center\"><a href=\"mailto:tanguyaerts96@gmail.com\">tanguyaerts96@gmail.com<\/a> <\/td><td class=\"has-text-align-center\" data-align=\"center\">responsable bar et boissons <\/td><\/tr><tr><td class=\"has-text-align-center\" data-align=\"center\">F\u00e9vry <\/td><td class=\"has-text-align-center\" data-align=\"center\">K\u00e9vyn <\/td><td class=\"has-text-align-center\" data-align=\"center\"><a href=\"mailto:fevrykevyn@gmail.com\">fevrykevyn@gmail.com<\/a> <\/td><td class=\"has-text-align-center\" data-align=\"center\">responsable bar et boissons \u00a0 <\/td><\/tr><tr><td class=\"has-text-align-center\" data-align=\"center\">Robinet <\/td><td class=\"has-text-align-center\" data-align=\"center\">Sophie <\/td><td class=\"has-text-align-center\" data-align=\"center\"><a href=\"mailto:sophie.robinet@yahoo.fr\">sophie.robinet@yahoo.fr<\/a> <\/td><td class=\"has-text-align-center\" data-align=\"center\"><\/td><\/tr><tr><td class=\"has-text-align-center\" data-align=\"center\">Klee <\/td><td class=\"has-text-align-center\" data-align=\"center\">Benjamin<\/td><td class=\"has-text-align-center\" data-align=\"center\"><a href=\"mailto:benjamin.klee@proximus.be\">benjamin.klee@proximus.be<\/a><\/td><td class=\"has-text-align-center\" data-align=\"center\">site internet<\/td><\/tr><\/tbody><\/table><\/figure>\n\n\n\n<p><\/p>\n","protected":false},"excerpt":{"rendered":"<p>NOM PRENOM MAIL ROLE Albert Jean-Pierre jean-pierre.albert@skynet.be &nbsp; No\u00ebl Eric eric.noel1104@gmail.com Entretien b\u00e2timent Orban Christophe orbanchristophe86@hotmail.com Tr\u00e9sorier Homel Cedric homelcedric@skynet.be Tr\u00e9sorier Cavet Jonathan cavetj@yahoo.fr Secr\u00e9taire Dechamps Emilie dechemilie@gmail.com Vice-pr\u00e9sidente Protin Michael michaelprotin@gmail.com Pr\u00e9sident Decolle Maxime Decollemax@hotmail.be Village propre + Run and bike Herbeuval Didier didier@herbeuval-garage.be R\u00f4les f\u00eate et ap\u00e9ros Protin Claude claude.protin@skynet.be Barbecue Homel Florent &hellip; <a href=\"https:\/\/www.prouvy.be\/?page_id=4531\" class=\"more-link\">Continuer la lecture de <span class=\"screen-reader-text\">Membres du comit\u00e9<\/span>  <span class=\"meta-nav\">&rarr;<\/span><\/a><\/p>\n","protected":false},"author":1,"featured_media":0,"parent":0,"menu_order":0,"comment_status":"closed","ping_status":"closed","template":"","meta":{"ngg_post_thumbnail":0,"footnotes":""},"class_list":["post-4531","page","type-page","status-publish","hentry"],"post_mailing_queue_ids":[],"_links":{"self":[{"href":"https:\/\/www.prouvy.be\/index.php?rest_route=\/wp\/v2\/pages\/4531","targetHints":{"allow":["GET"]}}],"collection":[{"href":"https:\/\/www.prouvy.be\/index.php?rest_route=\/wp\/v2\/pages"}],"about":[{"href":"https:\/\/www.prouvy.be\/index.php?rest_route=\/wp\/v2\/types\/page"}],"author":[{"embeddable":true,"href":"https:\/\/www.prouvy.be\/index.php?rest_route=\/wp\/v2\/users\/1"}],"replies":[{"embeddable":true,"href":"https:\/\/www.prouvy.be\/index.php?rest_route=%2Fwp%2Fv2%2Fcomments&post=4531"}],"version-history":[{"count":24,"href":"https:\/\/www.prouvy.be\/index.php?rest_route=\/wp\/v2\/pages\/4531\/revisions"}],"predecessor-version":[{"id":8236,"href":"https:\/\/www.prouvy.be\/index.php?rest_route=\/wp\/v2\/pages\/4531\/revisions\/8236"}],"wp:attachment":[{"href":"https:\/\/www.prouvy.be\/index.php?rest_route=%2Fwp%2Fv2%2Fmedia&parent=4531"}],"curies":[{"name":"wp","href":"https:\/\/api.w.org\/{rel}","templated":true}]}}