{"id":390,"date":"2014-08-10T22:23:27","date_gmt":"2014-08-10T20:23:27","guid":{"rendered":"http:\/\/new.prouvy.be\/?page_id=390"},"modified":"2014-08-10T22:23:27","modified_gmt":"2014-08-10T20:23:27","slug":"installation-de-bacs-a-fleurs","status":"publish","type":"page","link":"https:\/\/www.prouvy.be\/?page_id=390","title":{"rendered":"Installation de bacs \u00e0 fleurs"},"content":{"rendered":"<div id=\"fb-root\"><\/div>\n<p><span style=\"color: #000000;\">Dans le but d\u2019embellir notre village nous avons d\u00e9cid\u00e9 d\u2019installer des bacs \u00e0 fleurs. L\u2019installation a donn\u00e9 lieu \u00e0 une journ\u00e9e de travail \u00e9pique qui s\u2019est termin\u00e9e par une pizza party pour ceux qui s\u2019en souviennent (certains se demandent toujours comment il est possible de se prendre des coups de soleil au mois de mars !) La construction termin\u00e9e, les bacs ont \u00e9t\u00e9 remplis de terreau. Des fleurs annuelles ont ensuite \u00e9t\u00e9 plant\u00e9es.<\/span><\/p>\n<p style=\"color: #000000;\">\n<p><span style=\"color: #000000;\">En automne, des bulbes de narcisses furent plant\u00e9s pour fleurir au printemps prochain.<\/span><\/p>\n<p><!-- index.php -->\n<div\n\tclass=\"ngg-galleryoverview\n\t ngg-ajax-pagination-none\t\"\n\tid=\"ngg-gallery-e796d22af87d995d1c5d65c322af3842-1\">\n\n\t\t<div class=\"slideshowlink\">\n\t\t<a href='https:\/\/www.prouvy.be\/index.php\/nggallery\/slideshow?page_id=390'>[Show slideshow]<\/a>\n\n\t<\/div>\n\t\t\t<!-- Thumbnails -->\n\t\t\t\t<div id=\"ngg-image-0\" class=\"ngg-gallery-thumbnail-box\"\n\t\t\t\t\t\t\t\t\t\t\t>\n\t\t\t\t\t\t<div class=\"ngg-gallery-thumbnail\">\n\t\t\t<a href=\"https:\/\/www.prouvy.be\/wp-content\/gallery\/installation-de-bacs-a-fleurs\/Bac_2004_11.jpg\"\n\t\t\t\ttitle=\" \"\n\t\t\t\tdata-src=\"https:\/\/www.prouvy.be\/wp-content\/gallery\/installation-de-bacs-a-fleurs\/Bac_2004_11.jpg\"\n\t\t\t\tdata-thumbnail=\"https:\/\/www.prouvy.be\/wp-content\/gallery\/installation-de-bacs-a-fleurs\/thumbs\/thumbs_Bac_2004_11.jpg\"\n\t\t\t\tdata-image-id=\"47\"\n\t\t\t\tdata-title=\"Bac_2004_11\"\n\t\t\t\tdata-description=\" \"\n\t\t\t\tdata-image-slug=\"bac_2004_11\"\n\t\t\t\tclass=\"ngg-fancybox\" rel=\"e796d22af87d995d1c5d65c322af3842\">\n\t\t\t\t<img\n\t\t\t\t\ttitle=\"Bac_2004_11\"\n\t\t\t\t\talt=\"Bac_2004_11\"\n\t\t\t\t\tsrc=\"https:\/\/www.prouvy.be\/wp-content\/gallery\/installation-de-bacs-a-fleurs\/thumbs\/thumbs_Bac_2004_11.jpg\"\n\t\t\t\t\twidth=\"120\"\n\t\t\t\t\theight=\"90\"\n\t\t\t\t\tstyle=\"max-width:100%;\"\n\t\t\t\t\/>\n\t\t\t<\/a>\n\t\t<\/div>\n\t\t\t\t\t\t\t<\/div>\n\t\t\t\n\t\t\n\t\t\t\t<div id=\"ngg-image-1\" class=\"ngg-gallery-thumbnail-box\"\n\t\t\t\t\t\t\t\t\t\t\t>\n\t\t\t\t\t\t<div class=\"ngg-gallery-thumbnail\">\n\t\t\t<a href=\"https:\/\/www.prouvy.be\/wp-content\/gallery\/installation-de-bacs-a-fleurs\/Bac_2004_20.jpg\"\n\t\t\t\ttitle=\" \"\n\t\t\t\tdata-src=\"https:\/\/www.prouvy.be\/wp-content\/gallery\/installation-de-bacs-a-fleurs\/Bac_2004_20.jpg\"\n\t\t\t\tdata-thumbnail=\"https:\/\/www.prouvy.be\/wp-content\/gallery\/installation-de-bacs-a-fleurs\/thumbs\/thumbs_Bac_2004_20.jpg\"\n\t\t\t\tdata-image-id=\"56\"\n\t\t\t\tdata-title=\"Bac_2004_20\"\n\t\t\t\tdata-description=\" \"\n\t\t\t\tdata-image-slug=\"bac_2004_20\"\n\t\t\t\tclass=\"ngg-fancybox\" rel=\"e796d22af87d995d1c5d65c322af3842\">\n\t\t\t\t<img\n\t\t\t\t\ttitle=\"Bac_2004_20\"\n\t\t\t\t\talt=\"Bac_2004_20\"\n\t\t\t\t\tsrc=\"https:\/\/www.prouvy.be\/wp-content\/gallery\/installation-de-bacs-a-fleurs\/thumbs\/thumbs_Bac_2004_20.jpg\"\n\t\t\t\t\twidth=\"120\"\n\t\t\t\t\theight=\"90\"\n\t\t\t\t\tstyle=\"max-width:100%;\"\n\t\t\t\t\/>\n\t\t\t<\/a>\n\t\t<\/div>\n\t\t\t\t\t\t\t<\/div>\n\t\t\t\n\t\t\n\t\t\t\t<div id=\"ngg-image-2\" class=\"ngg-gallery-thumbnail-box\"\n\t\t\t\t\t\t\t\t\t\t\t>\n\t\t\t\t\t\t<div class=\"ngg-gallery-thumbnail\">\n\t\t\t<a href=\"https:\/\/www.prouvy.be\/wp-content\/gallery\/installation-de-bacs-a-fleurs\/Bac_2004_19.jpg\"\n\t\t\t\ttitle=\" \"\n\t\t\t\tdata-src=\"https:\/\/www.prouvy.be\/wp-content\/gallery\/installation-de-bacs-a-fleurs\/Bac_2004_19.jpg\"\n\t\t\t\tdata-thumbnail=\"https:\/\/www.prouvy.be\/wp-content\/gallery\/installation-de-bacs-a-fleurs\/thumbs\/thumbs_Bac_2004_19.jpg\"\n\t\t\t\tdata-image-id=\"55\"\n\t\t\t\tdata-title=\"Bac_2004_19\"\n\t\t\t\tdata-description=\" \"\n\t\t\t\tdata-image-slug=\"bac_2004_19\"\n\t\t\t\tclass=\"ngg-fancybox\" rel=\"e796d22af87d995d1c5d65c322af3842\">\n\t\t\t\t<img\n\t\t\t\t\ttitle=\"Bac_2004_19\"\n\t\t\t\t\talt=\"Bac_2004_19\"\n\t\t\t\t\tsrc=\"https:\/\/www.prouvy.be\/wp-content\/gallery\/installation-de-bacs-a-fleurs\/thumbs\/thumbs_Bac_2004_19.jpg\"\n\t\t\t\t\twidth=\"120\"\n\t\t\t\t\theight=\"90\"\n\t\t\t\t\tstyle=\"max-width:100%;\"\n\t\t\t\t\/>\n\t\t\t<\/a>\n\t\t<\/div>\n\t\t\t\t\t\t\t<\/div>\n\t\t\t\n\t\t\n\t\t\t\t<div id=\"ngg-image-3\" class=\"ngg-gallery-thumbnail-box\"\n\t\t\t\t\t\t\t\t\t\t\t>\n\t\t\t\t\t\t<div class=\"ngg-gallery-thumbnail\">\n\t\t\t<a href=\"https:\/\/www.prouvy.be\/wp-content\/gallery\/installation-de-bacs-a-fleurs\/Bac_2004_18.jpg\"\n\t\t\t\ttitle=\" \"\n\t\t\t\tdata-src=\"https:\/\/www.prouvy.be\/wp-content\/gallery\/installation-de-bacs-a-fleurs\/Bac_2004_18.jpg\"\n\t\t\t\tdata-thumbnail=\"https:\/\/www.prouvy.be\/wp-content\/gallery\/installation-de-bacs-a-fleurs\/thumbs\/thumbs_Bac_2004_18.jpg\"\n\t\t\t\tdata-image-id=\"54\"\n\t\t\t\tdata-title=\"Bac_2004_18\"\n\t\t\t\tdata-description=\" \"\n\t\t\t\tdata-image-slug=\"bac_2004_18\"\n\t\t\t\tclass=\"ngg-fancybox\" rel=\"e796d22af87d995d1c5d65c322af3842\">\n\t\t\t\t<img\n\t\t\t\t\ttitle=\"Bac_2004_18\"\n\t\t\t\t\talt=\"Bac_2004_18\"\n\t\t\t\t\tsrc=\"https:\/\/www.prouvy.be\/wp-content\/gallery\/installation-de-bacs-a-fleurs\/thumbs\/thumbs_Bac_2004_18.jpg\"\n\t\t\t\t\twidth=\"120\"\n\t\t\t\t\theight=\"90\"\n\t\t\t\t\tstyle=\"max-width:100%;\"\n\t\t\t\t\/>\n\t\t\t<\/a>\n\t\t<\/div>\n\t\t\t\t\t\t\t<\/div>\n\t\t\t\n\t\t\n\t\t\t\t<div id=\"ngg-image-4\" class=\"ngg-gallery-thumbnail-box\"\n\t\t\t\t\t\t\t\t\t\t\t>\n\t\t\t\t\t\t<div class=\"ngg-gallery-thumbnail\">\n\t\t\t<a href=\"https:\/\/www.prouvy.be\/wp-content\/gallery\/installation-de-bacs-a-fleurs\/Bac_2004_17.jpg\"\n\t\t\t\ttitle=\" \"\n\t\t\t\tdata-src=\"https:\/\/www.prouvy.be\/wp-content\/gallery\/installation-de-bacs-a-fleurs\/Bac_2004_17.jpg\"\n\t\t\t\tdata-thumbnail=\"https:\/\/www.prouvy.be\/wp-content\/gallery\/installation-de-bacs-a-fleurs\/thumbs\/thumbs_Bac_2004_17.jpg\"\n\t\t\t\tdata-image-id=\"53\"\n\t\t\t\tdata-title=\"Bac_2004_17\"\n\t\t\t\tdata-description=\" \"\n\t\t\t\tdata-image-slug=\"bac_2004_17\"\n\t\t\t\tclass=\"ngg-fancybox\" rel=\"e796d22af87d995d1c5d65c322af3842\">\n\t\t\t\t<img\n\t\t\t\t\ttitle=\"Bac_2004_17\"\n\t\t\t\t\talt=\"Bac_2004_17\"\n\t\t\t\t\tsrc=\"https:\/\/www.prouvy.be\/wp-content\/gallery\/installation-de-bacs-a-fleurs\/thumbs\/thumbs_Bac_2004_17.jpg\"\n\t\t\t\t\twidth=\"120\"\n\t\t\t\t\theight=\"90\"\n\t\t\t\t\tstyle=\"max-width:100%;\"\n\t\t\t\t\/>\n\t\t\t<\/a>\n\t\t<\/div>\n\t\t\t\t\t\t\t<\/div>\n\t\t\t\n\t\t\n\t\t\t\t<div id=\"ngg-image-5\" class=\"ngg-gallery-thumbnail-box\"\n\t\t\t\t\t\t\t\t\t\t\t>\n\t\t\t\t\t\t<div class=\"ngg-gallery-thumbnail\">\n\t\t\t<a href=\"https:\/\/www.prouvy.be\/wp-content\/gallery\/installation-de-bacs-a-fleurs\/Bac_2004_16.jpg\"\n\t\t\t\ttitle=\" \"\n\t\t\t\tdata-src=\"https:\/\/www.prouvy.be\/wp-content\/gallery\/installation-de-bacs-a-fleurs\/Bac_2004_16.jpg\"\n\t\t\t\tdata-thumbnail=\"https:\/\/www.prouvy.be\/wp-content\/gallery\/installation-de-bacs-a-fleurs\/thumbs\/thumbs_Bac_2004_16.jpg\"\n\t\t\t\tdata-image-id=\"52\"\n\t\t\t\tdata-title=\"Bac_2004_16\"\n\t\t\t\tdata-description=\" \"\n\t\t\t\tdata-image-slug=\"bac_2004_16\"\n\t\t\t\tclass=\"ngg-fancybox\" rel=\"e796d22af87d995d1c5d65c322af3842\">\n\t\t\t\t<img\n\t\t\t\t\ttitle=\"Bac_2004_16\"\n\t\t\t\t\talt=\"Bac_2004_16\"\n\t\t\t\t\tsrc=\"https:\/\/www.prouvy.be\/wp-content\/gallery\/installation-de-bacs-a-fleurs\/thumbs\/thumbs_Bac_2004_16.jpg\"\n\t\t\t\t\twidth=\"120\"\n\t\t\t\t\theight=\"90\"\n\t\t\t\t\tstyle=\"max-width:100%;\"\n\t\t\t\t\/>\n\t\t\t<\/a>\n\t\t<\/div>\n\t\t\t\t\t\t\t<\/div>\n\t\t\t\n\t\t\n\t\t\t\t<div id=\"ngg-image-6\" class=\"ngg-gallery-thumbnail-box\"\n\t\t\t\t\t\t\t\t\t\t\t>\n\t\t\t\t\t\t<div class=\"ngg-gallery-thumbnail\">\n\t\t\t<a href=\"https:\/\/www.prouvy.be\/wp-content\/gallery\/installation-de-bacs-a-fleurs\/Bac_2004_15.jpg\"\n\t\t\t\ttitle=\" \"\n\t\t\t\tdata-src=\"https:\/\/www.prouvy.be\/wp-content\/gallery\/installation-de-bacs-a-fleurs\/Bac_2004_15.jpg\"\n\t\t\t\tdata-thumbnail=\"https:\/\/www.prouvy.be\/wp-content\/gallery\/installation-de-bacs-a-fleurs\/thumbs\/thumbs_Bac_2004_15.jpg\"\n\t\t\t\tdata-image-id=\"51\"\n\t\t\t\tdata-title=\"Bac_2004_15\"\n\t\t\t\tdata-description=\" \"\n\t\t\t\tdata-image-slug=\"bac_2004_15\"\n\t\t\t\tclass=\"ngg-fancybox\" rel=\"e796d22af87d995d1c5d65c322af3842\">\n\t\t\t\t<img\n\t\t\t\t\ttitle=\"Bac_2004_15\"\n\t\t\t\t\talt=\"Bac_2004_15\"\n\t\t\t\t\tsrc=\"https:\/\/www.prouvy.be\/wp-content\/gallery\/installation-de-bacs-a-fleurs\/thumbs\/thumbs_Bac_2004_15.jpg\"\n\t\t\t\t\twidth=\"120\"\n\t\t\t\t\theight=\"90\"\n\t\t\t\t\tstyle=\"max-width:100%;\"\n\t\t\t\t\/>\n\t\t\t<\/a>\n\t\t<\/div>\n\t\t\t\t\t\t\t<\/div>\n\t\t\t\n\t\t\n\t\t\t\t<div id=\"ngg-image-7\" class=\"ngg-gallery-thumbnail-box\"\n\t\t\t\t\t\t\t\t\t\t\t>\n\t\t\t\t\t\t<div class=\"ngg-gallery-thumbnail\">\n\t\t\t<a href=\"https:\/\/www.prouvy.be\/wp-content\/gallery\/installation-de-bacs-a-fleurs\/Bac_2004_14.jpg\"\n\t\t\t\ttitle=\" \"\n\t\t\t\tdata-src=\"https:\/\/www.prouvy.be\/wp-content\/gallery\/installation-de-bacs-a-fleurs\/Bac_2004_14.jpg\"\n\t\t\t\tdata-thumbnail=\"https:\/\/www.prouvy.be\/wp-content\/gallery\/installation-de-bacs-a-fleurs\/thumbs\/thumbs_Bac_2004_14.jpg\"\n\t\t\t\tdata-image-id=\"50\"\n\t\t\t\tdata-title=\"Bac_2004_14\"\n\t\t\t\tdata-description=\" \"\n\t\t\t\tdata-image-slug=\"bac_2004_14\"\n\t\t\t\tclass=\"ngg-fancybox\" rel=\"e796d22af87d995d1c5d65c322af3842\">\n\t\t\t\t<img\n\t\t\t\t\ttitle=\"Bac_2004_14\"\n\t\t\t\t\talt=\"Bac_2004_14\"\n\t\t\t\t\tsrc=\"https:\/\/www.prouvy.be\/wp-content\/gallery\/installation-de-bacs-a-fleurs\/thumbs\/thumbs_Bac_2004_14.jpg\"\n\t\t\t\t\twidth=\"120\"\n\t\t\t\t\theight=\"90\"\n\t\t\t\t\tstyle=\"max-width:100%;\"\n\t\t\t\t\/>\n\t\t\t<\/a>\n\t\t<\/div>\n\t\t\t\t\t\t\t<\/div>\n\t\t\t\n\t\t\n\t\t\t\t<div id=\"ngg-image-8\" class=\"ngg-gallery-thumbnail-box\"\n\t\t\t\t\t\t\t\t\t\t\t>\n\t\t\t\t\t\t<div class=\"ngg-gallery-thumbnail\">\n\t\t\t<a href=\"https:\/\/www.prouvy.be\/wp-content\/gallery\/installation-de-bacs-a-fleurs\/Bac_2004_13.jpg\"\n\t\t\t\ttitle=\" \"\n\t\t\t\tdata-src=\"https:\/\/www.prouvy.be\/wp-content\/gallery\/installation-de-bacs-a-fleurs\/Bac_2004_13.jpg\"\n\t\t\t\tdata-thumbnail=\"https:\/\/www.prouvy.be\/wp-content\/gallery\/installation-de-bacs-a-fleurs\/thumbs\/thumbs_Bac_2004_13.jpg\"\n\t\t\t\tdata-image-id=\"49\"\n\t\t\t\tdata-title=\"Bac_2004_13\"\n\t\t\t\tdata-description=\" \"\n\t\t\t\tdata-image-slug=\"bac_2004_13\"\n\t\t\t\tclass=\"ngg-fancybox\" rel=\"e796d22af87d995d1c5d65c322af3842\">\n\t\t\t\t<img\n\t\t\t\t\ttitle=\"Bac_2004_13\"\n\t\t\t\t\talt=\"Bac_2004_13\"\n\t\t\t\t\tsrc=\"https:\/\/www.prouvy.be\/wp-content\/gallery\/installation-de-bacs-a-fleurs\/thumbs\/thumbs_Bac_2004_13.jpg\"\n\t\t\t\t\twidth=\"120\"\n\t\t\t\t\theight=\"90\"\n\t\t\t\t\tstyle=\"max-width:100%;\"\n\t\t\t\t\/>\n\t\t\t<\/a>\n\t\t<\/div>\n\t\t\t\t\t\t\t<\/div>\n\t\t\t\n\t\t\n\t\t\t\t<div id=\"ngg-image-9\" class=\"ngg-gallery-thumbnail-box\"\n\t\t\t\t\t\t\t\t\t\t\t>\n\t\t\t\t\t\t<div class=\"ngg-gallery-thumbnail\">\n\t\t\t<a href=\"https:\/\/www.prouvy.be\/wp-content\/gallery\/installation-de-bacs-a-fleurs\/Bac_2004_12.jpg\"\n\t\t\t\ttitle=\" \"\n\t\t\t\tdata-src=\"https:\/\/www.prouvy.be\/wp-content\/gallery\/installation-de-bacs-a-fleurs\/Bac_2004_12.jpg\"\n\t\t\t\tdata-thumbnail=\"https:\/\/www.prouvy.be\/wp-content\/gallery\/installation-de-bacs-a-fleurs\/thumbs\/thumbs_Bac_2004_12.jpg\"\n\t\t\t\tdata-image-id=\"48\"\n\t\t\t\tdata-title=\"Bac_2004_12\"\n\t\t\t\tdata-description=\" \"\n\t\t\t\tdata-image-slug=\"bac_2004_12\"\n\t\t\t\tclass=\"ngg-fancybox\" rel=\"e796d22af87d995d1c5d65c322af3842\">\n\t\t\t\t<img\n\t\t\t\t\ttitle=\"Bac_2004_12\"\n\t\t\t\t\talt=\"Bac_2004_12\"\n\t\t\t\t\tsrc=\"https:\/\/www.prouvy.be\/wp-content\/gallery\/installation-de-bacs-a-fleurs\/thumbs\/thumbs_Bac_2004_12.jpg\"\n\t\t\t\t\twidth=\"120\"\n\t\t\t\t\theight=\"90\"\n\t\t\t\t\tstyle=\"max-width:100%;\"\n\t\t\t\t\/>\n\t\t\t<\/a>\n\t\t<\/div>\n\t\t\t\t\t\t\t<\/div>\n\t\t\t\n\t\t\n\t\t\t\t<div id=\"ngg-image-10\" class=\"ngg-gallery-thumbnail-box\"\n\t\t\t\t\t\t\t\t\t\t\t>\n\t\t\t\t\t\t<div class=\"ngg-gallery-thumbnail\">\n\t\t\t<a href=\"https:\/\/www.prouvy.be\/wp-content\/gallery\/installation-de-bacs-a-fleurs\/Bac_2004_01.jpg\"\n\t\t\t\ttitle=\"\"\n\t\t\t\tdata-src=\"https:\/\/www.prouvy.be\/wp-content\/gallery\/installation-de-bacs-a-fleurs\/Bac_2004_01.jpg\"\n\t\t\t\tdata-thumbnail=\"https:\/\/www.prouvy.be\/wp-content\/gallery\/installation-de-bacs-a-fleurs\/thumbs\/thumbs_Bac_2004_01.jpg\"\n\t\t\t\tdata-image-id=\"37\"\n\t\t\t\tdata-title=\"Bac_2004_01\"\n\t\t\t\tdata-description=\"\"\n\t\t\t\tdata-image-slug=\"bac_2004_01\"\n\t\t\t\tclass=\"ngg-fancybox\" rel=\"e796d22af87d995d1c5d65c322af3842\">\n\t\t\t\t<img\n\t\t\t\t\ttitle=\"Bac_2004_01\"\n\t\t\t\t\talt=\"Bac_2004_01\"\n\t\t\t\t\tsrc=\"https:\/\/www.prouvy.be\/wp-content\/gallery\/installation-de-bacs-a-fleurs\/thumbs\/thumbs_Bac_2004_01.jpg\"\n\t\t\t\t\twidth=\"120\"\n\t\t\t\t\theight=\"90\"\n\t\t\t\t\tstyle=\"max-width:100%;\"\n\t\t\t\t\/>\n\t\t\t<\/a>\n\t\t<\/div>\n\t\t\t\t\t\t\t<\/div>\n\t\t\t\n\t\t\n\t\t\t\t<div id=\"ngg-image-11\" class=\"ngg-gallery-thumbnail-box\"\n\t\t\t\t\t\t\t\t\t\t\t>\n\t\t\t\t\t\t<div class=\"ngg-gallery-thumbnail\">\n\t\t\t<a href=\"https:\/\/www.prouvy.be\/wp-content\/gallery\/installation-de-bacs-a-fleurs\/Bac_2004_10.jpg\"\n\t\t\t\ttitle=\" \"\n\t\t\t\tdata-src=\"https:\/\/www.prouvy.be\/wp-content\/gallery\/installation-de-bacs-a-fleurs\/Bac_2004_10.jpg\"\n\t\t\t\tdata-thumbnail=\"https:\/\/www.prouvy.be\/wp-content\/gallery\/installation-de-bacs-a-fleurs\/thumbs\/thumbs_Bac_2004_10.jpg\"\n\t\t\t\tdata-image-id=\"46\"\n\t\t\t\tdata-title=\"Bac_2004_10\"\n\t\t\t\tdata-description=\" \"\n\t\t\t\tdata-image-slug=\"bac_2004_10\"\n\t\t\t\tclass=\"ngg-fancybox\" rel=\"e796d22af87d995d1c5d65c322af3842\">\n\t\t\t\t<img\n\t\t\t\t\ttitle=\"Bac_2004_10\"\n\t\t\t\t\talt=\"Bac_2004_10\"\n\t\t\t\t\tsrc=\"https:\/\/www.prouvy.be\/wp-content\/gallery\/installation-de-bacs-a-fleurs\/thumbs\/thumbs_Bac_2004_10.jpg\"\n\t\t\t\t\twidth=\"120\"\n\t\t\t\t\theight=\"90\"\n\t\t\t\t\tstyle=\"max-width:100%;\"\n\t\t\t\t\/>\n\t\t\t<\/a>\n\t\t<\/div>\n\t\t\t\t\t\t\t<\/div>\n\t\t\t\n\t\t\n\t\t\t\t<div id=\"ngg-image-12\" class=\"ngg-gallery-thumbnail-box\"\n\t\t\t\t\t\t\t\t\t\t\t>\n\t\t\t\t\t\t<div class=\"ngg-gallery-thumbnail\">\n\t\t\t<a href=\"https:\/\/www.prouvy.be\/wp-content\/gallery\/installation-de-bacs-a-fleurs\/Bac_2004_09.jpg\"\n\t\t\t\ttitle=\" \"\n\t\t\t\tdata-src=\"https:\/\/www.prouvy.be\/wp-content\/gallery\/installation-de-bacs-a-fleurs\/Bac_2004_09.jpg\"\n\t\t\t\tdata-thumbnail=\"https:\/\/www.prouvy.be\/wp-content\/gallery\/installation-de-bacs-a-fleurs\/thumbs\/thumbs_Bac_2004_09.jpg\"\n\t\t\t\tdata-image-id=\"45\"\n\t\t\t\tdata-title=\"Bac_2004_09\"\n\t\t\t\tdata-description=\" \"\n\t\t\t\tdata-image-slug=\"bac_2004_09\"\n\t\t\t\tclass=\"ngg-fancybox\" rel=\"e796d22af87d995d1c5d65c322af3842\">\n\t\t\t\t<img\n\t\t\t\t\ttitle=\"Bac_2004_09\"\n\t\t\t\t\talt=\"Bac_2004_09\"\n\t\t\t\t\tsrc=\"https:\/\/www.prouvy.be\/wp-content\/gallery\/installation-de-bacs-a-fleurs\/thumbs\/thumbs_Bac_2004_09.jpg\"\n\t\t\t\t\twidth=\"120\"\n\t\t\t\t\theight=\"90\"\n\t\t\t\t\tstyle=\"max-width:100%;\"\n\t\t\t\t\/>\n\t\t\t<\/a>\n\t\t<\/div>\n\t\t\t\t\t\t\t<\/div>\n\t\t\t\n\t\t\n\t\t\t\t<div id=\"ngg-image-13\" class=\"ngg-gallery-thumbnail-box\"\n\t\t\t\t\t\t\t\t\t\t\t>\n\t\t\t\t\t\t<div class=\"ngg-gallery-thumbnail\">\n\t\t\t<a href=\"https:\/\/www.prouvy.be\/wp-content\/gallery\/installation-de-bacs-a-fleurs\/Bac_2004_08.jpg\"\n\t\t\t\ttitle=\" \"\n\t\t\t\tdata-src=\"https:\/\/www.prouvy.be\/wp-content\/gallery\/installation-de-bacs-a-fleurs\/Bac_2004_08.jpg\"\n\t\t\t\tdata-thumbnail=\"https:\/\/www.prouvy.be\/wp-content\/gallery\/installation-de-bacs-a-fleurs\/thumbs\/thumbs_Bac_2004_08.jpg\"\n\t\t\t\tdata-image-id=\"44\"\n\t\t\t\tdata-title=\"Bac_2004_08\"\n\t\t\t\tdata-description=\" \"\n\t\t\t\tdata-image-slug=\"bac_2004_08\"\n\t\t\t\tclass=\"ngg-fancybox\" rel=\"e796d22af87d995d1c5d65c322af3842\">\n\t\t\t\t<img\n\t\t\t\t\ttitle=\"Bac_2004_08\"\n\t\t\t\t\talt=\"Bac_2004_08\"\n\t\t\t\t\tsrc=\"https:\/\/www.prouvy.be\/wp-content\/gallery\/installation-de-bacs-a-fleurs\/thumbs\/thumbs_Bac_2004_08.jpg\"\n\t\t\t\t\twidth=\"120\"\n\t\t\t\t\theight=\"90\"\n\t\t\t\t\tstyle=\"max-width:100%;\"\n\t\t\t\t\/>\n\t\t\t<\/a>\n\t\t<\/div>\n\t\t\t\t\t\t\t<\/div>\n\t\t\t\n\t\t\n\t\t\t\t<div id=\"ngg-image-14\" class=\"ngg-gallery-thumbnail-box\"\n\t\t\t\t\t\t\t\t\t\t\t>\n\t\t\t\t\t\t<div class=\"ngg-gallery-thumbnail\">\n\t\t\t<a href=\"https:\/\/www.prouvy.be\/wp-content\/gallery\/installation-de-bacs-a-fleurs\/Bac_2004_07.jpg\"\n\t\t\t\ttitle=\" \"\n\t\t\t\tdata-src=\"https:\/\/www.prouvy.be\/wp-content\/gallery\/installation-de-bacs-a-fleurs\/Bac_2004_07.jpg\"\n\t\t\t\tdata-thumbnail=\"https:\/\/www.prouvy.be\/wp-content\/gallery\/installation-de-bacs-a-fleurs\/thumbs\/thumbs_Bac_2004_07.jpg\"\n\t\t\t\tdata-image-id=\"43\"\n\t\t\t\tdata-title=\"Bac_2004_07\"\n\t\t\t\tdata-description=\" \"\n\t\t\t\tdata-image-slug=\"bac_2004_07\"\n\t\t\t\tclass=\"ngg-fancybox\" rel=\"e796d22af87d995d1c5d65c322af3842\">\n\t\t\t\t<img\n\t\t\t\t\ttitle=\"Bac_2004_07\"\n\t\t\t\t\talt=\"Bac_2004_07\"\n\t\t\t\t\tsrc=\"https:\/\/www.prouvy.be\/wp-content\/gallery\/installation-de-bacs-a-fleurs\/thumbs\/thumbs_Bac_2004_07.jpg\"\n\t\t\t\t\twidth=\"120\"\n\t\t\t\t\theight=\"90\"\n\t\t\t\t\tstyle=\"max-width:100%;\"\n\t\t\t\t\/>\n\t\t\t<\/a>\n\t\t<\/div>\n\t\t\t\t\t\t\t<\/div>\n\t\t\t\n\t\t\n\t\t\t\t<div id=\"ngg-image-15\" class=\"ngg-gallery-thumbnail-box\"\n\t\t\t\t\t\t\t\t\t\t\t>\n\t\t\t\t\t\t<div class=\"ngg-gallery-thumbnail\">\n\t\t\t<a href=\"https:\/\/www.prouvy.be\/wp-content\/gallery\/installation-de-bacs-a-fleurs\/Bac_2004_06.jpg\"\n\t\t\t\ttitle=\" \"\n\t\t\t\tdata-src=\"https:\/\/www.prouvy.be\/wp-content\/gallery\/installation-de-bacs-a-fleurs\/Bac_2004_06.jpg\"\n\t\t\t\tdata-thumbnail=\"https:\/\/www.prouvy.be\/wp-content\/gallery\/installation-de-bacs-a-fleurs\/thumbs\/thumbs_Bac_2004_06.jpg\"\n\t\t\t\tdata-image-id=\"42\"\n\t\t\t\tdata-title=\"Bac_2004_06\"\n\t\t\t\tdata-description=\" \"\n\t\t\t\tdata-image-slug=\"bac_2004_06\"\n\t\t\t\tclass=\"ngg-fancybox\" rel=\"e796d22af87d995d1c5d65c322af3842\">\n\t\t\t\t<img\n\t\t\t\t\ttitle=\"Bac_2004_06\"\n\t\t\t\t\talt=\"Bac_2004_06\"\n\t\t\t\t\tsrc=\"https:\/\/www.prouvy.be\/wp-content\/gallery\/installation-de-bacs-a-fleurs\/thumbs\/thumbs_Bac_2004_06.jpg\"\n\t\t\t\t\twidth=\"120\"\n\t\t\t\t\theight=\"90\"\n\t\t\t\t\tstyle=\"max-width:100%;\"\n\t\t\t\t\/>\n\t\t\t<\/a>\n\t\t<\/div>\n\t\t\t\t\t\t\t<\/div>\n\t\t\t\n\t\t\n\t\t\t\t<div id=\"ngg-image-16\" class=\"ngg-gallery-thumbnail-box\"\n\t\t\t\t\t\t\t\t\t\t\t>\n\t\t\t\t\t\t<div class=\"ngg-gallery-thumbnail\">\n\t\t\t<a href=\"https:\/\/www.prouvy.be\/wp-content\/gallery\/installation-de-bacs-a-fleurs\/Bac_2004_05.jpg\"\n\t\t\t\ttitle=\" \"\n\t\t\t\tdata-src=\"https:\/\/www.prouvy.be\/wp-content\/gallery\/installation-de-bacs-a-fleurs\/Bac_2004_05.jpg\"\n\t\t\t\tdata-thumbnail=\"https:\/\/www.prouvy.be\/wp-content\/gallery\/installation-de-bacs-a-fleurs\/thumbs\/thumbs_Bac_2004_05.jpg\"\n\t\t\t\tdata-image-id=\"41\"\n\t\t\t\tdata-title=\"Bac_2004_05\"\n\t\t\t\tdata-description=\" \"\n\t\t\t\tdata-image-slug=\"bac_2004_05\"\n\t\t\t\tclass=\"ngg-fancybox\" rel=\"e796d22af87d995d1c5d65c322af3842\">\n\t\t\t\t<img\n\t\t\t\t\ttitle=\"Bac_2004_05\"\n\t\t\t\t\talt=\"Bac_2004_05\"\n\t\t\t\t\tsrc=\"https:\/\/www.prouvy.be\/wp-content\/gallery\/installation-de-bacs-a-fleurs\/thumbs\/thumbs_Bac_2004_05.jpg\"\n\t\t\t\t\twidth=\"120\"\n\t\t\t\t\theight=\"90\"\n\t\t\t\t\tstyle=\"max-width:100%;\"\n\t\t\t\t\/>\n\t\t\t<\/a>\n\t\t<\/div>\n\t\t\t\t\t\t\t<\/div>\n\t\t\t\n\t\t\n\t\t\t\t<div id=\"ngg-image-17\" class=\"ngg-gallery-thumbnail-box\"\n\t\t\t\t\t\t\t\t\t\t\t>\n\t\t\t\t\t\t<div class=\"ngg-gallery-thumbnail\">\n\t\t\t<a href=\"https:\/\/www.prouvy.be\/wp-content\/gallery\/installation-de-bacs-a-fleurs\/Bac_2004_04.jpg\"\n\t\t\t\ttitle=\" \"\n\t\t\t\tdata-src=\"https:\/\/www.prouvy.be\/wp-content\/gallery\/installation-de-bacs-a-fleurs\/Bac_2004_04.jpg\"\n\t\t\t\tdata-thumbnail=\"https:\/\/www.prouvy.be\/wp-content\/gallery\/installation-de-bacs-a-fleurs\/thumbs\/thumbs_Bac_2004_04.jpg\"\n\t\t\t\tdata-image-id=\"40\"\n\t\t\t\tdata-title=\"Bac_2004_04\"\n\t\t\t\tdata-description=\" \"\n\t\t\t\tdata-image-slug=\"bac_2004_04\"\n\t\t\t\tclass=\"ngg-fancybox\" rel=\"e796d22af87d995d1c5d65c322af3842\">\n\t\t\t\t<img\n\t\t\t\t\ttitle=\"Bac_2004_04\"\n\t\t\t\t\talt=\"Bac_2004_04\"\n\t\t\t\t\tsrc=\"https:\/\/www.prouvy.be\/wp-content\/gallery\/installation-de-bacs-a-fleurs\/thumbs\/thumbs_Bac_2004_04.jpg\"\n\t\t\t\t\twidth=\"120\"\n\t\t\t\t\theight=\"90\"\n\t\t\t\t\tstyle=\"max-width:100%;\"\n\t\t\t\t\/>\n\t\t\t<\/a>\n\t\t<\/div>\n\t\t\t\t\t\t\t<\/div>\n\t\t\t\n\t\t\n\t\t\t\t<div id=\"ngg-image-18\" class=\"ngg-gallery-thumbnail-box\"\n\t\t\t\t\t\t\t\t\t\t\t>\n\t\t\t\t\t\t<div class=\"ngg-gallery-thumbnail\">\n\t\t\t<a href=\"https:\/\/www.prouvy.be\/wp-content\/gallery\/installation-de-bacs-a-fleurs\/Bac_2004_03.jpg\"\n\t\t\t\ttitle=\" \"\n\t\t\t\tdata-src=\"https:\/\/www.prouvy.be\/wp-content\/gallery\/installation-de-bacs-a-fleurs\/Bac_2004_03.jpg\"\n\t\t\t\tdata-thumbnail=\"https:\/\/www.prouvy.be\/wp-content\/gallery\/installation-de-bacs-a-fleurs\/thumbs\/thumbs_Bac_2004_03.jpg\"\n\t\t\t\tdata-image-id=\"39\"\n\t\t\t\tdata-title=\"Bac_2004_03\"\n\t\t\t\tdata-description=\" \"\n\t\t\t\tdata-image-slug=\"bac_2004_03\"\n\t\t\t\tclass=\"ngg-fancybox\" rel=\"e796d22af87d995d1c5d65c322af3842\">\n\t\t\t\t<img\n\t\t\t\t\ttitle=\"Bac_2004_03\"\n\t\t\t\t\talt=\"Bac_2004_03\"\n\t\t\t\t\tsrc=\"https:\/\/www.prouvy.be\/wp-content\/gallery\/installation-de-bacs-a-fleurs\/thumbs\/thumbs_Bac_2004_03.jpg\"\n\t\t\t\t\twidth=\"120\"\n\t\t\t\t\theight=\"90\"\n\t\t\t\t\tstyle=\"max-width:100%;\"\n\t\t\t\t\/>\n\t\t\t<\/a>\n\t\t<\/div>\n\t\t\t\t\t\t\t<\/div>\n\t\t\t\n\t\t\n\t\t\t\t<div id=\"ngg-image-19\" class=\"ngg-gallery-thumbnail-box\"\n\t\t\t\t\t\t\t\t\t\t\t>\n\t\t\t\t\t\t<div class=\"ngg-gallery-thumbnail\">\n\t\t\t<a href=\"https:\/\/www.prouvy.be\/wp-content\/gallery\/installation-de-bacs-a-fleurs\/Bac_2004_02.jpg\"\n\t\t\t\ttitle=\" \"\n\t\t\t\tdata-src=\"https:\/\/www.prouvy.be\/wp-content\/gallery\/installation-de-bacs-a-fleurs\/Bac_2004_02.jpg\"\n\t\t\t\tdata-thumbnail=\"https:\/\/www.prouvy.be\/wp-content\/gallery\/installation-de-bacs-a-fleurs\/thumbs\/thumbs_Bac_2004_02.jpg\"\n\t\t\t\tdata-image-id=\"38\"\n\t\t\t\tdata-title=\"Bac_2004_02\"\n\t\t\t\tdata-description=\" \"\n\t\t\t\tdata-image-slug=\"bac_2004_02\"\n\t\t\t\tclass=\"ngg-fancybox\" rel=\"e796d22af87d995d1c5d65c322af3842\">\n\t\t\t\t<img\n\t\t\t\t\ttitle=\"Bac_2004_02\"\n\t\t\t\t\talt=\"Bac_2004_02\"\n\t\t\t\t\tsrc=\"https:\/\/www.prouvy.be\/wp-content\/gallery\/installation-de-bacs-a-fleurs\/thumbs\/thumbs_Bac_2004_02.jpg\"\n\t\t\t\t\twidth=\"120\"\n\t\t\t\t\theight=\"90\"\n\t\t\t\t\tstyle=\"max-width:100%;\"\n\t\t\t\t\/>\n\t\t\t<\/a>\n\t\t<\/div>\n\t\t\t\t\t\t\t<\/div>\n\t\t\t\n\t\t\n\t\t\n\t\t<!-- Pagination -->\n\t\t<div class='ngg-clear'><\/div>\t<\/div>\n<\/p>\n","protected":false},"excerpt":{"rendered":"<p>Dans le but d\u2019embellir notre village nous avons d\u00e9cid\u00e9 d\u2019installer des bacs \u00e0 fleurs. L\u2019installation a donn\u00e9 lieu \u00e0 une journ\u00e9e de travail \u00e9pique qui s\u2019est termin\u00e9e par une pizza party pour ceux qui s\u2019en souviennent (certains se demandent toujours comment il est possible de se prendre des coups de soleil au mois de mars &hellip; <a href=\"https:\/\/www.prouvy.be\/?page_id=390\" class=\"more-link\">Continuer la lecture de <span class=\"screen-reader-text\">Installation de bacs \u00e0 fleurs<\/span>  <span class=\"meta-nav\">&rarr;<\/span><\/a><\/p>\n","protected":false},"author":1,"featured_media":434,"parent":366,"menu_order":0,"comment_status":"open","ping_status":"open","template":"","meta":{"ngg_post_thumbnail":0,"footnotes":""},"class_list":["post-390","page","type-page","status-publish","has-post-thumbnail","hentry"],"post_mailing_queue_ids":[],"_links":{"self":[{"href":"https:\/\/www.prouvy.be\/index.php?rest_route=\/wp\/v2\/pages\/390","targetHints":{"allow":["GET"]}}],"collection":[{"href":"https:\/\/www.prouvy.be\/index.php?rest_route=\/wp\/v2\/pages"}],"about":[{"href":"https:\/\/www.prouvy.be\/index.php?rest_route=\/wp\/v2\/types\/page"}],"author":[{"embeddable":true,"href":"https:\/\/www.prouvy.be\/index.php?rest_route=\/wp\/v2\/users\/1"}],"replies":[{"embeddable":true,"href":"https:\/\/www.prouvy.be\/index.php?rest_route=%2Fwp%2Fv2%2Fcomments&post=390"}],"version-history":[{"count":1,"href":"https:\/\/www.prouvy.be\/index.php?rest_route=\/wp\/v2\/pages\/390\/revisions"}],"predecessor-version":[{"id":435,"href":"https:\/\/www.prouvy.be\/index.php?rest_route=\/wp\/v2\/pages\/390\/revisions\/435"}],"up":[{"embeddable":true,"href":"https:\/\/www.prouvy.be\/index.php?rest_route=\/wp\/v2\/pages\/366"}],"wp:featuredmedia":[{"embeddable":true,"href":"https:\/\/www.prouvy.be\/index.php?rest_route=\/wp\/v2\/media\/434"}],"wp:attachment":[{"href":"https:\/\/www.prouvy.be\/index.php?rest_route=%2Fwp%2Fv2%2Fmedia&parent=390"}],"curies":[{"name":"wp","href":"https:\/\/api.w.org\/{rel}","templated":true}]}}