{"id":3420,"date":"2014-12-29T23:34:06","date_gmt":"2014-12-29T21:34:06","guid":{"rendered":"http:\/\/new.prouvy.be\/?page_id=3420"},"modified":"2014-12-29T23:34:06","modified_gmt":"2014-12-29T21:34:06","slug":"assemblee-generale","status":"publish","type":"page","link":"https:\/\/www.prouvy.be\/?page_id=3420","title":{"rendered":"Assembl\u00e9e g\u00e9n\u00e9rale"},"content":{"rendered":"<div id=\"fb-root\"><\/div>\n<p>Comme l\u2019an dernier, seulement 24 habitants se sont int\u00e9ress\u00e9s \u00e0 l\u2019AG de notre<span class=\"caps\">ASBL<\/span>. Beaucoup trop peu. C\u2019est dommage. D\u2019autant plus que G\u00e9g\u00e9 nous avait pr\u00e9par\u00e9 une excellente pot\u00e9e au choux.<br \/>\nMarthe s\u2019en est retourn\u00e9e avec le magnifique panier de la jardini\u00e8re dont elle a \u00e9valu\u00e9 le poids \u00e0 quelques grammes pr\u00eat.<br \/>\nComme nous arrivions \u00e0 une fin de mandat, l\u2019appel a \u00e9t\u00e9 lanc\u00e9 aux nouvelles candidatures afin de former le futur comit\u00e9.<\/p>\n<p><!-- index.php -->\n<div\n\tclass=\"ngg-galleryoverview\n\t ngg-ajax-pagination-none\t\"\n\tid=\"ngg-gallery-b87b9282d9a3f177aac40929d7cf912f-1\">\n\n\t\t<div class=\"slideshowlink\">\n\t\t<a href='https:\/\/www.prouvy.be\/index.php\/nggallery\/slideshow?page_id=3420'>[Show slideshow]<\/a>\n\n\t<\/div>\n\t\t\t<!-- Thumbnails -->\n\t\t\t\t<div id=\"ngg-image-0\" class=\"ngg-gallery-thumbnail-box\"\n\t\t\t\t\t\t\t\t\t\t\t>\n\t\t\t\t\t\t<div class=\"ngg-gallery-thumbnail\">\n\t\t\t<a href=\"https:\/\/www.prouvy.be\/wp-content\/gallery\/assemblee-generale-2\/Assemble_2013_01.jpg\"\n\t\t\t\ttitle=\"\"\n\t\t\t\tdata-src=\"https:\/\/www.prouvy.be\/wp-content\/gallery\/assemblee-generale-2\/Assemble_2013_01.jpg\"\n\t\t\t\tdata-thumbnail=\"https:\/\/www.prouvy.be\/wp-content\/gallery\/assemblee-generale-2\/thumbs\/thumbs_Assemble_2013_01.jpg\"\n\t\t\t\tdata-image-id=\"1246\"\n\t\t\t\tdata-title=\"Assemble_2013_01\"\n\t\t\t\tdata-description=\"\"\n\t\t\t\tdata-image-slug=\"assemble_2013_01\"\n\t\t\t\tclass=\"ngg-fancybox\" rel=\"b87b9282d9a3f177aac40929d7cf912f\">\n\t\t\t\t<img\n\t\t\t\t\ttitle=\"Assemble_2013_01\"\n\t\t\t\t\talt=\"Assemble_2013_01\"\n\t\t\t\t\tsrc=\"https:\/\/www.prouvy.be\/wp-content\/gallery\/assemblee-generale-2\/thumbs\/thumbs_Assemble_2013_01.jpg\"\n\t\t\t\t\twidth=\"120\"\n\t\t\t\t\theight=\"90\"\n\t\t\t\t\tstyle=\"max-width:100%;\"\n\t\t\t\t\/>\n\t\t\t<\/a>\n\t\t<\/div>\n\t\t\t\t\t\t\t<\/div>\n\t\t\t\n\t\t\n\t\t\t\t<div id=\"ngg-image-1\" class=\"ngg-gallery-thumbnail-box\"\n\t\t\t\t\t\t\t\t\t\t\t>\n\t\t\t\t\t\t<div class=\"ngg-gallery-thumbnail\">\n\t\t\t<a href=\"https:\/\/www.prouvy.be\/wp-content\/gallery\/assemblee-generale-2\/Assemble_2013_02.jpg\"\n\t\t\t\ttitle=\" \"\n\t\t\t\tdata-src=\"https:\/\/www.prouvy.be\/wp-content\/gallery\/assemblee-generale-2\/Assemble_2013_02.jpg\"\n\t\t\t\tdata-thumbnail=\"https:\/\/www.prouvy.be\/wp-content\/gallery\/assemblee-generale-2\/thumbs\/thumbs_Assemble_2013_02.jpg\"\n\t\t\t\tdata-image-id=\"1247\"\n\t\t\t\tdata-title=\"Assemble_2013_02\"\n\t\t\t\tdata-description=\" \"\n\t\t\t\tdata-image-slug=\"assemble_2013_02\"\n\t\t\t\tclass=\"ngg-fancybox\" rel=\"b87b9282d9a3f177aac40929d7cf912f\">\n\t\t\t\t<img\n\t\t\t\t\ttitle=\"Assemble_2013_02\"\n\t\t\t\t\talt=\"Assemble_2013_02\"\n\t\t\t\t\tsrc=\"https:\/\/www.prouvy.be\/wp-content\/gallery\/assemblee-generale-2\/thumbs\/thumbs_Assemble_2013_02.jpg\"\n\t\t\t\t\twidth=\"120\"\n\t\t\t\t\theight=\"90\"\n\t\t\t\t\tstyle=\"max-width:100%;\"\n\t\t\t\t\/>\n\t\t\t<\/a>\n\t\t<\/div>\n\t\t\t\t\t\t\t<\/div>\n\t\t\t\n\t\t\n\t\t\t\t<div id=\"ngg-image-2\" class=\"ngg-gallery-thumbnail-box\"\n\t\t\t\t\t\t\t\t\t\t\t>\n\t\t\t\t\t\t<div class=\"ngg-gallery-thumbnail\">\n\t\t\t<a href=\"https:\/\/www.prouvy.be\/wp-content\/gallery\/assemblee-generale-2\/Assemble_2013_03.jpg\"\n\t\t\t\ttitle=\" \"\n\t\t\t\tdata-src=\"https:\/\/www.prouvy.be\/wp-content\/gallery\/assemblee-generale-2\/Assemble_2013_03.jpg\"\n\t\t\t\tdata-thumbnail=\"https:\/\/www.prouvy.be\/wp-content\/gallery\/assemblee-generale-2\/thumbs\/thumbs_Assemble_2013_03.jpg\"\n\t\t\t\tdata-image-id=\"1248\"\n\t\t\t\tdata-title=\"Assemble_2013_03\"\n\t\t\t\tdata-description=\" \"\n\t\t\t\tdata-image-slug=\"assemble_2013_03\"\n\t\t\t\tclass=\"ngg-fancybox\" rel=\"b87b9282d9a3f177aac40929d7cf912f\">\n\t\t\t\t<img\n\t\t\t\t\ttitle=\"Assemble_2013_03\"\n\t\t\t\t\talt=\"Assemble_2013_03\"\n\t\t\t\t\tsrc=\"https:\/\/www.prouvy.be\/wp-content\/gallery\/assemblee-generale-2\/thumbs\/thumbs_Assemble_2013_03.jpg\"\n\t\t\t\t\twidth=\"120\"\n\t\t\t\t\theight=\"90\"\n\t\t\t\t\tstyle=\"max-width:100%;\"\n\t\t\t\t\/>\n\t\t\t<\/a>\n\t\t<\/div>\n\t\t\t\t\t\t\t<\/div>\n\t\t\t\n\t\t\n\t\t\t\t<div id=\"ngg-image-3\" class=\"ngg-gallery-thumbnail-box\"\n\t\t\t\t\t\t\t\t\t\t\t>\n\t\t\t\t\t\t<div class=\"ngg-gallery-thumbnail\">\n\t\t\t<a href=\"https:\/\/www.prouvy.be\/wp-content\/gallery\/assemblee-generale-2\/Assemble_2013_04.jpg\"\n\t\t\t\ttitle=\" \"\n\t\t\t\tdata-src=\"https:\/\/www.prouvy.be\/wp-content\/gallery\/assemblee-generale-2\/Assemble_2013_04.jpg\"\n\t\t\t\tdata-thumbnail=\"https:\/\/www.prouvy.be\/wp-content\/gallery\/assemblee-generale-2\/thumbs\/thumbs_Assemble_2013_04.jpg\"\n\t\t\t\tdata-image-id=\"1249\"\n\t\t\t\tdata-title=\"Assemble_2013_04\"\n\t\t\t\tdata-description=\" \"\n\t\t\t\tdata-image-slug=\"assemble_2013_04\"\n\t\t\t\tclass=\"ngg-fancybox\" rel=\"b87b9282d9a3f177aac40929d7cf912f\">\n\t\t\t\t<img\n\t\t\t\t\ttitle=\"Assemble_2013_04\"\n\t\t\t\t\talt=\"Assemble_2013_04\"\n\t\t\t\t\tsrc=\"https:\/\/www.prouvy.be\/wp-content\/gallery\/assemblee-generale-2\/thumbs\/thumbs_Assemble_2013_04.jpg\"\n\t\t\t\t\twidth=\"120\"\n\t\t\t\t\theight=\"90\"\n\t\t\t\t\tstyle=\"max-width:100%;\"\n\t\t\t\t\/>\n\t\t\t<\/a>\n\t\t<\/div>\n\t\t\t\t\t\t\t<\/div>\n\t\t\t\n\t\t\n\t\t\n\t\t<!-- Pagination -->\n\t\t<div class='ngg-clear'><\/div>\t<\/div>\n<\/p>\n","protected":false},"excerpt":{"rendered":"<p>Comme l\u2019an dernier, seulement 24 habitants se sont int\u00e9ress\u00e9s \u00e0 l\u2019AG de notreASBL. Beaucoup trop peu. C\u2019est dommage. D\u2019autant plus que G\u00e9g\u00e9 nous avait pr\u00e9par\u00e9 une excellente pot\u00e9e au choux. Marthe s\u2019en est retourn\u00e9e avec le magnifique panier de la jardini\u00e8re dont elle a \u00e9valu\u00e9 le poids \u00e0 quelques grammes pr\u00eat. Comme nous arrivions \u00e0 &hellip; <a href=\"https:\/\/www.prouvy.be\/?page_id=3420\" class=\"more-link\">Continuer la lecture de <span class=\"screen-reader-text\">Assembl\u00e9e g\u00e9n\u00e9rale<\/span>  <span class=\"meta-nav\">&rarr;<\/span><\/a><\/p>\n","protected":false},"author":1,"featured_media":3432,"parent":2950,"menu_order":0,"comment_status":"open","ping_status":"open","template":"","meta":{"ngg_post_thumbnail":0,"footnotes":""},"class_list":["post-3420","page","type-page","status-publish","has-post-thumbnail","hentry"],"post_mailing_queue_ids":[],"_links":{"self":[{"href":"https:\/\/www.prouvy.be\/index.php?rest_route=\/wp\/v2\/pages\/3420","targetHints":{"allow":["GET"]}}],"collection":[{"href":"https:\/\/www.prouvy.be\/index.php?rest_route=\/wp\/v2\/pages"}],"about":[{"href":"https:\/\/www.prouvy.be\/index.php?rest_route=\/wp\/v2\/types\/page"}],"author":[{"embeddable":true,"href":"https:\/\/www.prouvy.be\/index.php?rest_route=\/wp\/v2\/users\/1"}],"replies":[{"embeddable":true,"href":"https:\/\/www.prouvy.be\/index.php?rest_route=%2Fwp%2Fv2%2Fcomments&post=3420"}],"version-history":[{"count":1,"href":"https:\/\/www.prouvy.be\/index.php?rest_route=\/wp\/v2\/pages\/3420\/revisions"}],"predecessor-version":[{"id":3433,"href":"https:\/\/www.prouvy.be\/index.php?rest_route=\/wp\/v2\/pages\/3420\/revisions\/3433"}],"up":[{"embeddable":true,"href":"https:\/\/www.prouvy.be\/index.php?rest_route=\/wp\/v2\/pages\/2950"}],"wp:featuredmedia":[{"embeddable":true,"href":"https:\/\/www.prouvy.be\/index.php?rest_route=\/wp\/v2\/media\/3432"}],"wp:attachment":[{"href":"https:\/\/www.prouvy.be\/index.php?rest_route=%2Fwp%2Fv2%2Fmedia&parent=3420"}],"curies":[{"name":"wp","href":"https:\/\/api.w.org\/{rel}","templated":true}]}}