{"id":29,"date":"2014-06-25T22:35:55","date_gmt":"2014-06-25T20:35:55","guid":{"rendered":"http:\/\/new.prouvy.be\/?page_id=29"},"modified":"2019-06-12T21:49:53","modified_gmt":"2019-06-12T19:49:53","slug":"renovation-de-la-salle","status":"publish","type":"page","link":"https:\/\/www.prouvy.be\/?page_id=29","title":{"rendered":"R\u00e9novation de la salle"},"content":{"rendered":"<div id=\"fb-root\"><\/div>\n<p style=\"color: #000000;\">Description des travaux effectu\u00e9s<\/p>\nngg_shortcode_0_placeholder\n<p style=\"color: #000000;\">Premi\u00e8re phase: travaux effectu\u00e9s en automne 2004.<\/p>\n<p style=\"color: #000000;\">R\u00e9novation de la grande salle \u00e0 l\u2018\u00e9tage: le grenier a \u00e9t\u00e9 vid\u00e9 et l\u2019isolation en sous toiture a \u00e9t\u00e9 remplac\u00e9e, ensuite l\u2019installation \u00e9lectrique a \u00e9t\u00e9 compl\u00e8tement r\u00e9nov\u00e9e. De nouveaux luminaires halog\u00e8nes mettent joliment le cadre en valeur. Nous en avons profit\u00e9 pour installer des jeux de lumi\u00e8res et revoir les \u00e9clairages de secours. La sonorisation a \u00e9galement \u00e9t\u00e9 revue. Des nouveaux haut-parleurs sont maintenant install\u00e9s discr\u00e8tement \u00e0 chaque coins de la salle. Le paillage a \u00e9t\u00e9 nettoy\u00e9 en profondeur et trait\u00e9 avec un produit appropri\u00e9. Toutes les boiseries ont \u00e9t\u00e9 cir\u00e9es et les murs repeints. Dans le but de donner un caract\u00e8re chaleureux \u00e0 la salle, de nouveaux rideaux ont \u00e9t\u00e9 confectionn\u00e9s et install\u00e9s.<\/p>\n<p style=\"color: #000000;\">R\u00e9novation du bar: Ici la toiture a \u00e9t\u00e9 isol\u00e9e et le plafond redress\u00e9 et plafonn\u00e9. Toute l\u2018\u00e9lectricit\u00e9 et l\u2018\u00e9clairage ont \u00e9t\u00e9 refait. Le coffret \u00e9lectrique g\u00e9n\u00e9ral pour l\u2018\u00e9tage avec les protections appropri\u00e9es a \u00e9t\u00e9 install\u00e9 dans le bar. De nouveaux frigos vitr\u00e9s, une nouvelle installation pour les pompes \u00e0 bi\u00e8re, un plan de travail et un meuble sono ont \u00e9t\u00e9 install\u00e9s. L\u2019habillage des V\u00e9lux a \u00e9galement \u00e9t\u00e9 fignol\u00e9. Pour terminer, toutes les boiseries ont \u00e9t\u00e9 repeintes ou cir\u00e9es.<\/p>\n<p style=\"color: #000000;\">Deuxi\u00e8me phase: travaux effectu\u00e9s en f\u00e9vrier et mars 2005.<\/p>\n<p style=\"color: #000000;\">La cuisine a \u00e9t\u00e9 compl\u00e8tement r\u00e9nov\u00e9e. Une nouvelle installation \u00e9lectrique a \u00e9t\u00e9 install\u00e9e et tous les murs carrel\u00e9s.<\/p>\n<p style=\"color: #000000;\">Ensuite, des armoires, plan et table de travail, hotte, lave-vaisselle, \u00e9vier, cuisini\u00e8re, friteuses, \u2026 ont \u00e9t\u00e9 install\u00e9s.<\/p>\n<p style=\"color: #000000;\">Nous disposons maintenant d\u2019une cuisine pratique et moderne. Les utilisateurs ne peuvent que s\u2019en r\u00e9jouir.<\/p>\n<p style=\"color: #000000;\">Troisi\u00e8me phase: travaux effectu\u00e9s &nbsp;en \u00e9t\u00e9 2005.<\/p>\n<p style=\"color: #000000;\">Peinture des boiseries et ferrures ext\u00e9rieures ainsi que de la fa\u00e7ade.<\/p>\n<p style=\"color: #000000;\">Quatri\u00e8me phase: travaux effectu\u00e9s &nbsp;au printemps 2006.<\/p>\n<p style=\"color: #000000;\">R\u00e9novation du bar inf\u00e9rieur avec changement du carrelage, nouvelle installation \u00e9lectrique et rafra\u00eechissement des murs et boiseries.<\/p>\n<p style=\"color: #000000;\">Achat de nouvelles chaises pour la salle.<\/p>\n<p style=\"color: #000000;\">R\u00e9novation en chiffres:<\/p>\n<p style=\"color: #000000;\">Premi\u00e8re phase: Entre 15 septembre 2004 et 20 novembre 2004<\/p>\n<p style=\"color: #000000;\">400 m de c\u00e2ble<br>45 points lumineux<br>120 m carr\u00e9 d\u2019isolant<br>40 litres de peinture et cire<br>600 h de travail par des b\u00e9n\u00e9voles<\/p>\n<p style=\"color: #000000;\">Deuxi\u00e8me phase: Entre le 10 f\u00e9vrier et le 20 mars 2005<\/p>\n<p style=\"color: #000000;\">100 m de c\u00e2ble<br>35 m carr\u00e9s de carrelage<br>Nouvelles armoires<br>Nouveaux plans et table de travail<br>Nouvelle hotte<br>Nouvel \u00e9clairage<br>200 h de travail par des b\u00e9n\u00e9voles<\/p>\n<p style=\"color: #000000;\">R\u00e9novation en images:<\/p>\n<div id='gallery-1' class='gallery galleryid-29 gallery-columns-3 gallery-size-thumbnail'><figure class='gallery-item'>\n\t\t\t<div class='gallery-icon landscape'>\n\t\t\t\t<a href='https:\/\/www.prouvy.be\/?attachment_id=139'><img loading=\"lazy\" decoding=\"async\" width=\"150\" height=\"150\" src=\"https:\/\/www.prouvy.be\/wp-content\/uploads\/2014\/06\/trav_55-150x150.gif\" class=\"attachment-thumbnail size-thumbnail\" alt=\"\" \/><\/a>\n\t\t\t<\/div><\/figure><figure class='gallery-item'>\n\t\t\t<div class='gallery-icon landscape'>\n\t\t\t\t<a href='https:\/\/www.prouvy.be\/?attachment_id=137'><img loading=\"lazy\" decoding=\"async\" width=\"150\" height=\"150\" src=\"https:\/\/www.prouvy.be\/wp-content\/uploads\/2014\/06\/trav_51-150x150.jpg\" class=\"attachment-thumbnail size-thumbnail\" alt=\"\" \/><\/a>\n\t\t\t<\/div><\/figure><figure class='gallery-item'>\n\t\t\t<div class='gallery-icon landscape'>\n\t\t\t\t<a href='https:\/\/www.prouvy.be\/?attachment_id=138'><img loading=\"lazy\" decoding=\"async\" width=\"150\" height=\"150\" src=\"https:\/\/www.prouvy.be\/wp-content\/uploads\/2014\/06\/trav_52-150x150.jpg\" class=\"attachment-thumbnail size-thumbnail\" alt=\"\" \/><\/a>\n\t\t\t<\/div><\/figure><figure class='gallery-item'>\n\t\t\t<div class='gallery-icon landscape'>\n\t\t\t\t<a href='https:\/\/www.prouvy.be\/?attachment_id=135'><img loading=\"lazy\" decoding=\"async\" width=\"150\" height=\"150\" src=\"https:\/\/www.prouvy.be\/wp-content\/uploads\/2014\/06\/trav_45-150x150.jpg\" class=\"attachment-thumbnail size-thumbnail\" alt=\"\" \/><\/a>\n\t\t\t<\/div><\/figure><figure class='gallery-item'>\n\t\t\t<div class='gallery-icon landscape'>\n\t\t\t\t<a href='https:\/\/www.prouvy.be\/?attachment_id=136'><img loading=\"lazy\" decoding=\"async\" width=\"150\" height=\"150\" src=\"https:\/\/www.prouvy.be\/wp-content\/uploads\/2014\/06\/trav_50-150x150.jpg\" class=\"attachment-thumbnail size-thumbnail\" alt=\"\" \/><\/a>\n\t\t\t<\/div><\/figure><figure class='gallery-item'>\n\t\t\t<div class='gallery-icon landscape'>\n\t\t\t\t<a href='https:\/\/www.prouvy.be\/?attachment_id=127'><img loading=\"lazy\" decoding=\"async\" width=\"150\" height=\"150\" src=\"https:\/\/www.prouvy.be\/wp-content\/uploads\/2014\/06\/trav_37-150x150.jpg\" class=\"attachment-thumbnail size-thumbnail\" alt=\"\" \/><\/a>\n\t\t\t<\/div><\/figure><figure class='gallery-item'>\n\t\t\t<div class='gallery-icon landscape'>\n\t\t\t\t<a href='https:\/\/www.prouvy.be\/?attachment_id=131'><img loading=\"lazy\" decoding=\"async\" width=\"150\" height=\"150\" src=\"https:\/\/www.prouvy.be\/wp-content\/uploads\/2014\/06\/trav_41-150x150.jpg\" class=\"attachment-thumbnail size-thumbnail\" alt=\"\" \/><\/a>\n\t\t\t<\/div><\/figure><figure class='gallery-item'>\n\t\t\t<div class='gallery-icon landscape'>\n\t\t\t\t<a href='https:\/\/www.prouvy.be\/?attachment_id=130'><img loading=\"lazy\" decoding=\"async\" width=\"150\" height=\"150\" src=\"https:\/\/www.prouvy.be\/wp-content\/uploads\/2014\/06\/trav_40-150x150.jpg\" class=\"attachment-thumbnail size-thumbnail\" alt=\"\" \/><\/a>\n\t\t\t<\/div><\/figure><figure class='gallery-item'>\n\t\t\t<div class='gallery-icon landscape'>\n\t\t\t\t<a href='https:\/\/www.prouvy.be\/?attachment_id=132'><img loading=\"lazy\" decoding=\"async\" width=\"150\" height=\"150\" src=\"https:\/\/www.prouvy.be\/wp-content\/uploads\/2014\/06\/trav_42-150x150.jpg\" class=\"attachment-thumbnail size-thumbnail\" alt=\"\" \/><\/a>\n\t\t\t<\/div><\/figure><figure class='gallery-item'>\n\t\t\t<div class='gallery-icon landscape'>\n\t\t\t\t<a href='https:\/\/www.prouvy.be\/?attachment_id=133'><img loading=\"lazy\" decoding=\"async\" width=\"150\" height=\"150\" src=\"https:\/\/www.prouvy.be\/wp-content\/uploads\/2014\/06\/trav_43-150x150.jpg\" class=\"attachment-thumbnail size-thumbnail\" alt=\"\" \/><\/a>\n\t\t\t<\/div><\/figure><figure class='gallery-item'>\n\t\t\t<div class='gallery-icon landscape'>\n\t\t\t\t<a href='https:\/\/www.prouvy.be\/?attachment_id=129'><img loading=\"lazy\" decoding=\"async\" width=\"150\" height=\"150\" src=\"https:\/\/www.prouvy.be\/wp-content\/uploads\/2014\/06\/trav_39-150x150.jpg\" class=\"attachment-thumbnail size-thumbnail\" alt=\"\" \/><\/a>\n\t\t\t<\/div><\/figure><figure class='gallery-item'>\n\t\t\t<div class='gallery-icon landscape'>\n\t\t\t\t<a href='https:\/\/www.prouvy.be\/?attachment_id=128'><img loading=\"lazy\" decoding=\"async\" width=\"150\" height=\"150\" src=\"https:\/\/www.prouvy.be\/wp-content\/uploads\/2014\/06\/trav_38-150x150.jpg\" class=\"attachment-thumbnail size-thumbnail\" alt=\"\" \/><\/a>\n\t\t\t<\/div><\/figure><figure class='gallery-item'>\n\t\t\t<div class='gallery-icon landscape'>\n\t\t\t\t<a href='https:\/\/www.prouvy.be\/?attachment_id=125'><img loading=\"lazy\" decoding=\"async\" width=\"150\" height=\"150\" src=\"https:\/\/www.prouvy.be\/wp-content\/uploads\/2014\/06\/trav_35-150x150.jpg\" class=\"attachment-thumbnail size-thumbnail\" alt=\"\" \/><\/a>\n\t\t\t<\/div><\/figure><figure class='gallery-item'>\n\t\t\t<div class='gallery-icon landscape'>\n\t\t\t\t<a href='https:\/\/www.prouvy.be\/?attachment_id=123'><img loading=\"lazy\" decoding=\"async\" width=\"150\" height=\"150\" src=\"https:\/\/www.prouvy.be\/wp-content\/uploads\/2014\/06\/trav_33-150x150.jpg\" class=\"attachment-thumbnail size-thumbnail\" alt=\"\" \/><\/a>\n\t\t\t<\/div><\/figure><figure class='gallery-item'>\n\t\t\t<div class='gallery-icon landscape'>\n\t\t\t\t<a href='https:\/\/www.prouvy.be\/?attachment_id=118'><img loading=\"lazy\" decoding=\"async\" width=\"150\" height=\"150\" src=\"https:\/\/www.prouvy.be\/wp-content\/uploads\/2014\/06\/trav_28-150x150.jpg\" class=\"attachment-thumbnail size-thumbnail\" alt=\"\" \/><\/a>\n\t\t\t<\/div><\/figure><figure class='gallery-item'>\n\t\t\t<div class='gallery-icon landscape'>\n\t\t\t\t<a href='https:\/\/www.prouvy.be\/?attachment_id=121'><img loading=\"lazy\" decoding=\"async\" width=\"150\" height=\"150\" src=\"https:\/\/www.prouvy.be\/wp-content\/uploads\/2014\/06\/trav_31-150x150.jpg\" class=\"attachment-thumbnail size-thumbnail\" alt=\"\" \/><\/a>\n\t\t\t<\/div><\/figure><figure class='gallery-item'>\n\t\t\t<div class='gallery-icon landscape'>\n\t\t\t\t<a href='https:\/\/www.prouvy.be\/?attachment_id=120'><img loading=\"lazy\" decoding=\"async\" width=\"150\" height=\"150\" src=\"https:\/\/www.prouvy.be\/wp-content\/uploads\/2014\/06\/trav_30-150x150.jpg\" class=\"attachment-thumbnail size-thumbnail\" alt=\"\" \/><\/a>\n\t\t\t<\/div><\/figure><figure class='gallery-item'>\n\t\t\t<div class='gallery-icon landscape'>\n\t\t\t\t<a href='https:\/\/www.prouvy.be\/?attachment_id=124'><img loading=\"lazy\" decoding=\"async\" width=\"150\" height=\"150\" src=\"https:\/\/www.prouvy.be\/wp-content\/uploads\/2014\/06\/trav_34-150x150.jpg\" class=\"attachment-thumbnail size-thumbnail\" alt=\"\" \/><\/a>\n\t\t\t<\/div><\/figure><figure class='gallery-item'>\n\t\t\t<div class='gallery-icon landscape'>\n\t\t\t\t<a href='https:\/\/www.prouvy.be\/?attachment_id=122'><img loading=\"lazy\" decoding=\"async\" width=\"150\" height=\"150\" src=\"https:\/\/www.prouvy.be\/wp-content\/uploads\/2014\/06\/trav_32-150x150.jpg\" class=\"attachment-thumbnail size-thumbnail\" alt=\"\" \/><\/a>\n\t\t\t<\/div><\/figure><figure class='gallery-item'>\n\t\t\t<div class='gallery-icon portrait'>\n\t\t\t\t<a href='https:\/\/www.prouvy.be\/?attachment_id=119'><img loading=\"lazy\" decoding=\"async\" width=\"150\" height=\"150\" src=\"https:\/\/www.prouvy.be\/wp-content\/uploads\/2014\/06\/trav_29-150x150.jpg\" class=\"attachment-thumbnail size-thumbnail\" alt=\"\" \/><\/a>\n\t\t\t<\/div><\/figure><figure class='gallery-item'>\n\t\t\t<div class='gallery-icon landscape'>\n\t\t\t\t<a href='https:\/\/www.prouvy.be\/?attachment_id=116'><img loading=\"lazy\" decoding=\"async\" width=\"150\" height=\"150\" src=\"https:\/\/www.prouvy.be\/wp-content\/uploads\/2014\/06\/trav_26-150x150.jpg\" class=\"attachment-thumbnail size-thumbnail\" alt=\"\" \/><\/a>\n\t\t\t<\/div><\/figure><figure class='gallery-item'>\n\t\t\t<div class='gallery-icon landscape'>\n\t\t\t\t<a href='https:\/\/www.prouvy.be\/?attachment_id=117'><img loading=\"lazy\" decoding=\"async\" width=\"150\" height=\"150\" src=\"https:\/\/www.prouvy.be\/wp-content\/uploads\/2014\/06\/trav_27-150x150.jpg\" class=\"attachment-thumbnail size-thumbnail\" alt=\"\" \/><\/a>\n\t\t\t<\/div><\/figure><figure class='gallery-item'>\n\t\t\t<div class='gallery-icon landscape'>\n\t\t\t\t<a href='https:\/\/www.prouvy.be\/?attachment_id=114'><img loading=\"lazy\" decoding=\"async\" width=\"150\" height=\"150\" src=\"https:\/\/www.prouvy.be\/wp-content\/uploads\/2014\/06\/trav_24-150x150.jpg\" class=\"attachment-thumbnail size-thumbnail\" alt=\"\" \/><\/a>\n\t\t\t<\/div><\/figure><figure class='gallery-item'>\n\t\t\t<div class='gallery-icon landscape'>\n\t\t\t\t<a href='https:\/\/www.prouvy.be\/?attachment_id=115'><img loading=\"lazy\" decoding=\"async\" width=\"150\" height=\"150\" src=\"https:\/\/www.prouvy.be\/wp-content\/uploads\/2014\/06\/trav_25-150x150.jpg\" class=\"attachment-thumbnail size-thumbnail\" alt=\"\" \/><\/a>\n\t\t\t<\/div><\/figure><figure class='gallery-item'>\n\t\t\t<div class='gallery-icon landscape'>\n\t\t\t\t<a href='https:\/\/www.prouvy.be\/?attachment_id=107'><img loading=\"lazy\" decoding=\"async\" width=\"150\" height=\"150\" src=\"https:\/\/www.prouvy.be\/wp-content\/uploads\/2014\/06\/trav_17-150x150.jpg\" class=\"attachment-thumbnail size-thumbnail\" alt=\"\" \/><\/a>\n\t\t\t<\/div><\/figure><figure class='gallery-item'>\n\t\t\t<div class='gallery-icon landscape'>\n\t\t\t\t<a href='https:\/\/www.prouvy.be\/?attachment_id=111'><img loading=\"lazy\" decoding=\"async\" width=\"150\" height=\"150\" src=\"https:\/\/www.prouvy.be\/wp-content\/uploads\/2014\/06\/trav_21-150x150.jpg\" class=\"attachment-thumbnail size-thumbnail\" alt=\"\" \/><\/a>\n\t\t\t<\/div><\/figure><figure class='gallery-item'>\n\t\t\t<div class='gallery-icon landscape'>\n\t\t\t\t<a href='https:\/\/www.prouvy.be\/?attachment_id=110'><img loading=\"lazy\" decoding=\"async\" width=\"150\" height=\"150\" src=\"https:\/\/www.prouvy.be\/wp-content\/uploads\/2014\/06\/trav_20-150x150.jpg\" class=\"attachment-thumbnail size-thumbnail\" alt=\"\" \/><\/a>\n\t\t\t<\/div><\/figure><figure class='gallery-item'>\n\t\t\t<div class='gallery-icon landscape'>\n\t\t\t\t<a href='https:\/\/www.prouvy.be\/?attachment_id=113'><img loading=\"lazy\" decoding=\"async\" width=\"150\" height=\"150\" src=\"https:\/\/www.prouvy.be\/wp-content\/uploads\/2014\/06\/trav_23-150x150.jpg\" class=\"attachment-thumbnail size-thumbnail\" alt=\"\" \/><\/a>\n\t\t\t<\/div><\/figure><figure class='gallery-item'>\n\t\t\t<div class='gallery-icon landscape'>\n\t\t\t\t<a href='https:\/\/www.prouvy.be\/?attachment_id=112'><img loading=\"lazy\" decoding=\"async\" width=\"150\" height=\"150\" src=\"https:\/\/www.prouvy.be\/wp-content\/uploads\/2014\/06\/trav_22-150x150.jpg\" class=\"attachment-thumbnail size-thumbnail\" alt=\"\" \/><\/a>\n\t\t\t<\/div><\/figure><figure class='gallery-item'>\n\t\t\t<div class='gallery-icon landscape'>\n\t\t\t\t<a href='https:\/\/www.prouvy.be\/?attachment_id=108'><img loading=\"lazy\" decoding=\"async\" width=\"150\" height=\"150\" src=\"https:\/\/www.prouvy.be\/wp-content\/uploads\/2014\/06\/trav_18-150x150.jpg\" class=\"attachment-thumbnail size-thumbnail\" alt=\"\" \/><\/a>\n\t\t\t<\/div><\/figure><figure class='gallery-item'>\n\t\t\t<div class='gallery-icon landscape'>\n\t\t\t\t<a href='https:\/\/www.prouvy.be\/?attachment_id=109'><img loading=\"lazy\" decoding=\"async\" width=\"150\" height=\"150\" src=\"https:\/\/www.prouvy.be\/wp-content\/uploads\/2014\/06\/trav_19-150x150.jpg\" class=\"attachment-thumbnail size-thumbnail\" alt=\"\" \/><\/a>\n\t\t\t<\/div><\/figure><figure class='gallery-item'>\n\t\t\t<div class='gallery-icon landscape'>\n\t\t\t\t<a href='https:\/\/www.prouvy.be\/?attachment_id=106'><img loading=\"lazy\" decoding=\"async\" width=\"150\" height=\"150\" src=\"https:\/\/www.prouvy.be\/wp-content\/uploads\/2014\/06\/trav_16-150x150.jpg\" class=\"attachment-thumbnail size-thumbnail\" alt=\"\" \/><\/a>\n\t\t\t<\/div><\/figure><figure class='gallery-item'>\n\t\t\t<div class='gallery-icon landscape'>\n\t\t\t\t<a href='https:\/\/www.prouvy.be\/?attachment_id=103'><img loading=\"lazy\" decoding=\"async\" width=\"150\" height=\"150\" src=\"https:\/\/www.prouvy.be\/wp-content\/uploads\/2014\/06\/trav_13-150x150.jpg\" class=\"attachment-thumbnail size-thumbnail\" alt=\"\" \/><\/a>\n\t\t\t<\/div><\/figure><figure class='gallery-item'>\n\t\t\t<div class='gallery-icon landscape'>\n\t\t\t\t<a href='https:\/\/www.prouvy.be\/?attachment_id=101'><img loading=\"lazy\" decoding=\"async\" width=\"150\" height=\"150\" src=\"https:\/\/www.prouvy.be\/wp-content\/uploads\/2014\/06\/trav_11-150x150.jpg\" class=\"attachment-thumbnail size-thumbnail\" alt=\"\" \/><\/a>\n\t\t\t<\/div><\/figure><figure class='gallery-item'>\n\t\t\t<div class='gallery-icon landscape'>\n\t\t\t\t<a href='https:\/\/www.prouvy.be\/?attachment_id=97'><img loading=\"lazy\" decoding=\"async\" width=\"150\" height=\"150\" src=\"https:\/\/www.prouvy.be\/wp-content\/uploads\/2014\/06\/trav_7-150x150.jpg\" class=\"attachment-thumbnail size-thumbnail\" alt=\"\" \/><\/a>\n\t\t\t<\/div><\/figure><figure class='gallery-item'>\n\t\t\t<div class='gallery-icon landscape'>\n\t\t\t\t<a href='https:\/\/www.prouvy.be\/?attachment_id=102'><img loading=\"lazy\" decoding=\"async\" width=\"150\" height=\"150\" src=\"https:\/\/www.prouvy.be\/wp-content\/uploads\/2014\/06\/trav_12-150x150.jpg\" class=\"attachment-thumbnail size-thumbnail\" alt=\"\" \/><\/a>\n\t\t\t<\/div><\/figure><figure class='gallery-item'>\n\t\t\t<div class='gallery-icon landscape'>\n\t\t\t\t<a href='https:\/\/www.prouvy.be\/?attachment_id=98'><img loading=\"lazy\" decoding=\"async\" width=\"150\" height=\"150\" src=\"https:\/\/www.prouvy.be\/wp-content\/uploads\/2014\/06\/trav_8-150x150.jpg\" class=\"attachment-thumbnail size-thumbnail\" alt=\"\" \/><\/a>\n\t\t\t<\/div><\/figure><figure class='gallery-item'>\n\t\t\t<div class='gallery-icon landscape'>\n\t\t\t\t<a href='https:\/\/www.prouvy.be\/?attachment_id=99'><img loading=\"lazy\" decoding=\"async\" width=\"150\" height=\"150\" src=\"https:\/\/www.prouvy.be\/wp-content\/uploads\/2014\/06\/trav_9-150x150.jpg\" class=\"attachment-thumbnail size-thumbnail\" alt=\"\" \/><\/a>\n\t\t\t<\/div><\/figure><figure class='gallery-item'>\n\t\t\t<div class='gallery-icon landscape'>\n\t\t\t\t<a href='https:\/\/www.prouvy.be\/?attachment_id=100'><img loading=\"lazy\" decoding=\"async\" width=\"150\" height=\"150\" src=\"https:\/\/www.prouvy.be\/wp-content\/uploads\/2014\/06\/trav_10-150x150.jpg\" class=\"attachment-thumbnail size-thumbnail\" alt=\"\" \/><\/a>\n\t\t\t<\/div><\/figure><figure class='gallery-item'>\n\t\t\t<div class='gallery-icon landscape'>\n\t\t\t\t<a href='https:\/\/www.prouvy.be\/?attachment_id=93'><img loading=\"lazy\" decoding=\"async\" width=\"150\" height=\"150\" src=\"https:\/\/www.prouvy.be\/wp-content\/uploads\/2014\/06\/trav_3-150x150.jpg\" class=\"attachment-thumbnail size-thumbnail\" alt=\"\" \/><\/a>\n\t\t\t<\/div><\/figure><figure class='gallery-item'>\n\t\t\t<div class='gallery-icon landscape'>\n\t\t\t\t<a href='https:\/\/www.prouvy.be\/?attachment_id=92'><img loading=\"lazy\" decoding=\"async\" width=\"150\" height=\"150\" src=\"https:\/\/www.prouvy.be\/wp-content\/uploads\/2014\/06\/trav_2-150x150.jpg\" class=\"attachment-thumbnail size-thumbnail\" alt=\"\" \/><\/a>\n\t\t\t<\/div><\/figure><figure class='gallery-item'>\n\t\t\t<div class='gallery-icon landscape'>\n\t\t\t\t<a href='https:\/\/www.prouvy.be\/?attachment_id=95'><img loading=\"lazy\" decoding=\"async\" width=\"150\" height=\"150\" src=\"https:\/\/www.prouvy.be\/wp-content\/uploads\/2014\/06\/trav_5-150x150.jpg\" class=\"attachment-thumbnail size-thumbnail\" alt=\"\" \/><\/a>\n\t\t\t<\/div><\/figure><figure class='gallery-item'>\n\t\t\t<div class='gallery-icon landscape'>\n\t\t\t\t<a href='https:\/\/www.prouvy.be\/?attachment_id=94'><img loading=\"lazy\" decoding=\"async\" width=\"150\" height=\"150\" src=\"https:\/\/www.prouvy.be\/wp-content\/uploads\/2014\/06\/trav_4-150x150.jpg\" class=\"attachment-thumbnail size-thumbnail\" alt=\"\" \/><\/a>\n\t\t\t<\/div><\/figure><figure class='gallery-item'>\n\t\t\t<div class='gallery-icon landscape'>\n\t\t\t\t<a href='https:\/\/www.prouvy.be\/?attachment_id=96'><img loading=\"lazy\" decoding=\"async\" width=\"150\" height=\"150\" src=\"https:\/\/www.prouvy.be\/wp-content\/uploads\/2014\/06\/trav_6-150x150.jpg\" class=\"attachment-thumbnail size-thumbnail\" alt=\"\" \/><\/a>\n\t\t\t<\/div><\/figure><figure class='gallery-item'>\n\t\t\t<div class='gallery-icon landscape'>\n\t\t\t\t<a href='https:\/\/www.prouvy.be\/?attachment_id=91'><img loading=\"lazy\" decoding=\"async\" width=\"150\" height=\"150\" src=\"https:\/\/www.prouvy.be\/wp-content\/uploads\/2014\/06\/trav_1-150x150.jpg\" class=\"attachment-thumbnail size-thumbnail\" alt=\"\" \/><\/a>\n\t\t\t<\/div><\/figure>\n\t\t<\/div>\n\n<p>2017 :<\/p>\n<ul>\n<li>Au rez, remplacement de tous les c\u00e2bles \u00e9lectriques (par du XGB), remplacement du coffret de distribution principal, ainsi que de tous les luminaires (indice de protection IP4X minimum) par des mod\u00e8les \u00e0 LED.<\/li>\n<\/ul>\n<ul>\n<li>Remplacement de la cuisini\u00e8re au gaz par une cuisini\u00e8re \u00e9lectrique apr\u00e8s avoir mis en place un nouveau c\u00e2ble d\u2019alimentation.<\/li>\n<li>R\u00e9alisation d\u2019un toit plat \u00e0 la r\u00e9serve de mat\u00e9riel par une entreprise ext\u00e9rieure pour pr\u00e9parer l\u2019issue de secours de l\u2019\u00e9tage.<\/li>\n<li>A la chaufferie, ma\u00e7onnage d\u2019un mur de confinement, d\u2019un bac de r\u00e9tention de la citerne \u00e0 mazout et installation d\u2019une porte coupe-feu.<\/li>\n<\/ul>\nngg_shortcode_1_placeholder\nngg_shortcode_2_placeholder\n<p>2018<\/p>\n<ul>\n<li>Traitement des pailles de tout le b\u00e2timent par une entreprise agr\u00e9e.<\/li>\n<li>Mise en place d\u2019une porte coupe-feu \u00e0 l\u2019entr\u00e9e de l\u2019\u00e9tage.<\/li>\n<li>Pour l\u2019issue de secours de l\u2019\u00e9tage, installation d\u2019une g\u00e2che \u00e9lectrique \u00e0 la porte pour \u00e9viter les usages abusifs.<\/li>\n<li>Mise en place par une entreprise ext\u00e9rieure d\u2019un garde-corps et de deux petits escaliers \u00e0 l\u2019issue de secours.<\/li>\n<\/ul>\nngg_shortcode_3_placeholder\n<p>2019<\/p>\n<ul>\n<li>Ajout de plusieurs piquets de mise \u00e0 la terre \u00e9lectrique (sous la terrasse).<\/li>\n<li>Remplacement des luminaires sous le balcon de l\u2019\u00e9tage et 6 \u00e9clairages indirects (tubes n\u00e9ons) par des mod\u00e8les \u00e0 LED.<\/li>\n<li>Mise \u00e0 la terre de plusieurs points lumineux \u00e0 l\u2019\u00e9tage.<\/li>\n<li>Ajout de plusieurs \u00e9clairages de secours.<\/li>\n<li>Approbation de l\u2019installation \u00e9lectrique par l\u2019organisme Vincotte.<\/li>\n<\/ul>\n<p>&nbsp;<\/p>\n<p>Ces travaux se termineront d\u00e9but mars 2019.<\/p>\n<p>Un tout grand merci \u00e0 celles et ceux qui ont beaucoup donn\u00e9 de leur temps pour mener \u00e0 bien ces mises en conformit\u00e9 qui devenaient indispensables.<\/p>\n<p>&nbsp;<\/p>\n<p>D\u2019autres travaux \u00e9galement men\u00e9s \u00e0 bien durant ce mandat 2016-2019 :<\/p>\n<ul>\n<li>Remplacement refroidisseurs de bi\u00e8res bar rez et \u00e9tage<\/li>\n<li>Remplacement du chauffe eau \u00e9lectrique de la cave<\/li>\n<li>Carrelages rez (par Xavier et Jean-Pierre)<\/li>\n<li>Cimentage du pignon arri\u00e8re par entreprise<\/li>\n<\/ul>\n\n\n<p><\/p>\n","protected":false},"excerpt":{"rendered":"<p>Description des travaux effectu\u00e9s \u00a0\u00bb order_by=\u00a0\u00bbsortorder\u00a0\u00bb order_direction=\u00a0\u00bbASC\u00a0\u00bb returns=\u00a0\u00bbincluded\u00a0\u00bb maximum_entity_count=\u00a0\u00bb500&Prime;] Premi\u00e8re phase: travaux effectu\u00e9s en automne 2004. R\u00e9novation de la grande salle \u00e0 l\u2018\u00e9tage: le grenier a \u00e9t\u00e9 vid\u00e9 et l\u2019isolation en sous toiture a \u00e9t\u00e9 remplac\u00e9e, ensuite l\u2019installation \u00e9lectrique a \u00e9t\u00e9 compl\u00e8tement r\u00e9nov\u00e9e. De nouveaux luminaires halog\u00e8nes mettent joliment le cadre en valeur. Nous en &hellip; <a href=\"https:\/\/www.prouvy.be\/?page_id=29\" class=\"more-link\">Continuer la lecture de <span class=\"screen-reader-text\">R\u00e9novation de la salle<\/span>  <span class=\"meta-nav\">&rarr;<\/span><\/a><\/p>\n","protected":false},"author":1,"featured_media":120,"parent":324,"menu_order":0,"comment_status":"open","ping_status":"closed","template":"","meta":{"ngg_post_thumbnail":0,"footnotes":""},"class_list":["post-29","page","type-page","status-publish","has-post-thumbnail","hentry"],"post_mailing_queue_ids":[],"_links":{"self":[{"href":"https:\/\/www.prouvy.be\/index.php?rest_route=\/wp\/v2\/pages\/29","targetHints":{"allow":["GET"]}}],"collection":[{"href":"https:\/\/www.prouvy.be\/index.php?rest_route=\/wp\/v2\/pages"}],"about":[{"href":"https:\/\/www.prouvy.be\/index.php?rest_route=\/wp\/v2\/types\/page"}],"author":[{"embeddable":true,"href":"https:\/\/www.prouvy.be\/index.php?rest_route=\/wp\/v2\/users\/1"}],"replies":[{"embeddable":true,"href":"https:\/\/www.prouvy.be\/index.php?rest_route=%2Fwp%2Fv2%2Fcomments&post=29"}],"version-history":[{"count":18,"href":"https:\/\/www.prouvy.be\/index.php?rest_route=\/wp\/v2\/pages\/29\/revisions"}],"predecessor-version":[{"id":7673,"href":"https:\/\/www.prouvy.be\/index.php?rest_route=\/wp\/v2\/pages\/29\/revisions\/7673"}],"up":[{"embeddable":true,"href":"https:\/\/www.prouvy.be\/index.php?rest_route=\/wp\/v2\/pages\/324"}],"wp:featuredmedia":[{"embeddable":true,"href":"https:\/\/www.prouvy.be\/index.php?rest_route=\/wp\/v2\/media\/120"}],"wp:attachment":[{"href":"https:\/\/www.prouvy.be\/index.php?rest_route=%2Fwp%2Fv2%2Fmedia&parent=29"}],"curies":[{"name":"wp","href":"https:\/\/api.w.org\/{rel}","templated":true}]}}