{"id":2897,"date":"2014-12-01T23:36:31","date_gmt":"2014-12-01T21:36:31","guid":{"rendered":"http:\/\/new.prouvy.be\/?page_id=2897"},"modified":"2015-02-05T22:20:48","modified_gmt":"2015-02-05T21:20:48","slug":"reparation-du-bowling","status":"publish","type":"page","link":"https:\/\/www.prouvy.be\/?page_id=2897","title":{"rendered":"R\u00e9paration du Bowling"},"content":{"rendered":"<div id=\"fb-root\"><\/div>\n<p>En ce d\u00e9but d\u2019ann\u00e9e 2012, une \u00e9quipe motiv\u00e9e du comit\u00e9, bien aid\u00e9e par les jeunes du club se sont lanc\u00e9s dans la r\u00e9paration et le rafraichissement du bowling abim\u00e9 suite \u00e0 des infiltrations d\u2019eau.<br \/>\nLes travaux vont bon train et devraient \u00eatre termines pour le printemps, ce qui offrira \u00e0 la chaumi\u00e8re et aux habitants du village un magnifique nouveau bowling.<\/p>\n<p><!-- index.php -->\n<div\n\tclass=\"ngg-galleryoverview\n\t ngg-ajax-pagination-none\t\"\n\tid=\"ngg-gallery-061d74dfd99b5e01a91ecd838b7d4832-1\">\n\n\t\t<div class=\"slideshowlink\">\n\t\t<a href='https:\/\/www.prouvy.be\/index.php\/nggallery\/slideshow?page_id=2897'>[Show slideshow]<\/a>\n\n\t<\/div>\n\t\t\t<!-- Thumbnails -->\n\t\t\t\t<div id=\"ngg-image-0\" class=\"ngg-gallery-thumbnail-box\"\n\t\t\t\t\t\t\t\t\t\t\t>\n\t\t\t\t\t\t<div class=\"ngg-gallery-thumbnail\">\n\t\t\t<a href=\"https:\/\/www.prouvy.be\/wp-content\/gallery\/reparation-du-bowling\/DSC00725.JPG\"\n\t\t\t\ttitle=\"\"\n\t\t\t\tdata-src=\"https:\/\/www.prouvy.be\/wp-content\/gallery\/reparation-du-bowling\/DSC00725.JPG\"\n\t\t\t\tdata-thumbnail=\"https:\/\/www.prouvy.be\/wp-content\/gallery\/reparation-du-bowling\/thumbs\/thumbs_DSC00725.JPG\"\n\t\t\t\tdata-image-id=\"1339\"\n\t\t\t\tdata-title=\"ADSC00725\"\n\t\t\t\tdata-description=\"\"\n\t\t\t\tdata-image-slug=\"dsc00725\"\n\t\t\t\tclass=\"ngg-fancybox\" rel=\"061d74dfd99b5e01a91ecd838b7d4832\">\n\t\t\t\t<img\n\t\t\t\t\ttitle=\"ADSC00725\"\n\t\t\t\t\talt=\"ADSC00725\"\n\t\t\t\t\tsrc=\"https:\/\/www.prouvy.be\/wp-content\/gallery\/reparation-du-bowling\/thumbs\/thumbs_DSC00725.JPG\"\n\t\t\t\t\twidth=\"120\"\n\t\t\t\t\theight=\"90\"\n\t\t\t\t\tstyle=\"max-width:100%;\"\n\t\t\t\t\/>\n\t\t\t<\/a>\n\t\t<\/div>\n\t\t\t\t\t\t\t<\/div>\n\t\t\t\n\t\t\n\t\t\t\t<div id=\"ngg-image-1\" class=\"ngg-gallery-thumbnail-box\"\n\t\t\t\t\t\t\t\t\t\t\t>\n\t\t\t\t\t\t<div class=\"ngg-gallery-thumbnail\">\n\t\t\t<a href=\"https:\/\/www.prouvy.be\/wp-content\/gallery\/reparation-du-bowling\/DSC01407.JPG\"\n\t\t\t\ttitle=\"\"\n\t\t\t\tdata-src=\"https:\/\/www.prouvy.be\/wp-content\/gallery\/reparation-du-bowling\/DSC01407.JPG\"\n\t\t\t\tdata-thumbnail=\"https:\/\/www.prouvy.be\/wp-content\/gallery\/reparation-du-bowling\/thumbs\/thumbs_DSC01407.JPG\"\n\t\t\t\tdata-image-id=\"1340\"\n\t\t\t\tdata-title=\"ADSC01407\"\n\t\t\t\tdata-description=\"\"\n\t\t\t\tdata-image-slug=\"dsc01407\"\n\t\t\t\tclass=\"ngg-fancybox\" rel=\"061d74dfd99b5e01a91ecd838b7d4832\">\n\t\t\t\t<img\n\t\t\t\t\ttitle=\"ADSC01407\"\n\t\t\t\t\talt=\"ADSC01407\"\n\t\t\t\t\tsrc=\"https:\/\/www.prouvy.be\/wp-content\/gallery\/reparation-du-bowling\/thumbs\/thumbs_DSC01407.JPG\"\n\t\t\t\t\twidth=\"120\"\n\t\t\t\t\theight=\"90\"\n\t\t\t\t\tstyle=\"max-width:100%;\"\n\t\t\t\t\/>\n\t\t\t<\/a>\n\t\t<\/div>\n\t\t\t\t\t\t\t<\/div>\n\t\t\t\n\t\t\n\t\t\t\t<div id=\"ngg-image-2\" class=\"ngg-gallery-thumbnail-box\"\n\t\t\t\t\t\t\t\t\t\t\t>\n\t\t\t\t\t\t<div class=\"ngg-gallery-thumbnail\">\n\t\t\t<a href=\"https:\/\/www.prouvy.be\/wp-content\/gallery\/reparation-du-bowling\/DSC01415.JPG\"\n\t\t\t\ttitle=\"\"\n\t\t\t\tdata-src=\"https:\/\/www.prouvy.be\/wp-content\/gallery\/reparation-du-bowling\/DSC01415.JPG\"\n\t\t\t\tdata-thumbnail=\"https:\/\/www.prouvy.be\/wp-content\/gallery\/reparation-du-bowling\/thumbs\/thumbs_DSC01415.JPG\"\n\t\t\t\tdata-image-id=\"1341\"\n\t\t\t\tdata-title=\"ADSC01415\"\n\t\t\t\tdata-description=\"\"\n\t\t\t\tdata-image-slug=\"dsc01415\"\n\t\t\t\tclass=\"ngg-fancybox\" rel=\"061d74dfd99b5e01a91ecd838b7d4832\">\n\t\t\t\t<img\n\t\t\t\t\ttitle=\"ADSC01415\"\n\t\t\t\t\talt=\"ADSC01415\"\n\t\t\t\t\tsrc=\"https:\/\/www.prouvy.be\/wp-content\/gallery\/reparation-du-bowling\/thumbs\/thumbs_DSC01415.JPG\"\n\t\t\t\t\twidth=\"120\"\n\t\t\t\t\theight=\"90\"\n\t\t\t\t\tstyle=\"max-width:100%;\"\n\t\t\t\t\/>\n\t\t\t<\/a>\n\t\t<\/div>\n\t\t\t\t\t\t\t<\/div>\n\t\t\t\n\t\t\n\t\t\t\t<div id=\"ngg-image-3\" class=\"ngg-gallery-thumbnail-box\"\n\t\t\t\t\t\t\t\t\t\t\t>\n\t\t\t\t\t\t<div class=\"ngg-gallery-thumbnail\">\n\t\t\t<a href=\"https:\/\/www.prouvy.be\/wp-content\/gallery\/reparation-du-bowling\/DSC01439.JPG\"\n\t\t\t\ttitle=\"\"\n\t\t\t\tdata-src=\"https:\/\/www.prouvy.be\/wp-content\/gallery\/reparation-du-bowling\/DSC01439.JPG\"\n\t\t\t\tdata-thumbnail=\"https:\/\/www.prouvy.be\/wp-content\/gallery\/reparation-du-bowling\/thumbs\/thumbs_DSC01439.JPG\"\n\t\t\t\tdata-image-id=\"1342\"\n\t\t\t\tdata-title=\"ADSC01439\"\n\t\t\t\tdata-description=\"\"\n\t\t\t\tdata-image-slug=\"dsc01439\"\n\t\t\t\tclass=\"ngg-fancybox\" rel=\"061d74dfd99b5e01a91ecd838b7d4832\">\n\t\t\t\t<img\n\t\t\t\t\ttitle=\"ADSC01439\"\n\t\t\t\t\talt=\"ADSC01439\"\n\t\t\t\t\tsrc=\"https:\/\/www.prouvy.be\/wp-content\/gallery\/reparation-du-bowling\/thumbs\/thumbs_DSC01439.JPG\"\n\t\t\t\t\twidth=\"120\"\n\t\t\t\t\theight=\"90\"\n\t\t\t\t\tstyle=\"max-width:100%;\"\n\t\t\t\t\/>\n\t\t\t<\/a>\n\t\t<\/div>\n\t\t\t\t\t\t\t<\/div>\n\t\t\t\n\t\t\n\t\t\t\t<div id=\"ngg-image-4\" class=\"ngg-gallery-thumbnail-box\"\n\t\t\t\t\t\t\t\t\t\t\t>\n\t\t\t\t\t\t<div class=\"ngg-gallery-thumbnail\">\n\t\t\t<a href=\"https:\/\/www.prouvy.be\/wp-content\/gallery\/reparation-du-bowling\/DSC01442.JPG\"\n\t\t\t\ttitle=\"\"\n\t\t\t\tdata-src=\"https:\/\/www.prouvy.be\/wp-content\/gallery\/reparation-du-bowling\/DSC01442.JPG\"\n\t\t\t\tdata-thumbnail=\"https:\/\/www.prouvy.be\/wp-content\/gallery\/reparation-du-bowling\/thumbs\/thumbs_DSC01442.JPG\"\n\t\t\t\tdata-image-id=\"1343\"\n\t\t\t\tdata-title=\"ADSC01442\"\n\t\t\t\tdata-description=\"\"\n\t\t\t\tdata-image-slug=\"dsc01442\"\n\t\t\t\tclass=\"ngg-fancybox\" rel=\"061d74dfd99b5e01a91ecd838b7d4832\">\n\t\t\t\t<img\n\t\t\t\t\ttitle=\"ADSC01442\"\n\t\t\t\t\talt=\"ADSC01442\"\n\t\t\t\t\tsrc=\"https:\/\/www.prouvy.be\/wp-content\/gallery\/reparation-du-bowling\/thumbs\/thumbs_DSC01442.JPG\"\n\t\t\t\t\twidth=\"120\"\n\t\t\t\t\theight=\"90\"\n\t\t\t\t\tstyle=\"max-width:100%;\"\n\t\t\t\t\/>\n\t\t\t<\/a>\n\t\t<\/div>\n\t\t\t\t\t\t\t<\/div>\n\t\t\t\n\t\t\n\t\t\t\t<div id=\"ngg-image-5\" class=\"ngg-gallery-thumbnail-box\"\n\t\t\t\t\t\t\t\t\t\t\t>\n\t\t\t\t\t\t<div class=\"ngg-gallery-thumbnail\">\n\t\t\t<a href=\"https:\/\/www.prouvy.be\/wp-content\/gallery\/reparation-du-bowling\/DSC01457.JPG\"\n\t\t\t\ttitle=\"\"\n\t\t\t\tdata-src=\"https:\/\/www.prouvy.be\/wp-content\/gallery\/reparation-du-bowling\/DSC01457.JPG\"\n\t\t\t\tdata-thumbnail=\"https:\/\/www.prouvy.be\/wp-content\/gallery\/reparation-du-bowling\/thumbs\/thumbs_DSC01457.JPG\"\n\t\t\t\tdata-image-id=\"1344\"\n\t\t\t\tdata-title=\"ADSC01457\"\n\t\t\t\tdata-description=\"\"\n\t\t\t\tdata-image-slug=\"dsc01457\"\n\t\t\t\tclass=\"ngg-fancybox\" rel=\"061d74dfd99b5e01a91ecd838b7d4832\">\n\t\t\t\t<img\n\t\t\t\t\ttitle=\"ADSC01457\"\n\t\t\t\t\talt=\"ADSC01457\"\n\t\t\t\t\tsrc=\"https:\/\/www.prouvy.be\/wp-content\/gallery\/reparation-du-bowling\/thumbs\/thumbs_DSC01457.JPG\"\n\t\t\t\t\twidth=\"120\"\n\t\t\t\t\theight=\"90\"\n\t\t\t\t\tstyle=\"max-width:100%;\"\n\t\t\t\t\/>\n\t\t\t<\/a>\n\t\t<\/div>\n\t\t\t\t\t\t\t<\/div>\n\t\t\t\n\t\t\n\t\t\t\t<div id=\"ngg-image-6\" class=\"ngg-gallery-thumbnail-box\"\n\t\t\t\t\t\t\t\t\t\t\t>\n\t\t\t\t\t\t<div class=\"ngg-gallery-thumbnail\">\n\t\t\t<a href=\"https:\/\/www.prouvy.be\/wp-content\/gallery\/reparation-du-bowling\/DSC01458.JPG\"\n\t\t\t\ttitle=\"\"\n\t\t\t\tdata-src=\"https:\/\/www.prouvy.be\/wp-content\/gallery\/reparation-du-bowling\/DSC01458.JPG\"\n\t\t\t\tdata-thumbnail=\"https:\/\/www.prouvy.be\/wp-content\/gallery\/reparation-du-bowling\/thumbs\/thumbs_DSC01458.JPG\"\n\t\t\t\tdata-image-id=\"1345\"\n\t\t\t\tdata-title=\"ADSC01458\"\n\t\t\t\tdata-description=\"\"\n\t\t\t\tdata-image-slug=\"dsc01458\"\n\t\t\t\tclass=\"ngg-fancybox\" rel=\"061d74dfd99b5e01a91ecd838b7d4832\">\n\t\t\t\t<img\n\t\t\t\t\ttitle=\"ADSC01458\"\n\t\t\t\t\talt=\"ADSC01458\"\n\t\t\t\t\tsrc=\"https:\/\/www.prouvy.be\/wp-content\/gallery\/reparation-du-bowling\/thumbs\/thumbs_DSC01458.JPG\"\n\t\t\t\t\twidth=\"120\"\n\t\t\t\t\theight=\"90\"\n\t\t\t\t\tstyle=\"max-width:100%;\"\n\t\t\t\t\/>\n\t\t\t<\/a>\n\t\t<\/div>\n\t\t\t\t\t\t\t<\/div>\n\t\t\t\n\t\t\n\t\t\t\t<div id=\"ngg-image-7\" class=\"ngg-gallery-thumbnail-box\"\n\t\t\t\t\t\t\t\t\t\t\t>\n\t\t\t\t\t\t<div class=\"ngg-gallery-thumbnail\">\n\t\t\t<a href=\"https:\/\/www.prouvy.be\/wp-content\/gallery\/reparation-du-bowling\/DSC01461.JPG\"\n\t\t\t\ttitle=\"\"\n\t\t\t\tdata-src=\"https:\/\/www.prouvy.be\/wp-content\/gallery\/reparation-du-bowling\/DSC01461.JPG\"\n\t\t\t\tdata-thumbnail=\"https:\/\/www.prouvy.be\/wp-content\/gallery\/reparation-du-bowling\/thumbs\/thumbs_DSC01461.JPG\"\n\t\t\t\tdata-image-id=\"1346\"\n\t\t\t\tdata-title=\"ADSC01461\"\n\t\t\t\tdata-description=\"\"\n\t\t\t\tdata-image-slug=\"dsc01461\"\n\t\t\t\tclass=\"ngg-fancybox\" rel=\"061d74dfd99b5e01a91ecd838b7d4832\">\n\t\t\t\t<img\n\t\t\t\t\ttitle=\"ADSC01461\"\n\t\t\t\t\talt=\"ADSC01461\"\n\t\t\t\t\tsrc=\"https:\/\/www.prouvy.be\/wp-content\/gallery\/reparation-du-bowling\/thumbs\/thumbs_DSC01461.JPG\"\n\t\t\t\t\twidth=\"120\"\n\t\t\t\t\theight=\"90\"\n\t\t\t\t\tstyle=\"max-width:100%;\"\n\t\t\t\t\/>\n\t\t\t<\/a>\n\t\t<\/div>\n\t\t\t\t\t\t\t<\/div>\n\t\t\t\n\t\t\n\t\t\t\t<div id=\"ngg-image-8\" class=\"ngg-gallery-thumbnail-box\"\n\t\t\t\t\t\t\t\t\t\t\t>\n\t\t\t\t\t\t<div class=\"ngg-gallery-thumbnail\">\n\t\t\t<a href=\"https:\/\/www.prouvy.be\/wp-content\/gallery\/reparation-du-bowling\/bowling_01.JPG\"\n\t\t\t\ttitle=\"\"\n\t\t\t\tdata-src=\"https:\/\/www.prouvy.be\/wp-content\/gallery\/reparation-du-bowling\/bowling_01.JPG\"\n\t\t\t\tdata-thumbnail=\"https:\/\/www.prouvy.be\/wp-content\/gallery\/reparation-du-bowling\/thumbs\/thumbs_bowling_01.JPG\"\n\t\t\t\tdata-image-id=\"1013\"\n\t\t\t\tdata-title=\"bowling_01\"\n\t\t\t\tdata-description=\"\"\n\t\t\t\tdata-image-slug=\"bowling_01\"\n\t\t\t\tclass=\"ngg-fancybox\" rel=\"061d74dfd99b5e01a91ecd838b7d4832\">\n\t\t\t\t<img\n\t\t\t\t\ttitle=\"bowling_01\"\n\t\t\t\t\talt=\"bowling_01\"\n\t\t\t\t\tsrc=\"https:\/\/www.prouvy.be\/wp-content\/gallery\/reparation-du-bowling\/thumbs\/thumbs_bowling_01.JPG\"\n\t\t\t\t\twidth=\"120\"\n\t\t\t\t\theight=\"90\"\n\t\t\t\t\tstyle=\"max-width:100%;\"\n\t\t\t\t\/>\n\t\t\t<\/a>\n\t\t<\/div>\n\t\t\t\t\t\t\t<\/div>\n\t\t\t\n\t\t\n\t\t\t\t<div id=\"ngg-image-9\" class=\"ngg-gallery-thumbnail-box\"\n\t\t\t\t\t\t\t\t\t\t\t>\n\t\t\t\t\t\t<div class=\"ngg-gallery-thumbnail\">\n\t\t\t<a href=\"https:\/\/www.prouvy.be\/wp-content\/gallery\/reparation-du-bowling\/bowling_02.JPG\"\n\t\t\t\ttitle=\"\"\n\t\t\t\tdata-src=\"https:\/\/www.prouvy.be\/wp-content\/gallery\/reparation-du-bowling\/bowling_02.JPG\"\n\t\t\t\tdata-thumbnail=\"https:\/\/www.prouvy.be\/wp-content\/gallery\/reparation-du-bowling\/thumbs\/thumbs_bowling_02.JPG\"\n\t\t\t\tdata-image-id=\"1014\"\n\t\t\t\tdata-title=\"bowling_02\"\n\t\t\t\tdata-description=\"\"\n\t\t\t\tdata-image-slug=\"bowling_02\"\n\t\t\t\tclass=\"ngg-fancybox\" rel=\"061d74dfd99b5e01a91ecd838b7d4832\">\n\t\t\t\t<img\n\t\t\t\t\ttitle=\"bowling_02\"\n\t\t\t\t\talt=\"bowling_02\"\n\t\t\t\t\tsrc=\"https:\/\/www.prouvy.be\/wp-content\/gallery\/reparation-du-bowling\/thumbs\/thumbs_bowling_02.JPG\"\n\t\t\t\t\twidth=\"120\"\n\t\t\t\t\theight=\"90\"\n\t\t\t\t\tstyle=\"max-width:100%;\"\n\t\t\t\t\/>\n\t\t\t<\/a>\n\t\t<\/div>\n\t\t\t\t\t\t\t<\/div>\n\t\t\t\n\t\t\n\t\t\t\t<div id=\"ngg-image-10\" class=\"ngg-gallery-thumbnail-box\"\n\t\t\t\t\t\t\t\t\t\t\t>\n\t\t\t\t\t\t<div class=\"ngg-gallery-thumbnail\">\n\t\t\t<a href=\"https:\/\/www.prouvy.be\/wp-content\/gallery\/reparation-du-bowling\/bowling_03.JPG\"\n\t\t\t\ttitle=\"\"\n\t\t\t\tdata-src=\"https:\/\/www.prouvy.be\/wp-content\/gallery\/reparation-du-bowling\/bowling_03.JPG\"\n\t\t\t\tdata-thumbnail=\"https:\/\/www.prouvy.be\/wp-content\/gallery\/reparation-du-bowling\/thumbs\/thumbs_bowling_03.JPG\"\n\t\t\t\tdata-image-id=\"1015\"\n\t\t\t\tdata-title=\"bowling_03\"\n\t\t\t\tdata-description=\"\"\n\t\t\t\tdata-image-slug=\"bowling_03\"\n\t\t\t\tclass=\"ngg-fancybox\" rel=\"061d74dfd99b5e01a91ecd838b7d4832\">\n\t\t\t\t<img\n\t\t\t\t\ttitle=\"bowling_03\"\n\t\t\t\t\talt=\"bowling_03\"\n\t\t\t\t\tsrc=\"https:\/\/www.prouvy.be\/wp-content\/gallery\/reparation-du-bowling\/thumbs\/thumbs_bowling_03.JPG\"\n\t\t\t\t\twidth=\"120\"\n\t\t\t\t\theight=\"90\"\n\t\t\t\t\tstyle=\"max-width:100%;\"\n\t\t\t\t\/>\n\t\t\t<\/a>\n\t\t<\/div>\n\t\t\t\t\t\t\t<\/div>\n\t\t\t\n\t\t\n\t\t\t\t<div id=\"ngg-image-11\" class=\"ngg-gallery-thumbnail-box\"\n\t\t\t\t\t\t\t\t\t\t\t>\n\t\t\t\t\t\t<div class=\"ngg-gallery-thumbnail\">\n\t\t\t<a href=\"https:\/\/www.prouvy.be\/wp-content\/gallery\/reparation-du-bowling\/bowling_04.JPG\"\n\t\t\t\ttitle=\"\"\n\t\t\t\tdata-src=\"https:\/\/www.prouvy.be\/wp-content\/gallery\/reparation-du-bowling\/bowling_04.JPG\"\n\t\t\t\tdata-thumbnail=\"https:\/\/www.prouvy.be\/wp-content\/gallery\/reparation-du-bowling\/thumbs\/thumbs_bowling_04.JPG\"\n\t\t\t\tdata-image-id=\"1016\"\n\t\t\t\tdata-title=\"bowling_04\"\n\t\t\t\tdata-description=\"\"\n\t\t\t\tdata-image-slug=\"bowling_04\"\n\t\t\t\tclass=\"ngg-fancybox\" rel=\"061d74dfd99b5e01a91ecd838b7d4832\">\n\t\t\t\t<img\n\t\t\t\t\ttitle=\"bowling_04\"\n\t\t\t\t\talt=\"bowling_04\"\n\t\t\t\t\tsrc=\"https:\/\/www.prouvy.be\/wp-content\/gallery\/reparation-du-bowling\/thumbs\/thumbs_bowling_04.JPG\"\n\t\t\t\t\twidth=\"120\"\n\t\t\t\t\theight=\"90\"\n\t\t\t\t\tstyle=\"max-width:100%;\"\n\t\t\t\t\/>\n\t\t\t<\/a>\n\t\t<\/div>\n\t\t\t\t\t\t\t<\/div>\n\t\t\t\n\t\t\n\t\t\t\t<div id=\"ngg-image-12\" class=\"ngg-gallery-thumbnail-box\"\n\t\t\t\t\t\t\t\t\t\t\t>\n\t\t\t\t\t\t<div class=\"ngg-gallery-thumbnail\">\n\t\t\t<a href=\"https:\/\/www.prouvy.be\/wp-content\/gallery\/reparation-du-bowling\/bowling_05.JPG\"\n\t\t\t\ttitle=\"\"\n\t\t\t\tdata-src=\"https:\/\/www.prouvy.be\/wp-content\/gallery\/reparation-du-bowling\/bowling_05.JPG\"\n\t\t\t\tdata-thumbnail=\"https:\/\/www.prouvy.be\/wp-content\/gallery\/reparation-du-bowling\/thumbs\/thumbs_bowling_05.JPG\"\n\t\t\t\tdata-image-id=\"1017\"\n\t\t\t\tdata-title=\"bowling_05\"\n\t\t\t\tdata-description=\"\"\n\t\t\t\tdata-image-slug=\"bowling_05\"\n\t\t\t\tclass=\"ngg-fancybox\" rel=\"061d74dfd99b5e01a91ecd838b7d4832\">\n\t\t\t\t<img\n\t\t\t\t\ttitle=\"bowling_05\"\n\t\t\t\t\talt=\"bowling_05\"\n\t\t\t\t\tsrc=\"https:\/\/www.prouvy.be\/wp-content\/gallery\/reparation-du-bowling\/thumbs\/thumbs_bowling_05.JPG\"\n\t\t\t\t\twidth=\"120\"\n\t\t\t\t\theight=\"90\"\n\t\t\t\t\tstyle=\"max-width:100%;\"\n\t\t\t\t\/>\n\t\t\t<\/a>\n\t\t<\/div>\n\t\t\t\t\t\t\t<\/div>\n\t\t\t\n\t\t\n\t\t\t\t<div id=\"ngg-image-13\" class=\"ngg-gallery-thumbnail-box\"\n\t\t\t\t\t\t\t\t\t\t\t>\n\t\t\t\t\t\t<div class=\"ngg-gallery-thumbnail\">\n\t\t\t<a href=\"https:\/\/www.prouvy.be\/wp-content\/gallery\/reparation-du-bowling\/bowling_06.JPG\"\n\t\t\t\ttitle=\"\"\n\t\t\t\tdata-src=\"https:\/\/www.prouvy.be\/wp-content\/gallery\/reparation-du-bowling\/bowling_06.JPG\"\n\t\t\t\tdata-thumbnail=\"https:\/\/www.prouvy.be\/wp-content\/gallery\/reparation-du-bowling\/thumbs\/thumbs_bowling_06.JPG\"\n\t\t\t\tdata-image-id=\"1018\"\n\t\t\t\tdata-title=\"bowling_06\"\n\t\t\t\tdata-description=\"\"\n\t\t\t\tdata-image-slug=\"bowling_06\"\n\t\t\t\tclass=\"ngg-fancybox\" rel=\"061d74dfd99b5e01a91ecd838b7d4832\">\n\t\t\t\t<img\n\t\t\t\t\ttitle=\"bowling_06\"\n\t\t\t\t\talt=\"bowling_06\"\n\t\t\t\t\tsrc=\"https:\/\/www.prouvy.be\/wp-content\/gallery\/reparation-du-bowling\/thumbs\/thumbs_bowling_06.JPG\"\n\t\t\t\t\twidth=\"120\"\n\t\t\t\t\theight=\"90\"\n\t\t\t\t\tstyle=\"max-width:100%;\"\n\t\t\t\t\/>\n\t\t\t<\/a>\n\t\t<\/div>\n\t\t\t\t\t\t\t<\/div>\n\t\t\t\n\t\t\n\t\t\t\t<div id=\"ngg-image-14\" class=\"ngg-gallery-thumbnail-box\"\n\t\t\t\t\t\t\t\t\t\t\t>\n\t\t\t\t\t\t<div class=\"ngg-gallery-thumbnail\">\n\t\t\t<a href=\"https:\/\/www.prouvy.be\/wp-content\/gallery\/reparation-du-bowling\/bowling_07.JPG\"\n\t\t\t\ttitle=\"\"\n\t\t\t\tdata-src=\"https:\/\/www.prouvy.be\/wp-content\/gallery\/reparation-du-bowling\/bowling_07.JPG\"\n\t\t\t\tdata-thumbnail=\"https:\/\/www.prouvy.be\/wp-content\/gallery\/reparation-du-bowling\/thumbs\/thumbs_bowling_07.JPG\"\n\t\t\t\tdata-image-id=\"1019\"\n\t\t\t\tdata-title=\"bowling_07\"\n\t\t\t\tdata-description=\"\"\n\t\t\t\tdata-image-slug=\"bowling_07\"\n\t\t\t\tclass=\"ngg-fancybox\" rel=\"061d74dfd99b5e01a91ecd838b7d4832\">\n\t\t\t\t<img\n\t\t\t\t\ttitle=\"bowling_07\"\n\t\t\t\t\talt=\"bowling_07\"\n\t\t\t\t\tsrc=\"https:\/\/www.prouvy.be\/wp-content\/gallery\/reparation-du-bowling\/thumbs\/thumbs_bowling_07.JPG\"\n\t\t\t\t\twidth=\"120\"\n\t\t\t\t\theight=\"90\"\n\t\t\t\t\tstyle=\"max-width:100%;\"\n\t\t\t\t\/>\n\t\t\t<\/a>\n\t\t<\/div>\n\t\t\t\t\t\t\t<\/div>\n\t\t\t\n\t\t\n\t\t\t\t<div id=\"ngg-image-15\" class=\"ngg-gallery-thumbnail-box\"\n\t\t\t\t\t\t\t\t\t\t\t>\n\t\t\t\t\t\t<div class=\"ngg-gallery-thumbnail\">\n\t\t\t<a href=\"https:\/\/www.prouvy.be\/wp-content\/gallery\/reparation-du-bowling\/bowling_08.JPG\"\n\t\t\t\ttitle=\"\"\n\t\t\t\tdata-src=\"https:\/\/www.prouvy.be\/wp-content\/gallery\/reparation-du-bowling\/bowling_08.JPG\"\n\t\t\t\tdata-thumbnail=\"https:\/\/www.prouvy.be\/wp-content\/gallery\/reparation-du-bowling\/thumbs\/thumbs_bowling_08.JPG\"\n\t\t\t\tdata-image-id=\"1020\"\n\t\t\t\tdata-title=\"bowling_08\"\n\t\t\t\tdata-description=\"\"\n\t\t\t\tdata-image-slug=\"bowling_08\"\n\t\t\t\tclass=\"ngg-fancybox\" rel=\"061d74dfd99b5e01a91ecd838b7d4832\">\n\t\t\t\t<img\n\t\t\t\t\ttitle=\"bowling_08\"\n\t\t\t\t\talt=\"bowling_08\"\n\t\t\t\t\tsrc=\"https:\/\/www.prouvy.be\/wp-content\/gallery\/reparation-du-bowling\/thumbs\/thumbs_bowling_08.JPG\"\n\t\t\t\t\twidth=\"120\"\n\t\t\t\t\theight=\"90\"\n\t\t\t\t\tstyle=\"max-width:100%;\"\n\t\t\t\t\/>\n\t\t\t<\/a>\n\t\t<\/div>\n\t\t\t\t\t\t\t<\/div>\n\t\t\t\n\t\t\n\t\t\n\t\t<!-- Pagination -->\n\t\t<div class='ngg-clear'><\/div>\t<\/div>\n<\/p>\n","protected":false},"excerpt":{"rendered":"<p>En ce d\u00e9but d\u2019ann\u00e9e 2012, une \u00e9quipe motiv\u00e9e du comit\u00e9, bien aid\u00e9e par les jeunes du club se sont lanc\u00e9s dans la r\u00e9paration et le rafraichissement du bowling abim\u00e9 suite \u00e0 des infiltrations d\u2019eau. Les travaux vont bon train et devraient \u00eatre termines pour le printemps, ce qui offrira \u00e0 la chaumi\u00e8re et aux habitants &hellip; <a href=\"https:\/\/www.prouvy.be\/?page_id=2897\" class=\"more-link\">Continuer la lecture de <span class=\"screen-reader-text\">R\u00e9paration du Bowling<\/span>  <span class=\"meta-nav\">&rarr;<\/span><\/a><\/p>\n","protected":false},"author":1,"featured_media":2917,"parent":2710,"menu_order":0,"comment_status":"open","ping_status":"open","template":"","meta":{"ngg_post_thumbnail":0,"footnotes":""},"class_list":["post-2897","page","type-page","status-publish","has-post-thumbnail","hentry"],"post_mailing_queue_ids":[],"_links":{"self":[{"href":"https:\/\/www.prouvy.be\/index.php?rest_route=\/wp\/v2\/pages\/2897","targetHints":{"allow":["GET"]}}],"collection":[{"href":"https:\/\/www.prouvy.be\/index.php?rest_route=\/wp\/v2\/pages"}],"about":[{"href":"https:\/\/www.prouvy.be\/index.php?rest_route=\/wp\/v2\/types\/page"}],"author":[{"embeddable":true,"href":"https:\/\/www.prouvy.be\/index.php?rest_route=\/wp\/v2\/users\/1"}],"replies":[{"embeddable":true,"href":"https:\/\/www.prouvy.be\/index.php?rest_route=%2Fwp%2Fv2%2Fcomments&post=2897"}],"version-history":[{"count":2,"href":"https:\/\/www.prouvy.be\/index.php?rest_route=\/wp\/v2\/pages\/2897\/revisions"}],"predecessor-version":[{"id":3987,"href":"https:\/\/www.prouvy.be\/index.php?rest_route=\/wp\/v2\/pages\/2897\/revisions\/3987"}],"up":[{"embeddable":true,"href":"https:\/\/www.prouvy.be\/index.php?rest_route=\/wp\/v2\/pages\/2710"}],"wp:featuredmedia":[{"embeddable":true,"href":"https:\/\/www.prouvy.be\/index.php?rest_route=\/wp\/v2\/media\/2917"}],"wp:attachment":[{"href":"https:\/\/www.prouvy.be\/index.php?rest_route=%2Fwp%2Fv2%2Fmedia&parent=2897"}],"curies":[{"name":"wp","href":"https:\/\/api.w.org\/{rel}","templated":true}]}}