{"id":2843,"date":"2014-12-01T23:24:30","date_gmt":"2014-12-01T21:24:30","guid":{"rendered":"http:\/\/new.prouvy.be\/?page_id=2843"},"modified":"2014-12-01T23:26:38","modified_gmt":"2014-12-01T21:26:38","slug":"un-beau-dimanche-a-prouvy","status":"publish","type":"page","link":"https:\/\/www.prouvy.be\/?page_id=2843","title":{"rendered":"Un beau dimanche \u00e0 Prouvy"},"content":{"rendered":"<div id=\"fb-root\"><\/div>\n<p>La pluie de d\u00e9but de matin\u00e9e n\u2019a pas r\u00e9ussi a d\u00e9courager les marcheurs qui ont parcouru un circuit surprise agr\u00e9ment\u00e9 d\u2019un questionnaire pr\u00e9par\u00e9 par Jeanne. C\u2018\u00e9tait alors ensuite l\u2019heure de l\u2019ap\u00e9ro. Les derniers nuages ont quitt\u00e9 le ciel Provon\u00e7ois puis Albert nous a invit\u00e9 \u00e0 passer au buffet de crudit\u00e9s et des viandes. C\u2019est donc sous le soleil que les 3 caisses \u00e0 savon pr\u00e9sentes d\u00e9val\u00e8rent la Voie d\u2019Orval pour plusieurs manches chronom\u00e9tr\u00e9es par nos commissaires Pierre et Bruno. Les 5 participant(e)s furent ensuite r\u00e9compens\u00e9s.<\/p>\n<p><!-- index.php -->\n<div\n\tclass=\"ngg-galleryoverview\n\t ngg-ajax-pagination-none\t\"\n\tid=\"ngg-gallery-dc61766daf17b8612f5c32dd5066e151-1\">\n\n\t\t<div class=\"slideshowlink\">\n\t\t<a href='https:\/\/www.prouvy.be\/index.php\/nggallery\/slideshow?page_id=2843'>[Show slideshow]<\/a>\n\n\t<\/div>\n\t\t\t<!-- Thumbnails -->\n\t\t\t\t<div id=\"ngg-image-0\" class=\"ngg-gallery-thumbnail-box\"\n\t\t\t\t\t\t\t\t\t\t\t>\n\t\t\t\t\t\t<div class=\"ngg-gallery-thumbnail\">\n\t\t\t<a href=\"https:\/\/www.prouvy.be\/wp-content\/gallery\/un-beau-dimanche-a-prouvy-6\/dimanche_2012_01.JPG\"\n\t\t\t\ttitle=\"\"\n\t\t\t\tdata-src=\"https:\/\/www.prouvy.be\/wp-content\/gallery\/un-beau-dimanche-a-prouvy-6\/dimanche_2012_01.JPG\"\n\t\t\t\tdata-thumbnail=\"https:\/\/www.prouvy.be\/wp-content\/gallery\/un-beau-dimanche-a-prouvy-6\/thumbs\/thumbs_dimanche_2012_01.JPG\"\n\t\t\t\tdata-image-id=\"992\"\n\t\t\t\tdata-title=\"dimanche_2012_01\"\n\t\t\t\tdata-description=\"\"\n\t\t\t\tdata-image-slug=\"dimanche_2012_01\"\n\t\t\t\tclass=\"ngg-fancybox\" rel=\"dc61766daf17b8612f5c32dd5066e151\">\n\t\t\t\t<img\n\t\t\t\t\ttitle=\"dimanche_2012_01\"\n\t\t\t\t\talt=\"dimanche_2012_01\"\n\t\t\t\t\tsrc=\"https:\/\/www.prouvy.be\/wp-content\/gallery\/un-beau-dimanche-a-prouvy-6\/thumbs\/thumbs_dimanche_2012_01.JPG\"\n\t\t\t\t\twidth=\"120\"\n\t\t\t\t\theight=\"90\"\n\t\t\t\t\tstyle=\"max-width:100%;\"\n\t\t\t\t\/>\n\t\t\t<\/a>\n\t\t<\/div>\n\t\t\t\t\t\t\t<\/div>\n\t\t\t\n\t\t\n\t\t\t\t<div id=\"ngg-image-1\" class=\"ngg-gallery-thumbnail-box\"\n\t\t\t\t\t\t\t\t\t\t\t>\n\t\t\t\t\t\t<div class=\"ngg-gallery-thumbnail\">\n\t\t\t<a href=\"https:\/\/www.prouvy.be\/wp-content\/gallery\/un-beau-dimanche-a-prouvy-6\/dimanche_2012_02.JPG\"\n\t\t\t\ttitle=\" \"\n\t\t\t\tdata-src=\"https:\/\/www.prouvy.be\/wp-content\/gallery\/un-beau-dimanche-a-prouvy-6\/dimanche_2012_02.JPG\"\n\t\t\t\tdata-thumbnail=\"https:\/\/www.prouvy.be\/wp-content\/gallery\/un-beau-dimanche-a-prouvy-6\/thumbs\/thumbs_dimanche_2012_02.JPG\"\n\t\t\t\tdata-image-id=\"993\"\n\t\t\t\tdata-title=\"dimanche_2012_02\"\n\t\t\t\tdata-description=\" \"\n\t\t\t\tdata-image-slug=\"dimanche_2012_02\"\n\t\t\t\tclass=\"ngg-fancybox\" rel=\"dc61766daf17b8612f5c32dd5066e151\">\n\t\t\t\t<img\n\t\t\t\t\ttitle=\"dimanche_2012_02\"\n\t\t\t\t\talt=\"dimanche_2012_02\"\n\t\t\t\t\tsrc=\"https:\/\/www.prouvy.be\/wp-content\/gallery\/un-beau-dimanche-a-prouvy-6\/thumbs\/thumbs_dimanche_2012_02.JPG\"\n\t\t\t\t\twidth=\"120\"\n\t\t\t\t\theight=\"90\"\n\t\t\t\t\tstyle=\"max-width:100%;\"\n\t\t\t\t\/>\n\t\t\t<\/a>\n\t\t<\/div>\n\t\t\t\t\t\t\t<\/div>\n\t\t\t\n\t\t\n\t\t\t\t<div id=\"ngg-image-2\" class=\"ngg-gallery-thumbnail-box\"\n\t\t\t\t\t\t\t\t\t\t\t>\n\t\t\t\t\t\t<div class=\"ngg-gallery-thumbnail\">\n\t\t\t<a href=\"https:\/\/www.prouvy.be\/wp-content\/gallery\/un-beau-dimanche-a-prouvy-6\/dimanche_2012_03.JPG\"\n\t\t\t\ttitle=\" \"\n\t\t\t\tdata-src=\"https:\/\/www.prouvy.be\/wp-content\/gallery\/un-beau-dimanche-a-prouvy-6\/dimanche_2012_03.JPG\"\n\t\t\t\tdata-thumbnail=\"https:\/\/www.prouvy.be\/wp-content\/gallery\/un-beau-dimanche-a-prouvy-6\/thumbs\/thumbs_dimanche_2012_03.JPG\"\n\t\t\t\tdata-image-id=\"994\"\n\t\t\t\tdata-title=\"dimanche_2012_03\"\n\t\t\t\tdata-description=\" \"\n\t\t\t\tdata-image-slug=\"dimanche_2012_03\"\n\t\t\t\tclass=\"ngg-fancybox\" rel=\"dc61766daf17b8612f5c32dd5066e151\">\n\t\t\t\t<img\n\t\t\t\t\ttitle=\"dimanche_2012_03\"\n\t\t\t\t\talt=\"dimanche_2012_03\"\n\t\t\t\t\tsrc=\"https:\/\/www.prouvy.be\/wp-content\/gallery\/un-beau-dimanche-a-prouvy-6\/thumbs\/thumbs_dimanche_2012_03.JPG\"\n\t\t\t\t\twidth=\"120\"\n\t\t\t\t\theight=\"90\"\n\t\t\t\t\tstyle=\"max-width:100%;\"\n\t\t\t\t\/>\n\t\t\t<\/a>\n\t\t<\/div>\n\t\t\t\t\t\t\t<\/div>\n\t\t\t\n\t\t\n\t\t\t\t<div id=\"ngg-image-3\" class=\"ngg-gallery-thumbnail-box\"\n\t\t\t\t\t\t\t\t\t\t\t>\n\t\t\t\t\t\t<div class=\"ngg-gallery-thumbnail\">\n\t\t\t<a href=\"https:\/\/www.prouvy.be\/wp-content\/gallery\/un-beau-dimanche-a-prouvy-6\/dimanche_2012_04.JPG\"\n\t\t\t\ttitle=\" \"\n\t\t\t\tdata-src=\"https:\/\/www.prouvy.be\/wp-content\/gallery\/un-beau-dimanche-a-prouvy-6\/dimanche_2012_04.JPG\"\n\t\t\t\tdata-thumbnail=\"https:\/\/www.prouvy.be\/wp-content\/gallery\/un-beau-dimanche-a-prouvy-6\/thumbs\/thumbs_dimanche_2012_04.JPG\"\n\t\t\t\tdata-image-id=\"995\"\n\t\t\t\tdata-title=\"dimanche_2012_04\"\n\t\t\t\tdata-description=\" \"\n\t\t\t\tdata-image-slug=\"dimanche_2012_04\"\n\t\t\t\tclass=\"ngg-fancybox\" rel=\"dc61766daf17b8612f5c32dd5066e151\">\n\t\t\t\t<img\n\t\t\t\t\ttitle=\"dimanche_2012_04\"\n\t\t\t\t\talt=\"dimanche_2012_04\"\n\t\t\t\t\tsrc=\"https:\/\/www.prouvy.be\/wp-content\/gallery\/un-beau-dimanche-a-prouvy-6\/thumbs\/thumbs_dimanche_2012_04.JPG\"\n\t\t\t\t\twidth=\"120\"\n\t\t\t\t\theight=\"90\"\n\t\t\t\t\tstyle=\"max-width:100%;\"\n\t\t\t\t\/>\n\t\t\t<\/a>\n\t\t<\/div>\n\t\t\t\t\t\t\t<\/div>\n\t\t\t\n\t\t\n\t\t\t\t<div id=\"ngg-image-4\" class=\"ngg-gallery-thumbnail-box\"\n\t\t\t\t\t\t\t\t\t\t\t>\n\t\t\t\t\t\t<div class=\"ngg-gallery-thumbnail\">\n\t\t\t<a href=\"https:\/\/www.prouvy.be\/wp-content\/gallery\/un-beau-dimanche-a-prouvy-6\/dimanche_2012_05.JPG\"\n\t\t\t\ttitle=\" \"\n\t\t\t\tdata-src=\"https:\/\/www.prouvy.be\/wp-content\/gallery\/un-beau-dimanche-a-prouvy-6\/dimanche_2012_05.JPG\"\n\t\t\t\tdata-thumbnail=\"https:\/\/www.prouvy.be\/wp-content\/gallery\/un-beau-dimanche-a-prouvy-6\/thumbs\/thumbs_dimanche_2012_05.JPG\"\n\t\t\t\tdata-image-id=\"996\"\n\t\t\t\tdata-title=\"dimanche_2012_05\"\n\t\t\t\tdata-description=\" \"\n\t\t\t\tdata-image-slug=\"dimanche_2012_05\"\n\t\t\t\tclass=\"ngg-fancybox\" rel=\"dc61766daf17b8612f5c32dd5066e151\">\n\t\t\t\t<img\n\t\t\t\t\ttitle=\"dimanche_2012_05\"\n\t\t\t\t\talt=\"dimanche_2012_05\"\n\t\t\t\t\tsrc=\"https:\/\/www.prouvy.be\/wp-content\/gallery\/un-beau-dimanche-a-prouvy-6\/thumbs\/thumbs_dimanche_2012_05.JPG\"\n\t\t\t\t\twidth=\"120\"\n\t\t\t\t\theight=\"90\"\n\t\t\t\t\tstyle=\"max-width:100%;\"\n\t\t\t\t\/>\n\t\t\t<\/a>\n\t\t<\/div>\n\t\t\t\t\t\t\t<\/div>\n\t\t\t\n\t\t\n\t\t\t\t<div id=\"ngg-image-5\" class=\"ngg-gallery-thumbnail-box\"\n\t\t\t\t\t\t\t\t\t\t\t>\n\t\t\t\t\t\t<div class=\"ngg-gallery-thumbnail\">\n\t\t\t<a href=\"https:\/\/www.prouvy.be\/wp-content\/gallery\/un-beau-dimanche-a-prouvy-6\/dimanche_2012_06.JPG\"\n\t\t\t\ttitle=\" \"\n\t\t\t\tdata-src=\"https:\/\/www.prouvy.be\/wp-content\/gallery\/un-beau-dimanche-a-prouvy-6\/dimanche_2012_06.JPG\"\n\t\t\t\tdata-thumbnail=\"https:\/\/www.prouvy.be\/wp-content\/gallery\/un-beau-dimanche-a-prouvy-6\/thumbs\/thumbs_dimanche_2012_06.JPG\"\n\t\t\t\tdata-image-id=\"997\"\n\t\t\t\tdata-title=\"dimanche_2012_06\"\n\t\t\t\tdata-description=\" \"\n\t\t\t\tdata-image-slug=\"dimanche_2012_06\"\n\t\t\t\tclass=\"ngg-fancybox\" rel=\"dc61766daf17b8612f5c32dd5066e151\">\n\t\t\t\t<img\n\t\t\t\t\ttitle=\"dimanche_2012_06\"\n\t\t\t\t\talt=\"dimanche_2012_06\"\n\t\t\t\t\tsrc=\"https:\/\/www.prouvy.be\/wp-content\/gallery\/un-beau-dimanche-a-prouvy-6\/thumbs\/thumbs_dimanche_2012_06.JPG\"\n\t\t\t\t\twidth=\"120\"\n\t\t\t\t\theight=\"90\"\n\t\t\t\t\tstyle=\"max-width:100%;\"\n\t\t\t\t\/>\n\t\t\t<\/a>\n\t\t<\/div>\n\t\t\t\t\t\t\t<\/div>\n\t\t\t\n\t\t\n\t\t\t\t<div id=\"ngg-image-6\" class=\"ngg-gallery-thumbnail-box\"\n\t\t\t\t\t\t\t\t\t\t\t>\n\t\t\t\t\t\t<div class=\"ngg-gallery-thumbnail\">\n\t\t\t<a href=\"https:\/\/www.prouvy.be\/wp-content\/gallery\/un-beau-dimanche-a-prouvy-6\/dimanche_2012_07.JPG\"\n\t\t\t\ttitle=\" \"\n\t\t\t\tdata-src=\"https:\/\/www.prouvy.be\/wp-content\/gallery\/un-beau-dimanche-a-prouvy-6\/dimanche_2012_07.JPG\"\n\t\t\t\tdata-thumbnail=\"https:\/\/www.prouvy.be\/wp-content\/gallery\/un-beau-dimanche-a-prouvy-6\/thumbs\/thumbs_dimanche_2012_07.JPG\"\n\t\t\t\tdata-image-id=\"998\"\n\t\t\t\tdata-title=\"dimanche_2012_07\"\n\t\t\t\tdata-description=\" \"\n\t\t\t\tdata-image-slug=\"dimanche_2012_07\"\n\t\t\t\tclass=\"ngg-fancybox\" rel=\"dc61766daf17b8612f5c32dd5066e151\">\n\t\t\t\t<img\n\t\t\t\t\ttitle=\"dimanche_2012_07\"\n\t\t\t\t\talt=\"dimanche_2012_07\"\n\t\t\t\t\tsrc=\"https:\/\/www.prouvy.be\/wp-content\/gallery\/un-beau-dimanche-a-prouvy-6\/thumbs\/thumbs_dimanche_2012_07.JPG\"\n\t\t\t\t\twidth=\"120\"\n\t\t\t\t\theight=\"90\"\n\t\t\t\t\tstyle=\"max-width:100%;\"\n\t\t\t\t\/>\n\t\t\t<\/a>\n\t\t<\/div>\n\t\t\t\t\t\t\t<\/div>\n\t\t\t\n\t\t\n\t\t\t\t<div id=\"ngg-image-7\" class=\"ngg-gallery-thumbnail-box\"\n\t\t\t\t\t\t\t\t\t\t\t>\n\t\t\t\t\t\t<div class=\"ngg-gallery-thumbnail\">\n\t\t\t<a href=\"https:\/\/www.prouvy.be\/wp-content\/gallery\/un-beau-dimanche-a-prouvy-6\/dimanche_2012_08.JPG\"\n\t\t\t\ttitle=\" \"\n\t\t\t\tdata-src=\"https:\/\/www.prouvy.be\/wp-content\/gallery\/un-beau-dimanche-a-prouvy-6\/dimanche_2012_08.JPG\"\n\t\t\t\tdata-thumbnail=\"https:\/\/www.prouvy.be\/wp-content\/gallery\/un-beau-dimanche-a-prouvy-6\/thumbs\/thumbs_dimanche_2012_08.JPG\"\n\t\t\t\tdata-image-id=\"999\"\n\t\t\t\tdata-title=\"dimanche_2012_08\"\n\t\t\t\tdata-description=\" \"\n\t\t\t\tdata-image-slug=\"dimanche_2012_08\"\n\t\t\t\tclass=\"ngg-fancybox\" rel=\"dc61766daf17b8612f5c32dd5066e151\">\n\t\t\t\t<img\n\t\t\t\t\ttitle=\"dimanche_2012_08\"\n\t\t\t\t\talt=\"dimanche_2012_08\"\n\t\t\t\t\tsrc=\"https:\/\/www.prouvy.be\/wp-content\/gallery\/un-beau-dimanche-a-prouvy-6\/thumbs\/thumbs_dimanche_2012_08.JPG\"\n\t\t\t\t\twidth=\"120\"\n\t\t\t\t\theight=\"90\"\n\t\t\t\t\tstyle=\"max-width:100%;\"\n\t\t\t\t\/>\n\t\t\t<\/a>\n\t\t<\/div>\n\t\t\t\t\t\t\t<\/div>\n\t\t\t\n\t\t\n\t\t\t\t<div id=\"ngg-image-8\" class=\"ngg-gallery-thumbnail-box\"\n\t\t\t\t\t\t\t\t\t\t\t>\n\t\t\t\t\t\t<div class=\"ngg-gallery-thumbnail\">\n\t\t\t<a href=\"https:\/\/www.prouvy.be\/wp-content\/gallery\/un-beau-dimanche-a-prouvy-6\/dimanche_2012_09.JPG\"\n\t\t\t\ttitle=\" \"\n\t\t\t\tdata-src=\"https:\/\/www.prouvy.be\/wp-content\/gallery\/un-beau-dimanche-a-prouvy-6\/dimanche_2012_09.JPG\"\n\t\t\t\tdata-thumbnail=\"https:\/\/www.prouvy.be\/wp-content\/gallery\/un-beau-dimanche-a-prouvy-6\/thumbs\/thumbs_dimanche_2012_09.JPG\"\n\t\t\t\tdata-image-id=\"1000\"\n\t\t\t\tdata-title=\"dimanche_2012_09\"\n\t\t\t\tdata-description=\" \"\n\t\t\t\tdata-image-slug=\"dimanche_2012_09\"\n\t\t\t\tclass=\"ngg-fancybox\" rel=\"dc61766daf17b8612f5c32dd5066e151\">\n\t\t\t\t<img\n\t\t\t\t\ttitle=\"dimanche_2012_09\"\n\t\t\t\t\talt=\"dimanche_2012_09\"\n\t\t\t\t\tsrc=\"https:\/\/www.prouvy.be\/wp-content\/gallery\/un-beau-dimanche-a-prouvy-6\/thumbs\/thumbs_dimanche_2012_09.JPG\"\n\t\t\t\t\twidth=\"120\"\n\t\t\t\t\theight=\"90\"\n\t\t\t\t\tstyle=\"max-width:100%;\"\n\t\t\t\t\/>\n\t\t\t<\/a>\n\t\t<\/div>\n\t\t\t\t\t\t\t<\/div>\n\t\t\t\n\t\t\n\t\t\t\t<div id=\"ngg-image-9\" class=\"ngg-gallery-thumbnail-box\"\n\t\t\t\t\t\t\t\t\t\t\t>\n\t\t\t\t\t\t<div class=\"ngg-gallery-thumbnail\">\n\t\t\t<a href=\"https:\/\/www.prouvy.be\/wp-content\/gallery\/un-beau-dimanche-a-prouvy-6\/dimanche_2012_10.JPG\"\n\t\t\t\ttitle=\" \"\n\t\t\t\tdata-src=\"https:\/\/www.prouvy.be\/wp-content\/gallery\/un-beau-dimanche-a-prouvy-6\/dimanche_2012_10.JPG\"\n\t\t\t\tdata-thumbnail=\"https:\/\/www.prouvy.be\/wp-content\/gallery\/un-beau-dimanche-a-prouvy-6\/thumbs\/thumbs_dimanche_2012_10.JPG\"\n\t\t\t\tdata-image-id=\"1001\"\n\t\t\t\tdata-title=\"dimanche_2012_10\"\n\t\t\t\tdata-description=\" \"\n\t\t\t\tdata-image-slug=\"dimanche_2012_10\"\n\t\t\t\tclass=\"ngg-fancybox\" rel=\"dc61766daf17b8612f5c32dd5066e151\">\n\t\t\t\t<img\n\t\t\t\t\ttitle=\"dimanche_2012_10\"\n\t\t\t\t\talt=\"dimanche_2012_10\"\n\t\t\t\t\tsrc=\"https:\/\/www.prouvy.be\/wp-content\/gallery\/un-beau-dimanche-a-prouvy-6\/thumbs\/thumbs_dimanche_2012_10.JPG\"\n\t\t\t\t\twidth=\"120\"\n\t\t\t\t\theight=\"90\"\n\t\t\t\t\tstyle=\"max-width:100%;\"\n\t\t\t\t\/>\n\t\t\t<\/a>\n\t\t<\/div>\n\t\t\t\t\t\t\t<\/div>\n\t\t\t\n\t\t\n\t\t\t\t<div id=\"ngg-image-10\" class=\"ngg-gallery-thumbnail-box\"\n\t\t\t\t\t\t\t\t\t\t\t>\n\t\t\t\t\t\t<div class=\"ngg-gallery-thumbnail\">\n\t\t\t<a href=\"https:\/\/www.prouvy.be\/wp-content\/gallery\/un-beau-dimanche-a-prouvy-6\/dimanche_2012_11.JPG\"\n\t\t\t\ttitle=\" \"\n\t\t\t\tdata-src=\"https:\/\/www.prouvy.be\/wp-content\/gallery\/un-beau-dimanche-a-prouvy-6\/dimanche_2012_11.JPG\"\n\t\t\t\tdata-thumbnail=\"https:\/\/www.prouvy.be\/wp-content\/gallery\/un-beau-dimanche-a-prouvy-6\/thumbs\/thumbs_dimanche_2012_11.JPG\"\n\t\t\t\tdata-image-id=\"1002\"\n\t\t\t\tdata-title=\"dimanche_2012_11\"\n\t\t\t\tdata-description=\" \"\n\t\t\t\tdata-image-slug=\"dimanche_2012_11\"\n\t\t\t\tclass=\"ngg-fancybox\" rel=\"dc61766daf17b8612f5c32dd5066e151\">\n\t\t\t\t<img\n\t\t\t\t\ttitle=\"dimanche_2012_11\"\n\t\t\t\t\talt=\"dimanche_2012_11\"\n\t\t\t\t\tsrc=\"https:\/\/www.prouvy.be\/wp-content\/gallery\/un-beau-dimanche-a-prouvy-6\/thumbs\/thumbs_dimanche_2012_11.JPG\"\n\t\t\t\t\twidth=\"120\"\n\t\t\t\t\theight=\"90\"\n\t\t\t\t\tstyle=\"max-width:100%;\"\n\t\t\t\t\/>\n\t\t\t<\/a>\n\t\t<\/div>\n\t\t\t\t\t\t\t<\/div>\n\t\t\t\n\t\t\n\t\t\t\t<div id=\"ngg-image-11\" class=\"ngg-gallery-thumbnail-box\"\n\t\t\t\t\t\t\t\t\t\t\t>\n\t\t\t\t\t\t<div class=\"ngg-gallery-thumbnail\">\n\t\t\t<a href=\"https:\/\/www.prouvy.be\/wp-content\/gallery\/un-beau-dimanche-a-prouvy-6\/dimanche_2012_12.JPG\"\n\t\t\t\ttitle=\" \"\n\t\t\t\tdata-src=\"https:\/\/www.prouvy.be\/wp-content\/gallery\/un-beau-dimanche-a-prouvy-6\/dimanche_2012_12.JPG\"\n\t\t\t\tdata-thumbnail=\"https:\/\/www.prouvy.be\/wp-content\/gallery\/un-beau-dimanche-a-prouvy-6\/thumbs\/thumbs_dimanche_2012_12.JPG\"\n\t\t\t\tdata-image-id=\"1003\"\n\t\t\t\tdata-title=\"dimanche_2012_12\"\n\t\t\t\tdata-description=\" \"\n\t\t\t\tdata-image-slug=\"dimanche_2012_12\"\n\t\t\t\tclass=\"ngg-fancybox\" rel=\"dc61766daf17b8612f5c32dd5066e151\">\n\t\t\t\t<img\n\t\t\t\t\ttitle=\"dimanche_2012_12\"\n\t\t\t\t\talt=\"dimanche_2012_12\"\n\t\t\t\t\tsrc=\"https:\/\/www.prouvy.be\/wp-content\/gallery\/un-beau-dimanche-a-prouvy-6\/thumbs\/thumbs_dimanche_2012_12.JPG\"\n\t\t\t\t\twidth=\"120\"\n\t\t\t\t\theight=\"90\"\n\t\t\t\t\tstyle=\"max-width:100%;\"\n\t\t\t\t\/>\n\t\t\t<\/a>\n\t\t<\/div>\n\t\t\t\t\t\t\t<\/div>\n\t\t\t\n\t\t\n\t\t\t\t<div id=\"ngg-image-12\" class=\"ngg-gallery-thumbnail-box\"\n\t\t\t\t\t\t\t\t\t\t\t>\n\t\t\t\t\t\t<div class=\"ngg-gallery-thumbnail\">\n\t\t\t<a href=\"https:\/\/www.prouvy.be\/wp-content\/gallery\/un-beau-dimanche-a-prouvy-6\/dimanche_2012_13.JPG\"\n\t\t\t\ttitle=\" \"\n\t\t\t\tdata-src=\"https:\/\/www.prouvy.be\/wp-content\/gallery\/un-beau-dimanche-a-prouvy-6\/dimanche_2012_13.JPG\"\n\t\t\t\tdata-thumbnail=\"https:\/\/www.prouvy.be\/wp-content\/gallery\/un-beau-dimanche-a-prouvy-6\/thumbs\/thumbs_dimanche_2012_13.JPG\"\n\t\t\t\tdata-image-id=\"1004\"\n\t\t\t\tdata-title=\"dimanche_2012_13\"\n\t\t\t\tdata-description=\" \"\n\t\t\t\tdata-image-slug=\"dimanche_2012_13\"\n\t\t\t\tclass=\"ngg-fancybox\" rel=\"dc61766daf17b8612f5c32dd5066e151\">\n\t\t\t\t<img\n\t\t\t\t\ttitle=\"dimanche_2012_13\"\n\t\t\t\t\talt=\"dimanche_2012_13\"\n\t\t\t\t\tsrc=\"https:\/\/www.prouvy.be\/wp-content\/gallery\/un-beau-dimanche-a-prouvy-6\/thumbs\/thumbs_dimanche_2012_13.JPG\"\n\t\t\t\t\twidth=\"120\"\n\t\t\t\t\theight=\"90\"\n\t\t\t\t\tstyle=\"max-width:100%;\"\n\t\t\t\t\/>\n\t\t\t<\/a>\n\t\t<\/div>\n\t\t\t\t\t\t\t<\/div>\n\t\t\t\n\t\t\n\t\t\t\t<div id=\"ngg-image-13\" class=\"ngg-gallery-thumbnail-box\"\n\t\t\t\t\t\t\t\t\t\t\t>\n\t\t\t\t\t\t<div class=\"ngg-gallery-thumbnail\">\n\t\t\t<a href=\"https:\/\/www.prouvy.be\/wp-content\/gallery\/un-beau-dimanche-a-prouvy-6\/dimanche_2012_14.JPG\"\n\t\t\t\ttitle=\" \"\n\t\t\t\tdata-src=\"https:\/\/www.prouvy.be\/wp-content\/gallery\/un-beau-dimanche-a-prouvy-6\/dimanche_2012_14.JPG\"\n\t\t\t\tdata-thumbnail=\"https:\/\/www.prouvy.be\/wp-content\/gallery\/un-beau-dimanche-a-prouvy-6\/thumbs\/thumbs_dimanche_2012_14.JPG\"\n\t\t\t\tdata-image-id=\"1005\"\n\t\t\t\tdata-title=\"dimanche_2012_14\"\n\t\t\t\tdata-description=\" \"\n\t\t\t\tdata-image-slug=\"dimanche_2012_14\"\n\t\t\t\tclass=\"ngg-fancybox\" rel=\"dc61766daf17b8612f5c32dd5066e151\">\n\t\t\t\t<img\n\t\t\t\t\ttitle=\"dimanche_2012_14\"\n\t\t\t\t\talt=\"dimanche_2012_14\"\n\t\t\t\t\tsrc=\"https:\/\/www.prouvy.be\/wp-content\/gallery\/un-beau-dimanche-a-prouvy-6\/thumbs\/thumbs_dimanche_2012_14.JPG\"\n\t\t\t\t\twidth=\"120\"\n\t\t\t\t\theight=\"90\"\n\t\t\t\t\tstyle=\"max-width:100%;\"\n\t\t\t\t\/>\n\t\t\t<\/a>\n\t\t<\/div>\n\t\t\t\t\t\t\t<\/div>\n\t\t\t\n\t\t\n\t\t\n\t\t<!-- Pagination -->\n\t\t<div class='ngg-clear'><\/div>\t<\/div>\n<\/p>\n","protected":false},"excerpt":{"rendered":"<p>La pluie de d\u00e9but de matin\u00e9e n\u2019a pas r\u00e9ussi a d\u00e9courager les marcheurs qui ont parcouru un circuit surprise agr\u00e9ment\u00e9 d\u2019un questionnaire pr\u00e9par\u00e9 par Jeanne. C\u2018\u00e9tait alors ensuite l\u2019heure de l\u2019ap\u00e9ro. Les derniers nuages ont quitt\u00e9 le ciel Provon\u00e7ois puis Albert nous a invit\u00e9 \u00e0 passer au buffet de crudit\u00e9s et des viandes. C\u2019est donc &hellip; <a href=\"https:\/\/www.prouvy.be\/?page_id=2843\" class=\"more-link\">Continuer la lecture de <span class=\"screen-reader-text\">Un beau dimanche \u00e0 Prouvy<\/span>  <span class=\"meta-nav\">&rarr;<\/span><\/a><\/p>\n","protected":false},"author":1,"featured_media":2875,"parent":2710,"menu_order":0,"comment_status":"open","ping_status":"open","template":"","meta":{"ngg_post_thumbnail":0,"footnotes":""},"class_list":["post-2843","page","type-page","status-publish","has-post-thumbnail","hentry"],"post_mailing_queue_ids":[],"_links":{"self":[{"href":"https:\/\/www.prouvy.be\/index.php?rest_route=\/wp\/v2\/pages\/2843","targetHints":{"allow":["GET"]}}],"collection":[{"href":"https:\/\/www.prouvy.be\/index.php?rest_route=\/wp\/v2\/pages"}],"about":[{"href":"https:\/\/www.prouvy.be\/index.php?rest_route=\/wp\/v2\/types\/page"}],"author":[{"embeddable":true,"href":"https:\/\/www.prouvy.be\/index.php?rest_route=\/wp\/v2\/users\/1"}],"replies":[{"embeddable":true,"href":"https:\/\/www.prouvy.be\/index.php?rest_route=%2Fwp%2Fv2%2Fcomments&post=2843"}],"version-history":[{"count":1,"href":"https:\/\/www.prouvy.be\/index.php?rest_route=\/wp\/v2\/pages\/2843\/revisions"}],"predecessor-version":[{"id":2876,"href":"https:\/\/www.prouvy.be\/index.php?rest_route=\/wp\/v2\/pages\/2843\/revisions\/2876"}],"up":[{"embeddable":true,"href":"https:\/\/www.prouvy.be\/index.php?rest_route=\/wp\/v2\/pages\/2710"}],"wp:featuredmedia":[{"embeddable":true,"href":"https:\/\/www.prouvy.be\/index.php?rest_route=\/wp\/v2\/media\/2875"}],"wp:attachment":[{"href":"https:\/\/www.prouvy.be\/index.php?rest_route=%2Fwp%2Fv2%2Fmedia&parent=2843"}],"curies":[{"name":"wp","href":"https:\/\/api.w.org\/{rel}","templated":true}]}}