{"id":2638,"date":"2014-11-27T23:44:16","date_gmt":"2014-11-27T21:44:16","guid":{"rendered":"http:\/\/new.prouvy.be\/?page_id=2638"},"modified":"2014-11-27T23:44:16","modified_gmt":"2014-11-27T21:44:16","slug":"fete-au-village","status":"publish","type":"page","link":"https:\/\/www.prouvy.be\/?page_id=2638","title":{"rendered":"F\u00eate au village"},"content":{"rendered":"<div id=\"fb-root\"><\/div>\n<p>En ce week-end d\u2019ao\u00fbt, o\u00f9 les cieux ne furent pas vraiment cl\u00e9ments, Prouvy \u00e9tait une fois de plus en f\u00eate.<\/p>\n<p>Une multitude d\u2019activit\u00e9s furent propos\u00e9es et ont rencontr\u00e9 un grand succ\u00e8s ; activit\u00e9s telles que :<br \/>\nJeux intervillages<br \/>\nBals<br \/>\nConcert gratuit du groupe Folk Ambiance<br \/>\nSouper cochon grill\u00e9<br \/>\nMaquilleuse<br \/>\nCh\u00e2teau gonflable et Bungee run pour les enfants<br \/>\nPlus tant d\u2019autres<br \/>\nEt pour couronner le tout une bonne humeur communicative qui fit de cette \u00e9dition 2011 un tr\u00e8s grand cru<br \/>\nRendez-vous \u00e0 tous en 2012 pour un nouveau week-end de folie.<!-- index.php -->\n<div\n\tclass=\"ngg-galleryoverview\n\t ngg-ajax-pagination-none\t\"\n\tid=\"ngg-gallery-c7d34b70baf40b323ee0923550cb37c1-1\">\n\n\t\t<div class=\"slideshowlink\">\n\t\t<a href='https:\/\/www.prouvy.be\/index.php\/nggallery\/slideshow?page_id=2638'>[Show slideshow]<\/a>\n\n\t<\/div>\n\t\t\t<!-- Thumbnails -->\n\t\t\t\t<div id=\"ngg-image-0\" class=\"ngg-gallery-thumbnail-box\"\n\t\t\t\t\t\t\t\t\t\t\t>\n\t\t\t\t\t\t<div class=\"ngg-gallery-thumbnail\">\n\t\t\t<a href=\"https:\/\/www.prouvy.be\/wp-content\/gallery\/fete-au-village\/fete_2011_11.JPG\"\n\t\t\t\ttitle=\" \"\n\t\t\t\tdata-src=\"https:\/\/www.prouvy.be\/wp-content\/gallery\/fete-au-village\/fete_2011_11.JPG\"\n\t\t\t\tdata-thumbnail=\"https:\/\/www.prouvy.be\/wp-content\/gallery\/fete-au-village\/thumbs\/thumbs_fete_2011_11.JPG\"\n\t\t\t\tdata-image-id=\"920\"\n\t\t\t\tdata-title=\"fete_2011_11\"\n\t\t\t\tdata-description=\" \"\n\t\t\t\tdata-image-slug=\"fete_2011_11\"\n\t\t\t\tclass=\"ngg-fancybox\" rel=\"c7d34b70baf40b323ee0923550cb37c1\">\n\t\t\t\t<img\n\t\t\t\t\ttitle=\"fete_2011_11\"\n\t\t\t\t\talt=\"fete_2011_11\"\n\t\t\t\t\tsrc=\"https:\/\/www.prouvy.be\/wp-content\/gallery\/fete-au-village\/thumbs\/thumbs_fete_2011_11.JPG\"\n\t\t\t\t\twidth=\"120\"\n\t\t\t\t\theight=\"90\"\n\t\t\t\t\tstyle=\"max-width:100%;\"\n\t\t\t\t\/>\n\t\t\t<\/a>\n\t\t<\/div>\n\t\t\t\t\t\t\t<\/div>\n\t\t\t\n\t\t\n\t\t\t\t<div id=\"ngg-image-1\" class=\"ngg-gallery-thumbnail-box\"\n\t\t\t\t\t\t\t\t\t\t\t>\n\t\t\t\t\t\t<div class=\"ngg-gallery-thumbnail\">\n\t\t\t<a href=\"https:\/\/www.prouvy.be\/wp-content\/gallery\/fete-au-village\/fete_2011_25.JPG\"\n\t\t\t\ttitle=\" \"\n\t\t\t\tdata-src=\"https:\/\/www.prouvy.be\/wp-content\/gallery\/fete-au-village\/fete_2011_25.JPG\"\n\t\t\t\tdata-thumbnail=\"https:\/\/www.prouvy.be\/wp-content\/gallery\/fete-au-village\/thumbs\/thumbs_fete_2011_25.JPG\"\n\t\t\t\tdata-image-id=\"934\"\n\t\t\t\tdata-title=\"fete_2011_25\"\n\t\t\t\tdata-description=\" \"\n\t\t\t\tdata-image-slug=\"fete_2011_25\"\n\t\t\t\tclass=\"ngg-fancybox\" rel=\"c7d34b70baf40b323ee0923550cb37c1\">\n\t\t\t\t<img\n\t\t\t\t\ttitle=\"fete_2011_25\"\n\t\t\t\t\talt=\"fete_2011_25\"\n\t\t\t\t\tsrc=\"https:\/\/www.prouvy.be\/wp-content\/gallery\/fete-au-village\/thumbs\/thumbs_fete_2011_25.JPG\"\n\t\t\t\t\twidth=\"120\"\n\t\t\t\t\theight=\"90\"\n\t\t\t\t\tstyle=\"max-width:100%;\"\n\t\t\t\t\/>\n\t\t\t<\/a>\n\t\t<\/div>\n\t\t\t\t\t\t\t<\/div>\n\t\t\t\n\t\t\n\t\t\t\t<div id=\"ngg-image-2\" class=\"ngg-gallery-thumbnail-box\"\n\t\t\t\t\t\t\t\t\t\t\t>\n\t\t\t\t\t\t<div class=\"ngg-gallery-thumbnail\">\n\t\t\t<a href=\"https:\/\/www.prouvy.be\/wp-content\/gallery\/fete-au-village\/fete_2011_29.JPG\"\n\t\t\t\ttitle=\" \"\n\t\t\t\tdata-src=\"https:\/\/www.prouvy.be\/wp-content\/gallery\/fete-au-village\/fete_2011_29.JPG\"\n\t\t\t\tdata-thumbnail=\"https:\/\/www.prouvy.be\/wp-content\/gallery\/fete-au-village\/thumbs\/thumbs_fete_2011_29.JPG\"\n\t\t\t\tdata-image-id=\"938\"\n\t\t\t\tdata-title=\"fete_2011_29\"\n\t\t\t\tdata-description=\" \"\n\t\t\t\tdata-image-slug=\"fete_2011_29\"\n\t\t\t\tclass=\"ngg-fancybox\" rel=\"c7d34b70baf40b323ee0923550cb37c1\">\n\t\t\t\t<img\n\t\t\t\t\ttitle=\"fete_2011_29\"\n\t\t\t\t\talt=\"fete_2011_29\"\n\t\t\t\t\tsrc=\"https:\/\/www.prouvy.be\/wp-content\/gallery\/fete-au-village\/thumbs\/thumbs_fete_2011_29.JPG\"\n\t\t\t\t\twidth=\"120\"\n\t\t\t\t\theight=\"90\"\n\t\t\t\t\tstyle=\"max-width:100%;\"\n\t\t\t\t\/>\n\t\t\t<\/a>\n\t\t<\/div>\n\t\t\t\t\t\t\t<\/div>\n\t\t\t\n\t\t\n\t\t\t\t<div id=\"ngg-image-3\" class=\"ngg-gallery-thumbnail-box\"\n\t\t\t\t\t\t\t\t\t\t\t>\n\t\t\t\t\t\t<div class=\"ngg-gallery-thumbnail\">\n\t\t\t<a href=\"https:\/\/www.prouvy.be\/wp-content\/gallery\/fete-au-village\/fete_2011_19.JPG\"\n\t\t\t\ttitle=\" \"\n\t\t\t\tdata-src=\"https:\/\/www.prouvy.be\/wp-content\/gallery\/fete-au-village\/fete_2011_19.JPG\"\n\t\t\t\tdata-thumbnail=\"https:\/\/www.prouvy.be\/wp-content\/gallery\/fete-au-village\/thumbs\/thumbs_fete_2011_19.JPG\"\n\t\t\t\tdata-image-id=\"928\"\n\t\t\t\tdata-title=\"fete_2011_19\"\n\t\t\t\tdata-description=\" \"\n\t\t\t\tdata-image-slug=\"fete_2011_19\"\n\t\t\t\tclass=\"ngg-fancybox\" rel=\"c7d34b70baf40b323ee0923550cb37c1\">\n\t\t\t\t<img\n\t\t\t\t\ttitle=\"fete_2011_19\"\n\t\t\t\t\talt=\"fete_2011_19\"\n\t\t\t\t\tsrc=\"https:\/\/www.prouvy.be\/wp-content\/gallery\/fete-au-village\/thumbs\/thumbs_fete_2011_19.JPG\"\n\t\t\t\t\twidth=\"120\"\n\t\t\t\t\theight=\"90\"\n\t\t\t\t\tstyle=\"max-width:100%;\"\n\t\t\t\t\/>\n\t\t\t<\/a>\n\t\t<\/div>\n\t\t\t\t\t\t\t<\/div>\n\t\t\t\n\t\t\n\t\t\t\t<div id=\"ngg-image-4\" class=\"ngg-gallery-thumbnail-box\"\n\t\t\t\t\t\t\t\t\t\t\t>\n\t\t\t\t\t\t<div class=\"ngg-gallery-thumbnail\">\n\t\t\t<a href=\"https:\/\/www.prouvy.be\/wp-content\/gallery\/fete-au-village\/fete_2011_18.JPG\"\n\t\t\t\ttitle=\" \"\n\t\t\t\tdata-src=\"https:\/\/www.prouvy.be\/wp-content\/gallery\/fete-au-village\/fete_2011_18.JPG\"\n\t\t\t\tdata-thumbnail=\"https:\/\/www.prouvy.be\/wp-content\/gallery\/fete-au-village\/thumbs\/thumbs_fete_2011_18.JPG\"\n\t\t\t\tdata-image-id=\"927\"\n\t\t\t\tdata-title=\"fete_2011_18\"\n\t\t\t\tdata-description=\" \"\n\t\t\t\tdata-image-slug=\"fete_2011_18\"\n\t\t\t\tclass=\"ngg-fancybox\" rel=\"c7d34b70baf40b323ee0923550cb37c1\">\n\t\t\t\t<img\n\t\t\t\t\ttitle=\"fete_2011_18\"\n\t\t\t\t\talt=\"fete_2011_18\"\n\t\t\t\t\tsrc=\"https:\/\/www.prouvy.be\/wp-content\/gallery\/fete-au-village\/thumbs\/thumbs_fete_2011_18.JPG\"\n\t\t\t\t\twidth=\"120\"\n\t\t\t\t\theight=\"90\"\n\t\t\t\t\tstyle=\"max-width:100%;\"\n\t\t\t\t\/>\n\t\t\t<\/a>\n\t\t<\/div>\n\t\t\t\t\t\t\t<\/div>\n\t\t\t\n\t\t\n\t\t\t\t<div id=\"ngg-image-5\" class=\"ngg-gallery-thumbnail-box\"\n\t\t\t\t\t\t\t\t\t\t\t>\n\t\t\t\t\t\t<div class=\"ngg-gallery-thumbnail\">\n\t\t\t<a href=\"https:\/\/www.prouvy.be\/wp-content\/gallery\/fete-au-village\/fete_2011_17.JPG\"\n\t\t\t\ttitle=\" \"\n\t\t\t\tdata-src=\"https:\/\/www.prouvy.be\/wp-content\/gallery\/fete-au-village\/fete_2011_17.JPG\"\n\t\t\t\tdata-thumbnail=\"https:\/\/www.prouvy.be\/wp-content\/gallery\/fete-au-village\/thumbs\/thumbs_fete_2011_17.JPG\"\n\t\t\t\tdata-image-id=\"926\"\n\t\t\t\tdata-title=\"fete_2011_17\"\n\t\t\t\tdata-description=\" \"\n\t\t\t\tdata-image-slug=\"fete_2011_17\"\n\t\t\t\tclass=\"ngg-fancybox\" rel=\"c7d34b70baf40b323ee0923550cb37c1\">\n\t\t\t\t<img\n\t\t\t\t\ttitle=\"fete_2011_17\"\n\t\t\t\t\talt=\"fete_2011_17\"\n\t\t\t\t\tsrc=\"https:\/\/www.prouvy.be\/wp-content\/gallery\/fete-au-village\/thumbs\/thumbs_fete_2011_17.JPG\"\n\t\t\t\t\twidth=\"120\"\n\t\t\t\t\theight=\"90\"\n\t\t\t\t\tstyle=\"max-width:100%;\"\n\t\t\t\t\/>\n\t\t\t<\/a>\n\t\t<\/div>\n\t\t\t\t\t\t\t<\/div>\n\t\t\t\n\t\t\n\t\t\t\t<div id=\"ngg-image-6\" class=\"ngg-gallery-thumbnail-box\"\n\t\t\t\t\t\t\t\t\t\t\t>\n\t\t\t\t\t\t<div class=\"ngg-gallery-thumbnail\">\n\t\t\t<a href=\"https:\/\/www.prouvy.be\/wp-content\/gallery\/fete-au-village\/fete_2011_16.JPG\"\n\t\t\t\ttitle=\" \"\n\t\t\t\tdata-src=\"https:\/\/www.prouvy.be\/wp-content\/gallery\/fete-au-village\/fete_2011_16.JPG\"\n\t\t\t\tdata-thumbnail=\"https:\/\/www.prouvy.be\/wp-content\/gallery\/fete-au-village\/thumbs\/thumbs_fete_2011_16.JPG\"\n\t\t\t\tdata-image-id=\"925\"\n\t\t\t\tdata-title=\"fete_2011_16\"\n\t\t\t\tdata-description=\" \"\n\t\t\t\tdata-image-slug=\"fete_2011_16\"\n\t\t\t\tclass=\"ngg-fancybox\" rel=\"c7d34b70baf40b323ee0923550cb37c1\">\n\t\t\t\t<img\n\t\t\t\t\ttitle=\"fete_2011_16\"\n\t\t\t\t\talt=\"fete_2011_16\"\n\t\t\t\t\tsrc=\"https:\/\/www.prouvy.be\/wp-content\/gallery\/fete-au-village\/thumbs\/thumbs_fete_2011_16.JPG\"\n\t\t\t\t\twidth=\"120\"\n\t\t\t\t\theight=\"90\"\n\t\t\t\t\tstyle=\"max-width:100%;\"\n\t\t\t\t\/>\n\t\t\t<\/a>\n\t\t<\/div>\n\t\t\t\t\t\t\t<\/div>\n\t\t\t\n\t\t\n\t\t\t\t<div id=\"ngg-image-7\" class=\"ngg-gallery-thumbnail-box\"\n\t\t\t\t\t\t\t\t\t\t\t>\n\t\t\t\t\t\t<div class=\"ngg-gallery-thumbnail\">\n\t\t\t<a href=\"https:\/\/www.prouvy.be\/wp-content\/gallery\/fete-au-village\/fete_2011_15.JPG\"\n\t\t\t\ttitle=\" \"\n\t\t\t\tdata-src=\"https:\/\/www.prouvy.be\/wp-content\/gallery\/fete-au-village\/fete_2011_15.JPG\"\n\t\t\t\tdata-thumbnail=\"https:\/\/www.prouvy.be\/wp-content\/gallery\/fete-au-village\/thumbs\/thumbs_fete_2011_15.JPG\"\n\t\t\t\tdata-image-id=\"924\"\n\t\t\t\tdata-title=\"fete_2011_15\"\n\t\t\t\tdata-description=\" \"\n\t\t\t\tdata-image-slug=\"fete_2011_15\"\n\t\t\t\tclass=\"ngg-fancybox\" rel=\"c7d34b70baf40b323ee0923550cb37c1\">\n\t\t\t\t<img\n\t\t\t\t\ttitle=\"fete_2011_15\"\n\t\t\t\t\talt=\"fete_2011_15\"\n\t\t\t\t\tsrc=\"https:\/\/www.prouvy.be\/wp-content\/gallery\/fete-au-village\/thumbs\/thumbs_fete_2011_15.JPG\"\n\t\t\t\t\twidth=\"120\"\n\t\t\t\t\theight=\"90\"\n\t\t\t\t\tstyle=\"max-width:100%;\"\n\t\t\t\t\/>\n\t\t\t<\/a>\n\t\t<\/div>\n\t\t\t\t\t\t\t<\/div>\n\t\t\t\n\t\t\n\t\t\t\t<div id=\"ngg-image-8\" class=\"ngg-gallery-thumbnail-box\"\n\t\t\t\t\t\t\t\t\t\t\t>\n\t\t\t\t\t\t<div class=\"ngg-gallery-thumbnail\">\n\t\t\t<a href=\"https:\/\/www.prouvy.be\/wp-content\/gallery\/fete-au-village\/fete_2011_23.JPG\"\n\t\t\t\ttitle=\" \"\n\t\t\t\tdata-src=\"https:\/\/www.prouvy.be\/wp-content\/gallery\/fete-au-village\/fete_2011_23.JPG\"\n\t\t\t\tdata-thumbnail=\"https:\/\/www.prouvy.be\/wp-content\/gallery\/fete-au-village\/thumbs\/thumbs_fete_2011_23.JPG\"\n\t\t\t\tdata-image-id=\"932\"\n\t\t\t\tdata-title=\"fete_2011_23\"\n\t\t\t\tdata-description=\" \"\n\t\t\t\tdata-image-slug=\"fete_2011_23\"\n\t\t\t\tclass=\"ngg-fancybox\" rel=\"c7d34b70baf40b323ee0923550cb37c1\">\n\t\t\t\t<img\n\t\t\t\t\ttitle=\"fete_2011_23\"\n\t\t\t\t\talt=\"fete_2011_23\"\n\t\t\t\t\tsrc=\"https:\/\/www.prouvy.be\/wp-content\/gallery\/fete-au-village\/thumbs\/thumbs_fete_2011_23.JPG\"\n\t\t\t\t\twidth=\"120\"\n\t\t\t\t\theight=\"90\"\n\t\t\t\t\tstyle=\"max-width:100%;\"\n\t\t\t\t\/>\n\t\t\t<\/a>\n\t\t<\/div>\n\t\t\t\t\t\t\t<\/div>\n\t\t\t\n\t\t\n\t\t\t\t<div id=\"ngg-image-9\" class=\"ngg-gallery-thumbnail-box\"\n\t\t\t\t\t\t\t\t\t\t\t>\n\t\t\t\t\t\t<div class=\"ngg-gallery-thumbnail\">\n\t\t\t<a href=\"https:\/\/www.prouvy.be\/wp-content\/gallery\/fete-au-village\/fete_2011_26.JPG\"\n\t\t\t\ttitle=\" \"\n\t\t\t\tdata-src=\"https:\/\/www.prouvy.be\/wp-content\/gallery\/fete-au-village\/fete_2011_26.JPG\"\n\t\t\t\tdata-thumbnail=\"https:\/\/www.prouvy.be\/wp-content\/gallery\/fete-au-village\/thumbs\/thumbs_fete_2011_26.JPG\"\n\t\t\t\tdata-image-id=\"935\"\n\t\t\t\tdata-title=\"fete_2011_26\"\n\t\t\t\tdata-description=\" \"\n\t\t\t\tdata-image-slug=\"fete_2011_26\"\n\t\t\t\tclass=\"ngg-fancybox\" rel=\"c7d34b70baf40b323ee0923550cb37c1\">\n\t\t\t\t<img\n\t\t\t\t\ttitle=\"fete_2011_26\"\n\t\t\t\t\talt=\"fete_2011_26\"\n\t\t\t\t\tsrc=\"https:\/\/www.prouvy.be\/wp-content\/gallery\/fete-au-village\/thumbs\/thumbs_fete_2011_26.JPG\"\n\t\t\t\t\twidth=\"120\"\n\t\t\t\t\theight=\"90\"\n\t\t\t\t\tstyle=\"max-width:100%;\"\n\t\t\t\t\/>\n\t\t\t<\/a>\n\t\t<\/div>\n\t\t\t\t\t\t\t<\/div>\n\t\t\t\n\t\t\n\t\t\t\t<div id=\"ngg-image-10\" class=\"ngg-gallery-thumbnail-box\"\n\t\t\t\t\t\t\t\t\t\t\t>\n\t\t\t\t\t\t<div class=\"ngg-gallery-thumbnail\">\n\t\t\t<a href=\"https:\/\/www.prouvy.be\/wp-content\/gallery\/fete-au-village\/fete_2011_12.JPG\"\n\t\t\t\ttitle=\" \"\n\t\t\t\tdata-src=\"https:\/\/www.prouvy.be\/wp-content\/gallery\/fete-au-village\/fete_2011_12.JPG\"\n\t\t\t\tdata-thumbnail=\"https:\/\/www.prouvy.be\/wp-content\/gallery\/fete-au-village\/thumbs\/thumbs_fete_2011_12.JPG\"\n\t\t\t\tdata-image-id=\"921\"\n\t\t\t\tdata-title=\"fete_2011_12\"\n\t\t\t\tdata-description=\" \"\n\t\t\t\tdata-image-slug=\"fete_2011_12\"\n\t\t\t\tclass=\"ngg-fancybox\" rel=\"c7d34b70baf40b323ee0923550cb37c1\">\n\t\t\t\t<img\n\t\t\t\t\ttitle=\"fete_2011_12\"\n\t\t\t\t\talt=\"fete_2011_12\"\n\t\t\t\t\tsrc=\"https:\/\/www.prouvy.be\/wp-content\/gallery\/fete-au-village\/thumbs\/thumbs_fete_2011_12.JPG\"\n\t\t\t\t\twidth=\"120\"\n\t\t\t\t\theight=\"90\"\n\t\t\t\t\tstyle=\"max-width:100%;\"\n\t\t\t\t\/>\n\t\t\t<\/a>\n\t\t<\/div>\n\t\t\t\t\t\t\t<\/div>\n\t\t\t\n\t\t\n\t\t\t\t<div id=\"ngg-image-11\" class=\"ngg-gallery-thumbnail-box\"\n\t\t\t\t\t\t\t\t\t\t\t>\n\t\t\t\t\t\t<div class=\"ngg-gallery-thumbnail\">\n\t\t\t<a href=\"https:\/\/www.prouvy.be\/wp-content\/gallery\/fete-au-village\/fete_2011_01.JPG\"\n\t\t\t\ttitle=\"\"\n\t\t\t\tdata-src=\"https:\/\/www.prouvy.be\/wp-content\/gallery\/fete-au-village\/fete_2011_01.JPG\"\n\t\t\t\tdata-thumbnail=\"https:\/\/www.prouvy.be\/wp-content\/gallery\/fete-au-village\/thumbs\/thumbs_fete_2011_01.JPG\"\n\t\t\t\tdata-image-id=\"910\"\n\t\t\t\tdata-title=\"fete_2011_01\"\n\t\t\t\tdata-description=\"\"\n\t\t\t\tdata-image-slug=\"fete_2011_01\"\n\t\t\t\tclass=\"ngg-fancybox\" rel=\"c7d34b70baf40b323ee0923550cb37c1\">\n\t\t\t\t<img\n\t\t\t\t\ttitle=\"fete_2011_01\"\n\t\t\t\t\talt=\"fete_2011_01\"\n\t\t\t\t\tsrc=\"https:\/\/www.prouvy.be\/wp-content\/gallery\/fete-au-village\/thumbs\/thumbs_fete_2011_01.JPG\"\n\t\t\t\t\twidth=\"120\"\n\t\t\t\t\theight=\"90\"\n\t\t\t\t\tstyle=\"max-width:100%;\"\n\t\t\t\t\/>\n\t\t\t<\/a>\n\t\t<\/div>\n\t\t\t\t\t\t\t<\/div>\n\t\t\t\n\t\t\n\t\t\t\t<div id=\"ngg-image-12\" class=\"ngg-gallery-thumbnail-box\"\n\t\t\t\t\t\t\t\t\t\t\t>\n\t\t\t\t\t\t<div class=\"ngg-gallery-thumbnail\">\n\t\t\t<a href=\"https:\/\/www.prouvy.be\/wp-content\/gallery\/fete-au-village\/fete_2011_10.JPG\"\n\t\t\t\ttitle=\" \"\n\t\t\t\tdata-src=\"https:\/\/www.prouvy.be\/wp-content\/gallery\/fete-au-village\/fete_2011_10.JPG\"\n\t\t\t\tdata-thumbnail=\"https:\/\/www.prouvy.be\/wp-content\/gallery\/fete-au-village\/thumbs\/thumbs_fete_2011_10.JPG\"\n\t\t\t\tdata-image-id=\"919\"\n\t\t\t\tdata-title=\"fete_2011_10\"\n\t\t\t\tdata-description=\" \"\n\t\t\t\tdata-image-slug=\"fete_2011_10\"\n\t\t\t\tclass=\"ngg-fancybox\" rel=\"c7d34b70baf40b323ee0923550cb37c1\">\n\t\t\t\t<img\n\t\t\t\t\ttitle=\"fete_2011_10\"\n\t\t\t\t\talt=\"fete_2011_10\"\n\t\t\t\t\tsrc=\"https:\/\/www.prouvy.be\/wp-content\/gallery\/fete-au-village\/thumbs\/thumbs_fete_2011_10.JPG\"\n\t\t\t\t\twidth=\"120\"\n\t\t\t\t\theight=\"90\"\n\t\t\t\t\tstyle=\"max-width:100%;\"\n\t\t\t\t\/>\n\t\t\t<\/a>\n\t\t<\/div>\n\t\t\t\t\t\t\t<\/div>\n\t\t\t\n\t\t\n\t\t\t\t<div id=\"ngg-image-13\" class=\"ngg-gallery-thumbnail-box\"\n\t\t\t\t\t\t\t\t\t\t\t>\n\t\t\t\t\t\t<div class=\"ngg-gallery-thumbnail\">\n\t\t\t<a href=\"https:\/\/www.prouvy.be\/wp-content\/gallery\/fete-au-village\/fete_2011_09.JPG\"\n\t\t\t\ttitle=\" \"\n\t\t\t\tdata-src=\"https:\/\/www.prouvy.be\/wp-content\/gallery\/fete-au-village\/fete_2011_09.JPG\"\n\t\t\t\tdata-thumbnail=\"https:\/\/www.prouvy.be\/wp-content\/gallery\/fete-au-village\/thumbs\/thumbs_fete_2011_09.JPG\"\n\t\t\t\tdata-image-id=\"918\"\n\t\t\t\tdata-title=\"fete_2011_09\"\n\t\t\t\tdata-description=\" \"\n\t\t\t\tdata-image-slug=\"fete_2011_09\"\n\t\t\t\tclass=\"ngg-fancybox\" rel=\"c7d34b70baf40b323ee0923550cb37c1\">\n\t\t\t\t<img\n\t\t\t\t\ttitle=\"fete_2011_09\"\n\t\t\t\t\talt=\"fete_2011_09\"\n\t\t\t\t\tsrc=\"https:\/\/www.prouvy.be\/wp-content\/gallery\/fete-au-village\/thumbs\/thumbs_fete_2011_09.JPG\"\n\t\t\t\t\twidth=\"120\"\n\t\t\t\t\theight=\"90\"\n\t\t\t\t\tstyle=\"max-width:100%;\"\n\t\t\t\t\/>\n\t\t\t<\/a>\n\t\t<\/div>\n\t\t\t\t\t\t\t<\/div>\n\t\t\t\n\t\t\n\t\t\t\t<div id=\"ngg-image-14\" class=\"ngg-gallery-thumbnail-box\"\n\t\t\t\t\t\t\t\t\t\t\t>\n\t\t\t\t\t\t<div class=\"ngg-gallery-thumbnail\">\n\t\t\t<a href=\"https:\/\/www.prouvy.be\/wp-content\/gallery\/fete-au-village\/fete_2011_08.JPG\"\n\t\t\t\ttitle=\" \"\n\t\t\t\tdata-src=\"https:\/\/www.prouvy.be\/wp-content\/gallery\/fete-au-village\/fete_2011_08.JPG\"\n\t\t\t\tdata-thumbnail=\"https:\/\/www.prouvy.be\/wp-content\/gallery\/fete-au-village\/thumbs\/thumbs_fete_2011_08.JPG\"\n\t\t\t\tdata-image-id=\"917\"\n\t\t\t\tdata-title=\"fete_2011_08\"\n\t\t\t\tdata-description=\" \"\n\t\t\t\tdata-image-slug=\"fete_2011_08\"\n\t\t\t\tclass=\"ngg-fancybox\" rel=\"c7d34b70baf40b323ee0923550cb37c1\">\n\t\t\t\t<img\n\t\t\t\t\ttitle=\"fete_2011_08\"\n\t\t\t\t\talt=\"fete_2011_08\"\n\t\t\t\t\tsrc=\"https:\/\/www.prouvy.be\/wp-content\/gallery\/fete-au-village\/thumbs\/thumbs_fete_2011_08.JPG\"\n\t\t\t\t\twidth=\"120\"\n\t\t\t\t\theight=\"90\"\n\t\t\t\t\tstyle=\"max-width:100%;\"\n\t\t\t\t\/>\n\t\t\t<\/a>\n\t\t<\/div>\n\t\t\t\t\t\t\t<\/div>\n\t\t\t\n\t\t\n\t\t\t\t<div id=\"ngg-image-15\" class=\"ngg-gallery-thumbnail-box\"\n\t\t\t\t\t\t\t\t\t\t\t>\n\t\t\t\t\t\t<div class=\"ngg-gallery-thumbnail\">\n\t\t\t<a href=\"https:\/\/www.prouvy.be\/wp-content\/gallery\/fete-au-village\/fete_2011_07.JPG\"\n\t\t\t\ttitle=\" \"\n\t\t\t\tdata-src=\"https:\/\/www.prouvy.be\/wp-content\/gallery\/fete-au-village\/fete_2011_07.JPG\"\n\t\t\t\tdata-thumbnail=\"https:\/\/www.prouvy.be\/wp-content\/gallery\/fete-au-village\/thumbs\/thumbs_fete_2011_07.JPG\"\n\t\t\t\tdata-image-id=\"916\"\n\t\t\t\tdata-title=\"fete_2011_07\"\n\t\t\t\tdata-description=\" \"\n\t\t\t\tdata-image-slug=\"fete_2011_07\"\n\t\t\t\tclass=\"ngg-fancybox\" rel=\"c7d34b70baf40b323ee0923550cb37c1\">\n\t\t\t\t<img\n\t\t\t\t\ttitle=\"fete_2011_07\"\n\t\t\t\t\talt=\"fete_2011_07\"\n\t\t\t\t\tsrc=\"https:\/\/www.prouvy.be\/wp-content\/gallery\/fete-au-village\/thumbs\/thumbs_fete_2011_07.JPG\"\n\t\t\t\t\twidth=\"120\"\n\t\t\t\t\theight=\"90\"\n\t\t\t\t\tstyle=\"max-width:100%;\"\n\t\t\t\t\/>\n\t\t\t<\/a>\n\t\t<\/div>\n\t\t\t\t\t\t\t<\/div>\n\t\t\t\n\t\t\n\t\t\t\t<div id=\"ngg-image-16\" class=\"ngg-gallery-thumbnail-box\"\n\t\t\t\t\t\t\t\t\t\t\t>\n\t\t\t\t\t\t<div class=\"ngg-gallery-thumbnail\">\n\t\t\t<a href=\"https:\/\/www.prouvy.be\/wp-content\/gallery\/fete-au-village\/fete_2011_24.JPG\"\n\t\t\t\ttitle=\" \"\n\t\t\t\tdata-src=\"https:\/\/www.prouvy.be\/wp-content\/gallery\/fete-au-village\/fete_2011_24.JPG\"\n\t\t\t\tdata-thumbnail=\"https:\/\/www.prouvy.be\/wp-content\/gallery\/fete-au-village\/thumbs\/thumbs_fete_2011_24.JPG\"\n\t\t\t\tdata-image-id=\"933\"\n\t\t\t\tdata-title=\"fete_2011_24\"\n\t\t\t\tdata-description=\" \"\n\t\t\t\tdata-image-slug=\"fete_2011_24\"\n\t\t\t\tclass=\"ngg-fancybox\" rel=\"c7d34b70baf40b323ee0923550cb37c1\">\n\t\t\t\t<img\n\t\t\t\t\ttitle=\"fete_2011_24\"\n\t\t\t\t\talt=\"fete_2011_24\"\n\t\t\t\t\tsrc=\"https:\/\/www.prouvy.be\/wp-content\/gallery\/fete-au-village\/thumbs\/thumbs_fete_2011_24.JPG\"\n\t\t\t\t\twidth=\"120\"\n\t\t\t\t\theight=\"90\"\n\t\t\t\t\tstyle=\"max-width:100%;\"\n\t\t\t\t\/>\n\t\t\t<\/a>\n\t\t<\/div>\n\t\t\t\t\t\t\t<\/div>\n\t\t\t\n\t\t\n\t\t\t\t<div id=\"ngg-image-17\" class=\"ngg-gallery-thumbnail-box\"\n\t\t\t\t\t\t\t\t\t\t\t>\n\t\t\t\t\t\t<div class=\"ngg-gallery-thumbnail\">\n\t\t\t<a href=\"https:\/\/www.prouvy.be\/wp-content\/gallery\/fete-au-village\/fete_2011_27.JPG\"\n\t\t\t\ttitle=\" \"\n\t\t\t\tdata-src=\"https:\/\/www.prouvy.be\/wp-content\/gallery\/fete-au-village\/fete_2011_27.JPG\"\n\t\t\t\tdata-thumbnail=\"https:\/\/www.prouvy.be\/wp-content\/gallery\/fete-au-village\/thumbs\/thumbs_fete_2011_27.JPG\"\n\t\t\t\tdata-image-id=\"936\"\n\t\t\t\tdata-title=\"fete_2011_27\"\n\t\t\t\tdata-description=\" \"\n\t\t\t\tdata-image-slug=\"fete_2011_27\"\n\t\t\t\tclass=\"ngg-fancybox\" rel=\"c7d34b70baf40b323ee0923550cb37c1\">\n\t\t\t\t<img\n\t\t\t\t\ttitle=\"fete_2011_27\"\n\t\t\t\t\talt=\"fete_2011_27\"\n\t\t\t\t\tsrc=\"https:\/\/www.prouvy.be\/wp-content\/gallery\/fete-au-village\/thumbs\/thumbs_fete_2011_27.JPG\"\n\t\t\t\t\twidth=\"120\"\n\t\t\t\t\theight=\"90\"\n\t\t\t\t\tstyle=\"max-width:100%;\"\n\t\t\t\t\/>\n\t\t\t<\/a>\n\t\t<\/div>\n\t\t\t\t\t\t\t<\/div>\n\t\t\t\n\t\t\n\t\t\t\t<div id=\"ngg-image-18\" class=\"ngg-gallery-thumbnail-box\"\n\t\t\t\t\t\t\t\t\t\t\t>\n\t\t\t\t\t\t<div class=\"ngg-gallery-thumbnail\">\n\t\t\t<a href=\"https:\/\/www.prouvy.be\/wp-content\/gallery\/fete-au-village\/fete_2011_04.JPG\"\n\t\t\t\ttitle=\" \"\n\t\t\t\tdata-src=\"https:\/\/www.prouvy.be\/wp-content\/gallery\/fete-au-village\/fete_2011_04.JPG\"\n\t\t\t\tdata-thumbnail=\"https:\/\/www.prouvy.be\/wp-content\/gallery\/fete-au-village\/thumbs\/thumbs_fete_2011_04.JPG\"\n\t\t\t\tdata-image-id=\"913\"\n\t\t\t\tdata-title=\"fete_2011_04\"\n\t\t\t\tdata-description=\" \"\n\t\t\t\tdata-image-slug=\"fete_2011_04\"\n\t\t\t\tclass=\"ngg-fancybox\" rel=\"c7d34b70baf40b323ee0923550cb37c1\">\n\t\t\t\t<img\n\t\t\t\t\ttitle=\"fete_2011_04\"\n\t\t\t\t\talt=\"fete_2011_04\"\n\t\t\t\t\tsrc=\"https:\/\/www.prouvy.be\/wp-content\/gallery\/fete-au-village\/thumbs\/thumbs_fete_2011_04.JPG\"\n\t\t\t\t\twidth=\"120\"\n\t\t\t\t\theight=\"90\"\n\t\t\t\t\tstyle=\"max-width:100%;\"\n\t\t\t\t\/>\n\t\t\t<\/a>\n\t\t<\/div>\n\t\t\t\t\t\t\t<\/div>\n\t\t\t\n\t\t\n\t\t\t\t<div id=\"ngg-image-19\" class=\"ngg-gallery-thumbnail-box\"\n\t\t\t\t\t\t\t\t\t\t\t>\n\t\t\t\t\t\t<div class=\"ngg-gallery-thumbnail\">\n\t\t\t<a href=\"https:\/\/www.prouvy.be\/wp-content\/gallery\/fete-au-village\/fete_2011_03.JPG\"\n\t\t\t\ttitle=\" \"\n\t\t\t\tdata-src=\"https:\/\/www.prouvy.be\/wp-content\/gallery\/fete-au-village\/fete_2011_03.JPG\"\n\t\t\t\tdata-thumbnail=\"https:\/\/www.prouvy.be\/wp-content\/gallery\/fete-au-village\/thumbs\/thumbs_fete_2011_03.JPG\"\n\t\t\t\tdata-image-id=\"912\"\n\t\t\t\tdata-title=\"fete_2011_03\"\n\t\t\t\tdata-description=\" \"\n\t\t\t\tdata-image-slug=\"fete_2011_03\"\n\t\t\t\tclass=\"ngg-fancybox\" rel=\"c7d34b70baf40b323ee0923550cb37c1\">\n\t\t\t\t<img\n\t\t\t\t\ttitle=\"fete_2011_03\"\n\t\t\t\t\talt=\"fete_2011_03\"\n\t\t\t\t\tsrc=\"https:\/\/www.prouvy.be\/wp-content\/gallery\/fete-au-village\/thumbs\/thumbs_fete_2011_03.JPG\"\n\t\t\t\t\twidth=\"120\"\n\t\t\t\t\theight=\"90\"\n\t\t\t\t\tstyle=\"max-width:100%;\"\n\t\t\t\t\/>\n\t\t\t<\/a>\n\t\t<\/div>\n\t\t\t\t\t\t\t<\/div>\n\t\t\t\n\t\t\n\t\t\n\t\t<!-- Pagination -->\n\t\t<div class='ngg-navigation'><span class='current'>1<\/span>\n<a class='page-numbers' data-pageid='2' href='https:\/\/www.prouvy.be\/index.php\/nggallery\/page\/2?page_id=2638'>2<\/a>\n<a class='prev' href='https:\/\/www.prouvy.be\/index.php\/nggallery\/page\/2?page_id=2638' data-pageid=2>&#9658;<\/a><\/div>\t<\/div>\n<\/p>\n","protected":false},"excerpt":{"rendered":"<p>En ce week-end d\u2019ao\u00fbt, o\u00f9 les cieux ne furent pas vraiment cl\u00e9ments, Prouvy \u00e9tait une fois de plus en f\u00eate. Une multitude d\u2019activit\u00e9s furent propos\u00e9es et ont rencontr\u00e9 un grand succ\u00e8s ; activit\u00e9s telles que : Jeux intervillages Bals Concert gratuit du groupe Folk Ambiance Souper cochon grill\u00e9 Maquilleuse Ch\u00e2teau gonflable et Bungee run pour &hellip; <a href=\"https:\/\/www.prouvy.be\/?page_id=2638\" class=\"more-link\">Continuer la lecture de <span class=\"screen-reader-text\">F\u00eate au village<\/span>  <span class=\"meta-nav\">&rarr;<\/span><\/a><\/p>\n","protected":false},"author":1,"featured_media":2700,"parent":2347,"menu_order":0,"comment_status":"open","ping_status":"open","template":"","meta":{"ngg_post_thumbnail":0,"footnotes":""},"class_list":["post-2638","page","type-page","status-publish","has-post-thumbnail","hentry"],"post_mailing_queue_ids":[],"_links":{"self":[{"href":"https:\/\/www.prouvy.be\/index.php?rest_route=\/wp\/v2\/pages\/2638","targetHints":{"allow":["GET"]}}],"collection":[{"href":"https:\/\/www.prouvy.be\/index.php?rest_route=\/wp\/v2\/pages"}],"about":[{"href":"https:\/\/www.prouvy.be\/index.php?rest_route=\/wp\/v2\/types\/page"}],"author":[{"embeddable":true,"href":"https:\/\/www.prouvy.be\/index.php?rest_route=\/wp\/v2\/users\/1"}],"replies":[{"embeddable":true,"href":"https:\/\/www.prouvy.be\/index.php?rest_route=%2Fwp%2Fv2%2Fcomments&post=2638"}],"version-history":[{"count":1,"href":"https:\/\/www.prouvy.be\/index.php?rest_route=\/wp\/v2\/pages\/2638\/revisions"}],"predecessor-version":[{"id":2701,"href":"https:\/\/www.prouvy.be\/index.php?rest_route=\/wp\/v2\/pages\/2638\/revisions\/2701"}],"up":[{"embeddable":true,"href":"https:\/\/www.prouvy.be\/index.php?rest_route=\/wp\/v2\/pages\/2347"}],"wp:featuredmedia":[{"embeddable":true,"href":"https:\/\/www.prouvy.be\/index.php?rest_route=\/wp\/v2\/media\/2700"}],"wp:attachment":[{"href":"https:\/\/www.prouvy.be\/index.php?rest_route=%2Fwp%2Fv2%2Fmedia&parent=2638"}],"curies":[{"name":"wp","href":"https:\/\/api.w.org\/{rel}","templated":true}]}}