{"id":2616,"date":"2014-11-27T23:40:27","date_gmt":"2014-11-27T21:40:27","guid":{"rendered":"http:\/\/new.prouvy.be\/?page_id=2616"},"modified":"2014-11-27T23:40:27","modified_gmt":"2014-11-27T21:40:27","slug":"carnaval-des-enfants","status":"publish","type":"page","link":"https:\/\/www.prouvy.be\/?page_id=2616","title":{"rendered":"Carnaval des enfants"},"content":{"rendered":"<div id=\"fb-root\"><\/div>\n<p>A Prouvy aussi on aime faire le carnaval. Chaque ann\u00e9e, les enfants du village aiment sonner de porte en porte afin de r\u00e9clamer des friandises.<br \/>\nLa tradition a \u00e9t\u00e9 une nouvelle fois respect\u00e9e ce mardi 8 mars. Heureusement, le soleil \u00e9tait bien printanier; le thermom\u00e8tre affichait plus de 10\u00b0C. De quoi donner aux 19 enfants participant \u00e0 l\u2019activit\u00e9 l\u2019envie de parcourir toutes les rues et visiter chaque habitation. Neuf mamans ont r\u00e9pondu pr\u00e9sentes afin d\u2019encadrer toute cette jeunesse, de pr\u00e9parer de d\u00e9licieuses cr\u00e8pes et du chocolat chaud. Merci \u00e0 nouveau \u00e0 Charly et Bernadette d\u2019avoir fourni gracieusement du bon lait frais.<\/p>\n<p><!-- index.php -->\n<div\n\tclass=\"ngg-galleryoverview\n\t ngg-ajax-pagination-none\t\"\n\tid=\"ngg-gallery-c0a0b27eb015da25cda18926859f7b71-1\">\n\n\t\t<div class=\"slideshowlink\">\n\t\t<a href='https:\/\/www.prouvy.be\/index.php\/nggallery\/slideshow?page_id=2616'>[Show slideshow]<\/a>\n\n\t<\/div>\n\t\t\t<!-- Thumbnails -->\n\t\t\t\t<div id=\"ngg-image-0\" class=\"ngg-gallery-thumbnail-box\"\n\t\t\t\t\t\t\t\t\t\t\t>\n\t\t\t\t\t\t<div class=\"ngg-gallery-thumbnail\">\n\t\t\t<a href=\"https:\/\/www.prouvy.be\/wp-content\/gallery\/carnaval-des-enfants-3\/carnaval_enfants_2011_01.JPG\"\n\t\t\t\ttitle=\"\"\n\t\t\t\tdata-src=\"https:\/\/www.prouvy.be\/wp-content\/gallery\/carnaval-des-enfants-3\/carnaval_enfants_2011_01.JPG\"\n\t\t\t\tdata-thumbnail=\"https:\/\/www.prouvy.be\/wp-content\/gallery\/carnaval-des-enfants-3\/thumbs\/thumbs_carnaval_enfants_2011_01.JPG\"\n\t\t\t\tdata-image-id=\"902\"\n\t\t\t\tdata-title=\"carnaval_enfants_2011_01\"\n\t\t\t\tdata-description=\"\"\n\t\t\t\tdata-image-slug=\"carnaval_enfants_2011_01-1\"\n\t\t\t\tclass=\"ngg-fancybox\" rel=\"c0a0b27eb015da25cda18926859f7b71\">\n\t\t\t\t<img\n\t\t\t\t\ttitle=\"carnaval_enfants_2011_01\"\n\t\t\t\t\talt=\"carnaval_enfants_2011_01\"\n\t\t\t\t\tsrc=\"https:\/\/www.prouvy.be\/wp-content\/gallery\/carnaval-des-enfants-3\/thumbs\/thumbs_carnaval_enfants_2011_01.JPG\"\n\t\t\t\t\twidth=\"120\"\n\t\t\t\t\theight=\"90\"\n\t\t\t\t\tstyle=\"max-width:100%;\"\n\t\t\t\t\/>\n\t\t\t<\/a>\n\t\t<\/div>\n\t\t\t\t\t\t\t<\/div>\n\t\t\t\n\t\t\n\t\t\t\t<div id=\"ngg-image-1\" class=\"ngg-gallery-thumbnail-box\"\n\t\t\t\t\t\t\t\t\t\t\t>\n\t\t\t\t\t\t<div class=\"ngg-gallery-thumbnail\">\n\t\t\t<a href=\"https:\/\/www.prouvy.be\/wp-content\/gallery\/carnaval-des-enfants-3\/carnaval_enfants_2011_02.JPG\"\n\t\t\t\ttitle=\" \"\n\t\t\t\tdata-src=\"https:\/\/www.prouvy.be\/wp-content\/gallery\/carnaval-des-enfants-3\/carnaval_enfants_2011_02.JPG\"\n\t\t\t\tdata-thumbnail=\"https:\/\/www.prouvy.be\/wp-content\/gallery\/carnaval-des-enfants-3\/thumbs\/thumbs_carnaval_enfants_2011_02.JPG\"\n\t\t\t\tdata-image-id=\"903\"\n\t\t\t\tdata-title=\"carnaval_enfants_2011_02\"\n\t\t\t\tdata-description=\" \"\n\t\t\t\tdata-image-slug=\"carnaval_enfants_2011_02-1\"\n\t\t\t\tclass=\"ngg-fancybox\" rel=\"c0a0b27eb015da25cda18926859f7b71\">\n\t\t\t\t<img\n\t\t\t\t\ttitle=\"carnaval_enfants_2011_02\"\n\t\t\t\t\talt=\"carnaval_enfants_2011_02\"\n\t\t\t\t\tsrc=\"https:\/\/www.prouvy.be\/wp-content\/gallery\/carnaval-des-enfants-3\/thumbs\/thumbs_carnaval_enfants_2011_02.JPG\"\n\t\t\t\t\twidth=\"120\"\n\t\t\t\t\theight=\"90\"\n\t\t\t\t\tstyle=\"max-width:100%;\"\n\t\t\t\t\/>\n\t\t\t<\/a>\n\t\t<\/div>\n\t\t\t\t\t\t\t<\/div>\n\t\t\t\n\t\t\n\t\t\t\t<div id=\"ngg-image-2\" class=\"ngg-gallery-thumbnail-box\"\n\t\t\t\t\t\t\t\t\t\t\t>\n\t\t\t\t\t\t<div class=\"ngg-gallery-thumbnail\">\n\t\t\t<a href=\"https:\/\/www.prouvy.be\/wp-content\/gallery\/carnaval-des-enfants-3\/carnaval_enfants_2011_03.JPG\"\n\t\t\t\ttitle=\" \"\n\t\t\t\tdata-src=\"https:\/\/www.prouvy.be\/wp-content\/gallery\/carnaval-des-enfants-3\/carnaval_enfants_2011_03.JPG\"\n\t\t\t\tdata-thumbnail=\"https:\/\/www.prouvy.be\/wp-content\/gallery\/carnaval-des-enfants-3\/thumbs\/thumbs_carnaval_enfants_2011_03.JPG\"\n\t\t\t\tdata-image-id=\"904\"\n\t\t\t\tdata-title=\"DIGITAL CAMERA\"\n\t\t\t\tdata-description=\" \"\n\t\t\t\tdata-image-slug=\"digital-camera\"\n\t\t\t\tclass=\"ngg-fancybox\" rel=\"c0a0b27eb015da25cda18926859f7b71\">\n\t\t\t\t<img\n\t\t\t\t\ttitle=\"DIGITAL CAMERA\"\n\t\t\t\t\talt=\"DIGITAL CAMERA\"\n\t\t\t\t\tsrc=\"https:\/\/www.prouvy.be\/wp-content\/gallery\/carnaval-des-enfants-3\/thumbs\/thumbs_carnaval_enfants_2011_03.JPG\"\n\t\t\t\t\twidth=\"120\"\n\t\t\t\t\theight=\"90\"\n\t\t\t\t\tstyle=\"max-width:100%;\"\n\t\t\t\t\/>\n\t\t\t<\/a>\n\t\t<\/div>\n\t\t\t\t\t\t\t<\/div>\n\t\t\t\n\t\t\n\t\t\t\t<div id=\"ngg-image-3\" class=\"ngg-gallery-thumbnail-box\"\n\t\t\t\t\t\t\t\t\t\t\t>\n\t\t\t\t\t\t<div class=\"ngg-gallery-thumbnail\">\n\t\t\t<a href=\"https:\/\/www.prouvy.be\/wp-content\/gallery\/carnaval-des-enfants-3\/carnaval_enfants_2011_04.JPG\"\n\t\t\t\ttitle=\" \"\n\t\t\t\tdata-src=\"https:\/\/www.prouvy.be\/wp-content\/gallery\/carnaval-des-enfants-3\/carnaval_enfants_2011_04.JPG\"\n\t\t\t\tdata-thumbnail=\"https:\/\/www.prouvy.be\/wp-content\/gallery\/carnaval-des-enfants-3\/thumbs\/thumbs_carnaval_enfants_2011_04.JPG\"\n\t\t\t\tdata-image-id=\"905\"\n\t\t\t\tdata-title=\"carnaval_enfants_2011_04\"\n\t\t\t\tdata-description=\" \"\n\t\t\t\tdata-image-slug=\"carnaval_enfants_2011_04-1\"\n\t\t\t\tclass=\"ngg-fancybox\" rel=\"c0a0b27eb015da25cda18926859f7b71\">\n\t\t\t\t<img\n\t\t\t\t\ttitle=\"carnaval_enfants_2011_04\"\n\t\t\t\t\talt=\"carnaval_enfants_2011_04\"\n\t\t\t\t\tsrc=\"https:\/\/www.prouvy.be\/wp-content\/gallery\/carnaval-des-enfants-3\/thumbs\/thumbs_carnaval_enfants_2011_04.JPG\"\n\t\t\t\t\twidth=\"120\"\n\t\t\t\t\theight=\"90\"\n\t\t\t\t\tstyle=\"max-width:100%;\"\n\t\t\t\t\/>\n\t\t\t<\/a>\n\t\t<\/div>\n\t\t\t\t\t\t\t<\/div>\n\t\t\t\n\t\t\n\t\t\t\t<div id=\"ngg-image-4\" class=\"ngg-gallery-thumbnail-box\"\n\t\t\t\t\t\t\t\t\t\t\t>\n\t\t\t\t\t\t<div class=\"ngg-gallery-thumbnail\">\n\t\t\t<a href=\"https:\/\/www.prouvy.be\/wp-content\/gallery\/carnaval-des-enfants-3\/carnaval_enfants_2011_05.JPG\"\n\t\t\t\ttitle=\" \"\n\t\t\t\tdata-src=\"https:\/\/www.prouvy.be\/wp-content\/gallery\/carnaval-des-enfants-3\/carnaval_enfants_2011_05.JPG\"\n\t\t\t\tdata-thumbnail=\"https:\/\/www.prouvy.be\/wp-content\/gallery\/carnaval-des-enfants-3\/thumbs\/thumbs_carnaval_enfants_2011_05.JPG\"\n\t\t\t\tdata-image-id=\"906\"\n\t\t\t\tdata-title=\"carnaval_enfants_2011_05\"\n\t\t\t\tdata-description=\" \"\n\t\t\t\tdata-image-slug=\"carnaval_enfants_2011_05-1\"\n\t\t\t\tclass=\"ngg-fancybox\" rel=\"c0a0b27eb015da25cda18926859f7b71\">\n\t\t\t\t<img\n\t\t\t\t\ttitle=\"carnaval_enfants_2011_05\"\n\t\t\t\t\talt=\"carnaval_enfants_2011_05\"\n\t\t\t\t\tsrc=\"https:\/\/www.prouvy.be\/wp-content\/gallery\/carnaval-des-enfants-3\/thumbs\/thumbs_carnaval_enfants_2011_05.JPG\"\n\t\t\t\t\twidth=\"120\"\n\t\t\t\t\theight=\"90\"\n\t\t\t\t\tstyle=\"max-width:100%;\"\n\t\t\t\t\/>\n\t\t\t<\/a>\n\t\t<\/div>\n\t\t\t\t\t\t\t<\/div>\n\t\t\t\n\t\t\n\t\t\t\t<div id=\"ngg-image-5\" class=\"ngg-gallery-thumbnail-box\"\n\t\t\t\t\t\t\t\t\t\t\t>\n\t\t\t\t\t\t<div class=\"ngg-gallery-thumbnail\">\n\t\t\t<a href=\"https:\/\/www.prouvy.be\/wp-content\/gallery\/carnaval-des-enfants-3\/carnaval_enfants_2011_06.JPG\"\n\t\t\t\ttitle=\" \"\n\t\t\t\tdata-src=\"https:\/\/www.prouvy.be\/wp-content\/gallery\/carnaval-des-enfants-3\/carnaval_enfants_2011_06.JPG\"\n\t\t\t\tdata-thumbnail=\"https:\/\/www.prouvy.be\/wp-content\/gallery\/carnaval-des-enfants-3\/thumbs\/thumbs_carnaval_enfants_2011_06.JPG\"\n\t\t\t\tdata-image-id=\"907\"\n\t\t\t\tdata-title=\"carnaval_enfants_2011_06\"\n\t\t\t\tdata-description=\" \"\n\t\t\t\tdata-image-slug=\"carnaval_enfants_2011_06-1\"\n\t\t\t\tclass=\"ngg-fancybox\" rel=\"c0a0b27eb015da25cda18926859f7b71\">\n\t\t\t\t<img\n\t\t\t\t\ttitle=\"carnaval_enfants_2011_06\"\n\t\t\t\t\talt=\"carnaval_enfants_2011_06\"\n\t\t\t\t\tsrc=\"https:\/\/www.prouvy.be\/wp-content\/gallery\/carnaval-des-enfants-3\/thumbs\/thumbs_carnaval_enfants_2011_06.JPG\"\n\t\t\t\t\twidth=\"120\"\n\t\t\t\t\theight=\"90\"\n\t\t\t\t\tstyle=\"max-width:100%;\"\n\t\t\t\t\/>\n\t\t\t<\/a>\n\t\t<\/div>\n\t\t\t\t\t\t\t<\/div>\n\t\t\t\n\t\t\n\t\t\t\t<div id=\"ngg-image-6\" class=\"ngg-gallery-thumbnail-box\"\n\t\t\t\t\t\t\t\t\t\t\t>\n\t\t\t\t\t\t<div class=\"ngg-gallery-thumbnail\">\n\t\t\t<a href=\"https:\/\/www.prouvy.be\/wp-content\/gallery\/carnaval-des-enfants-3\/carnaval_enfants_2011_07.JPG\"\n\t\t\t\ttitle=\" \"\n\t\t\t\tdata-src=\"https:\/\/www.prouvy.be\/wp-content\/gallery\/carnaval-des-enfants-3\/carnaval_enfants_2011_07.JPG\"\n\t\t\t\tdata-thumbnail=\"https:\/\/www.prouvy.be\/wp-content\/gallery\/carnaval-des-enfants-3\/thumbs\/thumbs_carnaval_enfants_2011_07.JPG\"\n\t\t\t\tdata-image-id=\"908\"\n\t\t\t\tdata-title=\"carnaval_enfants_2011_07\"\n\t\t\t\tdata-description=\" \"\n\t\t\t\tdata-image-slug=\"carnaval_enfants_2011_07-1\"\n\t\t\t\tclass=\"ngg-fancybox\" rel=\"c0a0b27eb015da25cda18926859f7b71\">\n\t\t\t\t<img\n\t\t\t\t\ttitle=\"carnaval_enfants_2011_07\"\n\t\t\t\t\talt=\"carnaval_enfants_2011_07\"\n\t\t\t\t\tsrc=\"https:\/\/www.prouvy.be\/wp-content\/gallery\/carnaval-des-enfants-3\/thumbs\/thumbs_carnaval_enfants_2011_07.JPG\"\n\t\t\t\t\twidth=\"120\"\n\t\t\t\t\theight=\"90\"\n\t\t\t\t\tstyle=\"max-width:100%;\"\n\t\t\t\t\/>\n\t\t\t<\/a>\n\t\t<\/div>\n\t\t\t\t\t\t\t<\/div>\n\t\t\t\n\t\t\n\t\t\t\t<div id=\"ngg-image-7\" class=\"ngg-gallery-thumbnail-box\"\n\t\t\t\t\t\t\t\t\t\t\t>\n\t\t\t\t\t\t<div class=\"ngg-gallery-thumbnail\">\n\t\t\t<a href=\"https:\/\/www.prouvy.be\/wp-content\/gallery\/carnaval-des-enfants-3\/carnaval_enfants_2011_08.JPG\"\n\t\t\t\ttitle=\" \"\n\t\t\t\tdata-src=\"https:\/\/www.prouvy.be\/wp-content\/gallery\/carnaval-des-enfants-3\/carnaval_enfants_2011_08.JPG\"\n\t\t\t\tdata-thumbnail=\"https:\/\/www.prouvy.be\/wp-content\/gallery\/carnaval-des-enfants-3\/thumbs\/thumbs_carnaval_enfants_2011_08.JPG\"\n\t\t\t\tdata-image-id=\"909\"\n\t\t\t\tdata-title=\"carnaval_enfants_2011_08\"\n\t\t\t\tdata-description=\" \"\n\t\t\t\tdata-image-slug=\"carnaval_enfants_2011_08-1\"\n\t\t\t\tclass=\"ngg-fancybox\" rel=\"c0a0b27eb015da25cda18926859f7b71\">\n\t\t\t\t<img\n\t\t\t\t\ttitle=\"carnaval_enfants_2011_08\"\n\t\t\t\t\talt=\"carnaval_enfants_2011_08\"\n\t\t\t\t\tsrc=\"https:\/\/www.prouvy.be\/wp-content\/gallery\/carnaval-des-enfants-3\/thumbs\/thumbs_carnaval_enfants_2011_08.JPG\"\n\t\t\t\t\twidth=\"120\"\n\t\t\t\t\theight=\"90\"\n\t\t\t\t\tstyle=\"max-width:100%;\"\n\t\t\t\t\/>\n\t\t\t<\/a>\n\t\t<\/div>\n\t\t\t\t\t\t\t<\/div>\n\t\t\t\n\t\t\n\t\t\n\t\t<!-- Pagination -->\n\t\t<div class='ngg-clear'><\/div>\t<\/div>\n<\/p>\n","protected":false},"excerpt":{"rendered":"<p>A Prouvy aussi on aime faire le carnaval. Chaque ann\u00e9e, les enfants du village aiment sonner de porte en porte afin de r\u00e9clamer des friandises. La tradition a \u00e9t\u00e9 une nouvelle fois respect\u00e9e ce mardi 8 mars. Heureusement, le soleil \u00e9tait bien printanier; le thermom\u00e8tre affichait plus de 10\u00b0C. De quoi donner aux 19 enfants &hellip; <a href=\"https:\/\/www.prouvy.be\/?page_id=2616\" class=\"more-link\">Continuer la lecture de <span class=\"screen-reader-text\">Carnaval des enfants<\/span>  <span class=\"meta-nav\">&rarr;<\/span><\/a><\/p>\n","protected":false},"author":1,"featured_media":2636,"parent":2347,"menu_order":0,"comment_status":"open","ping_status":"open","template":"","meta":{"ngg_post_thumbnail":0,"footnotes":""},"class_list":["post-2616","page","type-page","status-publish","has-post-thumbnail","hentry"],"post_mailing_queue_ids":[],"_links":{"self":[{"href":"https:\/\/www.prouvy.be\/index.php?rest_route=\/wp\/v2\/pages\/2616","targetHints":{"allow":["GET"]}}],"collection":[{"href":"https:\/\/www.prouvy.be\/index.php?rest_route=\/wp\/v2\/pages"}],"about":[{"href":"https:\/\/www.prouvy.be\/index.php?rest_route=\/wp\/v2\/types\/page"}],"author":[{"embeddable":true,"href":"https:\/\/www.prouvy.be\/index.php?rest_route=\/wp\/v2\/users\/1"}],"replies":[{"embeddable":true,"href":"https:\/\/www.prouvy.be\/index.php?rest_route=%2Fwp%2Fv2%2Fcomments&post=2616"}],"version-history":[{"count":1,"href":"https:\/\/www.prouvy.be\/index.php?rest_route=\/wp\/v2\/pages\/2616\/revisions"}],"predecessor-version":[{"id":2637,"href":"https:\/\/www.prouvy.be\/index.php?rest_route=\/wp\/v2\/pages\/2616\/revisions\/2637"}],"up":[{"embeddable":true,"href":"https:\/\/www.prouvy.be\/index.php?rest_route=\/wp\/v2\/pages\/2347"}],"wp:featuredmedia":[{"embeddable":true,"href":"https:\/\/www.prouvy.be\/index.php?rest_route=\/wp\/v2\/media\/2636"}],"wp:attachment":[{"href":"https:\/\/www.prouvy.be\/index.php?rest_route=%2Fwp%2Fv2%2Fmedia&parent=2616"}],"curies":[{"name":"wp","href":"https:\/\/api.w.org\/{rel}","templated":true}]}}