{"id":2516,"date":"2014-11-27T23:28:38","date_gmt":"2014-11-27T21:28:38","guid":{"rendered":"http:\/\/new.prouvy.be\/?page_id=2516"},"modified":"2014-11-27T23:29:04","modified_gmt":"2014-11-27T21:29:04","slug":"un-beau-dimanche-a-prouvy","status":"publish","type":"page","link":"https:\/\/www.prouvy.be\/?page_id=2516","title":{"rendered":"Un Beau Dimanche \u00e0 Prouvy"},"content":{"rendered":"<div id=\"fb-root\"><\/div>\n<p>Nous avons \u00e0 nouveau pu b\u00e9n\u00e9ficier d\u2019une belle journ\u00e9e ensoleill\u00e9e pour cette seconde \u00e9dition du \u201cBeau Dimanche \u00e0 Prouvy\u201d.<br \/>\nD\u00e8s 10 heures, un impressionnant groupe de marcheurs s\u2019est balad\u00e9 dans nos campagnes pour un tour d\u2019environ 5 kilom\u00e8tres. De quoi se mettre en app\u00e9tit pour l\u2019ap\u00e9ro et le barbecue. Merci \u00e0 Albert pour son travail aux fourneaux ainsi qu\u2019aux dames qui ont pr\u00e9par\u00e9 les diff\u00e9rents plats d\u2019accompagnement. Le ch\u00e2teau gonflable \u00e9tait aussi au rendez-vous et durant l\u2019apr\u00e8s-midi, Bruno et Pierre ont pr\u00e9par\u00e9 le circuit pour les 4 caisses \u00e0 savon pr\u00e9sentes. Chaque pilote a \u00e9t\u00e9 r\u00e9compens\u00e9 pour sa participation. Encore une belle journ\u00e9e pass\u00e9e entre villageois \u00e0 l\u2019initiative de notre<span class=\"caps\">ASBL<\/span>.<\/p>\n<p><!-- index.php -->\n<div\n\tclass=\"ngg-galleryoverview\n\t ngg-ajax-pagination-none\t\"\n\tid=\"ngg-gallery-0f8105529c8531c34255ee8a3a83450a-1\">\n\n\t\t<div class=\"slideshowlink\">\n\t\t<a href='https:\/\/www.prouvy.be\/index.php\/nggallery\/slideshow?page_id=2516'>[Show slideshow]<\/a>\n\n\t<\/div>\n\t\t\t<!-- Thumbnails -->\n\t\t\t\t<div id=\"ngg-image-0\" class=\"ngg-gallery-thumbnail-box\"\n\t\t\t\t\t\t\t\t\t\t\t>\n\t\t\t\t\t\t<div class=\"ngg-gallery-thumbnail\">\n\t\t\t<a href=\"https:\/\/www.prouvy.be\/wp-content\/gallery\/un-beau-dimanche-a-prouvy-5\/dimanche_2011_11.JPG\"\n\t\t\t\ttitle=\" \"\n\t\t\t\tdata-src=\"https:\/\/www.prouvy.be\/wp-content\/gallery\/un-beau-dimanche-a-prouvy-5\/dimanche_2011_11.JPG\"\n\t\t\t\tdata-thumbnail=\"https:\/\/www.prouvy.be\/wp-content\/gallery\/un-beau-dimanche-a-prouvy-5\/thumbs\/thumbs_dimanche_2011_11.JPG\"\n\t\t\t\tdata-image-id=\"871\"\n\t\t\t\tdata-title=\"dimanche_2011_11\"\n\t\t\t\tdata-description=\" \"\n\t\t\t\tdata-image-slug=\"dimanche_2011_11\"\n\t\t\t\tclass=\"ngg-fancybox\" rel=\"0f8105529c8531c34255ee8a3a83450a\">\n\t\t\t\t<img\n\t\t\t\t\ttitle=\"dimanche_2011_11\"\n\t\t\t\t\talt=\"dimanche_2011_11\"\n\t\t\t\t\tsrc=\"https:\/\/www.prouvy.be\/wp-content\/gallery\/un-beau-dimanche-a-prouvy-5\/thumbs\/thumbs_dimanche_2011_11.JPG\"\n\t\t\t\t\twidth=\"120\"\n\t\t\t\t\theight=\"90\"\n\t\t\t\t\tstyle=\"max-width:100%;\"\n\t\t\t\t\/>\n\t\t\t<\/a>\n\t\t<\/div>\n\t\t\t\t\t\t\t<\/div>\n\t\t\t\n\t\t\n\t\t\t\t<div id=\"ngg-image-1\" class=\"ngg-gallery-thumbnail-box\"\n\t\t\t\t\t\t\t\t\t\t\t>\n\t\t\t\t\t\t<div class=\"ngg-gallery-thumbnail\">\n\t\t\t<a href=\"https:\/\/www.prouvy.be\/wp-content\/gallery\/un-beau-dimanche-a-prouvy-5\/dimanche_2011_21.JPG\"\n\t\t\t\ttitle=\" \"\n\t\t\t\tdata-src=\"https:\/\/www.prouvy.be\/wp-content\/gallery\/un-beau-dimanche-a-prouvy-5\/dimanche_2011_21.JPG\"\n\t\t\t\tdata-thumbnail=\"https:\/\/www.prouvy.be\/wp-content\/gallery\/un-beau-dimanche-a-prouvy-5\/thumbs\/thumbs_dimanche_2011_21.JPG\"\n\t\t\t\tdata-image-id=\"881\"\n\t\t\t\tdata-title=\"dimanche_2011_21\"\n\t\t\t\tdata-description=\" \"\n\t\t\t\tdata-image-slug=\"dimanche_2011_21\"\n\t\t\t\tclass=\"ngg-fancybox\" rel=\"0f8105529c8531c34255ee8a3a83450a\">\n\t\t\t\t<img\n\t\t\t\t\ttitle=\"dimanche_2011_21\"\n\t\t\t\t\talt=\"dimanche_2011_21\"\n\t\t\t\t\tsrc=\"https:\/\/www.prouvy.be\/wp-content\/gallery\/un-beau-dimanche-a-prouvy-5\/thumbs\/thumbs_dimanche_2011_21.JPG\"\n\t\t\t\t\twidth=\"120\"\n\t\t\t\t\theight=\"90\"\n\t\t\t\t\tstyle=\"max-width:100%;\"\n\t\t\t\t\/>\n\t\t\t<\/a>\n\t\t<\/div>\n\t\t\t\t\t\t\t<\/div>\n\t\t\t\n\t\t\n\t\t\t\t<div id=\"ngg-image-2\" class=\"ngg-gallery-thumbnail-box\"\n\t\t\t\t\t\t\t\t\t\t\t>\n\t\t\t\t\t\t<div class=\"ngg-gallery-thumbnail\">\n\t\t\t<a href=\"https:\/\/www.prouvy.be\/wp-content\/gallery\/un-beau-dimanche-a-prouvy-5\/dimanche_2011_20.JPG\"\n\t\t\t\ttitle=\" \"\n\t\t\t\tdata-src=\"https:\/\/www.prouvy.be\/wp-content\/gallery\/un-beau-dimanche-a-prouvy-5\/dimanche_2011_20.JPG\"\n\t\t\t\tdata-thumbnail=\"https:\/\/www.prouvy.be\/wp-content\/gallery\/un-beau-dimanche-a-prouvy-5\/thumbs\/thumbs_dimanche_2011_20.JPG\"\n\t\t\t\tdata-image-id=\"880\"\n\t\t\t\tdata-title=\"dimanche_2011_20\"\n\t\t\t\tdata-description=\" \"\n\t\t\t\tdata-image-slug=\"dimanche_2011_20\"\n\t\t\t\tclass=\"ngg-fancybox\" rel=\"0f8105529c8531c34255ee8a3a83450a\">\n\t\t\t\t<img\n\t\t\t\t\ttitle=\"dimanche_2011_20\"\n\t\t\t\t\talt=\"dimanche_2011_20\"\n\t\t\t\t\tsrc=\"https:\/\/www.prouvy.be\/wp-content\/gallery\/un-beau-dimanche-a-prouvy-5\/thumbs\/thumbs_dimanche_2011_20.JPG\"\n\t\t\t\t\twidth=\"120\"\n\t\t\t\t\theight=\"90\"\n\t\t\t\t\tstyle=\"max-width:100%;\"\n\t\t\t\t\/>\n\t\t\t<\/a>\n\t\t<\/div>\n\t\t\t\t\t\t\t<\/div>\n\t\t\t\n\t\t\n\t\t\t\t<div id=\"ngg-image-3\" class=\"ngg-gallery-thumbnail-box\"\n\t\t\t\t\t\t\t\t\t\t\t>\n\t\t\t\t\t\t<div class=\"ngg-gallery-thumbnail\">\n\t\t\t<a href=\"https:\/\/www.prouvy.be\/wp-content\/gallery\/un-beau-dimanche-a-prouvy-5\/dimanche_2011_19.JPG\"\n\t\t\t\ttitle=\" \"\n\t\t\t\tdata-src=\"https:\/\/www.prouvy.be\/wp-content\/gallery\/un-beau-dimanche-a-prouvy-5\/dimanche_2011_19.JPG\"\n\t\t\t\tdata-thumbnail=\"https:\/\/www.prouvy.be\/wp-content\/gallery\/un-beau-dimanche-a-prouvy-5\/thumbs\/thumbs_dimanche_2011_19.JPG\"\n\t\t\t\tdata-image-id=\"879\"\n\t\t\t\tdata-title=\"dimanche_2011_19\"\n\t\t\t\tdata-description=\" \"\n\t\t\t\tdata-image-slug=\"dimanche_2011_19\"\n\t\t\t\tclass=\"ngg-fancybox\" rel=\"0f8105529c8531c34255ee8a3a83450a\">\n\t\t\t\t<img\n\t\t\t\t\ttitle=\"dimanche_2011_19\"\n\t\t\t\t\talt=\"dimanche_2011_19\"\n\t\t\t\t\tsrc=\"https:\/\/www.prouvy.be\/wp-content\/gallery\/un-beau-dimanche-a-prouvy-5\/thumbs\/thumbs_dimanche_2011_19.JPG\"\n\t\t\t\t\twidth=\"120\"\n\t\t\t\t\theight=\"90\"\n\t\t\t\t\tstyle=\"max-width:100%;\"\n\t\t\t\t\/>\n\t\t\t<\/a>\n\t\t<\/div>\n\t\t\t\t\t\t\t<\/div>\n\t\t\t\n\t\t\n\t\t\t\t<div id=\"ngg-image-4\" class=\"ngg-gallery-thumbnail-box\"\n\t\t\t\t\t\t\t\t\t\t\t>\n\t\t\t\t\t\t<div class=\"ngg-gallery-thumbnail\">\n\t\t\t<a href=\"https:\/\/www.prouvy.be\/wp-content\/gallery\/un-beau-dimanche-a-prouvy-5\/dimanche_2011_18.JPG\"\n\t\t\t\ttitle=\" \"\n\t\t\t\tdata-src=\"https:\/\/www.prouvy.be\/wp-content\/gallery\/un-beau-dimanche-a-prouvy-5\/dimanche_2011_18.JPG\"\n\t\t\t\tdata-thumbnail=\"https:\/\/www.prouvy.be\/wp-content\/gallery\/un-beau-dimanche-a-prouvy-5\/thumbs\/thumbs_dimanche_2011_18.JPG\"\n\t\t\t\tdata-image-id=\"878\"\n\t\t\t\tdata-title=\"dimanche_2011_18\"\n\t\t\t\tdata-description=\" \"\n\t\t\t\tdata-image-slug=\"dimanche_2011_18\"\n\t\t\t\tclass=\"ngg-fancybox\" rel=\"0f8105529c8531c34255ee8a3a83450a\">\n\t\t\t\t<img\n\t\t\t\t\ttitle=\"dimanche_2011_18\"\n\t\t\t\t\talt=\"dimanche_2011_18\"\n\t\t\t\t\tsrc=\"https:\/\/www.prouvy.be\/wp-content\/gallery\/un-beau-dimanche-a-prouvy-5\/thumbs\/thumbs_dimanche_2011_18.JPG\"\n\t\t\t\t\twidth=\"120\"\n\t\t\t\t\theight=\"90\"\n\t\t\t\t\tstyle=\"max-width:100%;\"\n\t\t\t\t\/>\n\t\t\t<\/a>\n\t\t<\/div>\n\t\t\t\t\t\t\t<\/div>\n\t\t\t\n\t\t\n\t\t\t\t<div id=\"ngg-image-5\" class=\"ngg-gallery-thumbnail-box\"\n\t\t\t\t\t\t\t\t\t\t\t>\n\t\t\t\t\t\t<div class=\"ngg-gallery-thumbnail\">\n\t\t\t<a href=\"https:\/\/www.prouvy.be\/wp-content\/gallery\/un-beau-dimanche-a-prouvy-5\/dimanche_2011_17.JPG\"\n\t\t\t\ttitle=\" \"\n\t\t\t\tdata-src=\"https:\/\/www.prouvy.be\/wp-content\/gallery\/un-beau-dimanche-a-prouvy-5\/dimanche_2011_17.JPG\"\n\t\t\t\tdata-thumbnail=\"https:\/\/www.prouvy.be\/wp-content\/gallery\/un-beau-dimanche-a-prouvy-5\/thumbs\/thumbs_dimanche_2011_17.JPG\"\n\t\t\t\tdata-image-id=\"877\"\n\t\t\t\tdata-title=\"dimanche_2011_17\"\n\t\t\t\tdata-description=\" \"\n\t\t\t\tdata-image-slug=\"dimanche_2011_17\"\n\t\t\t\tclass=\"ngg-fancybox\" rel=\"0f8105529c8531c34255ee8a3a83450a\">\n\t\t\t\t<img\n\t\t\t\t\ttitle=\"dimanche_2011_17\"\n\t\t\t\t\talt=\"dimanche_2011_17\"\n\t\t\t\t\tsrc=\"https:\/\/www.prouvy.be\/wp-content\/gallery\/un-beau-dimanche-a-prouvy-5\/thumbs\/thumbs_dimanche_2011_17.JPG\"\n\t\t\t\t\twidth=\"120\"\n\t\t\t\t\theight=\"90\"\n\t\t\t\t\tstyle=\"max-width:100%;\"\n\t\t\t\t\/>\n\t\t\t<\/a>\n\t\t<\/div>\n\t\t\t\t\t\t\t<\/div>\n\t\t\t\n\t\t\n\t\t\t\t<div id=\"ngg-image-6\" class=\"ngg-gallery-thumbnail-box\"\n\t\t\t\t\t\t\t\t\t\t\t>\n\t\t\t\t\t\t<div class=\"ngg-gallery-thumbnail\">\n\t\t\t<a href=\"https:\/\/www.prouvy.be\/wp-content\/gallery\/un-beau-dimanche-a-prouvy-5\/dimanche_2011_16.JPG\"\n\t\t\t\ttitle=\" \"\n\t\t\t\tdata-src=\"https:\/\/www.prouvy.be\/wp-content\/gallery\/un-beau-dimanche-a-prouvy-5\/dimanche_2011_16.JPG\"\n\t\t\t\tdata-thumbnail=\"https:\/\/www.prouvy.be\/wp-content\/gallery\/un-beau-dimanche-a-prouvy-5\/thumbs\/thumbs_dimanche_2011_16.JPG\"\n\t\t\t\tdata-image-id=\"876\"\n\t\t\t\tdata-title=\"dimanche_2011_16\"\n\t\t\t\tdata-description=\" \"\n\t\t\t\tdata-image-slug=\"dimanche_2011_16\"\n\t\t\t\tclass=\"ngg-fancybox\" rel=\"0f8105529c8531c34255ee8a3a83450a\">\n\t\t\t\t<img\n\t\t\t\t\ttitle=\"dimanche_2011_16\"\n\t\t\t\t\talt=\"dimanche_2011_16\"\n\t\t\t\t\tsrc=\"https:\/\/www.prouvy.be\/wp-content\/gallery\/un-beau-dimanche-a-prouvy-5\/thumbs\/thumbs_dimanche_2011_16.JPG\"\n\t\t\t\t\twidth=\"120\"\n\t\t\t\t\theight=\"90\"\n\t\t\t\t\tstyle=\"max-width:100%;\"\n\t\t\t\t\/>\n\t\t\t<\/a>\n\t\t<\/div>\n\t\t\t\t\t\t\t<\/div>\n\t\t\t\n\t\t\n\t\t\t\t<div id=\"ngg-image-7\" class=\"ngg-gallery-thumbnail-box\"\n\t\t\t\t\t\t\t\t\t\t\t>\n\t\t\t\t\t\t<div class=\"ngg-gallery-thumbnail\">\n\t\t\t<a href=\"https:\/\/www.prouvy.be\/wp-content\/gallery\/un-beau-dimanche-a-prouvy-5\/dimanche_2011_15.JPG\"\n\t\t\t\ttitle=\" \"\n\t\t\t\tdata-src=\"https:\/\/www.prouvy.be\/wp-content\/gallery\/un-beau-dimanche-a-prouvy-5\/dimanche_2011_15.JPG\"\n\t\t\t\tdata-thumbnail=\"https:\/\/www.prouvy.be\/wp-content\/gallery\/un-beau-dimanche-a-prouvy-5\/thumbs\/thumbs_dimanche_2011_15.JPG\"\n\t\t\t\tdata-image-id=\"875\"\n\t\t\t\tdata-title=\"dimanche_2011_15\"\n\t\t\t\tdata-description=\" \"\n\t\t\t\tdata-image-slug=\"dimanche_2011_15\"\n\t\t\t\tclass=\"ngg-fancybox\" rel=\"0f8105529c8531c34255ee8a3a83450a\">\n\t\t\t\t<img\n\t\t\t\t\ttitle=\"dimanche_2011_15\"\n\t\t\t\t\talt=\"dimanche_2011_15\"\n\t\t\t\t\tsrc=\"https:\/\/www.prouvy.be\/wp-content\/gallery\/un-beau-dimanche-a-prouvy-5\/thumbs\/thumbs_dimanche_2011_15.JPG\"\n\t\t\t\t\twidth=\"120\"\n\t\t\t\t\theight=\"90\"\n\t\t\t\t\tstyle=\"max-width:100%;\"\n\t\t\t\t\/>\n\t\t\t<\/a>\n\t\t<\/div>\n\t\t\t\t\t\t\t<\/div>\n\t\t\t\n\t\t\n\t\t\t\t<div id=\"ngg-image-8\" class=\"ngg-gallery-thumbnail-box\"\n\t\t\t\t\t\t\t\t\t\t\t>\n\t\t\t\t\t\t<div class=\"ngg-gallery-thumbnail\">\n\t\t\t<a href=\"https:\/\/www.prouvy.be\/wp-content\/gallery\/un-beau-dimanche-a-prouvy-5\/dimanche_2011_14.JPG\"\n\t\t\t\ttitle=\" \"\n\t\t\t\tdata-src=\"https:\/\/www.prouvy.be\/wp-content\/gallery\/un-beau-dimanche-a-prouvy-5\/dimanche_2011_14.JPG\"\n\t\t\t\tdata-thumbnail=\"https:\/\/www.prouvy.be\/wp-content\/gallery\/un-beau-dimanche-a-prouvy-5\/thumbs\/thumbs_dimanche_2011_14.JPG\"\n\t\t\t\tdata-image-id=\"874\"\n\t\t\t\tdata-title=\"dimanche_2011_14\"\n\t\t\t\tdata-description=\" \"\n\t\t\t\tdata-image-slug=\"dimanche_2011_14\"\n\t\t\t\tclass=\"ngg-fancybox\" rel=\"0f8105529c8531c34255ee8a3a83450a\">\n\t\t\t\t<img\n\t\t\t\t\ttitle=\"dimanche_2011_14\"\n\t\t\t\t\talt=\"dimanche_2011_14\"\n\t\t\t\t\tsrc=\"https:\/\/www.prouvy.be\/wp-content\/gallery\/un-beau-dimanche-a-prouvy-5\/thumbs\/thumbs_dimanche_2011_14.JPG\"\n\t\t\t\t\twidth=\"120\"\n\t\t\t\t\theight=\"90\"\n\t\t\t\t\tstyle=\"max-width:100%;\"\n\t\t\t\t\/>\n\t\t\t<\/a>\n\t\t<\/div>\n\t\t\t\t\t\t\t<\/div>\n\t\t\t\n\t\t\n\t\t\t\t<div id=\"ngg-image-9\" class=\"ngg-gallery-thumbnail-box\"\n\t\t\t\t\t\t\t\t\t\t\t>\n\t\t\t\t\t\t<div class=\"ngg-gallery-thumbnail\">\n\t\t\t<a href=\"https:\/\/www.prouvy.be\/wp-content\/gallery\/un-beau-dimanche-a-prouvy-5\/dimanche_2011_13.JPG\"\n\t\t\t\ttitle=\" \"\n\t\t\t\tdata-src=\"https:\/\/www.prouvy.be\/wp-content\/gallery\/un-beau-dimanche-a-prouvy-5\/dimanche_2011_13.JPG\"\n\t\t\t\tdata-thumbnail=\"https:\/\/www.prouvy.be\/wp-content\/gallery\/un-beau-dimanche-a-prouvy-5\/thumbs\/thumbs_dimanche_2011_13.JPG\"\n\t\t\t\tdata-image-id=\"873\"\n\t\t\t\tdata-title=\"dimanche_2011_13\"\n\t\t\t\tdata-description=\" \"\n\t\t\t\tdata-image-slug=\"dimanche_2011_13\"\n\t\t\t\tclass=\"ngg-fancybox\" rel=\"0f8105529c8531c34255ee8a3a83450a\">\n\t\t\t\t<img\n\t\t\t\t\ttitle=\"dimanche_2011_13\"\n\t\t\t\t\talt=\"dimanche_2011_13\"\n\t\t\t\t\tsrc=\"https:\/\/www.prouvy.be\/wp-content\/gallery\/un-beau-dimanche-a-prouvy-5\/thumbs\/thumbs_dimanche_2011_13.JPG\"\n\t\t\t\t\twidth=\"120\"\n\t\t\t\t\theight=\"90\"\n\t\t\t\t\tstyle=\"max-width:100%;\"\n\t\t\t\t\/>\n\t\t\t<\/a>\n\t\t<\/div>\n\t\t\t\t\t\t\t<\/div>\n\t\t\t\n\t\t\n\t\t\t\t<div id=\"ngg-image-10\" class=\"ngg-gallery-thumbnail-box\"\n\t\t\t\t\t\t\t\t\t\t\t>\n\t\t\t\t\t\t<div class=\"ngg-gallery-thumbnail\">\n\t\t\t<a href=\"https:\/\/www.prouvy.be\/wp-content\/gallery\/un-beau-dimanche-a-prouvy-5\/dimanche_2011_12.JPG\"\n\t\t\t\ttitle=\" \"\n\t\t\t\tdata-src=\"https:\/\/www.prouvy.be\/wp-content\/gallery\/un-beau-dimanche-a-prouvy-5\/dimanche_2011_12.JPG\"\n\t\t\t\tdata-thumbnail=\"https:\/\/www.prouvy.be\/wp-content\/gallery\/un-beau-dimanche-a-prouvy-5\/thumbs\/thumbs_dimanche_2011_12.JPG\"\n\t\t\t\tdata-image-id=\"872\"\n\t\t\t\tdata-title=\"dimanche_2011_12\"\n\t\t\t\tdata-description=\" \"\n\t\t\t\tdata-image-slug=\"dimanche_2011_12\"\n\t\t\t\tclass=\"ngg-fancybox\" rel=\"0f8105529c8531c34255ee8a3a83450a\">\n\t\t\t\t<img\n\t\t\t\t\ttitle=\"dimanche_2011_12\"\n\t\t\t\t\talt=\"dimanche_2011_12\"\n\t\t\t\t\tsrc=\"https:\/\/www.prouvy.be\/wp-content\/gallery\/un-beau-dimanche-a-prouvy-5\/thumbs\/thumbs_dimanche_2011_12.JPG\"\n\t\t\t\t\twidth=\"120\"\n\t\t\t\t\theight=\"90\"\n\t\t\t\t\tstyle=\"max-width:100%;\"\n\t\t\t\t\/>\n\t\t\t<\/a>\n\t\t<\/div>\n\t\t\t\t\t\t\t<\/div>\n\t\t\t\n\t\t\n\t\t\t\t<div id=\"ngg-image-11\" class=\"ngg-gallery-thumbnail-box\"\n\t\t\t\t\t\t\t\t\t\t\t>\n\t\t\t\t\t\t<div class=\"ngg-gallery-thumbnail\">\n\t\t\t<a href=\"https:\/\/www.prouvy.be\/wp-content\/gallery\/un-beau-dimanche-a-prouvy-5\/dimanche_2011_01.JPG\"\n\t\t\t\ttitle=\"\"\n\t\t\t\tdata-src=\"https:\/\/www.prouvy.be\/wp-content\/gallery\/un-beau-dimanche-a-prouvy-5\/dimanche_2011_01.JPG\"\n\t\t\t\tdata-thumbnail=\"https:\/\/www.prouvy.be\/wp-content\/gallery\/un-beau-dimanche-a-prouvy-5\/thumbs\/thumbs_dimanche_2011_01.JPG\"\n\t\t\t\tdata-image-id=\"861\"\n\t\t\t\tdata-title=\"dimanche_2011_01\"\n\t\t\t\tdata-description=\"\"\n\t\t\t\tdata-image-slug=\"dimanche_2011_01\"\n\t\t\t\tclass=\"ngg-fancybox\" rel=\"0f8105529c8531c34255ee8a3a83450a\">\n\t\t\t\t<img\n\t\t\t\t\ttitle=\"dimanche_2011_01\"\n\t\t\t\t\talt=\"dimanche_2011_01\"\n\t\t\t\t\tsrc=\"https:\/\/www.prouvy.be\/wp-content\/gallery\/un-beau-dimanche-a-prouvy-5\/thumbs\/thumbs_dimanche_2011_01.JPG\"\n\t\t\t\t\twidth=\"120\"\n\t\t\t\t\theight=\"90\"\n\t\t\t\t\tstyle=\"max-width:100%;\"\n\t\t\t\t\/>\n\t\t\t<\/a>\n\t\t<\/div>\n\t\t\t\t\t\t\t<\/div>\n\t\t\t\n\t\t\n\t\t\t\t<div id=\"ngg-image-12\" class=\"ngg-gallery-thumbnail-box\"\n\t\t\t\t\t\t\t\t\t\t\t>\n\t\t\t\t\t\t<div class=\"ngg-gallery-thumbnail\">\n\t\t\t<a href=\"https:\/\/www.prouvy.be\/wp-content\/gallery\/un-beau-dimanche-a-prouvy-5\/dimanche_2011_10.JPG\"\n\t\t\t\ttitle=\" \"\n\t\t\t\tdata-src=\"https:\/\/www.prouvy.be\/wp-content\/gallery\/un-beau-dimanche-a-prouvy-5\/dimanche_2011_10.JPG\"\n\t\t\t\tdata-thumbnail=\"https:\/\/www.prouvy.be\/wp-content\/gallery\/un-beau-dimanche-a-prouvy-5\/thumbs\/thumbs_dimanche_2011_10.JPG\"\n\t\t\t\tdata-image-id=\"870\"\n\t\t\t\tdata-title=\"dimanche_2011_10\"\n\t\t\t\tdata-description=\" \"\n\t\t\t\tdata-image-slug=\"dimanche_2011_10\"\n\t\t\t\tclass=\"ngg-fancybox\" rel=\"0f8105529c8531c34255ee8a3a83450a\">\n\t\t\t\t<img\n\t\t\t\t\ttitle=\"dimanche_2011_10\"\n\t\t\t\t\talt=\"dimanche_2011_10\"\n\t\t\t\t\tsrc=\"https:\/\/www.prouvy.be\/wp-content\/gallery\/un-beau-dimanche-a-prouvy-5\/thumbs\/thumbs_dimanche_2011_10.JPG\"\n\t\t\t\t\twidth=\"120\"\n\t\t\t\t\theight=\"90\"\n\t\t\t\t\tstyle=\"max-width:100%;\"\n\t\t\t\t\/>\n\t\t\t<\/a>\n\t\t<\/div>\n\t\t\t\t\t\t\t<\/div>\n\t\t\t\n\t\t\n\t\t\t\t<div id=\"ngg-image-13\" class=\"ngg-gallery-thumbnail-box\"\n\t\t\t\t\t\t\t\t\t\t\t>\n\t\t\t\t\t\t<div class=\"ngg-gallery-thumbnail\">\n\t\t\t<a href=\"https:\/\/www.prouvy.be\/wp-content\/gallery\/un-beau-dimanche-a-prouvy-5\/dimanche_2011_09.JPG\"\n\t\t\t\ttitle=\" \"\n\t\t\t\tdata-src=\"https:\/\/www.prouvy.be\/wp-content\/gallery\/un-beau-dimanche-a-prouvy-5\/dimanche_2011_09.JPG\"\n\t\t\t\tdata-thumbnail=\"https:\/\/www.prouvy.be\/wp-content\/gallery\/un-beau-dimanche-a-prouvy-5\/thumbs\/thumbs_dimanche_2011_09.JPG\"\n\t\t\t\tdata-image-id=\"869\"\n\t\t\t\tdata-title=\"dimanche_2011_09\"\n\t\t\t\tdata-description=\" \"\n\t\t\t\tdata-image-slug=\"dimanche_2011_09\"\n\t\t\t\tclass=\"ngg-fancybox\" rel=\"0f8105529c8531c34255ee8a3a83450a\">\n\t\t\t\t<img\n\t\t\t\t\ttitle=\"dimanche_2011_09\"\n\t\t\t\t\talt=\"dimanche_2011_09\"\n\t\t\t\t\tsrc=\"https:\/\/www.prouvy.be\/wp-content\/gallery\/un-beau-dimanche-a-prouvy-5\/thumbs\/thumbs_dimanche_2011_09.JPG\"\n\t\t\t\t\twidth=\"120\"\n\t\t\t\t\theight=\"90\"\n\t\t\t\t\tstyle=\"max-width:100%;\"\n\t\t\t\t\/>\n\t\t\t<\/a>\n\t\t<\/div>\n\t\t\t\t\t\t\t<\/div>\n\t\t\t\n\t\t\n\t\t\t\t<div id=\"ngg-image-14\" class=\"ngg-gallery-thumbnail-box\"\n\t\t\t\t\t\t\t\t\t\t\t>\n\t\t\t\t\t\t<div class=\"ngg-gallery-thumbnail\">\n\t\t\t<a href=\"https:\/\/www.prouvy.be\/wp-content\/gallery\/un-beau-dimanche-a-prouvy-5\/dimanche_2011_08.JPG\"\n\t\t\t\ttitle=\" \"\n\t\t\t\tdata-src=\"https:\/\/www.prouvy.be\/wp-content\/gallery\/un-beau-dimanche-a-prouvy-5\/dimanche_2011_08.JPG\"\n\t\t\t\tdata-thumbnail=\"https:\/\/www.prouvy.be\/wp-content\/gallery\/un-beau-dimanche-a-prouvy-5\/thumbs\/thumbs_dimanche_2011_08.JPG\"\n\t\t\t\tdata-image-id=\"868\"\n\t\t\t\tdata-title=\"dimanche_2011_08\"\n\t\t\t\tdata-description=\" \"\n\t\t\t\tdata-image-slug=\"dimanche_2011_08\"\n\t\t\t\tclass=\"ngg-fancybox\" rel=\"0f8105529c8531c34255ee8a3a83450a\">\n\t\t\t\t<img\n\t\t\t\t\ttitle=\"dimanche_2011_08\"\n\t\t\t\t\talt=\"dimanche_2011_08\"\n\t\t\t\t\tsrc=\"https:\/\/www.prouvy.be\/wp-content\/gallery\/un-beau-dimanche-a-prouvy-5\/thumbs\/thumbs_dimanche_2011_08.JPG\"\n\t\t\t\t\twidth=\"120\"\n\t\t\t\t\theight=\"90\"\n\t\t\t\t\tstyle=\"max-width:100%;\"\n\t\t\t\t\/>\n\t\t\t<\/a>\n\t\t<\/div>\n\t\t\t\t\t\t\t<\/div>\n\t\t\t\n\t\t\n\t\t\t\t<div id=\"ngg-image-15\" class=\"ngg-gallery-thumbnail-box\"\n\t\t\t\t\t\t\t\t\t\t\t>\n\t\t\t\t\t\t<div class=\"ngg-gallery-thumbnail\">\n\t\t\t<a href=\"https:\/\/www.prouvy.be\/wp-content\/gallery\/un-beau-dimanche-a-prouvy-5\/dimanche_2011_07.JPG\"\n\t\t\t\ttitle=\" \"\n\t\t\t\tdata-src=\"https:\/\/www.prouvy.be\/wp-content\/gallery\/un-beau-dimanche-a-prouvy-5\/dimanche_2011_07.JPG\"\n\t\t\t\tdata-thumbnail=\"https:\/\/www.prouvy.be\/wp-content\/gallery\/un-beau-dimanche-a-prouvy-5\/thumbs\/thumbs_dimanche_2011_07.JPG\"\n\t\t\t\tdata-image-id=\"867\"\n\t\t\t\tdata-title=\"dimanche_2011_07\"\n\t\t\t\tdata-description=\" \"\n\t\t\t\tdata-image-slug=\"dimanche_2011_07\"\n\t\t\t\tclass=\"ngg-fancybox\" rel=\"0f8105529c8531c34255ee8a3a83450a\">\n\t\t\t\t<img\n\t\t\t\t\ttitle=\"dimanche_2011_07\"\n\t\t\t\t\talt=\"dimanche_2011_07\"\n\t\t\t\t\tsrc=\"https:\/\/www.prouvy.be\/wp-content\/gallery\/un-beau-dimanche-a-prouvy-5\/thumbs\/thumbs_dimanche_2011_07.JPG\"\n\t\t\t\t\twidth=\"120\"\n\t\t\t\t\theight=\"90\"\n\t\t\t\t\tstyle=\"max-width:100%;\"\n\t\t\t\t\/>\n\t\t\t<\/a>\n\t\t<\/div>\n\t\t\t\t\t\t\t<\/div>\n\t\t\t\n\t\t\n\t\t\t\t<div id=\"ngg-image-16\" class=\"ngg-gallery-thumbnail-box\"\n\t\t\t\t\t\t\t\t\t\t\t>\n\t\t\t\t\t\t<div class=\"ngg-gallery-thumbnail\">\n\t\t\t<a href=\"https:\/\/www.prouvy.be\/wp-content\/gallery\/un-beau-dimanche-a-prouvy-5\/dimanche_2011_06.JPG\"\n\t\t\t\ttitle=\" \"\n\t\t\t\tdata-src=\"https:\/\/www.prouvy.be\/wp-content\/gallery\/un-beau-dimanche-a-prouvy-5\/dimanche_2011_06.JPG\"\n\t\t\t\tdata-thumbnail=\"https:\/\/www.prouvy.be\/wp-content\/gallery\/un-beau-dimanche-a-prouvy-5\/thumbs\/thumbs_dimanche_2011_06.JPG\"\n\t\t\t\tdata-image-id=\"866\"\n\t\t\t\tdata-title=\"dimanche_2011_06\"\n\t\t\t\tdata-description=\" \"\n\t\t\t\tdata-image-slug=\"dimanche_2011_06\"\n\t\t\t\tclass=\"ngg-fancybox\" rel=\"0f8105529c8531c34255ee8a3a83450a\">\n\t\t\t\t<img\n\t\t\t\t\ttitle=\"dimanche_2011_06\"\n\t\t\t\t\talt=\"dimanche_2011_06\"\n\t\t\t\t\tsrc=\"https:\/\/www.prouvy.be\/wp-content\/gallery\/un-beau-dimanche-a-prouvy-5\/thumbs\/thumbs_dimanche_2011_06.JPG\"\n\t\t\t\t\twidth=\"120\"\n\t\t\t\t\theight=\"90\"\n\t\t\t\t\tstyle=\"max-width:100%;\"\n\t\t\t\t\/>\n\t\t\t<\/a>\n\t\t<\/div>\n\t\t\t\t\t\t\t<\/div>\n\t\t\t\n\t\t\n\t\t\t\t<div id=\"ngg-image-17\" class=\"ngg-gallery-thumbnail-box\"\n\t\t\t\t\t\t\t\t\t\t\t>\n\t\t\t\t\t\t<div class=\"ngg-gallery-thumbnail\">\n\t\t\t<a href=\"https:\/\/www.prouvy.be\/wp-content\/gallery\/un-beau-dimanche-a-prouvy-5\/dimanche_2011_05.JPG\"\n\t\t\t\ttitle=\" \"\n\t\t\t\tdata-src=\"https:\/\/www.prouvy.be\/wp-content\/gallery\/un-beau-dimanche-a-prouvy-5\/dimanche_2011_05.JPG\"\n\t\t\t\tdata-thumbnail=\"https:\/\/www.prouvy.be\/wp-content\/gallery\/un-beau-dimanche-a-prouvy-5\/thumbs\/thumbs_dimanche_2011_05.JPG\"\n\t\t\t\tdata-image-id=\"865\"\n\t\t\t\tdata-title=\"dimanche_2011_05\"\n\t\t\t\tdata-description=\" \"\n\t\t\t\tdata-image-slug=\"dimanche_2011_05\"\n\t\t\t\tclass=\"ngg-fancybox\" rel=\"0f8105529c8531c34255ee8a3a83450a\">\n\t\t\t\t<img\n\t\t\t\t\ttitle=\"dimanche_2011_05\"\n\t\t\t\t\talt=\"dimanche_2011_05\"\n\t\t\t\t\tsrc=\"https:\/\/www.prouvy.be\/wp-content\/gallery\/un-beau-dimanche-a-prouvy-5\/thumbs\/thumbs_dimanche_2011_05.JPG\"\n\t\t\t\t\twidth=\"120\"\n\t\t\t\t\theight=\"90\"\n\t\t\t\t\tstyle=\"max-width:100%;\"\n\t\t\t\t\/>\n\t\t\t<\/a>\n\t\t<\/div>\n\t\t\t\t\t\t\t<\/div>\n\t\t\t\n\t\t\n\t\t\t\t<div id=\"ngg-image-18\" class=\"ngg-gallery-thumbnail-box\"\n\t\t\t\t\t\t\t\t\t\t\t>\n\t\t\t\t\t\t<div class=\"ngg-gallery-thumbnail\">\n\t\t\t<a href=\"https:\/\/www.prouvy.be\/wp-content\/gallery\/un-beau-dimanche-a-prouvy-5\/dimanche_2011_04.JPG\"\n\t\t\t\ttitle=\" \"\n\t\t\t\tdata-src=\"https:\/\/www.prouvy.be\/wp-content\/gallery\/un-beau-dimanche-a-prouvy-5\/dimanche_2011_04.JPG\"\n\t\t\t\tdata-thumbnail=\"https:\/\/www.prouvy.be\/wp-content\/gallery\/un-beau-dimanche-a-prouvy-5\/thumbs\/thumbs_dimanche_2011_04.JPG\"\n\t\t\t\tdata-image-id=\"864\"\n\t\t\t\tdata-title=\"dimanche_2011_04\"\n\t\t\t\tdata-description=\" \"\n\t\t\t\tdata-image-slug=\"dimanche_2011_04\"\n\t\t\t\tclass=\"ngg-fancybox\" rel=\"0f8105529c8531c34255ee8a3a83450a\">\n\t\t\t\t<img\n\t\t\t\t\ttitle=\"dimanche_2011_04\"\n\t\t\t\t\talt=\"dimanche_2011_04\"\n\t\t\t\t\tsrc=\"https:\/\/www.prouvy.be\/wp-content\/gallery\/un-beau-dimanche-a-prouvy-5\/thumbs\/thumbs_dimanche_2011_04.JPG\"\n\t\t\t\t\twidth=\"120\"\n\t\t\t\t\theight=\"90\"\n\t\t\t\t\tstyle=\"max-width:100%;\"\n\t\t\t\t\/>\n\t\t\t<\/a>\n\t\t<\/div>\n\t\t\t\t\t\t\t<\/div>\n\t\t\t\n\t\t\n\t\t\t\t<div id=\"ngg-image-19\" class=\"ngg-gallery-thumbnail-box\"\n\t\t\t\t\t\t\t\t\t\t\t>\n\t\t\t\t\t\t<div class=\"ngg-gallery-thumbnail\">\n\t\t\t<a href=\"https:\/\/www.prouvy.be\/wp-content\/gallery\/un-beau-dimanche-a-prouvy-5\/dimanche_2011_03.JPG\"\n\t\t\t\ttitle=\" \"\n\t\t\t\tdata-src=\"https:\/\/www.prouvy.be\/wp-content\/gallery\/un-beau-dimanche-a-prouvy-5\/dimanche_2011_03.JPG\"\n\t\t\t\tdata-thumbnail=\"https:\/\/www.prouvy.be\/wp-content\/gallery\/un-beau-dimanche-a-prouvy-5\/thumbs\/thumbs_dimanche_2011_03.JPG\"\n\t\t\t\tdata-image-id=\"863\"\n\t\t\t\tdata-title=\"dimanche_2011_03\"\n\t\t\t\tdata-description=\" \"\n\t\t\t\tdata-image-slug=\"dimanche_2011_03\"\n\t\t\t\tclass=\"ngg-fancybox\" rel=\"0f8105529c8531c34255ee8a3a83450a\">\n\t\t\t\t<img\n\t\t\t\t\ttitle=\"dimanche_2011_03\"\n\t\t\t\t\talt=\"dimanche_2011_03\"\n\t\t\t\t\tsrc=\"https:\/\/www.prouvy.be\/wp-content\/gallery\/un-beau-dimanche-a-prouvy-5\/thumbs\/thumbs_dimanche_2011_03.JPG\"\n\t\t\t\t\twidth=\"120\"\n\t\t\t\t\theight=\"90\"\n\t\t\t\t\tstyle=\"max-width:100%;\"\n\t\t\t\t\/>\n\t\t\t<\/a>\n\t\t<\/div>\n\t\t\t\t\t\t\t<\/div>\n\t\t\t\n\t\t\n\t\t\n\t\t<!-- Pagination -->\n\t\t<div class='ngg-navigation'><span class='current'>1<\/span>\n<a class='page-numbers' data-pageid='2' href='https:\/\/www.prouvy.be\/index.php\/nggallery\/page\/2?page_id=2516'>2<\/a>\n<a class='prev' href='https:\/\/www.prouvy.be\/index.php\/nggallery\/page\/2?page_id=2516' data-pageid=2>&#9658;<\/a><\/div>\t<\/div>\n<\/p>\n","protected":false},"excerpt":{"rendered":"<p>Nous avons \u00e0 nouveau pu b\u00e9n\u00e9ficier d\u2019une belle journ\u00e9e ensoleill\u00e9e pour cette seconde \u00e9dition du \u201cBeau Dimanche \u00e0 Prouvy\u201d. D\u00e8s 10 heures, un impressionnant groupe de marcheurs s\u2019est balad\u00e9 dans nos campagnes pour un tour d\u2019environ 5 kilom\u00e8tres. De quoi se mettre en app\u00e9tit pour l\u2019ap\u00e9ro et le barbecue. Merci \u00e0 Albert pour son travail &hellip; <a href=\"https:\/\/www.prouvy.be\/?page_id=2516\" class=\"more-link\">Continuer la lecture de <span class=\"screen-reader-text\">Un Beau Dimanche \u00e0 Prouvy<\/span>  <span class=\"meta-nav\">&rarr;<\/span><\/a><\/p>\n","protected":false},"author":1,"featured_media":2562,"parent":2347,"menu_order":0,"comment_status":"open","ping_status":"open","template":"","meta":{"ngg_post_thumbnail":0,"footnotes":""},"class_list":["post-2516","page","type-page","status-publish","has-post-thumbnail","hentry"],"post_mailing_queue_ids":[],"_links":{"self":[{"href":"https:\/\/www.prouvy.be\/index.php?rest_route=\/wp\/v2\/pages\/2516","targetHints":{"allow":["GET"]}}],"collection":[{"href":"https:\/\/www.prouvy.be\/index.php?rest_route=\/wp\/v2\/pages"}],"about":[{"href":"https:\/\/www.prouvy.be\/index.php?rest_route=\/wp\/v2\/types\/page"}],"author":[{"embeddable":true,"href":"https:\/\/www.prouvy.be\/index.php?rest_route=\/wp\/v2\/users\/1"}],"replies":[{"embeddable":true,"href":"https:\/\/www.prouvy.be\/index.php?rest_route=%2Fwp%2Fv2%2Fcomments&post=2516"}],"version-history":[{"count":1,"href":"https:\/\/www.prouvy.be\/index.php?rest_route=\/wp\/v2\/pages\/2516\/revisions"}],"predecessor-version":[{"id":2563,"href":"https:\/\/www.prouvy.be\/index.php?rest_route=\/wp\/v2\/pages\/2516\/revisions\/2563"}],"up":[{"embeddable":true,"href":"https:\/\/www.prouvy.be\/index.php?rest_route=\/wp\/v2\/pages\/2347"}],"wp:featuredmedia":[{"embeddable":true,"href":"https:\/\/www.prouvy.be\/index.php?rest_route=\/wp\/v2\/media\/2562"}],"wp:attachment":[{"href":"https:\/\/www.prouvy.be\/index.php?rest_route=%2Fwp%2Fv2%2Fmedia&parent=2516"}],"curies":[{"name":"wp","href":"https:\/\/api.w.org\/{rel}","templated":true}]}}