{"id":2478,"date":"2014-11-27T23:25:05","date_gmt":"2014-11-27T21:25:05","guid":{"rendered":"http:\/\/new.prouvy.be\/?page_id=2478"},"modified":"2014-11-27T23:25:36","modified_gmt":"2014-11-27T21:25:36","slug":"allure-libre-de-gaume-a-prouvy","status":"publish","type":"page","link":"https:\/\/www.prouvy.be\/?page_id=2478","title":{"rendered":"Allure libre de Gaume \u00e0 Prouvy"},"content":{"rendered":"<div id=\"fb-root\"><\/div>\n<p>Malgr\u00e9 une pluie qui s\u2018\u00e9tait invit\u00e9e t\u00f4t le matin et jusqu\u2018\u00e0 l\u2019heure du d\u00e9part, environ 430 courageux (dont +\/- 15 enfants) se sont inscrits \u00e0 cette manche Provon\u00e7oise des allures libres de Gaume. Le coup de r\u00e9volver de d\u00e9part aura probablement chass\u00e9 les derniers nuages pour ensuite faire place \u00e0 un soleil radieux.<br \/>\nVous pouvez retrouver plusieurs centaines d\u2019autres photos sur le site\u00a0<a href=\"http:\/\/www.kilometres-21.com\/\" target=\"_blank\">www.kilometres-21.com <\/a>. Merci \u00e0 leur concepteur.<\/p>\n<p><!-- index.php -->\n<div\n\tclass=\"ngg-galleryoverview\n\t ngg-ajax-pagination-none\t\"\n\tid=\"ngg-gallery-4559d21b9df369956e2b213d12f154f7-1\">\n\n\t\t<div class=\"slideshowlink\">\n\t\t<a href='https:\/\/www.prouvy.be\/index.php\/nggallery\/slideshow?page_id=2478'>[Show slideshow]<\/a>\n\n\t<\/div>\n\t\t\t<!-- Thumbnails -->\n\t\t\t\t<div id=\"ngg-image-0\" class=\"ngg-gallery-thumbnail-box\"\n\t\t\t\t\t\t\t\t\t\t\t>\n\t\t\t\t\t\t<div class=\"ngg-gallery-thumbnail\">\n\t\t\t<a href=\"https:\/\/www.prouvy.be\/wp-content\/gallery\/allure-libre-de-gaume-a-prouvy\/allure_2011_01.jpg\"\n\t\t\t\ttitle=\"\"\n\t\t\t\tdata-src=\"https:\/\/www.prouvy.be\/wp-content\/gallery\/allure-libre-de-gaume-a-prouvy\/allure_2011_01.jpg\"\n\t\t\t\tdata-thumbnail=\"https:\/\/www.prouvy.be\/wp-content\/gallery\/allure-libre-de-gaume-a-prouvy\/thumbs\/thumbs_allure_2011_01.jpg\"\n\t\t\t\tdata-image-id=\"845\"\n\t\t\t\tdata-title=\"allure_2011_01\"\n\t\t\t\tdata-description=\"\"\n\t\t\t\tdata-image-slug=\"allure_2011_01\"\n\t\t\t\tclass=\"ngg-fancybox\" rel=\"4559d21b9df369956e2b213d12f154f7\">\n\t\t\t\t<img\n\t\t\t\t\ttitle=\"allure_2011_01\"\n\t\t\t\t\talt=\"allure_2011_01\"\n\t\t\t\t\tsrc=\"https:\/\/www.prouvy.be\/wp-content\/gallery\/allure-libre-de-gaume-a-prouvy\/thumbs\/thumbs_allure_2011_01.jpg\"\n\t\t\t\t\twidth=\"120\"\n\t\t\t\t\theight=\"90\"\n\t\t\t\t\tstyle=\"max-width:100%;\"\n\t\t\t\t\/>\n\t\t\t<\/a>\n\t\t<\/div>\n\t\t\t\t\t\t\t<\/div>\n\t\t\t\n\t\t\n\t\t\t\t<div id=\"ngg-image-1\" class=\"ngg-gallery-thumbnail-box\"\n\t\t\t\t\t\t\t\t\t\t\t>\n\t\t\t\t\t\t<div class=\"ngg-gallery-thumbnail\">\n\t\t\t<a href=\"https:\/\/www.prouvy.be\/wp-content\/gallery\/allure-libre-de-gaume-a-prouvy\/allure_2011_02.jpg\"\n\t\t\t\ttitle=\" \"\n\t\t\t\tdata-src=\"https:\/\/www.prouvy.be\/wp-content\/gallery\/allure-libre-de-gaume-a-prouvy\/allure_2011_02.jpg\"\n\t\t\t\tdata-thumbnail=\"https:\/\/www.prouvy.be\/wp-content\/gallery\/allure-libre-de-gaume-a-prouvy\/thumbs\/thumbs_allure_2011_02.jpg\"\n\t\t\t\tdata-image-id=\"846\"\n\t\t\t\tdata-title=\"allure_2011_02\"\n\t\t\t\tdata-description=\" \"\n\t\t\t\tdata-image-slug=\"allure_2011_02\"\n\t\t\t\tclass=\"ngg-fancybox\" rel=\"4559d21b9df369956e2b213d12f154f7\">\n\t\t\t\t<img\n\t\t\t\t\ttitle=\"allure_2011_02\"\n\t\t\t\t\talt=\"allure_2011_02\"\n\t\t\t\t\tsrc=\"https:\/\/www.prouvy.be\/wp-content\/gallery\/allure-libre-de-gaume-a-prouvy\/thumbs\/thumbs_allure_2011_02.jpg\"\n\t\t\t\t\twidth=\"120\"\n\t\t\t\t\theight=\"90\"\n\t\t\t\t\tstyle=\"max-width:100%;\"\n\t\t\t\t\/>\n\t\t\t<\/a>\n\t\t<\/div>\n\t\t\t\t\t\t\t<\/div>\n\t\t\t\n\t\t\n\t\t\t\t<div id=\"ngg-image-2\" class=\"ngg-gallery-thumbnail-box\"\n\t\t\t\t\t\t\t\t\t\t\t>\n\t\t\t\t\t\t<div class=\"ngg-gallery-thumbnail\">\n\t\t\t<a href=\"https:\/\/www.prouvy.be\/wp-content\/gallery\/allure-libre-de-gaume-a-prouvy\/allure_2011_03.jpg\"\n\t\t\t\ttitle=\" \"\n\t\t\t\tdata-src=\"https:\/\/www.prouvy.be\/wp-content\/gallery\/allure-libre-de-gaume-a-prouvy\/allure_2011_03.jpg\"\n\t\t\t\tdata-thumbnail=\"https:\/\/www.prouvy.be\/wp-content\/gallery\/allure-libre-de-gaume-a-prouvy\/thumbs\/thumbs_allure_2011_03.jpg\"\n\t\t\t\tdata-image-id=\"847\"\n\t\t\t\tdata-title=\"allure_2011_03\"\n\t\t\t\tdata-description=\" \"\n\t\t\t\tdata-image-slug=\"allure_2011_03\"\n\t\t\t\tclass=\"ngg-fancybox\" rel=\"4559d21b9df369956e2b213d12f154f7\">\n\t\t\t\t<img\n\t\t\t\t\ttitle=\"allure_2011_03\"\n\t\t\t\t\talt=\"allure_2011_03\"\n\t\t\t\t\tsrc=\"https:\/\/www.prouvy.be\/wp-content\/gallery\/allure-libre-de-gaume-a-prouvy\/thumbs\/thumbs_allure_2011_03.jpg\"\n\t\t\t\t\twidth=\"120\"\n\t\t\t\t\theight=\"90\"\n\t\t\t\t\tstyle=\"max-width:100%;\"\n\t\t\t\t\/>\n\t\t\t<\/a>\n\t\t<\/div>\n\t\t\t\t\t\t\t<\/div>\n\t\t\t\n\t\t\n\t\t\t\t<div id=\"ngg-image-3\" class=\"ngg-gallery-thumbnail-box\"\n\t\t\t\t\t\t\t\t\t\t\t>\n\t\t\t\t\t\t<div class=\"ngg-gallery-thumbnail\">\n\t\t\t<a href=\"https:\/\/www.prouvy.be\/wp-content\/gallery\/allure-libre-de-gaume-a-prouvy\/allure_2011_04.jpg\"\n\t\t\t\ttitle=\" \"\n\t\t\t\tdata-src=\"https:\/\/www.prouvy.be\/wp-content\/gallery\/allure-libre-de-gaume-a-prouvy\/allure_2011_04.jpg\"\n\t\t\t\tdata-thumbnail=\"https:\/\/www.prouvy.be\/wp-content\/gallery\/allure-libre-de-gaume-a-prouvy\/thumbs\/thumbs_allure_2011_04.jpg\"\n\t\t\t\tdata-image-id=\"848\"\n\t\t\t\tdata-title=\"allure_2011_04\"\n\t\t\t\tdata-description=\" \"\n\t\t\t\tdata-image-slug=\"allure_2011_04\"\n\t\t\t\tclass=\"ngg-fancybox\" rel=\"4559d21b9df369956e2b213d12f154f7\">\n\t\t\t\t<img\n\t\t\t\t\ttitle=\"allure_2011_04\"\n\t\t\t\t\talt=\"allure_2011_04\"\n\t\t\t\t\tsrc=\"https:\/\/www.prouvy.be\/wp-content\/gallery\/allure-libre-de-gaume-a-prouvy\/thumbs\/thumbs_allure_2011_04.jpg\"\n\t\t\t\t\twidth=\"120\"\n\t\t\t\t\theight=\"90\"\n\t\t\t\t\tstyle=\"max-width:100%;\"\n\t\t\t\t\/>\n\t\t\t<\/a>\n\t\t<\/div>\n\t\t\t\t\t\t\t<\/div>\n\t\t\t\n\t\t\n\t\t\t\t<div id=\"ngg-image-4\" class=\"ngg-gallery-thumbnail-box\"\n\t\t\t\t\t\t\t\t\t\t\t>\n\t\t\t\t\t\t<div class=\"ngg-gallery-thumbnail\">\n\t\t\t<a href=\"https:\/\/www.prouvy.be\/wp-content\/gallery\/allure-libre-de-gaume-a-prouvy\/allure_2011_05.jpg\"\n\t\t\t\ttitle=\" \"\n\t\t\t\tdata-src=\"https:\/\/www.prouvy.be\/wp-content\/gallery\/allure-libre-de-gaume-a-prouvy\/allure_2011_05.jpg\"\n\t\t\t\tdata-thumbnail=\"https:\/\/www.prouvy.be\/wp-content\/gallery\/allure-libre-de-gaume-a-prouvy\/thumbs\/thumbs_allure_2011_05.jpg\"\n\t\t\t\tdata-image-id=\"849\"\n\t\t\t\tdata-title=\"allure_2011_05\"\n\t\t\t\tdata-description=\" \"\n\t\t\t\tdata-image-slug=\"allure_2011_05\"\n\t\t\t\tclass=\"ngg-fancybox\" rel=\"4559d21b9df369956e2b213d12f154f7\">\n\t\t\t\t<img\n\t\t\t\t\ttitle=\"allure_2011_05\"\n\t\t\t\t\talt=\"allure_2011_05\"\n\t\t\t\t\tsrc=\"https:\/\/www.prouvy.be\/wp-content\/gallery\/allure-libre-de-gaume-a-prouvy\/thumbs\/thumbs_allure_2011_05.jpg\"\n\t\t\t\t\twidth=\"120\"\n\t\t\t\t\theight=\"90\"\n\t\t\t\t\tstyle=\"max-width:100%;\"\n\t\t\t\t\/>\n\t\t\t<\/a>\n\t\t<\/div>\n\t\t\t\t\t\t\t<\/div>\n\t\t\t\n\t\t\n\t\t\t\t<div id=\"ngg-image-5\" class=\"ngg-gallery-thumbnail-box\"\n\t\t\t\t\t\t\t\t\t\t\t>\n\t\t\t\t\t\t<div class=\"ngg-gallery-thumbnail\">\n\t\t\t<a href=\"https:\/\/www.prouvy.be\/wp-content\/gallery\/allure-libre-de-gaume-a-prouvy\/allure_2011_06.jpg\"\n\t\t\t\ttitle=\" \"\n\t\t\t\tdata-src=\"https:\/\/www.prouvy.be\/wp-content\/gallery\/allure-libre-de-gaume-a-prouvy\/allure_2011_06.jpg\"\n\t\t\t\tdata-thumbnail=\"https:\/\/www.prouvy.be\/wp-content\/gallery\/allure-libre-de-gaume-a-prouvy\/thumbs\/thumbs_allure_2011_06.jpg\"\n\t\t\t\tdata-image-id=\"850\"\n\t\t\t\tdata-title=\"allure_2011_06\"\n\t\t\t\tdata-description=\" \"\n\t\t\t\tdata-image-slug=\"allure_2011_06\"\n\t\t\t\tclass=\"ngg-fancybox\" rel=\"4559d21b9df369956e2b213d12f154f7\">\n\t\t\t\t<img\n\t\t\t\t\ttitle=\"allure_2011_06\"\n\t\t\t\t\talt=\"allure_2011_06\"\n\t\t\t\t\tsrc=\"https:\/\/www.prouvy.be\/wp-content\/gallery\/allure-libre-de-gaume-a-prouvy\/thumbs\/thumbs_allure_2011_06.jpg\"\n\t\t\t\t\twidth=\"120\"\n\t\t\t\t\theight=\"90\"\n\t\t\t\t\tstyle=\"max-width:100%;\"\n\t\t\t\t\/>\n\t\t\t<\/a>\n\t\t<\/div>\n\t\t\t\t\t\t\t<\/div>\n\t\t\t\n\t\t\n\t\t\t\t<div id=\"ngg-image-6\" class=\"ngg-gallery-thumbnail-box\"\n\t\t\t\t\t\t\t\t\t\t\t>\n\t\t\t\t\t\t<div class=\"ngg-gallery-thumbnail\">\n\t\t\t<a href=\"https:\/\/www.prouvy.be\/wp-content\/gallery\/allure-libre-de-gaume-a-prouvy\/allure_2011_07.jpg\"\n\t\t\t\ttitle=\" \"\n\t\t\t\tdata-src=\"https:\/\/www.prouvy.be\/wp-content\/gallery\/allure-libre-de-gaume-a-prouvy\/allure_2011_07.jpg\"\n\t\t\t\tdata-thumbnail=\"https:\/\/www.prouvy.be\/wp-content\/gallery\/allure-libre-de-gaume-a-prouvy\/thumbs\/thumbs_allure_2011_07.jpg\"\n\t\t\t\tdata-image-id=\"851\"\n\t\t\t\tdata-title=\"allure_2011_07\"\n\t\t\t\tdata-description=\" \"\n\t\t\t\tdata-image-slug=\"allure_2011_07\"\n\t\t\t\tclass=\"ngg-fancybox\" rel=\"4559d21b9df369956e2b213d12f154f7\">\n\t\t\t\t<img\n\t\t\t\t\ttitle=\"allure_2011_07\"\n\t\t\t\t\talt=\"allure_2011_07\"\n\t\t\t\t\tsrc=\"https:\/\/www.prouvy.be\/wp-content\/gallery\/allure-libre-de-gaume-a-prouvy\/thumbs\/thumbs_allure_2011_07.jpg\"\n\t\t\t\t\twidth=\"120\"\n\t\t\t\t\theight=\"90\"\n\t\t\t\t\tstyle=\"max-width:100%;\"\n\t\t\t\t\/>\n\t\t\t<\/a>\n\t\t<\/div>\n\t\t\t\t\t\t\t<\/div>\n\t\t\t\n\t\t\n\t\t\t\t<div id=\"ngg-image-7\" class=\"ngg-gallery-thumbnail-box\"\n\t\t\t\t\t\t\t\t\t\t\t>\n\t\t\t\t\t\t<div class=\"ngg-gallery-thumbnail\">\n\t\t\t<a href=\"https:\/\/www.prouvy.be\/wp-content\/gallery\/allure-libre-de-gaume-a-prouvy\/allure_2011_08.jpg\"\n\t\t\t\ttitle=\" \"\n\t\t\t\tdata-src=\"https:\/\/www.prouvy.be\/wp-content\/gallery\/allure-libre-de-gaume-a-prouvy\/allure_2011_08.jpg\"\n\t\t\t\tdata-thumbnail=\"https:\/\/www.prouvy.be\/wp-content\/gallery\/allure-libre-de-gaume-a-prouvy\/thumbs\/thumbs_allure_2011_08.jpg\"\n\t\t\t\tdata-image-id=\"852\"\n\t\t\t\tdata-title=\"allure_2011_08\"\n\t\t\t\tdata-description=\" \"\n\t\t\t\tdata-image-slug=\"allure_2011_08\"\n\t\t\t\tclass=\"ngg-fancybox\" rel=\"4559d21b9df369956e2b213d12f154f7\">\n\t\t\t\t<img\n\t\t\t\t\ttitle=\"allure_2011_08\"\n\t\t\t\t\talt=\"allure_2011_08\"\n\t\t\t\t\tsrc=\"https:\/\/www.prouvy.be\/wp-content\/gallery\/allure-libre-de-gaume-a-prouvy\/thumbs\/thumbs_allure_2011_08.jpg\"\n\t\t\t\t\twidth=\"120\"\n\t\t\t\t\theight=\"90\"\n\t\t\t\t\tstyle=\"max-width:100%;\"\n\t\t\t\t\/>\n\t\t\t<\/a>\n\t\t<\/div>\n\t\t\t\t\t\t\t<\/div>\n\t\t\t\n\t\t\n\t\t\t\t<div id=\"ngg-image-8\" class=\"ngg-gallery-thumbnail-box\"\n\t\t\t\t\t\t\t\t\t\t\t>\n\t\t\t\t\t\t<div class=\"ngg-gallery-thumbnail\">\n\t\t\t<a href=\"https:\/\/www.prouvy.be\/wp-content\/gallery\/allure-libre-de-gaume-a-prouvy\/allure_2011_09.JPG\"\n\t\t\t\ttitle=\" \"\n\t\t\t\tdata-src=\"https:\/\/www.prouvy.be\/wp-content\/gallery\/allure-libre-de-gaume-a-prouvy\/allure_2011_09.JPG\"\n\t\t\t\tdata-thumbnail=\"https:\/\/www.prouvy.be\/wp-content\/gallery\/allure-libre-de-gaume-a-prouvy\/thumbs\/thumbs_allure_2011_09.JPG\"\n\t\t\t\tdata-image-id=\"853\"\n\t\t\t\tdata-title=\"allure_2011_09\"\n\t\t\t\tdata-description=\" \"\n\t\t\t\tdata-image-slug=\"allure_2011_09\"\n\t\t\t\tclass=\"ngg-fancybox\" rel=\"4559d21b9df369956e2b213d12f154f7\">\n\t\t\t\t<img\n\t\t\t\t\ttitle=\"allure_2011_09\"\n\t\t\t\t\talt=\"allure_2011_09\"\n\t\t\t\t\tsrc=\"https:\/\/www.prouvy.be\/wp-content\/gallery\/allure-libre-de-gaume-a-prouvy\/thumbs\/thumbs_allure_2011_09.JPG\"\n\t\t\t\t\twidth=\"120\"\n\t\t\t\t\theight=\"90\"\n\t\t\t\t\tstyle=\"max-width:100%;\"\n\t\t\t\t\/>\n\t\t\t<\/a>\n\t\t<\/div>\n\t\t\t\t\t\t\t<\/div>\n\t\t\t\n\t\t\n\t\t\t\t<div id=\"ngg-image-9\" class=\"ngg-gallery-thumbnail-box\"\n\t\t\t\t\t\t\t\t\t\t\t>\n\t\t\t\t\t\t<div class=\"ngg-gallery-thumbnail\">\n\t\t\t<a href=\"https:\/\/www.prouvy.be\/wp-content\/gallery\/allure-libre-de-gaume-a-prouvy\/allure_2011_10.JPG\"\n\t\t\t\ttitle=\" \"\n\t\t\t\tdata-src=\"https:\/\/www.prouvy.be\/wp-content\/gallery\/allure-libre-de-gaume-a-prouvy\/allure_2011_10.JPG\"\n\t\t\t\tdata-thumbnail=\"https:\/\/www.prouvy.be\/wp-content\/gallery\/allure-libre-de-gaume-a-prouvy\/thumbs\/thumbs_allure_2011_10.JPG\"\n\t\t\t\tdata-image-id=\"854\"\n\t\t\t\tdata-title=\"allure_2011_10\"\n\t\t\t\tdata-description=\" \"\n\t\t\t\tdata-image-slug=\"allure_2011_10\"\n\t\t\t\tclass=\"ngg-fancybox\" rel=\"4559d21b9df369956e2b213d12f154f7\">\n\t\t\t\t<img\n\t\t\t\t\ttitle=\"allure_2011_10\"\n\t\t\t\t\talt=\"allure_2011_10\"\n\t\t\t\t\tsrc=\"https:\/\/www.prouvy.be\/wp-content\/gallery\/allure-libre-de-gaume-a-prouvy\/thumbs\/thumbs_allure_2011_10.JPG\"\n\t\t\t\t\twidth=\"120\"\n\t\t\t\t\theight=\"90\"\n\t\t\t\t\tstyle=\"max-width:100%;\"\n\t\t\t\t\/>\n\t\t\t<\/a>\n\t\t<\/div>\n\t\t\t\t\t\t\t<\/div>\n\t\t\t\n\t\t\n\t\t\t\t<div id=\"ngg-image-10\" class=\"ngg-gallery-thumbnail-box\"\n\t\t\t\t\t\t\t\t\t\t\t>\n\t\t\t\t\t\t<div class=\"ngg-gallery-thumbnail\">\n\t\t\t<a href=\"https:\/\/www.prouvy.be\/wp-content\/gallery\/allure-libre-de-gaume-a-prouvy\/allure_2011_11.jpg\"\n\t\t\t\ttitle=\" \"\n\t\t\t\tdata-src=\"https:\/\/www.prouvy.be\/wp-content\/gallery\/allure-libre-de-gaume-a-prouvy\/allure_2011_11.jpg\"\n\t\t\t\tdata-thumbnail=\"https:\/\/www.prouvy.be\/wp-content\/gallery\/allure-libre-de-gaume-a-prouvy\/thumbs\/thumbs_allure_2011_11.jpg\"\n\t\t\t\tdata-image-id=\"855\"\n\t\t\t\tdata-title=\"allure_2011_11\"\n\t\t\t\tdata-description=\" \"\n\t\t\t\tdata-image-slug=\"allure_2011_11\"\n\t\t\t\tclass=\"ngg-fancybox\" rel=\"4559d21b9df369956e2b213d12f154f7\">\n\t\t\t\t<img\n\t\t\t\t\ttitle=\"allure_2011_11\"\n\t\t\t\t\talt=\"allure_2011_11\"\n\t\t\t\t\tsrc=\"https:\/\/www.prouvy.be\/wp-content\/gallery\/allure-libre-de-gaume-a-prouvy\/thumbs\/thumbs_allure_2011_11.jpg\"\n\t\t\t\t\twidth=\"120\"\n\t\t\t\t\theight=\"90\"\n\t\t\t\t\tstyle=\"max-width:100%;\"\n\t\t\t\t\/>\n\t\t\t<\/a>\n\t\t<\/div>\n\t\t\t\t\t\t\t<\/div>\n\t\t\t\n\t\t\n\t\t\t\t<div id=\"ngg-image-11\" class=\"ngg-gallery-thumbnail-box\"\n\t\t\t\t\t\t\t\t\t\t\t>\n\t\t\t\t\t\t<div class=\"ngg-gallery-thumbnail\">\n\t\t\t<a href=\"https:\/\/www.prouvy.be\/wp-content\/gallery\/allure-libre-de-gaume-a-prouvy\/allure_2011_12.jpg\"\n\t\t\t\ttitle=\" \"\n\t\t\t\tdata-src=\"https:\/\/www.prouvy.be\/wp-content\/gallery\/allure-libre-de-gaume-a-prouvy\/allure_2011_12.jpg\"\n\t\t\t\tdata-thumbnail=\"https:\/\/www.prouvy.be\/wp-content\/gallery\/allure-libre-de-gaume-a-prouvy\/thumbs\/thumbs_allure_2011_12.jpg\"\n\t\t\t\tdata-image-id=\"856\"\n\t\t\t\tdata-title=\"allure_2011_12\"\n\t\t\t\tdata-description=\" \"\n\t\t\t\tdata-image-slug=\"allure_2011_12\"\n\t\t\t\tclass=\"ngg-fancybox\" rel=\"4559d21b9df369956e2b213d12f154f7\">\n\t\t\t\t<img\n\t\t\t\t\ttitle=\"allure_2011_12\"\n\t\t\t\t\talt=\"allure_2011_12\"\n\t\t\t\t\tsrc=\"https:\/\/www.prouvy.be\/wp-content\/gallery\/allure-libre-de-gaume-a-prouvy\/thumbs\/thumbs_allure_2011_12.jpg\"\n\t\t\t\t\twidth=\"120\"\n\t\t\t\t\theight=\"90\"\n\t\t\t\t\tstyle=\"max-width:100%;\"\n\t\t\t\t\/>\n\t\t\t<\/a>\n\t\t<\/div>\n\t\t\t\t\t\t\t<\/div>\n\t\t\t\n\t\t\n\t\t\t\t<div id=\"ngg-image-12\" class=\"ngg-gallery-thumbnail-box\"\n\t\t\t\t\t\t\t\t\t\t\t>\n\t\t\t\t\t\t<div class=\"ngg-gallery-thumbnail\">\n\t\t\t<a href=\"https:\/\/www.prouvy.be\/wp-content\/gallery\/allure-libre-de-gaume-a-prouvy\/allure_2011_13.jpg\"\n\t\t\t\ttitle=\" \"\n\t\t\t\tdata-src=\"https:\/\/www.prouvy.be\/wp-content\/gallery\/allure-libre-de-gaume-a-prouvy\/allure_2011_13.jpg\"\n\t\t\t\tdata-thumbnail=\"https:\/\/www.prouvy.be\/wp-content\/gallery\/allure-libre-de-gaume-a-prouvy\/thumbs\/thumbs_allure_2011_13.jpg\"\n\t\t\t\tdata-image-id=\"857\"\n\t\t\t\tdata-title=\"allure_2011_13\"\n\t\t\t\tdata-description=\" \"\n\t\t\t\tdata-image-slug=\"allure_2011_13\"\n\t\t\t\tclass=\"ngg-fancybox\" rel=\"4559d21b9df369956e2b213d12f154f7\">\n\t\t\t\t<img\n\t\t\t\t\ttitle=\"allure_2011_13\"\n\t\t\t\t\talt=\"allure_2011_13\"\n\t\t\t\t\tsrc=\"https:\/\/www.prouvy.be\/wp-content\/gallery\/allure-libre-de-gaume-a-prouvy\/thumbs\/thumbs_allure_2011_13.jpg\"\n\t\t\t\t\twidth=\"120\"\n\t\t\t\t\theight=\"90\"\n\t\t\t\t\tstyle=\"max-width:100%;\"\n\t\t\t\t\/>\n\t\t\t<\/a>\n\t\t<\/div>\n\t\t\t\t\t\t\t<\/div>\n\t\t\t\n\t\t\n\t\t\t\t<div id=\"ngg-image-13\" class=\"ngg-gallery-thumbnail-box\"\n\t\t\t\t\t\t\t\t\t\t\t>\n\t\t\t\t\t\t<div class=\"ngg-gallery-thumbnail\">\n\t\t\t<a href=\"https:\/\/www.prouvy.be\/wp-content\/gallery\/allure-libre-de-gaume-a-prouvy\/allure_2011_14.jpg\"\n\t\t\t\ttitle=\" \"\n\t\t\t\tdata-src=\"https:\/\/www.prouvy.be\/wp-content\/gallery\/allure-libre-de-gaume-a-prouvy\/allure_2011_14.jpg\"\n\t\t\t\tdata-thumbnail=\"https:\/\/www.prouvy.be\/wp-content\/gallery\/allure-libre-de-gaume-a-prouvy\/thumbs\/thumbs_allure_2011_14.jpg\"\n\t\t\t\tdata-image-id=\"858\"\n\t\t\t\tdata-title=\"allure_2011_14\"\n\t\t\t\tdata-description=\" \"\n\t\t\t\tdata-image-slug=\"allure_2011_14\"\n\t\t\t\tclass=\"ngg-fancybox\" rel=\"4559d21b9df369956e2b213d12f154f7\">\n\t\t\t\t<img\n\t\t\t\t\ttitle=\"allure_2011_14\"\n\t\t\t\t\talt=\"allure_2011_14\"\n\t\t\t\t\tsrc=\"https:\/\/www.prouvy.be\/wp-content\/gallery\/allure-libre-de-gaume-a-prouvy\/thumbs\/thumbs_allure_2011_14.jpg\"\n\t\t\t\t\twidth=\"120\"\n\t\t\t\t\theight=\"90\"\n\t\t\t\t\tstyle=\"max-width:100%;\"\n\t\t\t\t\/>\n\t\t\t<\/a>\n\t\t<\/div>\n\t\t\t\t\t\t\t<\/div>\n\t\t\t\n\t\t\n\t\t\t\t<div id=\"ngg-image-14\" class=\"ngg-gallery-thumbnail-box\"\n\t\t\t\t\t\t\t\t\t\t\t>\n\t\t\t\t\t\t<div class=\"ngg-gallery-thumbnail\">\n\t\t\t<a href=\"https:\/\/www.prouvy.be\/wp-content\/gallery\/allure-libre-de-gaume-a-prouvy\/allure_2011_15.jpg\"\n\t\t\t\ttitle=\" \"\n\t\t\t\tdata-src=\"https:\/\/www.prouvy.be\/wp-content\/gallery\/allure-libre-de-gaume-a-prouvy\/allure_2011_15.jpg\"\n\t\t\t\tdata-thumbnail=\"https:\/\/www.prouvy.be\/wp-content\/gallery\/allure-libre-de-gaume-a-prouvy\/thumbs\/thumbs_allure_2011_15.jpg\"\n\t\t\t\tdata-image-id=\"859\"\n\t\t\t\tdata-title=\"allure_2011_15\"\n\t\t\t\tdata-description=\" \"\n\t\t\t\tdata-image-slug=\"allure_2011_15\"\n\t\t\t\tclass=\"ngg-fancybox\" rel=\"4559d21b9df369956e2b213d12f154f7\">\n\t\t\t\t<img\n\t\t\t\t\ttitle=\"allure_2011_15\"\n\t\t\t\t\talt=\"allure_2011_15\"\n\t\t\t\t\tsrc=\"https:\/\/www.prouvy.be\/wp-content\/gallery\/allure-libre-de-gaume-a-prouvy\/thumbs\/thumbs_allure_2011_15.jpg\"\n\t\t\t\t\twidth=\"120\"\n\t\t\t\t\theight=\"90\"\n\t\t\t\t\tstyle=\"max-width:100%;\"\n\t\t\t\t\/>\n\t\t\t<\/a>\n\t\t<\/div>\n\t\t\t\t\t\t\t<\/div>\n\t\t\t\n\t\t\n\t\t\t\t<div id=\"ngg-image-15\" class=\"ngg-gallery-thumbnail-box\"\n\t\t\t\t\t\t\t\t\t\t\t>\n\t\t\t\t\t\t<div class=\"ngg-gallery-thumbnail\">\n\t\t\t<a href=\"https:\/\/www.prouvy.be\/wp-content\/gallery\/allure-libre-de-gaume-a-prouvy\/allure_2011_16.jpg\"\n\t\t\t\ttitle=\" \"\n\t\t\t\tdata-src=\"https:\/\/www.prouvy.be\/wp-content\/gallery\/allure-libre-de-gaume-a-prouvy\/allure_2011_16.jpg\"\n\t\t\t\tdata-thumbnail=\"https:\/\/www.prouvy.be\/wp-content\/gallery\/allure-libre-de-gaume-a-prouvy\/thumbs\/thumbs_allure_2011_16.jpg\"\n\t\t\t\tdata-image-id=\"860\"\n\t\t\t\tdata-title=\"allure_2011_16\"\n\t\t\t\tdata-description=\" \"\n\t\t\t\tdata-image-slug=\"allure_2011_16\"\n\t\t\t\tclass=\"ngg-fancybox\" rel=\"4559d21b9df369956e2b213d12f154f7\">\n\t\t\t\t<img\n\t\t\t\t\ttitle=\"allure_2011_16\"\n\t\t\t\t\talt=\"allure_2011_16\"\n\t\t\t\t\tsrc=\"https:\/\/www.prouvy.be\/wp-content\/gallery\/allure-libre-de-gaume-a-prouvy\/thumbs\/thumbs_allure_2011_16.jpg\"\n\t\t\t\t\twidth=\"120\"\n\t\t\t\t\theight=\"90\"\n\t\t\t\t\tstyle=\"max-width:100%;\"\n\t\t\t\t\/>\n\t\t\t<\/a>\n\t\t<\/div>\n\t\t\t\t\t\t\t<\/div>\n\t\t\t\n\t\t\n\t\t\n\t\t<!-- Pagination -->\n\t\t<div class='ngg-clear'><\/div>\t<\/div>\n<\/p>\n","protected":false},"excerpt":{"rendered":"<p>Malgr\u00e9 une pluie qui s\u2018\u00e9tait invit\u00e9e t\u00f4t le matin et jusqu\u2018\u00e0 l\u2019heure du d\u00e9part, environ 430 courageux (dont +\/- 15 enfants) se sont inscrits \u00e0 cette manche Provon\u00e7oise des allures libres de Gaume. Le coup de r\u00e9volver de d\u00e9part aura probablement chass\u00e9 les derniers nuages pour ensuite faire place \u00e0 un soleil radieux. Vous pouvez &hellip; <a href=\"https:\/\/www.prouvy.be\/?page_id=2478\" class=\"more-link\">Continuer la lecture de <span class=\"screen-reader-text\">Allure libre de Gaume \u00e0 Prouvy<\/span>  <span class=\"meta-nav\">&rarr;<\/span><\/a><\/p>\n","protected":false},"author":1,"featured_media":2514,"parent":2347,"menu_order":0,"comment_status":"open","ping_status":"open","template":"","meta":{"ngg_post_thumbnail":0,"footnotes":""},"class_list":["post-2478","page","type-page","status-publish","has-post-thumbnail","hentry"],"post_mailing_queue_ids":[],"_links":{"self":[{"href":"https:\/\/www.prouvy.be\/index.php?rest_route=\/wp\/v2\/pages\/2478","targetHints":{"allow":["GET"]}}],"collection":[{"href":"https:\/\/www.prouvy.be\/index.php?rest_route=\/wp\/v2\/pages"}],"about":[{"href":"https:\/\/www.prouvy.be\/index.php?rest_route=\/wp\/v2\/types\/page"}],"author":[{"embeddable":true,"href":"https:\/\/www.prouvy.be\/index.php?rest_route=\/wp\/v2\/users\/1"}],"replies":[{"embeddable":true,"href":"https:\/\/www.prouvy.be\/index.php?rest_route=%2Fwp%2Fv2%2Fcomments&post=2478"}],"version-history":[{"count":1,"href":"https:\/\/www.prouvy.be\/index.php?rest_route=\/wp\/v2\/pages\/2478\/revisions"}],"predecessor-version":[{"id":2515,"href":"https:\/\/www.prouvy.be\/index.php?rest_route=\/wp\/v2\/pages\/2478\/revisions\/2515"}],"up":[{"embeddable":true,"href":"https:\/\/www.prouvy.be\/index.php?rest_route=\/wp\/v2\/pages\/2347"}],"wp:featuredmedia":[{"embeddable":true,"href":"https:\/\/www.prouvy.be\/index.php?rest_route=\/wp\/v2\/media\/2514"}],"wp:attachment":[{"href":"https:\/\/www.prouvy.be\/index.php?rest_route=%2Fwp%2Fv2%2Fmedia&parent=2478"}],"curies":[{"name":"wp","href":"https:\/\/api.w.org\/{rel}","templated":true}]}}