{"id":2452,"date":"2014-11-27T23:14:14","date_gmt":"2014-11-27T21:14:14","guid":{"rendered":"http:\/\/new.prouvy.be\/?page_id=2452"},"modified":"2014-11-27T23:14:14","modified_gmt":"2014-11-27T21:14:14","slug":"soiree-des-benevoles","status":"publish","type":"page","link":"https:\/\/www.prouvy.be\/?page_id=2452","title":{"rendered":"Soir\u00e9e des b\u00e9n\u00e9voles"},"content":{"rendered":"<div id=\"fb-root\"><\/div>\n<p>C\u2019est au camping qu\u2019une soixantaine de villageois se sont retrouv\u00e9s ce 5 novembre pour la soir\u00e9e des b\u00e9n\u00e9voles de notre f\u00eate annuelle.<br \/>\nAu menu, gibier ou roti orloff mais surtout la tr\u00e8s bonne ambiance habituelle. Et ce n\u2019est pas le petit Arthur qui dira le contraire !<br \/>\nEncore un bon moment ou deux g\u00e9n\u00e9rations de b\u00e9n\u00e9voles appr\u00e9cient leur complicit\u00e9.<\/p>\n<p><!-- index.php -->\n<div\n\tclass=\"ngg-galleryoverview\n\t ngg-ajax-pagination-none\t\"\n\tid=\"ngg-gallery-cf8ee79698bb2c43051b4243f9e5977c-1\">\n\n\t\t<div class=\"slideshowlink\">\n\t\t<a href='https:\/\/www.prouvy.be\/index.php\/nggallery\/slideshow?page_id=2452'>[Show slideshow]<\/a>\n\n\t<\/div>\n\t\t\t<!-- Thumbnails -->\n\t\t\t\t<div id=\"ngg-image-0\" class=\"ngg-gallery-thumbnail-box\"\n\t\t\t\t\t\t\t\t\t\t\t>\n\t\t\t\t\t\t<div class=\"ngg-gallery-thumbnail\">\n\t\t\t<a href=\"https:\/\/www.prouvy.be\/wp-content\/gallery\/soiree-des-benevoles-24\/bene_2011_01.JPG\"\n\t\t\t\ttitle=\"\"\n\t\t\t\tdata-src=\"https:\/\/www.prouvy.be\/wp-content\/gallery\/soiree-des-benevoles-24\/bene_2011_01.JPG\"\n\t\t\t\tdata-thumbnail=\"https:\/\/www.prouvy.be\/wp-content\/gallery\/soiree-des-benevoles-24\/thumbs\/thumbs_bene_2011_01.JPG\"\n\t\t\t\tdata-image-id=\"835\"\n\t\t\t\tdata-title=\"bene_2011_01\"\n\t\t\t\tdata-description=\"\"\n\t\t\t\tdata-image-slug=\"bene_2011_01\"\n\t\t\t\tclass=\"ngg-fancybox\" rel=\"cf8ee79698bb2c43051b4243f9e5977c\">\n\t\t\t\t<img\n\t\t\t\t\ttitle=\"bene_2011_01\"\n\t\t\t\t\talt=\"bene_2011_01\"\n\t\t\t\t\tsrc=\"https:\/\/www.prouvy.be\/wp-content\/gallery\/soiree-des-benevoles-24\/thumbs\/thumbs_bene_2011_01.JPG\"\n\t\t\t\t\twidth=\"120\"\n\t\t\t\t\theight=\"90\"\n\t\t\t\t\tstyle=\"max-width:100%;\"\n\t\t\t\t\/>\n\t\t\t<\/a>\n\t\t<\/div>\n\t\t\t\t\t\t\t<\/div>\n\t\t\t\n\t\t\n\t\t\t\t<div id=\"ngg-image-1\" class=\"ngg-gallery-thumbnail-box\"\n\t\t\t\t\t\t\t\t\t\t\t>\n\t\t\t\t\t\t<div class=\"ngg-gallery-thumbnail\">\n\t\t\t<a href=\"https:\/\/www.prouvy.be\/wp-content\/gallery\/soiree-des-benevoles-24\/bene_2011_02.JPG\"\n\t\t\t\ttitle=\" \"\n\t\t\t\tdata-src=\"https:\/\/www.prouvy.be\/wp-content\/gallery\/soiree-des-benevoles-24\/bene_2011_02.JPG\"\n\t\t\t\tdata-thumbnail=\"https:\/\/www.prouvy.be\/wp-content\/gallery\/soiree-des-benevoles-24\/thumbs\/thumbs_bene_2011_02.JPG\"\n\t\t\t\tdata-image-id=\"836\"\n\t\t\t\tdata-title=\"bene_2011_02\"\n\t\t\t\tdata-description=\" \"\n\t\t\t\tdata-image-slug=\"bene_2011_02\"\n\t\t\t\tclass=\"ngg-fancybox\" rel=\"cf8ee79698bb2c43051b4243f9e5977c\">\n\t\t\t\t<img\n\t\t\t\t\ttitle=\"bene_2011_02\"\n\t\t\t\t\talt=\"bene_2011_02\"\n\t\t\t\t\tsrc=\"https:\/\/www.prouvy.be\/wp-content\/gallery\/soiree-des-benevoles-24\/thumbs\/thumbs_bene_2011_02.JPG\"\n\t\t\t\t\twidth=\"120\"\n\t\t\t\t\theight=\"90\"\n\t\t\t\t\tstyle=\"max-width:100%;\"\n\t\t\t\t\/>\n\t\t\t<\/a>\n\t\t<\/div>\n\t\t\t\t\t\t\t<\/div>\n\t\t\t\n\t\t\n\t\t\t\t<div id=\"ngg-image-2\" class=\"ngg-gallery-thumbnail-box\"\n\t\t\t\t\t\t\t\t\t\t\t>\n\t\t\t\t\t\t<div class=\"ngg-gallery-thumbnail\">\n\t\t\t<a href=\"https:\/\/www.prouvy.be\/wp-content\/gallery\/soiree-des-benevoles-24\/bene_2011_03.JPG\"\n\t\t\t\ttitle=\" \"\n\t\t\t\tdata-src=\"https:\/\/www.prouvy.be\/wp-content\/gallery\/soiree-des-benevoles-24\/bene_2011_03.JPG\"\n\t\t\t\tdata-thumbnail=\"https:\/\/www.prouvy.be\/wp-content\/gallery\/soiree-des-benevoles-24\/thumbs\/thumbs_bene_2011_03.JPG\"\n\t\t\t\tdata-image-id=\"837\"\n\t\t\t\tdata-title=\"bene_2011_03\"\n\t\t\t\tdata-description=\" \"\n\t\t\t\tdata-image-slug=\"bene_2011_03\"\n\t\t\t\tclass=\"ngg-fancybox\" rel=\"cf8ee79698bb2c43051b4243f9e5977c\">\n\t\t\t\t<img\n\t\t\t\t\ttitle=\"bene_2011_03\"\n\t\t\t\t\talt=\"bene_2011_03\"\n\t\t\t\t\tsrc=\"https:\/\/www.prouvy.be\/wp-content\/gallery\/soiree-des-benevoles-24\/thumbs\/thumbs_bene_2011_03.JPG\"\n\t\t\t\t\twidth=\"120\"\n\t\t\t\t\theight=\"90\"\n\t\t\t\t\tstyle=\"max-width:100%;\"\n\t\t\t\t\/>\n\t\t\t<\/a>\n\t\t<\/div>\n\t\t\t\t\t\t\t<\/div>\n\t\t\t\n\t\t\n\t\t\t\t<div id=\"ngg-image-3\" class=\"ngg-gallery-thumbnail-box\"\n\t\t\t\t\t\t\t\t\t\t\t>\n\t\t\t\t\t\t<div class=\"ngg-gallery-thumbnail\">\n\t\t\t<a href=\"https:\/\/www.prouvy.be\/wp-content\/gallery\/soiree-des-benevoles-24\/bene_2011_04.JPG\"\n\t\t\t\ttitle=\" \"\n\t\t\t\tdata-src=\"https:\/\/www.prouvy.be\/wp-content\/gallery\/soiree-des-benevoles-24\/bene_2011_04.JPG\"\n\t\t\t\tdata-thumbnail=\"https:\/\/www.prouvy.be\/wp-content\/gallery\/soiree-des-benevoles-24\/thumbs\/thumbs_bene_2011_04.JPG\"\n\t\t\t\tdata-image-id=\"838\"\n\t\t\t\tdata-title=\"bene_2011_04\"\n\t\t\t\tdata-description=\" \"\n\t\t\t\tdata-image-slug=\"bene_2011_04\"\n\t\t\t\tclass=\"ngg-fancybox\" rel=\"cf8ee79698bb2c43051b4243f9e5977c\">\n\t\t\t\t<img\n\t\t\t\t\ttitle=\"bene_2011_04\"\n\t\t\t\t\talt=\"bene_2011_04\"\n\t\t\t\t\tsrc=\"https:\/\/www.prouvy.be\/wp-content\/gallery\/soiree-des-benevoles-24\/thumbs\/thumbs_bene_2011_04.JPG\"\n\t\t\t\t\twidth=\"120\"\n\t\t\t\t\theight=\"90\"\n\t\t\t\t\tstyle=\"max-width:100%;\"\n\t\t\t\t\/>\n\t\t\t<\/a>\n\t\t<\/div>\n\t\t\t\t\t\t\t<\/div>\n\t\t\t\n\t\t\n\t\t\t\t<div id=\"ngg-image-4\" class=\"ngg-gallery-thumbnail-box\"\n\t\t\t\t\t\t\t\t\t\t\t>\n\t\t\t\t\t\t<div class=\"ngg-gallery-thumbnail\">\n\t\t\t<a href=\"https:\/\/www.prouvy.be\/wp-content\/gallery\/soiree-des-benevoles-24\/bene_2011_05.JPG\"\n\t\t\t\ttitle=\" \"\n\t\t\t\tdata-src=\"https:\/\/www.prouvy.be\/wp-content\/gallery\/soiree-des-benevoles-24\/bene_2011_05.JPG\"\n\t\t\t\tdata-thumbnail=\"https:\/\/www.prouvy.be\/wp-content\/gallery\/soiree-des-benevoles-24\/thumbs\/thumbs_bene_2011_05.JPG\"\n\t\t\t\tdata-image-id=\"839\"\n\t\t\t\tdata-title=\"bene_2011_05\"\n\t\t\t\tdata-description=\" \"\n\t\t\t\tdata-image-slug=\"bene_2011_05\"\n\t\t\t\tclass=\"ngg-fancybox\" rel=\"cf8ee79698bb2c43051b4243f9e5977c\">\n\t\t\t\t<img\n\t\t\t\t\ttitle=\"bene_2011_05\"\n\t\t\t\t\talt=\"bene_2011_05\"\n\t\t\t\t\tsrc=\"https:\/\/www.prouvy.be\/wp-content\/gallery\/soiree-des-benevoles-24\/thumbs\/thumbs_bene_2011_05.JPG\"\n\t\t\t\t\twidth=\"120\"\n\t\t\t\t\theight=\"90\"\n\t\t\t\t\tstyle=\"max-width:100%;\"\n\t\t\t\t\/>\n\t\t\t<\/a>\n\t\t<\/div>\n\t\t\t\t\t\t\t<\/div>\n\t\t\t\n\t\t\n\t\t\t\t<div id=\"ngg-image-5\" class=\"ngg-gallery-thumbnail-box\"\n\t\t\t\t\t\t\t\t\t\t\t>\n\t\t\t\t\t\t<div class=\"ngg-gallery-thumbnail\">\n\t\t\t<a href=\"https:\/\/www.prouvy.be\/wp-content\/gallery\/soiree-des-benevoles-24\/bene_2011_06.JPG\"\n\t\t\t\ttitle=\" \"\n\t\t\t\tdata-src=\"https:\/\/www.prouvy.be\/wp-content\/gallery\/soiree-des-benevoles-24\/bene_2011_06.JPG\"\n\t\t\t\tdata-thumbnail=\"https:\/\/www.prouvy.be\/wp-content\/gallery\/soiree-des-benevoles-24\/thumbs\/thumbs_bene_2011_06.JPG\"\n\t\t\t\tdata-image-id=\"840\"\n\t\t\t\tdata-title=\"bene_2011_06\"\n\t\t\t\tdata-description=\" \"\n\t\t\t\tdata-image-slug=\"bene_2011_06\"\n\t\t\t\tclass=\"ngg-fancybox\" rel=\"cf8ee79698bb2c43051b4243f9e5977c\">\n\t\t\t\t<img\n\t\t\t\t\ttitle=\"bene_2011_06\"\n\t\t\t\t\talt=\"bene_2011_06\"\n\t\t\t\t\tsrc=\"https:\/\/www.prouvy.be\/wp-content\/gallery\/soiree-des-benevoles-24\/thumbs\/thumbs_bene_2011_06.JPG\"\n\t\t\t\t\twidth=\"120\"\n\t\t\t\t\theight=\"90\"\n\t\t\t\t\tstyle=\"max-width:100%;\"\n\t\t\t\t\/>\n\t\t\t<\/a>\n\t\t<\/div>\n\t\t\t\t\t\t\t<\/div>\n\t\t\t\n\t\t\n\t\t\t\t<div id=\"ngg-image-6\" class=\"ngg-gallery-thumbnail-box\"\n\t\t\t\t\t\t\t\t\t\t\t>\n\t\t\t\t\t\t<div class=\"ngg-gallery-thumbnail\">\n\t\t\t<a href=\"https:\/\/www.prouvy.be\/wp-content\/gallery\/soiree-des-benevoles-24\/bene_2011_07.JPG\"\n\t\t\t\ttitle=\" \"\n\t\t\t\tdata-src=\"https:\/\/www.prouvy.be\/wp-content\/gallery\/soiree-des-benevoles-24\/bene_2011_07.JPG\"\n\t\t\t\tdata-thumbnail=\"https:\/\/www.prouvy.be\/wp-content\/gallery\/soiree-des-benevoles-24\/thumbs\/thumbs_bene_2011_07.JPG\"\n\t\t\t\tdata-image-id=\"841\"\n\t\t\t\tdata-title=\"bene_2011_07\"\n\t\t\t\tdata-description=\" \"\n\t\t\t\tdata-image-slug=\"bene_2011_07\"\n\t\t\t\tclass=\"ngg-fancybox\" rel=\"cf8ee79698bb2c43051b4243f9e5977c\">\n\t\t\t\t<img\n\t\t\t\t\ttitle=\"bene_2011_07\"\n\t\t\t\t\talt=\"bene_2011_07\"\n\t\t\t\t\tsrc=\"https:\/\/www.prouvy.be\/wp-content\/gallery\/soiree-des-benevoles-24\/thumbs\/thumbs_bene_2011_07.JPG\"\n\t\t\t\t\twidth=\"120\"\n\t\t\t\t\theight=\"90\"\n\t\t\t\t\tstyle=\"max-width:100%;\"\n\t\t\t\t\/>\n\t\t\t<\/a>\n\t\t<\/div>\n\t\t\t\t\t\t\t<\/div>\n\t\t\t\n\t\t\n\t\t\t\t<div id=\"ngg-image-7\" class=\"ngg-gallery-thumbnail-box\"\n\t\t\t\t\t\t\t\t\t\t\t>\n\t\t\t\t\t\t<div class=\"ngg-gallery-thumbnail\">\n\t\t\t<a href=\"https:\/\/www.prouvy.be\/wp-content\/gallery\/soiree-des-benevoles-24\/bene_2011_08.JPG\"\n\t\t\t\ttitle=\" \"\n\t\t\t\tdata-src=\"https:\/\/www.prouvy.be\/wp-content\/gallery\/soiree-des-benevoles-24\/bene_2011_08.JPG\"\n\t\t\t\tdata-thumbnail=\"https:\/\/www.prouvy.be\/wp-content\/gallery\/soiree-des-benevoles-24\/thumbs\/thumbs_bene_2011_08.JPG\"\n\t\t\t\tdata-image-id=\"842\"\n\t\t\t\tdata-title=\"bene_2011_08\"\n\t\t\t\tdata-description=\" \"\n\t\t\t\tdata-image-slug=\"bene_2011_08\"\n\t\t\t\tclass=\"ngg-fancybox\" rel=\"cf8ee79698bb2c43051b4243f9e5977c\">\n\t\t\t\t<img\n\t\t\t\t\ttitle=\"bene_2011_08\"\n\t\t\t\t\talt=\"bene_2011_08\"\n\t\t\t\t\tsrc=\"https:\/\/www.prouvy.be\/wp-content\/gallery\/soiree-des-benevoles-24\/thumbs\/thumbs_bene_2011_08.JPG\"\n\t\t\t\t\twidth=\"120\"\n\t\t\t\t\theight=\"90\"\n\t\t\t\t\tstyle=\"max-width:100%;\"\n\t\t\t\t\/>\n\t\t\t<\/a>\n\t\t<\/div>\n\t\t\t\t\t\t\t<\/div>\n\t\t\t\n\t\t\n\t\t\t\t<div id=\"ngg-image-8\" class=\"ngg-gallery-thumbnail-box\"\n\t\t\t\t\t\t\t\t\t\t\t>\n\t\t\t\t\t\t<div class=\"ngg-gallery-thumbnail\">\n\t\t\t<a href=\"https:\/\/www.prouvy.be\/wp-content\/gallery\/soiree-des-benevoles-24\/bene_2011_09.JPG\"\n\t\t\t\ttitle=\" \"\n\t\t\t\tdata-src=\"https:\/\/www.prouvy.be\/wp-content\/gallery\/soiree-des-benevoles-24\/bene_2011_09.JPG\"\n\t\t\t\tdata-thumbnail=\"https:\/\/www.prouvy.be\/wp-content\/gallery\/soiree-des-benevoles-24\/thumbs\/thumbs_bene_2011_09.JPG\"\n\t\t\t\tdata-image-id=\"843\"\n\t\t\t\tdata-title=\"bene_2011_09\"\n\t\t\t\tdata-description=\" \"\n\t\t\t\tdata-image-slug=\"bene_2011_09\"\n\t\t\t\tclass=\"ngg-fancybox\" rel=\"cf8ee79698bb2c43051b4243f9e5977c\">\n\t\t\t\t<img\n\t\t\t\t\ttitle=\"bene_2011_09\"\n\t\t\t\t\talt=\"bene_2011_09\"\n\t\t\t\t\tsrc=\"https:\/\/www.prouvy.be\/wp-content\/gallery\/soiree-des-benevoles-24\/thumbs\/thumbs_bene_2011_09.JPG\"\n\t\t\t\t\twidth=\"120\"\n\t\t\t\t\theight=\"90\"\n\t\t\t\t\tstyle=\"max-width:100%;\"\n\t\t\t\t\/>\n\t\t\t<\/a>\n\t\t<\/div>\n\t\t\t\t\t\t\t<\/div>\n\t\t\t\n\t\t\n\t\t\t\t<div id=\"ngg-image-9\" class=\"ngg-gallery-thumbnail-box\"\n\t\t\t\t\t\t\t\t\t\t\t>\n\t\t\t\t\t\t<div class=\"ngg-gallery-thumbnail\">\n\t\t\t<a href=\"https:\/\/www.prouvy.be\/wp-content\/gallery\/soiree-des-benevoles-24\/bene_2011_10.JPG\"\n\t\t\t\ttitle=\" \"\n\t\t\t\tdata-src=\"https:\/\/www.prouvy.be\/wp-content\/gallery\/soiree-des-benevoles-24\/bene_2011_10.JPG\"\n\t\t\t\tdata-thumbnail=\"https:\/\/www.prouvy.be\/wp-content\/gallery\/soiree-des-benevoles-24\/thumbs\/thumbs_bene_2011_10.JPG\"\n\t\t\t\tdata-image-id=\"844\"\n\t\t\t\tdata-title=\"bene_2011_10\"\n\t\t\t\tdata-description=\" \"\n\t\t\t\tdata-image-slug=\"bene_2011_10\"\n\t\t\t\tclass=\"ngg-fancybox\" rel=\"cf8ee79698bb2c43051b4243f9e5977c\">\n\t\t\t\t<img\n\t\t\t\t\ttitle=\"bene_2011_10\"\n\t\t\t\t\talt=\"bene_2011_10\"\n\t\t\t\t\tsrc=\"https:\/\/www.prouvy.be\/wp-content\/gallery\/soiree-des-benevoles-24\/thumbs\/thumbs_bene_2011_10.JPG\"\n\t\t\t\t\twidth=\"120\"\n\t\t\t\t\theight=\"90\"\n\t\t\t\t\tstyle=\"max-width:100%;\"\n\t\t\t\t\/>\n\t\t\t<\/a>\n\t\t<\/div>\n\t\t\t\t\t\t\t<\/div>\n\t\t\t\n\t\t\n\t\t\n\t\t<!-- Pagination -->\n\t\t<div class='ngg-clear'><\/div>\t<\/div>\n<\/p>\n","protected":false},"excerpt":{"rendered":"<p>C\u2019est au camping qu\u2019une soixantaine de villageois se sont retrouv\u00e9s ce 5 novembre pour la soir\u00e9e des b\u00e9n\u00e9voles de notre f\u00eate annuelle. Au menu, gibier ou roti orloff mais surtout la tr\u00e8s bonne ambiance habituelle. Et ce n\u2019est pas le petit Arthur qui dira le contraire ! Encore un bon moment ou deux g\u00e9n\u00e9rations de &hellip; <a href=\"https:\/\/www.prouvy.be\/?page_id=2452\" class=\"more-link\">Continuer la lecture de <span class=\"screen-reader-text\">Soir\u00e9e des b\u00e9n\u00e9voles<\/span>  <span class=\"meta-nav\">&rarr;<\/span><\/a><\/p>\n","protected":false},"author":1,"featured_media":2476,"parent":2347,"menu_order":0,"comment_status":"open","ping_status":"open","template":"","meta":{"ngg_post_thumbnail":0,"footnotes":""},"class_list":["post-2452","page","type-page","status-publish","has-post-thumbnail","hentry"],"post_mailing_queue_ids":[],"_links":{"self":[{"href":"https:\/\/www.prouvy.be\/index.php?rest_route=\/wp\/v2\/pages\/2452","targetHints":{"allow":["GET"]}}],"collection":[{"href":"https:\/\/www.prouvy.be\/index.php?rest_route=\/wp\/v2\/pages"}],"about":[{"href":"https:\/\/www.prouvy.be\/index.php?rest_route=\/wp\/v2\/types\/page"}],"author":[{"embeddable":true,"href":"https:\/\/www.prouvy.be\/index.php?rest_route=\/wp\/v2\/users\/1"}],"replies":[{"embeddable":true,"href":"https:\/\/www.prouvy.be\/index.php?rest_route=%2Fwp%2Fv2%2Fcomments&post=2452"}],"version-history":[{"count":1,"href":"https:\/\/www.prouvy.be\/index.php?rest_route=\/wp\/v2\/pages\/2452\/revisions"}],"predecessor-version":[{"id":2477,"href":"https:\/\/www.prouvy.be\/index.php?rest_route=\/wp\/v2\/pages\/2452\/revisions\/2477"}],"up":[{"embeddable":true,"href":"https:\/\/www.prouvy.be\/index.php?rest_route=\/wp\/v2\/pages\/2347"}],"wp:featuredmedia":[{"embeddable":true,"href":"https:\/\/www.prouvy.be\/index.php?rest_route=\/wp\/v2\/media\/2476"}],"wp:attachment":[{"href":"https:\/\/www.prouvy.be\/index.php?rest_route=%2Fwp%2Fv2%2Fmedia&parent=2452"}],"curies":[{"name":"wp","href":"https:\/\/api.w.org\/{rel}","templated":true}]}}