{"id":2424,"date":"2014-11-27T23:07:09","date_gmt":"2014-11-27T21:07:09","guid":{"rendered":"http:\/\/new.prouvy.be\/?page_id=2424"},"modified":"2014-11-27T23:07:34","modified_gmt":"2014-11-27T21:07:34","slug":"saint-nicolas-des-enfants","status":"publish","type":"page","link":"https:\/\/www.prouvy.be\/?page_id=2424","title":{"rendered":"Saint-Nicolas des enfants"},"content":{"rendered":"<div id=\"fb-root\"><\/div>\n<p>Malgr\u00e9 un emploi du temps tr\u00e8s charg\u00e9, Saint-Nicolas et p\u00e8re fouettard nous ont \u00e0 nouveau fait l\u2019honneur de leur visite ce dimanche 27 novembre.<br \/>\nC\u2019est GuiMo qui a d\u2019abord ouvert les festivit\u00e9s avec un merveilleux spectacle de magie et de jonglerie. Enfants et parents furent enchant\u00e9s de d\u00e9couvrir les diff\u00e9rentes facettes talentueuses de ce jeune artiste r\u00e9gional.<br \/>\nEnsuite, Saint-Nicolas a proc\u00e9d\u00e9 \u00e0 la traditionnelle distribution de jouets et de friandises aux 34 enfants sages tous pr\u00e9sents pour l\u2019occasion.<br \/>\nUne belle tradition qui pla\u00eet \u00e9galement aux parents. Merci et \u00e0 bient\u00f4t Saint-Nicolas !<\/p>\n<p><!-- index.php -->\n<div\n\tclass=\"ngg-galleryoverview\n\t ngg-ajax-pagination-none\t\"\n\tid=\"ngg-gallery-c2447f339b51363a2c71eb44ab3ba104-1\">\n\n\t\t<div class=\"slideshowlink\">\n\t\t<a href='https:\/\/www.prouvy.be\/index.php\/nggallery\/slideshow?page_id=2424'>[Show slideshow]<\/a>\n\n\t<\/div>\n\t\t\t<!-- Thumbnails -->\n\t\t\t\t<div id=\"ngg-image-0\" class=\"ngg-gallery-thumbnail-box\"\n\t\t\t\t\t\t\t\t\t\t\t>\n\t\t\t\t\t\t<div class=\"ngg-gallery-thumbnail\">\n\t\t\t<a href=\"https:\/\/www.prouvy.be\/wp-content\/gallery\/saint-nicolas-des-enfants-29\/st-nicolas_2011_01.JPG\"\n\t\t\t\ttitle=\"\"\n\t\t\t\tdata-src=\"https:\/\/www.prouvy.be\/wp-content\/gallery\/saint-nicolas-des-enfants-29\/st-nicolas_2011_01.JPG\"\n\t\t\t\tdata-thumbnail=\"https:\/\/www.prouvy.be\/wp-content\/gallery\/saint-nicolas-des-enfants-29\/thumbs\/thumbs_st-nicolas_2011_01.JPG\"\n\t\t\t\tdata-image-id=\"824\"\n\t\t\t\tdata-title=\"st-nicolas_2011_01\"\n\t\t\t\tdata-description=\"\"\n\t\t\t\tdata-image-slug=\"st-nicolas_2011_01\"\n\t\t\t\tclass=\"ngg-fancybox\" rel=\"c2447f339b51363a2c71eb44ab3ba104\">\n\t\t\t\t<img\n\t\t\t\t\ttitle=\"st-nicolas_2011_01\"\n\t\t\t\t\talt=\"st-nicolas_2011_01\"\n\t\t\t\t\tsrc=\"https:\/\/www.prouvy.be\/wp-content\/gallery\/saint-nicolas-des-enfants-29\/thumbs\/thumbs_st-nicolas_2011_01.JPG\"\n\t\t\t\t\twidth=\"120\"\n\t\t\t\t\theight=\"90\"\n\t\t\t\t\tstyle=\"max-width:100%;\"\n\t\t\t\t\/>\n\t\t\t<\/a>\n\t\t<\/div>\n\t\t\t\t\t\t\t<\/div>\n\t\t\t\n\t\t\n\t\t\t\t<div id=\"ngg-image-1\" class=\"ngg-gallery-thumbnail-box\"\n\t\t\t\t\t\t\t\t\t\t\t>\n\t\t\t\t\t\t<div class=\"ngg-gallery-thumbnail\">\n\t\t\t<a href=\"https:\/\/www.prouvy.be\/wp-content\/gallery\/saint-nicolas-des-enfants-29\/st-nicolas_2011_02.JPG\"\n\t\t\t\ttitle=\" \"\n\t\t\t\tdata-src=\"https:\/\/www.prouvy.be\/wp-content\/gallery\/saint-nicolas-des-enfants-29\/st-nicolas_2011_02.JPG\"\n\t\t\t\tdata-thumbnail=\"https:\/\/www.prouvy.be\/wp-content\/gallery\/saint-nicolas-des-enfants-29\/thumbs\/thumbs_st-nicolas_2011_02.JPG\"\n\t\t\t\tdata-image-id=\"825\"\n\t\t\t\tdata-title=\"st-nicolas_2011_02\"\n\t\t\t\tdata-description=\" \"\n\t\t\t\tdata-image-slug=\"st-nicolas_2011_02\"\n\t\t\t\tclass=\"ngg-fancybox\" rel=\"c2447f339b51363a2c71eb44ab3ba104\">\n\t\t\t\t<img\n\t\t\t\t\ttitle=\"st-nicolas_2011_02\"\n\t\t\t\t\talt=\"st-nicolas_2011_02\"\n\t\t\t\t\tsrc=\"https:\/\/www.prouvy.be\/wp-content\/gallery\/saint-nicolas-des-enfants-29\/thumbs\/thumbs_st-nicolas_2011_02.JPG\"\n\t\t\t\t\twidth=\"120\"\n\t\t\t\t\theight=\"90\"\n\t\t\t\t\tstyle=\"max-width:100%;\"\n\t\t\t\t\/>\n\t\t\t<\/a>\n\t\t<\/div>\n\t\t\t\t\t\t\t<\/div>\n\t\t\t\n\t\t\n\t\t\t\t<div id=\"ngg-image-2\" class=\"ngg-gallery-thumbnail-box\"\n\t\t\t\t\t\t\t\t\t\t\t>\n\t\t\t\t\t\t<div class=\"ngg-gallery-thumbnail\">\n\t\t\t<a href=\"https:\/\/www.prouvy.be\/wp-content\/gallery\/saint-nicolas-des-enfants-29\/st-nicolas_2011_03.JPG\"\n\t\t\t\ttitle=\" \"\n\t\t\t\tdata-src=\"https:\/\/www.prouvy.be\/wp-content\/gallery\/saint-nicolas-des-enfants-29\/st-nicolas_2011_03.JPG\"\n\t\t\t\tdata-thumbnail=\"https:\/\/www.prouvy.be\/wp-content\/gallery\/saint-nicolas-des-enfants-29\/thumbs\/thumbs_st-nicolas_2011_03.JPG\"\n\t\t\t\tdata-image-id=\"826\"\n\t\t\t\tdata-title=\"st-nicolas_2011_03\"\n\t\t\t\tdata-description=\" \"\n\t\t\t\tdata-image-slug=\"st-nicolas_2011_03\"\n\t\t\t\tclass=\"ngg-fancybox\" rel=\"c2447f339b51363a2c71eb44ab3ba104\">\n\t\t\t\t<img\n\t\t\t\t\ttitle=\"st-nicolas_2011_03\"\n\t\t\t\t\talt=\"st-nicolas_2011_03\"\n\t\t\t\t\tsrc=\"https:\/\/www.prouvy.be\/wp-content\/gallery\/saint-nicolas-des-enfants-29\/thumbs\/thumbs_st-nicolas_2011_03.JPG\"\n\t\t\t\t\twidth=\"120\"\n\t\t\t\t\theight=\"90\"\n\t\t\t\t\tstyle=\"max-width:100%;\"\n\t\t\t\t\/>\n\t\t\t<\/a>\n\t\t<\/div>\n\t\t\t\t\t\t\t<\/div>\n\t\t\t\n\t\t\n\t\t\t\t<div id=\"ngg-image-3\" class=\"ngg-gallery-thumbnail-box\"\n\t\t\t\t\t\t\t\t\t\t\t>\n\t\t\t\t\t\t<div class=\"ngg-gallery-thumbnail\">\n\t\t\t<a href=\"https:\/\/www.prouvy.be\/wp-content\/gallery\/saint-nicolas-des-enfants-29\/st-nicolas_2011_04.JPG\"\n\t\t\t\ttitle=\" \"\n\t\t\t\tdata-src=\"https:\/\/www.prouvy.be\/wp-content\/gallery\/saint-nicolas-des-enfants-29\/st-nicolas_2011_04.JPG\"\n\t\t\t\tdata-thumbnail=\"https:\/\/www.prouvy.be\/wp-content\/gallery\/saint-nicolas-des-enfants-29\/thumbs\/thumbs_st-nicolas_2011_04.JPG\"\n\t\t\t\tdata-image-id=\"827\"\n\t\t\t\tdata-title=\"st-nicolas_2011_04\"\n\t\t\t\tdata-description=\" \"\n\t\t\t\tdata-image-slug=\"st-nicolas_2011_04\"\n\t\t\t\tclass=\"ngg-fancybox\" rel=\"c2447f339b51363a2c71eb44ab3ba104\">\n\t\t\t\t<img\n\t\t\t\t\ttitle=\"st-nicolas_2011_04\"\n\t\t\t\t\talt=\"st-nicolas_2011_04\"\n\t\t\t\t\tsrc=\"https:\/\/www.prouvy.be\/wp-content\/gallery\/saint-nicolas-des-enfants-29\/thumbs\/thumbs_st-nicolas_2011_04.JPG\"\n\t\t\t\t\twidth=\"120\"\n\t\t\t\t\theight=\"90\"\n\t\t\t\t\tstyle=\"max-width:100%;\"\n\t\t\t\t\/>\n\t\t\t<\/a>\n\t\t<\/div>\n\t\t\t\t\t\t\t<\/div>\n\t\t\t\n\t\t\n\t\t\t\t<div id=\"ngg-image-4\" class=\"ngg-gallery-thumbnail-box\"\n\t\t\t\t\t\t\t\t\t\t\t>\n\t\t\t\t\t\t<div class=\"ngg-gallery-thumbnail\">\n\t\t\t<a href=\"https:\/\/www.prouvy.be\/wp-content\/gallery\/saint-nicolas-des-enfants-29\/st-nicolas_2011_05.JPG\"\n\t\t\t\ttitle=\" \"\n\t\t\t\tdata-src=\"https:\/\/www.prouvy.be\/wp-content\/gallery\/saint-nicolas-des-enfants-29\/st-nicolas_2011_05.JPG\"\n\t\t\t\tdata-thumbnail=\"https:\/\/www.prouvy.be\/wp-content\/gallery\/saint-nicolas-des-enfants-29\/thumbs\/thumbs_st-nicolas_2011_05.JPG\"\n\t\t\t\tdata-image-id=\"828\"\n\t\t\t\tdata-title=\"st-nicolas_2011_05\"\n\t\t\t\tdata-description=\" \"\n\t\t\t\tdata-image-slug=\"st-nicolas_2011_05\"\n\t\t\t\tclass=\"ngg-fancybox\" rel=\"c2447f339b51363a2c71eb44ab3ba104\">\n\t\t\t\t<img\n\t\t\t\t\ttitle=\"st-nicolas_2011_05\"\n\t\t\t\t\talt=\"st-nicolas_2011_05\"\n\t\t\t\t\tsrc=\"https:\/\/www.prouvy.be\/wp-content\/gallery\/saint-nicolas-des-enfants-29\/thumbs\/thumbs_st-nicolas_2011_05.JPG\"\n\t\t\t\t\twidth=\"120\"\n\t\t\t\t\theight=\"90\"\n\t\t\t\t\tstyle=\"max-width:100%;\"\n\t\t\t\t\/>\n\t\t\t<\/a>\n\t\t<\/div>\n\t\t\t\t\t\t\t<\/div>\n\t\t\t\n\t\t\n\t\t\t\t<div id=\"ngg-image-5\" class=\"ngg-gallery-thumbnail-box\"\n\t\t\t\t\t\t\t\t\t\t\t>\n\t\t\t\t\t\t<div class=\"ngg-gallery-thumbnail\">\n\t\t\t<a href=\"https:\/\/www.prouvy.be\/wp-content\/gallery\/saint-nicolas-des-enfants-29\/st-nicolas_2011_06.JPG\"\n\t\t\t\ttitle=\" \"\n\t\t\t\tdata-src=\"https:\/\/www.prouvy.be\/wp-content\/gallery\/saint-nicolas-des-enfants-29\/st-nicolas_2011_06.JPG\"\n\t\t\t\tdata-thumbnail=\"https:\/\/www.prouvy.be\/wp-content\/gallery\/saint-nicolas-des-enfants-29\/thumbs\/thumbs_st-nicolas_2011_06.JPG\"\n\t\t\t\tdata-image-id=\"829\"\n\t\t\t\tdata-title=\"st-nicolas_2011_06\"\n\t\t\t\tdata-description=\" \"\n\t\t\t\tdata-image-slug=\"st-nicolas_2011_06\"\n\t\t\t\tclass=\"ngg-fancybox\" rel=\"c2447f339b51363a2c71eb44ab3ba104\">\n\t\t\t\t<img\n\t\t\t\t\ttitle=\"st-nicolas_2011_06\"\n\t\t\t\t\talt=\"st-nicolas_2011_06\"\n\t\t\t\t\tsrc=\"https:\/\/www.prouvy.be\/wp-content\/gallery\/saint-nicolas-des-enfants-29\/thumbs\/thumbs_st-nicolas_2011_06.JPG\"\n\t\t\t\t\twidth=\"120\"\n\t\t\t\t\theight=\"90\"\n\t\t\t\t\tstyle=\"max-width:100%;\"\n\t\t\t\t\/>\n\t\t\t<\/a>\n\t\t<\/div>\n\t\t\t\t\t\t\t<\/div>\n\t\t\t\n\t\t\n\t\t\t\t<div id=\"ngg-image-6\" class=\"ngg-gallery-thumbnail-box\"\n\t\t\t\t\t\t\t\t\t\t\t>\n\t\t\t\t\t\t<div class=\"ngg-gallery-thumbnail\">\n\t\t\t<a href=\"https:\/\/www.prouvy.be\/wp-content\/gallery\/saint-nicolas-des-enfants-29\/st-nicolas_2011_07.JPG\"\n\t\t\t\ttitle=\" \"\n\t\t\t\tdata-src=\"https:\/\/www.prouvy.be\/wp-content\/gallery\/saint-nicolas-des-enfants-29\/st-nicolas_2011_07.JPG\"\n\t\t\t\tdata-thumbnail=\"https:\/\/www.prouvy.be\/wp-content\/gallery\/saint-nicolas-des-enfants-29\/thumbs\/thumbs_st-nicolas_2011_07.JPG\"\n\t\t\t\tdata-image-id=\"830\"\n\t\t\t\tdata-title=\"st-nicolas_2011_07\"\n\t\t\t\tdata-description=\" \"\n\t\t\t\tdata-image-slug=\"st-nicolas_2011_07\"\n\t\t\t\tclass=\"ngg-fancybox\" rel=\"c2447f339b51363a2c71eb44ab3ba104\">\n\t\t\t\t<img\n\t\t\t\t\ttitle=\"st-nicolas_2011_07\"\n\t\t\t\t\talt=\"st-nicolas_2011_07\"\n\t\t\t\t\tsrc=\"https:\/\/www.prouvy.be\/wp-content\/gallery\/saint-nicolas-des-enfants-29\/thumbs\/thumbs_st-nicolas_2011_07.JPG\"\n\t\t\t\t\twidth=\"120\"\n\t\t\t\t\theight=\"90\"\n\t\t\t\t\tstyle=\"max-width:100%;\"\n\t\t\t\t\/>\n\t\t\t<\/a>\n\t\t<\/div>\n\t\t\t\t\t\t\t<\/div>\n\t\t\t\n\t\t\n\t\t\t\t<div id=\"ngg-image-7\" class=\"ngg-gallery-thumbnail-box\"\n\t\t\t\t\t\t\t\t\t\t\t>\n\t\t\t\t\t\t<div class=\"ngg-gallery-thumbnail\">\n\t\t\t<a href=\"https:\/\/www.prouvy.be\/wp-content\/gallery\/saint-nicolas-des-enfants-29\/st-nicolas_2011_08.JPG\"\n\t\t\t\ttitle=\" \"\n\t\t\t\tdata-src=\"https:\/\/www.prouvy.be\/wp-content\/gallery\/saint-nicolas-des-enfants-29\/st-nicolas_2011_08.JPG\"\n\t\t\t\tdata-thumbnail=\"https:\/\/www.prouvy.be\/wp-content\/gallery\/saint-nicolas-des-enfants-29\/thumbs\/thumbs_st-nicolas_2011_08.JPG\"\n\t\t\t\tdata-image-id=\"831\"\n\t\t\t\tdata-title=\"st-nicolas_2011_08\"\n\t\t\t\tdata-description=\" \"\n\t\t\t\tdata-image-slug=\"st-nicolas_2011_08\"\n\t\t\t\tclass=\"ngg-fancybox\" rel=\"c2447f339b51363a2c71eb44ab3ba104\">\n\t\t\t\t<img\n\t\t\t\t\ttitle=\"st-nicolas_2011_08\"\n\t\t\t\t\talt=\"st-nicolas_2011_08\"\n\t\t\t\t\tsrc=\"https:\/\/www.prouvy.be\/wp-content\/gallery\/saint-nicolas-des-enfants-29\/thumbs\/thumbs_st-nicolas_2011_08.JPG\"\n\t\t\t\t\twidth=\"120\"\n\t\t\t\t\theight=\"90\"\n\t\t\t\t\tstyle=\"max-width:100%;\"\n\t\t\t\t\/>\n\t\t\t<\/a>\n\t\t<\/div>\n\t\t\t\t\t\t\t<\/div>\n\t\t\t\n\t\t\n\t\t\t\t<div id=\"ngg-image-8\" class=\"ngg-gallery-thumbnail-box\"\n\t\t\t\t\t\t\t\t\t\t\t>\n\t\t\t\t\t\t<div class=\"ngg-gallery-thumbnail\">\n\t\t\t<a href=\"https:\/\/www.prouvy.be\/wp-content\/gallery\/saint-nicolas-des-enfants-29\/st-nicolas_2011_09.JPG\"\n\t\t\t\ttitle=\" \"\n\t\t\t\tdata-src=\"https:\/\/www.prouvy.be\/wp-content\/gallery\/saint-nicolas-des-enfants-29\/st-nicolas_2011_09.JPG\"\n\t\t\t\tdata-thumbnail=\"https:\/\/www.prouvy.be\/wp-content\/gallery\/saint-nicolas-des-enfants-29\/thumbs\/thumbs_st-nicolas_2011_09.JPG\"\n\t\t\t\tdata-image-id=\"832\"\n\t\t\t\tdata-title=\"st-nicolas_2011_09\"\n\t\t\t\tdata-description=\" \"\n\t\t\t\tdata-image-slug=\"st-nicolas_2011_09\"\n\t\t\t\tclass=\"ngg-fancybox\" rel=\"c2447f339b51363a2c71eb44ab3ba104\">\n\t\t\t\t<img\n\t\t\t\t\ttitle=\"st-nicolas_2011_09\"\n\t\t\t\t\talt=\"st-nicolas_2011_09\"\n\t\t\t\t\tsrc=\"https:\/\/www.prouvy.be\/wp-content\/gallery\/saint-nicolas-des-enfants-29\/thumbs\/thumbs_st-nicolas_2011_09.JPG\"\n\t\t\t\t\twidth=\"120\"\n\t\t\t\t\theight=\"90\"\n\t\t\t\t\tstyle=\"max-width:100%;\"\n\t\t\t\t\/>\n\t\t\t<\/a>\n\t\t<\/div>\n\t\t\t\t\t\t\t<\/div>\n\t\t\t\n\t\t\n\t\t\t\t<div id=\"ngg-image-9\" class=\"ngg-gallery-thumbnail-box\"\n\t\t\t\t\t\t\t\t\t\t\t>\n\t\t\t\t\t\t<div class=\"ngg-gallery-thumbnail\">\n\t\t\t<a href=\"https:\/\/www.prouvy.be\/wp-content\/gallery\/saint-nicolas-des-enfants-29\/st-nicolas_2011_10.JPG\"\n\t\t\t\ttitle=\" \"\n\t\t\t\tdata-src=\"https:\/\/www.prouvy.be\/wp-content\/gallery\/saint-nicolas-des-enfants-29\/st-nicolas_2011_10.JPG\"\n\t\t\t\tdata-thumbnail=\"https:\/\/www.prouvy.be\/wp-content\/gallery\/saint-nicolas-des-enfants-29\/thumbs\/thumbs_st-nicolas_2011_10.JPG\"\n\t\t\t\tdata-image-id=\"833\"\n\t\t\t\tdata-title=\"st-nicolas_2011_10\"\n\t\t\t\tdata-description=\" \"\n\t\t\t\tdata-image-slug=\"st-nicolas_2011_10\"\n\t\t\t\tclass=\"ngg-fancybox\" rel=\"c2447f339b51363a2c71eb44ab3ba104\">\n\t\t\t\t<img\n\t\t\t\t\ttitle=\"st-nicolas_2011_10\"\n\t\t\t\t\talt=\"st-nicolas_2011_10\"\n\t\t\t\t\tsrc=\"https:\/\/www.prouvy.be\/wp-content\/gallery\/saint-nicolas-des-enfants-29\/thumbs\/thumbs_st-nicolas_2011_10.JPG\"\n\t\t\t\t\twidth=\"120\"\n\t\t\t\t\theight=\"90\"\n\t\t\t\t\tstyle=\"max-width:100%;\"\n\t\t\t\t\/>\n\t\t\t<\/a>\n\t\t<\/div>\n\t\t\t\t\t\t\t<\/div>\n\t\t\t\n\t\t\n\t\t\t\t<div id=\"ngg-image-10\" class=\"ngg-gallery-thumbnail-box\"\n\t\t\t\t\t\t\t\t\t\t\t>\n\t\t\t\t\t\t<div class=\"ngg-gallery-thumbnail\">\n\t\t\t<a href=\"https:\/\/www.prouvy.be\/wp-content\/gallery\/saint-nicolas-des-enfants-29\/st-nicolas_2011_11.JPG\"\n\t\t\t\ttitle=\" \"\n\t\t\t\tdata-src=\"https:\/\/www.prouvy.be\/wp-content\/gallery\/saint-nicolas-des-enfants-29\/st-nicolas_2011_11.JPG\"\n\t\t\t\tdata-thumbnail=\"https:\/\/www.prouvy.be\/wp-content\/gallery\/saint-nicolas-des-enfants-29\/thumbs\/thumbs_st-nicolas_2011_11.JPG\"\n\t\t\t\tdata-image-id=\"834\"\n\t\t\t\tdata-title=\"st-nicolas_2011_11\"\n\t\t\t\tdata-description=\" \"\n\t\t\t\tdata-image-slug=\"st-nicolas_2011_11\"\n\t\t\t\tclass=\"ngg-fancybox\" rel=\"c2447f339b51363a2c71eb44ab3ba104\">\n\t\t\t\t<img\n\t\t\t\t\ttitle=\"st-nicolas_2011_11\"\n\t\t\t\t\talt=\"st-nicolas_2011_11\"\n\t\t\t\t\tsrc=\"https:\/\/www.prouvy.be\/wp-content\/gallery\/saint-nicolas-des-enfants-29\/thumbs\/thumbs_st-nicolas_2011_11.JPG\"\n\t\t\t\t\twidth=\"120\"\n\t\t\t\t\theight=\"90\"\n\t\t\t\t\tstyle=\"max-width:100%;\"\n\t\t\t\t\/>\n\t\t\t<\/a>\n\t\t<\/div>\n\t\t\t\t\t\t\t<\/div>\n\t\t\t\n\t\t\n\t\t\n\t\t<!-- Pagination -->\n\t\t<div class='ngg-clear'><\/div>\t<\/div>\n<\/p>\n","protected":false},"excerpt":{"rendered":"<p>Malgr\u00e9 un emploi du temps tr\u00e8s charg\u00e9, Saint-Nicolas et p\u00e8re fouettard nous ont \u00e0 nouveau fait l\u2019honneur de leur visite ce dimanche 27 novembre. C\u2019est GuiMo qui a d\u2019abord ouvert les festivit\u00e9s avec un merveilleux spectacle de magie et de jonglerie. Enfants et parents furent enchant\u00e9s de d\u00e9couvrir les diff\u00e9rentes facettes talentueuses de ce jeune &hellip; <a href=\"https:\/\/www.prouvy.be\/?page_id=2424\" class=\"more-link\">Continuer la lecture de <span class=\"screen-reader-text\">Saint-Nicolas des enfants<\/span>  <span class=\"meta-nav\">&rarr;<\/span><\/a><\/p>\n","protected":false},"author":1,"featured_media":2450,"parent":2347,"menu_order":0,"comment_status":"open","ping_status":"open","template":"","meta":{"ngg_post_thumbnail":0,"footnotes":""},"class_list":["post-2424","page","type-page","status-publish","has-post-thumbnail","hentry"],"post_mailing_queue_ids":[],"_links":{"self":[{"href":"https:\/\/www.prouvy.be\/index.php?rest_route=\/wp\/v2\/pages\/2424","targetHints":{"allow":["GET"]}}],"collection":[{"href":"https:\/\/www.prouvy.be\/index.php?rest_route=\/wp\/v2\/pages"}],"about":[{"href":"https:\/\/www.prouvy.be\/index.php?rest_route=\/wp\/v2\/types\/page"}],"author":[{"embeddable":true,"href":"https:\/\/www.prouvy.be\/index.php?rest_route=\/wp\/v2\/users\/1"}],"replies":[{"embeddable":true,"href":"https:\/\/www.prouvy.be\/index.php?rest_route=%2Fwp%2Fv2%2Fcomments&post=2424"}],"version-history":[{"count":1,"href":"https:\/\/www.prouvy.be\/index.php?rest_route=\/wp\/v2\/pages\/2424\/revisions"}],"predecessor-version":[{"id":2451,"href":"https:\/\/www.prouvy.be\/index.php?rest_route=\/wp\/v2\/pages\/2424\/revisions\/2451"}],"up":[{"embeddable":true,"href":"https:\/\/www.prouvy.be\/index.php?rest_route=\/wp\/v2\/pages\/2347"}],"wp:featuredmedia":[{"embeddable":true,"href":"https:\/\/www.prouvy.be\/index.php?rest_route=\/wp\/v2\/media\/2450"}],"wp:attachment":[{"href":"https:\/\/www.prouvy.be\/index.php?rest_route=%2Fwp%2Fv2%2Fmedia&parent=2424"}],"curies":[{"name":"wp","href":"https:\/\/api.w.org\/{rel}","templated":true}]}}