{"id":2349,"date":"2014-11-27T22:46:14","date_gmt":"2014-11-27T20:46:14","guid":{"rendered":"http:\/\/new.prouvy.be\/?page_id=2349"},"modified":"2014-11-27T22:46:14","modified_gmt":"2014-11-27T20:46:14","slug":"montage-creche-distribution-de-sapin","status":"publish","type":"page","link":"https:\/\/www.prouvy.be\/?page_id=2349","title":{"rendered":"Montage creche + Distribution de sapin"},"content":{"rendered":"<div id=\"fb-root\"><\/div>\n<p>Une douzaine de b\u00fbcherons en herbe se sont activ\u00e9s ce samedi 10 d\u00e9cembre \u00e0 construire la cr\u00e8che devant la chapelle du village. Toute la petite famille de Bethl\u00e9em a d\u00e9j\u00e0 pris possession des lieux. A l\u2019exception du petit J\u00e9sus qui les rejoindra le jour de No\u00ebl.<br \/>\nPlus de soixante \u00e9pic\u00e9as ont \u00e9t\u00e9 livr\u00e9s au domicile des habitants qui en avaient fait la demande.<\/p>\n<p><!-- index.php -->\n<div\n\tclass=\"ngg-galleryoverview\n\t ngg-ajax-pagination-none\t\"\n\tid=\"ngg-gallery-cd845965a53a6040509fe8d3fdb4a54c-1\">\n\n\t\t<div class=\"slideshowlink\">\n\t\t<a href='https:\/\/www.prouvy.be\/index.php\/nggallery\/slideshow?page_id=2349'>[Show slideshow]<\/a>\n\n\t<\/div>\n\t\t\t<!-- Thumbnails -->\n\t\t\t\t<div id=\"ngg-image-0\" class=\"ngg-gallery-thumbnail-box\"\n\t\t\t\t\t\t\t\t\t\t\t>\n\t\t\t\t\t\t<div class=\"ngg-gallery-thumbnail\">\n\t\t\t<a href=\"https:\/\/www.prouvy.be\/wp-content\/gallery\/montage-creche-distribution-de-sapin\/creche_2011_01.JPG\"\n\t\t\t\ttitle=\"\"\n\t\t\t\tdata-src=\"https:\/\/www.prouvy.be\/wp-content\/gallery\/montage-creche-distribution-de-sapin\/creche_2011_01.JPG\"\n\t\t\t\tdata-thumbnail=\"https:\/\/www.prouvy.be\/wp-content\/gallery\/montage-creche-distribution-de-sapin\/thumbs\/thumbs_creche_2011_01.JPG\"\n\t\t\t\tdata-image-id=\"795\"\n\t\t\t\tdata-title=\"creche_2011_01\"\n\t\t\t\tdata-description=\"\"\n\t\t\t\tdata-image-slug=\"creche_2011_01\"\n\t\t\t\tclass=\"ngg-fancybox\" rel=\"cd845965a53a6040509fe8d3fdb4a54c\">\n\t\t\t\t<img\n\t\t\t\t\ttitle=\"creche_2011_01\"\n\t\t\t\t\talt=\"creche_2011_01\"\n\t\t\t\t\tsrc=\"https:\/\/www.prouvy.be\/wp-content\/gallery\/montage-creche-distribution-de-sapin\/thumbs\/thumbs_creche_2011_01.JPG\"\n\t\t\t\t\twidth=\"120\"\n\t\t\t\t\theight=\"90\"\n\t\t\t\t\tstyle=\"max-width:100%;\"\n\t\t\t\t\/>\n\t\t\t<\/a>\n\t\t<\/div>\n\t\t\t\t\t\t\t<\/div>\n\t\t\t\n\t\t\n\t\t\t\t<div id=\"ngg-image-1\" class=\"ngg-gallery-thumbnail-box\"\n\t\t\t\t\t\t\t\t\t\t\t>\n\t\t\t\t\t\t<div class=\"ngg-gallery-thumbnail\">\n\t\t\t<a href=\"https:\/\/www.prouvy.be\/wp-content\/gallery\/montage-creche-distribution-de-sapin\/creche_2011_02.JPG\"\n\t\t\t\ttitle=\" \"\n\t\t\t\tdata-src=\"https:\/\/www.prouvy.be\/wp-content\/gallery\/montage-creche-distribution-de-sapin\/creche_2011_02.JPG\"\n\t\t\t\tdata-thumbnail=\"https:\/\/www.prouvy.be\/wp-content\/gallery\/montage-creche-distribution-de-sapin\/thumbs\/thumbs_creche_2011_02.JPG\"\n\t\t\t\tdata-image-id=\"796\"\n\t\t\t\tdata-title=\"creche_2011_02\"\n\t\t\t\tdata-description=\" \"\n\t\t\t\tdata-image-slug=\"creche_2011_02\"\n\t\t\t\tclass=\"ngg-fancybox\" rel=\"cd845965a53a6040509fe8d3fdb4a54c\">\n\t\t\t\t<img\n\t\t\t\t\ttitle=\"creche_2011_02\"\n\t\t\t\t\talt=\"creche_2011_02\"\n\t\t\t\t\tsrc=\"https:\/\/www.prouvy.be\/wp-content\/gallery\/montage-creche-distribution-de-sapin\/thumbs\/thumbs_creche_2011_02.JPG\"\n\t\t\t\t\twidth=\"120\"\n\t\t\t\t\theight=\"90\"\n\t\t\t\t\tstyle=\"max-width:100%;\"\n\t\t\t\t\/>\n\t\t\t<\/a>\n\t\t<\/div>\n\t\t\t\t\t\t\t<\/div>\n\t\t\t\n\t\t\n\t\t\t\t<div id=\"ngg-image-2\" class=\"ngg-gallery-thumbnail-box\"\n\t\t\t\t\t\t\t\t\t\t\t>\n\t\t\t\t\t\t<div class=\"ngg-gallery-thumbnail\">\n\t\t\t<a href=\"https:\/\/www.prouvy.be\/wp-content\/gallery\/montage-creche-distribution-de-sapin\/creche_2011_03.JPG\"\n\t\t\t\ttitle=\" \"\n\t\t\t\tdata-src=\"https:\/\/www.prouvy.be\/wp-content\/gallery\/montage-creche-distribution-de-sapin\/creche_2011_03.JPG\"\n\t\t\t\tdata-thumbnail=\"https:\/\/www.prouvy.be\/wp-content\/gallery\/montage-creche-distribution-de-sapin\/thumbs\/thumbs_creche_2011_03.JPG\"\n\t\t\t\tdata-image-id=\"797\"\n\t\t\t\tdata-title=\"creche_2011_03\"\n\t\t\t\tdata-description=\" \"\n\t\t\t\tdata-image-slug=\"creche_2011_03\"\n\t\t\t\tclass=\"ngg-fancybox\" rel=\"cd845965a53a6040509fe8d3fdb4a54c\">\n\t\t\t\t<img\n\t\t\t\t\ttitle=\"creche_2011_03\"\n\t\t\t\t\talt=\"creche_2011_03\"\n\t\t\t\t\tsrc=\"https:\/\/www.prouvy.be\/wp-content\/gallery\/montage-creche-distribution-de-sapin\/thumbs\/thumbs_creche_2011_03.JPG\"\n\t\t\t\t\twidth=\"120\"\n\t\t\t\t\theight=\"90\"\n\t\t\t\t\tstyle=\"max-width:100%;\"\n\t\t\t\t\/>\n\t\t\t<\/a>\n\t\t<\/div>\n\t\t\t\t\t\t\t<\/div>\n\t\t\t\n\t\t\n\t\t\t\t<div id=\"ngg-image-3\" class=\"ngg-gallery-thumbnail-box\"\n\t\t\t\t\t\t\t\t\t\t\t>\n\t\t\t\t\t\t<div class=\"ngg-gallery-thumbnail\">\n\t\t\t<a href=\"https:\/\/www.prouvy.be\/wp-content\/gallery\/montage-creche-distribution-de-sapin\/creche_2011_04.JPG\"\n\t\t\t\ttitle=\" \"\n\t\t\t\tdata-src=\"https:\/\/www.prouvy.be\/wp-content\/gallery\/montage-creche-distribution-de-sapin\/creche_2011_04.JPG\"\n\t\t\t\tdata-thumbnail=\"https:\/\/www.prouvy.be\/wp-content\/gallery\/montage-creche-distribution-de-sapin\/thumbs\/thumbs_creche_2011_04.JPG\"\n\t\t\t\tdata-image-id=\"798\"\n\t\t\t\tdata-title=\"creche_2011_04\"\n\t\t\t\tdata-description=\" \"\n\t\t\t\tdata-image-slug=\"creche_2011_04\"\n\t\t\t\tclass=\"ngg-fancybox\" rel=\"cd845965a53a6040509fe8d3fdb4a54c\">\n\t\t\t\t<img\n\t\t\t\t\ttitle=\"creche_2011_04\"\n\t\t\t\t\talt=\"creche_2011_04\"\n\t\t\t\t\tsrc=\"https:\/\/www.prouvy.be\/wp-content\/gallery\/montage-creche-distribution-de-sapin\/thumbs\/thumbs_creche_2011_04.JPG\"\n\t\t\t\t\twidth=\"120\"\n\t\t\t\t\theight=\"90\"\n\t\t\t\t\tstyle=\"max-width:100%;\"\n\t\t\t\t\/>\n\t\t\t<\/a>\n\t\t<\/div>\n\t\t\t\t\t\t\t<\/div>\n\t\t\t\n\t\t\n\t\t\t\t<div id=\"ngg-image-4\" class=\"ngg-gallery-thumbnail-box\"\n\t\t\t\t\t\t\t\t\t\t\t>\n\t\t\t\t\t\t<div class=\"ngg-gallery-thumbnail\">\n\t\t\t<a href=\"https:\/\/www.prouvy.be\/wp-content\/gallery\/montage-creche-distribution-de-sapin\/creche_2011_05.JPG\"\n\t\t\t\ttitle=\" \"\n\t\t\t\tdata-src=\"https:\/\/www.prouvy.be\/wp-content\/gallery\/montage-creche-distribution-de-sapin\/creche_2011_05.JPG\"\n\t\t\t\tdata-thumbnail=\"https:\/\/www.prouvy.be\/wp-content\/gallery\/montage-creche-distribution-de-sapin\/thumbs\/thumbs_creche_2011_05.JPG\"\n\t\t\t\tdata-image-id=\"799\"\n\t\t\t\tdata-title=\"creche_2011_05\"\n\t\t\t\tdata-description=\" \"\n\t\t\t\tdata-image-slug=\"creche_2011_05\"\n\t\t\t\tclass=\"ngg-fancybox\" rel=\"cd845965a53a6040509fe8d3fdb4a54c\">\n\t\t\t\t<img\n\t\t\t\t\ttitle=\"creche_2011_05\"\n\t\t\t\t\talt=\"creche_2011_05\"\n\t\t\t\t\tsrc=\"https:\/\/www.prouvy.be\/wp-content\/gallery\/montage-creche-distribution-de-sapin\/thumbs\/thumbs_creche_2011_05.JPG\"\n\t\t\t\t\twidth=\"120\"\n\t\t\t\t\theight=\"90\"\n\t\t\t\t\tstyle=\"max-width:100%;\"\n\t\t\t\t\/>\n\t\t\t<\/a>\n\t\t<\/div>\n\t\t\t\t\t\t\t<\/div>\n\t\t\t\n\t\t\n\t\t\t\t<div id=\"ngg-image-5\" class=\"ngg-gallery-thumbnail-box\"\n\t\t\t\t\t\t\t\t\t\t\t>\n\t\t\t\t\t\t<div class=\"ngg-gallery-thumbnail\">\n\t\t\t<a href=\"https:\/\/www.prouvy.be\/wp-content\/gallery\/montage-creche-distribution-de-sapin\/creche_2011_06.JPG\"\n\t\t\t\ttitle=\" \"\n\t\t\t\tdata-src=\"https:\/\/www.prouvy.be\/wp-content\/gallery\/montage-creche-distribution-de-sapin\/creche_2011_06.JPG\"\n\t\t\t\tdata-thumbnail=\"https:\/\/www.prouvy.be\/wp-content\/gallery\/montage-creche-distribution-de-sapin\/thumbs\/thumbs_creche_2011_06.JPG\"\n\t\t\t\tdata-image-id=\"800\"\n\t\t\t\tdata-title=\"creche_2011_06\"\n\t\t\t\tdata-description=\" \"\n\t\t\t\tdata-image-slug=\"creche_2011_06\"\n\t\t\t\tclass=\"ngg-fancybox\" rel=\"cd845965a53a6040509fe8d3fdb4a54c\">\n\t\t\t\t<img\n\t\t\t\t\ttitle=\"creche_2011_06\"\n\t\t\t\t\talt=\"creche_2011_06\"\n\t\t\t\t\tsrc=\"https:\/\/www.prouvy.be\/wp-content\/gallery\/montage-creche-distribution-de-sapin\/thumbs\/thumbs_creche_2011_06.JPG\"\n\t\t\t\t\twidth=\"120\"\n\t\t\t\t\theight=\"90\"\n\t\t\t\t\tstyle=\"max-width:100%;\"\n\t\t\t\t\/>\n\t\t\t<\/a>\n\t\t<\/div>\n\t\t\t\t\t\t\t<\/div>\n\t\t\t\n\t\t\n\t\t\t\t<div id=\"ngg-image-6\" class=\"ngg-gallery-thumbnail-box\"\n\t\t\t\t\t\t\t\t\t\t\t>\n\t\t\t\t\t\t<div class=\"ngg-gallery-thumbnail\">\n\t\t\t<a href=\"https:\/\/www.prouvy.be\/wp-content\/gallery\/montage-creche-distribution-de-sapin\/creche_2011_07.JPG\"\n\t\t\t\ttitle=\" \"\n\t\t\t\tdata-src=\"https:\/\/www.prouvy.be\/wp-content\/gallery\/montage-creche-distribution-de-sapin\/creche_2011_07.JPG\"\n\t\t\t\tdata-thumbnail=\"https:\/\/www.prouvy.be\/wp-content\/gallery\/montage-creche-distribution-de-sapin\/thumbs\/thumbs_creche_2011_07.JPG\"\n\t\t\t\tdata-image-id=\"801\"\n\t\t\t\tdata-title=\"creche_2011_07\"\n\t\t\t\tdata-description=\" \"\n\t\t\t\tdata-image-slug=\"creche_2011_07\"\n\t\t\t\tclass=\"ngg-fancybox\" rel=\"cd845965a53a6040509fe8d3fdb4a54c\">\n\t\t\t\t<img\n\t\t\t\t\ttitle=\"creche_2011_07\"\n\t\t\t\t\talt=\"creche_2011_07\"\n\t\t\t\t\tsrc=\"https:\/\/www.prouvy.be\/wp-content\/gallery\/montage-creche-distribution-de-sapin\/thumbs\/thumbs_creche_2011_07.JPG\"\n\t\t\t\t\twidth=\"120\"\n\t\t\t\t\theight=\"90\"\n\t\t\t\t\tstyle=\"max-width:100%;\"\n\t\t\t\t\/>\n\t\t\t<\/a>\n\t\t<\/div>\n\t\t\t\t\t\t\t<\/div>\n\t\t\t\n\t\t\n\t\t\t\t<div id=\"ngg-image-7\" class=\"ngg-gallery-thumbnail-box\"\n\t\t\t\t\t\t\t\t\t\t\t>\n\t\t\t\t\t\t<div class=\"ngg-gallery-thumbnail\">\n\t\t\t<a href=\"https:\/\/www.prouvy.be\/wp-content\/gallery\/montage-creche-distribution-de-sapin\/creche_2011_08.JPG\"\n\t\t\t\ttitle=\" \"\n\t\t\t\tdata-src=\"https:\/\/www.prouvy.be\/wp-content\/gallery\/montage-creche-distribution-de-sapin\/creche_2011_08.JPG\"\n\t\t\t\tdata-thumbnail=\"https:\/\/www.prouvy.be\/wp-content\/gallery\/montage-creche-distribution-de-sapin\/thumbs\/thumbs_creche_2011_08.JPG\"\n\t\t\t\tdata-image-id=\"802\"\n\t\t\t\tdata-title=\"creche_2011_08\"\n\t\t\t\tdata-description=\" \"\n\t\t\t\tdata-image-slug=\"creche_2011_08\"\n\t\t\t\tclass=\"ngg-fancybox\" rel=\"cd845965a53a6040509fe8d3fdb4a54c\">\n\t\t\t\t<img\n\t\t\t\t\ttitle=\"creche_2011_08\"\n\t\t\t\t\talt=\"creche_2011_08\"\n\t\t\t\t\tsrc=\"https:\/\/www.prouvy.be\/wp-content\/gallery\/montage-creche-distribution-de-sapin\/thumbs\/thumbs_creche_2011_08.JPG\"\n\t\t\t\t\twidth=\"120\"\n\t\t\t\t\theight=\"90\"\n\t\t\t\t\tstyle=\"max-width:100%;\"\n\t\t\t\t\/>\n\t\t\t<\/a>\n\t\t<\/div>\n\t\t\t\t\t\t\t<\/div>\n\t\t\t\n\t\t\n\t\t\n\t\t<!-- Pagination -->\n\t\t<div class='ngg-clear'><\/div>\t<\/div>\n<\/p>\n","protected":false},"excerpt":{"rendered":"<p>Une douzaine de b\u00fbcherons en herbe se sont activ\u00e9s ce samedi 10 d\u00e9cembre \u00e0 construire la cr\u00e8che devant la chapelle du village. Toute la petite famille de Bethl\u00e9em a d\u00e9j\u00e0 pris possession des lieux. A l\u2019exception du petit J\u00e9sus qui les rejoindra le jour de No\u00ebl. Plus de soixante \u00e9pic\u00e9as ont \u00e9t\u00e9 livr\u00e9s au domicile &hellip; <a href=\"https:\/\/www.prouvy.be\/?page_id=2349\" class=\"more-link\">Continuer la lecture de <span class=\"screen-reader-text\">Montage creche + Distribution de sapin<\/span>  <span class=\"meta-nav\">&rarr;<\/span><\/a><\/p>\n","protected":false},"author":1,"featured_media":2371,"parent":2347,"menu_order":0,"comment_status":"open","ping_status":"open","template":"","meta":{"ngg_post_thumbnail":0,"footnotes":""},"class_list":["post-2349","page","type-page","status-publish","has-post-thumbnail","hentry"],"post_mailing_queue_ids":[],"_links":{"self":[{"href":"https:\/\/www.prouvy.be\/index.php?rest_route=\/wp\/v2\/pages\/2349","targetHints":{"allow":["GET"]}}],"collection":[{"href":"https:\/\/www.prouvy.be\/index.php?rest_route=\/wp\/v2\/pages"}],"about":[{"href":"https:\/\/www.prouvy.be\/index.php?rest_route=\/wp\/v2\/types\/page"}],"author":[{"embeddable":true,"href":"https:\/\/www.prouvy.be\/index.php?rest_route=\/wp\/v2\/users\/1"}],"replies":[{"embeddable":true,"href":"https:\/\/www.prouvy.be\/index.php?rest_route=%2Fwp%2Fv2%2Fcomments&post=2349"}],"version-history":[{"count":1,"href":"https:\/\/www.prouvy.be\/index.php?rest_route=\/wp\/v2\/pages\/2349\/revisions"}],"predecessor-version":[{"id":2372,"href":"https:\/\/www.prouvy.be\/index.php?rest_route=\/wp\/v2\/pages\/2349\/revisions\/2372"}],"up":[{"embeddable":true,"href":"https:\/\/www.prouvy.be\/index.php?rest_route=\/wp\/v2\/pages\/2347"}],"wp:featuredmedia":[{"embeddable":true,"href":"https:\/\/www.prouvy.be\/index.php?rest_route=\/wp\/v2\/media\/2371"}],"wp:attachment":[{"href":"https:\/\/www.prouvy.be\/index.php?rest_route=%2Fwp%2Fv2%2Fmedia&parent=2349"}],"curies":[{"name":"wp","href":"https:\/\/api.w.org\/{rel}","templated":true}]}}