{"id":2297,"date":"2014-11-24T23:46:01","date_gmt":"2014-11-24T21:46:01","guid":{"rendered":"http:\/\/new.prouvy.be\/?page_id=2297"},"modified":"2014-11-24T23:46:01","modified_gmt":"2014-11-24T21:46:01","slug":"assemblee-generale","status":"publish","type":"page","link":"https:\/\/www.prouvy.be\/?page_id=2297","title":{"rendered":"Assembl\u00e9e g\u00e9n\u00e9rale"},"content":{"rendered":"<div id=\"fb-root\"><\/div>\n<p>Une bonne quarantaine de villageois prennent place autour des tables si joliment d\u00e9cor\u00e9es par des dames b\u00e9n\u00e9voles. Comme d\u2019habitude, apr\u00e8s le mot de bienvenue du pr\u00e9sident et le rappel des activit\u00e9s pass\u00e9es en 2009, ce fut au tour du tr\u00e9sorier d\u2019expliquer le bilan financier de l\u2019ann\u00e9e pass\u00e9e. On peut dire que celui-ci se porte tr\u00e8s bien. Cette ann\u00e9e, le mandat triennal se termine et le comit\u00e9 est donc d\u00e9missionnaire. Le pr\u00e9sident a d\u00e8s lors fait appel aux candidats pour former tr\u00e8s prochainement un nouveau comit\u00e9. Cette soir\u00e9e a \u00e9t\u00e9 mise \u00e0 profit pour pr\u00e9senter l\u2018\u00e9tat d\u2019avancement du projet d\u2019am\u00e9nagement global de Prouvy dans le cadre de l\u2019Op\u00e9ration de D\u00e9veloppement Rural de la Ville de Chiny. Ensuite, les dames ont servi un excellent couscous qui a rassasi\u00e9 toute l\u2019assembl\u00e9e. Et enfin comme \u00e0 chaque AG, le jeu du panier de la m\u00e9nag\u00e8re a anim\u00e9 notre salle de village.<\/p>\n<p><!-- index.php -->\n<div\n\tclass=\"ngg-galleryoverview\n\t ngg-ajax-pagination-none\t\"\n\tid=\"ngg-gallery-de3f8068a2715595168a7142764b3f7c-1\">\n\n\t\t<div class=\"slideshowlink\">\n\t\t<a href='https:\/\/www.prouvy.be\/index.php\/nggallery\/slideshow?page_id=2297'>[Show slideshow]<\/a>\n\n\t<\/div>\n\t\t\t<!-- Thumbnails -->\n\t\t\t\t<div id=\"ngg-image-0\" class=\"ngg-gallery-thumbnail-box\"\n\t\t\t\t\t\t\t\t\t\t\t>\n\t\t\t\t\t\t<div class=\"ngg-gallery-thumbnail\">\n\t\t\t<a href=\"https:\/\/www.prouvy.be\/wp-content\/gallery\/assemblee-generale\/Assemble_2010_01.jpg\"\n\t\t\t\ttitle=\"\"\n\t\t\t\tdata-src=\"https:\/\/www.prouvy.be\/wp-content\/gallery\/assemblee-generale\/Assemble_2010_01.jpg\"\n\t\t\t\tdata-thumbnail=\"https:\/\/www.prouvy.be\/wp-content\/gallery\/assemblee-generale\/thumbs\/thumbs_Assemble_2010_01.jpg\"\n\t\t\t\tdata-image-id=\"777\"\n\t\t\t\tdata-title=\"Assemble_2010_01\"\n\t\t\t\tdata-description=\"\"\n\t\t\t\tdata-image-slug=\"assemble_2010_01\"\n\t\t\t\tclass=\"ngg-fancybox\" rel=\"de3f8068a2715595168a7142764b3f7c\">\n\t\t\t\t<img\n\t\t\t\t\ttitle=\"Assemble_2010_01\"\n\t\t\t\t\talt=\"Assemble_2010_01\"\n\t\t\t\t\tsrc=\"https:\/\/www.prouvy.be\/wp-content\/gallery\/assemblee-generale\/thumbs\/thumbs_Assemble_2010_01.jpg\"\n\t\t\t\t\twidth=\"120\"\n\t\t\t\t\theight=\"90\"\n\t\t\t\t\tstyle=\"max-width:100%;\"\n\t\t\t\t\/>\n\t\t\t<\/a>\n\t\t<\/div>\n\t\t\t\t\t\t\t<\/div>\n\t\t\t\n\t\t\n\t\t\t\t<div id=\"ngg-image-1\" class=\"ngg-gallery-thumbnail-box\"\n\t\t\t\t\t\t\t\t\t\t\t>\n\t\t\t\t\t\t<div class=\"ngg-gallery-thumbnail\">\n\t\t\t<a href=\"https:\/\/www.prouvy.be\/wp-content\/gallery\/assemblee-generale\/Assemble_2010_02.jpg\"\n\t\t\t\ttitle=\" \"\n\t\t\t\tdata-src=\"https:\/\/www.prouvy.be\/wp-content\/gallery\/assemblee-generale\/Assemble_2010_02.jpg\"\n\t\t\t\tdata-thumbnail=\"https:\/\/www.prouvy.be\/wp-content\/gallery\/assemblee-generale\/thumbs\/thumbs_Assemble_2010_02.jpg\"\n\t\t\t\tdata-image-id=\"778\"\n\t\t\t\tdata-title=\"Assemble_2010_02\"\n\t\t\t\tdata-description=\" \"\n\t\t\t\tdata-image-slug=\"assemble_2010_02\"\n\t\t\t\tclass=\"ngg-fancybox\" rel=\"de3f8068a2715595168a7142764b3f7c\">\n\t\t\t\t<img\n\t\t\t\t\ttitle=\"Assemble_2010_02\"\n\t\t\t\t\talt=\"Assemble_2010_02\"\n\t\t\t\t\tsrc=\"https:\/\/www.prouvy.be\/wp-content\/gallery\/assemblee-generale\/thumbs\/thumbs_Assemble_2010_02.jpg\"\n\t\t\t\t\twidth=\"120\"\n\t\t\t\t\theight=\"90\"\n\t\t\t\t\tstyle=\"max-width:100%;\"\n\t\t\t\t\/>\n\t\t\t<\/a>\n\t\t<\/div>\n\t\t\t\t\t\t\t<\/div>\n\t\t\t\n\t\t\n\t\t\t\t<div id=\"ngg-image-2\" class=\"ngg-gallery-thumbnail-box\"\n\t\t\t\t\t\t\t\t\t\t\t>\n\t\t\t\t\t\t<div class=\"ngg-gallery-thumbnail\">\n\t\t\t<a href=\"https:\/\/www.prouvy.be\/wp-content\/gallery\/assemblee-generale\/Assemble_2010_03.jpg\"\n\t\t\t\ttitle=\" \"\n\t\t\t\tdata-src=\"https:\/\/www.prouvy.be\/wp-content\/gallery\/assemblee-generale\/Assemble_2010_03.jpg\"\n\t\t\t\tdata-thumbnail=\"https:\/\/www.prouvy.be\/wp-content\/gallery\/assemblee-generale\/thumbs\/thumbs_Assemble_2010_03.jpg\"\n\t\t\t\tdata-image-id=\"779\"\n\t\t\t\tdata-title=\"Assemble_2010_03\"\n\t\t\t\tdata-description=\" \"\n\t\t\t\tdata-image-slug=\"assemble_2010_03\"\n\t\t\t\tclass=\"ngg-fancybox\" rel=\"de3f8068a2715595168a7142764b3f7c\">\n\t\t\t\t<img\n\t\t\t\t\ttitle=\"Assemble_2010_03\"\n\t\t\t\t\talt=\"Assemble_2010_03\"\n\t\t\t\t\tsrc=\"https:\/\/www.prouvy.be\/wp-content\/gallery\/assemblee-generale\/thumbs\/thumbs_Assemble_2010_03.jpg\"\n\t\t\t\t\twidth=\"120\"\n\t\t\t\t\theight=\"90\"\n\t\t\t\t\tstyle=\"max-width:100%;\"\n\t\t\t\t\/>\n\t\t\t<\/a>\n\t\t<\/div>\n\t\t\t\t\t\t\t<\/div>\n\t\t\t\n\t\t\n\t\t\t\t<div id=\"ngg-image-3\" class=\"ngg-gallery-thumbnail-box\"\n\t\t\t\t\t\t\t\t\t\t\t>\n\t\t\t\t\t\t<div class=\"ngg-gallery-thumbnail\">\n\t\t\t<a href=\"https:\/\/www.prouvy.be\/wp-content\/gallery\/assemblee-generale\/Assemble_2010_04.jpg\"\n\t\t\t\ttitle=\" \"\n\t\t\t\tdata-src=\"https:\/\/www.prouvy.be\/wp-content\/gallery\/assemblee-generale\/Assemble_2010_04.jpg\"\n\t\t\t\tdata-thumbnail=\"https:\/\/www.prouvy.be\/wp-content\/gallery\/assemblee-generale\/thumbs\/thumbs_Assemble_2010_04.jpg\"\n\t\t\t\tdata-image-id=\"780\"\n\t\t\t\tdata-title=\"Assemble_2010_04\"\n\t\t\t\tdata-description=\" \"\n\t\t\t\tdata-image-slug=\"assemble_2010_04\"\n\t\t\t\tclass=\"ngg-fancybox\" rel=\"de3f8068a2715595168a7142764b3f7c\">\n\t\t\t\t<img\n\t\t\t\t\ttitle=\"Assemble_2010_04\"\n\t\t\t\t\talt=\"Assemble_2010_04\"\n\t\t\t\t\tsrc=\"https:\/\/www.prouvy.be\/wp-content\/gallery\/assemblee-generale\/thumbs\/thumbs_Assemble_2010_04.jpg\"\n\t\t\t\t\twidth=\"120\"\n\t\t\t\t\theight=\"90\"\n\t\t\t\t\tstyle=\"max-width:100%;\"\n\t\t\t\t\/>\n\t\t\t<\/a>\n\t\t<\/div>\n\t\t\t\t\t\t\t<\/div>\n\t\t\t\n\t\t\n\t\t\t\t<div id=\"ngg-image-4\" class=\"ngg-gallery-thumbnail-box\"\n\t\t\t\t\t\t\t\t\t\t\t>\n\t\t\t\t\t\t<div class=\"ngg-gallery-thumbnail\">\n\t\t\t<a href=\"https:\/\/www.prouvy.be\/wp-content\/gallery\/assemblee-generale\/Assemble_2010_05.jpg\"\n\t\t\t\ttitle=\" \"\n\t\t\t\tdata-src=\"https:\/\/www.prouvy.be\/wp-content\/gallery\/assemblee-generale\/Assemble_2010_05.jpg\"\n\t\t\t\tdata-thumbnail=\"https:\/\/www.prouvy.be\/wp-content\/gallery\/assemblee-generale\/thumbs\/thumbs_Assemble_2010_05.jpg\"\n\t\t\t\tdata-image-id=\"781\"\n\t\t\t\tdata-title=\"Assemble_2010_05\"\n\t\t\t\tdata-description=\" \"\n\t\t\t\tdata-image-slug=\"assemble_2010_05\"\n\t\t\t\tclass=\"ngg-fancybox\" rel=\"de3f8068a2715595168a7142764b3f7c\">\n\t\t\t\t<img\n\t\t\t\t\ttitle=\"Assemble_2010_05\"\n\t\t\t\t\talt=\"Assemble_2010_05\"\n\t\t\t\t\tsrc=\"https:\/\/www.prouvy.be\/wp-content\/gallery\/assemblee-generale\/thumbs\/thumbs_Assemble_2010_05.jpg\"\n\t\t\t\t\twidth=\"120\"\n\t\t\t\t\theight=\"90\"\n\t\t\t\t\tstyle=\"max-width:100%;\"\n\t\t\t\t\/>\n\t\t\t<\/a>\n\t\t<\/div>\n\t\t\t\t\t\t\t<\/div>\n\t\t\t\n\t\t\n\t\t\t\t<div id=\"ngg-image-5\" class=\"ngg-gallery-thumbnail-box\"\n\t\t\t\t\t\t\t\t\t\t\t>\n\t\t\t\t\t\t<div class=\"ngg-gallery-thumbnail\">\n\t\t\t<a href=\"https:\/\/www.prouvy.be\/wp-content\/gallery\/assemblee-generale\/Assemble_2010_06.jpg\"\n\t\t\t\ttitle=\" \"\n\t\t\t\tdata-src=\"https:\/\/www.prouvy.be\/wp-content\/gallery\/assemblee-generale\/Assemble_2010_06.jpg\"\n\t\t\t\tdata-thumbnail=\"https:\/\/www.prouvy.be\/wp-content\/gallery\/assemblee-generale\/thumbs\/thumbs_Assemble_2010_06.jpg\"\n\t\t\t\tdata-image-id=\"782\"\n\t\t\t\tdata-title=\"Assemble_2010_06\"\n\t\t\t\tdata-description=\" \"\n\t\t\t\tdata-image-slug=\"assemble_2010_06\"\n\t\t\t\tclass=\"ngg-fancybox\" rel=\"de3f8068a2715595168a7142764b3f7c\">\n\t\t\t\t<img\n\t\t\t\t\ttitle=\"Assemble_2010_06\"\n\t\t\t\t\talt=\"Assemble_2010_06\"\n\t\t\t\t\tsrc=\"https:\/\/www.prouvy.be\/wp-content\/gallery\/assemblee-generale\/thumbs\/thumbs_Assemble_2010_06.jpg\"\n\t\t\t\t\twidth=\"120\"\n\t\t\t\t\theight=\"90\"\n\t\t\t\t\tstyle=\"max-width:100%;\"\n\t\t\t\t\/>\n\t\t\t<\/a>\n\t\t<\/div>\n\t\t\t\t\t\t\t<\/div>\n\t\t\t\n\t\t\n\t\t\t\t<div id=\"ngg-image-6\" class=\"ngg-gallery-thumbnail-box\"\n\t\t\t\t\t\t\t\t\t\t\t>\n\t\t\t\t\t\t<div class=\"ngg-gallery-thumbnail\">\n\t\t\t<a href=\"https:\/\/www.prouvy.be\/wp-content\/gallery\/assemblee-generale\/Assemble_2010_07.jpg\"\n\t\t\t\ttitle=\" \"\n\t\t\t\tdata-src=\"https:\/\/www.prouvy.be\/wp-content\/gallery\/assemblee-generale\/Assemble_2010_07.jpg\"\n\t\t\t\tdata-thumbnail=\"https:\/\/www.prouvy.be\/wp-content\/gallery\/assemblee-generale\/thumbs\/thumbs_Assemble_2010_07.jpg\"\n\t\t\t\tdata-image-id=\"783\"\n\t\t\t\tdata-title=\"Assemble_2010_07\"\n\t\t\t\tdata-description=\" \"\n\t\t\t\tdata-image-slug=\"assemble_2010_07\"\n\t\t\t\tclass=\"ngg-fancybox\" rel=\"de3f8068a2715595168a7142764b3f7c\">\n\t\t\t\t<img\n\t\t\t\t\ttitle=\"Assemble_2010_07\"\n\t\t\t\t\talt=\"Assemble_2010_07\"\n\t\t\t\t\tsrc=\"https:\/\/www.prouvy.be\/wp-content\/gallery\/assemblee-generale\/thumbs\/thumbs_Assemble_2010_07.jpg\"\n\t\t\t\t\twidth=\"120\"\n\t\t\t\t\theight=\"90\"\n\t\t\t\t\tstyle=\"max-width:100%;\"\n\t\t\t\t\/>\n\t\t\t<\/a>\n\t\t<\/div>\n\t\t\t\t\t\t\t<\/div>\n\t\t\t\n\t\t\n\t\t\t\t<div id=\"ngg-image-7\" class=\"ngg-gallery-thumbnail-box\"\n\t\t\t\t\t\t\t\t\t\t\t>\n\t\t\t\t\t\t<div class=\"ngg-gallery-thumbnail\">\n\t\t\t<a href=\"https:\/\/www.prouvy.be\/wp-content\/gallery\/assemblee-generale\/Assemble_2010_08.jpg\"\n\t\t\t\ttitle=\" \"\n\t\t\t\tdata-src=\"https:\/\/www.prouvy.be\/wp-content\/gallery\/assemblee-generale\/Assemble_2010_08.jpg\"\n\t\t\t\tdata-thumbnail=\"https:\/\/www.prouvy.be\/wp-content\/gallery\/assemblee-generale\/thumbs\/thumbs_Assemble_2010_08.jpg\"\n\t\t\t\tdata-image-id=\"784\"\n\t\t\t\tdata-title=\"Assemble_2010_08\"\n\t\t\t\tdata-description=\" \"\n\t\t\t\tdata-image-slug=\"assemble_2010_08\"\n\t\t\t\tclass=\"ngg-fancybox\" rel=\"de3f8068a2715595168a7142764b3f7c\">\n\t\t\t\t<img\n\t\t\t\t\ttitle=\"Assemble_2010_08\"\n\t\t\t\t\talt=\"Assemble_2010_08\"\n\t\t\t\t\tsrc=\"https:\/\/www.prouvy.be\/wp-content\/gallery\/assemblee-generale\/thumbs\/thumbs_Assemble_2010_08.jpg\"\n\t\t\t\t\twidth=\"120\"\n\t\t\t\t\theight=\"90\"\n\t\t\t\t\tstyle=\"max-width:100%;\"\n\t\t\t\t\/>\n\t\t\t<\/a>\n\t\t<\/div>\n\t\t\t\t\t\t\t<\/div>\n\t\t\t\n\t\t\n\t\t\n\t\t<!-- Pagination -->\n\t\t<div class='ngg-clear'><\/div>\t<\/div>\n<\/p>\n","protected":false},"excerpt":{"rendered":"<p>Une bonne quarantaine de villageois prennent place autour des tables si joliment d\u00e9cor\u00e9es par des dames b\u00e9n\u00e9voles. Comme d\u2019habitude, apr\u00e8s le mot de bienvenue du pr\u00e9sident et le rappel des activit\u00e9s pass\u00e9es en 2009, ce fut au tour du tr\u00e9sorier d\u2019expliquer le bilan financier de l\u2019ann\u00e9e pass\u00e9e. On peut dire que celui-ci se porte tr\u00e8s &hellip; <a href=\"https:\/\/www.prouvy.be\/?page_id=2297\" class=\"more-link\">Continuer la lecture de <span class=\"screen-reader-text\">Assembl\u00e9e g\u00e9n\u00e9rale<\/span>  <span class=\"meta-nav\">&rarr;<\/span><\/a><\/p>\n","protected":false},"author":1,"featured_media":2317,"parent":2081,"menu_order":0,"comment_status":"open","ping_status":"open","template":"","meta":{"ngg_post_thumbnail":0,"footnotes":""},"class_list":["post-2297","page","type-page","status-publish","has-post-thumbnail","hentry"],"post_mailing_queue_ids":[],"_links":{"self":[{"href":"https:\/\/www.prouvy.be\/index.php?rest_route=\/wp\/v2\/pages\/2297","targetHints":{"allow":["GET"]}}],"collection":[{"href":"https:\/\/www.prouvy.be\/index.php?rest_route=\/wp\/v2\/pages"}],"about":[{"href":"https:\/\/www.prouvy.be\/index.php?rest_route=\/wp\/v2\/types\/page"}],"author":[{"embeddable":true,"href":"https:\/\/www.prouvy.be\/index.php?rest_route=\/wp\/v2\/users\/1"}],"replies":[{"embeddable":true,"href":"https:\/\/www.prouvy.be\/index.php?rest_route=%2Fwp%2Fv2%2Fcomments&post=2297"}],"version-history":[{"count":1,"href":"https:\/\/www.prouvy.be\/index.php?rest_route=\/wp\/v2\/pages\/2297\/revisions"}],"predecessor-version":[{"id":2318,"href":"https:\/\/www.prouvy.be\/index.php?rest_route=\/wp\/v2\/pages\/2297\/revisions\/2318"}],"up":[{"embeddable":true,"href":"https:\/\/www.prouvy.be\/index.php?rest_route=\/wp\/v2\/pages\/2081"}],"wp:featuredmedia":[{"embeddable":true,"href":"https:\/\/www.prouvy.be\/index.php?rest_route=\/wp\/v2\/media\/2317"}],"wp:attachment":[{"href":"https:\/\/www.prouvy.be\/index.php?rest_route=%2Fwp%2Fv2%2Fmedia&parent=2297"}],"curies":[{"name":"wp","href":"https:\/\/api.w.org\/{rel}","templated":true}]}}