{"id":2294,"date":"2014-11-24T23:41:30","date_gmt":"2014-11-24T21:41:30","guid":{"rendered":"http:\/\/new.prouvy.be\/?page_id=2294"},"modified":"2014-11-24T23:41:30","modified_gmt":"2014-11-24T21:41:30","slug":"operation-village-propre","status":"publish","type":"page","link":"https:\/\/www.prouvy.be\/?page_id=2294","title":{"rendered":"Op\u00e9ration village propre"},"content":{"rendered":"<div id=\"fb-root\"><\/div>\n<p>17 adultes et 7 enfants \u00e9taient de la partie malgr\u00e9 le tr\u00e8s mauvais temps pour nettoyer notre beau village. Malheureusement, il fallu quelques jours pour que les d\u00e9chets d\u00e9pos\u00e9s sur le parking soient enlev\u00e9s.<\/p>\n","protected":false},"excerpt":{"rendered":"<p>17 adultes et 7 enfants \u00e9taient de la partie malgr\u00e9 le tr\u00e8s mauvais temps pour nettoyer notre beau village. Malheureusement, il fallu quelques jours pour que les d\u00e9chets d\u00e9pos\u00e9s sur le parking soient enlev\u00e9s.<\/p>\n","protected":false},"author":1,"featured_media":0,"parent":2081,"menu_order":0,"comment_status":"open","ping_status":"open","template":"","meta":{"ngg_post_thumbnail":0,"footnotes":""},"class_list":["post-2294","page","type-page","status-publish","hentry"],"post_mailing_queue_ids":[],"_links":{"self":[{"href":"https:\/\/www.prouvy.be\/index.php?rest_route=\/wp\/v2\/pages\/2294","targetHints":{"allow":["GET"]}}],"collection":[{"href":"https:\/\/www.prouvy.be\/index.php?rest_route=\/wp\/v2\/pages"}],"about":[{"href":"https:\/\/www.prouvy.be\/index.php?rest_route=\/wp\/v2\/types\/page"}],"author":[{"embeddable":true,"href":"https:\/\/www.prouvy.be\/index.php?rest_route=\/wp\/v2\/users\/1"}],"replies":[{"embeddable":true,"href":"https:\/\/www.prouvy.be\/index.php?rest_route=%2Fwp%2Fv2%2Fcomments&post=2294"}],"version-history":[{"count":1,"href":"https:\/\/www.prouvy.be\/index.php?rest_route=\/wp\/v2\/pages\/2294\/revisions"}],"predecessor-version":[{"id":2295,"href":"https:\/\/www.prouvy.be\/index.php?rest_route=\/wp\/v2\/pages\/2294\/revisions\/2295"}],"up":[{"embeddable":true,"href":"https:\/\/www.prouvy.be\/index.php?rest_route=\/wp\/v2\/pages\/2081"}],"wp:attachment":[{"href":"https:\/\/www.prouvy.be\/index.php?rest_route=%2Fwp%2Fv2%2Fmedia&parent=2294"}],"curies":[{"name":"wp","href":"https:\/\/api.w.org\/{rel}","templated":true}]}}