{"id":2263,"date":"2014-11-24T23:33:07","date_gmt":"2014-11-24T21:33:07","guid":{"rendered":"http:\/\/new.prouvy.be\/?page_id=2263"},"modified":"2014-11-24T23:33:07","modified_gmt":"2014-11-24T21:33:07","slug":"souper-des-hommes","status":"publish","type":"page","link":"https:\/\/www.prouvy.be\/?page_id=2263","title":{"rendered":"Souper des hommes"},"content":{"rendered":"<div id=\"fb-root\"><\/div>\n<p>A en croire les commentaires fait en fin de soir\u00e9e, cette \u00e9dition fut une des meilleures. Les pr\u00e9paratifs se sont tr\u00e8s bien d\u00e9roul\u00e9s. Pour preuve, tout ce qui avait \u00e9t\u00e9 pr\u00e9vu par le chef G\u00e9g\u00e9 a \u00e9t\u00e9 r\u00e9alis\u00e9 dans les moindres d\u00e9tails. Chacun des 24 cuistots en herbe a parfaitement tenu son r\u00f4le. Et les dames ont appr\u00e9ci\u00e9 cette magnifique soir\u00e9e en leur honneur.<\/p>\n<p><a href=\"http:\/\/www.lavenir.net\/article\/detail.aspx?articleid=38795675\">Article paru dans l\u2019Avenir<\/a><\/p>\n<p>&nbsp;<\/p>\n<p>&nbsp;<\/p>\n<p><!-- index.php -->\n<div\n\tclass=\"ngg-galleryoverview\n\t ngg-ajax-pagination-none\t\"\n\tid=\"ngg-gallery-4ba9ef3cd43129468d66bd47d1ebca16-1\">\n\n\t\t<div class=\"slideshowlink\">\n\t\t<a href='https:\/\/www.prouvy.be\/index.php\/nggallery\/slideshow?page_id=2263'>[Show slideshow]<\/a>\n\n\t<\/div>\n\t\t\t<!-- Thumbnails -->\n\t\t\t\t<div id=\"ngg-image-0\" class=\"ngg-gallery-thumbnail-box\"\n\t\t\t\t\t\t\t\t\t\t\t>\n\t\t\t\t\t\t<div class=\"ngg-gallery-thumbnail\">\n\t\t\t<a href=\"https:\/\/www.prouvy.be\/wp-content\/gallery\/souper-des-hommes-2006\/souper_h_2010_01.JPG\"\n\t\t\t\ttitle=\"\"\n\t\t\t\tdata-src=\"https:\/\/www.prouvy.be\/wp-content\/gallery\/souper-des-hommes-2006\/souper_h_2010_01.JPG\"\n\t\t\t\tdata-thumbnail=\"https:\/\/www.prouvy.be\/wp-content\/gallery\/souper-des-hommes-2006\/thumbs\/thumbs_souper_h_2010_01.JPG\"\n\t\t\t\tdata-image-id=\"765\"\n\t\t\t\tdata-title=\"souper_h_2010_01\"\n\t\t\t\tdata-description=\"\"\n\t\t\t\tdata-image-slug=\"souper_h_2010_01\"\n\t\t\t\tclass=\"ngg-fancybox\" rel=\"4ba9ef3cd43129468d66bd47d1ebca16\">\n\t\t\t\t<img\n\t\t\t\t\ttitle=\"souper_h_2010_01\"\n\t\t\t\t\talt=\"souper_h_2010_01\"\n\t\t\t\t\tsrc=\"https:\/\/www.prouvy.be\/wp-content\/gallery\/souper-des-hommes-2006\/thumbs\/thumbs_souper_h_2010_01.JPG\"\n\t\t\t\t\twidth=\"120\"\n\t\t\t\t\theight=\"90\"\n\t\t\t\t\tstyle=\"max-width:100%;\"\n\t\t\t\t\/>\n\t\t\t<\/a>\n\t\t<\/div>\n\t\t\t\t\t\t\t<\/div>\n\t\t\t\n\t\t\n\t\t\t\t<div id=\"ngg-image-1\" class=\"ngg-gallery-thumbnail-box\"\n\t\t\t\t\t\t\t\t\t\t\t>\n\t\t\t\t\t\t<div class=\"ngg-gallery-thumbnail\">\n\t\t\t<a href=\"https:\/\/www.prouvy.be\/wp-content\/gallery\/souper-des-hommes-2006\/souper_h_2010_02.JPG\"\n\t\t\t\ttitle=\" \"\n\t\t\t\tdata-src=\"https:\/\/www.prouvy.be\/wp-content\/gallery\/souper-des-hommes-2006\/souper_h_2010_02.JPG\"\n\t\t\t\tdata-thumbnail=\"https:\/\/www.prouvy.be\/wp-content\/gallery\/souper-des-hommes-2006\/thumbs\/thumbs_souper_h_2010_02.JPG\"\n\t\t\t\tdata-image-id=\"766\"\n\t\t\t\tdata-title=\"souper_h_2010_02\"\n\t\t\t\tdata-description=\" \"\n\t\t\t\tdata-image-slug=\"souper_h_2010_02\"\n\t\t\t\tclass=\"ngg-fancybox\" rel=\"4ba9ef3cd43129468d66bd47d1ebca16\">\n\t\t\t\t<img\n\t\t\t\t\ttitle=\"souper_h_2010_02\"\n\t\t\t\t\talt=\"souper_h_2010_02\"\n\t\t\t\t\tsrc=\"https:\/\/www.prouvy.be\/wp-content\/gallery\/souper-des-hommes-2006\/thumbs\/thumbs_souper_h_2010_02.JPG\"\n\t\t\t\t\twidth=\"120\"\n\t\t\t\t\theight=\"90\"\n\t\t\t\t\tstyle=\"max-width:100%;\"\n\t\t\t\t\/>\n\t\t\t<\/a>\n\t\t<\/div>\n\t\t\t\t\t\t\t<\/div>\n\t\t\t\n\t\t\n\t\t\t\t<div id=\"ngg-image-2\" class=\"ngg-gallery-thumbnail-box\"\n\t\t\t\t\t\t\t\t\t\t\t>\n\t\t\t\t\t\t<div class=\"ngg-gallery-thumbnail\">\n\t\t\t<a href=\"https:\/\/www.prouvy.be\/wp-content\/gallery\/souper-des-hommes-2006\/souper_h_2010_03.JPG\"\n\t\t\t\ttitle=\" \"\n\t\t\t\tdata-src=\"https:\/\/www.prouvy.be\/wp-content\/gallery\/souper-des-hommes-2006\/souper_h_2010_03.JPG\"\n\t\t\t\tdata-thumbnail=\"https:\/\/www.prouvy.be\/wp-content\/gallery\/souper-des-hommes-2006\/thumbs\/thumbs_souper_h_2010_03.JPG\"\n\t\t\t\tdata-image-id=\"767\"\n\t\t\t\tdata-title=\"souper_h_2010_03\"\n\t\t\t\tdata-description=\" \"\n\t\t\t\tdata-image-slug=\"souper_h_2010_03\"\n\t\t\t\tclass=\"ngg-fancybox\" rel=\"4ba9ef3cd43129468d66bd47d1ebca16\">\n\t\t\t\t<img\n\t\t\t\t\ttitle=\"souper_h_2010_03\"\n\t\t\t\t\talt=\"souper_h_2010_03\"\n\t\t\t\t\tsrc=\"https:\/\/www.prouvy.be\/wp-content\/gallery\/souper-des-hommes-2006\/thumbs\/thumbs_souper_h_2010_03.JPG\"\n\t\t\t\t\twidth=\"120\"\n\t\t\t\t\theight=\"90\"\n\t\t\t\t\tstyle=\"max-width:100%;\"\n\t\t\t\t\/>\n\t\t\t<\/a>\n\t\t<\/div>\n\t\t\t\t\t\t\t<\/div>\n\t\t\t\n\t\t\n\t\t\t\t<div id=\"ngg-image-3\" class=\"ngg-gallery-thumbnail-box\"\n\t\t\t\t\t\t\t\t\t\t\t>\n\t\t\t\t\t\t<div class=\"ngg-gallery-thumbnail\">\n\t\t\t<a href=\"https:\/\/www.prouvy.be\/wp-content\/gallery\/souper-des-hommes-2006\/souper_h_2010_04.JPG\"\n\t\t\t\ttitle=\" \"\n\t\t\t\tdata-src=\"https:\/\/www.prouvy.be\/wp-content\/gallery\/souper-des-hommes-2006\/souper_h_2010_04.JPG\"\n\t\t\t\tdata-thumbnail=\"https:\/\/www.prouvy.be\/wp-content\/gallery\/souper-des-hommes-2006\/thumbs\/thumbs_souper_h_2010_04.JPG\"\n\t\t\t\tdata-image-id=\"768\"\n\t\t\t\tdata-title=\"souper_h_2010_04\"\n\t\t\t\tdata-description=\" \"\n\t\t\t\tdata-image-slug=\"souper_h_2010_04\"\n\t\t\t\tclass=\"ngg-fancybox\" rel=\"4ba9ef3cd43129468d66bd47d1ebca16\">\n\t\t\t\t<img\n\t\t\t\t\ttitle=\"souper_h_2010_04\"\n\t\t\t\t\talt=\"souper_h_2010_04\"\n\t\t\t\t\tsrc=\"https:\/\/www.prouvy.be\/wp-content\/gallery\/souper-des-hommes-2006\/thumbs\/thumbs_souper_h_2010_04.JPG\"\n\t\t\t\t\twidth=\"120\"\n\t\t\t\t\theight=\"90\"\n\t\t\t\t\tstyle=\"max-width:100%;\"\n\t\t\t\t\/>\n\t\t\t<\/a>\n\t\t<\/div>\n\t\t\t\t\t\t\t<\/div>\n\t\t\t\n\t\t\n\t\t\t\t<div id=\"ngg-image-4\" class=\"ngg-gallery-thumbnail-box\"\n\t\t\t\t\t\t\t\t\t\t\t>\n\t\t\t\t\t\t<div class=\"ngg-gallery-thumbnail\">\n\t\t\t<a href=\"https:\/\/www.prouvy.be\/wp-content\/gallery\/souper-des-hommes-2006\/souper_h_2010_05.JPG\"\n\t\t\t\ttitle=\" \"\n\t\t\t\tdata-src=\"https:\/\/www.prouvy.be\/wp-content\/gallery\/souper-des-hommes-2006\/souper_h_2010_05.JPG\"\n\t\t\t\tdata-thumbnail=\"https:\/\/www.prouvy.be\/wp-content\/gallery\/souper-des-hommes-2006\/thumbs\/thumbs_souper_h_2010_05.JPG\"\n\t\t\t\tdata-image-id=\"769\"\n\t\t\t\tdata-title=\"souper_h_2010_05\"\n\t\t\t\tdata-description=\" \"\n\t\t\t\tdata-image-slug=\"souper_h_2010_05\"\n\t\t\t\tclass=\"ngg-fancybox\" rel=\"4ba9ef3cd43129468d66bd47d1ebca16\">\n\t\t\t\t<img\n\t\t\t\t\ttitle=\"souper_h_2010_05\"\n\t\t\t\t\talt=\"souper_h_2010_05\"\n\t\t\t\t\tsrc=\"https:\/\/www.prouvy.be\/wp-content\/gallery\/souper-des-hommes-2006\/thumbs\/thumbs_souper_h_2010_05.JPG\"\n\t\t\t\t\twidth=\"120\"\n\t\t\t\t\theight=\"90\"\n\t\t\t\t\tstyle=\"max-width:100%;\"\n\t\t\t\t\/>\n\t\t\t<\/a>\n\t\t<\/div>\n\t\t\t\t\t\t\t<\/div>\n\t\t\t\n\t\t\n\t\t\t\t<div id=\"ngg-image-5\" class=\"ngg-gallery-thumbnail-box\"\n\t\t\t\t\t\t\t\t\t\t\t>\n\t\t\t\t\t\t<div class=\"ngg-gallery-thumbnail\">\n\t\t\t<a href=\"https:\/\/www.prouvy.be\/wp-content\/gallery\/souper-des-hommes-2006\/souper_h_2010_06.JPG\"\n\t\t\t\ttitle=\" \"\n\t\t\t\tdata-src=\"https:\/\/www.prouvy.be\/wp-content\/gallery\/souper-des-hommes-2006\/souper_h_2010_06.JPG\"\n\t\t\t\tdata-thumbnail=\"https:\/\/www.prouvy.be\/wp-content\/gallery\/souper-des-hommes-2006\/thumbs\/thumbs_souper_h_2010_06.JPG\"\n\t\t\t\tdata-image-id=\"770\"\n\t\t\t\tdata-title=\"souper_h_2010_06\"\n\t\t\t\tdata-description=\" \"\n\t\t\t\tdata-image-slug=\"souper_h_2010_06\"\n\t\t\t\tclass=\"ngg-fancybox\" rel=\"4ba9ef3cd43129468d66bd47d1ebca16\">\n\t\t\t\t<img\n\t\t\t\t\ttitle=\"souper_h_2010_06\"\n\t\t\t\t\talt=\"souper_h_2010_06\"\n\t\t\t\t\tsrc=\"https:\/\/www.prouvy.be\/wp-content\/gallery\/souper-des-hommes-2006\/thumbs\/thumbs_souper_h_2010_06.JPG\"\n\t\t\t\t\twidth=\"120\"\n\t\t\t\t\theight=\"90\"\n\t\t\t\t\tstyle=\"max-width:100%;\"\n\t\t\t\t\/>\n\t\t\t<\/a>\n\t\t<\/div>\n\t\t\t\t\t\t\t<\/div>\n\t\t\t\n\t\t\n\t\t\t\t<div id=\"ngg-image-6\" class=\"ngg-gallery-thumbnail-box\"\n\t\t\t\t\t\t\t\t\t\t\t>\n\t\t\t\t\t\t<div class=\"ngg-gallery-thumbnail\">\n\t\t\t<a href=\"https:\/\/www.prouvy.be\/wp-content\/gallery\/souper-des-hommes-2006\/souper_h_2010_07.JPG\"\n\t\t\t\ttitle=\" \"\n\t\t\t\tdata-src=\"https:\/\/www.prouvy.be\/wp-content\/gallery\/souper-des-hommes-2006\/souper_h_2010_07.JPG\"\n\t\t\t\tdata-thumbnail=\"https:\/\/www.prouvy.be\/wp-content\/gallery\/souper-des-hommes-2006\/thumbs\/thumbs_souper_h_2010_07.JPG\"\n\t\t\t\tdata-image-id=\"771\"\n\t\t\t\tdata-title=\"souper_h_2010_07\"\n\t\t\t\tdata-description=\" \"\n\t\t\t\tdata-image-slug=\"souper_h_2010_07\"\n\t\t\t\tclass=\"ngg-fancybox\" rel=\"4ba9ef3cd43129468d66bd47d1ebca16\">\n\t\t\t\t<img\n\t\t\t\t\ttitle=\"souper_h_2010_07\"\n\t\t\t\t\talt=\"souper_h_2010_07\"\n\t\t\t\t\tsrc=\"https:\/\/www.prouvy.be\/wp-content\/gallery\/souper-des-hommes-2006\/thumbs\/thumbs_souper_h_2010_07.JPG\"\n\t\t\t\t\twidth=\"120\"\n\t\t\t\t\theight=\"90\"\n\t\t\t\t\tstyle=\"max-width:100%;\"\n\t\t\t\t\/>\n\t\t\t<\/a>\n\t\t<\/div>\n\t\t\t\t\t\t\t<\/div>\n\t\t\t\n\t\t\n\t\t\t\t<div id=\"ngg-image-7\" class=\"ngg-gallery-thumbnail-box\"\n\t\t\t\t\t\t\t\t\t\t\t>\n\t\t\t\t\t\t<div class=\"ngg-gallery-thumbnail\">\n\t\t\t<a href=\"https:\/\/www.prouvy.be\/wp-content\/gallery\/souper-des-hommes-2006\/souper_h_2010_08.JPG\"\n\t\t\t\ttitle=\" \"\n\t\t\t\tdata-src=\"https:\/\/www.prouvy.be\/wp-content\/gallery\/souper-des-hommes-2006\/souper_h_2010_08.JPG\"\n\t\t\t\tdata-thumbnail=\"https:\/\/www.prouvy.be\/wp-content\/gallery\/souper-des-hommes-2006\/thumbs\/thumbs_souper_h_2010_08.JPG\"\n\t\t\t\tdata-image-id=\"772\"\n\t\t\t\tdata-title=\"souper_h_2010_08\"\n\t\t\t\tdata-description=\" \"\n\t\t\t\tdata-image-slug=\"souper_h_2010_08\"\n\t\t\t\tclass=\"ngg-fancybox\" rel=\"4ba9ef3cd43129468d66bd47d1ebca16\">\n\t\t\t\t<img\n\t\t\t\t\ttitle=\"souper_h_2010_08\"\n\t\t\t\t\talt=\"souper_h_2010_08\"\n\t\t\t\t\tsrc=\"https:\/\/www.prouvy.be\/wp-content\/gallery\/souper-des-hommes-2006\/thumbs\/thumbs_souper_h_2010_08.JPG\"\n\t\t\t\t\twidth=\"120\"\n\t\t\t\t\theight=\"90\"\n\t\t\t\t\tstyle=\"max-width:100%;\"\n\t\t\t\t\/>\n\t\t\t<\/a>\n\t\t<\/div>\n\t\t\t\t\t\t\t<\/div>\n\t\t\t\n\t\t\n\t\t\t\t<div id=\"ngg-image-8\" class=\"ngg-gallery-thumbnail-box\"\n\t\t\t\t\t\t\t\t\t\t\t>\n\t\t\t\t\t\t<div class=\"ngg-gallery-thumbnail\">\n\t\t\t<a href=\"https:\/\/www.prouvy.be\/wp-content\/gallery\/souper-des-hommes-2006\/souper_h_2010_09.JPG\"\n\t\t\t\ttitle=\" \"\n\t\t\t\tdata-src=\"https:\/\/www.prouvy.be\/wp-content\/gallery\/souper-des-hommes-2006\/souper_h_2010_09.JPG\"\n\t\t\t\tdata-thumbnail=\"https:\/\/www.prouvy.be\/wp-content\/gallery\/souper-des-hommes-2006\/thumbs\/thumbs_souper_h_2010_09.JPG\"\n\t\t\t\tdata-image-id=\"773\"\n\t\t\t\tdata-title=\"souper_h_2010_09\"\n\t\t\t\tdata-description=\" \"\n\t\t\t\tdata-image-slug=\"souper_h_2010_09\"\n\t\t\t\tclass=\"ngg-fancybox\" rel=\"4ba9ef3cd43129468d66bd47d1ebca16\">\n\t\t\t\t<img\n\t\t\t\t\ttitle=\"souper_h_2010_09\"\n\t\t\t\t\talt=\"souper_h_2010_09\"\n\t\t\t\t\tsrc=\"https:\/\/www.prouvy.be\/wp-content\/gallery\/souper-des-hommes-2006\/thumbs\/thumbs_souper_h_2010_09.JPG\"\n\t\t\t\t\twidth=\"120\"\n\t\t\t\t\theight=\"90\"\n\t\t\t\t\tstyle=\"max-width:100%;\"\n\t\t\t\t\/>\n\t\t\t<\/a>\n\t\t<\/div>\n\t\t\t\t\t\t\t<\/div>\n\t\t\t\n\t\t\n\t\t\t\t<div id=\"ngg-image-9\" class=\"ngg-gallery-thumbnail-box\"\n\t\t\t\t\t\t\t\t\t\t\t>\n\t\t\t\t\t\t<div class=\"ngg-gallery-thumbnail\">\n\t\t\t<a href=\"https:\/\/www.prouvy.be\/wp-content\/gallery\/souper-des-hommes-2006\/souper_h_2010_10.JPG\"\n\t\t\t\ttitle=\" \"\n\t\t\t\tdata-src=\"https:\/\/www.prouvy.be\/wp-content\/gallery\/souper-des-hommes-2006\/souper_h_2010_10.JPG\"\n\t\t\t\tdata-thumbnail=\"https:\/\/www.prouvy.be\/wp-content\/gallery\/souper-des-hommes-2006\/thumbs\/thumbs_souper_h_2010_10.JPG\"\n\t\t\t\tdata-image-id=\"774\"\n\t\t\t\tdata-title=\"souper_h_2010_10\"\n\t\t\t\tdata-description=\" \"\n\t\t\t\tdata-image-slug=\"souper_h_2010_10\"\n\t\t\t\tclass=\"ngg-fancybox\" rel=\"4ba9ef3cd43129468d66bd47d1ebca16\">\n\t\t\t\t<img\n\t\t\t\t\ttitle=\"souper_h_2010_10\"\n\t\t\t\t\talt=\"souper_h_2010_10\"\n\t\t\t\t\tsrc=\"https:\/\/www.prouvy.be\/wp-content\/gallery\/souper-des-hommes-2006\/thumbs\/thumbs_souper_h_2010_10.JPG\"\n\t\t\t\t\twidth=\"120\"\n\t\t\t\t\theight=\"90\"\n\t\t\t\t\tstyle=\"max-width:100%;\"\n\t\t\t\t\/>\n\t\t\t<\/a>\n\t\t<\/div>\n\t\t\t\t\t\t\t<\/div>\n\t\t\t\n\t\t\n\t\t\t\t<div id=\"ngg-image-10\" class=\"ngg-gallery-thumbnail-box\"\n\t\t\t\t\t\t\t\t\t\t\t>\n\t\t\t\t\t\t<div class=\"ngg-gallery-thumbnail\">\n\t\t\t<a href=\"https:\/\/www.prouvy.be\/wp-content\/gallery\/souper-des-hommes-2006\/souper_h_2010_11.JPG\"\n\t\t\t\ttitle=\" \"\n\t\t\t\tdata-src=\"https:\/\/www.prouvy.be\/wp-content\/gallery\/souper-des-hommes-2006\/souper_h_2010_11.JPG\"\n\t\t\t\tdata-thumbnail=\"https:\/\/www.prouvy.be\/wp-content\/gallery\/souper-des-hommes-2006\/thumbs\/thumbs_souper_h_2010_11.JPG\"\n\t\t\t\tdata-image-id=\"775\"\n\t\t\t\tdata-title=\"souper_h_2010_11\"\n\t\t\t\tdata-description=\" \"\n\t\t\t\tdata-image-slug=\"souper_h_2010_11\"\n\t\t\t\tclass=\"ngg-fancybox\" rel=\"4ba9ef3cd43129468d66bd47d1ebca16\">\n\t\t\t\t<img\n\t\t\t\t\ttitle=\"souper_h_2010_11\"\n\t\t\t\t\talt=\"souper_h_2010_11\"\n\t\t\t\t\tsrc=\"https:\/\/www.prouvy.be\/wp-content\/gallery\/souper-des-hommes-2006\/thumbs\/thumbs_souper_h_2010_11.JPG\"\n\t\t\t\t\twidth=\"120\"\n\t\t\t\t\theight=\"90\"\n\t\t\t\t\tstyle=\"max-width:100%;\"\n\t\t\t\t\/>\n\t\t\t<\/a>\n\t\t<\/div>\n\t\t\t\t\t\t\t<\/div>\n\t\t\t\n\t\t\n\t\t\t\t<div id=\"ngg-image-11\" class=\"ngg-gallery-thumbnail-box\"\n\t\t\t\t\t\t\t\t\t\t\t>\n\t\t\t\t\t\t<div class=\"ngg-gallery-thumbnail\">\n\t\t\t<a href=\"https:\/\/www.prouvy.be\/wp-content\/gallery\/souper-des-hommes-2006\/souper_h_2010_12.JPG\"\n\t\t\t\ttitle=\" \"\n\t\t\t\tdata-src=\"https:\/\/www.prouvy.be\/wp-content\/gallery\/souper-des-hommes-2006\/souper_h_2010_12.JPG\"\n\t\t\t\tdata-thumbnail=\"https:\/\/www.prouvy.be\/wp-content\/gallery\/souper-des-hommes-2006\/thumbs\/thumbs_souper_h_2010_12.JPG\"\n\t\t\t\tdata-image-id=\"776\"\n\t\t\t\tdata-title=\"souper_h_2010_12\"\n\t\t\t\tdata-description=\" \"\n\t\t\t\tdata-image-slug=\"souper_h_2010_12\"\n\t\t\t\tclass=\"ngg-fancybox\" rel=\"4ba9ef3cd43129468d66bd47d1ebca16\">\n\t\t\t\t<img\n\t\t\t\t\ttitle=\"souper_h_2010_12\"\n\t\t\t\t\talt=\"souper_h_2010_12\"\n\t\t\t\t\tsrc=\"https:\/\/www.prouvy.be\/wp-content\/gallery\/souper-des-hommes-2006\/thumbs\/thumbs_souper_h_2010_12.JPG\"\n\t\t\t\t\twidth=\"120\"\n\t\t\t\t\theight=\"90\"\n\t\t\t\t\tstyle=\"max-width:100%;\"\n\t\t\t\t\/>\n\t\t\t<\/a>\n\t\t<\/div>\n\t\t\t\t\t\t\t<\/div>\n\t\t\t\n\t\t\n\t\t\n\t\t<!-- Pagination -->\n\t\t<div class='ngg-clear'><\/div>\t<\/div>\n<\/p>\n","protected":false},"excerpt":{"rendered":"<p>A en croire les commentaires fait en fin de soir\u00e9e, cette \u00e9dition fut une des meilleures. Les pr\u00e9paratifs se sont tr\u00e8s bien d\u00e9roul\u00e9s. Pour preuve, tout ce qui avait \u00e9t\u00e9 pr\u00e9vu par le chef G\u00e9g\u00e9 a \u00e9t\u00e9 r\u00e9alis\u00e9 dans les moindres d\u00e9tails. Chacun des 24 cuistots en herbe a parfaitement tenu son r\u00f4le. Et les &hellip; <a href=\"https:\/\/www.prouvy.be\/?page_id=2263\" class=\"more-link\">Continuer la lecture de <span class=\"screen-reader-text\">Souper des hommes<\/span>  <span class=\"meta-nav\">&rarr;<\/span><\/a><\/p>\n","protected":false},"author":1,"featured_media":2291,"parent":2081,"menu_order":0,"comment_status":"open","ping_status":"open","template":"","meta":{"ngg_post_thumbnail":0,"footnotes":""},"class_list":["post-2263","page","type-page","status-publish","has-post-thumbnail","hentry"],"post_mailing_queue_ids":[],"_links":{"self":[{"href":"https:\/\/www.prouvy.be\/index.php?rest_route=\/wp\/v2\/pages\/2263","targetHints":{"allow":["GET"]}}],"collection":[{"href":"https:\/\/www.prouvy.be\/index.php?rest_route=\/wp\/v2\/pages"}],"about":[{"href":"https:\/\/www.prouvy.be\/index.php?rest_route=\/wp\/v2\/types\/page"}],"author":[{"embeddable":true,"href":"https:\/\/www.prouvy.be\/index.php?rest_route=\/wp\/v2\/users\/1"}],"replies":[{"embeddable":true,"href":"https:\/\/www.prouvy.be\/index.php?rest_route=%2Fwp%2Fv2%2Fcomments&post=2263"}],"version-history":[{"count":1,"href":"https:\/\/www.prouvy.be\/index.php?rest_route=\/wp\/v2\/pages\/2263\/revisions"}],"predecessor-version":[{"id":2292,"href":"https:\/\/www.prouvy.be\/index.php?rest_route=\/wp\/v2\/pages\/2263\/revisions\/2292"}],"up":[{"embeddable":true,"href":"https:\/\/www.prouvy.be\/index.php?rest_route=\/wp\/v2\/pages\/2081"}],"wp:featuredmedia":[{"embeddable":true,"href":"https:\/\/www.prouvy.be\/index.php?rest_route=\/wp\/v2\/media\/2291"}],"wp:attachment":[{"href":"https:\/\/www.prouvy.be\/index.php?rest_route=%2Fwp%2Fv2%2Fmedia&parent=2263"}],"curies":[{"name":"wp","href":"https:\/\/api.w.org\/{rel}","templated":true}]}}