{"id":2101,"date":"2014-11-24T22:32:03","date_gmt":"2014-11-24T20:32:03","guid":{"rendered":"http:\/\/new.prouvy.be\/?page_id=2101"},"modified":"2014-11-24T23:13:54","modified_gmt":"2014-11-24T21:13:54","slug":"saint-nicolas-des-enfants-28-novembre-2010","status":"publish","type":"page","link":"https:\/\/www.prouvy.be\/?page_id=2101","title":{"rendered":"Saint-Nicolas des enfants"},"content":{"rendered":"<div id=\"fb-root\"><\/div>\n<p>Comme chaque ann\u00e9e, la visite du Grand-Saint s\u2019est bien d\u00e9roul\u00e9e.<\/p>\n<p>L\u2019apr\u00e8s midi a commenc\u00e9 avec quelques contes r\u00e9cit\u00e9s par Marie-Paule Bradfer. Suivi par la fameuse distribution de cadeaux pour les enfants. Tout le monde \u00e9tait content.<\/p>\n<p><!-- index.php -->\n<div\n\tclass=\"ngg-galleryoverview\n\t ngg-ajax-pagination-none\t\"\n\tid=\"ngg-gallery-36d568cdac4be5cb9f14aac7e9a84d35-1\">\n\n\t\t<div class=\"slideshowlink\">\n\t\t<a href='https:\/\/www.prouvy.be\/index.php\/nggallery\/slideshow?page_id=2101'>[Show slideshow]<\/a>\n\n\t<\/div>\n\t\t\t<!-- Thumbnails -->\n\t\t\t\t<div id=\"ngg-image-0\" class=\"ngg-gallery-thumbnail-box\"\n\t\t\t\t\t\t\t\t\t\t\t>\n\t\t\t\t\t\t<div class=\"ngg-gallery-thumbnail\">\n\t\t\t<a href=\"https:\/\/www.prouvy.be\/wp-content\/gallery\/saint-nicolas-des-enfants-28-novembre-2010\/st-nicolas_2010_11.JPG\"\n\t\t\t\ttitle=\" \"\n\t\t\t\tdata-src=\"https:\/\/www.prouvy.be\/wp-content\/gallery\/saint-nicolas-des-enfants-28-novembre-2010\/st-nicolas_2010_11.JPG\"\n\t\t\t\tdata-thumbnail=\"https:\/\/www.prouvy.be\/wp-content\/gallery\/saint-nicolas-des-enfants-28-novembre-2010\/thumbs\/thumbs_st-nicolas_2010_11.JPG\"\n\t\t\t\tdata-image-id=\"711\"\n\t\t\t\tdata-title=\"st-nicolas_2010_11\"\n\t\t\t\tdata-description=\" \"\n\t\t\t\tdata-image-slug=\"st-nicolas_2010_11\"\n\t\t\t\tclass=\"ngg-fancybox\" rel=\"36d568cdac4be5cb9f14aac7e9a84d35\">\n\t\t\t\t<img\n\t\t\t\t\ttitle=\"st-nicolas_2010_11\"\n\t\t\t\t\talt=\"st-nicolas_2010_11\"\n\t\t\t\t\tsrc=\"https:\/\/www.prouvy.be\/wp-content\/gallery\/saint-nicolas-des-enfants-28-novembre-2010\/thumbs\/thumbs_st-nicolas_2010_11.JPG\"\n\t\t\t\t\twidth=\"120\"\n\t\t\t\t\theight=\"90\"\n\t\t\t\t\tstyle=\"max-width:100%;\"\n\t\t\t\t\/>\n\t\t\t<\/a>\n\t\t<\/div>\n\t\t\t\t\t\t\t<\/div>\n\t\t\t\n\t\t\n\t\t\t\t<div id=\"ngg-image-1\" class=\"ngg-gallery-thumbnail-box\"\n\t\t\t\t\t\t\t\t\t\t\t>\n\t\t\t\t\t\t<div class=\"ngg-gallery-thumbnail\">\n\t\t\t<a href=\"https:\/\/www.prouvy.be\/wp-content\/gallery\/saint-nicolas-des-enfants-28-novembre-2010\/st-nicolas_2010_20.JPG\"\n\t\t\t\ttitle=\" \"\n\t\t\t\tdata-src=\"https:\/\/www.prouvy.be\/wp-content\/gallery\/saint-nicolas-des-enfants-28-novembre-2010\/st-nicolas_2010_20.JPG\"\n\t\t\t\tdata-thumbnail=\"https:\/\/www.prouvy.be\/wp-content\/gallery\/saint-nicolas-des-enfants-28-novembre-2010\/thumbs\/thumbs_st-nicolas_2010_20.JPG\"\n\t\t\t\tdata-image-id=\"720\"\n\t\t\t\tdata-title=\"st-nicolas_2010_20\"\n\t\t\t\tdata-description=\" \"\n\t\t\t\tdata-image-slug=\"st-nicolas_2010_20\"\n\t\t\t\tclass=\"ngg-fancybox\" rel=\"36d568cdac4be5cb9f14aac7e9a84d35\">\n\t\t\t\t<img\n\t\t\t\t\ttitle=\"st-nicolas_2010_20\"\n\t\t\t\t\talt=\"st-nicolas_2010_20\"\n\t\t\t\t\tsrc=\"https:\/\/www.prouvy.be\/wp-content\/gallery\/saint-nicolas-des-enfants-28-novembre-2010\/thumbs\/thumbs_st-nicolas_2010_20.JPG\"\n\t\t\t\t\twidth=\"120\"\n\t\t\t\t\theight=\"90\"\n\t\t\t\t\tstyle=\"max-width:100%;\"\n\t\t\t\t\/>\n\t\t\t<\/a>\n\t\t<\/div>\n\t\t\t\t\t\t\t<\/div>\n\t\t\t\n\t\t\n\t\t\t\t<div id=\"ngg-image-2\" class=\"ngg-gallery-thumbnail-box\"\n\t\t\t\t\t\t\t\t\t\t\t>\n\t\t\t\t\t\t<div class=\"ngg-gallery-thumbnail\">\n\t\t\t<a href=\"https:\/\/www.prouvy.be\/wp-content\/gallery\/saint-nicolas-des-enfants-28-novembre-2010\/st-nicolas_2010_19.JPG\"\n\t\t\t\ttitle=\" \"\n\t\t\t\tdata-src=\"https:\/\/www.prouvy.be\/wp-content\/gallery\/saint-nicolas-des-enfants-28-novembre-2010\/st-nicolas_2010_19.JPG\"\n\t\t\t\tdata-thumbnail=\"https:\/\/www.prouvy.be\/wp-content\/gallery\/saint-nicolas-des-enfants-28-novembre-2010\/thumbs\/thumbs_st-nicolas_2010_19.JPG\"\n\t\t\t\tdata-image-id=\"719\"\n\t\t\t\tdata-title=\"st-nicolas_2010_19\"\n\t\t\t\tdata-description=\" \"\n\t\t\t\tdata-image-slug=\"st-nicolas_2010_19\"\n\t\t\t\tclass=\"ngg-fancybox\" rel=\"36d568cdac4be5cb9f14aac7e9a84d35\">\n\t\t\t\t<img\n\t\t\t\t\ttitle=\"st-nicolas_2010_19\"\n\t\t\t\t\talt=\"st-nicolas_2010_19\"\n\t\t\t\t\tsrc=\"https:\/\/www.prouvy.be\/wp-content\/gallery\/saint-nicolas-des-enfants-28-novembre-2010\/thumbs\/thumbs_st-nicolas_2010_19.JPG\"\n\t\t\t\t\twidth=\"120\"\n\t\t\t\t\theight=\"90\"\n\t\t\t\t\tstyle=\"max-width:100%;\"\n\t\t\t\t\/>\n\t\t\t<\/a>\n\t\t<\/div>\n\t\t\t\t\t\t\t<\/div>\n\t\t\t\n\t\t\n\t\t\t\t<div id=\"ngg-image-3\" class=\"ngg-gallery-thumbnail-box\"\n\t\t\t\t\t\t\t\t\t\t\t>\n\t\t\t\t\t\t<div class=\"ngg-gallery-thumbnail\">\n\t\t\t<a href=\"https:\/\/www.prouvy.be\/wp-content\/gallery\/saint-nicolas-des-enfants-28-novembre-2010\/st-nicolas_2010_18.JPG\"\n\t\t\t\ttitle=\" \"\n\t\t\t\tdata-src=\"https:\/\/www.prouvy.be\/wp-content\/gallery\/saint-nicolas-des-enfants-28-novembre-2010\/st-nicolas_2010_18.JPG\"\n\t\t\t\tdata-thumbnail=\"https:\/\/www.prouvy.be\/wp-content\/gallery\/saint-nicolas-des-enfants-28-novembre-2010\/thumbs\/thumbs_st-nicolas_2010_18.JPG\"\n\t\t\t\tdata-image-id=\"718\"\n\t\t\t\tdata-title=\"st-nicolas_2010_18\"\n\t\t\t\tdata-description=\" \"\n\t\t\t\tdata-image-slug=\"st-nicolas_2010_18\"\n\t\t\t\tclass=\"ngg-fancybox\" rel=\"36d568cdac4be5cb9f14aac7e9a84d35\">\n\t\t\t\t<img\n\t\t\t\t\ttitle=\"st-nicolas_2010_18\"\n\t\t\t\t\talt=\"st-nicolas_2010_18\"\n\t\t\t\t\tsrc=\"https:\/\/www.prouvy.be\/wp-content\/gallery\/saint-nicolas-des-enfants-28-novembre-2010\/thumbs\/thumbs_st-nicolas_2010_18.JPG\"\n\t\t\t\t\twidth=\"120\"\n\t\t\t\t\theight=\"90\"\n\t\t\t\t\tstyle=\"max-width:100%;\"\n\t\t\t\t\/>\n\t\t\t<\/a>\n\t\t<\/div>\n\t\t\t\t\t\t\t<\/div>\n\t\t\t\n\t\t\n\t\t\t\t<div id=\"ngg-image-4\" class=\"ngg-gallery-thumbnail-box\"\n\t\t\t\t\t\t\t\t\t\t\t>\n\t\t\t\t\t\t<div class=\"ngg-gallery-thumbnail\">\n\t\t\t<a href=\"https:\/\/www.prouvy.be\/wp-content\/gallery\/saint-nicolas-des-enfants-28-novembre-2010\/st-nicolas_2010_17.JPG\"\n\t\t\t\ttitle=\" \"\n\t\t\t\tdata-src=\"https:\/\/www.prouvy.be\/wp-content\/gallery\/saint-nicolas-des-enfants-28-novembre-2010\/st-nicolas_2010_17.JPG\"\n\t\t\t\tdata-thumbnail=\"https:\/\/www.prouvy.be\/wp-content\/gallery\/saint-nicolas-des-enfants-28-novembre-2010\/thumbs\/thumbs_st-nicolas_2010_17.JPG\"\n\t\t\t\tdata-image-id=\"717\"\n\t\t\t\tdata-title=\"st-nicolas_2010_17\"\n\t\t\t\tdata-description=\" \"\n\t\t\t\tdata-image-slug=\"st-nicolas_2010_17\"\n\t\t\t\tclass=\"ngg-fancybox\" rel=\"36d568cdac4be5cb9f14aac7e9a84d35\">\n\t\t\t\t<img\n\t\t\t\t\ttitle=\"st-nicolas_2010_17\"\n\t\t\t\t\talt=\"st-nicolas_2010_17\"\n\t\t\t\t\tsrc=\"https:\/\/www.prouvy.be\/wp-content\/gallery\/saint-nicolas-des-enfants-28-novembre-2010\/thumbs\/thumbs_st-nicolas_2010_17.JPG\"\n\t\t\t\t\twidth=\"120\"\n\t\t\t\t\theight=\"90\"\n\t\t\t\t\tstyle=\"max-width:100%;\"\n\t\t\t\t\/>\n\t\t\t<\/a>\n\t\t<\/div>\n\t\t\t\t\t\t\t<\/div>\n\t\t\t\n\t\t\n\t\t\t\t<div id=\"ngg-image-5\" class=\"ngg-gallery-thumbnail-box\"\n\t\t\t\t\t\t\t\t\t\t\t>\n\t\t\t\t\t\t<div class=\"ngg-gallery-thumbnail\">\n\t\t\t<a href=\"https:\/\/www.prouvy.be\/wp-content\/gallery\/saint-nicolas-des-enfants-28-novembre-2010\/st-nicolas_2010_16.JPG\"\n\t\t\t\ttitle=\" \"\n\t\t\t\tdata-src=\"https:\/\/www.prouvy.be\/wp-content\/gallery\/saint-nicolas-des-enfants-28-novembre-2010\/st-nicolas_2010_16.JPG\"\n\t\t\t\tdata-thumbnail=\"https:\/\/www.prouvy.be\/wp-content\/gallery\/saint-nicolas-des-enfants-28-novembre-2010\/thumbs\/thumbs_st-nicolas_2010_16.JPG\"\n\t\t\t\tdata-image-id=\"716\"\n\t\t\t\tdata-title=\"st-nicolas_2010_16\"\n\t\t\t\tdata-description=\" \"\n\t\t\t\tdata-image-slug=\"st-nicolas_2010_16\"\n\t\t\t\tclass=\"ngg-fancybox\" rel=\"36d568cdac4be5cb9f14aac7e9a84d35\">\n\t\t\t\t<img\n\t\t\t\t\ttitle=\"st-nicolas_2010_16\"\n\t\t\t\t\talt=\"st-nicolas_2010_16\"\n\t\t\t\t\tsrc=\"https:\/\/www.prouvy.be\/wp-content\/gallery\/saint-nicolas-des-enfants-28-novembre-2010\/thumbs\/thumbs_st-nicolas_2010_16.JPG\"\n\t\t\t\t\twidth=\"120\"\n\t\t\t\t\theight=\"90\"\n\t\t\t\t\tstyle=\"max-width:100%;\"\n\t\t\t\t\/>\n\t\t\t<\/a>\n\t\t<\/div>\n\t\t\t\t\t\t\t<\/div>\n\t\t\t\n\t\t\n\t\t\t\t<div id=\"ngg-image-6\" class=\"ngg-gallery-thumbnail-box\"\n\t\t\t\t\t\t\t\t\t\t\t>\n\t\t\t\t\t\t<div class=\"ngg-gallery-thumbnail\">\n\t\t\t<a href=\"https:\/\/www.prouvy.be\/wp-content\/gallery\/saint-nicolas-des-enfants-28-novembre-2010\/st-nicolas_2010_15.JPG\"\n\t\t\t\ttitle=\" \"\n\t\t\t\tdata-src=\"https:\/\/www.prouvy.be\/wp-content\/gallery\/saint-nicolas-des-enfants-28-novembre-2010\/st-nicolas_2010_15.JPG\"\n\t\t\t\tdata-thumbnail=\"https:\/\/www.prouvy.be\/wp-content\/gallery\/saint-nicolas-des-enfants-28-novembre-2010\/thumbs\/thumbs_st-nicolas_2010_15.JPG\"\n\t\t\t\tdata-image-id=\"715\"\n\t\t\t\tdata-title=\"st-nicolas_2010_15\"\n\t\t\t\tdata-description=\" \"\n\t\t\t\tdata-image-slug=\"st-nicolas_2010_15\"\n\t\t\t\tclass=\"ngg-fancybox\" rel=\"36d568cdac4be5cb9f14aac7e9a84d35\">\n\t\t\t\t<img\n\t\t\t\t\ttitle=\"st-nicolas_2010_15\"\n\t\t\t\t\talt=\"st-nicolas_2010_15\"\n\t\t\t\t\tsrc=\"https:\/\/www.prouvy.be\/wp-content\/gallery\/saint-nicolas-des-enfants-28-novembre-2010\/thumbs\/thumbs_st-nicolas_2010_15.JPG\"\n\t\t\t\t\twidth=\"120\"\n\t\t\t\t\theight=\"90\"\n\t\t\t\t\tstyle=\"max-width:100%;\"\n\t\t\t\t\/>\n\t\t\t<\/a>\n\t\t<\/div>\n\t\t\t\t\t\t\t<\/div>\n\t\t\t\n\t\t\n\t\t\t\t<div id=\"ngg-image-7\" class=\"ngg-gallery-thumbnail-box\"\n\t\t\t\t\t\t\t\t\t\t\t>\n\t\t\t\t\t\t<div class=\"ngg-gallery-thumbnail\">\n\t\t\t<a href=\"https:\/\/www.prouvy.be\/wp-content\/gallery\/saint-nicolas-des-enfants-28-novembre-2010\/st-nicolas_2010_14.JPG\"\n\t\t\t\ttitle=\" \"\n\t\t\t\tdata-src=\"https:\/\/www.prouvy.be\/wp-content\/gallery\/saint-nicolas-des-enfants-28-novembre-2010\/st-nicolas_2010_14.JPG\"\n\t\t\t\tdata-thumbnail=\"https:\/\/www.prouvy.be\/wp-content\/gallery\/saint-nicolas-des-enfants-28-novembre-2010\/thumbs\/thumbs_st-nicolas_2010_14.JPG\"\n\t\t\t\tdata-image-id=\"714\"\n\t\t\t\tdata-title=\"st-nicolas_2010_14\"\n\t\t\t\tdata-description=\" \"\n\t\t\t\tdata-image-slug=\"st-nicolas_2010_14\"\n\t\t\t\tclass=\"ngg-fancybox\" rel=\"36d568cdac4be5cb9f14aac7e9a84d35\">\n\t\t\t\t<img\n\t\t\t\t\ttitle=\"st-nicolas_2010_14\"\n\t\t\t\t\talt=\"st-nicolas_2010_14\"\n\t\t\t\t\tsrc=\"https:\/\/www.prouvy.be\/wp-content\/gallery\/saint-nicolas-des-enfants-28-novembre-2010\/thumbs\/thumbs_st-nicolas_2010_14.JPG\"\n\t\t\t\t\twidth=\"120\"\n\t\t\t\t\theight=\"90\"\n\t\t\t\t\tstyle=\"max-width:100%;\"\n\t\t\t\t\/>\n\t\t\t<\/a>\n\t\t<\/div>\n\t\t\t\t\t\t\t<\/div>\n\t\t\t\n\t\t\n\t\t\t\t<div id=\"ngg-image-8\" class=\"ngg-gallery-thumbnail-box\"\n\t\t\t\t\t\t\t\t\t\t\t>\n\t\t\t\t\t\t<div class=\"ngg-gallery-thumbnail\">\n\t\t\t<a href=\"https:\/\/www.prouvy.be\/wp-content\/gallery\/saint-nicolas-des-enfants-28-novembre-2010\/st-nicolas_2010_13.JPG\"\n\t\t\t\ttitle=\" \"\n\t\t\t\tdata-src=\"https:\/\/www.prouvy.be\/wp-content\/gallery\/saint-nicolas-des-enfants-28-novembre-2010\/st-nicolas_2010_13.JPG\"\n\t\t\t\tdata-thumbnail=\"https:\/\/www.prouvy.be\/wp-content\/gallery\/saint-nicolas-des-enfants-28-novembre-2010\/thumbs\/thumbs_st-nicolas_2010_13.JPG\"\n\t\t\t\tdata-image-id=\"713\"\n\t\t\t\tdata-title=\"st-nicolas_2010_13\"\n\t\t\t\tdata-description=\" \"\n\t\t\t\tdata-image-slug=\"st-nicolas_2010_13\"\n\t\t\t\tclass=\"ngg-fancybox\" rel=\"36d568cdac4be5cb9f14aac7e9a84d35\">\n\t\t\t\t<img\n\t\t\t\t\ttitle=\"st-nicolas_2010_13\"\n\t\t\t\t\talt=\"st-nicolas_2010_13\"\n\t\t\t\t\tsrc=\"https:\/\/www.prouvy.be\/wp-content\/gallery\/saint-nicolas-des-enfants-28-novembre-2010\/thumbs\/thumbs_st-nicolas_2010_13.JPG\"\n\t\t\t\t\twidth=\"120\"\n\t\t\t\t\theight=\"90\"\n\t\t\t\t\tstyle=\"max-width:100%;\"\n\t\t\t\t\/>\n\t\t\t<\/a>\n\t\t<\/div>\n\t\t\t\t\t\t\t<\/div>\n\t\t\t\n\t\t\n\t\t\t\t<div id=\"ngg-image-9\" class=\"ngg-gallery-thumbnail-box\"\n\t\t\t\t\t\t\t\t\t\t\t>\n\t\t\t\t\t\t<div class=\"ngg-gallery-thumbnail\">\n\t\t\t<a href=\"https:\/\/www.prouvy.be\/wp-content\/gallery\/saint-nicolas-des-enfants-28-novembre-2010\/st-nicolas_2010_12.JPG\"\n\t\t\t\ttitle=\" \"\n\t\t\t\tdata-src=\"https:\/\/www.prouvy.be\/wp-content\/gallery\/saint-nicolas-des-enfants-28-novembre-2010\/st-nicolas_2010_12.JPG\"\n\t\t\t\tdata-thumbnail=\"https:\/\/www.prouvy.be\/wp-content\/gallery\/saint-nicolas-des-enfants-28-novembre-2010\/thumbs\/thumbs_st-nicolas_2010_12.JPG\"\n\t\t\t\tdata-image-id=\"712\"\n\t\t\t\tdata-title=\"st-nicolas_2010_12\"\n\t\t\t\tdata-description=\" \"\n\t\t\t\tdata-image-slug=\"st-nicolas_2010_12\"\n\t\t\t\tclass=\"ngg-fancybox\" rel=\"36d568cdac4be5cb9f14aac7e9a84d35\">\n\t\t\t\t<img\n\t\t\t\t\ttitle=\"st-nicolas_2010_12\"\n\t\t\t\t\talt=\"st-nicolas_2010_12\"\n\t\t\t\t\tsrc=\"https:\/\/www.prouvy.be\/wp-content\/gallery\/saint-nicolas-des-enfants-28-novembre-2010\/thumbs\/thumbs_st-nicolas_2010_12.JPG\"\n\t\t\t\t\twidth=\"120\"\n\t\t\t\t\theight=\"90\"\n\t\t\t\t\tstyle=\"max-width:100%;\"\n\t\t\t\t\/>\n\t\t\t<\/a>\n\t\t<\/div>\n\t\t\t\t\t\t\t<\/div>\n\t\t\t\n\t\t\n\t\t\t\t<div id=\"ngg-image-10\" class=\"ngg-gallery-thumbnail-box\"\n\t\t\t\t\t\t\t\t\t\t\t>\n\t\t\t\t\t\t<div class=\"ngg-gallery-thumbnail\">\n\t\t\t<a href=\"https:\/\/www.prouvy.be\/wp-content\/gallery\/saint-nicolas-des-enfants-28-novembre-2010\/st-nicolas_2010_01.JPG\"\n\t\t\t\ttitle=\"\"\n\t\t\t\tdata-src=\"https:\/\/www.prouvy.be\/wp-content\/gallery\/saint-nicolas-des-enfants-28-novembre-2010\/st-nicolas_2010_01.JPG\"\n\t\t\t\tdata-thumbnail=\"https:\/\/www.prouvy.be\/wp-content\/gallery\/saint-nicolas-des-enfants-28-novembre-2010\/thumbs\/thumbs_st-nicolas_2010_01.JPG\"\n\t\t\t\tdata-image-id=\"701\"\n\t\t\t\tdata-title=\"st-nicolas_2010_01\"\n\t\t\t\tdata-description=\"\"\n\t\t\t\tdata-image-slug=\"st-nicolas_2010_01\"\n\t\t\t\tclass=\"ngg-fancybox\" rel=\"36d568cdac4be5cb9f14aac7e9a84d35\">\n\t\t\t\t<img\n\t\t\t\t\ttitle=\"st-nicolas_2010_01\"\n\t\t\t\t\talt=\"st-nicolas_2010_01\"\n\t\t\t\t\tsrc=\"https:\/\/www.prouvy.be\/wp-content\/gallery\/saint-nicolas-des-enfants-28-novembre-2010\/thumbs\/thumbs_st-nicolas_2010_01.JPG\"\n\t\t\t\t\twidth=\"120\"\n\t\t\t\t\theight=\"90\"\n\t\t\t\t\tstyle=\"max-width:100%;\"\n\t\t\t\t\/>\n\t\t\t<\/a>\n\t\t<\/div>\n\t\t\t\t\t\t\t<\/div>\n\t\t\t\n\t\t\n\t\t\t\t<div id=\"ngg-image-11\" class=\"ngg-gallery-thumbnail-box\"\n\t\t\t\t\t\t\t\t\t\t\t>\n\t\t\t\t\t\t<div class=\"ngg-gallery-thumbnail\">\n\t\t\t<a href=\"https:\/\/www.prouvy.be\/wp-content\/gallery\/saint-nicolas-des-enfants-28-novembre-2010\/st-nicolas_2010_10.JPG\"\n\t\t\t\ttitle=\" \"\n\t\t\t\tdata-src=\"https:\/\/www.prouvy.be\/wp-content\/gallery\/saint-nicolas-des-enfants-28-novembre-2010\/st-nicolas_2010_10.JPG\"\n\t\t\t\tdata-thumbnail=\"https:\/\/www.prouvy.be\/wp-content\/gallery\/saint-nicolas-des-enfants-28-novembre-2010\/thumbs\/thumbs_st-nicolas_2010_10.JPG\"\n\t\t\t\tdata-image-id=\"710\"\n\t\t\t\tdata-title=\"st-nicolas_2010_10\"\n\t\t\t\tdata-description=\" \"\n\t\t\t\tdata-image-slug=\"st-nicolas_2010_10\"\n\t\t\t\tclass=\"ngg-fancybox\" rel=\"36d568cdac4be5cb9f14aac7e9a84d35\">\n\t\t\t\t<img\n\t\t\t\t\ttitle=\"st-nicolas_2010_10\"\n\t\t\t\t\talt=\"st-nicolas_2010_10\"\n\t\t\t\t\tsrc=\"https:\/\/www.prouvy.be\/wp-content\/gallery\/saint-nicolas-des-enfants-28-novembre-2010\/thumbs\/thumbs_st-nicolas_2010_10.JPG\"\n\t\t\t\t\twidth=\"120\"\n\t\t\t\t\theight=\"90\"\n\t\t\t\t\tstyle=\"max-width:100%;\"\n\t\t\t\t\/>\n\t\t\t<\/a>\n\t\t<\/div>\n\t\t\t\t\t\t\t<\/div>\n\t\t\t\n\t\t\n\t\t\t\t<div id=\"ngg-image-12\" class=\"ngg-gallery-thumbnail-box\"\n\t\t\t\t\t\t\t\t\t\t\t>\n\t\t\t\t\t\t<div class=\"ngg-gallery-thumbnail\">\n\t\t\t<a href=\"https:\/\/www.prouvy.be\/wp-content\/gallery\/saint-nicolas-des-enfants-28-novembre-2010\/st-nicolas_2010_09.JPG\"\n\t\t\t\ttitle=\" \"\n\t\t\t\tdata-src=\"https:\/\/www.prouvy.be\/wp-content\/gallery\/saint-nicolas-des-enfants-28-novembre-2010\/st-nicolas_2010_09.JPG\"\n\t\t\t\tdata-thumbnail=\"https:\/\/www.prouvy.be\/wp-content\/gallery\/saint-nicolas-des-enfants-28-novembre-2010\/thumbs\/thumbs_st-nicolas_2010_09.JPG\"\n\t\t\t\tdata-image-id=\"709\"\n\t\t\t\tdata-title=\"st-nicolas_2010_09\"\n\t\t\t\tdata-description=\" \"\n\t\t\t\tdata-image-slug=\"st-nicolas_2010_09\"\n\t\t\t\tclass=\"ngg-fancybox\" rel=\"36d568cdac4be5cb9f14aac7e9a84d35\">\n\t\t\t\t<img\n\t\t\t\t\ttitle=\"st-nicolas_2010_09\"\n\t\t\t\t\talt=\"st-nicolas_2010_09\"\n\t\t\t\t\tsrc=\"https:\/\/www.prouvy.be\/wp-content\/gallery\/saint-nicolas-des-enfants-28-novembre-2010\/thumbs\/thumbs_st-nicolas_2010_09.JPG\"\n\t\t\t\t\twidth=\"120\"\n\t\t\t\t\theight=\"90\"\n\t\t\t\t\tstyle=\"max-width:100%;\"\n\t\t\t\t\/>\n\t\t\t<\/a>\n\t\t<\/div>\n\t\t\t\t\t\t\t<\/div>\n\t\t\t\n\t\t\n\t\t\t\t<div id=\"ngg-image-13\" class=\"ngg-gallery-thumbnail-box\"\n\t\t\t\t\t\t\t\t\t\t\t>\n\t\t\t\t\t\t<div class=\"ngg-gallery-thumbnail\">\n\t\t\t<a href=\"https:\/\/www.prouvy.be\/wp-content\/gallery\/saint-nicolas-des-enfants-28-novembre-2010\/st-nicolas_2010_08.JPG\"\n\t\t\t\ttitle=\" \"\n\t\t\t\tdata-src=\"https:\/\/www.prouvy.be\/wp-content\/gallery\/saint-nicolas-des-enfants-28-novembre-2010\/st-nicolas_2010_08.JPG\"\n\t\t\t\tdata-thumbnail=\"https:\/\/www.prouvy.be\/wp-content\/gallery\/saint-nicolas-des-enfants-28-novembre-2010\/thumbs\/thumbs_st-nicolas_2010_08.JPG\"\n\t\t\t\tdata-image-id=\"708\"\n\t\t\t\tdata-title=\"st-nicolas_2010_08\"\n\t\t\t\tdata-description=\" \"\n\t\t\t\tdata-image-slug=\"st-nicolas_2010_08\"\n\t\t\t\tclass=\"ngg-fancybox\" rel=\"36d568cdac4be5cb9f14aac7e9a84d35\">\n\t\t\t\t<img\n\t\t\t\t\ttitle=\"st-nicolas_2010_08\"\n\t\t\t\t\talt=\"st-nicolas_2010_08\"\n\t\t\t\t\tsrc=\"https:\/\/www.prouvy.be\/wp-content\/gallery\/saint-nicolas-des-enfants-28-novembre-2010\/thumbs\/thumbs_st-nicolas_2010_08.JPG\"\n\t\t\t\t\twidth=\"120\"\n\t\t\t\t\theight=\"90\"\n\t\t\t\t\tstyle=\"max-width:100%;\"\n\t\t\t\t\/>\n\t\t\t<\/a>\n\t\t<\/div>\n\t\t\t\t\t\t\t<\/div>\n\t\t\t\n\t\t\n\t\t\t\t<div id=\"ngg-image-14\" class=\"ngg-gallery-thumbnail-box\"\n\t\t\t\t\t\t\t\t\t\t\t>\n\t\t\t\t\t\t<div class=\"ngg-gallery-thumbnail\">\n\t\t\t<a href=\"https:\/\/www.prouvy.be\/wp-content\/gallery\/saint-nicolas-des-enfants-28-novembre-2010\/st-nicolas_2010_07.JPG\"\n\t\t\t\ttitle=\" \"\n\t\t\t\tdata-src=\"https:\/\/www.prouvy.be\/wp-content\/gallery\/saint-nicolas-des-enfants-28-novembre-2010\/st-nicolas_2010_07.JPG\"\n\t\t\t\tdata-thumbnail=\"https:\/\/www.prouvy.be\/wp-content\/gallery\/saint-nicolas-des-enfants-28-novembre-2010\/thumbs\/thumbs_st-nicolas_2010_07.JPG\"\n\t\t\t\tdata-image-id=\"707\"\n\t\t\t\tdata-title=\"st-nicolas_2010_07\"\n\t\t\t\tdata-description=\" \"\n\t\t\t\tdata-image-slug=\"st-nicolas_2010_07\"\n\t\t\t\tclass=\"ngg-fancybox\" rel=\"36d568cdac4be5cb9f14aac7e9a84d35\">\n\t\t\t\t<img\n\t\t\t\t\ttitle=\"st-nicolas_2010_07\"\n\t\t\t\t\talt=\"st-nicolas_2010_07\"\n\t\t\t\t\tsrc=\"https:\/\/www.prouvy.be\/wp-content\/gallery\/saint-nicolas-des-enfants-28-novembre-2010\/thumbs\/thumbs_st-nicolas_2010_07.JPG\"\n\t\t\t\t\twidth=\"120\"\n\t\t\t\t\theight=\"90\"\n\t\t\t\t\tstyle=\"max-width:100%;\"\n\t\t\t\t\/>\n\t\t\t<\/a>\n\t\t<\/div>\n\t\t\t\t\t\t\t<\/div>\n\t\t\t\n\t\t\n\t\t\t\t<div id=\"ngg-image-15\" class=\"ngg-gallery-thumbnail-box\"\n\t\t\t\t\t\t\t\t\t\t\t>\n\t\t\t\t\t\t<div class=\"ngg-gallery-thumbnail\">\n\t\t\t<a href=\"https:\/\/www.prouvy.be\/wp-content\/gallery\/saint-nicolas-des-enfants-28-novembre-2010\/st-nicolas_2010_06.JPG\"\n\t\t\t\ttitle=\" \"\n\t\t\t\tdata-src=\"https:\/\/www.prouvy.be\/wp-content\/gallery\/saint-nicolas-des-enfants-28-novembre-2010\/st-nicolas_2010_06.JPG\"\n\t\t\t\tdata-thumbnail=\"https:\/\/www.prouvy.be\/wp-content\/gallery\/saint-nicolas-des-enfants-28-novembre-2010\/thumbs\/thumbs_st-nicolas_2010_06.JPG\"\n\t\t\t\tdata-image-id=\"706\"\n\t\t\t\tdata-title=\"st-nicolas_2010_06\"\n\t\t\t\tdata-description=\" \"\n\t\t\t\tdata-image-slug=\"st-nicolas_2010_06\"\n\t\t\t\tclass=\"ngg-fancybox\" rel=\"36d568cdac4be5cb9f14aac7e9a84d35\">\n\t\t\t\t<img\n\t\t\t\t\ttitle=\"st-nicolas_2010_06\"\n\t\t\t\t\talt=\"st-nicolas_2010_06\"\n\t\t\t\t\tsrc=\"https:\/\/www.prouvy.be\/wp-content\/gallery\/saint-nicolas-des-enfants-28-novembre-2010\/thumbs\/thumbs_st-nicolas_2010_06.JPG\"\n\t\t\t\t\twidth=\"120\"\n\t\t\t\t\theight=\"90\"\n\t\t\t\t\tstyle=\"max-width:100%;\"\n\t\t\t\t\/>\n\t\t\t<\/a>\n\t\t<\/div>\n\t\t\t\t\t\t\t<\/div>\n\t\t\t\n\t\t\n\t\t\t\t<div id=\"ngg-image-16\" class=\"ngg-gallery-thumbnail-box\"\n\t\t\t\t\t\t\t\t\t\t\t>\n\t\t\t\t\t\t<div class=\"ngg-gallery-thumbnail\">\n\t\t\t<a href=\"https:\/\/www.prouvy.be\/wp-content\/gallery\/saint-nicolas-des-enfants-28-novembre-2010\/st-nicolas_2010_05.JPG\"\n\t\t\t\ttitle=\" \"\n\t\t\t\tdata-src=\"https:\/\/www.prouvy.be\/wp-content\/gallery\/saint-nicolas-des-enfants-28-novembre-2010\/st-nicolas_2010_05.JPG\"\n\t\t\t\tdata-thumbnail=\"https:\/\/www.prouvy.be\/wp-content\/gallery\/saint-nicolas-des-enfants-28-novembre-2010\/thumbs\/thumbs_st-nicolas_2010_05.JPG\"\n\t\t\t\tdata-image-id=\"705\"\n\t\t\t\tdata-title=\"st-nicolas_2010_05\"\n\t\t\t\tdata-description=\" \"\n\t\t\t\tdata-image-slug=\"st-nicolas_2010_05\"\n\t\t\t\tclass=\"ngg-fancybox\" rel=\"36d568cdac4be5cb9f14aac7e9a84d35\">\n\t\t\t\t<img\n\t\t\t\t\ttitle=\"st-nicolas_2010_05\"\n\t\t\t\t\talt=\"st-nicolas_2010_05\"\n\t\t\t\t\tsrc=\"https:\/\/www.prouvy.be\/wp-content\/gallery\/saint-nicolas-des-enfants-28-novembre-2010\/thumbs\/thumbs_st-nicolas_2010_05.JPG\"\n\t\t\t\t\twidth=\"120\"\n\t\t\t\t\theight=\"90\"\n\t\t\t\t\tstyle=\"max-width:100%;\"\n\t\t\t\t\/>\n\t\t\t<\/a>\n\t\t<\/div>\n\t\t\t\t\t\t\t<\/div>\n\t\t\t\n\t\t\n\t\t\t\t<div id=\"ngg-image-17\" class=\"ngg-gallery-thumbnail-box\"\n\t\t\t\t\t\t\t\t\t\t\t>\n\t\t\t\t\t\t<div class=\"ngg-gallery-thumbnail\">\n\t\t\t<a href=\"https:\/\/www.prouvy.be\/wp-content\/gallery\/saint-nicolas-des-enfants-28-novembre-2010\/st-nicolas_2010_04.JPG\"\n\t\t\t\ttitle=\" \"\n\t\t\t\tdata-src=\"https:\/\/www.prouvy.be\/wp-content\/gallery\/saint-nicolas-des-enfants-28-novembre-2010\/st-nicolas_2010_04.JPG\"\n\t\t\t\tdata-thumbnail=\"https:\/\/www.prouvy.be\/wp-content\/gallery\/saint-nicolas-des-enfants-28-novembre-2010\/thumbs\/thumbs_st-nicolas_2010_04.JPG\"\n\t\t\t\tdata-image-id=\"704\"\n\t\t\t\tdata-title=\"st-nicolas_2010_04\"\n\t\t\t\tdata-description=\" \"\n\t\t\t\tdata-image-slug=\"st-nicolas_2010_04\"\n\t\t\t\tclass=\"ngg-fancybox\" rel=\"36d568cdac4be5cb9f14aac7e9a84d35\">\n\t\t\t\t<img\n\t\t\t\t\ttitle=\"st-nicolas_2010_04\"\n\t\t\t\t\talt=\"st-nicolas_2010_04\"\n\t\t\t\t\tsrc=\"https:\/\/www.prouvy.be\/wp-content\/gallery\/saint-nicolas-des-enfants-28-novembre-2010\/thumbs\/thumbs_st-nicolas_2010_04.JPG\"\n\t\t\t\t\twidth=\"120\"\n\t\t\t\t\theight=\"90\"\n\t\t\t\t\tstyle=\"max-width:100%;\"\n\t\t\t\t\/>\n\t\t\t<\/a>\n\t\t<\/div>\n\t\t\t\t\t\t\t<\/div>\n\t\t\t\n\t\t\n\t\t\t\t<div id=\"ngg-image-18\" class=\"ngg-gallery-thumbnail-box\"\n\t\t\t\t\t\t\t\t\t\t\t>\n\t\t\t\t\t\t<div class=\"ngg-gallery-thumbnail\">\n\t\t\t<a href=\"https:\/\/www.prouvy.be\/wp-content\/gallery\/saint-nicolas-des-enfants-28-novembre-2010\/st-nicolas_2010_03.JPG\"\n\t\t\t\ttitle=\" \"\n\t\t\t\tdata-src=\"https:\/\/www.prouvy.be\/wp-content\/gallery\/saint-nicolas-des-enfants-28-novembre-2010\/st-nicolas_2010_03.JPG\"\n\t\t\t\tdata-thumbnail=\"https:\/\/www.prouvy.be\/wp-content\/gallery\/saint-nicolas-des-enfants-28-novembre-2010\/thumbs\/thumbs_st-nicolas_2010_03.JPG\"\n\t\t\t\tdata-image-id=\"703\"\n\t\t\t\tdata-title=\"st-nicolas_2010_03\"\n\t\t\t\tdata-description=\" \"\n\t\t\t\tdata-image-slug=\"st-nicolas_2010_03\"\n\t\t\t\tclass=\"ngg-fancybox\" rel=\"36d568cdac4be5cb9f14aac7e9a84d35\">\n\t\t\t\t<img\n\t\t\t\t\ttitle=\"st-nicolas_2010_03\"\n\t\t\t\t\talt=\"st-nicolas_2010_03\"\n\t\t\t\t\tsrc=\"https:\/\/www.prouvy.be\/wp-content\/gallery\/saint-nicolas-des-enfants-28-novembre-2010\/thumbs\/thumbs_st-nicolas_2010_03.JPG\"\n\t\t\t\t\twidth=\"120\"\n\t\t\t\t\theight=\"90\"\n\t\t\t\t\tstyle=\"max-width:100%;\"\n\t\t\t\t\/>\n\t\t\t<\/a>\n\t\t<\/div>\n\t\t\t\t\t\t\t<\/div>\n\t\t\t\n\t\t\n\t\t\t\t<div id=\"ngg-image-19\" class=\"ngg-gallery-thumbnail-box\"\n\t\t\t\t\t\t\t\t\t\t\t>\n\t\t\t\t\t\t<div class=\"ngg-gallery-thumbnail\">\n\t\t\t<a href=\"https:\/\/www.prouvy.be\/wp-content\/gallery\/saint-nicolas-des-enfants-28-novembre-2010\/st-nicolas_2010_02.JPG\"\n\t\t\t\ttitle=\" \"\n\t\t\t\tdata-src=\"https:\/\/www.prouvy.be\/wp-content\/gallery\/saint-nicolas-des-enfants-28-novembre-2010\/st-nicolas_2010_02.JPG\"\n\t\t\t\tdata-thumbnail=\"https:\/\/www.prouvy.be\/wp-content\/gallery\/saint-nicolas-des-enfants-28-novembre-2010\/thumbs\/thumbs_st-nicolas_2010_02.JPG\"\n\t\t\t\tdata-image-id=\"702\"\n\t\t\t\tdata-title=\"st-nicolas_2010_02\"\n\t\t\t\tdata-description=\" \"\n\t\t\t\tdata-image-slug=\"st-nicolas_2010_02\"\n\t\t\t\tclass=\"ngg-fancybox\" rel=\"36d568cdac4be5cb9f14aac7e9a84d35\">\n\t\t\t\t<img\n\t\t\t\t\ttitle=\"st-nicolas_2010_02\"\n\t\t\t\t\talt=\"st-nicolas_2010_02\"\n\t\t\t\t\tsrc=\"https:\/\/www.prouvy.be\/wp-content\/gallery\/saint-nicolas-des-enfants-28-novembre-2010\/thumbs\/thumbs_st-nicolas_2010_02.JPG\"\n\t\t\t\t\twidth=\"120\"\n\t\t\t\t\theight=\"90\"\n\t\t\t\t\tstyle=\"max-width:100%;\"\n\t\t\t\t\/>\n\t\t\t<\/a>\n\t\t<\/div>\n\t\t\t\t\t\t\t<\/div>\n\t\t\t\n\t\t\n\t\t\n\t\t<!-- Pagination -->\n\t\t<div class='ngg-clear'><\/div>\t<\/div>\n<\/p>\n","protected":false},"excerpt":{"rendered":"<p>Comme chaque ann\u00e9e, la visite du Grand-Saint s\u2019est bien d\u00e9roul\u00e9e. L\u2019apr\u00e8s midi a commenc\u00e9 avec quelques contes r\u00e9cit\u00e9s par Marie-Paule Bradfer. Suivi par la fameuse distribution de cadeaux pour les enfants. Tout le monde \u00e9tait content. [Show slideshow]<\/p>\n","protected":false},"author":1,"featured_media":2145,"parent":2081,"menu_order":0,"comment_status":"open","ping_status":"open","template":"","meta":{"ngg_post_thumbnail":0,"footnotes":""},"class_list":["post-2101","page","type-page","status-publish","has-post-thumbnail","hentry"],"post_mailing_queue_ids":[],"_links":{"self":[{"href":"https:\/\/www.prouvy.be\/index.php?rest_route=\/wp\/v2\/pages\/2101","targetHints":{"allow":["GET"]}}],"collection":[{"href":"https:\/\/www.prouvy.be\/index.php?rest_route=\/wp\/v2\/pages"}],"about":[{"href":"https:\/\/www.prouvy.be\/index.php?rest_route=\/wp\/v2\/types\/page"}],"author":[{"embeddable":true,"href":"https:\/\/www.prouvy.be\/index.php?rest_route=\/wp\/v2\/users\/1"}],"replies":[{"embeddable":true,"href":"https:\/\/www.prouvy.be\/index.php?rest_route=%2Fwp%2Fv2%2Fcomments&post=2101"}],"version-history":[{"count":2,"href":"https:\/\/www.prouvy.be\/index.php?rest_route=\/wp\/v2\/pages\/2101\/revisions"}],"predecessor-version":[{"id":2217,"href":"https:\/\/www.prouvy.be\/index.php?rest_route=\/wp\/v2\/pages\/2101\/revisions\/2217"}],"up":[{"embeddable":true,"href":"https:\/\/www.prouvy.be\/index.php?rest_route=\/wp\/v2\/pages\/2081"}],"wp:featuredmedia":[{"embeddable":true,"href":"https:\/\/www.prouvy.be\/index.php?rest_route=\/wp\/v2\/media\/2145"}],"wp:attachment":[{"href":"https:\/\/www.prouvy.be\/index.php?rest_route=%2Fwp%2Fv2%2Fmedia&parent=2101"}],"curies":[{"name":"wp","href":"https:\/\/api.w.org\/{rel}","templated":true}]}}