{"id":2083,"date":"2014-11-24T22:14:03","date_gmt":"2014-11-24T20:14:03","guid":{"rendered":"http:\/\/new.prouvy.be\/?page_id=2083"},"modified":"2014-11-24T23:09:36","modified_gmt":"2014-11-24T21:09:36","slug":"creche-et-decorations-de-fin-dannee-11-decembre-2010","status":"publish","type":"page","link":"https:\/\/www.prouvy.be\/?page_id=2083","title":{"rendered":"Cr\u00e8che et d\u00e9corations de fin d&rsquo;ann\u00e9e"},"content":{"rendered":"<div id=\"fb-root\"><\/div>\n<p>Une poign\u00e9e de braves b\u00e9n\u00e9voles se sont regroup\u00e9s ce samedi 11 d\u00e9cembre pour l\u2019habituelle distribution de sapins et le montage de la cr\u00e8che de No\u00ebl devant la chapelle du village. Corps et coeurs furent r\u00e9chauff\u00e9s ensuite gr\u00e2ce au vin chaud de Michou.<\/p>\n<p><!-- index.php -->\n<div\n\tclass=\"ngg-galleryoverview\n\t ngg-ajax-pagination-none\t\"\n\tid=\"ngg-gallery-cd66608e802b2298fa88010bb050f0fc-1\">\n\n\t\t<div class=\"slideshowlink\">\n\t\t<a href='https:\/\/www.prouvy.be\/index.php\/nggallery\/slideshow?page_id=2083'>[Show slideshow]<\/a>\n\n\t<\/div>\n\t\t\t<!-- Thumbnails -->\n\t\t\t\t<div id=\"ngg-image-0\" class=\"ngg-gallery-thumbnail-box\"\n\t\t\t\t\t\t\t\t\t\t\t>\n\t\t\t\t\t\t<div class=\"ngg-gallery-thumbnail\">\n\t\t\t<a href=\"https:\/\/www.prouvy.be\/wp-content\/gallery\/creche-et-decorations-de-fin-dannee-11-decembre-2010\/creche_2010_01.JPG\"\n\t\t\t\ttitle=\"\"\n\t\t\t\tdata-src=\"https:\/\/www.prouvy.be\/wp-content\/gallery\/creche-et-decorations-de-fin-dannee-11-decembre-2010\/creche_2010_01.JPG\"\n\t\t\t\tdata-thumbnail=\"https:\/\/www.prouvy.be\/wp-content\/gallery\/creche-et-decorations-de-fin-dannee-11-decembre-2010\/thumbs\/thumbs_creche_2010_01.JPG\"\n\t\t\t\tdata-image-id=\"697\"\n\t\t\t\tdata-title=\"creche_2010_01\"\n\t\t\t\tdata-description=\"\"\n\t\t\t\tdata-image-slug=\"creche_2010_01\"\n\t\t\t\tclass=\"ngg-fancybox\" rel=\"cd66608e802b2298fa88010bb050f0fc\">\n\t\t\t\t<img\n\t\t\t\t\ttitle=\"creche_2010_01\"\n\t\t\t\t\talt=\"creche_2010_01\"\n\t\t\t\t\tsrc=\"https:\/\/www.prouvy.be\/wp-content\/gallery\/creche-et-decorations-de-fin-dannee-11-decembre-2010\/thumbs\/thumbs_creche_2010_01.JPG\"\n\t\t\t\t\twidth=\"120\"\n\t\t\t\t\theight=\"90\"\n\t\t\t\t\tstyle=\"max-width:100%;\"\n\t\t\t\t\/>\n\t\t\t<\/a>\n\t\t<\/div>\n\t\t\t\t\t\t\t<\/div>\n\t\t\t\n\t\t\n\t\t\t\t<div id=\"ngg-image-1\" class=\"ngg-gallery-thumbnail-box\"\n\t\t\t\t\t\t\t\t\t\t\t>\n\t\t\t\t\t\t<div class=\"ngg-gallery-thumbnail\">\n\t\t\t<a href=\"https:\/\/www.prouvy.be\/wp-content\/gallery\/creche-et-decorations-de-fin-dannee-11-decembre-2010\/creche_2010_02.JPG\"\n\t\t\t\ttitle=\" \"\n\t\t\t\tdata-src=\"https:\/\/www.prouvy.be\/wp-content\/gallery\/creche-et-decorations-de-fin-dannee-11-decembre-2010\/creche_2010_02.JPG\"\n\t\t\t\tdata-thumbnail=\"https:\/\/www.prouvy.be\/wp-content\/gallery\/creche-et-decorations-de-fin-dannee-11-decembre-2010\/thumbs\/thumbs_creche_2010_02.JPG\"\n\t\t\t\tdata-image-id=\"698\"\n\t\t\t\tdata-title=\"creche_2010_02\"\n\t\t\t\tdata-description=\" \"\n\t\t\t\tdata-image-slug=\"creche_2010_02\"\n\t\t\t\tclass=\"ngg-fancybox\" rel=\"cd66608e802b2298fa88010bb050f0fc\">\n\t\t\t\t<img\n\t\t\t\t\ttitle=\"creche_2010_02\"\n\t\t\t\t\talt=\"creche_2010_02\"\n\t\t\t\t\tsrc=\"https:\/\/www.prouvy.be\/wp-content\/gallery\/creche-et-decorations-de-fin-dannee-11-decembre-2010\/thumbs\/thumbs_creche_2010_02.JPG\"\n\t\t\t\t\twidth=\"120\"\n\t\t\t\t\theight=\"90\"\n\t\t\t\t\tstyle=\"max-width:100%;\"\n\t\t\t\t\/>\n\t\t\t<\/a>\n\t\t<\/div>\n\t\t\t\t\t\t\t<\/div>\n\t\t\t\n\t\t\n\t\t\t\t<div id=\"ngg-image-2\" class=\"ngg-gallery-thumbnail-box\"\n\t\t\t\t\t\t\t\t\t\t\t>\n\t\t\t\t\t\t<div class=\"ngg-gallery-thumbnail\">\n\t\t\t<a href=\"https:\/\/www.prouvy.be\/wp-content\/gallery\/creche-et-decorations-de-fin-dannee-11-decembre-2010\/creche_2010_03.JPG\"\n\t\t\t\ttitle=\" \"\n\t\t\t\tdata-src=\"https:\/\/www.prouvy.be\/wp-content\/gallery\/creche-et-decorations-de-fin-dannee-11-decembre-2010\/creche_2010_03.JPG\"\n\t\t\t\tdata-thumbnail=\"https:\/\/www.prouvy.be\/wp-content\/gallery\/creche-et-decorations-de-fin-dannee-11-decembre-2010\/thumbs\/thumbs_creche_2010_03.JPG\"\n\t\t\t\tdata-image-id=\"699\"\n\t\t\t\tdata-title=\"creche_2010_03\"\n\t\t\t\tdata-description=\" \"\n\t\t\t\tdata-image-slug=\"creche_2010_03\"\n\t\t\t\tclass=\"ngg-fancybox\" rel=\"cd66608e802b2298fa88010bb050f0fc\">\n\t\t\t\t<img\n\t\t\t\t\ttitle=\"creche_2010_03\"\n\t\t\t\t\talt=\"creche_2010_03\"\n\t\t\t\t\tsrc=\"https:\/\/www.prouvy.be\/wp-content\/gallery\/creche-et-decorations-de-fin-dannee-11-decembre-2010\/thumbs\/thumbs_creche_2010_03.JPG\"\n\t\t\t\t\twidth=\"120\"\n\t\t\t\t\theight=\"90\"\n\t\t\t\t\tstyle=\"max-width:100%;\"\n\t\t\t\t\/>\n\t\t\t<\/a>\n\t\t<\/div>\n\t\t\t\t\t\t\t<\/div>\n\t\t\t\n\t\t\n\t\t\t\t<div id=\"ngg-image-3\" class=\"ngg-gallery-thumbnail-box\"\n\t\t\t\t\t\t\t\t\t\t\t>\n\t\t\t\t\t\t<div class=\"ngg-gallery-thumbnail\">\n\t\t\t<a href=\"https:\/\/www.prouvy.be\/wp-content\/gallery\/creche-et-decorations-de-fin-dannee-11-decembre-2010\/creche_2010_04.JPG\"\n\t\t\t\ttitle=\" \"\n\t\t\t\tdata-src=\"https:\/\/www.prouvy.be\/wp-content\/gallery\/creche-et-decorations-de-fin-dannee-11-decembre-2010\/creche_2010_04.JPG\"\n\t\t\t\tdata-thumbnail=\"https:\/\/www.prouvy.be\/wp-content\/gallery\/creche-et-decorations-de-fin-dannee-11-decembre-2010\/thumbs\/thumbs_creche_2010_04.JPG\"\n\t\t\t\tdata-image-id=\"700\"\n\t\t\t\tdata-title=\"creche_2010_04\"\n\t\t\t\tdata-description=\" \"\n\t\t\t\tdata-image-slug=\"creche_2010_04\"\n\t\t\t\tclass=\"ngg-fancybox\" rel=\"cd66608e802b2298fa88010bb050f0fc\">\n\t\t\t\t<img\n\t\t\t\t\ttitle=\"creche_2010_04\"\n\t\t\t\t\talt=\"creche_2010_04\"\n\t\t\t\t\tsrc=\"https:\/\/www.prouvy.be\/wp-content\/gallery\/creche-et-decorations-de-fin-dannee-11-decembre-2010\/thumbs\/thumbs_creche_2010_04.JPG\"\n\t\t\t\t\twidth=\"120\"\n\t\t\t\t\theight=\"90\"\n\t\t\t\t\tstyle=\"max-width:100%;\"\n\t\t\t\t\/>\n\t\t\t<\/a>\n\t\t<\/div>\n\t\t\t\t\t\t\t<\/div>\n\t\t\t\n\t\t\n\t\t\n\t\t<!-- Pagination -->\n\t\t<div class='ngg-clear'><\/div>\t<\/div>\n<\/p>\n","protected":false},"excerpt":{"rendered":"<p>Une poign\u00e9e de braves b\u00e9n\u00e9voles se sont regroup\u00e9s ce samedi 11 d\u00e9cembre pour l\u2019habituelle distribution de sapins et le montage de la cr\u00e8che de No\u00ebl devant la chapelle du village. Corps et coeurs furent r\u00e9chauff\u00e9s ensuite gr\u00e2ce au vin chaud de Michou. [Show slideshow]<\/p>\n","protected":false},"author":1,"featured_media":2097,"parent":2081,"menu_order":0,"comment_status":"open","ping_status":"open","template":"","meta":{"ngg_post_thumbnail":0,"footnotes":""},"class_list":["post-2083","page","type-page","status-publish","has-post-thumbnail","hentry"],"post_mailing_queue_ids":[],"_links":{"self":[{"href":"https:\/\/www.prouvy.be\/index.php?rest_route=\/wp\/v2\/pages\/2083","targetHints":{"allow":["GET"]}}],"collection":[{"href":"https:\/\/www.prouvy.be\/index.php?rest_route=\/wp\/v2\/pages"}],"about":[{"href":"https:\/\/www.prouvy.be\/index.php?rest_route=\/wp\/v2\/types\/page"}],"author":[{"embeddable":true,"href":"https:\/\/www.prouvy.be\/index.php?rest_route=\/wp\/v2\/users\/1"}],"replies":[{"embeddable":true,"href":"https:\/\/www.prouvy.be\/index.php?rest_route=%2Fwp%2Fv2%2Fcomments&post=2083"}],"version-history":[{"count":2,"href":"https:\/\/www.prouvy.be\/index.php?rest_route=\/wp\/v2\/pages\/2083\/revisions"}],"predecessor-version":[{"id":2214,"href":"https:\/\/www.prouvy.be\/index.php?rest_route=\/wp\/v2\/pages\/2083\/revisions\/2214"}],"up":[{"embeddable":true,"href":"https:\/\/www.prouvy.be\/index.php?rest_route=\/wp\/v2\/pages\/2081"}],"wp:featuredmedia":[{"embeddable":true,"href":"https:\/\/www.prouvy.be\/index.php?rest_route=\/wp\/v2\/media\/2097"}],"wp:attachment":[{"href":"https:\/\/www.prouvy.be\/index.php?rest_route=%2Fwp%2Fv2%2Fmedia&parent=2083"}],"curies":[{"name":"wp","href":"https:\/\/api.w.org\/{rel}","templated":true}]}}