{"id":2018,"date":"2014-11-21T23:56:51","date_gmt":"2014-11-21T21:56:51","guid":{"rendered":"http:\/\/new.prouvy.be\/?page_id=2018"},"modified":"2014-11-21T23:56:51","modified_gmt":"2014-11-21T21:56:51","slug":"soiree-des-benevoles","status":"publish","type":"page","link":"https:\/\/www.prouvy.be\/?page_id=2018","title":{"rendered":"Soir\u00e9e des b\u00e9n\u00e9voles"},"content":{"rendered":"<div id=\"fb-root\"><\/div>\n<p>Ce samedi 14 novembre, l\u2019<span class=\"caps\">ASBL<\/span> La Provon\u00e7oise a organis\u00e9 sa soir\u00e9e des b\u00e9n\u00e9voles en l\u2019abbatiale<\/p>\n<p>\u201cLa Chaumi\u00e8re\u201d de Prouvy di Compostela. Les nombreux moines, cur\u00e9s, nonnes et autres eccl\u00e9siastiques de tout Ordres et Congr\u00e9gations ont partag\u00e9 le repas qui leur \u00e9tait propos\u00e9 : buffet de fromages et charcuteries, petits pains sp\u00e9ciaux et bi\u00e8res d\u2019abbaye.<\/p>\n<p><!-- index.php -->\n<div\n\tclass=\"ngg-galleryoverview\n\t ngg-ajax-pagination-none\t\"\n\tid=\"ngg-gallery-108961a113fbaebea98e5b8b5336f1a9-1\">\n\n\t\t<div class=\"slideshowlink\">\n\t\t<a href='https:\/\/www.prouvy.be\/index.php\/nggallery\/slideshow?page_id=2018'>[Show slideshow]<\/a>\n\n\t<\/div>\n\t\t\t<!-- Thumbnails -->\n\t\t\t\t<div id=\"ngg-image-0\" class=\"ngg-gallery-thumbnail-box\"\n\t\t\t\t\t\t\t\t\t\t\t>\n\t\t\t\t\t\t<div class=\"ngg-gallery-thumbnail\">\n\t\t\t<a href=\"https:\/\/www.prouvy.be\/wp-content\/gallery\/soiree-des-benevoles-2007\/Bene_2009_01.jpg\"\n\t\t\t\ttitle=\"\"\n\t\t\t\tdata-src=\"https:\/\/www.prouvy.be\/wp-content\/gallery\/soiree-des-benevoles-2007\/Bene_2009_01.jpg\"\n\t\t\t\tdata-thumbnail=\"https:\/\/www.prouvy.be\/wp-content\/gallery\/soiree-des-benevoles-2007\/thumbs\/thumbs_Bene_2009_01.jpg\"\n\t\t\t\tdata-image-id=\"673\"\n\t\t\t\tdata-title=\"Bene_2009_01\"\n\t\t\t\tdata-description=\"\"\n\t\t\t\tdata-image-slug=\"bene_2009_01\"\n\t\t\t\tclass=\"ngg-fancybox\" rel=\"108961a113fbaebea98e5b8b5336f1a9\">\n\t\t\t\t<img\n\t\t\t\t\ttitle=\"Bene_2009_01\"\n\t\t\t\t\talt=\"Bene_2009_01\"\n\t\t\t\t\tsrc=\"https:\/\/www.prouvy.be\/wp-content\/gallery\/soiree-des-benevoles-2007\/thumbs\/thumbs_Bene_2009_01.jpg\"\n\t\t\t\t\twidth=\"120\"\n\t\t\t\t\theight=\"90\"\n\t\t\t\t\tstyle=\"max-width:100%;\"\n\t\t\t\t\/>\n\t\t\t<\/a>\n\t\t<\/div>\n\t\t\t\t\t\t\t<\/div>\n\t\t\t\n\t\t\n\t\t\t\t<div id=\"ngg-image-1\" class=\"ngg-gallery-thumbnail-box\"\n\t\t\t\t\t\t\t\t\t\t\t>\n\t\t\t\t\t\t<div class=\"ngg-gallery-thumbnail\">\n\t\t\t<a href=\"https:\/\/www.prouvy.be\/wp-content\/gallery\/soiree-des-benevoles-2007\/Bene_2009_02.jpg\"\n\t\t\t\ttitle=\" \"\n\t\t\t\tdata-src=\"https:\/\/www.prouvy.be\/wp-content\/gallery\/soiree-des-benevoles-2007\/Bene_2009_02.jpg\"\n\t\t\t\tdata-thumbnail=\"https:\/\/www.prouvy.be\/wp-content\/gallery\/soiree-des-benevoles-2007\/thumbs\/thumbs_Bene_2009_02.jpg\"\n\t\t\t\tdata-image-id=\"674\"\n\t\t\t\tdata-title=\"Bene_2009_02\"\n\t\t\t\tdata-description=\" \"\n\t\t\t\tdata-image-slug=\"bene_2009_02\"\n\t\t\t\tclass=\"ngg-fancybox\" rel=\"108961a113fbaebea98e5b8b5336f1a9\">\n\t\t\t\t<img\n\t\t\t\t\ttitle=\"Bene_2009_02\"\n\t\t\t\t\talt=\"Bene_2009_02\"\n\t\t\t\t\tsrc=\"https:\/\/www.prouvy.be\/wp-content\/gallery\/soiree-des-benevoles-2007\/thumbs\/thumbs_Bene_2009_02.jpg\"\n\t\t\t\t\twidth=\"120\"\n\t\t\t\t\theight=\"90\"\n\t\t\t\t\tstyle=\"max-width:100%;\"\n\t\t\t\t\/>\n\t\t\t<\/a>\n\t\t<\/div>\n\t\t\t\t\t\t\t<\/div>\n\t\t\t\n\t\t\n\t\t\t\t<div id=\"ngg-image-2\" class=\"ngg-gallery-thumbnail-box\"\n\t\t\t\t\t\t\t\t\t\t\t>\n\t\t\t\t\t\t<div class=\"ngg-gallery-thumbnail\">\n\t\t\t<a href=\"https:\/\/www.prouvy.be\/wp-content\/gallery\/soiree-des-benevoles-2007\/Bene_2009_03.jpg\"\n\t\t\t\ttitle=\" \"\n\t\t\t\tdata-src=\"https:\/\/www.prouvy.be\/wp-content\/gallery\/soiree-des-benevoles-2007\/Bene_2009_03.jpg\"\n\t\t\t\tdata-thumbnail=\"https:\/\/www.prouvy.be\/wp-content\/gallery\/soiree-des-benevoles-2007\/thumbs\/thumbs_Bene_2009_03.jpg\"\n\t\t\t\tdata-image-id=\"675\"\n\t\t\t\tdata-title=\"Bene_2009_03\"\n\t\t\t\tdata-description=\" \"\n\t\t\t\tdata-image-slug=\"bene_2009_03\"\n\t\t\t\tclass=\"ngg-fancybox\" rel=\"108961a113fbaebea98e5b8b5336f1a9\">\n\t\t\t\t<img\n\t\t\t\t\ttitle=\"Bene_2009_03\"\n\t\t\t\t\talt=\"Bene_2009_03\"\n\t\t\t\t\tsrc=\"https:\/\/www.prouvy.be\/wp-content\/gallery\/soiree-des-benevoles-2007\/thumbs\/thumbs_Bene_2009_03.jpg\"\n\t\t\t\t\twidth=\"120\"\n\t\t\t\t\theight=\"90\"\n\t\t\t\t\tstyle=\"max-width:100%;\"\n\t\t\t\t\/>\n\t\t\t<\/a>\n\t\t<\/div>\n\t\t\t\t\t\t\t<\/div>\n\t\t\t\n\t\t\n\t\t\t\t<div id=\"ngg-image-3\" class=\"ngg-gallery-thumbnail-box\"\n\t\t\t\t\t\t\t\t\t\t\t>\n\t\t\t\t\t\t<div class=\"ngg-gallery-thumbnail\">\n\t\t\t<a href=\"https:\/\/www.prouvy.be\/wp-content\/gallery\/soiree-des-benevoles-2007\/Bene_2009_04.jpg\"\n\t\t\t\ttitle=\" \"\n\t\t\t\tdata-src=\"https:\/\/www.prouvy.be\/wp-content\/gallery\/soiree-des-benevoles-2007\/Bene_2009_04.jpg\"\n\t\t\t\tdata-thumbnail=\"https:\/\/www.prouvy.be\/wp-content\/gallery\/soiree-des-benevoles-2007\/thumbs\/thumbs_Bene_2009_04.jpg\"\n\t\t\t\tdata-image-id=\"676\"\n\t\t\t\tdata-title=\"Bene_2009_04\"\n\t\t\t\tdata-description=\" \"\n\t\t\t\tdata-image-slug=\"bene_2009_04\"\n\t\t\t\tclass=\"ngg-fancybox\" rel=\"108961a113fbaebea98e5b8b5336f1a9\">\n\t\t\t\t<img\n\t\t\t\t\ttitle=\"Bene_2009_04\"\n\t\t\t\t\talt=\"Bene_2009_04\"\n\t\t\t\t\tsrc=\"https:\/\/www.prouvy.be\/wp-content\/gallery\/soiree-des-benevoles-2007\/thumbs\/thumbs_Bene_2009_04.jpg\"\n\t\t\t\t\twidth=\"120\"\n\t\t\t\t\theight=\"90\"\n\t\t\t\t\tstyle=\"max-width:100%;\"\n\t\t\t\t\/>\n\t\t\t<\/a>\n\t\t<\/div>\n\t\t\t\t\t\t\t<\/div>\n\t\t\t\n\t\t\n\t\t\t\t<div id=\"ngg-image-4\" class=\"ngg-gallery-thumbnail-box\"\n\t\t\t\t\t\t\t\t\t\t\t>\n\t\t\t\t\t\t<div class=\"ngg-gallery-thumbnail\">\n\t\t\t<a href=\"https:\/\/www.prouvy.be\/wp-content\/gallery\/soiree-des-benevoles-2007\/Bene_2009_05.jpg\"\n\t\t\t\ttitle=\" \"\n\t\t\t\tdata-src=\"https:\/\/www.prouvy.be\/wp-content\/gallery\/soiree-des-benevoles-2007\/Bene_2009_05.jpg\"\n\t\t\t\tdata-thumbnail=\"https:\/\/www.prouvy.be\/wp-content\/gallery\/soiree-des-benevoles-2007\/thumbs\/thumbs_Bene_2009_05.jpg\"\n\t\t\t\tdata-image-id=\"677\"\n\t\t\t\tdata-title=\"Bene_2009_05\"\n\t\t\t\tdata-description=\" \"\n\t\t\t\tdata-image-slug=\"bene_2009_05\"\n\t\t\t\tclass=\"ngg-fancybox\" rel=\"108961a113fbaebea98e5b8b5336f1a9\">\n\t\t\t\t<img\n\t\t\t\t\ttitle=\"Bene_2009_05\"\n\t\t\t\t\talt=\"Bene_2009_05\"\n\t\t\t\t\tsrc=\"https:\/\/www.prouvy.be\/wp-content\/gallery\/soiree-des-benevoles-2007\/thumbs\/thumbs_Bene_2009_05.jpg\"\n\t\t\t\t\twidth=\"120\"\n\t\t\t\t\theight=\"90\"\n\t\t\t\t\tstyle=\"max-width:100%;\"\n\t\t\t\t\/>\n\t\t\t<\/a>\n\t\t<\/div>\n\t\t\t\t\t\t\t<\/div>\n\t\t\t\n\t\t\n\t\t\t\t<div id=\"ngg-image-5\" class=\"ngg-gallery-thumbnail-box\"\n\t\t\t\t\t\t\t\t\t\t\t>\n\t\t\t\t\t\t<div class=\"ngg-gallery-thumbnail\">\n\t\t\t<a href=\"https:\/\/www.prouvy.be\/wp-content\/gallery\/soiree-des-benevoles-2007\/Bene_2009_06.jpg\"\n\t\t\t\ttitle=\" \"\n\t\t\t\tdata-src=\"https:\/\/www.prouvy.be\/wp-content\/gallery\/soiree-des-benevoles-2007\/Bene_2009_06.jpg\"\n\t\t\t\tdata-thumbnail=\"https:\/\/www.prouvy.be\/wp-content\/gallery\/soiree-des-benevoles-2007\/thumbs\/thumbs_Bene_2009_06.jpg\"\n\t\t\t\tdata-image-id=\"678\"\n\t\t\t\tdata-title=\"Bene_2009_06\"\n\t\t\t\tdata-description=\" \"\n\t\t\t\tdata-image-slug=\"bene_2009_06\"\n\t\t\t\tclass=\"ngg-fancybox\" rel=\"108961a113fbaebea98e5b8b5336f1a9\">\n\t\t\t\t<img\n\t\t\t\t\ttitle=\"Bene_2009_06\"\n\t\t\t\t\talt=\"Bene_2009_06\"\n\t\t\t\t\tsrc=\"https:\/\/www.prouvy.be\/wp-content\/gallery\/soiree-des-benevoles-2007\/thumbs\/thumbs_Bene_2009_06.jpg\"\n\t\t\t\t\twidth=\"120\"\n\t\t\t\t\theight=\"90\"\n\t\t\t\t\tstyle=\"max-width:100%;\"\n\t\t\t\t\/>\n\t\t\t<\/a>\n\t\t<\/div>\n\t\t\t\t\t\t\t<\/div>\n\t\t\t\n\t\t\n\t\t\t\t<div id=\"ngg-image-6\" class=\"ngg-gallery-thumbnail-box\"\n\t\t\t\t\t\t\t\t\t\t\t>\n\t\t\t\t\t\t<div class=\"ngg-gallery-thumbnail\">\n\t\t\t<a href=\"https:\/\/www.prouvy.be\/wp-content\/gallery\/soiree-des-benevoles-2007\/Bene_2009_07.jpg\"\n\t\t\t\ttitle=\" \"\n\t\t\t\tdata-src=\"https:\/\/www.prouvy.be\/wp-content\/gallery\/soiree-des-benevoles-2007\/Bene_2009_07.jpg\"\n\t\t\t\tdata-thumbnail=\"https:\/\/www.prouvy.be\/wp-content\/gallery\/soiree-des-benevoles-2007\/thumbs\/thumbs_Bene_2009_07.jpg\"\n\t\t\t\tdata-image-id=\"679\"\n\t\t\t\tdata-title=\"Bene_2009_07\"\n\t\t\t\tdata-description=\" \"\n\t\t\t\tdata-image-slug=\"bene_2009_07\"\n\t\t\t\tclass=\"ngg-fancybox\" rel=\"108961a113fbaebea98e5b8b5336f1a9\">\n\t\t\t\t<img\n\t\t\t\t\ttitle=\"Bene_2009_07\"\n\t\t\t\t\talt=\"Bene_2009_07\"\n\t\t\t\t\tsrc=\"https:\/\/www.prouvy.be\/wp-content\/gallery\/soiree-des-benevoles-2007\/thumbs\/thumbs_Bene_2009_07.jpg\"\n\t\t\t\t\twidth=\"120\"\n\t\t\t\t\theight=\"90\"\n\t\t\t\t\tstyle=\"max-width:100%;\"\n\t\t\t\t\/>\n\t\t\t<\/a>\n\t\t<\/div>\n\t\t\t\t\t\t\t<\/div>\n\t\t\t\n\t\t\n\t\t\t\t<div id=\"ngg-image-7\" class=\"ngg-gallery-thumbnail-box\"\n\t\t\t\t\t\t\t\t\t\t\t>\n\t\t\t\t\t\t<div class=\"ngg-gallery-thumbnail\">\n\t\t\t<a href=\"https:\/\/www.prouvy.be\/wp-content\/gallery\/soiree-des-benevoles-2007\/Bene_2009_08.jpg\"\n\t\t\t\ttitle=\" \"\n\t\t\t\tdata-src=\"https:\/\/www.prouvy.be\/wp-content\/gallery\/soiree-des-benevoles-2007\/Bene_2009_08.jpg\"\n\t\t\t\tdata-thumbnail=\"https:\/\/www.prouvy.be\/wp-content\/gallery\/soiree-des-benevoles-2007\/thumbs\/thumbs_Bene_2009_08.jpg\"\n\t\t\t\tdata-image-id=\"680\"\n\t\t\t\tdata-title=\"Bene_2009_08\"\n\t\t\t\tdata-description=\" \"\n\t\t\t\tdata-image-slug=\"bene_2009_08\"\n\t\t\t\tclass=\"ngg-fancybox\" rel=\"108961a113fbaebea98e5b8b5336f1a9\">\n\t\t\t\t<img\n\t\t\t\t\ttitle=\"Bene_2009_08\"\n\t\t\t\t\talt=\"Bene_2009_08\"\n\t\t\t\t\tsrc=\"https:\/\/www.prouvy.be\/wp-content\/gallery\/soiree-des-benevoles-2007\/thumbs\/thumbs_Bene_2009_08.jpg\"\n\t\t\t\t\twidth=\"120\"\n\t\t\t\t\theight=\"90\"\n\t\t\t\t\tstyle=\"max-width:100%;\"\n\t\t\t\t\/>\n\t\t\t<\/a>\n\t\t<\/div>\n\t\t\t\t\t\t\t<\/div>\n\t\t\t\n\t\t\n\t\t\t\t<div id=\"ngg-image-8\" class=\"ngg-gallery-thumbnail-box\"\n\t\t\t\t\t\t\t\t\t\t\t>\n\t\t\t\t\t\t<div class=\"ngg-gallery-thumbnail\">\n\t\t\t<a href=\"https:\/\/www.prouvy.be\/wp-content\/gallery\/soiree-des-benevoles-2007\/Bene_2009_09.jpg\"\n\t\t\t\ttitle=\" \"\n\t\t\t\tdata-src=\"https:\/\/www.prouvy.be\/wp-content\/gallery\/soiree-des-benevoles-2007\/Bene_2009_09.jpg\"\n\t\t\t\tdata-thumbnail=\"https:\/\/www.prouvy.be\/wp-content\/gallery\/soiree-des-benevoles-2007\/thumbs\/thumbs_Bene_2009_09.jpg\"\n\t\t\t\tdata-image-id=\"681\"\n\t\t\t\tdata-title=\"Bene_2009_09\"\n\t\t\t\tdata-description=\" \"\n\t\t\t\tdata-image-slug=\"bene_2009_09\"\n\t\t\t\tclass=\"ngg-fancybox\" rel=\"108961a113fbaebea98e5b8b5336f1a9\">\n\t\t\t\t<img\n\t\t\t\t\ttitle=\"Bene_2009_09\"\n\t\t\t\t\talt=\"Bene_2009_09\"\n\t\t\t\t\tsrc=\"https:\/\/www.prouvy.be\/wp-content\/gallery\/soiree-des-benevoles-2007\/thumbs\/thumbs_Bene_2009_09.jpg\"\n\t\t\t\t\twidth=\"120\"\n\t\t\t\t\theight=\"90\"\n\t\t\t\t\tstyle=\"max-width:100%;\"\n\t\t\t\t\/>\n\t\t\t<\/a>\n\t\t<\/div>\n\t\t\t\t\t\t\t<\/div>\n\t\t\t\n\t\t\n\t\t\t\t<div id=\"ngg-image-9\" class=\"ngg-gallery-thumbnail-box\"\n\t\t\t\t\t\t\t\t\t\t\t>\n\t\t\t\t\t\t<div class=\"ngg-gallery-thumbnail\">\n\t\t\t<a href=\"https:\/\/www.prouvy.be\/wp-content\/gallery\/soiree-des-benevoles-2007\/Bene_2009_10.jpg\"\n\t\t\t\ttitle=\" \"\n\t\t\t\tdata-src=\"https:\/\/www.prouvy.be\/wp-content\/gallery\/soiree-des-benevoles-2007\/Bene_2009_10.jpg\"\n\t\t\t\tdata-thumbnail=\"https:\/\/www.prouvy.be\/wp-content\/gallery\/soiree-des-benevoles-2007\/thumbs\/thumbs_Bene_2009_10.jpg\"\n\t\t\t\tdata-image-id=\"682\"\n\t\t\t\tdata-title=\"Bene_2009_10\"\n\t\t\t\tdata-description=\" \"\n\t\t\t\tdata-image-slug=\"bene_2009_10\"\n\t\t\t\tclass=\"ngg-fancybox\" rel=\"108961a113fbaebea98e5b8b5336f1a9\">\n\t\t\t\t<img\n\t\t\t\t\ttitle=\"Bene_2009_10\"\n\t\t\t\t\talt=\"Bene_2009_10\"\n\t\t\t\t\tsrc=\"https:\/\/www.prouvy.be\/wp-content\/gallery\/soiree-des-benevoles-2007\/thumbs\/thumbs_Bene_2009_10.jpg\"\n\t\t\t\t\twidth=\"120\"\n\t\t\t\t\theight=\"90\"\n\t\t\t\t\tstyle=\"max-width:100%;\"\n\t\t\t\t\/>\n\t\t\t<\/a>\n\t\t<\/div>\n\t\t\t\t\t\t\t<\/div>\n\t\t\t\n\t\t\n\t\t\t\t<div id=\"ngg-image-10\" class=\"ngg-gallery-thumbnail-box\"\n\t\t\t\t\t\t\t\t\t\t\t>\n\t\t\t\t\t\t<div class=\"ngg-gallery-thumbnail\">\n\t\t\t<a href=\"https:\/\/www.prouvy.be\/wp-content\/gallery\/soiree-des-benevoles-2007\/Bene_2009_11.jpg\"\n\t\t\t\ttitle=\" \"\n\t\t\t\tdata-src=\"https:\/\/www.prouvy.be\/wp-content\/gallery\/soiree-des-benevoles-2007\/Bene_2009_11.jpg\"\n\t\t\t\tdata-thumbnail=\"https:\/\/www.prouvy.be\/wp-content\/gallery\/soiree-des-benevoles-2007\/thumbs\/thumbs_Bene_2009_11.jpg\"\n\t\t\t\tdata-image-id=\"683\"\n\t\t\t\tdata-title=\"Bene_2009_11\"\n\t\t\t\tdata-description=\" \"\n\t\t\t\tdata-image-slug=\"bene_2009_11\"\n\t\t\t\tclass=\"ngg-fancybox\" rel=\"108961a113fbaebea98e5b8b5336f1a9\">\n\t\t\t\t<img\n\t\t\t\t\ttitle=\"Bene_2009_11\"\n\t\t\t\t\talt=\"Bene_2009_11\"\n\t\t\t\t\tsrc=\"https:\/\/www.prouvy.be\/wp-content\/gallery\/soiree-des-benevoles-2007\/thumbs\/thumbs_Bene_2009_11.jpg\"\n\t\t\t\t\twidth=\"120\"\n\t\t\t\t\theight=\"90\"\n\t\t\t\t\tstyle=\"max-width:100%;\"\n\t\t\t\t\/>\n\t\t\t<\/a>\n\t\t<\/div>\n\t\t\t\t\t\t\t<\/div>\n\t\t\t\n\t\t\n\t\t\t\t<div id=\"ngg-image-11\" class=\"ngg-gallery-thumbnail-box\"\n\t\t\t\t\t\t\t\t\t\t\t>\n\t\t\t\t\t\t<div class=\"ngg-gallery-thumbnail\">\n\t\t\t<a href=\"https:\/\/www.prouvy.be\/wp-content\/gallery\/soiree-des-benevoles-2007\/Bene_2009_12.jpg\"\n\t\t\t\ttitle=\" \"\n\t\t\t\tdata-src=\"https:\/\/www.prouvy.be\/wp-content\/gallery\/soiree-des-benevoles-2007\/Bene_2009_12.jpg\"\n\t\t\t\tdata-thumbnail=\"https:\/\/www.prouvy.be\/wp-content\/gallery\/soiree-des-benevoles-2007\/thumbs\/thumbs_Bene_2009_12.jpg\"\n\t\t\t\tdata-image-id=\"684\"\n\t\t\t\tdata-title=\"Bene_2009_12\"\n\t\t\t\tdata-description=\" \"\n\t\t\t\tdata-image-slug=\"bene_2009_12\"\n\t\t\t\tclass=\"ngg-fancybox\" rel=\"108961a113fbaebea98e5b8b5336f1a9\">\n\t\t\t\t<img\n\t\t\t\t\ttitle=\"Bene_2009_12\"\n\t\t\t\t\talt=\"Bene_2009_12\"\n\t\t\t\t\tsrc=\"https:\/\/www.prouvy.be\/wp-content\/gallery\/soiree-des-benevoles-2007\/thumbs\/thumbs_Bene_2009_12.jpg\"\n\t\t\t\t\twidth=\"120\"\n\t\t\t\t\theight=\"90\"\n\t\t\t\t\tstyle=\"max-width:100%;\"\n\t\t\t\t\/>\n\t\t\t<\/a>\n\t\t<\/div>\n\t\t\t\t\t\t\t<\/div>\n\t\t\t\n\t\t\n\t\t\t\t<div id=\"ngg-image-12\" class=\"ngg-gallery-thumbnail-box\"\n\t\t\t\t\t\t\t\t\t\t\t>\n\t\t\t\t\t\t<div class=\"ngg-gallery-thumbnail\">\n\t\t\t<a href=\"https:\/\/www.prouvy.be\/wp-content\/gallery\/soiree-des-benevoles-2007\/Bene_2009_13.jpg\"\n\t\t\t\ttitle=\" \"\n\t\t\t\tdata-src=\"https:\/\/www.prouvy.be\/wp-content\/gallery\/soiree-des-benevoles-2007\/Bene_2009_13.jpg\"\n\t\t\t\tdata-thumbnail=\"https:\/\/www.prouvy.be\/wp-content\/gallery\/soiree-des-benevoles-2007\/thumbs\/thumbs_Bene_2009_13.jpg\"\n\t\t\t\tdata-image-id=\"685\"\n\t\t\t\tdata-title=\"Bene_2009_13\"\n\t\t\t\tdata-description=\" \"\n\t\t\t\tdata-image-slug=\"bene_2009_13\"\n\t\t\t\tclass=\"ngg-fancybox\" rel=\"108961a113fbaebea98e5b8b5336f1a9\">\n\t\t\t\t<img\n\t\t\t\t\ttitle=\"Bene_2009_13\"\n\t\t\t\t\talt=\"Bene_2009_13\"\n\t\t\t\t\tsrc=\"https:\/\/www.prouvy.be\/wp-content\/gallery\/soiree-des-benevoles-2007\/thumbs\/thumbs_Bene_2009_13.jpg\"\n\t\t\t\t\twidth=\"120\"\n\t\t\t\t\theight=\"90\"\n\t\t\t\t\tstyle=\"max-width:100%;\"\n\t\t\t\t\/>\n\t\t\t<\/a>\n\t\t<\/div>\n\t\t\t\t\t\t\t<\/div>\n\t\t\t\n\t\t\n\t\t\t\t<div id=\"ngg-image-13\" class=\"ngg-gallery-thumbnail-box\"\n\t\t\t\t\t\t\t\t\t\t\t>\n\t\t\t\t\t\t<div class=\"ngg-gallery-thumbnail\">\n\t\t\t<a href=\"https:\/\/www.prouvy.be\/wp-content\/gallery\/soiree-des-benevoles-2007\/Bene_2009_14.jpg\"\n\t\t\t\ttitle=\" \"\n\t\t\t\tdata-src=\"https:\/\/www.prouvy.be\/wp-content\/gallery\/soiree-des-benevoles-2007\/Bene_2009_14.jpg\"\n\t\t\t\tdata-thumbnail=\"https:\/\/www.prouvy.be\/wp-content\/gallery\/soiree-des-benevoles-2007\/thumbs\/thumbs_Bene_2009_14.jpg\"\n\t\t\t\tdata-image-id=\"686\"\n\t\t\t\tdata-title=\"Bene_2009_14\"\n\t\t\t\tdata-description=\" \"\n\t\t\t\tdata-image-slug=\"bene_2009_14\"\n\t\t\t\tclass=\"ngg-fancybox\" rel=\"108961a113fbaebea98e5b8b5336f1a9\">\n\t\t\t\t<img\n\t\t\t\t\ttitle=\"Bene_2009_14\"\n\t\t\t\t\talt=\"Bene_2009_14\"\n\t\t\t\t\tsrc=\"https:\/\/www.prouvy.be\/wp-content\/gallery\/soiree-des-benevoles-2007\/thumbs\/thumbs_Bene_2009_14.jpg\"\n\t\t\t\t\twidth=\"120\"\n\t\t\t\t\theight=\"90\"\n\t\t\t\t\tstyle=\"max-width:100%;\"\n\t\t\t\t\/>\n\t\t\t<\/a>\n\t\t<\/div>\n\t\t\t\t\t\t\t<\/div>\n\t\t\t\n\t\t\n\t\t\t\t<div id=\"ngg-image-14\" class=\"ngg-gallery-thumbnail-box\"\n\t\t\t\t\t\t\t\t\t\t\t>\n\t\t\t\t\t\t<div class=\"ngg-gallery-thumbnail\">\n\t\t\t<a href=\"https:\/\/www.prouvy.be\/wp-content\/gallery\/soiree-des-benevoles-2007\/Bene_2009_15.jpg\"\n\t\t\t\ttitle=\" \"\n\t\t\t\tdata-src=\"https:\/\/www.prouvy.be\/wp-content\/gallery\/soiree-des-benevoles-2007\/Bene_2009_15.jpg\"\n\t\t\t\tdata-thumbnail=\"https:\/\/www.prouvy.be\/wp-content\/gallery\/soiree-des-benevoles-2007\/thumbs\/thumbs_Bene_2009_15.jpg\"\n\t\t\t\tdata-image-id=\"687\"\n\t\t\t\tdata-title=\"Bene_2009_15\"\n\t\t\t\tdata-description=\" \"\n\t\t\t\tdata-image-slug=\"bene_2009_15\"\n\t\t\t\tclass=\"ngg-fancybox\" rel=\"108961a113fbaebea98e5b8b5336f1a9\">\n\t\t\t\t<img\n\t\t\t\t\ttitle=\"Bene_2009_15\"\n\t\t\t\t\talt=\"Bene_2009_15\"\n\t\t\t\t\tsrc=\"https:\/\/www.prouvy.be\/wp-content\/gallery\/soiree-des-benevoles-2007\/thumbs\/thumbs_Bene_2009_15.jpg\"\n\t\t\t\t\twidth=\"120\"\n\t\t\t\t\theight=\"90\"\n\t\t\t\t\tstyle=\"max-width:100%;\"\n\t\t\t\t\/>\n\t\t\t<\/a>\n\t\t<\/div>\n\t\t\t\t\t\t\t<\/div>\n\t\t\t\n\t\t\n\t\t\n\t\t<!-- Pagination -->\n\t\t<div class='ngg-clear'><\/div>\t<\/div>\n<\/p>\n","protected":false},"excerpt":{"rendered":"<p>Ce samedi 14 novembre, l\u2019ASBL La Provon\u00e7oise a organis\u00e9 sa soir\u00e9e des b\u00e9n\u00e9voles en l\u2019abbatiale \u201cLa Chaumi\u00e8re\u201d de Prouvy di Compostela. Les nombreux moines, cur\u00e9s, nonnes et autres eccl\u00e9siastiques de tout Ordres et Congr\u00e9gations ont partag\u00e9 le repas qui leur \u00e9tait propos\u00e9 : buffet de fromages et charcuteries, petits pains sp\u00e9ciaux et bi\u00e8res d\u2019abbaye. [Show &hellip; <a href=\"https:\/\/www.prouvy.be\/?page_id=2018\" class=\"more-link\">Continuer la lecture de <span class=\"screen-reader-text\">Soir\u00e9e des b\u00e9n\u00e9voles<\/span>  <span class=\"meta-nav\">&rarr;<\/span><\/a><\/p>\n","protected":false},"author":1,"featured_media":2052,"parent":1756,"menu_order":0,"comment_status":"open","ping_status":"open","template":"","meta":{"ngg_post_thumbnail":0,"footnotes":""},"class_list":["post-2018","page","type-page","status-publish","has-post-thumbnail","hentry"],"post_mailing_queue_ids":[],"_links":{"self":[{"href":"https:\/\/www.prouvy.be\/index.php?rest_route=\/wp\/v2\/pages\/2018","targetHints":{"allow":["GET"]}}],"collection":[{"href":"https:\/\/www.prouvy.be\/index.php?rest_route=\/wp\/v2\/pages"}],"about":[{"href":"https:\/\/www.prouvy.be\/index.php?rest_route=\/wp\/v2\/types\/page"}],"author":[{"embeddable":true,"href":"https:\/\/www.prouvy.be\/index.php?rest_route=\/wp\/v2\/users\/1"}],"replies":[{"embeddable":true,"href":"https:\/\/www.prouvy.be\/index.php?rest_route=%2Fwp%2Fv2%2Fcomments&post=2018"}],"version-history":[{"count":1,"href":"https:\/\/www.prouvy.be\/index.php?rest_route=\/wp\/v2\/pages\/2018\/revisions"}],"predecessor-version":[{"id":2053,"href":"https:\/\/www.prouvy.be\/index.php?rest_route=\/wp\/v2\/pages\/2018\/revisions\/2053"}],"up":[{"embeddable":true,"href":"https:\/\/www.prouvy.be\/index.php?rest_route=\/wp\/v2\/pages\/1756"}],"wp:featuredmedia":[{"embeddable":true,"href":"https:\/\/www.prouvy.be\/index.php?rest_route=\/wp\/v2\/media\/2052"}],"wp:attachment":[{"href":"https:\/\/www.prouvy.be\/index.php?rest_route=%2Fwp%2Fv2%2Fmedia&parent=2018"}],"curies":[{"name":"wp","href":"https:\/\/api.w.org\/{rel}","templated":true}]}}