{"id":2007,"date":"2014-11-21T23:51:14","date_gmt":"2014-11-21T21:51:14","guid":{"rendered":"http:\/\/new.prouvy.be\/?page_id=2007"},"modified":"2014-11-21T23:51:35","modified_gmt":"2014-11-21T21:51:35","slug":"allure-libre-acd","status":"publish","type":"page","link":"https:\/\/www.prouvy.be\/?page_id=2007","title":{"rendered":"Allure libre ACD"},"content":{"rendered":"<div id=\"fb-root\"><\/div>\n<p>Un temps radieux n\u2019est sans doute pas \u00e9tranger \u00e0 ce record de participation dans l\u2018\u00e9preuve provon\u00e7oise. En effet , pas moins de 480 adultes et 30 enfants se sont disput\u00e9s les meilleures places en ce dimanche 23 ao\u00fbt.<\/p>\n<p><!-- index.php -->\n<div\n\tclass=\"ngg-galleryoverview\n\t ngg-ajax-pagination-none\t\"\n\tid=\"ngg-gallery-5e6a00f7c8d0cbbf9376c34fbceff99b-1\">\n\n\t\t<div class=\"slideshowlink\">\n\t\t<a href='https:\/\/www.prouvy.be\/index.php\/nggallery\/slideshow?page_id=2007'>[Show slideshow]<\/a>\n\n\t<\/div>\n\t\t\t<!-- Thumbnails -->\n\t\t\t\t<div id=\"ngg-image-0\" class=\"ngg-gallery-thumbnail-box\"\n\t\t\t\t\t\t\t\t\t\t\t>\n\t\t\t\t\t\t<div class=\"ngg-gallery-thumbnail\">\n\t\t\t<a href=\"https:\/\/www.prouvy.be\/wp-content\/gallery\/allure-libre-acd\/Allure_2009_01.JPG\"\n\t\t\t\ttitle=\"\"\n\t\t\t\tdata-src=\"https:\/\/www.prouvy.be\/wp-content\/gallery\/allure-libre-acd\/Allure_2009_01.JPG\"\n\t\t\t\tdata-thumbnail=\"https:\/\/www.prouvy.be\/wp-content\/gallery\/allure-libre-acd\/thumbs\/thumbs_Allure_2009_01.JPG\"\n\t\t\t\tdata-image-id=\"671\"\n\t\t\t\tdata-title=\"Allure_2009_01\"\n\t\t\t\tdata-description=\"\"\n\t\t\t\tdata-image-slug=\"allure_2009_01\"\n\t\t\t\tclass=\"ngg-fancybox\" rel=\"5e6a00f7c8d0cbbf9376c34fbceff99b\">\n\t\t\t\t<img\n\t\t\t\t\ttitle=\"Allure_2009_01\"\n\t\t\t\t\talt=\"Allure_2009_01\"\n\t\t\t\t\tsrc=\"https:\/\/www.prouvy.be\/wp-content\/gallery\/allure-libre-acd\/thumbs\/thumbs_Allure_2009_01.JPG\"\n\t\t\t\t\twidth=\"120\"\n\t\t\t\t\theight=\"90\"\n\t\t\t\t\tstyle=\"max-width:100%;\"\n\t\t\t\t\/>\n\t\t\t<\/a>\n\t\t<\/div>\n\t\t\t\t\t\t\t<\/div>\n\t\t\t\n\t\t\n\t\t\t\t<div id=\"ngg-image-1\" class=\"ngg-gallery-thumbnail-box\"\n\t\t\t\t\t\t\t\t\t\t\t>\n\t\t\t\t\t\t<div class=\"ngg-gallery-thumbnail\">\n\t\t\t<a href=\"https:\/\/www.prouvy.be\/wp-content\/gallery\/allure-libre-acd\/Allure_2009_02.JPG\"\n\t\t\t\ttitle=\" \"\n\t\t\t\tdata-src=\"https:\/\/www.prouvy.be\/wp-content\/gallery\/allure-libre-acd\/Allure_2009_02.JPG\"\n\t\t\t\tdata-thumbnail=\"https:\/\/www.prouvy.be\/wp-content\/gallery\/allure-libre-acd\/thumbs\/thumbs_Allure_2009_02.JPG\"\n\t\t\t\tdata-image-id=\"672\"\n\t\t\t\tdata-title=\"Allure_2009_02\"\n\t\t\t\tdata-description=\" \"\n\t\t\t\tdata-image-slug=\"allure_2009_02\"\n\t\t\t\tclass=\"ngg-fancybox\" rel=\"5e6a00f7c8d0cbbf9376c34fbceff99b\">\n\t\t\t\t<img\n\t\t\t\t\ttitle=\"Allure_2009_02\"\n\t\t\t\t\talt=\"Allure_2009_02\"\n\t\t\t\t\tsrc=\"https:\/\/www.prouvy.be\/wp-content\/gallery\/allure-libre-acd\/thumbs\/thumbs_Allure_2009_02.JPG\"\n\t\t\t\t\twidth=\"120\"\n\t\t\t\t\theight=\"90\"\n\t\t\t\t\tstyle=\"max-width:100%;\"\n\t\t\t\t\/>\n\t\t\t<\/a>\n\t\t<\/div>\n\t\t\t\t\t\t\t<\/div>\n\t\t\t\n\t\t\n\t\t\n\t\t<!-- Pagination -->\n\t\t<div class='ngg-clear'><\/div>\t<\/div>\n<\/p>\n","protected":false},"excerpt":{"rendered":"<p>Un temps radieux n\u2019est sans doute pas \u00e9tranger \u00e0 ce record de participation dans l\u2018\u00e9preuve provon\u00e7oise. En effet , pas moins de 480 adultes et 30 enfants se sont disput\u00e9s les meilleures places en ce dimanche 23 ao\u00fbt. [Show slideshow]<\/p>\n","protected":false},"author":1,"featured_media":2015,"parent":1756,"menu_order":0,"comment_status":"open","ping_status":"open","template":"","meta":{"ngg_post_thumbnail":0,"footnotes":""},"class_list":["post-2007","page","type-page","status-publish","has-post-thumbnail","hentry"],"post_mailing_queue_ids":[],"_links":{"self":[{"href":"https:\/\/www.prouvy.be\/index.php?rest_route=\/wp\/v2\/pages\/2007","targetHints":{"allow":["GET"]}}],"collection":[{"href":"https:\/\/www.prouvy.be\/index.php?rest_route=\/wp\/v2\/pages"}],"about":[{"href":"https:\/\/www.prouvy.be\/index.php?rest_route=\/wp\/v2\/types\/page"}],"author":[{"embeddable":true,"href":"https:\/\/www.prouvy.be\/index.php?rest_route=\/wp\/v2\/users\/1"}],"replies":[{"embeddable":true,"href":"https:\/\/www.prouvy.be\/index.php?rest_route=%2Fwp%2Fv2%2Fcomments&post=2007"}],"version-history":[{"count":1,"href":"https:\/\/www.prouvy.be\/index.php?rest_route=\/wp\/v2\/pages\/2007\/revisions"}],"predecessor-version":[{"id":2016,"href":"https:\/\/www.prouvy.be\/index.php?rest_route=\/wp\/v2\/pages\/2007\/revisions\/2016"}],"up":[{"embeddable":true,"href":"https:\/\/www.prouvy.be\/index.php?rest_route=\/wp\/v2\/pages\/1756"}],"wp:featuredmedia":[{"embeddable":true,"href":"https:\/\/www.prouvy.be\/index.php?rest_route=\/wp\/v2\/media\/2015"}],"wp:attachment":[{"href":"https:\/\/www.prouvy.be\/index.php?rest_route=%2Fwp%2Fv2%2Fmedia&parent=2007"}],"curies":[{"name":"wp","href":"https:\/\/api.w.org\/{rel}","templated":true}]}}