{"id":1980,"date":"2014-11-21T23:02:04","date_gmt":"2014-11-21T21:02:04","guid":{"rendered":"http:\/\/new.prouvy.be\/?page_id=1980"},"modified":"2014-11-21T23:02:04","modified_gmt":"2014-11-21T21:02:04","slug":"course-de-caisses-a-savons","status":"publish","type":"page","link":"https:\/\/www.prouvy.be\/?page_id=1980","title":{"rendered":"Course de caisses \u00e0 savons"},"content":{"rendered":"<div id=\"fb-root\"><\/div>\n<p>Un temps magnifique a rejoint la demi douzaine de bolides sur le circuit am\u00e9nag\u00e9 \u00e0 la Voie d\u2019Orval ce samedi 4 juillet. Chaque participant(e) a pu tester son engin avant les diff\u00e9rentes \u00e9preuves chronom\u00e9tr\u00e9es. Les commissaires de course ont alors \u00e9tabli le classement et un prix a \u00e9t\u00e9 attribu\u00e9 \u00e0 tou(te)s les concurrent(e)s. Ce fut l\u2019occasion pour les constructeurs de comparer les techniques utilis\u00e9es afin d\u2019am\u00e9liorer les performances lors de l\u2018\u00e9preuve 2010. Nous esp\u00e9rons bien entendu accueillir de nouveaux participants et leurs engins lors de cette future \u00e9preuve. A vos outils d\u00e9s \u00e0 pr\u00e9sent !<\/p>\n<p><!-- index.php -->\n<div\n\tclass=\"ngg-galleryoverview\n\t ngg-ajax-pagination-none\t\"\n\tid=\"ngg-gallery-39f193a8eec4584e649865b04b72f698-1\">\n\n\t\t<div class=\"slideshowlink\">\n\t\t<a href='https:\/\/www.prouvy.be\/index.php\/nggallery\/slideshow?page_id=1980'>[Show slideshow]<\/a>\n\n\t<\/div>\n\t\t\t<!-- Thumbnails -->\n\t\t\t\t<div id=\"ngg-image-0\" class=\"ngg-gallery-thumbnail-box\"\n\t\t\t\t\t\t\t\t\t\t\t>\n\t\t\t\t\t\t<div class=\"ngg-gallery-thumbnail\">\n\t\t\t<a href=\"https:\/\/www.prouvy.be\/wp-content\/gallery\/course-de-caisses-a-savons\/caisse_01.JPG\"\n\t\t\t\ttitle=\"\"\n\t\t\t\tdata-src=\"https:\/\/www.prouvy.be\/wp-content\/gallery\/course-de-caisses-a-savons\/caisse_01.JPG\"\n\t\t\t\tdata-thumbnail=\"https:\/\/www.prouvy.be\/wp-content\/gallery\/course-de-caisses-a-savons\/thumbs\/thumbs_caisse_01.JPG\"\n\t\t\t\tdata-image-id=\"661\"\n\t\t\t\tdata-title=\"caisse_01\"\n\t\t\t\tdata-description=\"\"\n\t\t\t\tdata-image-slug=\"caisse_01\"\n\t\t\t\tclass=\"ngg-fancybox\" rel=\"39f193a8eec4584e649865b04b72f698\">\n\t\t\t\t<img\n\t\t\t\t\ttitle=\"caisse_01\"\n\t\t\t\t\talt=\"caisse_01\"\n\t\t\t\t\tsrc=\"https:\/\/www.prouvy.be\/wp-content\/gallery\/course-de-caisses-a-savons\/thumbs\/thumbs_caisse_01.JPG\"\n\t\t\t\t\twidth=\"120\"\n\t\t\t\t\theight=\"90\"\n\t\t\t\t\tstyle=\"max-width:100%;\"\n\t\t\t\t\/>\n\t\t\t<\/a>\n\t\t<\/div>\n\t\t\t\t\t\t\t<\/div>\n\t\t\t\n\t\t\n\t\t\t\t<div id=\"ngg-image-1\" class=\"ngg-gallery-thumbnail-box\"\n\t\t\t\t\t\t\t\t\t\t\t>\n\t\t\t\t\t\t<div class=\"ngg-gallery-thumbnail\">\n\t\t\t<a href=\"https:\/\/www.prouvy.be\/wp-content\/gallery\/course-de-caisses-a-savons\/caisse_02.JPG\"\n\t\t\t\ttitle=\" \"\n\t\t\t\tdata-src=\"https:\/\/www.prouvy.be\/wp-content\/gallery\/course-de-caisses-a-savons\/caisse_02.JPG\"\n\t\t\t\tdata-thumbnail=\"https:\/\/www.prouvy.be\/wp-content\/gallery\/course-de-caisses-a-savons\/thumbs\/thumbs_caisse_02.JPG\"\n\t\t\t\tdata-image-id=\"662\"\n\t\t\t\tdata-title=\"caisse_02\"\n\t\t\t\tdata-description=\" \"\n\t\t\t\tdata-image-slug=\"caisse_02\"\n\t\t\t\tclass=\"ngg-fancybox\" rel=\"39f193a8eec4584e649865b04b72f698\">\n\t\t\t\t<img\n\t\t\t\t\ttitle=\"caisse_02\"\n\t\t\t\t\talt=\"caisse_02\"\n\t\t\t\t\tsrc=\"https:\/\/www.prouvy.be\/wp-content\/gallery\/course-de-caisses-a-savons\/thumbs\/thumbs_caisse_02.JPG\"\n\t\t\t\t\twidth=\"120\"\n\t\t\t\t\theight=\"90\"\n\t\t\t\t\tstyle=\"max-width:100%;\"\n\t\t\t\t\/>\n\t\t\t<\/a>\n\t\t<\/div>\n\t\t\t\t\t\t\t<\/div>\n\t\t\t\n\t\t\n\t\t\t\t<div id=\"ngg-image-2\" class=\"ngg-gallery-thumbnail-box\"\n\t\t\t\t\t\t\t\t\t\t\t>\n\t\t\t\t\t\t<div class=\"ngg-gallery-thumbnail\">\n\t\t\t<a href=\"https:\/\/www.prouvy.be\/wp-content\/gallery\/course-de-caisses-a-savons\/caisse_03.JPG\"\n\t\t\t\ttitle=\" \"\n\t\t\t\tdata-src=\"https:\/\/www.prouvy.be\/wp-content\/gallery\/course-de-caisses-a-savons\/caisse_03.JPG\"\n\t\t\t\tdata-thumbnail=\"https:\/\/www.prouvy.be\/wp-content\/gallery\/course-de-caisses-a-savons\/thumbs\/thumbs_caisse_03.JPG\"\n\t\t\t\tdata-image-id=\"663\"\n\t\t\t\tdata-title=\"caisse_03\"\n\t\t\t\tdata-description=\" \"\n\t\t\t\tdata-image-slug=\"caisse_03\"\n\t\t\t\tclass=\"ngg-fancybox\" rel=\"39f193a8eec4584e649865b04b72f698\">\n\t\t\t\t<img\n\t\t\t\t\ttitle=\"caisse_03\"\n\t\t\t\t\talt=\"caisse_03\"\n\t\t\t\t\tsrc=\"https:\/\/www.prouvy.be\/wp-content\/gallery\/course-de-caisses-a-savons\/thumbs\/thumbs_caisse_03.JPG\"\n\t\t\t\t\twidth=\"120\"\n\t\t\t\t\theight=\"90\"\n\t\t\t\t\tstyle=\"max-width:100%;\"\n\t\t\t\t\/>\n\t\t\t<\/a>\n\t\t<\/div>\n\t\t\t\t\t\t\t<\/div>\n\t\t\t\n\t\t\n\t\t\t\t<div id=\"ngg-image-3\" class=\"ngg-gallery-thumbnail-box\"\n\t\t\t\t\t\t\t\t\t\t\t>\n\t\t\t\t\t\t<div class=\"ngg-gallery-thumbnail\">\n\t\t\t<a href=\"https:\/\/www.prouvy.be\/wp-content\/gallery\/course-de-caisses-a-savons\/caisse_04.JPG\"\n\t\t\t\ttitle=\" \"\n\t\t\t\tdata-src=\"https:\/\/www.prouvy.be\/wp-content\/gallery\/course-de-caisses-a-savons\/caisse_04.JPG\"\n\t\t\t\tdata-thumbnail=\"https:\/\/www.prouvy.be\/wp-content\/gallery\/course-de-caisses-a-savons\/thumbs\/thumbs_caisse_04.JPG\"\n\t\t\t\tdata-image-id=\"664\"\n\t\t\t\tdata-title=\"caisse_04\"\n\t\t\t\tdata-description=\" \"\n\t\t\t\tdata-image-slug=\"caisse_04\"\n\t\t\t\tclass=\"ngg-fancybox\" rel=\"39f193a8eec4584e649865b04b72f698\">\n\t\t\t\t<img\n\t\t\t\t\ttitle=\"caisse_04\"\n\t\t\t\t\talt=\"caisse_04\"\n\t\t\t\t\tsrc=\"https:\/\/www.prouvy.be\/wp-content\/gallery\/course-de-caisses-a-savons\/thumbs\/thumbs_caisse_04.JPG\"\n\t\t\t\t\twidth=\"120\"\n\t\t\t\t\theight=\"90\"\n\t\t\t\t\tstyle=\"max-width:100%;\"\n\t\t\t\t\/>\n\t\t\t<\/a>\n\t\t<\/div>\n\t\t\t\t\t\t\t<\/div>\n\t\t\t\n\t\t\n\t\t\t\t<div id=\"ngg-image-4\" class=\"ngg-gallery-thumbnail-box\"\n\t\t\t\t\t\t\t\t\t\t\t>\n\t\t\t\t\t\t<div class=\"ngg-gallery-thumbnail\">\n\t\t\t<a href=\"https:\/\/www.prouvy.be\/wp-content\/gallery\/course-de-caisses-a-savons\/caisse_05.JPG\"\n\t\t\t\ttitle=\" \"\n\t\t\t\tdata-src=\"https:\/\/www.prouvy.be\/wp-content\/gallery\/course-de-caisses-a-savons\/caisse_05.JPG\"\n\t\t\t\tdata-thumbnail=\"https:\/\/www.prouvy.be\/wp-content\/gallery\/course-de-caisses-a-savons\/thumbs\/thumbs_caisse_05.JPG\"\n\t\t\t\tdata-image-id=\"665\"\n\t\t\t\tdata-title=\"caisse_05\"\n\t\t\t\tdata-description=\" \"\n\t\t\t\tdata-image-slug=\"caisse_05\"\n\t\t\t\tclass=\"ngg-fancybox\" rel=\"39f193a8eec4584e649865b04b72f698\">\n\t\t\t\t<img\n\t\t\t\t\ttitle=\"caisse_05\"\n\t\t\t\t\talt=\"caisse_05\"\n\t\t\t\t\tsrc=\"https:\/\/www.prouvy.be\/wp-content\/gallery\/course-de-caisses-a-savons\/thumbs\/thumbs_caisse_05.JPG\"\n\t\t\t\t\twidth=\"120\"\n\t\t\t\t\theight=\"90\"\n\t\t\t\t\tstyle=\"max-width:100%;\"\n\t\t\t\t\/>\n\t\t\t<\/a>\n\t\t<\/div>\n\t\t\t\t\t\t\t<\/div>\n\t\t\t\n\t\t\n\t\t\t\t<div id=\"ngg-image-5\" class=\"ngg-gallery-thumbnail-box\"\n\t\t\t\t\t\t\t\t\t\t\t>\n\t\t\t\t\t\t<div class=\"ngg-gallery-thumbnail\">\n\t\t\t<a href=\"https:\/\/www.prouvy.be\/wp-content\/gallery\/course-de-caisses-a-savons\/caisse_06.JPG\"\n\t\t\t\ttitle=\" \"\n\t\t\t\tdata-src=\"https:\/\/www.prouvy.be\/wp-content\/gallery\/course-de-caisses-a-savons\/caisse_06.JPG\"\n\t\t\t\tdata-thumbnail=\"https:\/\/www.prouvy.be\/wp-content\/gallery\/course-de-caisses-a-savons\/thumbs\/thumbs_caisse_06.JPG\"\n\t\t\t\tdata-image-id=\"666\"\n\t\t\t\tdata-title=\"caisse_06\"\n\t\t\t\tdata-description=\" \"\n\t\t\t\tdata-image-slug=\"caisse_06\"\n\t\t\t\tclass=\"ngg-fancybox\" rel=\"39f193a8eec4584e649865b04b72f698\">\n\t\t\t\t<img\n\t\t\t\t\ttitle=\"caisse_06\"\n\t\t\t\t\talt=\"caisse_06\"\n\t\t\t\t\tsrc=\"https:\/\/www.prouvy.be\/wp-content\/gallery\/course-de-caisses-a-savons\/thumbs\/thumbs_caisse_06.JPG\"\n\t\t\t\t\twidth=\"120\"\n\t\t\t\t\theight=\"90\"\n\t\t\t\t\tstyle=\"max-width:100%;\"\n\t\t\t\t\/>\n\t\t\t<\/a>\n\t\t<\/div>\n\t\t\t\t\t\t\t<\/div>\n\t\t\t\n\t\t\n\t\t\t\t<div id=\"ngg-image-6\" class=\"ngg-gallery-thumbnail-box\"\n\t\t\t\t\t\t\t\t\t\t\t>\n\t\t\t\t\t\t<div class=\"ngg-gallery-thumbnail\">\n\t\t\t<a href=\"https:\/\/www.prouvy.be\/wp-content\/gallery\/course-de-caisses-a-savons\/caisse_07.JPG\"\n\t\t\t\ttitle=\" \"\n\t\t\t\tdata-src=\"https:\/\/www.prouvy.be\/wp-content\/gallery\/course-de-caisses-a-savons\/caisse_07.JPG\"\n\t\t\t\tdata-thumbnail=\"https:\/\/www.prouvy.be\/wp-content\/gallery\/course-de-caisses-a-savons\/thumbs\/thumbs_caisse_07.JPG\"\n\t\t\t\tdata-image-id=\"667\"\n\t\t\t\tdata-title=\"caisse_07\"\n\t\t\t\tdata-description=\" \"\n\t\t\t\tdata-image-slug=\"caisse_07\"\n\t\t\t\tclass=\"ngg-fancybox\" rel=\"39f193a8eec4584e649865b04b72f698\">\n\t\t\t\t<img\n\t\t\t\t\ttitle=\"caisse_07\"\n\t\t\t\t\talt=\"caisse_07\"\n\t\t\t\t\tsrc=\"https:\/\/www.prouvy.be\/wp-content\/gallery\/course-de-caisses-a-savons\/thumbs\/thumbs_caisse_07.JPG\"\n\t\t\t\t\twidth=\"120\"\n\t\t\t\t\theight=\"90\"\n\t\t\t\t\tstyle=\"max-width:100%;\"\n\t\t\t\t\/>\n\t\t\t<\/a>\n\t\t<\/div>\n\t\t\t\t\t\t\t<\/div>\n\t\t\t\n\t\t\n\t\t\t\t<div id=\"ngg-image-7\" class=\"ngg-gallery-thumbnail-box\"\n\t\t\t\t\t\t\t\t\t\t\t>\n\t\t\t\t\t\t<div class=\"ngg-gallery-thumbnail\">\n\t\t\t<a href=\"https:\/\/www.prouvy.be\/wp-content\/gallery\/course-de-caisses-a-savons\/caisse_08.JPG\"\n\t\t\t\ttitle=\" \"\n\t\t\t\tdata-src=\"https:\/\/www.prouvy.be\/wp-content\/gallery\/course-de-caisses-a-savons\/caisse_08.JPG\"\n\t\t\t\tdata-thumbnail=\"https:\/\/www.prouvy.be\/wp-content\/gallery\/course-de-caisses-a-savons\/thumbs\/thumbs_caisse_08.JPG\"\n\t\t\t\tdata-image-id=\"668\"\n\t\t\t\tdata-title=\"caisse_08\"\n\t\t\t\tdata-description=\" \"\n\t\t\t\tdata-image-slug=\"caisse_08\"\n\t\t\t\tclass=\"ngg-fancybox\" rel=\"39f193a8eec4584e649865b04b72f698\">\n\t\t\t\t<img\n\t\t\t\t\ttitle=\"caisse_08\"\n\t\t\t\t\talt=\"caisse_08\"\n\t\t\t\t\tsrc=\"https:\/\/www.prouvy.be\/wp-content\/gallery\/course-de-caisses-a-savons\/thumbs\/thumbs_caisse_08.JPG\"\n\t\t\t\t\twidth=\"120\"\n\t\t\t\t\theight=\"90\"\n\t\t\t\t\tstyle=\"max-width:100%;\"\n\t\t\t\t\/>\n\t\t\t<\/a>\n\t\t<\/div>\n\t\t\t\t\t\t\t<\/div>\n\t\t\t\n\t\t\n\t\t\t\t<div id=\"ngg-image-8\" class=\"ngg-gallery-thumbnail-box\"\n\t\t\t\t\t\t\t\t\t\t\t>\n\t\t\t\t\t\t<div class=\"ngg-gallery-thumbnail\">\n\t\t\t<a href=\"https:\/\/www.prouvy.be\/wp-content\/gallery\/course-de-caisses-a-savons\/caisse_09.JPG\"\n\t\t\t\ttitle=\" \"\n\t\t\t\tdata-src=\"https:\/\/www.prouvy.be\/wp-content\/gallery\/course-de-caisses-a-savons\/caisse_09.JPG\"\n\t\t\t\tdata-thumbnail=\"https:\/\/www.prouvy.be\/wp-content\/gallery\/course-de-caisses-a-savons\/thumbs\/thumbs_caisse_09.JPG\"\n\t\t\t\tdata-image-id=\"669\"\n\t\t\t\tdata-title=\"caisse_09\"\n\t\t\t\tdata-description=\" \"\n\t\t\t\tdata-image-slug=\"caisse_09\"\n\t\t\t\tclass=\"ngg-fancybox\" rel=\"39f193a8eec4584e649865b04b72f698\">\n\t\t\t\t<img\n\t\t\t\t\ttitle=\"caisse_09\"\n\t\t\t\t\talt=\"caisse_09\"\n\t\t\t\t\tsrc=\"https:\/\/www.prouvy.be\/wp-content\/gallery\/course-de-caisses-a-savons\/thumbs\/thumbs_caisse_09.JPG\"\n\t\t\t\t\twidth=\"120\"\n\t\t\t\t\theight=\"90\"\n\t\t\t\t\tstyle=\"max-width:100%;\"\n\t\t\t\t\/>\n\t\t\t<\/a>\n\t\t<\/div>\n\t\t\t\t\t\t\t<\/div>\n\t\t\t\n\t\t\n\t\t\t\t<div id=\"ngg-image-9\" class=\"ngg-gallery-thumbnail-box\"\n\t\t\t\t\t\t\t\t\t\t\t>\n\t\t\t\t\t\t<div class=\"ngg-gallery-thumbnail\">\n\t\t\t<a href=\"https:\/\/www.prouvy.be\/wp-content\/gallery\/course-de-caisses-a-savons\/caisse_10.JPG\"\n\t\t\t\ttitle=\" \"\n\t\t\t\tdata-src=\"https:\/\/www.prouvy.be\/wp-content\/gallery\/course-de-caisses-a-savons\/caisse_10.JPG\"\n\t\t\t\tdata-thumbnail=\"https:\/\/www.prouvy.be\/wp-content\/gallery\/course-de-caisses-a-savons\/thumbs\/thumbs_caisse_10.JPG\"\n\t\t\t\tdata-image-id=\"670\"\n\t\t\t\tdata-title=\"caisse_10\"\n\t\t\t\tdata-description=\" \"\n\t\t\t\tdata-image-slug=\"caisse_10\"\n\t\t\t\tclass=\"ngg-fancybox\" rel=\"39f193a8eec4584e649865b04b72f698\">\n\t\t\t\t<img\n\t\t\t\t\ttitle=\"caisse_10\"\n\t\t\t\t\talt=\"caisse_10\"\n\t\t\t\t\tsrc=\"https:\/\/www.prouvy.be\/wp-content\/gallery\/course-de-caisses-a-savons\/thumbs\/thumbs_caisse_10.JPG\"\n\t\t\t\t\twidth=\"120\"\n\t\t\t\t\theight=\"90\"\n\t\t\t\t\tstyle=\"max-width:100%;\"\n\t\t\t\t\/>\n\t\t\t<\/a>\n\t\t<\/div>\n\t\t\t\t\t\t\t<\/div>\n\t\t\t\n\t\t\n\t\t\n\t\t<!-- Pagination -->\n\t\t<div class='ngg-clear'><\/div>\t<\/div>\n<\/p>\n","protected":false},"excerpt":{"rendered":"<p>Un temps magnifique a rejoint la demi douzaine de bolides sur le circuit am\u00e9nag\u00e9 \u00e0 la Voie d\u2019Orval ce samedi 4 juillet. Chaque participant(e) a pu tester son engin avant les diff\u00e9rentes \u00e9preuves chronom\u00e9tr\u00e9es. Les commissaires de course ont alors \u00e9tabli le classement et un prix a \u00e9t\u00e9 attribu\u00e9 \u00e0 tou(te)s les concurrent(e)s. Ce fut &hellip; <a href=\"https:\/\/www.prouvy.be\/?page_id=1980\" class=\"more-link\">Continuer la lecture de <span class=\"screen-reader-text\">Course de caisses \u00e0 savons<\/span>  <span class=\"meta-nav\">&rarr;<\/span><\/a><\/p>\n","protected":false},"author":1,"featured_media":2004,"parent":1756,"menu_order":0,"comment_status":"open","ping_status":"open","template":"","meta":{"ngg_post_thumbnail":0,"footnotes":""},"class_list":["post-1980","page","type-page","status-publish","has-post-thumbnail","hentry"],"post_mailing_queue_ids":[],"_links":{"self":[{"href":"https:\/\/www.prouvy.be\/index.php?rest_route=\/wp\/v2\/pages\/1980","targetHints":{"allow":["GET"]}}],"collection":[{"href":"https:\/\/www.prouvy.be\/index.php?rest_route=\/wp\/v2\/pages"}],"about":[{"href":"https:\/\/www.prouvy.be\/index.php?rest_route=\/wp\/v2\/types\/page"}],"author":[{"embeddable":true,"href":"https:\/\/www.prouvy.be\/index.php?rest_route=\/wp\/v2\/users\/1"}],"replies":[{"embeddable":true,"href":"https:\/\/www.prouvy.be\/index.php?rest_route=%2Fwp%2Fv2%2Fcomments&post=1980"}],"version-history":[{"count":1,"href":"https:\/\/www.prouvy.be\/index.php?rest_route=\/wp\/v2\/pages\/1980\/revisions"}],"predecessor-version":[{"id":2005,"href":"https:\/\/www.prouvy.be\/index.php?rest_route=\/wp\/v2\/pages\/1980\/revisions\/2005"}],"up":[{"embeddable":true,"href":"https:\/\/www.prouvy.be\/index.php?rest_route=\/wp\/v2\/pages\/1756"}],"wp:featuredmedia":[{"embeddable":true,"href":"https:\/\/www.prouvy.be\/index.php?rest_route=\/wp\/v2\/media\/2004"}],"wp:attachment":[{"href":"https:\/\/www.prouvy.be\/index.php?rest_route=%2Fwp%2Fv2%2Fmedia&parent=1980"}],"curies":[{"name":"wp","href":"https:\/\/api.w.org\/{rel}","templated":true}]}}