{"id":1832,"date":"2014-11-21T22:01:01","date_gmt":"2014-11-21T20:01:01","guid":{"rendered":"http:\/\/new.prouvy.be\/?page_id=1832"},"modified":"2014-11-21T22:01:01","modified_gmt":"2014-11-21T20:01:01","slug":"distribution-des-cadeaux-pour-les-plus-de-70ans","status":"publish","type":"page","link":"https:\/\/www.prouvy.be\/?page_id=1832","title":{"rendered":"Distribution des cadeaux pour les plus de 70ans"},"content":{"rendered":"<div id=\"fb-root\"><\/div>\n<p>Comme chaque ann\u00e9e, le club des jeunes du village distribue des cadeaux aux personnes \u00e2g\u00e9es de plus de 70ans dans le village<\/p>\n<p>Cette ann\u00e9e, les femmes ont recu un pot-pourri et les hommes du parfum<\/p>\n<p>Voici quelques photos de cette apres-midi<\/p>\n<p><!-- index.php -->\n<div\n\tclass=\"ngg-galleryoverview\n\t ngg-ajax-pagination-none\t\"\n\tid=\"ngg-gallery-c064d39f178fd402c8944794fc5156c9-1\">\n\n\t\t<div class=\"slideshowlink\">\n\t\t<a href='https:\/\/www.prouvy.be\/index.php\/nggallery\/slideshow?page_id=1832'>[Show slideshow]<\/a>\n\n\t<\/div>\n\t\t\t<!-- Thumbnails -->\n\t\t\t\t<div id=\"ngg-image-0\" class=\"ngg-gallery-thumbnail-box\"\n\t\t\t\t\t\t\t\t\t\t\t>\n\t\t\t\t\t\t<div class=\"ngg-gallery-thumbnail\">\n\t\t\t<a href=\"https:\/\/www.prouvy.be\/wp-content\/gallery\/distribution-des-cadeaux-pour-les-plus-de-70ans\/kdo_vieux_2009_5.JPG\"\n\t\t\t\ttitle=\" \"\n\t\t\t\tdata-src=\"https:\/\/www.prouvy.be\/wp-content\/gallery\/distribution-des-cadeaux-pour-les-plus-de-70ans\/kdo_vieux_2009_5.JPG\"\n\t\t\t\tdata-thumbnail=\"https:\/\/www.prouvy.be\/wp-content\/gallery\/distribution-des-cadeaux-pour-les-plus-de-70ans\/thumbs\/thumbs_kdo_vieux_2009_5.JPG\"\n\t\t\t\tdata-image-id=\"610\"\n\t\t\t\tdata-title=\"VLUU L100, M100  \/ Samsung L100, M100\"\n\t\t\t\tdata-description=\" \"\n\t\t\t\tdata-image-slug=\"kdo_vieux_2009_5\"\n\t\t\t\tclass=\"ngg-fancybox\" rel=\"c064d39f178fd402c8944794fc5156c9\">\n\t\t\t\t<img\n\t\t\t\t\ttitle=\"VLUU L100, M100  \/ Samsung L100, M100\"\n\t\t\t\t\talt=\"VLUU L100, M100  \/ Samsung L100, M100\"\n\t\t\t\t\tsrc=\"https:\/\/www.prouvy.be\/wp-content\/gallery\/distribution-des-cadeaux-pour-les-plus-de-70ans\/thumbs\/thumbs_kdo_vieux_2009_5.JPG\"\n\t\t\t\t\twidth=\"120\"\n\t\t\t\t\theight=\"90\"\n\t\t\t\t\tstyle=\"max-width:100%;\"\n\t\t\t\t\/>\n\t\t\t<\/a>\n\t\t<\/div>\n\t\t\t\t\t\t\t<\/div>\n\t\t\t\n\t\t\n\t\t\t\t<div id=\"ngg-image-1\" class=\"ngg-gallery-thumbnail-box\"\n\t\t\t\t\t\t\t\t\t\t\t>\n\t\t\t\t\t\t<div class=\"ngg-gallery-thumbnail\">\n\t\t\t<a href=\"https:\/\/www.prouvy.be\/wp-content\/gallery\/distribution-des-cadeaux-pour-les-plus-de-70ans\/kdo_vieux_2009_10.JPG\"\n\t\t\t\ttitle=\" \"\n\t\t\t\tdata-src=\"https:\/\/www.prouvy.be\/wp-content\/gallery\/distribution-des-cadeaux-pour-les-plus-de-70ans\/kdo_vieux_2009_10.JPG\"\n\t\t\t\tdata-thumbnail=\"https:\/\/www.prouvy.be\/wp-content\/gallery\/distribution-des-cadeaux-pour-les-plus-de-70ans\/thumbs\/thumbs_kdo_vieux_2009_10.JPG\"\n\t\t\t\tdata-image-id=\"619\"\n\t\t\t\tdata-title=\"VLUU L100, M100  \/ Samsung L100, M100\"\n\t\t\t\tdata-description=\" \"\n\t\t\t\tdata-image-slug=\"kdo_vieux_2009_10\"\n\t\t\t\tclass=\"ngg-fancybox\" rel=\"c064d39f178fd402c8944794fc5156c9\">\n\t\t\t\t<img\n\t\t\t\t\ttitle=\"VLUU L100, M100  \/ Samsung L100, M100\"\n\t\t\t\t\talt=\"VLUU L100, M100  \/ Samsung L100, M100\"\n\t\t\t\t\tsrc=\"https:\/\/www.prouvy.be\/wp-content\/gallery\/distribution-des-cadeaux-pour-les-plus-de-70ans\/thumbs\/thumbs_kdo_vieux_2009_10.JPG\"\n\t\t\t\t\twidth=\"120\"\n\t\t\t\t\theight=\"90\"\n\t\t\t\t\tstyle=\"max-width:100%;\"\n\t\t\t\t\/>\n\t\t\t<\/a>\n\t\t<\/div>\n\t\t\t\t\t\t\t<\/div>\n\t\t\t\n\t\t\n\t\t\t\t<div id=\"ngg-image-2\" class=\"ngg-gallery-thumbnail-box\"\n\t\t\t\t\t\t\t\t\t\t\t>\n\t\t\t\t\t\t<div class=\"ngg-gallery-thumbnail\">\n\t\t\t<a href=\"https:\/\/www.prouvy.be\/wp-content\/gallery\/distribution-des-cadeaux-pour-les-plus-de-70ans\/kdo_vieux_2009_9.JPG\"\n\t\t\t\ttitle=\" \"\n\t\t\t\tdata-src=\"https:\/\/www.prouvy.be\/wp-content\/gallery\/distribution-des-cadeaux-pour-les-plus-de-70ans\/kdo_vieux_2009_9.JPG\"\n\t\t\t\tdata-thumbnail=\"https:\/\/www.prouvy.be\/wp-content\/gallery\/distribution-des-cadeaux-pour-les-plus-de-70ans\/thumbs\/thumbs_kdo_vieux_2009_9.JPG\"\n\t\t\t\tdata-image-id=\"618\"\n\t\t\t\tdata-title=\"VLUU L100, M100  \/ Samsung L100, M100\"\n\t\t\t\tdata-description=\" \"\n\t\t\t\tdata-image-slug=\"kdo_vieux_2009_9\"\n\t\t\t\tclass=\"ngg-fancybox\" rel=\"c064d39f178fd402c8944794fc5156c9\">\n\t\t\t\t<img\n\t\t\t\t\ttitle=\"VLUU L100, M100  \/ Samsung L100, M100\"\n\t\t\t\t\talt=\"VLUU L100, M100  \/ Samsung L100, M100\"\n\t\t\t\t\tsrc=\"https:\/\/www.prouvy.be\/wp-content\/gallery\/distribution-des-cadeaux-pour-les-plus-de-70ans\/thumbs\/thumbs_kdo_vieux_2009_9.JPG\"\n\t\t\t\t\twidth=\"120\"\n\t\t\t\t\theight=\"90\"\n\t\t\t\t\tstyle=\"max-width:100%;\"\n\t\t\t\t\/>\n\t\t\t<\/a>\n\t\t<\/div>\n\t\t\t\t\t\t\t<\/div>\n\t\t\t\n\t\t\n\t\t\t\t<div id=\"ngg-image-3\" class=\"ngg-gallery-thumbnail-box\"\n\t\t\t\t\t\t\t\t\t\t\t>\n\t\t\t\t\t\t<div class=\"ngg-gallery-thumbnail\">\n\t\t\t<a href=\"https:\/\/www.prouvy.be\/wp-content\/gallery\/distribution-des-cadeaux-pour-les-plus-de-70ans\/kdo_vieux_2009_09.JPG\"\n\t\t\t\ttitle=\" \"\n\t\t\t\tdata-src=\"https:\/\/www.prouvy.be\/wp-content\/gallery\/distribution-des-cadeaux-pour-les-plus-de-70ans\/kdo_vieux_2009_09.JPG\"\n\t\t\t\tdata-thumbnail=\"https:\/\/www.prouvy.be\/wp-content\/gallery\/distribution-des-cadeaux-pour-les-plus-de-70ans\/thumbs\/thumbs_kdo_vieux_2009_09.JPG\"\n\t\t\t\tdata-image-id=\"617\"\n\t\t\t\tdata-title=\"VLUU L100, M100  \/ Samsung L100, M100\"\n\t\t\t\tdata-description=\" \"\n\t\t\t\tdata-image-slug=\"kdo_vieux_2009_09\"\n\t\t\t\tclass=\"ngg-fancybox\" rel=\"c064d39f178fd402c8944794fc5156c9\">\n\t\t\t\t<img\n\t\t\t\t\ttitle=\"VLUU L100, M100  \/ Samsung L100, M100\"\n\t\t\t\t\talt=\"VLUU L100, M100  \/ Samsung L100, M100\"\n\t\t\t\t\tsrc=\"https:\/\/www.prouvy.be\/wp-content\/gallery\/distribution-des-cadeaux-pour-les-plus-de-70ans\/thumbs\/thumbs_kdo_vieux_2009_09.JPG\"\n\t\t\t\t\twidth=\"120\"\n\t\t\t\t\theight=\"90\"\n\t\t\t\t\tstyle=\"max-width:100%;\"\n\t\t\t\t\/>\n\t\t\t<\/a>\n\t\t<\/div>\n\t\t\t\t\t\t\t<\/div>\n\t\t\t\n\t\t\n\t\t\t\t<div id=\"ngg-image-4\" class=\"ngg-gallery-thumbnail-box\"\n\t\t\t\t\t\t\t\t\t\t\t>\n\t\t\t\t\t\t<div class=\"ngg-gallery-thumbnail\">\n\t\t\t<a href=\"https:\/\/www.prouvy.be\/wp-content\/gallery\/distribution-des-cadeaux-pour-les-plus-de-70ans\/kdo_vieux_2009_8.JPG\"\n\t\t\t\ttitle=\" \"\n\t\t\t\tdata-src=\"https:\/\/www.prouvy.be\/wp-content\/gallery\/distribution-des-cadeaux-pour-les-plus-de-70ans\/kdo_vieux_2009_8.JPG\"\n\t\t\t\tdata-thumbnail=\"https:\/\/www.prouvy.be\/wp-content\/gallery\/distribution-des-cadeaux-pour-les-plus-de-70ans\/thumbs\/thumbs_kdo_vieux_2009_8.JPG\"\n\t\t\t\tdata-image-id=\"616\"\n\t\t\t\tdata-title=\"VLUU L100, M100  \/ Samsung L100, M100\"\n\t\t\t\tdata-description=\" \"\n\t\t\t\tdata-image-slug=\"kdo_vieux_2009_8\"\n\t\t\t\tclass=\"ngg-fancybox\" rel=\"c064d39f178fd402c8944794fc5156c9\">\n\t\t\t\t<img\n\t\t\t\t\ttitle=\"VLUU L100, M100  \/ Samsung L100, M100\"\n\t\t\t\t\talt=\"VLUU L100, M100  \/ Samsung L100, M100\"\n\t\t\t\t\tsrc=\"https:\/\/www.prouvy.be\/wp-content\/gallery\/distribution-des-cadeaux-pour-les-plus-de-70ans\/thumbs\/thumbs_kdo_vieux_2009_8.JPG\"\n\t\t\t\t\twidth=\"120\"\n\t\t\t\t\theight=\"90\"\n\t\t\t\t\tstyle=\"max-width:100%;\"\n\t\t\t\t\/>\n\t\t\t<\/a>\n\t\t<\/div>\n\t\t\t\t\t\t\t<\/div>\n\t\t\t\n\t\t\n\t\t\t\t<div id=\"ngg-image-5\" class=\"ngg-gallery-thumbnail-box\"\n\t\t\t\t\t\t\t\t\t\t\t>\n\t\t\t\t\t\t<div class=\"ngg-gallery-thumbnail\">\n\t\t\t<a href=\"https:\/\/www.prouvy.be\/wp-content\/gallery\/distribution-des-cadeaux-pour-les-plus-de-70ans\/kdo_vieux_2009_08.JPG\"\n\t\t\t\ttitle=\" \"\n\t\t\t\tdata-src=\"https:\/\/www.prouvy.be\/wp-content\/gallery\/distribution-des-cadeaux-pour-les-plus-de-70ans\/kdo_vieux_2009_08.JPG\"\n\t\t\t\tdata-thumbnail=\"https:\/\/www.prouvy.be\/wp-content\/gallery\/distribution-des-cadeaux-pour-les-plus-de-70ans\/thumbs\/thumbs_kdo_vieux_2009_08.JPG\"\n\t\t\t\tdata-image-id=\"615\"\n\t\t\t\tdata-title=\"VLUU L100, M100  \/ Samsung L100, M100\"\n\t\t\t\tdata-description=\" \"\n\t\t\t\tdata-image-slug=\"kdo_vieux_2009_08\"\n\t\t\t\tclass=\"ngg-fancybox\" rel=\"c064d39f178fd402c8944794fc5156c9\">\n\t\t\t\t<img\n\t\t\t\t\ttitle=\"VLUU L100, M100  \/ Samsung L100, M100\"\n\t\t\t\t\talt=\"VLUU L100, M100  \/ Samsung L100, M100\"\n\t\t\t\t\tsrc=\"https:\/\/www.prouvy.be\/wp-content\/gallery\/distribution-des-cadeaux-pour-les-plus-de-70ans\/thumbs\/thumbs_kdo_vieux_2009_08.JPG\"\n\t\t\t\t\twidth=\"120\"\n\t\t\t\t\theight=\"90\"\n\t\t\t\t\tstyle=\"max-width:100%;\"\n\t\t\t\t\/>\n\t\t\t<\/a>\n\t\t<\/div>\n\t\t\t\t\t\t\t<\/div>\n\t\t\t\n\t\t\n\t\t\t\t<div id=\"ngg-image-6\" class=\"ngg-gallery-thumbnail-box\"\n\t\t\t\t\t\t\t\t\t\t\t>\n\t\t\t\t\t\t<div class=\"ngg-gallery-thumbnail\">\n\t\t\t<a href=\"https:\/\/www.prouvy.be\/wp-content\/gallery\/distribution-des-cadeaux-pour-les-plus-de-70ans\/kdo_vieux_2009_7.JPG\"\n\t\t\t\ttitle=\" \"\n\t\t\t\tdata-src=\"https:\/\/www.prouvy.be\/wp-content\/gallery\/distribution-des-cadeaux-pour-les-plus-de-70ans\/kdo_vieux_2009_7.JPG\"\n\t\t\t\tdata-thumbnail=\"https:\/\/www.prouvy.be\/wp-content\/gallery\/distribution-des-cadeaux-pour-les-plus-de-70ans\/thumbs\/thumbs_kdo_vieux_2009_7.JPG\"\n\t\t\t\tdata-image-id=\"614\"\n\t\t\t\tdata-title=\"VLUU L100, M100  \/ Samsung L100, M100\"\n\t\t\t\tdata-description=\" \"\n\t\t\t\tdata-image-slug=\"kdo_vieux_2009_7\"\n\t\t\t\tclass=\"ngg-fancybox\" rel=\"c064d39f178fd402c8944794fc5156c9\">\n\t\t\t\t<img\n\t\t\t\t\ttitle=\"VLUU L100, M100  \/ Samsung L100, M100\"\n\t\t\t\t\talt=\"VLUU L100, M100  \/ Samsung L100, M100\"\n\t\t\t\t\tsrc=\"https:\/\/www.prouvy.be\/wp-content\/gallery\/distribution-des-cadeaux-pour-les-plus-de-70ans\/thumbs\/thumbs_kdo_vieux_2009_7.JPG\"\n\t\t\t\t\twidth=\"120\"\n\t\t\t\t\theight=\"90\"\n\t\t\t\t\tstyle=\"max-width:100%;\"\n\t\t\t\t\/>\n\t\t\t<\/a>\n\t\t<\/div>\n\t\t\t\t\t\t\t<\/div>\n\t\t\t\n\t\t\n\t\t\t\t<div id=\"ngg-image-7\" class=\"ngg-gallery-thumbnail-box\"\n\t\t\t\t\t\t\t\t\t\t\t>\n\t\t\t\t\t\t<div class=\"ngg-gallery-thumbnail\">\n\t\t\t<a href=\"https:\/\/www.prouvy.be\/wp-content\/gallery\/distribution-des-cadeaux-pour-les-plus-de-70ans\/kdo_vieux_2009_07.JPG\"\n\t\t\t\ttitle=\" \"\n\t\t\t\tdata-src=\"https:\/\/www.prouvy.be\/wp-content\/gallery\/distribution-des-cadeaux-pour-les-plus-de-70ans\/kdo_vieux_2009_07.JPG\"\n\t\t\t\tdata-thumbnail=\"https:\/\/www.prouvy.be\/wp-content\/gallery\/distribution-des-cadeaux-pour-les-plus-de-70ans\/thumbs\/thumbs_kdo_vieux_2009_07.JPG\"\n\t\t\t\tdata-image-id=\"613\"\n\t\t\t\tdata-title=\"VLUU L100, M100  \/ Samsung L100, M100\"\n\t\t\t\tdata-description=\" \"\n\t\t\t\tdata-image-slug=\"kdo_vieux_2009_07\"\n\t\t\t\tclass=\"ngg-fancybox\" rel=\"c064d39f178fd402c8944794fc5156c9\">\n\t\t\t\t<img\n\t\t\t\t\ttitle=\"VLUU L100, M100  \/ Samsung L100, M100\"\n\t\t\t\t\talt=\"VLUU L100, M100  \/ Samsung L100, M100\"\n\t\t\t\t\tsrc=\"https:\/\/www.prouvy.be\/wp-content\/gallery\/distribution-des-cadeaux-pour-les-plus-de-70ans\/thumbs\/thumbs_kdo_vieux_2009_07.JPG\"\n\t\t\t\t\twidth=\"120\"\n\t\t\t\t\theight=\"90\"\n\t\t\t\t\tstyle=\"max-width:100%;\"\n\t\t\t\t\/>\n\t\t\t<\/a>\n\t\t<\/div>\n\t\t\t\t\t\t\t<\/div>\n\t\t\t\n\t\t\n\t\t\t\t<div id=\"ngg-image-8\" class=\"ngg-gallery-thumbnail-box\"\n\t\t\t\t\t\t\t\t\t\t\t>\n\t\t\t\t\t\t<div class=\"ngg-gallery-thumbnail\">\n\t\t\t<a href=\"https:\/\/www.prouvy.be\/wp-content\/gallery\/distribution-des-cadeaux-pour-les-plus-de-70ans\/kdo_vieux_2009_6.JPG\"\n\t\t\t\ttitle=\" \"\n\t\t\t\tdata-src=\"https:\/\/www.prouvy.be\/wp-content\/gallery\/distribution-des-cadeaux-pour-les-plus-de-70ans\/kdo_vieux_2009_6.JPG\"\n\t\t\t\tdata-thumbnail=\"https:\/\/www.prouvy.be\/wp-content\/gallery\/distribution-des-cadeaux-pour-les-plus-de-70ans\/thumbs\/thumbs_kdo_vieux_2009_6.JPG\"\n\t\t\t\tdata-image-id=\"612\"\n\t\t\t\tdata-title=\"VLUU L100, M100  \/ Samsung L100, M100\"\n\t\t\t\tdata-description=\" \"\n\t\t\t\tdata-image-slug=\"kdo_vieux_2009_6\"\n\t\t\t\tclass=\"ngg-fancybox\" rel=\"c064d39f178fd402c8944794fc5156c9\">\n\t\t\t\t<img\n\t\t\t\t\ttitle=\"VLUU L100, M100  \/ Samsung L100, M100\"\n\t\t\t\t\talt=\"VLUU L100, M100  \/ Samsung L100, M100\"\n\t\t\t\t\tsrc=\"https:\/\/www.prouvy.be\/wp-content\/gallery\/distribution-des-cadeaux-pour-les-plus-de-70ans\/thumbs\/thumbs_kdo_vieux_2009_6.JPG\"\n\t\t\t\t\twidth=\"120\"\n\t\t\t\t\theight=\"90\"\n\t\t\t\t\tstyle=\"max-width:100%;\"\n\t\t\t\t\/>\n\t\t\t<\/a>\n\t\t<\/div>\n\t\t\t\t\t\t\t<\/div>\n\t\t\t\n\t\t\n\t\t\t\t<div id=\"ngg-image-9\" class=\"ngg-gallery-thumbnail-box\"\n\t\t\t\t\t\t\t\t\t\t\t>\n\t\t\t\t\t\t<div class=\"ngg-gallery-thumbnail\">\n\t\t\t<a href=\"https:\/\/www.prouvy.be\/wp-content\/gallery\/distribution-des-cadeaux-pour-les-plus-de-70ans\/kdo_vieux_2009_06.JPG\"\n\t\t\t\ttitle=\" \"\n\t\t\t\tdata-src=\"https:\/\/www.prouvy.be\/wp-content\/gallery\/distribution-des-cadeaux-pour-les-plus-de-70ans\/kdo_vieux_2009_06.JPG\"\n\t\t\t\tdata-thumbnail=\"https:\/\/www.prouvy.be\/wp-content\/gallery\/distribution-des-cadeaux-pour-les-plus-de-70ans\/thumbs\/thumbs_kdo_vieux_2009_06.JPG\"\n\t\t\t\tdata-image-id=\"611\"\n\t\t\t\tdata-title=\"VLUU L100, M100  \/ Samsung L100, M100\"\n\t\t\t\tdata-description=\" \"\n\t\t\t\tdata-image-slug=\"kdo_vieux_2009_06\"\n\t\t\t\tclass=\"ngg-fancybox\" rel=\"c064d39f178fd402c8944794fc5156c9\">\n\t\t\t\t<img\n\t\t\t\t\ttitle=\"VLUU L100, M100  \/ Samsung L100, M100\"\n\t\t\t\t\talt=\"VLUU L100, M100  \/ Samsung L100, M100\"\n\t\t\t\t\tsrc=\"https:\/\/www.prouvy.be\/wp-content\/gallery\/distribution-des-cadeaux-pour-les-plus-de-70ans\/thumbs\/thumbs_kdo_vieux_2009_06.JPG\"\n\t\t\t\t\twidth=\"120\"\n\t\t\t\t\theight=\"90\"\n\t\t\t\t\tstyle=\"max-width:100%;\"\n\t\t\t\t\/>\n\t\t\t<\/a>\n\t\t<\/div>\n\t\t\t\t\t\t\t<\/div>\n\t\t\t\n\t\t\n\t\t\t\t<div id=\"ngg-image-10\" class=\"ngg-gallery-thumbnail-box\"\n\t\t\t\t\t\t\t\t\t\t\t>\n\t\t\t\t\t\t<div class=\"ngg-gallery-thumbnail\">\n\t\t\t<a href=\"https:\/\/www.prouvy.be\/wp-content\/gallery\/distribution-des-cadeaux-pour-les-plus-de-70ans\/kdo_vieux_2009_01.JPG\"\n\t\t\t\ttitle=\"\"\n\t\t\t\tdata-src=\"https:\/\/www.prouvy.be\/wp-content\/gallery\/distribution-des-cadeaux-pour-les-plus-de-70ans\/kdo_vieux_2009_01.JPG\"\n\t\t\t\tdata-thumbnail=\"https:\/\/www.prouvy.be\/wp-content\/gallery\/distribution-des-cadeaux-pour-les-plus-de-70ans\/thumbs\/thumbs_kdo_vieux_2009_01.JPG\"\n\t\t\t\tdata-image-id=\"601\"\n\t\t\t\tdata-title=\"VLUU L100, M100  \/ Samsung L100, M100\"\n\t\t\t\tdata-description=\"\"\n\t\t\t\tdata-image-slug=\"kdo_vieux_2009_01\"\n\t\t\t\tclass=\"ngg-fancybox\" rel=\"c064d39f178fd402c8944794fc5156c9\">\n\t\t\t\t<img\n\t\t\t\t\ttitle=\"VLUU L100, M100  \/ Samsung L100, M100\"\n\t\t\t\t\talt=\"VLUU L100, M100  \/ Samsung L100, M100\"\n\t\t\t\t\tsrc=\"https:\/\/www.prouvy.be\/wp-content\/gallery\/distribution-des-cadeaux-pour-les-plus-de-70ans\/thumbs\/thumbs_kdo_vieux_2009_01.JPG\"\n\t\t\t\t\twidth=\"120\"\n\t\t\t\t\theight=\"90\"\n\t\t\t\t\tstyle=\"max-width:100%;\"\n\t\t\t\t\/>\n\t\t\t<\/a>\n\t\t<\/div>\n\t\t\t\t\t\t\t<\/div>\n\t\t\t\n\t\t\n\t\t\t\t<div id=\"ngg-image-11\" class=\"ngg-gallery-thumbnail-box\"\n\t\t\t\t\t\t\t\t\t\t\t>\n\t\t\t\t\t\t<div class=\"ngg-gallery-thumbnail\">\n\t\t\t<a href=\"https:\/\/www.prouvy.be\/wp-content\/gallery\/distribution-des-cadeaux-pour-les-plus-de-70ans\/kdo_vieux_2009_05.JPG\"\n\t\t\t\ttitle=\" \"\n\t\t\t\tdata-src=\"https:\/\/www.prouvy.be\/wp-content\/gallery\/distribution-des-cadeaux-pour-les-plus-de-70ans\/kdo_vieux_2009_05.JPG\"\n\t\t\t\tdata-thumbnail=\"https:\/\/www.prouvy.be\/wp-content\/gallery\/distribution-des-cadeaux-pour-les-plus-de-70ans\/thumbs\/thumbs_kdo_vieux_2009_05.JPG\"\n\t\t\t\tdata-image-id=\"609\"\n\t\t\t\tdata-title=\"VLUU L100, M100  \/ Samsung L100, M100\"\n\t\t\t\tdata-description=\" \"\n\t\t\t\tdata-image-slug=\"kdo_vieux_2009_05\"\n\t\t\t\tclass=\"ngg-fancybox\" rel=\"c064d39f178fd402c8944794fc5156c9\">\n\t\t\t\t<img\n\t\t\t\t\ttitle=\"VLUU L100, M100  \/ Samsung L100, M100\"\n\t\t\t\t\talt=\"VLUU L100, M100  \/ Samsung L100, M100\"\n\t\t\t\t\tsrc=\"https:\/\/www.prouvy.be\/wp-content\/gallery\/distribution-des-cadeaux-pour-les-plus-de-70ans\/thumbs\/thumbs_kdo_vieux_2009_05.JPG\"\n\t\t\t\t\twidth=\"120\"\n\t\t\t\t\theight=\"90\"\n\t\t\t\t\tstyle=\"max-width:100%;\"\n\t\t\t\t\/>\n\t\t\t<\/a>\n\t\t<\/div>\n\t\t\t\t\t\t\t<\/div>\n\t\t\t\n\t\t\n\t\t\t\t<div id=\"ngg-image-12\" class=\"ngg-gallery-thumbnail-box\"\n\t\t\t\t\t\t\t\t\t\t\t>\n\t\t\t\t\t\t<div class=\"ngg-gallery-thumbnail\">\n\t\t\t<a href=\"https:\/\/www.prouvy.be\/wp-content\/gallery\/distribution-des-cadeaux-pour-les-plus-de-70ans\/kdo_vieux_2009_4.JPG\"\n\t\t\t\ttitle=\" \"\n\t\t\t\tdata-src=\"https:\/\/www.prouvy.be\/wp-content\/gallery\/distribution-des-cadeaux-pour-les-plus-de-70ans\/kdo_vieux_2009_4.JPG\"\n\t\t\t\tdata-thumbnail=\"https:\/\/www.prouvy.be\/wp-content\/gallery\/distribution-des-cadeaux-pour-les-plus-de-70ans\/thumbs\/thumbs_kdo_vieux_2009_4.JPG\"\n\t\t\t\tdata-image-id=\"608\"\n\t\t\t\tdata-title=\"kdo_vieux_2009_4\"\n\t\t\t\tdata-description=\" \"\n\t\t\t\tdata-image-slug=\"kdo_vieux_2009_4\"\n\t\t\t\tclass=\"ngg-fancybox\" rel=\"c064d39f178fd402c8944794fc5156c9\">\n\t\t\t\t<img\n\t\t\t\t\ttitle=\"kdo_vieux_2009_4\"\n\t\t\t\t\talt=\"kdo_vieux_2009_4\"\n\t\t\t\t\tsrc=\"https:\/\/www.prouvy.be\/wp-content\/gallery\/distribution-des-cadeaux-pour-les-plus-de-70ans\/thumbs\/thumbs_kdo_vieux_2009_4.JPG\"\n\t\t\t\t\twidth=\"120\"\n\t\t\t\t\theight=\"90\"\n\t\t\t\t\tstyle=\"max-width:100%;\"\n\t\t\t\t\/>\n\t\t\t<\/a>\n\t\t<\/div>\n\t\t\t\t\t\t\t<\/div>\n\t\t\t\n\t\t\n\t\t\t\t<div id=\"ngg-image-13\" class=\"ngg-gallery-thumbnail-box\"\n\t\t\t\t\t\t\t\t\t\t\t>\n\t\t\t\t\t\t<div class=\"ngg-gallery-thumbnail\">\n\t\t\t<a href=\"https:\/\/www.prouvy.be\/wp-content\/gallery\/distribution-des-cadeaux-pour-les-plus-de-70ans\/kdo_vieux_2009_04.JPG\"\n\t\t\t\ttitle=\" \"\n\t\t\t\tdata-src=\"https:\/\/www.prouvy.be\/wp-content\/gallery\/distribution-des-cadeaux-pour-les-plus-de-70ans\/kdo_vieux_2009_04.JPG\"\n\t\t\t\tdata-thumbnail=\"https:\/\/www.prouvy.be\/wp-content\/gallery\/distribution-des-cadeaux-pour-les-plus-de-70ans\/thumbs\/thumbs_kdo_vieux_2009_04.JPG\"\n\t\t\t\tdata-image-id=\"607\"\n\t\t\t\tdata-title=\"kdo_vieux_2009_04\"\n\t\t\t\tdata-description=\" \"\n\t\t\t\tdata-image-slug=\"kdo_vieux_2009_04\"\n\t\t\t\tclass=\"ngg-fancybox\" rel=\"c064d39f178fd402c8944794fc5156c9\">\n\t\t\t\t<img\n\t\t\t\t\ttitle=\"kdo_vieux_2009_04\"\n\t\t\t\t\talt=\"kdo_vieux_2009_04\"\n\t\t\t\t\tsrc=\"https:\/\/www.prouvy.be\/wp-content\/gallery\/distribution-des-cadeaux-pour-les-plus-de-70ans\/thumbs\/thumbs_kdo_vieux_2009_04.JPG\"\n\t\t\t\t\twidth=\"120\"\n\t\t\t\t\theight=\"90\"\n\t\t\t\t\tstyle=\"max-width:100%;\"\n\t\t\t\t\/>\n\t\t\t<\/a>\n\t\t<\/div>\n\t\t\t\t\t\t\t<\/div>\n\t\t\t\n\t\t\n\t\t\t\t<div id=\"ngg-image-14\" class=\"ngg-gallery-thumbnail-box\"\n\t\t\t\t\t\t\t\t\t\t\t>\n\t\t\t\t\t\t<div class=\"ngg-gallery-thumbnail\">\n\t\t\t<a href=\"https:\/\/www.prouvy.be\/wp-content\/gallery\/distribution-des-cadeaux-pour-les-plus-de-70ans\/kdo_vieux_2009_3.JPG\"\n\t\t\t\ttitle=\" \"\n\t\t\t\tdata-src=\"https:\/\/www.prouvy.be\/wp-content\/gallery\/distribution-des-cadeaux-pour-les-plus-de-70ans\/kdo_vieux_2009_3.JPG\"\n\t\t\t\tdata-thumbnail=\"https:\/\/www.prouvy.be\/wp-content\/gallery\/distribution-des-cadeaux-pour-les-plus-de-70ans\/thumbs\/thumbs_kdo_vieux_2009_3.JPG\"\n\t\t\t\tdata-image-id=\"606\"\n\t\t\t\tdata-title=\"kdo_vieux_2009_3\"\n\t\t\t\tdata-description=\" \"\n\t\t\t\tdata-image-slug=\"kdo_vieux_2009_3\"\n\t\t\t\tclass=\"ngg-fancybox\" rel=\"c064d39f178fd402c8944794fc5156c9\">\n\t\t\t\t<img\n\t\t\t\t\ttitle=\"kdo_vieux_2009_3\"\n\t\t\t\t\talt=\"kdo_vieux_2009_3\"\n\t\t\t\t\tsrc=\"https:\/\/www.prouvy.be\/wp-content\/gallery\/distribution-des-cadeaux-pour-les-plus-de-70ans\/thumbs\/thumbs_kdo_vieux_2009_3.JPG\"\n\t\t\t\t\twidth=\"120\"\n\t\t\t\t\theight=\"90\"\n\t\t\t\t\tstyle=\"max-width:100%;\"\n\t\t\t\t\/>\n\t\t\t<\/a>\n\t\t<\/div>\n\t\t\t\t\t\t\t<\/div>\n\t\t\t\n\t\t\n\t\t\t\t<div id=\"ngg-image-15\" class=\"ngg-gallery-thumbnail-box\"\n\t\t\t\t\t\t\t\t\t\t\t>\n\t\t\t\t\t\t<div class=\"ngg-gallery-thumbnail\">\n\t\t\t<a href=\"https:\/\/www.prouvy.be\/wp-content\/gallery\/distribution-des-cadeaux-pour-les-plus-de-70ans\/kdo_vieux_2009_03.JPG\"\n\t\t\t\ttitle=\" \"\n\t\t\t\tdata-src=\"https:\/\/www.prouvy.be\/wp-content\/gallery\/distribution-des-cadeaux-pour-les-plus-de-70ans\/kdo_vieux_2009_03.JPG\"\n\t\t\t\tdata-thumbnail=\"https:\/\/www.prouvy.be\/wp-content\/gallery\/distribution-des-cadeaux-pour-les-plus-de-70ans\/thumbs\/thumbs_kdo_vieux_2009_03.JPG\"\n\t\t\t\tdata-image-id=\"605\"\n\t\t\t\tdata-title=\"kdo_vieux_2009_03\"\n\t\t\t\tdata-description=\" \"\n\t\t\t\tdata-image-slug=\"kdo_vieux_2009_03\"\n\t\t\t\tclass=\"ngg-fancybox\" rel=\"c064d39f178fd402c8944794fc5156c9\">\n\t\t\t\t<img\n\t\t\t\t\ttitle=\"kdo_vieux_2009_03\"\n\t\t\t\t\talt=\"kdo_vieux_2009_03\"\n\t\t\t\t\tsrc=\"https:\/\/www.prouvy.be\/wp-content\/gallery\/distribution-des-cadeaux-pour-les-plus-de-70ans\/thumbs\/thumbs_kdo_vieux_2009_03.JPG\"\n\t\t\t\t\twidth=\"120\"\n\t\t\t\t\theight=\"90\"\n\t\t\t\t\tstyle=\"max-width:100%;\"\n\t\t\t\t\/>\n\t\t\t<\/a>\n\t\t<\/div>\n\t\t\t\t\t\t\t<\/div>\n\t\t\t\n\t\t\n\t\t\t\t<div id=\"ngg-image-16\" class=\"ngg-gallery-thumbnail-box\"\n\t\t\t\t\t\t\t\t\t\t\t>\n\t\t\t\t\t\t<div class=\"ngg-gallery-thumbnail\">\n\t\t\t<a href=\"https:\/\/www.prouvy.be\/wp-content\/gallery\/distribution-des-cadeaux-pour-les-plus-de-70ans\/kdo_vieux_2009_2.JPG\"\n\t\t\t\ttitle=\" \"\n\t\t\t\tdata-src=\"https:\/\/www.prouvy.be\/wp-content\/gallery\/distribution-des-cadeaux-pour-les-plus-de-70ans\/kdo_vieux_2009_2.JPG\"\n\t\t\t\tdata-thumbnail=\"https:\/\/www.prouvy.be\/wp-content\/gallery\/distribution-des-cadeaux-pour-les-plus-de-70ans\/thumbs\/thumbs_kdo_vieux_2009_2.JPG\"\n\t\t\t\tdata-image-id=\"604\"\n\t\t\t\tdata-title=\"kdo_vieux_2009_2\"\n\t\t\t\tdata-description=\" \"\n\t\t\t\tdata-image-slug=\"kdo_vieux_2009_2\"\n\t\t\t\tclass=\"ngg-fancybox\" rel=\"c064d39f178fd402c8944794fc5156c9\">\n\t\t\t\t<img\n\t\t\t\t\ttitle=\"kdo_vieux_2009_2\"\n\t\t\t\t\talt=\"kdo_vieux_2009_2\"\n\t\t\t\t\tsrc=\"https:\/\/www.prouvy.be\/wp-content\/gallery\/distribution-des-cadeaux-pour-les-plus-de-70ans\/thumbs\/thumbs_kdo_vieux_2009_2.JPG\"\n\t\t\t\t\twidth=\"120\"\n\t\t\t\t\theight=\"90\"\n\t\t\t\t\tstyle=\"max-width:100%;\"\n\t\t\t\t\/>\n\t\t\t<\/a>\n\t\t<\/div>\n\t\t\t\t\t\t\t<\/div>\n\t\t\t\n\t\t\n\t\t\t\t<div id=\"ngg-image-17\" class=\"ngg-gallery-thumbnail-box\"\n\t\t\t\t\t\t\t\t\t\t\t>\n\t\t\t\t\t\t<div class=\"ngg-gallery-thumbnail\">\n\t\t\t<a href=\"https:\/\/www.prouvy.be\/wp-content\/gallery\/distribution-des-cadeaux-pour-les-plus-de-70ans\/kdo_vieux_2009_02.JPG\"\n\t\t\t\ttitle=\" \"\n\t\t\t\tdata-src=\"https:\/\/www.prouvy.be\/wp-content\/gallery\/distribution-des-cadeaux-pour-les-plus-de-70ans\/kdo_vieux_2009_02.JPG\"\n\t\t\t\tdata-thumbnail=\"https:\/\/www.prouvy.be\/wp-content\/gallery\/distribution-des-cadeaux-pour-les-plus-de-70ans\/thumbs\/thumbs_kdo_vieux_2009_02.JPG\"\n\t\t\t\tdata-image-id=\"603\"\n\t\t\t\tdata-title=\"kdo_vieux_2009_02\"\n\t\t\t\tdata-description=\" \"\n\t\t\t\tdata-image-slug=\"kdo_vieux_2009_02\"\n\t\t\t\tclass=\"ngg-fancybox\" rel=\"c064d39f178fd402c8944794fc5156c9\">\n\t\t\t\t<img\n\t\t\t\t\ttitle=\"kdo_vieux_2009_02\"\n\t\t\t\t\talt=\"kdo_vieux_2009_02\"\n\t\t\t\t\tsrc=\"https:\/\/www.prouvy.be\/wp-content\/gallery\/distribution-des-cadeaux-pour-les-plus-de-70ans\/thumbs\/thumbs_kdo_vieux_2009_02.JPG\"\n\t\t\t\t\twidth=\"120\"\n\t\t\t\t\theight=\"90\"\n\t\t\t\t\tstyle=\"max-width:100%;\"\n\t\t\t\t\/>\n\t\t\t<\/a>\n\t\t<\/div>\n\t\t\t\t\t\t\t<\/div>\n\t\t\t\n\t\t\n\t\t\t\t<div id=\"ngg-image-18\" class=\"ngg-gallery-thumbnail-box\"\n\t\t\t\t\t\t\t\t\t\t\t>\n\t\t\t\t\t\t<div class=\"ngg-gallery-thumbnail\">\n\t\t\t<a href=\"https:\/\/www.prouvy.be\/wp-content\/gallery\/distribution-des-cadeaux-pour-les-plus-de-70ans\/kdo_vieux_2009_1.JPG\"\n\t\t\t\ttitle=\" \"\n\t\t\t\tdata-src=\"https:\/\/www.prouvy.be\/wp-content\/gallery\/distribution-des-cadeaux-pour-les-plus-de-70ans\/kdo_vieux_2009_1.JPG\"\n\t\t\t\tdata-thumbnail=\"https:\/\/www.prouvy.be\/wp-content\/gallery\/distribution-des-cadeaux-pour-les-plus-de-70ans\/thumbs\/thumbs_kdo_vieux_2009_1.JPG\"\n\t\t\t\tdata-image-id=\"602\"\n\t\t\t\tdata-title=\"VLUU L100, M100  \/ Samsung L100, M100\"\n\t\t\t\tdata-description=\" \"\n\t\t\t\tdata-image-slug=\"kdo_vieux_2009_1\"\n\t\t\t\tclass=\"ngg-fancybox\" rel=\"c064d39f178fd402c8944794fc5156c9\">\n\t\t\t\t<img\n\t\t\t\t\ttitle=\"VLUU L100, M100  \/ Samsung L100, M100\"\n\t\t\t\t\talt=\"VLUU L100, M100  \/ Samsung L100, M100\"\n\t\t\t\t\tsrc=\"https:\/\/www.prouvy.be\/wp-content\/gallery\/distribution-des-cadeaux-pour-les-plus-de-70ans\/thumbs\/thumbs_kdo_vieux_2009_1.JPG\"\n\t\t\t\t\twidth=\"120\"\n\t\t\t\t\theight=\"90\"\n\t\t\t\t\tstyle=\"max-width:100%;\"\n\t\t\t\t\/>\n\t\t\t<\/a>\n\t\t<\/div>\n\t\t\t\t\t\t\t<\/div>\n\t\t\t\n\t\t\n\t\t\n\t\t<!-- Pagination -->\n\t\t<div class='ngg-clear'><\/div>\t<\/div>\n<\/p>\n","protected":false},"excerpt":{"rendered":"<p>Comme chaque ann\u00e9e, le club des jeunes du village distribue des cadeaux aux personnes \u00e2g\u00e9es de plus de 70ans dans le village Cette ann\u00e9e, les femmes ont recu un pot-pourri et les hommes du parfum Voici quelques photos de cette apres-midi [Show slideshow]<\/p>\n","protected":false},"author":1,"featured_media":1874,"parent":1756,"menu_order":0,"comment_status":"open","ping_status":"open","template":"","meta":{"ngg_post_thumbnail":0,"footnotes":""},"class_list":["post-1832","page","type-page","status-publish","has-post-thumbnail","hentry"],"post_mailing_queue_ids":[],"_links":{"self":[{"href":"https:\/\/www.prouvy.be\/index.php?rest_route=\/wp\/v2\/pages\/1832","targetHints":{"allow":["GET"]}}],"collection":[{"href":"https:\/\/www.prouvy.be\/index.php?rest_route=\/wp\/v2\/pages"}],"about":[{"href":"https:\/\/www.prouvy.be\/index.php?rest_route=\/wp\/v2\/types\/page"}],"author":[{"embeddable":true,"href":"https:\/\/www.prouvy.be\/index.php?rest_route=\/wp\/v2\/users\/1"}],"replies":[{"embeddable":true,"href":"https:\/\/www.prouvy.be\/index.php?rest_route=%2Fwp%2Fv2%2Fcomments&post=1832"}],"version-history":[{"count":1,"href":"https:\/\/www.prouvy.be\/index.php?rest_route=\/wp\/v2\/pages\/1832\/revisions"}],"predecessor-version":[{"id":1875,"href":"https:\/\/www.prouvy.be\/index.php?rest_route=\/wp\/v2\/pages\/1832\/revisions\/1875"}],"up":[{"embeddable":true,"href":"https:\/\/www.prouvy.be\/index.php?rest_route=\/wp\/v2\/pages\/1756"}],"wp:featuredmedia":[{"embeddable":true,"href":"https:\/\/www.prouvy.be\/index.php?rest_route=\/wp\/v2\/media\/1874"}],"wp:attachment":[{"href":"https:\/\/www.prouvy.be\/index.php?rest_route=%2Fwp%2Fv2%2Fmedia&parent=1832"}],"curies":[{"name":"wp","href":"https:\/\/api.w.org\/{rel}","templated":true}]}}