{"id":1743,"date":"2014-11-17T23:31:40","date_gmt":"2014-11-17T21:31:40","guid":{"rendered":"http:\/\/new.prouvy.be\/?page_id=1743"},"modified":"2014-11-17T23:31:40","modified_gmt":"2014-11-17T21:31:40","slug":"les-hommes-chouchoutent-leurs-dames","status":"publish","type":"page","link":"https:\/\/www.prouvy.be\/?page_id=1743","title":{"rendered":"Les hommes chouchoutent leurs dames"},"content":{"rendered":"<div id=\"fb-root\"><\/div>\n<p>Pour la cinqui\u00e8me ann\u00e9e d\u00e9ja, G\u00e9g\u00e9 et sa troupe de joyeux cuistots ont mitonn\u00e9 de succulents mets \u00e0 leurs compagnes.<\/p>\n<p>Cette \u00e9dition mettait le champignon \u00e0 l\u2019honneur dans plusieurs des 6 plats propos\u00e9s.<\/p>\n<p>A noter \u00e9galement que de nouveaux jeunes \u201c talents \u201c nous avaient rejoints pour leur premi\u00e8re exp\u00e9rience. Preuve que cette formule plait \u00e0 deux g\u00e9n\u00e9rations.<\/p>\n<p>D\u00e9cid\u00e9ment, \u00e0 Prouvy, ont ne fait rien comme les autres \u2026<\/p>\n<p><strong><ins>Article paru dans l\u2019Avenir<\/ins><\/strong><\/p>\n<p>Innover, ce mot appartient aux Provon\u00e7ois. Le village de Prouvy (Chiny) est aussi sans conteste un endroit privil\u00e9gi\u00e9 de la gastronomie en l\u2019absence cependant de restaurant ayant pignon sur rue. Mais il compte un grand chef, G\u00e9g\u00e9 qui, chaque ann\u00e9e, se transforme le temps d\u2019un week-end en professeur de cuisine pour adultes.<\/p>\n<p>Cette ann\u00e9e pour la cinqui\u00e8me \u00e9dition, il a am\u00e9nag\u00e9 \u201cLa Chaumi\u00e8re\u201d en une grande cuisine improvis\u00e9e o\u00f9 30 hommes, sans exp\u00e9rience culinaire, go\u00fbtent aux joies de la cuisine.<\/p>\n<p><strong>Les toques blanches d\u2019un jour<\/strong><\/p>\n<p>Le samedi, d\u00e8s 8h du matin, c\u2019est le briefing. G\u00e9g\u00e9 propose six groupes de travail qui auront chacun leur mission pour la journ\u00e9e. \u201cChacun \u00e9volue dans la sp\u00e9cialit\u00e9 qu\u2019il souhaite sans pouvoir refaire le m\u00eame que l\u2019ann\u00e9e pr\u00e9c\u00e9dente\u201d, pr\u00e9cise le chef-professeur. Un pense-b\u00eate \u00e0 chacune des tables de travail et c\u2019est parti. Tout est minut\u00e9, car le menu gastronomique doit \u00eatre r\u00e9alis\u00e9 dans les d\u00e9lais.<\/p>\n<p>La tentation de d\u00e9gustation est grande pour nos cuisiniers d\u2019un jour. On s\u2019affaire \u00e0 toutes les tables, les consignes sont donn\u00e9es et parfois retenues en partie, ce qui laisse appara\u00eetre des lacunes. D\u2019o\u00f9 le retour imminent du chef. Des demandes de conseils fusent de toutes parts, de-ci, de-l\u00e0, un petit manque de concentration et c\u2019est l\u2019appel \u00e0 l\u2019aide. Chacun y va de son id\u00e9e ou risque un conseil, mais tr\u00e8s vite G\u00e9g\u00e9 est pr\u00e9sent pour la touche finale. \u201cCe qui est inqui\u00e9tant, c\u2019est que l\u2019on cuisine sans savoir ce que cela va donner. C\u2019est le soir que l\u2019on d\u00e9couvrira toutes les pr\u00e9parations assembl\u00e9es et que l\u2019on pourra dire que ce n\u2019est pas si mal pour des novices\u201d paroles de Geoffrey Chleide, cuisinier d\u2019un jour pour une premi\u00e8re.<\/p>\n<p><strong>F\u00eater saint Eloi autrement<\/strong><\/p>\n<p>\u00c0 midi, un casse-cro\u00fbte, et c\u2019est tout. Fin de journ\u00e9e, on donne une seconde vie \u00e0 la salle et tr\u00e8s vite, le d\u00e9cor dress\u00e9, on se retrouve dans un restaurant haut de gamme : nappes, vaisselle assortie, menus, d\u00e9coration des tables, fleurs, tout est pens\u00e9 et r\u00e9alis\u00e9 minutieusement.<\/p>\n<p>Le menu est tenu secret pour les \u00e9pouses. Le soir, celles-ci sont accueillies, fleuries et invit\u00e9es \u00e0 passer \u00e0 table pour y d\u00e9guster le menu gastronomique concoct\u00e9 et servi tout au long de la soir\u00e9e par leurs \u00e9poux.<\/p>\n<p>Le nombre d\u2019agriculteurs diminuant fortement \u00e0 Prouvy, G\u00e9rard Bechoux a pens\u00e9 cette formule \u00e0 laquelle trente \u00e9poux, sans exp\u00e9rience Horeca, adh\u00e8rent depuis cinq ans.<\/p>\n<p>Le but est de chouchouter les \u00e9pouses en leur offrant un repas gastronomique cuisin\u00e9 par leurs \u00e9poux. Cette formule originale engendre un succ\u00e8s inesp\u00e9r\u00e9 qui d\u00e9bouche sur des refus d\u2019adh\u00e9rents, faute de place.<\/p>\n<p>Pierre SAUT\u00c9<\/p>\n<p><!-- index.php -->\n<div\n\tclass=\"ngg-galleryoverview\n\t ngg-ajax-pagination-none\t\"\n\tid=\"ngg-gallery-15dc5e125b42d124e6f78d9a3c568358-1\">\n\n\t\t<div class=\"slideshowlink\">\n\t\t<a href='https:\/\/www.prouvy.be\/index.php\/nggallery\/slideshow?page_id=1743'>[Show slideshow]<\/a>\n\n\t<\/div>\n\t\t\t<!-- Thumbnails -->\n\t\t\t\t<div id=\"ngg-image-0\" class=\"ngg-gallery-thumbnail-box\"\n\t\t\t\t\t\t\t\t\t\t\t>\n\t\t\t\t\t\t<div class=\"ngg-gallery-thumbnail\">\n\t\t\t<a href=\"https:\/\/www.prouvy.be\/wp-content\/gallery\/les-hommes-chouchoutent-leurs-dames\/souper_h_2008_01.JPG\"\n\t\t\t\ttitle=\"\"\n\t\t\t\tdata-src=\"https:\/\/www.prouvy.be\/wp-content\/gallery\/les-hommes-chouchoutent-leurs-dames\/souper_h_2008_01.JPG\"\n\t\t\t\tdata-thumbnail=\"https:\/\/www.prouvy.be\/wp-content\/gallery\/les-hommes-chouchoutent-leurs-dames\/thumbs\/thumbs_souper_h_2008_01.JPG\"\n\t\t\t\tdata-image-id=\"566\"\n\t\t\t\tdata-title=\"souper_h_2008_01\"\n\t\t\t\tdata-description=\"\"\n\t\t\t\tdata-image-slug=\"souper_h_2008_01\"\n\t\t\t\tclass=\"ngg-fancybox\" rel=\"15dc5e125b42d124e6f78d9a3c568358\">\n\t\t\t\t<img\n\t\t\t\t\ttitle=\"souper_h_2008_01\"\n\t\t\t\t\talt=\"souper_h_2008_01\"\n\t\t\t\t\tsrc=\"https:\/\/www.prouvy.be\/wp-content\/gallery\/les-hommes-chouchoutent-leurs-dames\/thumbs\/thumbs_souper_h_2008_01.JPG\"\n\t\t\t\t\twidth=\"120\"\n\t\t\t\t\theight=\"90\"\n\t\t\t\t\tstyle=\"max-width:100%;\"\n\t\t\t\t\/>\n\t\t\t<\/a>\n\t\t<\/div>\n\t\t\t\t\t\t\t<\/div>\n\t\t\t\n\t\t\n\t\t\t\t<div id=\"ngg-image-1\" class=\"ngg-gallery-thumbnail-box\"\n\t\t\t\t\t\t\t\t\t\t\t>\n\t\t\t\t\t\t<div class=\"ngg-gallery-thumbnail\">\n\t\t\t<a href=\"https:\/\/www.prouvy.be\/wp-content\/gallery\/les-hommes-chouchoutent-leurs-dames\/souper_h_2008_02.JPG\"\n\t\t\t\ttitle=\" \"\n\t\t\t\tdata-src=\"https:\/\/www.prouvy.be\/wp-content\/gallery\/les-hommes-chouchoutent-leurs-dames\/souper_h_2008_02.JPG\"\n\t\t\t\tdata-thumbnail=\"https:\/\/www.prouvy.be\/wp-content\/gallery\/les-hommes-chouchoutent-leurs-dames\/thumbs\/thumbs_souper_h_2008_02.JPG\"\n\t\t\t\tdata-image-id=\"567\"\n\t\t\t\tdata-title=\"souper_h_2008_02\"\n\t\t\t\tdata-description=\" \"\n\t\t\t\tdata-image-slug=\"souper_h_2008_02\"\n\t\t\t\tclass=\"ngg-fancybox\" rel=\"15dc5e125b42d124e6f78d9a3c568358\">\n\t\t\t\t<img\n\t\t\t\t\ttitle=\"souper_h_2008_02\"\n\t\t\t\t\talt=\"souper_h_2008_02\"\n\t\t\t\t\tsrc=\"https:\/\/www.prouvy.be\/wp-content\/gallery\/les-hommes-chouchoutent-leurs-dames\/thumbs\/thumbs_souper_h_2008_02.JPG\"\n\t\t\t\t\twidth=\"120\"\n\t\t\t\t\theight=\"90\"\n\t\t\t\t\tstyle=\"max-width:100%;\"\n\t\t\t\t\/>\n\t\t\t<\/a>\n\t\t<\/div>\n\t\t\t\t\t\t\t<\/div>\n\t\t\t\n\t\t\n\t\t\t\t<div id=\"ngg-image-2\" class=\"ngg-gallery-thumbnail-box\"\n\t\t\t\t\t\t\t\t\t\t\t>\n\t\t\t\t\t\t<div class=\"ngg-gallery-thumbnail\">\n\t\t\t<a href=\"https:\/\/www.prouvy.be\/wp-content\/gallery\/les-hommes-chouchoutent-leurs-dames\/souper_h_2008_03.JPG\"\n\t\t\t\ttitle=\" \"\n\t\t\t\tdata-src=\"https:\/\/www.prouvy.be\/wp-content\/gallery\/les-hommes-chouchoutent-leurs-dames\/souper_h_2008_03.JPG\"\n\t\t\t\tdata-thumbnail=\"https:\/\/www.prouvy.be\/wp-content\/gallery\/les-hommes-chouchoutent-leurs-dames\/thumbs\/thumbs_souper_h_2008_03.JPG\"\n\t\t\t\tdata-image-id=\"568\"\n\t\t\t\tdata-title=\"souper_h_2008_03\"\n\t\t\t\tdata-description=\" \"\n\t\t\t\tdata-image-slug=\"souper_h_2008_03\"\n\t\t\t\tclass=\"ngg-fancybox\" rel=\"15dc5e125b42d124e6f78d9a3c568358\">\n\t\t\t\t<img\n\t\t\t\t\ttitle=\"souper_h_2008_03\"\n\t\t\t\t\talt=\"souper_h_2008_03\"\n\t\t\t\t\tsrc=\"https:\/\/www.prouvy.be\/wp-content\/gallery\/les-hommes-chouchoutent-leurs-dames\/thumbs\/thumbs_souper_h_2008_03.JPG\"\n\t\t\t\t\twidth=\"120\"\n\t\t\t\t\theight=\"90\"\n\t\t\t\t\tstyle=\"max-width:100%;\"\n\t\t\t\t\/>\n\t\t\t<\/a>\n\t\t<\/div>\n\t\t\t\t\t\t\t<\/div>\n\t\t\t\n\t\t\n\t\t\n\t\t<!-- Pagination -->\n\t\t<div class='ngg-clear'><\/div>\t<\/div>\n<\/p>\n","protected":false},"excerpt":{"rendered":"<p>Pour la cinqui\u00e8me ann\u00e9e d\u00e9ja, G\u00e9g\u00e9 et sa troupe de joyeux cuistots ont mitonn\u00e9 de succulents mets \u00e0 leurs compagnes. Cette \u00e9dition mettait le champignon \u00e0 l\u2019honneur dans plusieurs des 6 plats propos\u00e9s. A noter \u00e9galement que de nouveaux jeunes \u201c talents \u201c nous avaient rejoints pour leur premi\u00e8re exp\u00e9rience. Preuve que cette formule plait &hellip; <a href=\"https:\/\/www.prouvy.be\/?page_id=1743\" class=\"more-link\">Continuer la lecture de <span class=\"screen-reader-text\">Les hommes chouchoutent leurs dames<\/span>  <span class=\"meta-nav\">&rarr;<\/span><\/a><\/p>\n","protected":false},"author":1,"featured_media":1753,"parent":1509,"menu_order":0,"comment_status":"open","ping_status":"open","template":"","meta":{"ngg_post_thumbnail":0,"footnotes":""},"class_list":["post-1743","page","type-page","status-publish","has-post-thumbnail","hentry"],"post_mailing_queue_ids":[],"_links":{"self":[{"href":"https:\/\/www.prouvy.be\/index.php?rest_route=\/wp\/v2\/pages\/1743","targetHints":{"allow":["GET"]}}],"collection":[{"href":"https:\/\/www.prouvy.be\/index.php?rest_route=\/wp\/v2\/pages"}],"about":[{"href":"https:\/\/www.prouvy.be\/index.php?rest_route=\/wp\/v2\/types\/page"}],"author":[{"embeddable":true,"href":"https:\/\/www.prouvy.be\/index.php?rest_route=\/wp\/v2\/users\/1"}],"replies":[{"embeddable":true,"href":"https:\/\/www.prouvy.be\/index.php?rest_route=%2Fwp%2Fv2%2Fcomments&post=1743"}],"version-history":[{"count":1,"href":"https:\/\/www.prouvy.be\/index.php?rest_route=\/wp\/v2\/pages\/1743\/revisions"}],"predecessor-version":[{"id":1754,"href":"https:\/\/www.prouvy.be\/index.php?rest_route=\/wp\/v2\/pages\/1743\/revisions\/1754"}],"up":[{"embeddable":true,"href":"https:\/\/www.prouvy.be\/index.php?rest_route=\/wp\/v2\/pages\/1509"}],"wp:featuredmedia":[{"embeddable":true,"href":"https:\/\/www.prouvy.be\/index.php?rest_route=\/wp\/v2\/media\/1753"}],"wp:attachment":[{"href":"https:\/\/www.prouvy.be\/index.php?rest_route=%2Fwp%2Fv2%2Fmedia&parent=1743"}],"curies":[{"name":"wp","href":"https:\/\/api.w.org\/{rel}","templated":true}]}}