{"id":1656,"date":"2014-11-17T23:26:50","date_gmt":"2014-11-17T21:26:50","guid":{"rendered":"http:\/\/new.prouvy.be\/?page_id=1656"},"modified":"2014-11-17T23:26:50","modified_gmt":"2014-11-17T21:26:50","slug":"saint-nicolas-des-enfants","status":"publish","type":"page","link":"https:\/\/www.prouvy.be\/?page_id=1656","title":{"rendered":"Saint-Nicolas des enfants"},"content":{"rendered":"<div id=\"fb-root\"><\/div>\n<p>Comme chaque ann\u00e9e, Saint-Nicolas est venu rendre visite aux enfants de notre village le dimanche 23 novembre 2008.<\/p>\n<p>Avec l\u2019aide du P\u00e8re Fouettard, le Saint Patron des enfants sages a donc d\u00e9cid\u00e9 d\u2019entreprendre son voyage a pied.<\/p>\n<p>Mais la neige assez inattendue a contraint Saint-Nicolas a retourner en voiture<\/p>\n<p>Comme chaque ann\u00e9e, une activit\u00e9 est pr\u00e9vue pour distraire les enfants.<\/p>\n<p>Cette ann\u00e9e, ce fut la projection de 2 \u00e9pisodes de \u201cLa bande a Picsou\u201d, qui ont particuli\u00e8rement bien attir\u00e9 l\u2019attention des enfants.<\/p>\n<p>Ensuite, Saint-Nicolas a proc\u00e9d\u00e9 \u00e0 la distribution des friandises et des jouets.<\/p>\n<p>D\u2019avis g\u00e9n\u00e9ral, ce fut un apr\u00e8s-midi tr\u00e8s r\u00e9ussi.<\/p>\n<p>Vivement l\u2019ann\u00e9e prochaine !<\/p>\n<p>Merci Saint-Nicolas.<\/p>\n<p><!-- index.php -->\n<div\n\tclass=\"ngg-galleryoverview\n\t ngg-ajax-pagination-none\t\"\n\tid=\"ngg-gallery-9ccfbc94a72ac5b2ed7db0fb38ceaa83-1\">\n\n\t\t<div class=\"slideshowlink\">\n\t\t<a href='https:\/\/www.prouvy.be\/index.php\/nggallery\/slideshow?page_id=1656'>[Show slideshow]<\/a>\n\n\t<\/div>\n\t\t\t<!-- Thumbnails -->\n\t\t\t\t<div id=\"ngg-image-0\" class=\"ngg-gallery-thumbnail-box\"\n\t\t\t\t\t\t\t\t\t\t\t>\n\t\t\t\t\t\t<div class=\"ngg-gallery-thumbnail\">\n\t\t\t<a href=\"https:\/\/www.prouvy.be\/wp-content\/gallery\/saint-nicolas-des-enfants-2008\/StNicolas_2008_40.JPG\"\n\t\t\t\ttitle=\" \"\n\t\t\t\tdata-src=\"https:\/\/www.prouvy.be\/wp-content\/gallery\/saint-nicolas-des-enfants-2008\/StNicolas_2008_40.JPG\"\n\t\t\t\tdata-thumbnail=\"https:\/\/www.prouvy.be\/wp-content\/gallery\/saint-nicolas-des-enfants-2008\/thumbs\/thumbs_StNicolas_2008_40.JPG\"\n\t\t\t\tdata-image-id=\"565\"\n\t\t\t\tdata-title=\"StNicolas_2008_40\"\n\t\t\t\tdata-description=\" \"\n\t\t\t\tdata-image-slug=\"stnicolas_2008_40\"\n\t\t\t\tclass=\"ngg-fancybox\" rel=\"9ccfbc94a72ac5b2ed7db0fb38ceaa83\">\n\t\t\t\t<img\n\t\t\t\t\ttitle=\"StNicolas_2008_40\"\n\t\t\t\t\talt=\"StNicolas_2008_40\"\n\t\t\t\t\tsrc=\"https:\/\/www.prouvy.be\/wp-content\/gallery\/saint-nicolas-des-enfants-2008\/thumbs\/thumbs_StNicolas_2008_40.JPG\"\n\t\t\t\t\twidth=\"120\"\n\t\t\t\t\theight=\"90\"\n\t\t\t\t\tstyle=\"max-width:100%;\"\n\t\t\t\t\/>\n\t\t\t<\/a>\n\t\t<\/div>\n\t\t\t\t\t\t\t<\/div>\n\t\t\t\n\t\t\n\t\t\t\t<div id=\"ngg-image-1\" class=\"ngg-gallery-thumbnail-box\"\n\t\t\t\t\t\t\t\t\t\t\t>\n\t\t\t\t\t\t<div class=\"ngg-gallery-thumbnail\">\n\t\t\t<a href=\"https:\/\/www.prouvy.be\/wp-content\/gallery\/saint-nicolas-des-enfants-2008\/StNicolas_2008_25.JPG\"\n\t\t\t\ttitle=\" \"\n\t\t\t\tdata-src=\"https:\/\/www.prouvy.be\/wp-content\/gallery\/saint-nicolas-des-enfants-2008\/StNicolas_2008_25.JPG\"\n\t\t\t\tdata-thumbnail=\"https:\/\/www.prouvy.be\/wp-content\/gallery\/saint-nicolas-des-enfants-2008\/thumbs\/thumbs_StNicolas_2008_25.JPG\"\n\t\t\t\tdata-image-id=\"550\"\n\t\t\t\tdata-title=\"StNicolas_2008_25\"\n\t\t\t\tdata-description=\" \"\n\t\t\t\tdata-image-slug=\"stnicolas_2008_25\"\n\t\t\t\tclass=\"ngg-fancybox\" rel=\"9ccfbc94a72ac5b2ed7db0fb38ceaa83\">\n\t\t\t\t<img\n\t\t\t\t\ttitle=\"StNicolas_2008_25\"\n\t\t\t\t\talt=\"StNicolas_2008_25\"\n\t\t\t\t\tsrc=\"https:\/\/www.prouvy.be\/wp-content\/gallery\/saint-nicolas-des-enfants-2008\/thumbs\/thumbs_StNicolas_2008_25.JPG\"\n\t\t\t\t\twidth=\"120\"\n\t\t\t\t\theight=\"90\"\n\t\t\t\t\tstyle=\"max-width:100%;\"\n\t\t\t\t\/>\n\t\t\t<\/a>\n\t\t<\/div>\n\t\t\t\t\t\t\t<\/div>\n\t\t\t\n\t\t\n\t\t\t\t<div id=\"ngg-image-2\" class=\"ngg-gallery-thumbnail-box\"\n\t\t\t\t\t\t\t\t\t\t\t>\n\t\t\t\t\t\t<div class=\"ngg-gallery-thumbnail\">\n\t\t\t<a href=\"https:\/\/www.prouvy.be\/wp-content\/gallery\/saint-nicolas-des-enfants-2008\/StNicolas_2008_31.JPG\"\n\t\t\t\ttitle=\" \"\n\t\t\t\tdata-src=\"https:\/\/www.prouvy.be\/wp-content\/gallery\/saint-nicolas-des-enfants-2008\/StNicolas_2008_31.JPG\"\n\t\t\t\tdata-thumbnail=\"https:\/\/www.prouvy.be\/wp-content\/gallery\/saint-nicolas-des-enfants-2008\/thumbs\/thumbs_StNicolas_2008_31.JPG\"\n\t\t\t\tdata-image-id=\"556\"\n\t\t\t\tdata-title=\"StNicolas_2008_31\"\n\t\t\t\tdata-description=\" \"\n\t\t\t\tdata-image-slug=\"stnicolas_2008_31\"\n\t\t\t\tclass=\"ngg-fancybox\" rel=\"9ccfbc94a72ac5b2ed7db0fb38ceaa83\">\n\t\t\t\t<img\n\t\t\t\t\ttitle=\"StNicolas_2008_31\"\n\t\t\t\t\talt=\"StNicolas_2008_31\"\n\t\t\t\t\tsrc=\"https:\/\/www.prouvy.be\/wp-content\/gallery\/saint-nicolas-des-enfants-2008\/thumbs\/thumbs_StNicolas_2008_31.JPG\"\n\t\t\t\t\twidth=\"120\"\n\t\t\t\t\theight=\"90\"\n\t\t\t\t\tstyle=\"max-width:100%;\"\n\t\t\t\t\/>\n\t\t\t<\/a>\n\t\t<\/div>\n\t\t\t\t\t\t\t<\/div>\n\t\t\t\n\t\t\n\t\t\t\t<div id=\"ngg-image-3\" class=\"ngg-gallery-thumbnail-box\"\n\t\t\t\t\t\t\t\t\t\t\t>\n\t\t\t\t\t\t<div class=\"ngg-gallery-thumbnail\">\n\t\t\t<a href=\"https:\/\/www.prouvy.be\/wp-content\/gallery\/saint-nicolas-des-enfants-2008\/StNicolas_2008_39.JPG\"\n\t\t\t\ttitle=\" \"\n\t\t\t\tdata-src=\"https:\/\/www.prouvy.be\/wp-content\/gallery\/saint-nicolas-des-enfants-2008\/StNicolas_2008_39.JPG\"\n\t\t\t\tdata-thumbnail=\"https:\/\/www.prouvy.be\/wp-content\/gallery\/saint-nicolas-des-enfants-2008\/thumbs\/thumbs_StNicolas_2008_39.JPG\"\n\t\t\t\tdata-image-id=\"564\"\n\t\t\t\tdata-title=\"StNicolas_2008_39\"\n\t\t\t\tdata-description=\" \"\n\t\t\t\tdata-image-slug=\"stnicolas_2008_39\"\n\t\t\t\tclass=\"ngg-fancybox\" rel=\"9ccfbc94a72ac5b2ed7db0fb38ceaa83\">\n\t\t\t\t<img\n\t\t\t\t\ttitle=\"StNicolas_2008_39\"\n\t\t\t\t\talt=\"StNicolas_2008_39\"\n\t\t\t\t\tsrc=\"https:\/\/www.prouvy.be\/wp-content\/gallery\/saint-nicolas-des-enfants-2008\/thumbs\/thumbs_StNicolas_2008_39.JPG\"\n\t\t\t\t\twidth=\"120\"\n\t\t\t\t\theight=\"90\"\n\t\t\t\t\tstyle=\"max-width:100%;\"\n\t\t\t\t\/>\n\t\t\t<\/a>\n\t\t<\/div>\n\t\t\t\t\t\t\t<\/div>\n\t\t\t\n\t\t\n\t\t\t\t<div id=\"ngg-image-4\" class=\"ngg-gallery-thumbnail-box\"\n\t\t\t\t\t\t\t\t\t\t\t>\n\t\t\t\t\t\t<div class=\"ngg-gallery-thumbnail\">\n\t\t\t<a href=\"https:\/\/www.prouvy.be\/wp-content\/gallery\/saint-nicolas-des-enfants-2008\/StNicolas_2008_18.JPG\"\n\t\t\t\ttitle=\" \"\n\t\t\t\tdata-src=\"https:\/\/www.prouvy.be\/wp-content\/gallery\/saint-nicolas-des-enfants-2008\/StNicolas_2008_18.JPG\"\n\t\t\t\tdata-thumbnail=\"https:\/\/www.prouvy.be\/wp-content\/gallery\/saint-nicolas-des-enfants-2008\/thumbs\/thumbs_StNicolas_2008_18.JPG\"\n\t\t\t\tdata-image-id=\"543\"\n\t\t\t\tdata-title=\"StNicolas_2008_18\"\n\t\t\t\tdata-description=\" \"\n\t\t\t\tdata-image-slug=\"stnicolas_2008_18\"\n\t\t\t\tclass=\"ngg-fancybox\" rel=\"9ccfbc94a72ac5b2ed7db0fb38ceaa83\">\n\t\t\t\t<img\n\t\t\t\t\ttitle=\"StNicolas_2008_18\"\n\t\t\t\t\talt=\"StNicolas_2008_18\"\n\t\t\t\t\tsrc=\"https:\/\/www.prouvy.be\/wp-content\/gallery\/saint-nicolas-des-enfants-2008\/thumbs\/thumbs_StNicolas_2008_18.JPG\"\n\t\t\t\t\twidth=\"120\"\n\t\t\t\t\theight=\"90\"\n\t\t\t\t\tstyle=\"max-width:100%;\"\n\t\t\t\t\/>\n\t\t\t<\/a>\n\t\t<\/div>\n\t\t\t\t\t\t\t<\/div>\n\t\t\t\n\t\t\n\t\t\t\t<div id=\"ngg-image-5\" class=\"ngg-gallery-thumbnail-box\"\n\t\t\t\t\t\t\t\t\t\t\t>\n\t\t\t\t\t\t<div class=\"ngg-gallery-thumbnail\">\n\t\t\t<a href=\"https:\/\/www.prouvy.be\/wp-content\/gallery\/saint-nicolas-des-enfants-2008\/StNicolas_2008_17.JPG\"\n\t\t\t\ttitle=\" \"\n\t\t\t\tdata-src=\"https:\/\/www.prouvy.be\/wp-content\/gallery\/saint-nicolas-des-enfants-2008\/StNicolas_2008_17.JPG\"\n\t\t\t\tdata-thumbnail=\"https:\/\/www.prouvy.be\/wp-content\/gallery\/saint-nicolas-des-enfants-2008\/thumbs\/thumbs_StNicolas_2008_17.JPG\"\n\t\t\t\tdata-image-id=\"542\"\n\t\t\t\tdata-title=\"StNicolas_2008_17\"\n\t\t\t\tdata-description=\" \"\n\t\t\t\tdata-image-slug=\"stnicolas_2008_17\"\n\t\t\t\tclass=\"ngg-fancybox\" rel=\"9ccfbc94a72ac5b2ed7db0fb38ceaa83\">\n\t\t\t\t<img\n\t\t\t\t\ttitle=\"StNicolas_2008_17\"\n\t\t\t\t\talt=\"StNicolas_2008_17\"\n\t\t\t\t\tsrc=\"https:\/\/www.prouvy.be\/wp-content\/gallery\/saint-nicolas-des-enfants-2008\/thumbs\/thumbs_StNicolas_2008_17.JPG\"\n\t\t\t\t\twidth=\"120\"\n\t\t\t\t\theight=\"90\"\n\t\t\t\t\tstyle=\"max-width:100%;\"\n\t\t\t\t\/>\n\t\t\t<\/a>\n\t\t<\/div>\n\t\t\t\t\t\t\t<\/div>\n\t\t\t\n\t\t\n\t\t\t\t<div id=\"ngg-image-6\" class=\"ngg-gallery-thumbnail-box\"\n\t\t\t\t\t\t\t\t\t\t\t>\n\t\t\t\t\t\t<div class=\"ngg-gallery-thumbnail\">\n\t\t\t<a href=\"https:\/\/www.prouvy.be\/wp-content\/gallery\/saint-nicolas-des-enfants-2008\/StNicolas_2008_16.JPG\"\n\t\t\t\ttitle=\" \"\n\t\t\t\tdata-src=\"https:\/\/www.prouvy.be\/wp-content\/gallery\/saint-nicolas-des-enfants-2008\/StNicolas_2008_16.JPG\"\n\t\t\t\tdata-thumbnail=\"https:\/\/www.prouvy.be\/wp-content\/gallery\/saint-nicolas-des-enfants-2008\/thumbs\/thumbs_StNicolas_2008_16.JPG\"\n\t\t\t\tdata-image-id=\"541\"\n\t\t\t\tdata-title=\"StNicolas_2008_16\"\n\t\t\t\tdata-description=\" \"\n\t\t\t\tdata-image-slug=\"stnicolas_2008_16\"\n\t\t\t\tclass=\"ngg-fancybox\" rel=\"9ccfbc94a72ac5b2ed7db0fb38ceaa83\">\n\t\t\t\t<img\n\t\t\t\t\ttitle=\"StNicolas_2008_16\"\n\t\t\t\t\talt=\"StNicolas_2008_16\"\n\t\t\t\t\tsrc=\"https:\/\/www.prouvy.be\/wp-content\/gallery\/saint-nicolas-des-enfants-2008\/thumbs\/thumbs_StNicolas_2008_16.JPG\"\n\t\t\t\t\twidth=\"120\"\n\t\t\t\t\theight=\"90\"\n\t\t\t\t\tstyle=\"max-width:100%;\"\n\t\t\t\t\/>\n\t\t\t<\/a>\n\t\t<\/div>\n\t\t\t\t\t\t\t<\/div>\n\t\t\t\n\t\t\n\t\t\t\t<div id=\"ngg-image-7\" class=\"ngg-gallery-thumbnail-box\"\n\t\t\t\t\t\t\t\t\t\t\t>\n\t\t\t\t\t\t<div class=\"ngg-gallery-thumbnail\">\n\t\t\t<a href=\"https:\/\/www.prouvy.be\/wp-content\/gallery\/saint-nicolas-des-enfants-2008\/StNicolas_2008_15.JPG\"\n\t\t\t\ttitle=\" \"\n\t\t\t\tdata-src=\"https:\/\/www.prouvy.be\/wp-content\/gallery\/saint-nicolas-des-enfants-2008\/StNicolas_2008_15.JPG\"\n\t\t\t\tdata-thumbnail=\"https:\/\/www.prouvy.be\/wp-content\/gallery\/saint-nicolas-des-enfants-2008\/thumbs\/thumbs_StNicolas_2008_15.JPG\"\n\t\t\t\tdata-image-id=\"540\"\n\t\t\t\tdata-title=\"StNicolas_2008_15\"\n\t\t\t\tdata-description=\" \"\n\t\t\t\tdata-image-slug=\"stnicolas_2008_15\"\n\t\t\t\tclass=\"ngg-fancybox\" rel=\"9ccfbc94a72ac5b2ed7db0fb38ceaa83\">\n\t\t\t\t<img\n\t\t\t\t\ttitle=\"StNicolas_2008_15\"\n\t\t\t\t\talt=\"StNicolas_2008_15\"\n\t\t\t\t\tsrc=\"https:\/\/www.prouvy.be\/wp-content\/gallery\/saint-nicolas-des-enfants-2008\/thumbs\/thumbs_StNicolas_2008_15.JPG\"\n\t\t\t\t\twidth=\"120\"\n\t\t\t\t\theight=\"90\"\n\t\t\t\t\tstyle=\"max-width:100%;\"\n\t\t\t\t\/>\n\t\t\t<\/a>\n\t\t<\/div>\n\t\t\t\t\t\t\t<\/div>\n\t\t\t\n\t\t\n\t\t\t\t<div id=\"ngg-image-8\" class=\"ngg-gallery-thumbnail-box\"\n\t\t\t\t\t\t\t\t\t\t\t>\n\t\t\t\t\t\t<div class=\"ngg-gallery-thumbnail\">\n\t\t\t<a href=\"https:\/\/www.prouvy.be\/wp-content\/gallery\/saint-nicolas-des-enfants-2008\/StNicolas_2008_23.JPG\"\n\t\t\t\ttitle=\" \"\n\t\t\t\tdata-src=\"https:\/\/www.prouvy.be\/wp-content\/gallery\/saint-nicolas-des-enfants-2008\/StNicolas_2008_23.JPG\"\n\t\t\t\tdata-thumbnail=\"https:\/\/www.prouvy.be\/wp-content\/gallery\/saint-nicolas-des-enfants-2008\/thumbs\/thumbs_StNicolas_2008_23.JPG\"\n\t\t\t\tdata-image-id=\"548\"\n\t\t\t\tdata-title=\"StNicolas_2008_23\"\n\t\t\t\tdata-description=\" \"\n\t\t\t\tdata-image-slug=\"stnicolas_2008_23\"\n\t\t\t\tclass=\"ngg-fancybox\" rel=\"9ccfbc94a72ac5b2ed7db0fb38ceaa83\">\n\t\t\t\t<img\n\t\t\t\t\ttitle=\"StNicolas_2008_23\"\n\t\t\t\t\talt=\"StNicolas_2008_23\"\n\t\t\t\t\tsrc=\"https:\/\/www.prouvy.be\/wp-content\/gallery\/saint-nicolas-des-enfants-2008\/thumbs\/thumbs_StNicolas_2008_23.JPG\"\n\t\t\t\t\twidth=\"120\"\n\t\t\t\t\theight=\"90\"\n\t\t\t\t\tstyle=\"max-width:100%;\"\n\t\t\t\t\/>\n\t\t\t<\/a>\n\t\t<\/div>\n\t\t\t\t\t\t\t<\/div>\n\t\t\t\n\t\t\n\t\t\t\t<div id=\"ngg-image-9\" class=\"ngg-gallery-thumbnail-box\"\n\t\t\t\t\t\t\t\t\t\t\t>\n\t\t\t\t\t\t<div class=\"ngg-gallery-thumbnail\">\n\t\t\t<a href=\"https:\/\/www.prouvy.be\/wp-content\/gallery\/saint-nicolas-des-enfants-2008\/StNicolas_2008_26.JPG\"\n\t\t\t\ttitle=\" \"\n\t\t\t\tdata-src=\"https:\/\/www.prouvy.be\/wp-content\/gallery\/saint-nicolas-des-enfants-2008\/StNicolas_2008_26.JPG\"\n\t\t\t\tdata-thumbnail=\"https:\/\/www.prouvy.be\/wp-content\/gallery\/saint-nicolas-des-enfants-2008\/thumbs\/thumbs_StNicolas_2008_26.JPG\"\n\t\t\t\tdata-image-id=\"551\"\n\t\t\t\tdata-title=\"StNicolas_2008_26\"\n\t\t\t\tdata-description=\" \"\n\t\t\t\tdata-image-slug=\"stnicolas_2008_26\"\n\t\t\t\tclass=\"ngg-fancybox\" rel=\"9ccfbc94a72ac5b2ed7db0fb38ceaa83\">\n\t\t\t\t<img\n\t\t\t\t\ttitle=\"StNicolas_2008_26\"\n\t\t\t\t\talt=\"StNicolas_2008_26\"\n\t\t\t\t\tsrc=\"https:\/\/www.prouvy.be\/wp-content\/gallery\/saint-nicolas-des-enfants-2008\/thumbs\/thumbs_StNicolas_2008_26.JPG\"\n\t\t\t\t\twidth=\"120\"\n\t\t\t\t\theight=\"90\"\n\t\t\t\t\tstyle=\"max-width:100%;\"\n\t\t\t\t\/>\n\t\t\t<\/a>\n\t\t<\/div>\n\t\t\t\t\t\t\t<\/div>\n\t\t\t\n\t\t\n\t\t\t\t<div id=\"ngg-image-10\" class=\"ngg-gallery-thumbnail-box\"\n\t\t\t\t\t\t\t\t\t\t\t>\n\t\t\t\t\t\t<div class=\"ngg-gallery-thumbnail\">\n\t\t\t<a href=\"https:\/\/www.prouvy.be\/wp-content\/gallery\/saint-nicolas-des-enfants-2008\/StNicolas_2008_32.JPG\"\n\t\t\t\ttitle=\" \"\n\t\t\t\tdata-src=\"https:\/\/www.prouvy.be\/wp-content\/gallery\/saint-nicolas-des-enfants-2008\/StNicolas_2008_32.JPG\"\n\t\t\t\tdata-thumbnail=\"https:\/\/www.prouvy.be\/wp-content\/gallery\/saint-nicolas-des-enfants-2008\/thumbs\/thumbs_StNicolas_2008_32.JPG\"\n\t\t\t\tdata-image-id=\"557\"\n\t\t\t\tdata-title=\"StNicolas_2008_32\"\n\t\t\t\tdata-description=\" \"\n\t\t\t\tdata-image-slug=\"stnicolas_2008_32\"\n\t\t\t\tclass=\"ngg-fancybox\" rel=\"9ccfbc94a72ac5b2ed7db0fb38ceaa83\">\n\t\t\t\t<img\n\t\t\t\t\ttitle=\"StNicolas_2008_32\"\n\t\t\t\t\talt=\"StNicolas_2008_32\"\n\t\t\t\t\tsrc=\"https:\/\/www.prouvy.be\/wp-content\/gallery\/saint-nicolas-des-enfants-2008\/thumbs\/thumbs_StNicolas_2008_32.JPG\"\n\t\t\t\t\twidth=\"120\"\n\t\t\t\t\theight=\"90\"\n\t\t\t\t\tstyle=\"max-width:100%;\"\n\t\t\t\t\/>\n\t\t\t<\/a>\n\t\t<\/div>\n\t\t\t\t\t\t\t<\/div>\n\t\t\t\n\t\t\n\t\t\t\t<div id=\"ngg-image-11\" class=\"ngg-gallery-thumbnail-box\"\n\t\t\t\t\t\t\t\t\t\t\t>\n\t\t\t\t\t\t<div class=\"ngg-gallery-thumbnail\">\n\t\t\t<a href=\"https:\/\/www.prouvy.be\/wp-content\/gallery\/saint-nicolas-des-enfants-2008\/StNicolas_2008_1.JPG\"\n\t\t\t\ttitle=\"\"\n\t\t\t\tdata-src=\"https:\/\/www.prouvy.be\/wp-content\/gallery\/saint-nicolas-des-enfants-2008\/StNicolas_2008_1.JPG\"\n\t\t\t\tdata-thumbnail=\"https:\/\/www.prouvy.be\/wp-content\/gallery\/saint-nicolas-des-enfants-2008\/thumbs\/thumbs_StNicolas_2008_1.JPG\"\n\t\t\t\tdata-image-id=\"526\"\n\t\t\t\tdata-title=\"StNicolas_2008_1\"\n\t\t\t\tdata-description=\"\"\n\t\t\t\tdata-image-slug=\"stnicolas_2008_1\"\n\t\t\t\tclass=\"ngg-fancybox\" rel=\"9ccfbc94a72ac5b2ed7db0fb38ceaa83\">\n\t\t\t\t<img\n\t\t\t\t\ttitle=\"StNicolas_2008_1\"\n\t\t\t\t\talt=\"StNicolas_2008_1\"\n\t\t\t\t\tsrc=\"https:\/\/www.prouvy.be\/wp-content\/gallery\/saint-nicolas-des-enfants-2008\/thumbs\/thumbs_StNicolas_2008_1.JPG\"\n\t\t\t\t\twidth=\"120\"\n\t\t\t\t\theight=\"90\"\n\t\t\t\t\tstyle=\"max-width:100%;\"\n\t\t\t\t\/>\n\t\t\t<\/a>\n\t\t<\/div>\n\t\t\t\t\t\t\t<\/div>\n\t\t\t\n\t\t\n\t\t\t\t<div id=\"ngg-image-12\" class=\"ngg-gallery-thumbnail-box\"\n\t\t\t\t\t\t\t\t\t\t\t>\n\t\t\t\t\t\t<div class=\"ngg-gallery-thumbnail\">\n\t\t\t<a href=\"https:\/\/www.prouvy.be\/wp-content\/gallery\/saint-nicolas-des-enfants-2008\/StNicolas_2008_10.JPG\"\n\t\t\t\ttitle=\" \"\n\t\t\t\tdata-src=\"https:\/\/www.prouvy.be\/wp-content\/gallery\/saint-nicolas-des-enfants-2008\/StNicolas_2008_10.JPG\"\n\t\t\t\tdata-thumbnail=\"https:\/\/www.prouvy.be\/wp-content\/gallery\/saint-nicolas-des-enfants-2008\/thumbs\/thumbs_StNicolas_2008_10.JPG\"\n\t\t\t\tdata-image-id=\"535\"\n\t\t\t\tdata-title=\"StNicolas_2008_10\"\n\t\t\t\tdata-description=\" \"\n\t\t\t\tdata-image-slug=\"stnicolas_2008_10\"\n\t\t\t\tclass=\"ngg-fancybox\" rel=\"9ccfbc94a72ac5b2ed7db0fb38ceaa83\">\n\t\t\t\t<img\n\t\t\t\t\ttitle=\"StNicolas_2008_10\"\n\t\t\t\t\talt=\"StNicolas_2008_10\"\n\t\t\t\t\tsrc=\"https:\/\/www.prouvy.be\/wp-content\/gallery\/saint-nicolas-des-enfants-2008\/thumbs\/thumbs_StNicolas_2008_10.JPG\"\n\t\t\t\t\twidth=\"120\"\n\t\t\t\t\theight=\"90\"\n\t\t\t\t\tstyle=\"max-width:100%;\"\n\t\t\t\t\/>\n\t\t\t<\/a>\n\t\t<\/div>\n\t\t\t\t\t\t\t<\/div>\n\t\t\t\n\t\t\n\t\t\t\t<div id=\"ngg-image-13\" class=\"ngg-gallery-thumbnail-box\"\n\t\t\t\t\t\t\t\t\t\t\t>\n\t\t\t\t\t\t<div class=\"ngg-gallery-thumbnail\">\n\t\t\t<a href=\"https:\/\/www.prouvy.be\/wp-content\/gallery\/saint-nicolas-des-enfants-2008\/StNicolas_2008_9.JPG\"\n\t\t\t\ttitle=\" \"\n\t\t\t\tdata-src=\"https:\/\/www.prouvy.be\/wp-content\/gallery\/saint-nicolas-des-enfants-2008\/StNicolas_2008_9.JPG\"\n\t\t\t\tdata-thumbnail=\"https:\/\/www.prouvy.be\/wp-content\/gallery\/saint-nicolas-des-enfants-2008\/thumbs\/thumbs_StNicolas_2008_9.JPG\"\n\t\t\t\tdata-image-id=\"534\"\n\t\t\t\tdata-title=\"StNicolas_2008_9\"\n\t\t\t\tdata-description=\" \"\n\t\t\t\tdata-image-slug=\"stnicolas_2008_9\"\n\t\t\t\tclass=\"ngg-fancybox\" rel=\"9ccfbc94a72ac5b2ed7db0fb38ceaa83\">\n\t\t\t\t<img\n\t\t\t\t\ttitle=\"StNicolas_2008_9\"\n\t\t\t\t\talt=\"StNicolas_2008_9\"\n\t\t\t\t\tsrc=\"https:\/\/www.prouvy.be\/wp-content\/gallery\/saint-nicolas-des-enfants-2008\/thumbs\/thumbs_StNicolas_2008_9.JPG\"\n\t\t\t\t\twidth=\"120\"\n\t\t\t\t\theight=\"90\"\n\t\t\t\t\tstyle=\"max-width:100%;\"\n\t\t\t\t\/>\n\t\t\t<\/a>\n\t\t<\/div>\n\t\t\t\t\t\t\t<\/div>\n\t\t\t\n\t\t\n\t\t\t\t<div id=\"ngg-image-14\" class=\"ngg-gallery-thumbnail-box\"\n\t\t\t\t\t\t\t\t\t\t\t>\n\t\t\t\t\t\t<div class=\"ngg-gallery-thumbnail\">\n\t\t\t<a href=\"https:\/\/www.prouvy.be\/wp-content\/gallery\/saint-nicolas-des-enfants-2008\/StNicolas_2008_8.JPG\"\n\t\t\t\ttitle=\" \"\n\t\t\t\tdata-src=\"https:\/\/www.prouvy.be\/wp-content\/gallery\/saint-nicolas-des-enfants-2008\/StNicolas_2008_8.JPG\"\n\t\t\t\tdata-thumbnail=\"https:\/\/www.prouvy.be\/wp-content\/gallery\/saint-nicolas-des-enfants-2008\/thumbs\/thumbs_StNicolas_2008_8.JPG\"\n\t\t\t\tdata-image-id=\"533\"\n\t\t\t\tdata-title=\"StNicolas_2008_8\"\n\t\t\t\tdata-description=\" \"\n\t\t\t\tdata-image-slug=\"stnicolas_2008_8\"\n\t\t\t\tclass=\"ngg-fancybox\" rel=\"9ccfbc94a72ac5b2ed7db0fb38ceaa83\">\n\t\t\t\t<img\n\t\t\t\t\ttitle=\"StNicolas_2008_8\"\n\t\t\t\t\talt=\"StNicolas_2008_8\"\n\t\t\t\t\tsrc=\"https:\/\/www.prouvy.be\/wp-content\/gallery\/saint-nicolas-des-enfants-2008\/thumbs\/thumbs_StNicolas_2008_8.JPG\"\n\t\t\t\t\twidth=\"120\"\n\t\t\t\t\theight=\"90\"\n\t\t\t\t\tstyle=\"max-width:100%;\"\n\t\t\t\t\/>\n\t\t\t<\/a>\n\t\t<\/div>\n\t\t\t\t\t\t\t<\/div>\n\t\t\t\n\t\t\n\t\t\t\t<div id=\"ngg-image-15\" class=\"ngg-gallery-thumbnail-box\"\n\t\t\t\t\t\t\t\t\t\t\t>\n\t\t\t\t\t\t<div class=\"ngg-gallery-thumbnail\">\n\t\t\t<a href=\"https:\/\/www.prouvy.be\/wp-content\/gallery\/saint-nicolas-des-enfants-2008\/StNicolas_2008_7.JPG\"\n\t\t\t\ttitle=\" \"\n\t\t\t\tdata-src=\"https:\/\/www.prouvy.be\/wp-content\/gallery\/saint-nicolas-des-enfants-2008\/StNicolas_2008_7.JPG\"\n\t\t\t\tdata-thumbnail=\"https:\/\/www.prouvy.be\/wp-content\/gallery\/saint-nicolas-des-enfants-2008\/thumbs\/thumbs_StNicolas_2008_7.JPG\"\n\t\t\t\tdata-image-id=\"532\"\n\t\t\t\tdata-title=\"StNicolas_2008_7\"\n\t\t\t\tdata-description=\" \"\n\t\t\t\tdata-image-slug=\"stnicolas_2008_7\"\n\t\t\t\tclass=\"ngg-fancybox\" rel=\"9ccfbc94a72ac5b2ed7db0fb38ceaa83\">\n\t\t\t\t<img\n\t\t\t\t\ttitle=\"StNicolas_2008_7\"\n\t\t\t\t\talt=\"StNicolas_2008_7\"\n\t\t\t\t\tsrc=\"https:\/\/www.prouvy.be\/wp-content\/gallery\/saint-nicolas-des-enfants-2008\/thumbs\/thumbs_StNicolas_2008_7.JPG\"\n\t\t\t\t\twidth=\"120\"\n\t\t\t\t\theight=\"90\"\n\t\t\t\t\tstyle=\"max-width:100%;\"\n\t\t\t\t\/>\n\t\t\t<\/a>\n\t\t<\/div>\n\t\t\t\t\t\t\t<\/div>\n\t\t\t\n\t\t\n\t\t\t\t<div id=\"ngg-image-16\" class=\"ngg-gallery-thumbnail-box\"\n\t\t\t\t\t\t\t\t\t\t\t>\n\t\t\t\t\t\t<div class=\"ngg-gallery-thumbnail\">\n\t\t\t<a href=\"https:\/\/www.prouvy.be\/wp-content\/gallery\/saint-nicolas-des-enfants-2008\/StNicolas_2008_24.JPG\"\n\t\t\t\ttitle=\" \"\n\t\t\t\tdata-src=\"https:\/\/www.prouvy.be\/wp-content\/gallery\/saint-nicolas-des-enfants-2008\/StNicolas_2008_24.JPG\"\n\t\t\t\tdata-thumbnail=\"https:\/\/www.prouvy.be\/wp-content\/gallery\/saint-nicolas-des-enfants-2008\/thumbs\/thumbs_StNicolas_2008_24.JPG\"\n\t\t\t\tdata-image-id=\"549\"\n\t\t\t\tdata-title=\"StNicolas_2008_24\"\n\t\t\t\tdata-description=\" \"\n\t\t\t\tdata-image-slug=\"stnicolas_2008_24\"\n\t\t\t\tclass=\"ngg-fancybox\" rel=\"9ccfbc94a72ac5b2ed7db0fb38ceaa83\">\n\t\t\t\t<img\n\t\t\t\t\ttitle=\"StNicolas_2008_24\"\n\t\t\t\t\talt=\"StNicolas_2008_24\"\n\t\t\t\t\tsrc=\"https:\/\/www.prouvy.be\/wp-content\/gallery\/saint-nicolas-des-enfants-2008\/thumbs\/thumbs_StNicolas_2008_24.JPG\"\n\t\t\t\t\twidth=\"120\"\n\t\t\t\t\theight=\"90\"\n\t\t\t\t\tstyle=\"max-width:100%;\"\n\t\t\t\t\/>\n\t\t\t<\/a>\n\t\t<\/div>\n\t\t\t\t\t\t\t<\/div>\n\t\t\t\n\t\t\n\t\t\t\t<div id=\"ngg-image-17\" class=\"ngg-gallery-thumbnail-box\"\n\t\t\t\t\t\t\t\t\t\t\t>\n\t\t\t\t\t\t<div class=\"ngg-gallery-thumbnail\">\n\t\t\t<a href=\"https:\/\/www.prouvy.be\/wp-content\/gallery\/saint-nicolas-des-enfants-2008\/StNicolas_2008_34.JPG\"\n\t\t\t\ttitle=\" \"\n\t\t\t\tdata-src=\"https:\/\/www.prouvy.be\/wp-content\/gallery\/saint-nicolas-des-enfants-2008\/StNicolas_2008_34.JPG\"\n\t\t\t\tdata-thumbnail=\"https:\/\/www.prouvy.be\/wp-content\/gallery\/saint-nicolas-des-enfants-2008\/thumbs\/thumbs_StNicolas_2008_34.JPG\"\n\t\t\t\tdata-image-id=\"559\"\n\t\t\t\tdata-title=\"StNicolas_2008_34\"\n\t\t\t\tdata-description=\" \"\n\t\t\t\tdata-image-slug=\"stnicolas_2008_34\"\n\t\t\t\tclass=\"ngg-fancybox\" rel=\"9ccfbc94a72ac5b2ed7db0fb38ceaa83\">\n\t\t\t\t<img\n\t\t\t\t\ttitle=\"StNicolas_2008_34\"\n\t\t\t\t\talt=\"StNicolas_2008_34\"\n\t\t\t\t\tsrc=\"https:\/\/www.prouvy.be\/wp-content\/gallery\/saint-nicolas-des-enfants-2008\/thumbs\/thumbs_StNicolas_2008_34.JPG\"\n\t\t\t\t\twidth=\"120\"\n\t\t\t\t\theight=\"90\"\n\t\t\t\t\tstyle=\"max-width:100%;\"\n\t\t\t\t\/>\n\t\t\t<\/a>\n\t\t<\/div>\n\t\t\t\t\t\t\t<\/div>\n\t\t\t\n\t\t\n\t\t\t\t<div id=\"ngg-image-18\" class=\"ngg-gallery-thumbnail-box\"\n\t\t\t\t\t\t\t\t\t\t\t>\n\t\t\t\t\t\t<div class=\"ngg-gallery-thumbnail\">\n\t\t\t<a href=\"https:\/\/www.prouvy.be\/wp-content\/gallery\/saint-nicolas-des-enfants-2008\/StNicolas_2008_33.JPG\"\n\t\t\t\ttitle=\" \"\n\t\t\t\tdata-src=\"https:\/\/www.prouvy.be\/wp-content\/gallery\/saint-nicolas-des-enfants-2008\/StNicolas_2008_33.JPG\"\n\t\t\t\tdata-thumbnail=\"https:\/\/www.prouvy.be\/wp-content\/gallery\/saint-nicolas-des-enfants-2008\/thumbs\/thumbs_StNicolas_2008_33.JPG\"\n\t\t\t\tdata-image-id=\"558\"\n\t\t\t\tdata-title=\"StNicolas_2008_33\"\n\t\t\t\tdata-description=\" \"\n\t\t\t\tdata-image-slug=\"stnicolas_2008_33\"\n\t\t\t\tclass=\"ngg-fancybox\" rel=\"9ccfbc94a72ac5b2ed7db0fb38ceaa83\">\n\t\t\t\t<img\n\t\t\t\t\ttitle=\"StNicolas_2008_33\"\n\t\t\t\t\talt=\"StNicolas_2008_33\"\n\t\t\t\t\tsrc=\"https:\/\/www.prouvy.be\/wp-content\/gallery\/saint-nicolas-des-enfants-2008\/thumbs\/thumbs_StNicolas_2008_33.JPG\"\n\t\t\t\t\twidth=\"120\"\n\t\t\t\t\theight=\"90\"\n\t\t\t\t\tstyle=\"max-width:100%;\"\n\t\t\t\t\/>\n\t\t\t<\/a>\n\t\t<\/div>\n\t\t\t\t\t\t\t<\/div>\n\t\t\t\n\t\t\n\t\t\t\t<div id=\"ngg-image-19\" class=\"ngg-gallery-thumbnail-box\"\n\t\t\t\t\t\t\t\t\t\t\t>\n\t\t\t\t\t\t<div class=\"ngg-gallery-thumbnail\">\n\t\t\t<a href=\"https:\/\/www.prouvy.be\/wp-content\/gallery\/saint-nicolas-des-enfants-2008\/StNicolas_2008_3.JPG\"\n\t\t\t\ttitle=\" \"\n\t\t\t\tdata-src=\"https:\/\/www.prouvy.be\/wp-content\/gallery\/saint-nicolas-des-enfants-2008\/StNicolas_2008_3.JPG\"\n\t\t\t\tdata-thumbnail=\"https:\/\/www.prouvy.be\/wp-content\/gallery\/saint-nicolas-des-enfants-2008\/thumbs\/thumbs_StNicolas_2008_3.JPG\"\n\t\t\t\tdata-image-id=\"528\"\n\t\t\t\tdata-title=\"StNicolas_2008_3\"\n\t\t\t\tdata-description=\" \"\n\t\t\t\tdata-image-slug=\"stnicolas_2008_3\"\n\t\t\t\tclass=\"ngg-fancybox\" rel=\"9ccfbc94a72ac5b2ed7db0fb38ceaa83\">\n\t\t\t\t<img\n\t\t\t\t\ttitle=\"StNicolas_2008_3\"\n\t\t\t\t\talt=\"StNicolas_2008_3\"\n\t\t\t\t\tsrc=\"https:\/\/www.prouvy.be\/wp-content\/gallery\/saint-nicolas-des-enfants-2008\/thumbs\/thumbs_StNicolas_2008_3.JPG\"\n\t\t\t\t\twidth=\"120\"\n\t\t\t\t\theight=\"90\"\n\t\t\t\t\tstyle=\"max-width:100%;\"\n\t\t\t\t\/>\n\t\t\t<\/a>\n\t\t<\/div>\n\t\t\t\t\t\t\t<\/div>\n\t\t\t\n\t\t\n\t\t\n\t\t<!-- Pagination -->\n\t\t<div class='ngg-navigation'><span class='current'>1<\/span>\n<a class='page-numbers' data-pageid='2' href='https:\/\/www.prouvy.be\/index.php\/nggallery\/page\/2?page_id=1656'>2<\/a>\n<a class='prev' href='https:\/\/www.prouvy.be\/index.php\/nggallery\/page\/2?page_id=1656' data-pageid=2>&#9658;<\/a><\/div>\t<\/div>\n<\/p>\n","protected":false},"excerpt":{"rendered":"<p>Comme chaque ann\u00e9e, Saint-Nicolas est venu rendre visite aux enfants de notre village le dimanche 23 novembre 2008. Avec l\u2019aide du P\u00e8re Fouettard, le Saint Patron des enfants sages a donc d\u00e9cid\u00e9 d\u2019entreprendre son voyage a pied. Mais la neige assez inattendue a contraint Saint-Nicolas a retourner en voiture Comme chaque ann\u00e9e, une activit\u00e9 est &hellip; <a href=\"https:\/\/www.prouvy.be\/?page_id=1656\" class=\"more-link\">Continuer la lecture de <span class=\"screen-reader-text\">Saint-Nicolas des enfants<\/span>  <span class=\"meta-nav\">&rarr;<\/span><\/a><\/p>\n","protected":false},"author":1,"featured_media":1740,"parent":1509,"menu_order":0,"comment_status":"open","ping_status":"open","template":"","meta":{"ngg_post_thumbnail":0,"footnotes":""},"class_list":["post-1656","page","type-page","status-publish","has-post-thumbnail","hentry"],"post_mailing_queue_ids":[],"_links":{"self":[{"href":"https:\/\/www.prouvy.be\/index.php?rest_route=\/wp\/v2\/pages\/1656","targetHints":{"allow":["GET"]}}],"collection":[{"href":"https:\/\/www.prouvy.be\/index.php?rest_route=\/wp\/v2\/pages"}],"about":[{"href":"https:\/\/www.prouvy.be\/index.php?rest_route=\/wp\/v2\/types\/page"}],"author":[{"embeddable":true,"href":"https:\/\/www.prouvy.be\/index.php?rest_route=\/wp\/v2\/users\/1"}],"replies":[{"embeddable":true,"href":"https:\/\/www.prouvy.be\/index.php?rest_route=%2Fwp%2Fv2%2Fcomments&post=1656"}],"version-history":[{"count":1,"href":"https:\/\/www.prouvy.be\/index.php?rest_route=\/wp\/v2\/pages\/1656\/revisions"}],"predecessor-version":[{"id":1741,"href":"https:\/\/www.prouvy.be\/index.php?rest_route=\/wp\/v2\/pages\/1656\/revisions\/1741"}],"up":[{"embeddable":true,"href":"https:\/\/www.prouvy.be\/index.php?rest_route=\/wp\/v2\/pages\/1509"}],"wp:featuredmedia":[{"embeddable":true,"href":"https:\/\/www.prouvy.be\/index.php?rest_route=\/wp\/v2\/media\/1740"}],"wp:attachment":[{"href":"https:\/\/www.prouvy.be\/index.php?rest_route=%2Fwp%2Fv2%2Fmedia&parent=1656"}],"curies":[{"name":"wp","href":"https:\/\/api.w.org\/{rel}","templated":true}]}}