{"id":165,"date":"2014-06-26T00:08:06","date_gmt":"2014-06-25T22:08:06","guid":{"rendered":"http:\/\/new.prouvy.be\/?page_id=165"},"modified":"2017-03-03T23:37:23","modified_gmt":"2017-03-03T21:37:23","slug":"amenagement-et-embellissement-de-notre-village","status":"publish","type":"page","link":"https:\/\/www.prouvy.be\/?page_id=165","title":{"rendered":"Am\u00e9nagement et embellissement de notre village"},"content":{"rendered":"<div id=\"fb-root\"><\/div>\n<p style=\"color: #000000;\">Fin 2003, quelques provon\u00e7ois se sont demand\u00e9s \u201cce qu\u2019il \u00e9tait possible de faire \u00e0 leur niveau pour am\u00e9liorer le cadre de vie des habitants de notre village.\u201d<br \/>\nA plusieurs reprises, les villageois ont \u00e9t\u00e9 invit\u00e9s \u00e0 participer \u00e0 des r\u00e9unions afin d\u2019\u00e9changer leurs points de vue.<br \/>\nRapidement, plusieurs th\u00e8mes se sont d\u00e9gag\u00e9s. En voici un r\u00e9sum\u00e9 :<\/p>\n<p style=\"color: #000000;\">-augmenter la s\u00e9curit\u00e9 sur les routes communales qui traversent notre village.<br \/>\n-mettre en valeur le village par des am\u00e9nagements publics ( construction de trottoirs, enfouissement des c\u00e2bles \u00e9lectriques, installation d\u2019un \u00e9clairage public de type lampadaire, pavement du centre du village, \u2026)<br \/>\n-pr\u00e9server et restaurer le patrimoine public du village, en particulier le lavoir class\u00e9 par la R\u00e9gion Wallonne.<br \/>\n-planter des alignements d\u2019arbres dans et aux alentours du village.<br \/>\n-installer des bacs \u00e0 fleurs \u00e0 des endroits cl\u00e9s du village.<br \/>\n-inciter les autorit\u00e9s pour entretenir les espaces publics.<\/p>\n<p style=\"color: #000000;\">Un groupe de travail fut donc cr\u00e9\u00e9, articul\u00e9 principalement autour de l\u2019asbl La Provon\u00e7oise. Notre d\u00e9sir \u00e9tait de mettre en pratique toutes les grandes lignes d\u00e9gag\u00e9es. Mais, par o\u00f9 commencer ! Apr\u00e8s maints contacts et r\u00e9flexions nous sommes parvenus \u00e0 quelques r\u00e9alisations. En voici la chronologie :<\/p>\n<p style=\"color: #000000;\">1. D\u00e9but 2004, Mme Orban travaillant pour la Fondation Rurale de Wallonie participa \u00e0 une de nos r\u00e9unions. Un rapport au sujet des am\u00e9nagements et de la s\u00e9curit\u00e9 des routes de notre village fut r\u00e9dig\u00e9 et remis \u00e0 la Commune de Chiny. L\u2019id\u00e9e est de discuter de ce rapport lors de la r\u00e9daction du futur Programme Communal de D\u00e9veloppement Rural. Le rapport a \u00e9t\u00e9 pr\u00e9sent\u00e9 devant les autorit\u00e9s communales.<\/p>\n<p style=\"color: #000000;\">2. Nous avons demand\u00e9 \u00e0 la Commune de prendre en consid\u00e9ration la d\u00e9gradation du lavoir class\u00e9 de notre village. Un expert provincial est venu constater l\u2019\u00e9tat g\u00e9n\u00e9ral de celui-ci. Un cahier des charges pour sa restauration \u00e0 l\u2019identique a \u00e9t\u00e9 r\u00e9dig\u00e9. Nous attendons maintenant la concr\u00e9tisation de ce projet. Lorsque le lavoir sera restaur\u00e9, nous aimerions remettre un dossier aupr\u00e8s de la Fondation Roi Baudouin afin d\u2019am\u00e9nager un espace de rencontre convivial \u00e0 cet endroit particulier du village. Nous aimerions \u00e9galement que la \u00ab tour \u00bb en brique rouge contenant la cabine \u00e9lectrique disparaisse. Il doit \u00eatre possible d\u2019int\u00e9grer la \u00ab cabine \u00bb dans un b\u00e2timent architecturalement mieux adapt\u00e9.<\/p>\n<p style=\"color: #000000;\">3. Depuis 2004, l\u2019asbl La Provon\u00e7oise et l\u2019\u00e9cole du village participent \u00e0 l\u2019op\u00e9ration \u00ab Village propre \u00bb.<\/p>\n<p style=\"color: #000000;\">4. Au mois de mai 2004 et 2005, des b\u00e9n\u00e9voles install\u00e8rent 6 grands bacs \u00e0 fleurs. L\u2019asbl La Provon\u00e7oise a financ\u00e9 l\u2019achat des mat\u00e9riaux. Le Syndicat d\u2019Initiative Vierre-Semois a financ\u00e9 l\u2019achat annuel de plantes durant une dizaine d&rsquo;ann\u00e9es. Actuellement, c&rsquo;est la commune de Chiny qui met les fleurs \u00e0 disposition. Le fleurissement biannuel et l\u2019entretien des bacs est r\u00e9alis\u00e9 par&nbsp;quelques b\u00e9n\u00e9voles. Nous en profitons pour les remercier.<\/p>\n<p style=\"color: #000000;\">5. Printemps 2005, un consultant travaillant pour la R\u00e9gion Wallonne (RW) nous a rendu visite afin de nous conseiller quant au choix des plantations. Un dossier d\u00e9taill\u00e9 fut mont\u00e9 dans le but de pouvoir b\u00e9n\u00e9ficier d\u2019aides de la RW. La Commune marqua par la suite son accord. Le dossier fut rentr\u00e9 au minist\u00e8re et accept\u00e9. Le projet plantation fut concr\u00e9tis\u00e9 le 17 d\u00e9cembre 2005. Plus de 70 arbres furent plant\u00e9s dans et aux alentours du village. Les arbres baliveaux furent offerts par la RW. L\u2019asbl La Provon\u00e7oise prit \u00e0 sa charge les tuteurs, le transport et l\u2019achat de poiriers en espalier destin\u00e9s aux fa\u00e7ades du village.<\/p>\n<p style=\"color: #000000;\">6. Durant le printemps 2006, une dizaine de poiriers en espalier furent plant\u00e9s contre des fa\u00e7ades du village.<\/p>\n<p style=\"color: #000000;\">7. Le samedi 7 avril 2007, une \u00e9quipe de \u00ab solides \u00bb provon\u00e7ois ont install\u00e9 2 bacs \u00e0 fleurs suppl\u00e9mentaires aux entr\u00e9es du village.<\/p>\n<p style=\"color: #000000;\">8. Mr et Mme Jacoby ainsi que Mme Maury d\u00e9siraient&nbsp;restaurer le site de Ste Apolline. La Provon\u00e7oise a d\u00e9cid\u00e9 de les aider. Le 15 d\u00e9cembre 2007, un Acer Platane Royal Red a \u00e9t\u00e9 plant\u00e9 \u00e0 l\u2019arri\u00e8re de la Croix. Jean Michel&nbsp;Maury a&nbsp;r\u00e9alis\u00e9 une nouvelle Croix. Celle-ci a \u00e9t\u00e9&nbsp;install\u00e9e au Printemps 2008. Ensuite une \u00e9quipe de b\u00e9n\u00e9voles&nbsp;a&nbsp;am\u00e9nag\u00e9 les alentours du site. Un petit sentier d&rsquo;acc\u00e8s en pierre a \u00e9t\u00e9&nbsp;cr\u00e9\u00e9. Les anciennes pierres qui constituaient le perron du ch\u00e2teau ont \u00e9t\u00e9&nbsp;utilis\u00e9es \u00e0 cette fin.<\/p>\n<p style=\"color: #000000;\">9. D\u2019autres concr\u00e9tisations devraient suivre. Nous ne manquerons pas de vous en informer.<\/p>\n<p style=\"color: #000000;\">&nbsp;<\/p>\n","protected":false},"excerpt":{"rendered":"<p>Fin 2003, quelques provon\u00e7ois se sont demand\u00e9s \u201cce qu\u2019il \u00e9tait possible de faire \u00e0 leur niveau pour am\u00e9liorer le cadre de vie des habitants de notre village.\u201d A plusieurs reprises, les villageois ont \u00e9t\u00e9 invit\u00e9s \u00e0 participer \u00e0 des r\u00e9unions afin d\u2019\u00e9changer leurs points de vue. Rapidement, plusieurs th\u00e8mes se sont d\u00e9gag\u00e9s. En voici un &hellip; <a href=\"https:\/\/www.prouvy.be\/?page_id=165\" class=\"more-link\">Continuer la lecture de <span class=\"screen-reader-text\">Am\u00e9nagement et embellissement de notre village<\/span>  <span class=\"meta-nav\">&rarr;<\/span><\/a><\/p>\n","protected":false},"author":1,"featured_media":0,"parent":326,"menu_order":0,"comment_status":"open","ping_status":"closed","template":"","meta":{"ngg_post_thumbnail":0,"footnotes":""},"class_list":["post-165","page","type-page","status-publish","hentry"],"post_mailing_queue_ids":[],"_links":{"self":[{"href":"https:\/\/www.prouvy.be\/index.php?rest_route=\/wp\/v2\/pages\/165","targetHints":{"allow":["GET"]}}],"collection":[{"href":"https:\/\/www.prouvy.be\/index.php?rest_route=\/wp\/v2\/pages"}],"about":[{"href":"https:\/\/www.prouvy.be\/index.php?rest_route=\/wp\/v2\/types\/page"}],"author":[{"embeddable":true,"href":"https:\/\/www.prouvy.be\/index.php?rest_route=\/wp\/v2\/users\/1"}],"replies":[{"embeddable":true,"href":"https:\/\/www.prouvy.be\/index.php?rest_route=%2Fwp%2Fv2%2Fcomments&post=165"}],"version-history":[{"count":5,"href":"https:\/\/www.prouvy.be\/index.php?rest_route=\/wp\/v2\/pages\/165\/revisions"}],"predecessor-version":[{"id":5096,"href":"https:\/\/www.prouvy.be\/index.php?rest_route=\/wp\/v2\/pages\/165\/revisions\/5096"}],"up":[{"embeddable":true,"href":"https:\/\/www.prouvy.be\/index.php?rest_route=\/wp\/v2\/pages\/326"}],"wp:attachment":[{"href":"https:\/\/www.prouvy.be\/index.php?rest_route=%2Fwp%2Fv2%2Fmedia&parent=165"}],"curies":[{"name":"wp","href":"https:\/\/api.w.org\/{rel}","templated":true}]}}