{"id":157,"date":"2014-06-25T23:57:22","date_gmt":"2014-06-25T21:57:22","guid":{"rendered":"http:\/\/new.prouvy.be\/?page_id=157"},"modified":"2015-02-01T19:54:49","modified_gmt":"2015-02-01T18:54:49","slug":"le-village-de-prouvy","status":"publish","type":"page","link":"https:\/\/www.prouvy.be\/?page_id=157","title":{"rendered":"Le village de Prouvy"},"content":{"rendered":"<div id=\"fb-root\"><\/div>\n<p style=\"color: #000000;\">Paisible petit village gaumais, Prouvy compte 260 \u00e2mes ( chiffre au 26\/08\/2005 ).<\/p>\n<p style=\"color: #000000;\">Avant la fusion des communes de 1975, il faisait partie de la commune de Jamoigne ( il fait toujours partie de sa paroisse ). Depuis, il est englob\u00e9 dans la commune de Chiny.<\/p>\n<p style=\"color: #000000;\"><a href=\"http:\/\/www.prouvy.be\/wp-content\/uploads\/2014\/06\/carte2.gif\"><img loading=\"lazy\" decoding=\"async\" class=\"wp-image-158 aligncenter\" src=\"http:\/\/www.prouvy.be\/wp-content\/uploads\/2014\/06\/carte2-300x183.gif\" alt=\"carte2\" width=\"464\" height=\"283\" \/><\/a><\/p>\n<p>Le village se situe \u00e0 1 Km de la N83 reliant Arlon \u00e0 Bouillon.<\/p>\n<p>Le village est constitu\u00e9 de 6 rues le long desquelles les habitations sont b\u00e2ties \u00e0 des altitudes comprises entre 340 et 365 m\u00e8tres.<\/p>\n<p>Au niveau urbanistique, le village est qualifi\u00e9 de \u201cvillage rue\u201d typique de la r\u00e9gion gaumaise<\/p>\n<p>Prouvy para\u00eet d\u00e9vier du gallo-romain\u00a0<span class=\"caps\">PRO<\/span>\u00a0<span class=\"caps\">VIA<\/span>\u00a0qui veut dire \u201cen avant de la voie\u201d.<\/p>\n<p>En effet, le village est situ\u00e9 \u00e0 quelques pas de la c\u00e9l\u00e8bre voie romaine Reims-Tr\u00e8ves. On a d\u2019ailleurs retrouv\u00e9 des vestiges de l\u2019Empire Romain ( V\u00e8me si\u00e8cle ) non loin de l\u00e0. Des objets beaucoup plus anciens font \u00e9galement parties des trouvailles ( M\u00e9solithique et N\u00e9olithique ).<\/p>\n<p>Prouvy abrite son ch\u00e2teau et poss\u00e8de ses armoiries. Ces derni\u00e8res sont d\u2019argent \u00e0 trois merlettes de sable.<\/p>\n<p>De la p\u00e9riode moyen\u00e2geuse subsiste \u00e9galement la devise \u00ab L\u2019honneur y gist \u00bb.<\/p>\n<p><a href=\"http:\/\/www.prouvy.be\/wp-content\/uploads\/2014\/06\/logo_prouvy2.jpg\"><img loading=\"lazy\" decoding=\"async\" class=\"size-medium wp-image-159 aligncenter\" src=\"http:\/\/www.prouvy.be\/wp-content\/uploads\/2014\/06\/logo_prouvy2-237x300.jpg\" alt=\"logo_prouvy2\" width=\"237\" height=\"300\" srcset=\"https:\/\/www.prouvy.be\/wp-content\/uploads\/2014\/06\/logo_prouvy2-237x300.jpg 237w, https:\/\/www.prouvy.be\/wp-content\/uploads\/2014\/06\/logo_prouvy2.jpg 470w\" sizes=\"auto, (max-width: 237px) 100vw, 237px\" \/><\/a><\/p>\n<p style=\"color: #000000;\">Le ch\u00e2teau du\u00a0<span class=\"caps\">XIV<\/span>\u00a0si\u00e8cle a \u00e9t\u00e9 restaur\u00e9 en 1711 et derni\u00e8rement en 1972. Jouxtant celui-ci, une magnifique ferme dont l\u2019\u00e2tre est garni d\u2019une taque de 1573.<\/p>\n<p style=\"color: #000000;\">La fontaine comprenant 2 lavoirs ainsi que 2 bacs ext\u00e9rieurs fut class\u00e9e en 1983.<\/p>\n<p style=\"color: #000000;\">La population du village a f\u00eat\u00e9 le centenaire de la chapelle Notre Dame du Rosaire en 1995.<\/p>\n<p style=\"color: #000000;\">Prouvy a encore la chance de compter son \u00e9cole maternelle. Les classes de primaire ont \u00e9t\u00e9 ferm\u00e9es pour la rentr\u00e9e de septembre 2005. Une classe a fait son retour en 2013.<\/p>\n<p style=\"color: #000000;\">Ses habitants sont appel\u00e9s Provon\u00e7ois(es).<\/p>\n<p style=\"color: #000000;\">Il est alors maintenant temps d\u2019\u00e9voquer l\u2019ASBL LA\u00a0<span class=\"caps\">PROVONCOISE<\/span>.<\/p>\n","protected":false},"excerpt":{"rendered":"<p>Paisible petit village gaumais, Prouvy compte 260 \u00e2mes ( chiffre au 26\/08\/2005 ). Avant la fusion des communes de 1975, il faisait partie de la commune de Jamoigne ( il fait toujours partie de sa paroisse ). Depuis, il est englob\u00e9 dans la commune de Chiny. Le village se situe \u00e0 1 Km de la &hellip; <a href=\"https:\/\/www.prouvy.be\/?page_id=157\" class=\"more-link\">Continuer la lecture de <span class=\"screen-reader-text\">Le village de Prouvy<\/span>  <span class=\"meta-nav\">&rarr;<\/span><\/a><\/p>\n","protected":false},"author":1,"featured_media":0,"parent":326,"menu_order":0,"comment_status":"open","ping_status":"closed","template":"","meta":{"ngg_post_thumbnail":0,"footnotes":""},"class_list":["post-157","page","type-page","status-publish","hentry"],"post_mailing_queue_ids":[],"_links":{"self":[{"href":"https:\/\/www.prouvy.be\/index.php?rest_route=\/wp\/v2\/pages\/157","targetHints":{"allow":["GET"]}}],"collection":[{"href":"https:\/\/www.prouvy.be\/index.php?rest_route=\/wp\/v2\/pages"}],"about":[{"href":"https:\/\/www.prouvy.be\/index.php?rest_route=\/wp\/v2\/types\/page"}],"author":[{"embeddable":true,"href":"https:\/\/www.prouvy.be\/index.php?rest_route=\/wp\/v2\/users\/1"}],"replies":[{"embeddable":true,"href":"https:\/\/www.prouvy.be\/index.php?rest_route=%2Fwp%2Fv2%2Fcomments&post=157"}],"version-history":[{"count":6,"href":"https:\/\/www.prouvy.be\/index.php?rest_route=\/wp\/v2\/pages\/157\/revisions"}],"predecessor-version":[{"id":3653,"href":"https:\/\/www.prouvy.be\/index.php?rest_route=\/wp\/v2\/pages\/157\/revisions\/3653"}],"up":[{"embeddable":true,"href":"https:\/\/www.prouvy.be\/index.php?rest_route=\/wp\/v2\/pages\/326"}],"wp:attachment":[{"href":"https:\/\/www.prouvy.be\/index.php?rest_route=%2Fwp%2Fv2%2Fmedia&parent=157"}],"curies":[{"name":"wp","href":"https:\/\/api.w.org\/{rel}","templated":true}]}}