{"id":1513,"date":"2014-11-17T22:13:44","date_gmt":"2014-11-17T20:13:44","guid":{"rendered":"http:\/\/new.prouvy.be\/?page_id=1513"},"modified":"2014-11-17T22:13:44","modified_gmt":"2014-11-17T20:13:44","slug":"restauration-de-saint-apolline","status":"publish","type":"page","link":"https:\/\/www.prouvy.be\/?page_id=1513","title":{"rendered":"Restauration de Saint-Apolline"},"content":{"rendered":"<div id=\"fb-root\"><\/div>\n<p>Samedi 15 mars 2008, bien aid\u00e9 par une grue, l\u2019ancienne croix a \u00e9t\u00e9 d\u00e9terr\u00e9e et la nouvelle install\u00e9e.<\/p>\n<p>Quelques photos de cette journ\u00e9e ci-dessous.<\/p>\n<p><!-- index.php -->\n<div\n\tclass=\"ngg-galleryoverview\n\t ngg-ajax-pagination-none\t\"\n\tid=\"ngg-gallery-98f94a8250424e654770af887b29cdea-1\">\n\n\t\t<div class=\"slideshowlink\">\n\t\t<a href='https:\/\/www.prouvy.be\/index.php\/nggallery\/slideshow?page_id=1513'>[Show slideshow]<\/a>\n\n\t<\/div>\n\t\t\t<!-- Thumbnails -->\n\t\t\t\t<div id=\"ngg-image-0\" class=\"ngg-gallery-thumbnail-box\"\n\t\t\t\t\t\t\t\t\t\t\t>\n\t\t\t\t\t\t<div class=\"ngg-gallery-thumbnail\">\n\t\t\t<a href=\"https:\/\/www.prouvy.be\/wp-content\/gallery\/restauration-de-saint-apolline\/apolline_16.jpg\"\n\t\t\t\ttitle=\" \"\n\t\t\t\tdata-src=\"https:\/\/www.prouvy.be\/wp-content\/gallery\/restauration-de-saint-apolline\/apolline_16.jpg\"\n\t\t\t\tdata-thumbnail=\"https:\/\/www.prouvy.be\/wp-content\/gallery\/restauration-de-saint-apolline\/thumbs\/thumbs_apolline_16.jpg\"\n\t\t\t\tdata-image-id=\"475\"\n\t\t\t\tdata-title=\"apolline_16\"\n\t\t\t\tdata-description=\" \"\n\t\t\t\tdata-image-slug=\"apolline_16\"\n\t\t\t\tclass=\"ngg-fancybox\" rel=\"98f94a8250424e654770af887b29cdea\">\n\t\t\t\t<img\n\t\t\t\t\ttitle=\"apolline_16\"\n\t\t\t\t\talt=\"apolline_16\"\n\t\t\t\t\tsrc=\"https:\/\/www.prouvy.be\/wp-content\/gallery\/restauration-de-saint-apolline\/thumbs\/thumbs_apolline_16.jpg\"\n\t\t\t\t\twidth=\"120\"\n\t\t\t\t\theight=\"90\"\n\t\t\t\t\tstyle=\"max-width:100%;\"\n\t\t\t\t\/>\n\t\t\t<\/a>\n\t\t<\/div>\n\t\t\t\t\t\t\t<\/div>\n\t\t\t\n\t\t\n\t\t\t\t<div id=\"ngg-image-1\" class=\"ngg-gallery-thumbnail-box\"\n\t\t\t\t\t\t\t\t\t\t\t>\n\t\t\t\t\t\t<div class=\"ngg-gallery-thumbnail\">\n\t\t\t<a href=\"https:\/\/www.prouvy.be\/wp-content\/gallery\/restauration-de-saint-apolline\/apolline_24.jpg\"\n\t\t\t\ttitle=\" \"\n\t\t\t\tdata-src=\"https:\/\/www.prouvy.be\/wp-content\/gallery\/restauration-de-saint-apolline\/apolline_24.jpg\"\n\t\t\t\tdata-thumbnail=\"https:\/\/www.prouvy.be\/wp-content\/gallery\/restauration-de-saint-apolline\/thumbs\/thumbs_apolline_24.jpg\"\n\t\t\t\tdata-image-id=\"483\"\n\t\t\t\tdata-title=\"apolline_24\"\n\t\t\t\tdata-description=\" \"\n\t\t\t\tdata-image-slug=\"apolline_24\"\n\t\t\t\tclass=\"ngg-fancybox\" rel=\"98f94a8250424e654770af887b29cdea\">\n\t\t\t\t<img\n\t\t\t\t\ttitle=\"apolline_24\"\n\t\t\t\t\talt=\"apolline_24\"\n\t\t\t\t\tsrc=\"https:\/\/www.prouvy.be\/wp-content\/gallery\/restauration-de-saint-apolline\/thumbs\/thumbs_apolline_24.jpg\"\n\t\t\t\t\twidth=\"120\"\n\t\t\t\t\theight=\"90\"\n\t\t\t\t\tstyle=\"max-width:100%;\"\n\t\t\t\t\/>\n\t\t\t<\/a>\n\t\t<\/div>\n\t\t\t\t\t\t\t<\/div>\n\t\t\t\n\t\t\n\t\t\t\t<div id=\"ngg-image-2\" class=\"ngg-gallery-thumbnail-box\"\n\t\t\t\t\t\t\t\t\t\t\t>\n\t\t\t\t\t\t<div class=\"ngg-gallery-thumbnail\">\n\t\t\t<a href=\"https:\/\/www.prouvy.be\/wp-content\/gallery\/restauration-de-saint-apolline\/apolline_23.jpg\"\n\t\t\t\ttitle=\" \"\n\t\t\t\tdata-src=\"https:\/\/www.prouvy.be\/wp-content\/gallery\/restauration-de-saint-apolline\/apolline_23.jpg\"\n\t\t\t\tdata-thumbnail=\"https:\/\/www.prouvy.be\/wp-content\/gallery\/restauration-de-saint-apolline\/thumbs\/thumbs_apolline_23.jpg\"\n\t\t\t\tdata-image-id=\"482\"\n\t\t\t\tdata-title=\"apolline_23\"\n\t\t\t\tdata-description=\" \"\n\t\t\t\tdata-image-slug=\"apolline_23\"\n\t\t\t\tclass=\"ngg-fancybox\" rel=\"98f94a8250424e654770af887b29cdea\">\n\t\t\t\t<img\n\t\t\t\t\ttitle=\"apolline_23\"\n\t\t\t\t\talt=\"apolline_23\"\n\t\t\t\t\tsrc=\"https:\/\/www.prouvy.be\/wp-content\/gallery\/restauration-de-saint-apolline\/thumbs\/thumbs_apolline_23.jpg\"\n\t\t\t\t\twidth=\"120\"\n\t\t\t\t\theight=\"90\"\n\t\t\t\t\tstyle=\"max-width:100%;\"\n\t\t\t\t\/>\n\t\t\t<\/a>\n\t\t<\/div>\n\t\t\t\t\t\t\t<\/div>\n\t\t\t\n\t\t\n\t\t\t\t<div id=\"ngg-image-3\" class=\"ngg-gallery-thumbnail-box\"\n\t\t\t\t\t\t\t\t\t\t\t>\n\t\t\t\t\t\t<div class=\"ngg-gallery-thumbnail\">\n\t\t\t<a href=\"https:\/\/www.prouvy.be\/wp-content\/gallery\/restauration-de-saint-apolline\/apolline_22.jpg\"\n\t\t\t\ttitle=\" \"\n\t\t\t\tdata-src=\"https:\/\/www.prouvy.be\/wp-content\/gallery\/restauration-de-saint-apolline\/apolline_22.jpg\"\n\t\t\t\tdata-thumbnail=\"https:\/\/www.prouvy.be\/wp-content\/gallery\/restauration-de-saint-apolline\/thumbs\/thumbs_apolline_22.jpg\"\n\t\t\t\tdata-image-id=\"481\"\n\t\t\t\tdata-title=\"apolline_22\"\n\t\t\t\tdata-description=\" \"\n\t\t\t\tdata-image-slug=\"apolline_22\"\n\t\t\t\tclass=\"ngg-fancybox\" rel=\"98f94a8250424e654770af887b29cdea\">\n\t\t\t\t<img\n\t\t\t\t\ttitle=\"apolline_22\"\n\t\t\t\t\talt=\"apolline_22\"\n\t\t\t\t\tsrc=\"https:\/\/www.prouvy.be\/wp-content\/gallery\/restauration-de-saint-apolline\/thumbs\/thumbs_apolline_22.jpg\"\n\t\t\t\t\twidth=\"120\"\n\t\t\t\t\theight=\"90\"\n\t\t\t\t\tstyle=\"max-width:100%;\"\n\t\t\t\t\/>\n\t\t\t<\/a>\n\t\t<\/div>\n\t\t\t\t\t\t\t<\/div>\n\t\t\t\n\t\t\n\t\t\t\t<div id=\"ngg-image-4\" class=\"ngg-gallery-thumbnail-box\"\n\t\t\t\t\t\t\t\t\t\t\t>\n\t\t\t\t\t\t<div class=\"ngg-gallery-thumbnail\">\n\t\t\t<a href=\"https:\/\/www.prouvy.be\/wp-content\/gallery\/restauration-de-saint-apolline\/apolline_21.jpg\"\n\t\t\t\ttitle=\" \"\n\t\t\t\tdata-src=\"https:\/\/www.prouvy.be\/wp-content\/gallery\/restauration-de-saint-apolline\/apolline_21.jpg\"\n\t\t\t\tdata-thumbnail=\"https:\/\/www.prouvy.be\/wp-content\/gallery\/restauration-de-saint-apolline\/thumbs\/thumbs_apolline_21.jpg\"\n\t\t\t\tdata-image-id=\"480\"\n\t\t\t\tdata-title=\"apolline_21\"\n\t\t\t\tdata-description=\" \"\n\t\t\t\tdata-image-slug=\"apolline_21\"\n\t\t\t\tclass=\"ngg-fancybox\" rel=\"98f94a8250424e654770af887b29cdea\">\n\t\t\t\t<img\n\t\t\t\t\ttitle=\"apolline_21\"\n\t\t\t\t\talt=\"apolline_21\"\n\t\t\t\t\tsrc=\"https:\/\/www.prouvy.be\/wp-content\/gallery\/restauration-de-saint-apolline\/thumbs\/thumbs_apolline_21.jpg\"\n\t\t\t\t\twidth=\"120\"\n\t\t\t\t\theight=\"90\"\n\t\t\t\t\tstyle=\"max-width:100%;\"\n\t\t\t\t\/>\n\t\t\t<\/a>\n\t\t<\/div>\n\t\t\t\t\t\t\t<\/div>\n\t\t\t\n\t\t\n\t\t\t\t<div id=\"ngg-image-5\" class=\"ngg-gallery-thumbnail-box\"\n\t\t\t\t\t\t\t\t\t\t\t>\n\t\t\t\t\t\t<div class=\"ngg-gallery-thumbnail\">\n\t\t\t<a href=\"https:\/\/www.prouvy.be\/wp-content\/gallery\/restauration-de-saint-apolline\/apolline_20.jpg\"\n\t\t\t\ttitle=\" \"\n\t\t\t\tdata-src=\"https:\/\/www.prouvy.be\/wp-content\/gallery\/restauration-de-saint-apolline\/apolline_20.jpg\"\n\t\t\t\tdata-thumbnail=\"https:\/\/www.prouvy.be\/wp-content\/gallery\/restauration-de-saint-apolline\/thumbs\/thumbs_apolline_20.jpg\"\n\t\t\t\tdata-image-id=\"479\"\n\t\t\t\tdata-title=\"apolline_20\"\n\t\t\t\tdata-description=\" \"\n\t\t\t\tdata-image-slug=\"apolline_20\"\n\t\t\t\tclass=\"ngg-fancybox\" rel=\"98f94a8250424e654770af887b29cdea\">\n\t\t\t\t<img\n\t\t\t\t\ttitle=\"apolline_20\"\n\t\t\t\t\talt=\"apolline_20\"\n\t\t\t\t\tsrc=\"https:\/\/www.prouvy.be\/wp-content\/gallery\/restauration-de-saint-apolline\/thumbs\/thumbs_apolline_20.jpg\"\n\t\t\t\t\twidth=\"120\"\n\t\t\t\t\theight=\"90\"\n\t\t\t\t\tstyle=\"max-width:100%;\"\n\t\t\t\t\/>\n\t\t\t<\/a>\n\t\t<\/div>\n\t\t\t\t\t\t\t<\/div>\n\t\t\t\n\t\t\n\t\t\t\t<div id=\"ngg-image-6\" class=\"ngg-gallery-thumbnail-box\"\n\t\t\t\t\t\t\t\t\t\t\t>\n\t\t\t\t\t\t<div class=\"ngg-gallery-thumbnail\">\n\t\t\t<a href=\"https:\/\/www.prouvy.be\/wp-content\/gallery\/restauration-de-saint-apolline\/apolline_19.jpg\"\n\t\t\t\ttitle=\" \"\n\t\t\t\tdata-src=\"https:\/\/www.prouvy.be\/wp-content\/gallery\/restauration-de-saint-apolline\/apolline_19.jpg\"\n\t\t\t\tdata-thumbnail=\"https:\/\/www.prouvy.be\/wp-content\/gallery\/restauration-de-saint-apolline\/thumbs\/thumbs_apolline_19.jpg\"\n\t\t\t\tdata-image-id=\"478\"\n\t\t\t\tdata-title=\"apolline_19\"\n\t\t\t\tdata-description=\" \"\n\t\t\t\tdata-image-slug=\"apolline_19\"\n\t\t\t\tclass=\"ngg-fancybox\" rel=\"98f94a8250424e654770af887b29cdea\">\n\t\t\t\t<img\n\t\t\t\t\ttitle=\"apolline_19\"\n\t\t\t\t\talt=\"apolline_19\"\n\t\t\t\t\tsrc=\"https:\/\/www.prouvy.be\/wp-content\/gallery\/restauration-de-saint-apolline\/thumbs\/thumbs_apolline_19.jpg\"\n\t\t\t\t\twidth=\"120\"\n\t\t\t\t\theight=\"90\"\n\t\t\t\t\tstyle=\"max-width:100%;\"\n\t\t\t\t\/>\n\t\t\t<\/a>\n\t\t<\/div>\n\t\t\t\t\t\t\t<\/div>\n\t\t\t\n\t\t\n\t\t\t\t<div id=\"ngg-image-7\" class=\"ngg-gallery-thumbnail-box\"\n\t\t\t\t\t\t\t\t\t\t\t>\n\t\t\t\t\t\t<div class=\"ngg-gallery-thumbnail\">\n\t\t\t<a href=\"https:\/\/www.prouvy.be\/wp-content\/gallery\/restauration-de-saint-apolline\/apolline_18.jpg\"\n\t\t\t\ttitle=\" \"\n\t\t\t\tdata-src=\"https:\/\/www.prouvy.be\/wp-content\/gallery\/restauration-de-saint-apolline\/apolline_18.jpg\"\n\t\t\t\tdata-thumbnail=\"https:\/\/www.prouvy.be\/wp-content\/gallery\/restauration-de-saint-apolline\/thumbs\/thumbs_apolline_18.jpg\"\n\t\t\t\tdata-image-id=\"477\"\n\t\t\t\tdata-title=\"apolline_18\"\n\t\t\t\tdata-description=\" \"\n\t\t\t\tdata-image-slug=\"apolline_18\"\n\t\t\t\tclass=\"ngg-fancybox\" rel=\"98f94a8250424e654770af887b29cdea\">\n\t\t\t\t<img\n\t\t\t\t\ttitle=\"apolline_18\"\n\t\t\t\t\talt=\"apolline_18\"\n\t\t\t\t\tsrc=\"https:\/\/www.prouvy.be\/wp-content\/gallery\/restauration-de-saint-apolline\/thumbs\/thumbs_apolline_18.jpg\"\n\t\t\t\t\twidth=\"120\"\n\t\t\t\t\theight=\"90\"\n\t\t\t\t\tstyle=\"max-width:100%;\"\n\t\t\t\t\/>\n\t\t\t<\/a>\n\t\t<\/div>\n\t\t\t\t\t\t\t<\/div>\n\t\t\t\n\t\t\n\t\t\t\t<div id=\"ngg-image-8\" class=\"ngg-gallery-thumbnail-box\"\n\t\t\t\t\t\t\t\t\t\t\t>\n\t\t\t\t\t\t<div class=\"ngg-gallery-thumbnail\">\n\t\t\t<a href=\"https:\/\/www.prouvy.be\/wp-content\/gallery\/restauration-de-saint-apolline\/apolline_17.jpg\"\n\t\t\t\ttitle=\" \"\n\t\t\t\tdata-src=\"https:\/\/www.prouvy.be\/wp-content\/gallery\/restauration-de-saint-apolline\/apolline_17.jpg\"\n\t\t\t\tdata-thumbnail=\"https:\/\/www.prouvy.be\/wp-content\/gallery\/restauration-de-saint-apolline\/thumbs\/thumbs_apolline_17.jpg\"\n\t\t\t\tdata-image-id=\"476\"\n\t\t\t\tdata-title=\"apolline_17\"\n\t\t\t\tdata-description=\" \"\n\t\t\t\tdata-image-slug=\"apolline_17\"\n\t\t\t\tclass=\"ngg-fancybox\" rel=\"98f94a8250424e654770af887b29cdea\">\n\t\t\t\t<img\n\t\t\t\t\ttitle=\"apolline_17\"\n\t\t\t\t\talt=\"apolline_17\"\n\t\t\t\t\tsrc=\"https:\/\/www.prouvy.be\/wp-content\/gallery\/restauration-de-saint-apolline\/thumbs\/thumbs_apolline_17.jpg\"\n\t\t\t\t\twidth=\"120\"\n\t\t\t\t\theight=\"90\"\n\t\t\t\t\tstyle=\"max-width:100%;\"\n\t\t\t\t\/>\n\t\t\t<\/a>\n\t\t<\/div>\n\t\t\t\t\t\t\t<\/div>\n\t\t\t\n\t\t\n\t\t\t\t<div id=\"ngg-image-9\" class=\"ngg-gallery-thumbnail-box\"\n\t\t\t\t\t\t\t\t\t\t\t>\n\t\t\t\t\t\t<div class=\"ngg-gallery-thumbnail\">\n\t\t\t<a href=\"https:\/\/www.prouvy.be\/wp-content\/gallery\/restauration-de-saint-apolline\/apolline_07.jpg\"\n\t\t\t\ttitle=\"\"\n\t\t\t\tdata-src=\"https:\/\/www.prouvy.be\/wp-content\/gallery\/restauration-de-saint-apolline\/apolline_07.jpg\"\n\t\t\t\tdata-thumbnail=\"https:\/\/www.prouvy.be\/wp-content\/gallery\/restauration-de-saint-apolline\/thumbs\/thumbs_apolline_07.jpg\"\n\t\t\t\tdata-image-id=\"466\"\n\t\t\t\tdata-title=\"apolline_07\"\n\t\t\t\tdata-description=\"\"\n\t\t\t\tdata-image-slug=\"apolline_07\"\n\t\t\t\tclass=\"ngg-fancybox\" rel=\"98f94a8250424e654770af887b29cdea\">\n\t\t\t\t<img\n\t\t\t\t\ttitle=\"apolline_07\"\n\t\t\t\t\talt=\"apolline_07\"\n\t\t\t\t\tsrc=\"https:\/\/www.prouvy.be\/wp-content\/gallery\/restauration-de-saint-apolline\/thumbs\/thumbs_apolline_07.jpg\"\n\t\t\t\t\twidth=\"120\"\n\t\t\t\t\theight=\"90\"\n\t\t\t\t\tstyle=\"max-width:100%;\"\n\t\t\t\t\/>\n\t\t\t<\/a>\n\t\t<\/div>\n\t\t\t\t\t\t\t<\/div>\n\t\t\t\n\t\t\n\t\t\t\t<div id=\"ngg-image-10\" class=\"ngg-gallery-thumbnail-box\"\n\t\t\t\t\t\t\t\t\t\t\t>\n\t\t\t\t\t\t<div class=\"ngg-gallery-thumbnail\">\n\t\t\t<a href=\"https:\/\/www.prouvy.be\/wp-content\/gallery\/restauration-de-saint-apolline\/apolline_15.jpg\"\n\t\t\t\ttitle=\" \"\n\t\t\t\tdata-src=\"https:\/\/www.prouvy.be\/wp-content\/gallery\/restauration-de-saint-apolline\/apolline_15.jpg\"\n\t\t\t\tdata-thumbnail=\"https:\/\/www.prouvy.be\/wp-content\/gallery\/restauration-de-saint-apolline\/thumbs\/thumbs_apolline_15.jpg\"\n\t\t\t\tdata-image-id=\"474\"\n\t\t\t\tdata-title=\"apolline_15\"\n\t\t\t\tdata-description=\" \"\n\t\t\t\tdata-image-slug=\"apolline_15\"\n\t\t\t\tclass=\"ngg-fancybox\" rel=\"98f94a8250424e654770af887b29cdea\">\n\t\t\t\t<img\n\t\t\t\t\ttitle=\"apolline_15\"\n\t\t\t\t\talt=\"apolline_15\"\n\t\t\t\t\tsrc=\"https:\/\/www.prouvy.be\/wp-content\/gallery\/restauration-de-saint-apolline\/thumbs\/thumbs_apolline_15.jpg\"\n\t\t\t\t\twidth=\"120\"\n\t\t\t\t\theight=\"90\"\n\t\t\t\t\tstyle=\"max-width:100%;\"\n\t\t\t\t\/>\n\t\t\t<\/a>\n\t\t<\/div>\n\t\t\t\t\t\t\t<\/div>\n\t\t\t\n\t\t\n\t\t\t\t<div id=\"ngg-image-11\" class=\"ngg-gallery-thumbnail-box\"\n\t\t\t\t\t\t\t\t\t\t\t>\n\t\t\t\t\t\t<div class=\"ngg-gallery-thumbnail\">\n\t\t\t<a href=\"https:\/\/www.prouvy.be\/wp-content\/gallery\/restauration-de-saint-apolline\/apolline_14.jpg\"\n\t\t\t\ttitle=\" \"\n\t\t\t\tdata-src=\"https:\/\/www.prouvy.be\/wp-content\/gallery\/restauration-de-saint-apolline\/apolline_14.jpg\"\n\t\t\t\tdata-thumbnail=\"https:\/\/www.prouvy.be\/wp-content\/gallery\/restauration-de-saint-apolline\/thumbs\/thumbs_apolline_14.jpg\"\n\t\t\t\tdata-image-id=\"473\"\n\t\t\t\tdata-title=\"apolline_14\"\n\t\t\t\tdata-description=\" \"\n\t\t\t\tdata-image-slug=\"apolline_14\"\n\t\t\t\tclass=\"ngg-fancybox\" rel=\"98f94a8250424e654770af887b29cdea\">\n\t\t\t\t<img\n\t\t\t\t\ttitle=\"apolline_14\"\n\t\t\t\t\talt=\"apolline_14\"\n\t\t\t\t\tsrc=\"https:\/\/www.prouvy.be\/wp-content\/gallery\/restauration-de-saint-apolline\/thumbs\/thumbs_apolline_14.jpg\"\n\t\t\t\t\twidth=\"120\"\n\t\t\t\t\theight=\"90\"\n\t\t\t\t\tstyle=\"max-width:100%;\"\n\t\t\t\t\/>\n\t\t\t<\/a>\n\t\t<\/div>\n\t\t\t\t\t\t\t<\/div>\n\t\t\t\n\t\t\n\t\t\t\t<div id=\"ngg-image-12\" class=\"ngg-gallery-thumbnail-box\"\n\t\t\t\t\t\t\t\t\t\t\t>\n\t\t\t\t\t\t<div class=\"ngg-gallery-thumbnail\">\n\t\t\t<a href=\"https:\/\/www.prouvy.be\/wp-content\/gallery\/restauration-de-saint-apolline\/apolline_13.jpg\"\n\t\t\t\ttitle=\" \"\n\t\t\t\tdata-src=\"https:\/\/www.prouvy.be\/wp-content\/gallery\/restauration-de-saint-apolline\/apolline_13.jpg\"\n\t\t\t\tdata-thumbnail=\"https:\/\/www.prouvy.be\/wp-content\/gallery\/restauration-de-saint-apolline\/thumbs\/thumbs_apolline_13.jpg\"\n\t\t\t\tdata-image-id=\"472\"\n\t\t\t\tdata-title=\"apolline_13\"\n\t\t\t\tdata-description=\" \"\n\t\t\t\tdata-image-slug=\"apolline_13\"\n\t\t\t\tclass=\"ngg-fancybox\" rel=\"98f94a8250424e654770af887b29cdea\">\n\t\t\t\t<img\n\t\t\t\t\ttitle=\"apolline_13\"\n\t\t\t\t\talt=\"apolline_13\"\n\t\t\t\t\tsrc=\"https:\/\/www.prouvy.be\/wp-content\/gallery\/restauration-de-saint-apolline\/thumbs\/thumbs_apolline_13.jpg\"\n\t\t\t\t\twidth=\"120\"\n\t\t\t\t\theight=\"90\"\n\t\t\t\t\tstyle=\"max-width:100%;\"\n\t\t\t\t\/>\n\t\t\t<\/a>\n\t\t<\/div>\n\t\t\t\t\t\t\t<\/div>\n\t\t\t\n\t\t\n\t\t\t\t<div id=\"ngg-image-13\" class=\"ngg-gallery-thumbnail-box\"\n\t\t\t\t\t\t\t\t\t\t\t>\n\t\t\t\t\t\t<div class=\"ngg-gallery-thumbnail\">\n\t\t\t<a href=\"https:\/\/www.prouvy.be\/wp-content\/gallery\/restauration-de-saint-apolline\/apolline_12.jpg\"\n\t\t\t\ttitle=\" \"\n\t\t\t\tdata-src=\"https:\/\/www.prouvy.be\/wp-content\/gallery\/restauration-de-saint-apolline\/apolline_12.jpg\"\n\t\t\t\tdata-thumbnail=\"https:\/\/www.prouvy.be\/wp-content\/gallery\/restauration-de-saint-apolline\/thumbs\/thumbs_apolline_12.jpg\"\n\t\t\t\tdata-image-id=\"471\"\n\t\t\t\tdata-title=\"apolline_12\"\n\t\t\t\tdata-description=\" \"\n\t\t\t\tdata-image-slug=\"apolline_12\"\n\t\t\t\tclass=\"ngg-fancybox\" rel=\"98f94a8250424e654770af887b29cdea\">\n\t\t\t\t<img\n\t\t\t\t\ttitle=\"apolline_12\"\n\t\t\t\t\talt=\"apolline_12\"\n\t\t\t\t\tsrc=\"https:\/\/www.prouvy.be\/wp-content\/gallery\/restauration-de-saint-apolline\/thumbs\/thumbs_apolline_12.jpg\"\n\t\t\t\t\twidth=\"120\"\n\t\t\t\t\theight=\"90\"\n\t\t\t\t\tstyle=\"max-width:100%;\"\n\t\t\t\t\/>\n\t\t\t<\/a>\n\t\t<\/div>\n\t\t\t\t\t\t\t<\/div>\n\t\t\t\n\t\t\n\t\t\t\t<div id=\"ngg-image-14\" class=\"ngg-gallery-thumbnail-box\"\n\t\t\t\t\t\t\t\t\t\t\t>\n\t\t\t\t\t\t<div class=\"ngg-gallery-thumbnail\">\n\t\t\t<a href=\"https:\/\/www.prouvy.be\/wp-content\/gallery\/restauration-de-saint-apolline\/apolline_11.jpg\"\n\t\t\t\ttitle=\" \"\n\t\t\t\tdata-src=\"https:\/\/www.prouvy.be\/wp-content\/gallery\/restauration-de-saint-apolline\/apolline_11.jpg\"\n\t\t\t\tdata-thumbnail=\"https:\/\/www.prouvy.be\/wp-content\/gallery\/restauration-de-saint-apolline\/thumbs\/thumbs_apolline_11.jpg\"\n\t\t\t\tdata-image-id=\"470\"\n\t\t\t\tdata-title=\"apolline_11\"\n\t\t\t\tdata-description=\" \"\n\t\t\t\tdata-image-slug=\"apolline_11\"\n\t\t\t\tclass=\"ngg-fancybox\" rel=\"98f94a8250424e654770af887b29cdea\">\n\t\t\t\t<img\n\t\t\t\t\ttitle=\"apolline_11\"\n\t\t\t\t\talt=\"apolline_11\"\n\t\t\t\t\tsrc=\"https:\/\/www.prouvy.be\/wp-content\/gallery\/restauration-de-saint-apolline\/thumbs\/thumbs_apolline_11.jpg\"\n\t\t\t\t\twidth=\"120\"\n\t\t\t\t\theight=\"90\"\n\t\t\t\t\tstyle=\"max-width:100%;\"\n\t\t\t\t\/>\n\t\t\t<\/a>\n\t\t<\/div>\n\t\t\t\t\t\t\t<\/div>\n\t\t\t\n\t\t\n\t\t\t\t<div id=\"ngg-image-15\" class=\"ngg-gallery-thumbnail-box\"\n\t\t\t\t\t\t\t\t\t\t\t>\n\t\t\t\t\t\t<div class=\"ngg-gallery-thumbnail\">\n\t\t\t<a href=\"https:\/\/www.prouvy.be\/wp-content\/gallery\/restauration-de-saint-apolline\/apolline_10.jpg\"\n\t\t\t\ttitle=\" \"\n\t\t\t\tdata-src=\"https:\/\/www.prouvy.be\/wp-content\/gallery\/restauration-de-saint-apolline\/apolline_10.jpg\"\n\t\t\t\tdata-thumbnail=\"https:\/\/www.prouvy.be\/wp-content\/gallery\/restauration-de-saint-apolline\/thumbs\/thumbs_apolline_10.jpg\"\n\t\t\t\tdata-image-id=\"469\"\n\t\t\t\tdata-title=\"apolline_10\"\n\t\t\t\tdata-description=\" \"\n\t\t\t\tdata-image-slug=\"apolline_10\"\n\t\t\t\tclass=\"ngg-fancybox\" rel=\"98f94a8250424e654770af887b29cdea\">\n\t\t\t\t<img\n\t\t\t\t\ttitle=\"apolline_10\"\n\t\t\t\t\talt=\"apolline_10\"\n\t\t\t\t\tsrc=\"https:\/\/www.prouvy.be\/wp-content\/gallery\/restauration-de-saint-apolline\/thumbs\/thumbs_apolline_10.jpg\"\n\t\t\t\t\twidth=\"120\"\n\t\t\t\t\theight=\"90\"\n\t\t\t\t\tstyle=\"max-width:100%;\"\n\t\t\t\t\/>\n\t\t\t<\/a>\n\t\t<\/div>\n\t\t\t\t\t\t\t<\/div>\n\t\t\t\n\t\t\n\t\t\t\t<div id=\"ngg-image-16\" class=\"ngg-gallery-thumbnail-box\"\n\t\t\t\t\t\t\t\t\t\t\t>\n\t\t\t\t\t\t<div class=\"ngg-gallery-thumbnail\">\n\t\t\t<a href=\"https:\/\/www.prouvy.be\/wp-content\/gallery\/restauration-de-saint-apolline\/apolline_09.jpg\"\n\t\t\t\ttitle=\" \"\n\t\t\t\tdata-src=\"https:\/\/www.prouvy.be\/wp-content\/gallery\/restauration-de-saint-apolline\/apolline_09.jpg\"\n\t\t\t\tdata-thumbnail=\"https:\/\/www.prouvy.be\/wp-content\/gallery\/restauration-de-saint-apolline\/thumbs\/thumbs_apolline_09.jpg\"\n\t\t\t\tdata-image-id=\"468\"\n\t\t\t\tdata-title=\"apolline_09\"\n\t\t\t\tdata-description=\" \"\n\t\t\t\tdata-image-slug=\"apolline_09\"\n\t\t\t\tclass=\"ngg-fancybox\" rel=\"98f94a8250424e654770af887b29cdea\">\n\t\t\t\t<img\n\t\t\t\t\ttitle=\"apolline_09\"\n\t\t\t\t\talt=\"apolline_09\"\n\t\t\t\t\tsrc=\"https:\/\/www.prouvy.be\/wp-content\/gallery\/restauration-de-saint-apolline\/thumbs\/thumbs_apolline_09.jpg\"\n\t\t\t\t\twidth=\"120\"\n\t\t\t\t\theight=\"90\"\n\t\t\t\t\tstyle=\"max-width:100%;\"\n\t\t\t\t\/>\n\t\t\t<\/a>\n\t\t<\/div>\n\t\t\t\t\t\t\t<\/div>\n\t\t\t\n\t\t\n\t\t\t\t<div id=\"ngg-image-17\" class=\"ngg-gallery-thumbnail-box\"\n\t\t\t\t\t\t\t\t\t\t\t>\n\t\t\t\t\t\t<div class=\"ngg-gallery-thumbnail\">\n\t\t\t<a href=\"https:\/\/www.prouvy.be\/wp-content\/gallery\/restauration-de-saint-apolline\/apolline_08.jpg\"\n\t\t\t\ttitle=\" \"\n\t\t\t\tdata-src=\"https:\/\/www.prouvy.be\/wp-content\/gallery\/restauration-de-saint-apolline\/apolline_08.jpg\"\n\t\t\t\tdata-thumbnail=\"https:\/\/www.prouvy.be\/wp-content\/gallery\/restauration-de-saint-apolline\/thumbs\/thumbs_apolline_08.jpg\"\n\t\t\t\tdata-image-id=\"467\"\n\t\t\t\tdata-title=\"apolline_08\"\n\t\t\t\tdata-description=\" \"\n\t\t\t\tdata-image-slug=\"apolline_08\"\n\t\t\t\tclass=\"ngg-fancybox\" rel=\"98f94a8250424e654770af887b29cdea\">\n\t\t\t\t<img\n\t\t\t\t\ttitle=\"apolline_08\"\n\t\t\t\t\talt=\"apolline_08\"\n\t\t\t\t\tsrc=\"https:\/\/www.prouvy.be\/wp-content\/gallery\/restauration-de-saint-apolline\/thumbs\/thumbs_apolline_08.jpg\"\n\t\t\t\t\twidth=\"120\"\n\t\t\t\t\theight=\"90\"\n\t\t\t\t\tstyle=\"max-width:100%;\"\n\t\t\t\t\/>\n\t\t\t<\/a>\n\t\t<\/div>\n\t\t\t\t\t\t\t<\/div>\n\t\t\t\n\t\t\n\t\t\n\t\t<!-- Pagination -->\n\t\t<div class='ngg-clear'><\/div>\t<\/div>\n<\/p>\n","protected":false},"excerpt":{"rendered":"<p>Samedi 15 mars 2008, bien aid\u00e9 par une grue, l\u2019ancienne croix a \u00e9t\u00e9 d\u00e9terr\u00e9e et la nouvelle install\u00e9e. Quelques photos de cette journ\u00e9e ci-dessous. [Show slideshow]<\/p>\n","protected":false},"author":1,"featured_media":1553,"parent":1509,"menu_order":0,"comment_status":"open","ping_status":"open","template":"","meta":{"ngg_post_thumbnail":0,"footnotes":""},"class_list":["post-1513","page","type-page","status-publish","has-post-thumbnail","hentry"],"post_mailing_queue_ids":[],"_links":{"self":[{"href":"https:\/\/www.prouvy.be\/index.php?rest_route=\/wp\/v2\/pages\/1513","targetHints":{"allow":["GET"]}}],"collection":[{"href":"https:\/\/www.prouvy.be\/index.php?rest_route=\/wp\/v2\/pages"}],"about":[{"href":"https:\/\/www.prouvy.be\/index.php?rest_route=\/wp\/v2\/types\/page"}],"author":[{"embeddable":true,"href":"https:\/\/www.prouvy.be\/index.php?rest_route=\/wp\/v2\/users\/1"}],"replies":[{"embeddable":true,"href":"https:\/\/www.prouvy.be\/index.php?rest_route=%2Fwp%2Fv2%2Fcomments&post=1513"}],"version-history":[{"count":1,"href":"https:\/\/www.prouvy.be\/index.php?rest_route=\/wp\/v2\/pages\/1513\/revisions"}],"predecessor-version":[{"id":1554,"href":"https:\/\/www.prouvy.be\/index.php?rest_route=\/wp\/v2\/pages\/1513\/revisions\/1554"}],"up":[{"embeddable":true,"href":"https:\/\/www.prouvy.be\/index.php?rest_route=\/wp\/v2\/pages\/1509"}],"wp:featuredmedia":[{"embeddable":true,"href":"https:\/\/www.prouvy.be\/index.php?rest_route=\/wp\/v2\/media\/1553"}],"wp:attachment":[{"href":"https:\/\/www.prouvy.be\/index.php?rest_route=%2Fwp%2Fv2%2Fmedia&parent=1513"}],"curies":[{"name":"wp","href":"https:\/\/api.w.org\/{rel}","templated":true}]}}