{"id":1495,"date":"2014-11-17T21:57:50","date_gmt":"2014-11-17T19:57:50","guid":{"rendered":"http:\/\/new.prouvy.be\/?page_id=1495"},"modified":"2014-11-17T21:59:02","modified_gmt":"2014-11-17T19:59:02","slug":"carnaval-du-cdj-a-bellefontaine","status":"publish","type":"page","link":"https:\/\/www.prouvy.be\/?page_id=1495","title":{"rendered":"Carnaval du CDJ \u00e0 Bellefontaine"},"content":{"rendered":"<div id=\"fb-root\"><\/div>\n<p>Th\u00e8me de cette ann\u00e9e, Les Bronz\u00e9s font du ski.<\/p>\n<p><!-- index.php -->\n<div\n\tclass=\"ngg-galleryoverview\n\t ngg-ajax-pagination-none\t\"\n\tid=\"ngg-gallery-706ead2ae14cbedc5db94da0deae1f7e-1\">\n\n\t\t<div class=\"slideshowlink\">\n\t\t<a href='https:\/\/www.prouvy.be\/index.php\/nggallery\/slideshow?page_id=1495'>[Show slideshow]<\/a>\n\n\t<\/div>\n\t\t\t<!-- Thumbnails -->\n\t\t\t\t<div id=\"ngg-image-0\" class=\"ngg-gallery-thumbnail-box\"\n\t\t\t\t\t\t\t\t\t\t\t>\n\t\t\t\t\t\t<div class=\"ngg-gallery-thumbnail\">\n\t\t\t<a href=\"https:\/\/www.prouvy.be\/wp-content\/gallery\/carnaval-du-cdj-a-bellefontaine-1\/carnaval_2008_01.jpg\"\n\t\t\t\ttitle=\"\"\n\t\t\t\tdata-src=\"https:\/\/www.prouvy.be\/wp-content\/gallery\/carnaval-du-cdj-a-bellefontaine-1\/carnaval_2008_01.jpg\"\n\t\t\t\tdata-thumbnail=\"https:\/\/www.prouvy.be\/wp-content\/gallery\/carnaval-du-cdj-a-bellefontaine-1\/thumbs\/thumbs_carnaval_2008_01.jpg\"\n\t\t\t\tdata-image-id=\"462\"\n\t\t\t\tdata-title=\"carnaval_2008_01\"\n\t\t\t\tdata-description=\"\"\n\t\t\t\tdata-image-slug=\"carnaval_2008_01\"\n\t\t\t\tclass=\"ngg-fancybox\" rel=\"706ead2ae14cbedc5db94da0deae1f7e\">\n\t\t\t\t<img\n\t\t\t\t\ttitle=\"carnaval_2008_01\"\n\t\t\t\t\talt=\"carnaval_2008_01\"\n\t\t\t\t\tsrc=\"https:\/\/www.prouvy.be\/wp-content\/gallery\/carnaval-du-cdj-a-bellefontaine-1\/thumbs\/thumbs_carnaval_2008_01.jpg\"\n\t\t\t\t\twidth=\"120\"\n\t\t\t\t\theight=\"90\"\n\t\t\t\t\tstyle=\"max-width:100%;\"\n\t\t\t\t\/>\n\t\t\t<\/a>\n\t\t<\/div>\n\t\t\t\t\t\t\t<\/div>\n\t\t\t\n\t\t\n\t\t\t\t<div id=\"ngg-image-1\" class=\"ngg-gallery-thumbnail-box\"\n\t\t\t\t\t\t\t\t\t\t\t>\n\t\t\t\t\t\t<div class=\"ngg-gallery-thumbnail\">\n\t\t\t<a href=\"https:\/\/www.prouvy.be\/wp-content\/gallery\/carnaval-du-cdj-a-bellefontaine-1\/carnaval_2008_02.jpg\"\n\t\t\t\ttitle=\" \"\n\t\t\t\tdata-src=\"https:\/\/www.prouvy.be\/wp-content\/gallery\/carnaval-du-cdj-a-bellefontaine-1\/carnaval_2008_02.jpg\"\n\t\t\t\tdata-thumbnail=\"https:\/\/www.prouvy.be\/wp-content\/gallery\/carnaval-du-cdj-a-bellefontaine-1\/thumbs\/thumbs_carnaval_2008_02.jpg\"\n\t\t\t\tdata-image-id=\"463\"\n\t\t\t\tdata-title=\"carnaval_2008_02\"\n\t\t\t\tdata-description=\" \"\n\t\t\t\tdata-image-slug=\"carnaval_2008_02\"\n\t\t\t\tclass=\"ngg-fancybox\" rel=\"706ead2ae14cbedc5db94da0deae1f7e\">\n\t\t\t\t<img\n\t\t\t\t\ttitle=\"carnaval_2008_02\"\n\t\t\t\t\talt=\"carnaval_2008_02\"\n\t\t\t\t\tsrc=\"https:\/\/www.prouvy.be\/wp-content\/gallery\/carnaval-du-cdj-a-bellefontaine-1\/thumbs\/thumbs_carnaval_2008_02.jpg\"\n\t\t\t\t\twidth=\"120\"\n\t\t\t\t\theight=\"90\"\n\t\t\t\t\tstyle=\"max-width:100%;\"\n\t\t\t\t\/>\n\t\t\t<\/a>\n\t\t<\/div>\n\t\t\t\t\t\t\t<\/div>\n\t\t\t\n\t\t\n\t\t\t\t<div id=\"ngg-image-2\" class=\"ngg-gallery-thumbnail-box\"\n\t\t\t\t\t\t\t\t\t\t\t>\n\t\t\t\t\t\t<div class=\"ngg-gallery-thumbnail\">\n\t\t\t<a href=\"https:\/\/www.prouvy.be\/wp-content\/gallery\/carnaval-du-cdj-a-bellefontaine-1\/carnaval_2008_03.jpg\"\n\t\t\t\ttitle=\" \"\n\t\t\t\tdata-src=\"https:\/\/www.prouvy.be\/wp-content\/gallery\/carnaval-du-cdj-a-bellefontaine-1\/carnaval_2008_03.jpg\"\n\t\t\t\tdata-thumbnail=\"https:\/\/www.prouvy.be\/wp-content\/gallery\/carnaval-du-cdj-a-bellefontaine-1\/thumbs\/thumbs_carnaval_2008_03.jpg\"\n\t\t\t\tdata-image-id=\"464\"\n\t\t\t\tdata-title=\"carnaval_2008_03\"\n\t\t\t\tdata-description=\" \"\n\t\t\t\tdata-image-slug=\"carnaval_2008_03\"\n\t\t\t\tclass=\"ngg-fancybox\" rel=\"706ead2ae14cbedc5db94da0deae1f7e\">\n\t\t\t\t<img\n\t\t\t\t\ttitle=\"carnaval_2008_03\"\n\t\t\t\t\talt=\"carnaval_2008_03\"\n\t\t\t\t\tsrc=\"https:\/\/www.prouvy.be\/wp-content\/gallery\/carnaval-du-cdj-a-bellefontaine-1\/thumbs\/thumbs_carnaval_2008_03.jpg\"\n\t\t\t\t\twidth=\"120\"\n\t\t\t\t\theight=\"90\"\n\t\t\t\t\tstyle=\"max-width:100%;\"\n\t\t\t\t\/>\n\t\t\t<\/a>\n\t\t<\/div>\n\t\t\t\t\t\t\t<\/div>\n\t\t\t\n\t\t\n\t\t\t\t<div id=\"ngg-image-3\" class=\"ngg-gallery-thumbnail-box\"\n\t\t\t\t\t\t\t\t\t\t\t>\n\t\t\t\t\t\t<div class=\"ngg-gallery-thumbnail\">\n\t\t\t<a href=\"https:\/\/www.prouvy.be\/wp-content\/gallery\/carnaval-du-cdj-a-bellefontaine-1\/carnaval_2008_04.jpg\"\n\t\t\t\ttitle=\" \"\n\t\t\t\tdata-src=\"https:\/\/www.prouvy.be\/wp-content\/gallery\/carnaval-du-cdj-a-bellefontaine-1\/carnaval_2008_04.jpg\"\n\t\t\t\tdata-thumbnail=\"https:\/\/www.prouvy.be\/wp-content\/gallery\/carnaval-du-cdj-a-bellefontaine-1\/thumbs\/thumbs_carnaval_2008_04.jpg\"\n\t\t\t\tdata-image-id=\"465\"\n\t\t\t\tdata-title=\"carnaval_2008_04\"\n\t\t\t\tdata-description=\" \"\n\t\t\t\tdata-image-slug=\"carnaval_2008_04\"\n\t\t\t\tclass=\"ngg-fancybox\" rel=\"706ead2ae14cbedc5db94da0deae1f7e\">\n\t\t\t\t<img\n\t\t\t\t\ttitle=\"carnaval_2008_04\"\n\t\t\t\t\talt=\"carnaval_2008_04\"\n\t\t\t\t\tsrc=\"https:\/\/www.prouvy.be\/wp-content\/gallery\/carnaval-du-cdj-a-bellefontaine-1\/thumbs\/thumbs_carnaval_2008_04.jpg\"\n\t\t\t\t\twidth=\"120\"\n\t\t\t\t\theight=\"90\"\n\t\t\t\t\tstyle=\"max-width:100%;\"\n\t\t\t\t\/>\n\t\t\t<\/a>\n\t\t<\/div>\n\t\t\t\t\t\t\t<\/div>\n\t\t\t\n\t\t\n\t\t\n\t\t<!-- Pagination -->\n\t\t<div class='ngg-clear'><\/div>\t<\/div>\n<\/p>\n","protected":false},"excerpt":{"rendered":"<p>Th\u00e8me de cette ann\u00e9e, Les Bronz\u00e9s font du ski. [Show slideshow]<\/p>\n","protected":false},"author":1,"featured_media":1507,"parent":1509,"menu_order":0,"comment_status":"open","ping_status":"open","template":"","meta":{"ngg_post_thumbnail":0,"footnotes":""},"class_list":["post-1495","page","type-page","status-publish","has-post-thumbnail","hentry"],"post_mailing_queue_ids":[],"_links":{"self":[{"href":"https:\/\/www.prouvy.be\/index.php?rest_route=\/wp\/v2\/pages\/1495","targetHints":{"allow":["GET"]}}],"collection":[{"href":"https:\/\/www.prouvy.be\/index.php?rest_route=\/wp\/v2\/pages"}],"about":[{"href":"https:\/\/www.prouvy.be\/index.php?rest_route=\/wp\/v2\/types\/page"}],"author":[{"embeddable":true,"href":"https:\/\/www.prouvy.be\/index.php?rest_route=\/wp\/v2\/users\/1"}],"replies":[{"embeddable":true,"href":"https:\/\/www.prouvy.be\/index.php?rest_route=%2Fwp%2Fv2%2Fcomments&post=1495"}],"version-history":[{"count":1,"href":"https:\/\/www.prouvy.be\/index.php?rest_route=\/wp\/v2\/pages\/1495\/revisions"}],"predecessor-version":[{"id":1508,"href":"https:\/\/www.prouvy.be\/index.php?rest_route=\/wp\/v2\/pages\/1495\/revisions\/1508"}],"up":[{"embeddable":true,"href":"https:\/\/www.prouvy.be\/index.php?rest_route=\/wp\/v2\/pages\/1509"}],"wp:featuredmedia":[{"embeddable":true,"href":"https:\/\/www.prouvy.be\/index.php?rest_route=\/wp\/v2\/media\/1507"}],"wp:attachment":[{"href":"https:\/\/www.prouvy.be\/index.php?rest_route=%2Fwp%2Fv2%2Fmedia&parent=1495"}],"curies":[{"name":"wp","href":"https:\/\/api.w.org\/{rel}","templated":true}]}}