{"id":1480,"date":"2014-11-17T21:41:41","date_gmt":"2014-11-17T19:41:41","guid":{"rendered":"http:\/\/new.prouvy.be\/?page_id=1480"},"modified":"2014-11-17T21:58:45","modified_gmt":"2014-11-17T19:58:45","slug":"operation-village-propre","status":"publish","type":"page","link":"https:\/\/www.prouvy.be\/?page_id=1480","title":{"rendered":"Op\u00e9ration village propre"},"content":{"rendered":"<div id=\"fb-root\"><\/div>\n<p>Comme chaque printemps depuis 2003, un bon groupe de Provon\u00e7ois(es), s\u2019est mobilis\u00e9 afin de rendre notre village et ses environs propres.<\/p>\n<p>Une bonne quantit\u00e9 d\u2019ordures ont encore \u00e9t\u00e9 ramass\u00e9es. Des d\u00e9pots clandestins ont m\u00eame \u00e9t\u00e9 d\u00e9couverts. Ceux-ci ont \u00e9t\u00e9 signal\u00e9s \u00e0 la Commune pour qu\u2019un nettoyage en profondeur soit r\u00e9alis\u00e9.<\/p>\n<p>Cette ann\u00e9e en guise de remerciement, tous les b\u00e9n\u00e9voles ont re\u00e7u une fleur \u00e0 repiquer.<\/p>\n<p>En tout cas, f\u00e9licitations\u00e0 cette\u00e9quipe de b\u00e9n\u00e9voles!<\/p>\n<p>Vous trouverez les photos de cette journ\u00e9e ci-dessous:<\/p>\n<p><!-- index.php -->\n<div\n\tclass=\"ngg-galleryoverview\n\t ngg-ajax-pagination-none\t\"\n\tid=\"ngg-gallery-89e707ba1ec1c88734550e836d700449-1\">\n\n\t\t<div class=\"slideshowlink\">\n\t\t<a href='https:\/\/www.prouvy.be\/index.php\/nggallery\/slideshow?page_id=1480'>[Show slideshow]<\/a>\n\n\t<\/div>\n\t\t\t<!-- Thumbnails -->\n\t\t\t\t<div id=\"ngg-image-0\" class=\"ngg-gallery-thumbnail-box\"\n\t\t\t\t\t\t\t\t\t\t\t>\n\t\t\t\t\t\t<div class=\"ngg-gallery-thumbnail\">\n\t\t\t<a href=\"https:\/\/www.prouvy.be\/wp-content\/gallery\/operation-village-propre-2008\/propre_2008_01.jpg\"\n\t\t\t\ttitle=\"\"\n\t\t\t\tdata-src=\"https:\/\/www.prouvy.be\/wp-content\/gallery\/operation-village-propre-2008\/propre_2008_01.jpg\"\n\t\t\t\tdata-thumbnail=\"https:\/\/www.prouvy.be\/wp-content\/gallery\/operation-village-propre-2008\/thumbs\/thumbs_propre_2008_01.jpg\"\n\t\t\t\tdata-image-id=\"459\"\n\t\t\t\tdata-title=\"propre_2008_01\"\n\t\t\t\tdata-description=\"\"\n\t\t\t\tdata-image-slug=\"propre_2008_01\"\n\t\t\t\tclass=\"ngg-fancybox\" rel=\"89e707ba1ec1c88734550e836d700449\">\n\t\t\t\t<img\n\t\t\t\t\ttitle=\"propre_2008_01\"\n\t\t\t\t\talt=\"propre_2008_01\"\n\t\t\t\t\tsrc=\"https:\/\/www.prouvy.be\/wp-content\/gallery\/operation-village-propre-2008\/thumbs\/thumbs_propre_2008_01.jpg\"\n\t\t\t\t\twidth=\"120\"\n\t\t\t\t\theight=\"90\"\n\t\t\t\t\tstyle=\"max-width:100%;\"\n\t\t\t\t\/>\n\t\t\t<\/a>\n\t\t<\/div>\n\t\t\t\t\t\t\t<\/div>\n\t\t\t\n\t\t\n\t\t\t\t<div id=\"ngg-image-1\" class=\"ngg-gallery-thumbnail-box\"\n\t\t\t\t\t\t\t\t\t\t\t>\n\t\t\t\t\t\t<div class=\"ngg-gallery-thumbnail\">\n\t\t\t<a href=\"https:\/\/www.prouvy.be\/wp-content\/gallery\/operation-village-propre-2008\/propre_2008_02.jpg\"\n\t\t\t\ttitle=\" \"\n\t\t\t\tdata-src=\"https:\/\/www.prouvy.be\/wp-content\/gallery\/operation-village-propre-2008\/propre_2008_02.jpg\"\n\t\t\t\tdata-thumbnail=\"https:\/\/www.prouvy.be\/wp-content\/gallery\/operation-village-propre-2008\/thumbs\/thumbs_propre_2008_02.jpg\"\n\t\t\t\tdata-image-id=\"460\"\n\t\t\t\tdata-title=\"propre_2008_02\"\n\t\t\t\tdata-description=\" \"\n\t\t\t\tdata-image-slug=\"propre_2008_02\"\n\t\t\t\tclass=\"ngg-fancybox\" rel=\"89e707ba1ec1c88734550e836d700449\">\n\t\t\t\t<img\n\t\t\t\t\ttitle=\"propre_2008_02\"\n\t\t\t\t\talt=\"propre_2008_02\"\n\t\t\t\t\tsrc=\"https:\/\/www.prouvy.be\/wp-content\/gallery\/operation-village-propre-2008\/thumbs\/thumbs_propre_2008_02.jpg\"\n\t\t\t\t\twidth=\"120\"\n\t\t\t\t\theight=\"90\"\n\t\t\t\t\tstyle=\"max-width:100%;\"\n\t\t\t\t\/>\n\t\t\t<\/a>\n\t\t<\/div>\n\t\t\t\t\t\t\t<\/div>\n\t\t\t\n\t\t\n\t\t\t\t<div id=\"ngg-image-2\" class=\"ngg-gallery-thumbnail-box\"\n\t\t\t\t\t\t\t\t\t\t\t>\n\t\t\t\t\t\t<div class=\"ngg-gallery-thumbnail\">\n\t\t\t<a href=\"https:\/\/www.prouvy.be\/wp-content\/gallery\/operation-village-propre-2008\/propre_2008_03.jpg\"\n\t\t\t\ttitle=\" \"\n\t\t\t\tdata-src=\"https:\/\/www.prouvy.be\/wp-content\/gallery\/operation-village-propre-2008\/propre_2008_03.jpg\"\n\t\t\t\tdata-thumbnail=\"https:\/\/www.prouvy.be\/wp-content\/gallery\/operation-village-propre-2008\/thumbs\/thumbs_propre_2008_03.jpg\"\n\t\t\t\tdata-image-id=\"461\"\n\t\t\t\tdata-title=\"propre_2008_03\"\n\t\t\t\tdata-description=\" \"\n\t\t\t\tdata-image-slug=\"propre_2008_03\"\n\t\t\t\tclass=\"ngg-fancybox\" rel=\"89e707ba1ec1c88734550e836d700449\">\n\t\t\t\t<img\n\t\t\t\t\ttitle=\"propre_2008_03\"\n\t\t\t\t\talt=\"propre_2008_03\"\n\t\t\t\t\tsrc=\"https:\/\/www.prouvy.be\/wp-content\/gallery\/operation-village-propre-2008\/thumbs\/thumbs_propre_2008_03.jpg\"\n\t\t\t\t\twidth=\"120\"\n\t\t\t\t\theight=\"90\"\n\t\t\t\t\tstyle=\"max-width:100%;\"\n\t\t\t\t\/>\n\t\t\t<\/a>\n\t\t<\/div>\n\t\t\t\t\t\t\t<\/div>\n\t\t\t\n\t\t\n\t\t\n\t\t<!-- Pagination -->\n\t\t<div class='ngg-clear'><\/div>\t<\/div>\n<\/p>\n","protected":false},"excerpt":{"rendered":"<p>Comme chaque printemps depuis 2003, un bon groupe de Provon\u00e7ois(es), s\u2019est mobilis\u00e9 afin de rendre notre village et ses environs propres. Une bonne quantit\u00e9 d\u2019ordures ont encore \u00e9t\u00e9 ramass\u00e9es. Des d\u00e9pots clandestins ont m\u00eame \u00e9t\u00e9 d\u00e9couverts. Ceux-ci ont \u00e9t\u00e9 signal\u00e9s \u00e0 la Commune pour qu\u2019un nettoyage en profondeur soit r\u00e9alis\u00e9. Cette ann\u00e9e en guise de &hellip; <a href=\"https:\/\/www.prouvy.be\/?page_id=1480\" class=\"more-link\">Continuer la lecture de <span class=\"screen-reader-text\">Op\u00e9ration village propre<\/span>  <span class=\"meta-nav\">&rarr;<\/span><\/a><\/p>\n","protected":false},"author":1,"featured_media":1492,"parent":1509,"menu_order":0,"comment_status":"open","ping_status":"open","template":"","meta":{"ngg_post_thumbnail":0,"footnotes":""},"class_list":["post-1480","page","type-page","status-publish","has-post-thumbnail","hentry"],"post_mailing_queue_ids":[],"_links":{"self":[{"href":"https:\/\/www.prouvy.be\/index.php?rest_route=\/wp\/v2\/pages\/1480","targetHints":{"allow":["GET"]}}],"collection":[{"href":"https:\/\/www.prouvy.be\/index.php?rest_route=\/wp\/v2\/pages"}],"about":[{"href":"https:\/\/www.prouvy.be\/index.php?rest_route=\/wp\/v2\/types\/page"}],"author":[{"embeddable":true,"href":"https:\/\/www.prouvy.be\/index.php?rest_route=\/wp\/v2\/users\/1"}],"replies":[{"embeddable":true,"href":"https:\/\/www.prouvy.be\/index.php?rest_route=%2Fwp%2Fv2%2Fcomments&post=1480"}],"version-history":[{"count":1,"href":"https:\/\/www.prouvy.be\/index.php?rest_route=\/wp\/v2\/pages\/1480\/revisions"}],"predecessor-version":[{"id":1493,"href":"https:\/\/www.prouvy.be\/index.php?rest_route=\/wp\/v2\/pages\/1480\/revisions\/1493"}],"up":[{"embeddable":true,"href":"https:\/\/www.prouvy.be\/index.php?rest_route=\/wp\/v2\/pages\/1509"}],"wp:featuredmedia":[{"embeddable":true,"href":"https:\/\/www.prouvy.be\/index.php?rest_route=\/wp\/v2\/media\/1492"}],"wp:attachment":[{"href":"https:\/\/www.prouvy.be\/index.php?rest_route=%2Fwp%2Fv2%2Fmedia&parent=1480"}],"curies":[{"name":"wp","href":"https:\/\/api.w.org\/{rel}","templated":true}]}}