{"id":1422,"date":"2014-11-13T22:33:08","date_gmt":"2014-11-13T20:33:08","guid":{"rendered":"http:\/\/new.prouvy.be\/?page_id=1422"},"modified":"2014-11-17T22:07:29","modified_gmt":"2014-11-17T20:07:29","slug":"restauration-du-site-de-saint-apolline","status":"publish","type":"page","link":"https:\/\/www.prouvy.be\/?page_id=1422","title":{"rendered":"Restauration du site de Saint-Apolline"},"content":{"rendered":"<div id=\"fb-root\"><\/div>\n<p>Pour r\u00e9pondre aux d\u00e9sirs des villageois, la Provon\u00e7oise a d\u00e9cid\u00e9 d\u2019encourager la restauration du site de Ste Apolline.<\/p>\n<p>Voici ce qui a \u00e9t\u00e9 convenu avec Mr et Mme Jacoby ainsi que Mme Maury.<\/p>\n<p>+ Mr et Mme Jacoby am\u00e9nage les alentours du site en m\u00eame temps que les am\u00e9nagements autour de leur maison.<\/p>\n<p>+ La Provon\u00e7oise prend \u00e0 sa charge la plantation d\u2019un platane rouge derri\u00e8re la croix.<\/p>\n<p>+ Mme Maury et son fils (Jean-Michel) installe une nouvelle croix.<\/p>\n<p>+ La Provon\u00e7oise restaure le pavement et les murs du site.<\/p>\n<p>+ La Provon\u00e7oise am\u00e9nage un sentier entre la route et le monument. Les anciennes pierres du perron du chateau seront utilis\u00e9es \u00e0 cette effet.<\/p>\n<p>+ Mr et Mme Jacoby entretiendront par la suite le site<\/p>\n<p>Le samedi 15 d\u00e9cembre 2007, par un froid sib\u00e9rien, le platane a \u00e9t\u00e9 plant\u00e9.<\/p>\n<p>Voici quelques photos.<\/p>\n<p><!-- index.php -->\n<div\n\tclass=\"ngg-galleryoverview\n\t ngg-ajax-pagination-none\t\"\n\tid=\"ngg-gallery-4646fcb31e45c4dfa8b64a8558c2efbc-1\">\n\n\t\t<div class=\"slideshowlink\">\n\t\t<a href='https:\/\/www.prouvy.be\/index.php\/nggallery\/slideshow?page_id=1422'>[Show slideshow]<\/a>\n\n\t<\/div>\n\t\t\t<!-- Thumbnails -->\n\t\t\t\t<div id=\"ngg-image-0\" class=\"ngg-gallery-thumbnail-box\"\n\t\t\t\t\t\t\t\t\t\t\t>\n\t\t\t\t\t\t<div class=\"ngg-gallery-thumbnail\">\n\t\t\t<a href=\"https:\/\/www.prouvy.be\/wp-content\/gallery\/restauration-du-site-de-saint-apolline\/apolline_01.jpg\"\n\t\t\t\ttitle=\"\"\n\t\t\t\tdata-src=\"https:\/\/www.prouvy.be\/wp-content\/gallery\/restauration-du-site-de-saint-apolline\/apolline_01.jpg\"\n\t\t\t\tdata-thumbnail=\"https:\/\/www.prouvy.be\/wp-content\/gallery\/restauration-du-site-de-saint-apolline\/thumbs\/thumbs_apolline_01.jpg\"\n\t\t\t\tdata-image-id=\"435\"\n\t\t\t\tdata-title=\"apolline_01\"\n\t\t\t\tdata-description=\"\"\n\t\t\t\tdata-image-slug=\"apolline_01-1\"\n\t\t\t\tclass=\"ngg-fancybox\" rel=\"4646fcb31e45c4dfa8b64a8558c2efbc\">\n\t\t\t\t<img\n\t\t\t\t\ttitle=\"apolline_01\"\n\t\t\t\t\talt=\"apolline_01\"\n\t\t\t\t\tsrc=\"https:\/\/www.prouvy.be\/wp-content\/gallery\/restauration-du-site-de-saint-apolline\/thumbs\/thumbs_apolline_01.jpg\"\n\t\t\t\t\twidth=\"120\"\n\t\t\t\t\theight=\"90\"\n\t\t\t\t\tstyle=\"max-width:100%;\"\n\t\t\t\t\/>\n\t\t\t<\/a>\n\t\t<\/div>\n\t\t\t\t\t\t\t<\/div>\n\t\t\t\n\t\t\n\t\t\t\t<div id=\"ngg-image-1\" class=\"ngg-gallery-thumbnail-box\"\n\t\t\t\t\t\t\t\t\t\t\t>\n\t\t\t\t\t\t<div class=\"ngg-gallery-thumbnail\">\n\t\t\t<a href=\"https:\/\/www.prouvy.be\/wp-content\/gallery\/restauration-du-site-de-saint-apolline\/apolline_02.jpg\"\n\t\t\t\ttitle=\" \"\n\t\t\t\tdata-src=\"https:\/\/www.prouvy.be\/wp-content\/gallery\/restauration-du-site-de-saint-apolline\/apolline_02.jpg\"\n\t\t\t\tdata-thumbnail=\"https:\/\/www.prouvy.be\/wp-content\/gallery\/restauration-du-site-de-saint-apolline\/thumbs\/thumbs_apolline_02.jpg\"\n\t\t\t\tdata-image-id=\"436\"\n\t\t\t\tdata-title=\"apolline_02\"\n\t\t\t\tdata-description=\" \"\n\t\t\t\tdata-image-slug=\"apolline_02-1\"\n\t\t\t\tclass=\"ngg-fancybox\" rel=\"4646fcb31e45c4dfa8b64a8558c2efbc\">\n\t\t\t\t<img\n\t\t\t\t\ttitle=\"apolline_02\"\n\t\t\t\t\talt=\"apolline_02\"\n\t\t\t\t\tsrc=\"https:\/\/www.prouvy.be\/wp-content\/gallery\/restauration-du-site-de-saint-apolline\/thumbs\/thumbs_apolline_02.jpg\"\n\t\t\t\t\twidth=\"120\"\n\t\t\t\t\theight=\"90\"\n\t\t\t\t\tstyle=\"max-width:100%;\"\n\t\t\t\t\/>\n\t\t\t<\/a>\n\t\t<\/div>\n\t\t\t\t\t\t\t<\/div>\n\t\t\t\n\t\t\n\t\t\t\t<div id=\"ngg-image-2\" class=\"ngg-gallery-thumbnail-box\"\n\t\t\t\t\t\t\t\t\t\t\t>\n\t\t\t\t\t\t<div class=\"ngg-gallery-thumbnail\">\n\t\t\t<a href=\"https:\/\/www.prouvy.be\/wp-content\/gallery\/restauration-du-site-de-saint-apolline\/apolline_03.jpg\"\n\t\t\t\ttitle=\" \"\n\t\t\t\tdata-src=\"https:\/\/www.prouvy.be\/wp-content\/gallery\/restauration-du-site-de-saint-apolline\/apolline_03.jpg\"\n\t\t\t\tdata-thumbnail=\"https:\/\/www.prouvy.be\/wp-content\/gallery\/restauration-du-site-de-saint-apolline\/thumbs\/thumbs_apolline_03.jpg\"\n\t\t\t\tdata-image-id=\"437\"\n\t\t\t\tdata-title=\"apolline_03\"\n\t\t\t\tdata-description=\" \"\n\t\t\t\tdata-image-slug=\"apolline_03-1\"\n\t\t\t\tclass=\"ngg-fancybox\" rel=\"4646fcb31e45c4dfa8b64a8558c2efbc\">\n\t\t\t\t<img\n\t\t\t\t\ttitle=\"apolline_03\"\n\t\t\t\t\talt=\"apolline_03\"\n\t\t\t\t\tsrc=\"https:\/\/www.prouvy.be\/wp-content\/gallery\/restauration-du-site-de-saint-apolline\/thumbs\/thumbs_apolline_03.jpg\"\n\t\t\t\t\twidth=\"120\"\n\t\t\t\t\theight=\"90\"\n\t\t\t\t\tstyle=\"max-width:100%;\"\n\t\t\t\t\/>\n\t\t\t<\/a>\n\t\t<\/div>\n\t\t\t\t\t\t\t<\/div>\n\t\t\t\n\t\t\n\t\t\t\t<div id=\"ngg-image-3\" class=\"ngg-gallery-thumbnail-box\"\n\t\t\t\t\t\t\t\t\t\t\t>\n\t\t\t\t\t\t<div class=\"ngg-gallery-thumbnail\">\n\t\t\t<a href=\"https:\/\/www.prouvy.be\/wp-content\/gallery\/restauration-du-site-de-saint-apolline\/apolline_04.jpg\"\n\t\t\t\ttitle=\" \"\n\t\t\t\tdata-src=\"https:\/\/www.prouvy.be\/wp-content\/gallery\/restauration-du-site-de-saint-apolline\/apolline_04.jpg\"\n\t\t\t\tdata-thumbnail=\"https:\/\/www.prouvy.be\/wp-content\/gallery\/restauration-du-site-de-saint-apolline\/thumbs\/thumbs_apolline_04.jpg\"\n\t\t\t\tdata-image-id=\"438\"\n\t\t\t\tdata-title=\"apolline_04\"\n\t\t\t\tdata-description=\" \"\n\t\t\t\tdata-image-slug=\"apolline_04-1\"\n\t\t\t\tclass=\"ngg-fancybox\" rel=\"4646fcb31e45c4dfa8b64a8558c2efbc\">\n\t\t\t\t<img\n\t\t\t\t\ttitle=\"apolline_04\"\n\t\t\t\t\talt=\"apolline_04\"\n\t\t\t\t\tsrc=\"https:\/\/www.prouvy.be\/wp-content\/gallery\/restauration-du-site-de-saint-apolline\/thumbs\/thumbs_apolline_04.jpg\"\n\t\t\t\t\twidth=\"120\"\n\t\t\t\t\theight=\"90\"\n\t\t\t\t\tstyle=\"max-width:100%;\"\n\t\t\t\t\/>\n\t\t\t<\/a>\n\t\t<\/div>\n\t\t\t\t\t\t\t<\/div>\n\t\t\t\n\t\t\n\t\t\t\t<div id=\"ngg-image-4\" class=\"ngg-gallery-thumbnail-box\"\n\t\t\t\t\t\t\t\t\t\t\t>\n\t\t\t\t\t\t<div class=\"ngg-gallery-thumbnail\">\n\t\t\t<a href=\"https:\/\/www.prouvy.be\/wp-content\/gallery\/restauration-du-site-de-saint-apolline\/apolline_05.jpg\"\n\t\t\t\ttitle=\" \"\n\t\t\t\tdata-src=\"https:\/\/www.prouvy.be\/wp-content\/gallery\/restauration-du-site-de-saint-apolline\/apolline_05.jpg\"\n\t\t\t\tdata-thumbnail=\"https:\/\/www.prouvy.be\/wp-content\/gallery\/restauration-du-site-de-saint-apolline\/thumbs\/thumbs_apolline_05.jpg\"\n\t\t\t\tdata-image-id=\"439\"\n\t\t\t\tdata-title=\"apolline_05\"\n\t\t\t\tdata-description=\" \"\n\t\t\t\tdata-image-slug=\"apolline_05-1\"\n\t\t\t\tclass=\"ngg-fancybox\" rel=\"4646fcb31e45c4dfa8b64a8558c2efbc\">\n\t\t\t\t<img\n\t\t\t\t\ttitle=\"apolline_05\"\n\t\t\t\t\talt=\"apolline_05\"\n\t\t\t\t\tsrc=\"https:\/\/www.prouvy.be\/wp-content\/gallery\/restauration-du-site-de-saint-apolline\/thumbs\/thumbs_apolline_05.jpg\"\n\t\t\t\t\twidth=\"120\"\n\t\t\t\t\theight=\"90\"\n\t\t\t\t\tstyle=\"max-width:100%;\"\n\t\t\t\t\/>\n\t\t\t<\/a>\n\t\t<\/div>\n\t\t\t\t\t\t\t<\/div>\n\t\t\t\n\t\t\n\t\t\t\t<div id=\"ngg-image-5\" class=\"ngg-gallery-thumbnail-box\"\n\t\t\t\t\t\t\t\t\t\t\t>\n\t\t\t\t\t\t<div class=\"ngg-gallery-thumbnail\">\n\t\t\t<a href=\"https:\/\/www.prouvy.be\/wp-content\/gallery\/restauration-du-site-de-saint-apolline\/apolline_06.jpg\"\n\t\t\t\ttitle=\" \"\n\t\t\t\tdata-src=\"https:\/\/www.prouvy.be\/wp-content\/gallery\/restauration-du-site-de-saint-apolline\/apolline_06.jpg\"\n\t\t\t\tdata-thumbnail=\"https:\/\/www.prouvy.be\/wp-content\/gallery\/restauration-du-site-de-saint-apolline\/thumbs\/thumbs_apolline_06.jpg\"\n\t\t\t\tdata-image-id=\"440\"\n\t\t\t\tdata-title=\"apolline_06\"\n\t\t\t\tdata-description=\" \"\n\t\t\t\tdata-image-slug=\"apolline_06-1\"\n\t\t\t\tclass=\"ngg-fancybox\" rel=\"4646fcb31e45c4dfa8b64a8558c2efbc\">\n\t\t\t\t<img\n\t\t\t\t\ttitle=\"apolline_06\"\n\t\t\t\t\talt=\"apolline_06\"\n\t\t\t\t\tsrc=\"https:\/\/www.prouvy.be\/wp-content\/gallery\/restauration-du-site-de-saint-apolline\/thumbs\/thumbs_apolline_06.jpg\"\n\t\t\t\t\twidth=\"120\"\n\t\t\t\t\theight=\"90\"\n\t\t\t\t\tstyle=\"max-width:100%;\"\n\t\t\t\t\/>\n\t\t\t<\/a>\n\t\t<\/div>\n\t\t\t\t\t\t\t<\/div>\n\t\t\t\n\t\t\n\t\t\n\t\t<!-- Pagination -->\n\t\t<div class='ngg-clear'><\/div>\t<\/div>\n<\/p>\n","protected":false},"excerpt":{"rendered":"<p>Pour r\u00e9pondre aux d\u00e9sirs des villageois, la Provon\u00e7oise a d\u00e9cid\u00e9 d\u2019encourager la restauration du site de Ste Apolline. Voici ce qui a \u00e9t\u00e9 convenu avec Mr et Mme Jacoby ainsi que Mme Maury. + Mr et Mme Jacoby am\u00e9nage les alentours du site en m\u00eame temps que les am\u00e9nagements autour de leur maison. + La &hellip; <a href=\"https:\/\/www.prouvy.be\/?page_id=1422\" class=\"more-link\">Continuer la lecture de <span class=\"screen-reader-text\">Restauration du site de Saint-Apolline<\/span>  <span class=\"meta-nav\">&rarr;<\/span><\/a><\/p>\n","protected":false},"author":1,"featured_media":1512,"parent":1303,"menu_order":0,"comment_status":"open","ping_status":"open","template":"","meta":{"ngg_post_thumbnail":0,"footnotes":""},"class_list":["post-1422","page","type-page","status-publish","has-post-thumbnail","hentry"],"post_mailing_queue_ids":[],"_links":{"self":[{"href":"https:\/\/www.prouvy.be\/index.php?rest_route=\/wp\/v2\/pages\/1422","targetHints":{"allow":["GET"]}}],"collection":[{"href":"https:\/\/www.prouvy.be\/index.php?rest_route=\/wp\/v2\/pages"}],"about":[{"href":"https:\/\/www.prouvy.be\/index.php?rest_route=\/wp\/v2\/types\/page"}],"author":[{"embeddable":true,"href":"https:\/\/www.prouvy.be\/index.php?rest_route=\/wp\/v2\/users\/1"}],"replies":[{"embeddable":true,"href":"https:\/\/www.prouvy.be\/index.php?rest_route=%2Fwp%2Fv2%2Fcomments&post=1422"}],"version-history":[{"count":1,"href":"https:\/\/www.prouvy.be\/index.php?rest_route=\/wp\/v2\/pages\/1422\/revisions"}],"predecessor-version":[{"id":1475,"href":"https:\/\/www.prouvy.be\/index.php?rest_route=\/wp\/v2\/pages\/1422\/revisions\/1475"}],"up":[{"embeddable":true,"href":"https:\/\/www.prouvy.be\/index.php?rest_route=\/wp\/v2\/pages\/1303"}],"wp:featuredmedia":[{"embeddable":true,"href":"https:\/\/www.prouvy.be\/index.php?rest_route=\/wp\/v2\/media\/1512"}],"wp:attachment":[{"href":"https:\/\/www.prouvy.be\/index.php?rest_route=%2Fwp%2Fv2%2Fmedia&parent=1422"}],"curies":[{"name":"wp","href":"https:\/\/api.w.org\/{rel}","templated":true}]}}