{"id":1383,"date":"2014-11-13T22:18:02","date_gmt":"2014-11-13T20:18:02","guid":{"rendered":"http:\/\/new.prouvy.be\/?page_id=1383"},"modified":"2014-11-13T22:18:02","modified_gmt":"2014-11-13T20:18:02","slug":"saint-nicolas","status":"publish","type":"page","link":"https:\/\/www.prouvy.be\/?page_id=1383","title":{"rendered":"Saint-Nicolas"},"content":{"rendered":"<div id=\"fb-root\"><\/div>\n<p>Une nouvelle fois, Saint Nicolas est venu rendre visite aux enfants de notre village le dimanche 2 d\u00e9cembre 2007.<\/p>\n<p>Cette ann\u00e9e ce sont la pluie et le vent violent qui ont perturb\u00e9 un peu l\u2019organisation.<\/p>\n<p>Avec l\u2019aide du P\u00e8re Fouettard, le Saint Patron des enfants sages a donc d\u00e9cid\u00e9 de venir en voiture.<\/p>\n<p>Ensuite le clown Popol et ses animaux ont anim\u00e9 un spectacle tr\u00e8s appr\u00e9c\u00e9.<\/p>\n<p>Tout le monde a pu participer, et on a vraiment bien rigol\u00e9.<\/p>\n<p>Apr\u00e8s une belle vol\u00e9e d\u2019applaudissements Saint-Nicolas a proc\u00e9d\u00e9 \u00e0 la distribution des friandises et des jouets.<\/p>\n<p>De l\u2019avis g\u00e9n\u00e9ral, ce fut un apr\u00e8s-midi tr\u00e8s r\u00e9ussi.<\/p>\n<p>Vivement l\u2019ann\u00e9e prochaine !<\/p>\n<p>Merci Saint Nicolas.<\/p>\n<p><!-- index.php -->\n<div\n\tclass=\"ngg-galleryoverview\n\t ngg-ajax-pagination-none\t\"\n\tid=\"ngg-gallery-e134f2d3535bc1eae51f989927e9e811-1\">\n\n\t\t<div class=\"slideshowlink\">\n\t\t<a href='https:\/\/www.prouvy.be\/index.php\/nggallery\/slideshow?page_id=1383'>[Show slideshow]<\/a>\n\n\t<\/div>\n\t\t\t<!-- Thumbnails -->\n\t\t\t\t<div id=\"ngg-image-0\" class=\"ngg-gallery-thumbnail-box\"\n\t\t\t\t\t\t\t\t\t\t\t>\n\t\t\t\t\t\t<div class=\"ngg-gallery-thumbnail\">\n\t\t\t<a href=\"https:\/\/www.prouvy.be\/wp-content\/gallery\/saint-nicolas-2007\/StNicolas_2007_01.jpg\"\n\t\t\t\ttitle=\"\"\n\t\t\t\tdata-src=\"https:\/\/www.prouvy.be\/wp-content\/gallery\/saint-nicolas-2007\/StNicolas_2007_01.jpg\"\n\t\t\t\tdata-thumbnail=\"https:\/\/www.prouvy.be\/wp-content\/gallery\/saint-nicolas-2007\/thumbs\/thumbs_StNicolas_2007_01.jpg\"\n\t\t\t\tdata-image-id=\"419\"\n\t\t\t\tdata-title=\"StNicolas_2007_01\"\n\t\t\t\tdata-description=\"\"\n\t\t\t\tdata-image-slug=\"stnicolas_2007_01\"\n\t\t\t\tclass=\"ngg-fancybox\" rel=\"e134f2d3535bc1eae51f989927e9e811\">\n\t\t\t\t<img\n\t\t\t\t\ttitle=\"StNicolas_2007_01\"\n\t\t\t\t\talt=\"StNicolas_2007_01\"\n\t\t\t\t\tsrc=\"https:\/\/www.prouvy.be\/wp-content\/gallery\/saint-nicolas-2007\/thumbs\/thumbs_StNicolas_2007_01.jpg\"\n\t\t\t\t\twidth=\"120\"\n\t\t\t\t\theight=\"90\"\n\t\t\t\t\tstyle=\"max-width:100%;\"\n\t\t\t\t\/>\n\t\t\t<\/a>\n\t\t<\/div>\n\t\t\t\t\t\t\t<\/div>\n\t\t\t\n\t\t\n\t\t\t\t<div id=\"ngg-image-1\" class=\"ngg-gallery-thumbnail-box\"\n\t\t\t\t\t\t\t\t\t\t\t>\n\t\t\t\t\t\t<div class=\"ngg-gallery-thumbnail\">\n\t\t\t<a href=\"https:\/\/www.prouvy.be\/wp-content\/gallery\/saint-nicolas-2007\/StNicolas_2007_02.jpg\"\n\t\t\t\ttitle=\" \"\n\t\t\t\tdata-src=\"https:\/\/www.prouvy.be\/wp-content\/gallery\/saint-nicolas-2007\/StNicolas_2007_02.jpg\"\n\t\t\t\tdata-thumbnail=\"https:\/\/www.prouvy.be\/wp-content\/gallery\/saint-nicolas-2007\/thumbs\/thumbs_StNicolas_2007_02.jpg\"\n\t\t\t\tdata-image-id=\"420\"\n\t\t\t\tdata-title=\"StNicolas_2007_02\"\n\t\t\t\tdata-description=\" \"\n\t\t\t\tdata-image-slug=\"stnicolas_2007_02\"\n\t\t\t\tclass=\"ngg-fancybox\" rel=\"e134f2d3535bc1eae51f989927e9e811\">\n\t\t\t\t<img\n\t\t\t\t\ttitle=\"StNicolas_2007_02\"\n\t\t\t\t\talt=\"StNicolas_2007_02\"\n\t\t\t\t\tsrc=\"https:\/\/www.prouvy.be\/wp-content\/gallery\/saint-nicolas-2007\/thumbs\/thumbs_StNicolas_2007_02.jpg\"\n\t\t\t\t\twidth=\"120\"\n\t\t\t\t\theight=\"90\"\n\t\t\t\t\tstyle=\"max-width:100%;\"\n\t\t\t\t\/>\n\t\t\t<\/a>\n\t\t<\/div>\n\t\t\t\t\t\t\t<\/div>\n\t\t\t\n\t\t\n\t\t\t\t<div id=\"ngg-image-2\" class=\"ngg-gallery-thumbnail-box\"\n\t\t\t\t\t\t\t\t\t\t\t>\n\t\t\t\t\t\t<div class=\"ngg-gallery-thumbnail\">\n\t\t\t<a href=\"https:\/\/www.prouvy.be\/wp-content\/gallery\/saint-nicolas-2007\/StNicolas_2007_03.jpg\"\n\t\t\t\ttitle=\" \"\n\t\t\t\tdata-src=\"https:\/\/www.prouvy.be\/wp-content\/gallery\/saint-nicolas-2007\/StNicolas_2007_03.jpg\"\n\t\t\t\tdata-thumbnail=\"https:\/\/www.prouvy.be\/wp-content\/gallery\/saint-nicolas-2007\/thumbs\/thumbs_StNicolas_2007_03.jpg\"\n\t\t\t\tdata-image-id=\"421\"\n\t\t\t\tdata-title=\"StNicolas_2007_03\"\n\t\t\t\tdata-description=\" \"\n\t\t\t\tdata-image-slug=\"stnicolas_2007_03\"\n\t\t\t\tclass=\"ngg-fancybox\" rel=\"e134f2d3535bc1eae51f989927e9e811\">\n\t\t\t\t<img\n\t\t\t\t\ttitle=\"StNicolas_2007_03\"\n\t\t\t\t\talt=\"StNicolas_2007_03\"\n\t\t\t\t\tsrc=\"https:\/\/www.prouvy.be\/wp-content\/gallery\/saint-nicolas-2007\/thumbs\/thumbs_StNicolas_2007_03.jpg\"\n\t\t\t\t\twidth=\"120\"\n\t\t\t\t\theight=\"90\"\n\t\t\t\t\tstyle=\"max-width:100%;\"\n\t\t\t\t\/>\n\t\t\t<\/a>\n\t\t<\/div>\n\t\t\t\t\t\t\t<\/div>\n\t\t\t\n\t\t\n\t\t\t\t<div id=\"ngg-image-3\" class=\"ngg-gallery-thumbnail-box\"\n\t\t\t\t\t\t\t\t\t\t\t>\n\t\t\t\t\t\t<div class=\"ngg-gallery-thumbnail\">\n\t\t\t<a href=\"https:\/\/www.prouvy.be\/wp-content\/gallery\/saint-nicolas-2007\/StNicolas_2007_04.jpg\"\n\t\t\t\ttitle=\" \"\n\t\t\t\tdata-src=\"https:\/\/www.prouvy.be\/wp-content\/gallery\/saint-nicolas-2007\/StNicolas_2007_04.jpg\"\n\t\t\t\tdata-thumbnail=\"https:\/\/www.prouvy.be\/wp-content\/gallery\/saint-nicolas-2007\/thumbs\/thumbs_StNicolas_2007_04.jpg\"\n\t\t\t\tdata-image-id=\"422\"\n\t\t\t\tdata-title=\"StNicolas_2007_04\"\n\t\t\t\tdata-description=\" \"\n\t\t\t\tdata-image-slug=\"stnicolas_2007_04\"\n\t\t\t\tclass=\"ngg-fancybox\" rel=\"e134f2d3535bc1eae51f989927e9e811\">\n\t\t\t\t<img\n\t\t\t\t\ttitle=\"StNicolas_2007_04\"\n\t\t\t\t\talt=\"StNicolas_2007_04\"\n\t\t\t\t\tsrc=\"https:\/\/www.prouvy.be\/wp-content\/gallery\/saint-nicolas-2007\/thumbs\/thumbs_StNicolas_2007_04.jpg\"\n\t\t\t\t\twidth=\"120\"\n\t\t\t\t\theight=\"90\"\n\t\t\t\t\tstyle=\"max-width:100%;\"\n\t\t\t\t\/>\n\t\t\t<\/a>\n\t\t<\/div>\n\t\t\t\t\t\t\t<\/div>\n\t\t\t\n\t\t\n\t\t\t\t<div id=\"ngg-image-4\" class=\"ngg-gallery-thumbnail-box\"\n\t\t\t\t\t\t\t\t\t\t\t>\n\t\t\t\t\t\t<div class=\"ngg-gallery-thumbnail\">\n\t\t\t<a href=\"https:\/\/www.prouvy.be\/wp-content\/gallery\/saint-nicolas-2007\/StNicolas_2007_05.jpg\"\n\t\t\t\ttitle=\" \"\n\t\t\t\tdata-src=\"https:\/\/www.prouvy.be\/wp-content\/gallery\/saint-nicolas-2007\/StNicolas_2007_05.jpg\"\n\t\t\t\tdata-thumbnail=\"https:\/\/www.prouvy.be\/wp-content\/gallery\/saint-nicolas-2007\/thumbs\/thumbs_StNicolas_2007_05.jpg\"\n\t\t\t\tdata-image-id=\"423\"\n\t\t\t\tdata-title=\"StNicolas_2007_05\"\n\t\t\t\tdata-description=\" \"\n\t\t\t\tdata-image-slug=\"stnicolas_2007_05\"\n\t\t\t\tclass=\"ngg-fancybox\" rel=\"e134f2d3535bc1eae51f989927e9e811\">\n\t\t\t\t<img\n\t\t\t\t\ttitle=\"StNicolas_2007_05\"\n\t\t\t\t\talt=\"StNicolas_2007_05\"\n\t\t\t\t\tsrc=\"https:\/\/www.prouvy.be\/wp-content\/gallery\/saint-nicolas-2007\/thumbs\/thumbs_StNicolas_2007_05.jpg\"\n\t\t\t\t\twidth=\"120\"\n\t\t\t\t\theight=\"90\"\n\t\t\t\t\tstyle=\"max-width:100%;\"\n\t\t\t\t\/>\n\t\t\t<\/a>\n\t\t<\/div>\n\t\t\t\t\t\t\t<\/div>\n\t\t\t\n\t\t\n\t\t\t\t<div id=\"ngg-image-5\" class=\"ngg-gallery-thumbnail-box\"\n\t\t\t\t\t\t\t\t\t\t\t>\n\t\t\t\t\t\t<div class=\"ngg-gallery-thumbnail\">\n\t\t\t<a href=\"https:\/\/www.prouvy.be\/wp-content\/gallery\/saint-nicolas-2007\/StNicolas_2007_06.jpg\"\n\t\t\t\ttitle=\" \"\n\t\t\t\tdata-src=\"https:\/\/www.prouvy.be\/wp-content\/gallery\/saint-nicolas-2007\/StNicolas_2007_06.jpg\"\n\t\t\t\tdata-thumbnail=\"https:\/\/www.prouvy.be\/wp-content\/gallery\/saint-nicolas-2007\/thumbs\/thumbs_StNicolas_2007_06.jpg\"\n\t\t\t\tdata-image-id=\"424\"\n\t\t\t\tdata-title=\"StNicolas_2007_06\"\n\t\t\t\tdata-description=\" \"\n\t\t\t\tdata-image-slug=\"stnicolas_2007_06\"\n\t\t\t\tclass=\"ngg-fancybox\" rel=\"e134f2d3535bc1eae51f989927e9e811\">\n\t\t\t\t<img\n\t\t\t\t\ttitle=\"StNicolas_2007_06\"\n\t\t\t\t\talt=\"StNicolas_2007_06\"\n\t\t\t\t\tsrc=\"https:\/\/www.prouvy.be\/wp-content\/gallery\/saint-nicolas-2007\/thumbs\/thumbs_StNicolas_2007_06.jpg\"\n\t\t\t\t\twidth=\"120\"\n\t\t\t\t\theight=\"90\"\n\t\t\t\t\tstyle=\"max-width:100%;\"\n\t\t\t\t\/>\n\t\t\t<\/a>\n\t\t<\/div>\n\t\t\t\t\t\t\t<\/div>\n\t\t\t\n\t\t\n\t\t\t\t<div id=\"ngg-image-6\" class=\"ngg-gallery-thumbnail-box\"\n\t\t\t\t\t\t\t\t\t\t\t>\n\t\t\t\t\t\t<div class=\"ngg-gallery-thumbnail\">\n\t\t\t<a href=\"https:\/\/www.prouvy.be\/wp-content\/gallery\/saint-nicolas-2007\/StNicolas_2007_07.jpg\"\n\t\t\t\ttitle=\" \"\n\t\t\t\tdata-src=\"https:\/\/www.prouvy.be\/wp-content\/gallery\/saint-nicolas-2007\/StNicolas_2007_07.jpg\"\n\t\t\t\tdata-thumbnail=\"https:\/\/www.prouvy.be\/wp-content\/gallery\/saint-nicolas-2007\/thumbs\/thumbs_StNicolas_2007_07.jpg\"\n\t\t\t\tdata-image-id=\"425\"\n\t\t\t\tdata-title=\"StNicolas_2007_07\"\n\t\t\t\tdata-description=\" \"\n\t\t\t\tdata-image-slug=\"stnicolas_2007_07\"\n\t\t\t\tclass=\"ngg-fancybox\" rel=\"e134f2d3535bc1eae51f989927e9e811\">\n\t\t\t\t<img\n\t\t\t\t\ttitle=\"StNicolas_2007_07\"\n\t\t\t\t\talt=\"StNicolas_2007_07\"\n\t\t\t\t\tsrc=\"https:\/\/www.prouvy.be\/wp-content\/gallery\/saint-nicolas-2007\/thumbs\/thumbs_StNicolas_2007_07.jpg\"\n\t\t\t\t\twidth=\"120\"\n\t\t\t\t\theight=\"90\"\n\t\t\t\t\tstyle=\"max-width:100%;\"\n\t\t\t\t\/>\n\t\t\t<\/a>\n\t\t<\/div>\n\t\t\t\t\t\t\t<\/div>\n\t\t\t\n\t\t\n\t\t\t\t<div id=\"ngg-image-7\" class=\"ngg-gallery-thumbnail-box\"\n\t\t\t\t\t\t\t\t\t\t\t>\n\t\t\t\t\t\t<div class=\"ngg-gallery-thumbnail\">\n\t\t\t<a href=\"https:\/\/www.prouvy.be\/wp-content\/gallery\/saint-nicolas-2007\/StNicolas_2007_08.jpg\"\n\t\t\t\ttitle=\" \"\n\t\t\t\tdata-src=\"https:\/\/www.prouvy.be\/wp-content\/gallery\/saint-nicolas-2007\/StNicolas_2007_08.jpg\"\n\t\t\t\tdata-thumbnail=\"https:\/\/www.prouvy.be\/wp-content\/gallery\/saint-nicolas-2007\/thumbs\/thumbs_StNicolas_2007_08.jpg\"\n\t\t\t\tdata-image-id=\"426\"\n\t\t\t\tdata-title=\"StNicolas_2007_08\"\n\t\t\t\tdata-description=\" \"\n\t\t\t\tdata-image-slug=\"stnicolas_2007_08\"\n\t\t\t\tclass=\"ngg-fancybox\" rel=\"e134f2d3535bc1eae51f989927e9e811\">\n\t\t\t\t<img\n\t\t\t\t\ttitle=\"StNicolas_2007_08\"\n\t\t\t\t\talt=\"StNicolas_2007_08\"\n\t\t\t\t\tsrc=\"https:\/\/www.prouvy.be\/wp-content\/gallery\/saint-nicolas-2007\/thumbs\/thumbs_StNicolas_2007_08.jpg\"\n\t\t\t\t\twidth=\"120\"\n\t\t\t\t\theight=\"90\"\n\t\t\t\t\tstyle=\"max-width:100%;\"\n\t\t\t\t\/>\n\t\t\t<\/a>\n\t\t<\/div>\n\t\t\t\t\t\t\t<\/div>\n\t\t\t\n\t\t\n\t\t\t\t<div id=\"ngg-image-8\" class=\"ngg-gallery-thumbnail-box\"\n\t\t\t\t\t\t\t\t\t\t\t>\n\t\t\t\t\t\t<div class=\"ngg-gallery-thumbnail\">\n\t\t\t<a href=\"https:\/\/www.prouvy.be\/wp-content\/gallery\/saint-nicolas-2007\/StNicolas_2007_09.jpg\"\n\t\t\t\ttitle=\" \"\n\t\t\t\tdata-src=\"https:\/\/www.prouvy.be\/wp-content\/gallery\/saint-nicolas-2007\/StNicolas_2007_09.jpg\"\n\t\t\t\tdata-thumbnail=\"https:\/\/www.prouvy.be\/wp-content\/gallery\/saint-nicolas-2007\/thumbs\/thumbs_StNicolas_2007_09.jpg\"\n\t\t\t\tdata-image-id=\"427\"\n\t\t\t\tdata-title=\"StNicolas_2007_09\"\n\t\t\t\tdata-description=\" \"\n\t\t\t\tdata-image-slug=\"stnicolas_2007_09\"\n\t\t\t\tclass=\"ngg-fancybox\" rel=\"e134f2d3535bc1eae51f989927e9e811\">\n\t\t\t\t<img\n\t\t\t\t\ttitle=\"StNicolas_2007_09\"\n\t\t\t\t\talt=\"StNicolas_2007_09\"\n\t\t\t\t\tsrc=\"https:\/\/www.prouvy.be\/wp-content\/gallery\/saint-nicolas-2007\/thumbs\/thumbs_StNicolas_2007_09.jpg\"\n\t\t\t\t\twidth=\"120\"\n\t\t\t\t\theight=\"90\"\n\t\t\t\t\tstyle=\"max-width:100%;\"\n\t\t\t\t\/>\n\t\t\t<\/a>\n\t\t<\/div>\n\t\t\t\t\t\t\t<\/div>\n\t\t\t\n\t\t\n\t\t\t\t<div id=\"ngg-image-9\" class=\"ngg-gallery-thumbnail-box\"\n\t\t\t\t\t\t\t\t\t\t\t>\n\t\t\t\t\t\t<div class=\"ngg-gallery-thumbnail\">\n\t\t\t<a href=\"https:\/\/www.prouvy.be\/wp-content\/gallery\/saint-nicolas-2007\/StNicolas_2007_10.jpg\"\n\t\t\t\ttitle=\" \"\n\t\t\t\tdata-src=\"https:\/\/www.prouvy.be\/wp-content\/gallery\/saint-nicolas-2007\/StNicolas_2007_10.jpg\"\n\t\t\t\tdata-thumbnail=\"https:\/\/www.prouvy.be\/wp-content\/gallery\/saint-nicolas-2007\/thumbs\/thumbs_StNicolas_2007_10.jpg\"\n\t\t\t\tdata-image-id=\"428\"\n\t\t\t\tdata-title=\"StNicolas_2007_10\"\n\t\t\t\tdata-description=\" \"\n\t\t\t\tdata-image-slug=\"stnicolas_2007_10\"\n\t\t\t\tclass=\"ngg-fancybox\" rel=\"e134f2d3535bc1eae51f989927e9e811\">\n\t\t\t\t<img\n\t\t\t\t\ttitle=\"StNicolas_2007_10\"\n\t\t\t\t\talt=\"StNicolas_2007_10\"\n\t\t\t\t\tsrc=\"https:\/\/www.prouvy.be\/wp-content\/gallery\/saint-nicolas-2007\/thumbs\/thumbs_StNicolas_2007_10.jpg\"\n\t\t\t\t\twidth=\"120\"\n\t\t\t\t\theight=\"90\"\n\t\t\t\t\tstyle=\"max-width:100%;\"\n\t\t\t\t\/>\n\t\t\t<\/a>\n\t\t<\/div>\n\t\t\t\t\t\t\t<\/div>\n\t\t\t\n\t\t\n\t\t\t\t<div id=\"ngg-image-10\" class=\"ngg-gallery-thumbnail-box\"\n\t\t\t\t\t\t\t\t\t\t\t>\n\t\t\t\t\t\t<div class=\"ngg-gallery-thumbnail\">\n\t\t\t<a href=\"https:\/\/www.prouvy.be\/wp-content\/gallery\/saint-nicolas-2007\/StNicolas_2007_11.jpg\"\n\t\t\t\ttitle=\" \"\n\t\t\t\tdata-src=\"https:\/\/www.prouvy.be\/wp-content\/gallery\/saint-nicolas-2007\/StNicolas_2007_11.jpg\"\n\t\t\t\tdata-thumbnail=\"https:\/\/www.prouvy.be\/wp-content\/gallery\/saint-nicolas-2007\/thumbs\/thumbs_StNicolas_2007_11.jpg\"\n\t\t\t\tdata-image-id=\"429\"\n\t\t\t\tdata-title=\"StNicolas_2007_11\"\n\t\t\t\tdata-description=\" \"\n\t\t\t\tdata-image-slug=\"stnicolas_2007_11\"\n\t\t\t\tclass=\"ngg-fancybox\" rel=\"e134f2d3535bc1eae51f989927e9e811\">\n\t\t\t\t<img\n\t\t\t\t\ttitle=\"StNicolas_2007_11\"\n\t\t\t\t\talt=\"StNicolas_2007_11\"\n\t\t\t\t\tsrc=\"https:\/\/www.prouvy.be\/wp-content\/gallery\/saint-nicolas-2007\/thumbs\/thumbs_StNicolas_2007_11.jpg\"\n\t\t\t\t\twidth=\"120\"\n\t\t\t\t\theight=\"90\"\n\t\t\t\t\tstyle=\"max-width:100%;\"\n\t\t\t\t\/>\n\t\t\t<\/a>\n\t\t<\/div>\n\t\t\t\t\t\t\t<\/div>\n\t\t\t\n\t\t\n\t\t\t\t<div id=\"ngg-image-11\" class=\"ngg-gallery-thumbnail-box\"\n\t\t\t\t\t\t\t\t\t\t\t>\n\t\t\t\t\t\t<div class=\"ngg-gallery-thumbnail\">\n\t\t\t<a href=\"https:\/\/www.prouvy.be\/wp-content\/gallery\/saint-nicolas-2007\/StNicolas_2007_12.jpg\"\n\t\t\t\ttitle=\" \"\n\t\t\t\tdata-src=\"https:\/\/www.prouvy.be\/wp-content\/gallery\/saint-nicolas-2007\/StNicolas_2007_12.jpg\"\n\t\t\t\tdata-thumbnail=\"https:\/\/www.prouvy.be\/wp-content\/gallery\/saint-nicolas-2007\/thumbs\/thumbs_StNicolas_2007_12.jpg\"\n\t\t\t\tdata-image-id=\"430\"\n\t\t\t\tdata-title=\"StNicolas_2007_12\"\n\t\t\t\tdata-description=\" \"\n\t\t\t\tdata-image-slug=\"stnicolas_2007_12\"\n\t\t\t\tclass=\"ngg-fancybox\" rel=\"e134f2d3535bc1eae51f989927e9e811\">\n\t\t\t\t<img\n\t\t\t\t\ttitle=\"StNicolas_2007_12\"\n\t\t\t\t\talt=\"StNicolas_2007_12\"\n\t\t\t\t\tsrc=\"https:\/\/www.prouvy.be\/wp-content\/gallery\/saint-nicolas-2007\/thumbs\/thumbs_StNicolas_2007_12.jpg\"\n\t\t\t\t\twidth=\"120\"\n\t\t\t\t\theight=\"90\"\n\t\t\t\t\tstyle=\"max-width:100%;\"\n\t\t\t\t\/>\n\t\t\t<\/a>\n\t\t<\/div>\n\t\t\t\t\t\t\t<\/div>\n\t\t\t\n\t\t\n\t\t\t\t<div id=\"ngg-image-12\" class=\"ngg-gallery-thumbnail-box\"\n\t\t\t\t\t\t\t\t\t\t\t>\n\t\t\t\t\t\t<div class=\"ngg-gallery-thumbnail\">\n\t\t\t<a href=\"https:\/\/www.prouvy.be\/wp-content\/gallery\/saint-nicolas-2007\/StNicolas_2007_13.jpg\"\n\t\t\t\ttitle=\" \"\n\t\t\t\tdata-src=\"https:\/\/www.prouvy.be\/wp-content\/gallery\/saint-nicolas-2007\/StNicolas_2007_13.jpg\"\n\t\t\t\tdata-thumbnail=\"https:\/\/www.prouvy.be\/wp-content\/gallery\/saint-nicolas-2007\/thumbs\/thumbs_StNicolas_2007_13.jpg\"\n\t\t\t\tdata-image-id=\"431\"\n\t\t\t\tdata-title=\"StNicolas_2007_13\"\n\t\t\t\tdata-description=\" \"\n\t\t\t\tdata-image-slug=\"stnicolas_2007_13\"\n\t\t\t\tclass=\"ngg-fancybox\" rel=\"e134f2d3535bc1eae51f989927e9e811\">\n\t\t\t\t<img\n\t\t\t\t\ttitle=\"StNicolas_2007_13\"\n\t\t\t\t\talt=\"StNicolas_2007_13\"\n\t\t\t\t\tsrc=\"https:\/\/www.prouvy.be\/wp-content\/gallery\/saint-nicolas-2007\/thumbs\/thumbs_StNicolas_2007_13.jpg\"\n\t\t\t\t\twidth=\"120\"\n\t\t\t\t\theight=\"90\"\n\t\t\t\t\tstyle=\"max-width:100%;\"\n\t\t\t\t\/>\n\t\t\t<\/a>\n\t\t<\/div>\n\t\t\t\t\t\t\t<\/div>\n\t\t\t\n\t\t\n\t\t\t\t<div id=\"ngg-image-13\" class=\"ngg-gallery-thumbnail-box\"\n\t\t\t\t\t\t\t\t\t\t\t>\n\t\t\t\t\t\t<div class=\"ngg-gallery-thumbnail\">\n\t\t\t<a href=\"https:\/\/www.prouvy.be\/wp-content\/gallery\/saint-nicolas-2007\/StNicolas_2007_14.jpg\"\n\t\t\t\ttitle=\" \"\n\t\t\t\tdata-src=\"https:\/\/www.prouvy.be\/wp-content\/gallery\/saint-nicolas-2007\/StNicolas_2007_14.jpg\"\n\t\t\t\tdata-thumbnail=\"https:\/\/www.prouvy.be\/wp-content\/gallery\/saint-nicolas-2007\/thumbs\/thumbs_StNicolas_2007_14.jpg\"\n\t\t\t\tdata-image-id=\"432\"\n\t\t\t\tdata-title=\"StNicolas_2007_14\"\n\t\t\t\tdata-description=\" \"\n\t\t\t\tdata-image-slug=\"stnicolas_2007_14\"\n\t\t\t\tclass=\"ngg-fancybox\" rel=\"e134f2d3535bc1eae51f989927e9e811\">\n\t\t\t\t<img\n\t\t\t\t\ttitle=\"StNicolas_2007_14\"\n\t\t\t\t\talt=\"StNicolas_2007_14\"\n\t\t\t\t\tsrc=\"https:\/\/www.prouvy.be\/wp-content\/gallery\/saint-nicolas-2007\/thumbs\/thumbs_StNicolas_2007_14.jpg\"\n\t\t\t\t\twidth=\"120\"\n\t\t\t\t\theight=\"90\"\n\t\t\t\t\tstyle=\"max-width:100%;\"\n\t\t\t\t\/>\n\t\t\t<\/a>\n\t\t<\/div>\n\t\t\t\t\t\t\t<\/div>\n\t\t\t\n\t\t\n\t\t\t\t<div id=\"ngg-image-14\" class=\"ngg-gallery-thumbnail-box\"\n\t\t\t\t\t\t\t\t\t\t\t>\n\t\t\t\t\t\t<div class=\"ngg-gallery-thumbnail\">\n\t\t\t<a href=\"https:\/\/www.prouvy.be\/wp-content\/gallery\/saint-nicolas-2007\/StNicolas_2007_15.jpg\"\n\t\t\t\ttitle=\" \"\n\t\t\t\tdata-src=\"https:\/\/www.prouvy.be\/wp-content\/gallery\/saint-nicolas-2007\/StNicolas_2007_15.jpg\"\n\t\t\t\tdata-thumbnail=\"https:\/\/www.prouvy.be\/wp-content\/gallery\/saint-nicolas-2007\/thumbs\/thumbs_StNicolas_2007_15.jpg\"\n\t\t\t\tdata-image-id=\"433\"\n\t\t\t\tdata-title=\"StNicolas_2007_15\"\n\t\t\t\tdata-description=\" \"\n\t\t\t\tdata-image-slug=\"stnicolas_2007_15\"\n\t\t\t\tclass=\"ngg-fancybox\" rel=\"e134f2d3535bc1eae51f989927e9e811\">\n\t\t\t\t<img\n\t\t\t\t\ttitle=\"StNicolas_2007_15\"\n\t\t\t\t\talt=\"StNicolas_2007_15\"\n\t\t\t\t\tsrc=\"https:\/\/www.prouvy.be\/wp-content\/gallery\/saint-nicolas-2007\/thumbs\/thumbs_StNicolas_2007_15.jpg\"\n\t\t\t\t\twidth=\"120\"\n\t\t\t\t\theight=\"90\"\n\t\t\t\t\tstyle=\"max-width:100%;\"\n\t\t\t\t\/>\n\t\t\t<\/a>\n\t\t<\/div>\n\t\t\t\t\t\t\t<\/div>\n\t\t\t\n\t\t\n\t\t\t\t<div id=\"ngg-image-15\" class=\"ngg-gallery-thumbnail-box\"\n\t\t\t\t\t\t\t\t\t\t\t>\n\t\t\t\t\t\t<div class=\"ngg-gallery-thumbnail\">\n\t\t\t<a href=\"https:\/\/www.prouvy.be\/wp-content\/gallery\/saint-nicolas-2007\/StNicolas_2007_16.jpg\"\n\t\t\t\ttitle=\" \"\n\t\t\t\tdata-src=\"https:\/\/www.prouvy.be\/wp-content\/gallery\/saint-nicolas-2007\/StNicolas_2007_16.jpg\"\n\t\t\t\tdata-thumbnail=\"https:\/\/www.prouvy.be\/wp-content\/gallery\/saint-nicolas-2007\/thumbs\/thumbs_StNicolas_2007_16.jpg\"\n\t\t\t\tdata-image-id=\"434\"\n\t\t\t\tdata-title=\"StNicolas_2007_16\"\n\t\t\t\tdata-description=\" \"\n\t\t\t\tdata-image-slug=\"stnicolas_2007_16\"\n\t\t\t\tclass=\"ngg-fancybox\" rel=\"e134f2d3535bc1eae51f989927e9e811\">\n\t\t\t\t<img\n\t\t\t\t\ttitle=\"StNicolas_2007_16\"\n\t\t\t\t\talt=\"StNicolas_2007_16\"\n\t\t\t\t\tsrc=\"https:\/\/www.prouvy.be\/wp-content\/gallery\/saint-nicolas-2007\/thumbs\/thumbs_StNicolas_2007_16.jpg\"\n\t\t\t\t\twidth=\"120\"\n\t\t\t\t\theight=\"90\"\n\t\t\t\t\tstyle=\"max-width:100%;\"\n\t\t\t\t\/>\n\t\t\t<\/a>\n\t\t<\/div>\n\t\t\t\t\t\t\t<\/div>\n\t\t\t\n\t\t\n\t\t\n\t\t<!-- Pagination -->\n\t\t<div class='ngg-clear'><\/div>\t<\/div>\n<\/p>\n","protected":false},"excerpt":{"rendered":"<p>Une nouvelle fois, Saint Nicolas est venu rendre visite aux enfants de notre village le dimanche 2 d\u00e9cembre 2007. Cette ann\u00e9e ce sont la pluie et le vent violent qui ont perturb\u00e9 un peu l\u2019organisation. Avec l\u2019aide du P\u00e8re Fouettard, le Saint Patron des enfants sages a donc d\u00e9cid\u00e9 de venir en voiture. Ensuite le &hellip; <a href=\"https:\/\/www.prouvy.be\/?page_id=1383\" class=\"more-link\">Continuer la lecture de <span class=\"screen-reader-text\">Saint-Nicolas<\/span>  <span class=\"meta-nav\">&rarr;<\/span><\/a><\/p>\n","protected":false},"author":1,"featured_media":1419,"parent":1303,"menu_order":0,"comment_status":"open","ping_status":"open","template":"","meta":{"ngg_post_thumbnail":0,"footnotes":""},"class_list":["post-1383","page","type-page","status-publish","has-post-thumbnail","hentry"],"post_mailing_queue_ids":[],"_links":{"self":[{"href":"https:\/\/www.prouvy.be\/index.php?rest_route=\/wp\/v2\/pages\/1383","targetHints":{"allow":["GET"]}}],"collection":[{"href":"https:\/\/www.prouvy.be\/index.php?rest_route=\/wp\/v2\/pages"}],"about":[{"href":"https:\/\/www.prouvy.be\/index.php?rest_route=\/wp\/v2\/types\/page"}],"author":[{"embeddable":true,"href":"https:\/\/www.prouvy.be\/index.php?rest_route=\/wp\/v2\/users\/1"}],"replies":[{"embeddable":true,"href":"https:\/\/www.prouvy.be\/index.php?rest_route=%2Fwp%2Fv2%2Fcomments&post=1383"}],"version-history":[{"count":1,"href":"https:\/\/www.prouvy.be\/index.php?rest_route=\/wp\/v2\/pages\/1383\/revisions"}],"predecessor-version":[{"id":1420,"href":"https:\/\/www.prouvy.be\/index.php?rest_route=\/wp\/v2\/pages\/1383\/revisions\/1420"}],"up":[{"embeddable":true,"href":"https:\/\/www.prouvy.be\/index.php?rest_route=\/wp\/v2\/pages\/1303"}],"wp:featuredmedia":[{"embeddable":true,"href":"https:\/\/www.prouvy.be\/index.php?rest_route=\/wp\/v2\/media\/1419"}],"wp:attachment":[{"href":"https:\/\/www.prouvy.be\/index.php?rest_route=%2Fwp%2Fv2%2Fmedia&parent=1383"}],"curies":[{"name":"wp","href":"https:\/\/api.w.org\/{rel}","templated":true}]}}