{"id":1343,"date":"2014-11-13T21:56:42","date_gmt":"2014-11-13T19:56:42","guid":{"rendered":"http:\/\/new.prouvy.be\/?page_id=1343"},"modified":"2014-11-13T21:56:42","modified_gmt":"2014-11-13T19:56:42","slug":"operation-village-propre","status":"publish","type":"page","link":"https:\/\/www.prouvy.be\/?page_id=1343","title":{"rendered":"Op\u00e9ration village propre"},"content":{"rendered":"<div id=\"fb-root\"><\/div>\n<p>Comme chaque printemps depuis 2003, un bon groupe de Provon\u00e7ois(e), s\u2019est mobilis\u00e9 afin de rendre notre village et ses environs propres.<\/p>\n<p>En effet, les incivilit\u00e9s de certains, n\u2019arriveront pas \u00e0 bout de notre d\u00e9termination.<\/p>\n<p>Chef est de constater, que la quantit\u00e9 de d\u00e9tritus ramass\u00e9s diminue chaque ann\u00e9e.<\/p>\n<p>Les bonnes habitudes seraient-elles en train de se mettre en place?<\/p>\n<p>Nous osons l\u2019esp\u00e9rer.<\/p>\n<p>En tout cas, f\u00e9licitations \u00e0 cette \u00e9quipe de b\u00e9n\u00e9voles!<\/p>\n<p>Vous trouverez les photos de cette journ\u00e9e ci-dessous:<\/p>\n<p><!-- index.php -->\n<div\n\tclass=\"ngg-galleryoverview\n\t ngg-ajax-pagination-none\t\"\n\tid=\"ngg-gallery-4247da6d10c2e7fec9526b30fc380943-1\">\n\n\t\t<div class=\"slideshowlink\">\n\t\t<a href='https:\/\/www.prouvy.be\/index.php\/nggallery\/slideshow?page_id=1343'>[Show slideshow]<\/a>\n\n\t<\/div>\n\t\t\t<!-- Thumbnails -->\n\t\t\t\t<div id=\"ngg-image-0\" class=\"ngg-gallery-thumbnail-box\"\n\t\t\t\t\t\t\t\t\t\t\t>\n\t\t\t\t\t\t<div class=\"ngg-gallery-thumbnail\">\n\t\t\t<a href=\"https:\/\/www.prouvy.be\/wp-content\/gallery\/operation-village-propre-2007\/propre_2007_01.jpg\"\n\t\t\t\ttitle=\"\"\n\t\t\t\tdata-src=\"https:\/\/www.prouvy.be\/wp-content\/gallery\/operation-village-propre-2007\/propre_2007_01.jpg\"\n\t\t\t\tdata-thumbnail=\"https:\/\/www.prouvy.be\/wp-content\/gallery\/operation-village-propre-2007\/thumbs\/thumbs_propre_2007_01.jpg\"\n\t\t\t\tdata-image-id=\"406\"\n\t\t\t\tdata-title=\"propre_2007_01\"\n\t\t\t\tdata-description=\"\"\n\t\t\t\tdata-image-slug=\"propre_2007_01\"\n\t\t\t\tclass=\"ngg-fancybox\" rel=\"4247da6d10c2e7fec9526b30fc380943\">\n\t\t\t\t<img\n\t\t\t\t\ttitle=\"propre_2007_01\"\n\t\t\t\t\talt=\"propre_2007_01\"\n\t\t\t\t\tsrc=\"https:\/\/www.prouvy.be\/wp-content\/gallery\/operation-village-propre-2007\/thumbs\/thumbs_propre_2007_01.jpg\"\n\t\t\t\t\twidth=\"120\"\n\t\t\t\t\theight=\"90\"\n\t\t\t\t\tstyle=\"max-width:100%;\"\n\t\t\t\t\/>\n\t\t\t<\/a>\n\t\t<\/div>\n\t\t\t\t\t\t\t<\/div>\n\t\t\t\n\t\t\n\t\t\t\t<div id=\"ngg-image-1\" class=\"ngg-gallery-thumbnail-box\"\n\t\t\t\t\t\t\t\t\t\t\t>\n\t\t\t\t\t\t<div class=\"ngg-gallery-thumbnail\">\n\t\t\t<a href=\"https:\/\/www.prouvy.be\/wp-content\/gallery\/operation-village-propre-2007\/propre_2007_02.jpg\"\n\t\t\t\ttitle=\" \"\n\t\t\t\tdata-src=\"https:\/\/www.prouvy.be\/wp-content\/gallery\/operation-village-propre-2007\/propre_2007_02.jpg\"\n\t\t\t\tdata-thumbnail=\"https:\/\/www.prouvy.be\/wp-content\/gallery\/operation-village-propre-2007\/thumbs\/thumbs_propre_2007_02.jpg\"\n\t\t\t\tdata-image-id=\"407\"\n\t\t\t\tdata-title=\"propre_2007_02\"\n\t\t\t\tdata-description=\" \"\n\t\t\t\tdata-image-slug=\"propre_2007_02\"\n\t\t\t\tclass=\"ngg-fancybox\" rel=\"4247da6d10c2e7fec9526b30fc380943\">\n\t\t\t\t<img\n\t\t\t\t\ttitle=\"propre_2007_02\"\n\t\t\t\t\talt=\"propre_2007_02\"\n\t\t\t\t\tsrc=\"https:\/\/www.prouvy.be\/wp-content\/gallery\/operation-village-propre-2007\/thumbs\/thumbs_propre_2007_02.jpg\"\n\t\t\t\t\twidth=\"120\"\n\t\t\t\t\theight=\"90\"\n\t\t\t\t\tstyle=\"max-width:100%;\"\n\t\t\t\t\/>\n\t\t\t<\/a>\n\t\t<\/div>\n\t\t\t\t\t\t\t<\/div>\n\t\t\t\n\t\t\n\t\t\t\t<div id=\"ngg-image-2\" class=\"ngg-gallery-thumbnail-box\"\n\t\t\t\t\t\t\t\t\t\t\t>\n\t\t\t\t\t\t<div class=\"ngg-gallery-thumbnail\">\n\t\t\t<a href=\"https:\/\/www.prouvy.be\/wp-content\/gallery\/operation-village-propre-2007\/propre_2007_03.jpg\"\n\t\t\t\ttitle=\" \"\n\t\t\t\tdata-src=\"https:\/\/www.prouvy.be\/wp-content\/gallery\/operation-village-propre-2007\/propre_2007_03.jpg\"\n\t\t\t\tdata-thumbnail=\"https:\/\/www.prouvy.be\/wp-content\/gallery\/operation-village-propre-2007\/thumbs\/thumbs_propre_2007_03.jpg\"\n\t\t\t\tdata-image-id=\"408\"\n\t\t\t\tdata-title=\"propre_2007_03\"\n\t\t\t\tdata-description=\" \"\n\t\t\t\tdata-image-slug=\"propre_2007_03\"\n\t\t\t\tclass=\"ngg-fancybox\" rel=\"4247da6d10c2e7fec9526b30fc380943\">\n\t\t\t\t<img\n\t\t\t\t\ttitle=\"propre_2007_03\"\n\t\t\t\t\talt=\"propre_2007_03\"\n\t\t\t\t\tsrc=\"https:\/\/www.prouvy.be\/wp-content\/gallery\/operation-village-propre-2007\/thumbs\/thumbs_propre_2007_03.jpg\"\n\t\t\t\t\twidth=\"120\"\n\t\t\t\t\theight=\"90\"\n\t\t\t\t\tstyle=\"max-width:100%;\"\n\t\t\t\t\/>\n\t\t\t<\/a>\n\t\t<\/div>\n\t\t\t\t\t\t\t<\/div>\n\t\t\t\n\t\t\n\t\t\t\t<div id=\"ngg-image-3\" class=\"ngg-gallery-thumbnail-box\"\n\t\t\t\t\t\t\t\t\t\t\t>\n\t\t\t\t\t\t<div class=\"ngg-gallery-thumbnail\">\n\t\t\t<a href=\"https:\/\/www.prouvy.be\/wp-content\/gallery\/operation-village-propre-2007\/propre_2007_04.jpg\"\n\t\t\t\ttitle=\" \"\n\t\t\t\tdata-src=\"https:\/\/www.prouvy.be\/wp-content\/gallery\/operation-village-propre-2007\/propre_2007_04.jpg\"\n\t\t\t\tdata-thumbnail=\"https:\/\/www.prouvy.be\/wp-content\/gallery\/operation-village-propre-2007\/thumbs\/thumbs_propre_2007_04.jpg\"\n\t\t\t\tdata-image-id=\"409\"\n\t\t\t\tdata-title=\"propre_2007_04\"\n\t\t\t\tdata-description=\" \"\n\t\t\t\tdata-image-slug=\"propre_2007_04\"\n\t\t\t\tclass=\"ngg-fancybox\" rel=\"4247da6d10c2e7fec9526b30fc380943\">\n\t\t\t\t<img\n\t\t\t\t\ttitle=\"propre_2007_04\"\n\t\t\t\t\talt=\"propre_2007_04\"\n\t\t\t\t\tsrc=\"https:\/\/www.prouvy.be\/wp-content\/gallery\/operation-village-propre-2007\/thumbs\/thumbs_propre_2007_04.jpg\"\n\t\t\t\t\twidth=\"120\"\n\t\t\t\t\theight=\"90\"\n\t\t\t\t\tstyle=\"max-width:100%;\"\n\t\t\t\t\/>\n\t\t\t<\/a>\n\t\t<\/div>\n\t\t\t\t\t\t\t<\/div>\n\t\t\t\n\t\t\n\t\t\t\t<div id=\"ngg-image-4\" class=\"ngg-gallery-thumbnail-box\"\n\t\t\t\t\t\t\t\t\t\t\t>\n\t\t\t\t\t\t<div class=\"ngg-gallery-thumbnail\">\n\t\t\t<a href=\"https:\/\/www.prouvy.be\/wp-content\/gallery\/operation-village-propre-2007\/propre_2007_05.jpg\"\n\t\t\t\ttitle=\" \"\n\t\t\t\tdata-src=\"https:\/\/www.prouvy.be\/wp-content\/gallery\/operation-village-propre-2007\/propre_2007_05.jpg\"\n\t\t\t\tdata-thumbnail=\"https:\/\/www.prouvy.be\/wp-content\/gallery\/operation-village-propre-2007\/thumbs\/thumbs_propre_2007_05.jpg\"\n\t\t\t\tdata-image-id=\"410\"\n\t\t\t\tdata-title=\"propre_2007_05\"\n\t\t\t\tdata-description=\" \"\n\t\t\t\tdata-image-slug=\"propre_2007_05\"\n\t\t\t\tclass=\"ngg-fancybox\" rel=\"4247da6d10c2e7fec9526b30fc380943\">\n\t\t\t\t<img\n\t\t\t\t\ttitle=\"propre_2007_05\"\n\t\t\t\t\talt=\"propre_2007_05\"\n\t\t\t\t\tsrc=\"https:\/\/www.prouvy.be\/wp-content\/gallery\/operation-village-propre-2007\/thumbs\/thumbs_propre_2007_05.jpg\"\n\t\t\t\t\twidth=\"120\"\n\t\t\t\t\theight=\"90\"\n\t\t\t\t\tstyle=\"max-width:100%;\"\n\t\t\t\t\/>\n\t\t\t<\/a>\n\t\t<\/div>\n\t\t\t\t\t\t\t<\/div>\n\t\t\t\n\t\t\n\t\t\t\t<div id=\"ngg-image-5\" class=\"ngg-gallery-thumbnail-box\"\n\t\t\t\t\t\t\t\t\t\t\t>\n\t\t\t\t\t\t<div class=\"ngg-gallery-thumbnail\">\n\t\t\t<a href=\"https:\/\/www.prouvy.be\/wp-content\/gallery\/operation-village-propre-2007\/propre_2007_06.jpg\"\n\t\t\t\ttitle=\" \"\n\t\t\t\tdata-src=\"https:\/\/www.prouvy.be\/wp-content\/gallery\/operation-village-propre-2007\/propre_2007_06.jpg\"\n\t\t\t\tdata-thumbnail=\"https:\/\/www.prouvy.be\/wp-content\/gallery\/operation-village-propre-2007\/thumbs\/thumbs_propre_2007_06.jpg\"\n\t\t\t\tdata-image-id=\"411\"\n\t\t\t\tdata-title=\"propre_2007_06\"\n\t\t\t\tdata-description=\" \"\n\t\t\t\tdata-image-slug=\"propre_2007_06\"\n\t\t\t\tclass=\"ngg-fancybox\" rel=\"4247da6d10c2e7fec9526b30fc380943\">\n\t\t\t\t<img\n\t\t\t\t\ttitle=\"propre_2007_06\"\n\t\t\t\t\talt=\"propre_2007_06\"\n\t\t\t\t\tsrc=\"https:\/\/www.prouvy.be\/wp-content\/gallery\/operation-village-propre-2007\/thumbs\/thumbs_propre_2007_06.jpg\"\n\t\t\t\t\twidth=\"120\"\n\t\t\t\t\theight=\"90\"\n\t\t\t\t\tstyle=\"max-width:100%;\"\n\t\t\t\t\/>\n\t\t\t<\/a>\n\t\t<\/div>\n\t\t\t\t\t\t\t<\/div>\n\t\t\t\n\t\t\n\t\t\t\t<div id=\"ngg-image-6\" class=\"ngg-gallery-thumbnail-box\"\n\t\t\t\t\t\t\t\t\t\t\t>\n\t\t\t\t\t\t<div class=\"ngg-gallery-thumbnail\">\n\t\t\t<a href=\"https:\/\/www.prouvy.be\/wp-content\/gallery\/operation-village-propre-2007\/propre_2007_07.jpg\"\n\t\t\t\ttitle=\" \"\n\t\t\t\tdata-src=\"https:\/\/www.prouvy.be\/wp-content\/gallery\/operation-village-propre-2007\/propre_2007_07.jpg\"\n\t\t\t\tdata-thumbnail=\"https:\/\/www.prouvy.be\/wp-content\/gallery\/operation-village-propre-2007\/thumbs\/thumbs_propre_2007_07.jpg\"\n\t\t\t\tdata-image-id=\"412\"\n\t\t\t\tdata-title=\"propre_2007_07\"\n\t\t\t\tdata-description=\" \"\n\t\t\t\tdata-image-slug=\"propre_2007_07\"\n\t\t\t\tclass=\"ngg-fancybox\" rel=\"4247da6d10c2e7fec9526b30fc380943\">\n\t\t\t\t<img\n\t\t\t\t\ttitle=\"propre_2007_07\"\n\t\t\t\t\talt=\"propre_2007_07\"\n\t\t\t\t\tsrc=\"https:\/\/www.prouvy.be\/wp-content\/gallery\/operation-village-propre-2007\/thumbs\/thumbs_propre_2007_07.jpg\"\n\t\t\t\t\twidth=\"120\"\n\t\t\t\t\theight=\"90\"\n\t\t\t\t\tstyle=\"max-width:100%;\"\n\t\t\t\t\/>\n\t\t\t<\/a>\n\t\t<\/div>\n\t\t\t\t\t\t\t<\/div>\n\t\t\t\n\t\t\n\t\t\n\t\t<!-- Pagination -->\n\t\t<div class='ngg-clear'><\/div>\t<\/div>\n<\/p>\n","protected":false},"excerpt":{"rendered":"<p>Comme chaque printemps depuis 2003, un bon groupe de Provon\u00e7ois(e), s\u2019est mobilis\u00e9 afin de rendre notre village et ses environs propres. En effet, les incivilit\u00e9s de certains, n\u2019arriveront pas \u00e0 bout de notre d\u00e9termination. Chef est de constater, que la quantit\u00e9 de d\u00e9tritus ramass\u00e9s diminue chaque ann\u00e9e. Les bonnes habitudes seraient-elles en train de se &hellip; <a href=\"https:\/\/www.prouvy.be\/?page_id=1343\" class=\"more-link\">Continuer la lecture de <span class=\"screen-reader-text\">Op\u00e9ration village propre<\/span>  <span class=\"meta-nav\">&rarr;<\/span><\/a><\/p>\n","protected":false},"author":1,"featured_media":1361,"parent":1303,"menu_order":0,"comment_status":"open","ping_status":"open","template":"","meta":{"ngg_post_thumbnail":0,"footnotes":""},"class_list":["post-1343","page","type-page","status-publish","has-post-thumbnail","hentry"],"post_mailing_queue_ids":[],"_links":{"self":[{"href":"https:\/\/www.prouvy.be\/index.php?rest_route=\/wp\/v2\/pages\/1343","targetHints":{"allow":["GET"]}}],"collection":[{"href":"https:\/\/www.prouvy.be\/index.php?rest_route=\/wp\/v2\/pages"}],"about":[{"href":"https:\/\/www.prouvy.be\/index.php?rest_route=\/wp\/v2\/types\/page"}],"author":[{"embeddable":true,"href":"https:\/\/www.prouvy.be\/index.php?rest_route=\/wp\/v2\/users\/1"}],"replies":[{"embeddable":true,"href":"https:\/\/www.prouvy.be\/index.php?rest_route=%2Fwp%2Fv2%2Fcomments&post=1343"}],"version-history":[{"count":1,"href":"https:\/\/www.prouvy.be\/index.php?rest_route=\/wp\/v2\/pages\/1343\/revisions"}],"predecessor-version":[{"id":1362,"href":"https:\/\/www.prouvy.be\/index.php?rest_route=\/wp\/v2\/pages\/1343\/revisions\/1362"}],"up":[{"embeddable":true,"href":"https:\/\/www.prouvy.be\/index.php?rest_route=\/wp\/v2\/pages\/1303"}],"wp:featuredmedia":[{"embeddable":true,"href":"https:\/\/www.prouvy.be\/index.php?rest_route=\/wp\/v2\/media\/1361"}],"wp:attachment":[{"href":"https:\/\/www.prouvy.be\/index.php?rest_route=%2Fwp%2Fv2%2Fmedia&parent=1343"}],"curies":[{"name":"wp","href":"https:\/\/api.w.org\/{rel}","templated":true}]}}