{"id":1248,"date":"2014-09-04T22:07:05","date_gmt":"2014-09-04T20:07:05","guid":{"rendered":"http:\/\/new.prouvy.be\/?page_id=1248"},"modified":"2014-09-04T22:07:30","modified_gmt":"2014-09-04T20:07:30","slug":"soiree-des-benevoles-2006","status":"publish","type":"page","link":"https:\/\/www.prouvy.be\/?page_id=1248","title":{"rendered":"Soir\u00e9e des b\u00e9n\u00e9voles 2006"},"content":{"rendered":"<div id=\"fb-root\"><\/div>\n<h3 style=\"color: #000000;\">Soir\u00e9e des b\u00e9n\u00e9voles \u2014 7 octobre 2006 \u2014 \u00e0 Saint Vincent.<\/h3>\n<p style=\"color: #000000;\">Th\u00e8me: Pirates des Caraibes\u00a0<span class=\"caps\">III<\/span><\/p>\n<p><!-- index.php -->\n<div\n\tclass=\"ngg-galleryoverview\n\t ngg-ajax-pagination-none\t\"\n\tid=\"ngg-gallery-b4548e23640d112f925515b9cbeb12f5-1\">\n\n\t\t<div class=\"slideshowlink\">\n\t\t<a href='https:\/\/www.prouvy.be\/index.php\/nggallery\/slideshow?page_id=1248'>[Show slideshow]<\/a>\n\n\t<\/div>\n\t\t\t<!-- Thumbnails -->\n\t\t\t\t<div id=\"ngg-image-0\" class=\"ngg-gallery-thumbnail-box\"\n\t\t\t\t\t\t\t\t\t\t\t>\n\t\t\t\t\t\t<div class=\"ngg-gallery-thumbnail\">\n\t\t\t<a href=\"https:\/\/www.prouvy.be\/wp-content\/gallery\/soiree-des-benevoles-2006\/Bene_2006_11.jpg\"\n\t\t\t\ttitle=\" \"\n\t\t\t\tdata-src=\"https:\/\/www.prouvy.be\/wp-content\/gallery\/soiree-des-benevoles-2006\/Bene_2006_11.jpg\"\n\t\t\t\tdata-thumbnail=\"https:\/\/www.prouvy.be\/wp-content\/gallery\/soiree-des-benevoles-2006\/thumbs\/thumbs_Bene_2006_11.jpg\"\n\t\t\t\tdata-image-id=\"379\"\n\t\t\t\tdata-title=\"Bene_2006_11\"\n\t\t\t\tdata-description=\" \"\n\t\t\t\tdata-image-slug=\"bene_2006_11\"\n\t\t\t\tclass=\"ngg-fancybox\" rel=\"b4548e23640d112f925515b9cbeb12f5\">\n\t\t\t\t<img\n\t\t\t\t\ttitle=\"Bene_2006_11\"\n\t\t\t\t\talt=\"Bene_2006_11\"\n\t\t\t\t\tsrc=\"https:\/\/www.prouvy.be\/wp-content\/gallery\/soiree-des-benevoles-2006\/thumbs\/thumbs_Bene_2006_11.jpg\"\n\t\t\t\t\twidth=\"120\"\n\t\t\t\t\theight=\"90\"\n\t\t\t\t\tstyle=\"max-width:100%;\"\n\t\t\t\t\/>\n\t\t\t<\/a>\n\t\t<\/div>\n\t\t\t\t\t\t\t<\/div>\n\t\t\t\n\t\t\n\t\t\t\t<div id=\"ngg-image-1\" class=\"ngg-gallery-thumbnail-box\"\n\t\t\t\t\t\t\t\t\t\t\t>\n\t\t\t\t\t\t<div class=\"ngg-gallery-thumbnail\">\n\t\t\t<a href=\"https:\/\/www.prouvy.be\/wp-content\/gallery\/soiree-des-benevoles-2006\/Bene_2006_21.jpg\"\n\t\t\t\ttitle=\" \"\n\t\t\t\tdata-src=\"https:\/\/www.prouvy.be\/wp-content\/gallery\/soiree-des-benevoles-2006\/Bene_2006_21.jpg\"\n\t\t\t\tdata-thumbnail=\"https:\/\/www.prouvy.be\/wp-content\/gallery\/soiree-des-benevoles-2006\/thumbs\/thumbs_Bene_2006_21.jpg\"\n\t\t\t\tdata-image-id=\"389\"\n\t\t\t\tdata-title=\"Bene_2006_21\"\n\t\t\t\tdata-description=\" \"\n\t\t\t\tdata-image-slug=\"bene_2006_21\"\n\t\t\t\tclass=\"ngg-fancybox\" rel=\"b4548e23640d112f925515b9cbeb12f5\">\n\t\t\t\t<img\n\t\t\t\t\ttitle=\"Bene_2006_21\"\n\t\t\t\t\talt=\"Bene_2006_21\"\n\t\t\t\t\tsrc=\"https:\/\/www.prouvy.be\/wp-content\/gallery\/soiree-des-benevoles-2006\/thumbs\/thumbs_Bene_2006_21.jpg\"\n\t\t\t\t\twidth=\"120\"\n\t\t\t\t\theight=\"90\"\n\t\t\t\t\tstyle=\"max-width:100%;\"\n\t\t\t\t\/>\n\t\t\t<\/a>\n\t\t<\/div>\n\t\t\t\t\t\t\t<\/div>\n\t\t\t\n\t\t\n\t\t\t\t<div id=\"ngg-image-2\" class=\"ngg-gallery-thumbnail-box\"\n\t\t\t\t\t\t\t\t\t\t\t>\n\t\t\t\t\t\t<div class=\"ngg-gallery-thumbnail\">\n\t\t\t<a href=\"https:\/\/www.prouvy.be\/wp-content\/gallery\/soiree-des-benevoles-2006\/Bene_2006_20.jpg\"\n\t\t\t\ttitle=\" \"\n\t\t\t\tdata-src=\"https:\/\/www.prouvy.be\/wp-content\/gallery\/soiree-des-benevoles-2006\/Bene_2006_20.jpg\"\n\t\t\t\tdata-thumbnail=\"https:\/\/www.prouvy.be\/wp-content\/gallery\/soiree-des-benevoles-2006\/thumbs\/thumbs_Bene_2006_20.jpg\"\n\t\t\t\tdata-image-id=\"388\"\n\t\t\t\tdata-title=\"Bene_2006_20\"\n\t\t\t\tdata-description=\" \"\n\t\t\t\tdata-image-slug=\"bene_2006_20\"\n\t\t\t\tclass=\"ngg-fancybox\" rel=\"b4548e23640d112f925515b9cbeb12f5\">\n\t\t\t\t<img\n\t\t\t\t\ttitle=\"Bene_2006_20\"\n\t\t\t\t\talt=\"Bene_2006_20\"\n\t\t\t\t\tsrc=\"https:\/\/www.prouvy.be\/wp-content\/gallery\/soiree-des-benevoles-2006\/thumbs\/thumbs_Bene_2006_20.jpg\"\n\t\t\t\t\twidth=\"120\"\n\t\t\t\t\theight=\"90\"\n\t\t\t\t\tstyle=\"max-width:100%;\"\n\t\t\t\t\/>\n\t\t\t<\/a>\n\t\t<\/div>\n\t\t\t\t\t\t\t<\/div>\n\t\t\t\n\t\t\n\t\t\t\t<div id=\"ngg-image-3\" class=\"ngg-gallery-thumbnail-box\"\n\t\t\t\t\t\t\t\t\t\t\t>\n\t\t\t\t\t\t<div class=\"ngg-gallery-thumbnail\">\n\t\t\t<a href=\"https:\/\/www.prouvy.be\/wp-content\/gallery\/soiree-des-benevoles-2006\/Bene_2006_19.jpg\"\n\t\t\t\ttitle=\" \"\n\t\t\t\tdata-src=\"https:\/\/www.prouvy.be\/wp-content\/gallery\/soiree-des-benevoles-2006\/Bene_2006_19.jpg\"\n\t\t\t\tdata-thumbnail=\"https:\/\/www.prouvy.be\/wp-content\/gallery\/soiree-des-benevoles-2006\/thumbs\/thumbs_Bene_2006_19.jpg\"\n\t\t\t\tdata-image-id=\"387\"\n\t\t\t\tdata-title=\"Bene_2006_19\"\n\t\t\t\tdata-description=\" \"\n\t\t\t\tdata-image-slug=\"bene_2006_19\"\n\t\t\t\tclass=\"ngg-fancybox\" rel=\"b4548e23640d112f925515b9cbeb12f5\">\n\t\t\t\t<img\n\t\t\t\t\ttitle=\"Bene_2006_19\"\n\t\t\t\t\talt=\"Bene_2006_19\"\n\t\t\t\t\tsrc=\"https:\/\/www.prouvy.be\/wp-content\/gallery\/soiree-des-benevoles-2006\/thumbs\/thumbs_Bene_2006_19.jpg\"\n\t\t\t\t\twidth=\"120\"\n\t\t\t\t\theight=\"90\"\n\t\t\t\t\tstyle=\"max-width:100%;\"\n\t\t\t\t\/>\n\t\t\t<\/a>\n\t\t<\/div>\n\t\t\t\t\t\t\t<\/div>\n\t\t\t\n\t\t\n\t\t\t\t<div id=\"ngg-image-4\" class=\"ngg-gallery-thumbnail-box\"\n\t\t\t\t\t\t\t\t\t\t\t>\n\t\t\t\t\t\t<div class=\"ngg-gallery-thumbnail\">\n\t\t\t<a href=\"https:\/\/www.prouvy.be\/wp-content\/gallery\/soiree-des-benevoles-2006\/Bene_2006_18.jpg\"\n\t\t\t\ttitle=\" \"\n\t\t\t\tdata-src=\"https:\/\/www.prouvy.be\/wp-content\/gallery\/soiree-des-benevoles-2006\/Bene_2006_18.jpg\"\n\t\t\t\tdata-thumbnail=\"https:\/\/www.prouvy.be\/wp-content\/gallery\/soiree-des-benevoles-2006\/thumbs\/thumbs_Bene_2006_18.jpg\"\n\t\t\t\tdata-image-id=\"386\"\n\t\t\t\tdata-title=\"Bene_2006_18\"\n\t\t\t\tdata-description=\" \"\n\t\t\t\tdata-image-slug=\"bene_2006_18\"\n\t\t\t\tclass=\"ngg-fancybox\" rel=\"b4548e23640d112f925515b9cbeb12f5\">\n\t\t\t\t<img\n\t\t\t\t\ttitle=\"Bene_2006_18\"\n\t\t\t\t\talt=\"Bene_2006_18\"\n\t\t\t\t\tsrc=\"https:\/\/www.prouvy.be\/wp-content\/gallery\/soiree-des-benevoles-2006\/thumbs\/thumbs_Bene_2006_18.jpg\"\n\t\t\t\t\twidth=\"120\"\n\t\t\t\t\theight=\"90\"\n\t\t\t\t\tstyle=\"max-width:100%;\"\n\t\t\t\t\/>\n\t\t\t<\/a>\n\t\t<\/div>\n\t\t\t\t\t\t\t<\/div>\n\t\t\t\n\t\t\n\t\t\t\t<div id=\"ngg-image-5\" class=\"ngg-gallery-thumbnail-box\"\n\t\t\t\t\t\t\t\t\t\t\t>\n\t\t\t\t\t\t<div class=\"ngg-gallery-thumbnail\">\n\t\t\t<a href=\"https:\/\/www.prouvy.be\/wp-content\/gallery\/soiree-des-benevoles-2006\/Bene_2006_17.jpg\"\n\t\t\t\ttitle=\" \"\n\t\t\t\tdata-src=\"https:\/\/www.prouvy.be\/wp-content\/gallery\/soiree-des-benevoles-2006\/Bene_2006_17.jpg\"\n\t\t\t\tdata-thumbnail=\"https:\/\/www.prouvy.be\/wp-content\/gallery\/soiree-des-benevoles-2006\/thumbs\/thumbs_Bene_2006_17.jpg\"\n\t\t\t\tdata-image-id=\"385\"\n\t\t\t\tdata-title=\"Bene_2006_17\"\n\t\t\t\tdata-description=\" \"\n\t\t\t\tdata-image-slug=\"bene_2006_17\"\n\t\t\t\tclass=\"ngg-fancybox\" rel=\"b4548e23640d112f925515b9cbeb12f5\">\n\t\t\t\t<img\n\t\t\t\t\ttitle=\"Bene_2006_17\"\n\t\t\t\t\talt=\"Bene_2006_17\"\n\t\t\t\t\tsrc=\"https:\/\/www.prouvy.be\/wp-content\/gallery\/soiree-des-benevoles-2006\/thumbs\/thumbs_Bene_2006_17.jpg\"\n\t\t\t\t\twidth=\"120\"\n\t\t\t\t\theight=\"90\"\n\t\t\t\t\tstyle=\"max-width:100%;\"\n\t\t\t\t\/>\n\t\t\t<\/a>\n\t\t<\/div>\n\t\t\t\t\t\t\t<\/div>\n\t\t\t\n\t\t\n\t\t\t\t<div id=\"ngg-image-6\" class=\"ngg-gallery-thumbnail-box\"\n\t\t\t\t\t\t\t\t\t\t\t>\n\t\t\t\t\t\t<div class=\"ngg-gallery-thumbnail\">\n\t\t\t<a href=\"https:\/\/www.prouvy.be\/wp-content\/gallery\/soiree-des-benevoles-2006\/Bene_2006_16.jpg\"\n\t\t\t\ttitle=\" \"\n\t\t\t\tdata-src=\"https:\/\/www.prouvy.be\/wp-content\/gallery\/soiree-des-benevoles-2006\/Bene_2006_16.jpg\"\n\t\t\t\tdata-thumbnail=\"https:\/\/www.prouvy.be\/wp-content\/gallery\/soiree-des-benevoles-2006\/thumbs\/thumbs_Bene_2006_16.jpg\"\n\t\t\t\tdata-image-id=\"384\"\n\t\t\t\tdata-title=\"Bene_2006_16\"\n\t\t\t\tdata-description=\" \"\n\t\t\t\tdata-image-slug=\"bene_2006_16\"\n\t\t\t\tclass=\"ngg-fancybox\" rel=\"b4548e23640d112f925515b9cbeb12f5\">\n\t\t\t\t<img\n\t\t\t\t\ttitle=\"Bene_2006_16\"\n\t\t\t\t\talt=\"Bene_2006_16\"\n\t\t\t\t\tsrc=\"https:\/\/www.prouvy.be\/wp-content\/gallery\/soiree-des-benevoles-2006\/thumbs\/thumbs_Bene_2006_16.jpg\"\n\t\t\t\t\twidth=\"120\"\n\t\t\t\t\theight=\"90\"\n\t\t\t\t\tstyle=\"max-width:100%;\"\n\t\t\t\t\/>\n\t\t\t<\/a>\n\t\t<\/div>\n\t\t\t\t\t\t\t<\/div>\n\t\t\t\n\t\t\n\t\t\t\t<div id=\"ngg-image-7\" class=\"ngg-gallery-thumbnail-box\"\n\t\t\t\t\t\t\t\t\t\t\t>\n\t\t\t\t\t\t<div class=\"ngg-gallery-thumbnail\">\n\t\t\t<a href=\"https:\/\/www.prouvy.be\/wp-content\/gallery\/soiree-des-benevoles-2006\/Bene_2006_15.jpg\"\n\t\t\t\ttitle=\" \"\n\t\t\t\tdata-src=\"https:\/\/www.prouvy.be\/wp-content\/gallery\/soiree-des-benevoles-2006\/Bene_2006_15.jpg\"\n\t\t\t\tdata-thumbnail=\"https:\/\/www.prouvy.be\/wp-content\/gallery\/soiree-des-benevoles-2006\/thumbs\/thumbs_Bene_2006_15.jpg\"\n\t\t\t\tdata-image-id=\"383\"\n\t\t\t\tdata-title=\"Bene_2006_15\"\n\t\t\t\tdata-description=\" \"\n\t\t\t\tdata-image-slug=\"bene_2006_15\"\n\t\t\t\tclass=\"ngg-fancybox\" rel=\"b4548e23640d112f925515b9cbeb12f5\">\n\t\t\t\t<img\n\t\t\t\t\ttitle=\"Bene_2006_15\"\n\t\t\t\t\talt=\"Bene_2006_15\"\n\t\t\t\t\tsrc=\"https:\/\/www.prouvy.be\/wp-content\/gallery\/soiree-des-benevoles-2006\/thumbs\/thumbs_Bene_2006_15.jpg\"\n\t\t\t\t\twidth=\"120\"\n\t\t\t\t\theight=\"90\"\n\t\t\t\t\tstyle=\"max-width:100%;\"\n\t\t\t\t\/>\n\t\t\t<\/a>\n\t\t<\/div>\n\t\t\t\t\t\t\t<\/div>\n\t\t\t\n\t\t\n\t\t\t\t<div id=\"ngg-image-8\" class=\"ngg-gallery-thumbnail-box\"\n\t\t\t\t\t\t\t\t\t\t\t>\n\t\t\t\t\t\t<div class=\"ngg-gallery-thumbnail\">\n\t\t\t<a href=\"https:\/\/www.prouvy.be\/wp-content\/gallery\/soiree-des-benevoles-2006\/Bene_2006_23.jpg\"\n\t\t\t\ttitle=\" \"\n\t\t\t\tdata-src=\"https:\/\/www.prouvy.be\/wp-content\/gallery\/soiree-des-benevoles-2006\/Bene_2006_23.jpg\"\n\t\t\t\tdata-thumbnail=\"https:\/\/www.prouvy.be\/wp-content\/gallery\/soiree-des-benevoles-2006\/thumbs\/thumbs_Bene_2006_23.jpg\"\n\t\t\t\tdata-image-id=\"391\"\n\t\t\t\tdata-title=\"Bene_2006_23\"\n\t\t\t\tdata-description=\" \"\n\t\t\t\tdata-image-slug=\"bene_2006_23\"\n\t\t\t\tclass=\"ngg-fancybox\" rel=\"b4548e23640d112f925515b9cbeb12f5\">\n\t\t\t\t<img\n\t\t\t\t\ttitle=\"Bene_2006_23\"\n\t\t\t\t\talt=\"Bene_2006_23\"\n\t\t\t\t\tsrc=\"https:\/\/www.prouvy.be\/wp-content\/gallery\/soiree-des-benevoles-2006\/thumbs\/thumbs_Bene_2006_23.jpg\"\n\t\t\t\t\twidth=\"120\"\n\t\t\t\t\theight=\"90\"\n\t\t\t\t\tstyle=\"max-width:100%;\"\n\t\t\t\t\/>\n\t\t\t<\/a>\n\t\t<\/div>\n\t\t\t\t\t\t\t<\/div>\n\t\t\t\n\t\t\n\t\t\t\t<div id=\"ngg-image-9\" class=\"ngg-gallery-thumbnail-box\"\n\t\t\t\t\t\t\t\t\t\t\t>\n\t\t\t\t\t\t<div class=\"ngg-gallery-thumbnail\">\n\t\t\t<a href=\"https:\/\/www.prouvy.be\/wp-content\/gallery\/soiree-des-benevoles-2006\/Bene_2006_13.jpg\"\n\t\t\t\ttitle=\" \"\n\t\t\t\tdata-src=\"https:\/\/www.prouvy.be\/wp-content\/gallery\/soiree-des-benevoles-2006\/Bene_2006_13.jpg\"\n\t\t\t\tdata-thumbnail=\"https:\/\/www.prouvy.be\/wp-content\/gallery\/soiree-des-benevoles-2006\/thumbs\/thumbs_Bene_2006_13.jpg\"\n\t\t\t\tdata-image-id=\"381\"\n\t\t\t\tdata-title=\"Bene_2006_13\"\n\t\t\t\tdata-description=\" \"\n\t\t\t\tdata-image-slug=\"bene_2006_13\"\n\t\t\t\tclass=\"ngg-fancybox\" rel=\"b4548e23640d112f925515b9cbeb12f5\">\n\t\t\t\t<img\n\t\t\t\t\ttitle=\"Bene_2006_13\"\n\t\t\t\t\talt=\"Bene_2006_13\"\n\t\t\t\t\tsrc=\"https:\/\/www.prouvy.be\/wp-content\/gallery\/soiree-des-benevoles-2006\/thumbs\/thumbs_Bene_2006_13.jpg\"\n\t\t\t\t\twidth=\"120\"\n\t\t\t\t\theight=\"90\"\n\t\t\t\t\tstyle=\"max-width:100%;\"\n\t\t\t\t\/>\n\t\t\t<\/a>\n\t\t<\/div>\n\t\t\t\t\t\t\t<\/div>\n\t\t\t\n\t\t\n\t\t\t\t<div id=\"ngg-image-10\" class=\"ngg-gallery-thumbnail-box\"\n\t\t\t\t\t\t\t\t\t\t\t>\n\t\t\t\t\t\t<div class=\"ngg-gallery-thumbnail\">\n\t\t\t<a href=\"https:\/\/www.prouvy.be\/wp-content\/gallery\/soiree-des-benevoles-2006\/Bene_2006_12.jpg\"\n\t\t\t\ttitle=\" \"\n\t\t\t\tdata-src=\"https:\/\/www.prouvy.be\/wp-content\/gallery\/soiree-des-benevoles-2006\/Bene_2006_12.jpg\"\n\t\t\t\tdata-thumbnail=\"https:\/\/www.prouvy.be\/wp-content\/gallery\/soiree-des-benevoles-2006\/thumbs\/thumbs_Bene_2006_12.jpg\"\n\t\t\t\tdata-image-id=\"380\"\n\t\t\t\tdata-title=\"Bene_2006_12\"\n\t\t\t\tdata-description=\" \"\n\t\t\t\tdata-image-slug=\"bene_2006_12\"\n\t\t\t\tclass=\"ngg-fancybox\" rel=\"b4548e23640d112f925515b9cbeb12f5\">\n\t\t\t\t<img\n\t\t\t\t\ttitle=\"Bene_2006_12\"\n\t\t\t\t\talt=\"Bene_2006_12\"\n\t\t\t\t\tsrc=\"https:\/\/www.prouvy.be\/wp-content\/gallery\/soiree-des-benevoles-2006\/thumbs\/thumbs_Bene_2006_12.jpg\"\n\t\t\t\t\twidth=\"120\"\n\t\t\t\t\theight=\"90\"\n\t\t\t\t\tstyle=\"max-width:100%;\"\n\t\t\t\t\/>\n\t\t\t<\/a>\n\t\t<\/div>\n\t\t\t\t\t\t\t<\/div>\n\t\t\t\n\t\t\n\t\t\t\t<div id=\"ngg-image-11\" class=\"ngg-gallery-thumbnail-box\"\n\t\t\t\t\t\t\t\t\t\t\t>\n\t\t\t\t\t\t<div class=\"ngg-gallery-thumbnail\">\n\t\t\t<a href=\"https:\/\/www.prouvy.be\/wp-content\/gallery\/soiree-des-benevoles-2006\/Bene_2006_01.jpg\"\n\t\t\t\ttitle=\"\"\n\t\t\t\tdata-src=\"https:\/\/www.prouvy.be\/wp-content\/gallery\/soiree-des-benevoles-2006\/Bene_2006_01.jpg\"\n\t\t\t\tdata-thumbnail=\"https:\/\/www.prouvy.be\/wp-content\/gallery\/soiree-des-benevoles-2006\/thumbs\/thumbs_Bene_2006_01.jpg\"\n\t\t\t\tdata-image-id=\"369\"\n\t\t\t\tdata-title=\"Bene_2006_01\"\n\t\t\t\tdata-description=\"\"\n\t\t\t\tdata-image-slug=\"bene_2006_01\"\n\t\t\t\tclass=\"ngg-fancybox\" rel=\"b4548e23640d112f925515b9cbeb12f5\">\n\t\t\t\t<img\n\t\t\t\t\ttitle=\"Bene_2006_01\"\n\t\t\t\t\talt=\"Bene_2006_01\"\n\t\t\t\t\tsrc=\"https:\/\/www.prouvy.be\/wp-content\/gallery\/soiree-des-benevoles-2006\/thumbs\/thumbs_Bene_2006_01.jpg\"\n\t\t\t\t\twidth=\"120\"\n\t\t\t\t\theight=\"90\"\n\t\t\t\t\tstyle=\"max-width:100%;\"\n\t\t\t\t\/>\n\t\t\t<\/a>\n\t\t<\/div>\n\t\t\t\t\t\t\t<\/div>\n\t\t\t\n\t\t\n\t\t\t\t<div id=\"ngg-image-12\" class=\"ngg-gallery-thumbnail-box\"\n\t\t\t\t\t\t\t\t\t\t\t>\n\t\t\t\t\t\t<div class=\"ngg-gallery-thumbnail\">\n\t\t\t<a href=\"https:\/\/www.prouvy.be\/wp-content\/gallery\/soiree-des-benevoles-2006\/Bene_2006_10.jpg\"\n\t\t\t\ttitle=\" \"\n\t\t\t\tdata-src=\"https:\/\/www.prouvy.be\/wp-content\/gallery\/soiree-des-benevoles-2006\/Bene_2006_10.jpg\"\n\t\t\t\tdata-thumbnail=\"https:\/\/www.prouvy.be\/wp-content\/gallery\/soiree-des-benevoles-2006\/thumbs\/thumbs_Bene_2006_10.jpg\"\n\t\t\t\tdata-image-id=\"378\"\n\t\t\t\tdata-title=\"Bene_2006_10\"\n\t\t\t\tdata-description=\" \"\n\t\t\t\tdata-image-slug=\"bene_2006_10\"\n\t\t\t\tclass=\"ngg-fancybox\" rel=\"b4548e23640d112f925515b9cbeb12f5\">\n\t\t\t\t<img\n\t\t\t\t\ttitle=\"Bene_2006_10\"\n\t\t\t\t\talt=\"Bene_2006_10\"\n\t\t\t\t\tsrc=\"https:\/\/www.prouvy.be\/wp-content\/gallery\/soiree-des-benevoles-2006\/thumbs\/thumbs_Bene_2006_10.jpg\"\n\t\t\t\t\twidth=\"120\"\n\t\t\t\t\theight=\"90\"\n\t\t\t\t\tstyle=\"max-width:100%;\"\n\t\t\t\t\/>\n\t\t\t<\/a>\n\t\t<\/div>\n\t\t\t\t\t\t\t<\/div>\n\t\t\t\n\t\t\n\t\t\t\t<div id=\"ngg-image-13\" class=\"ngg-gallery-thumbnail-box\"\n\t\t\t\t\t\t\t\t\t\t\t>\n\t\t\t\t\t\t<div class=\"ngg-gallery-thumbnail\">\n\t\t\t<a href=\"https:\/\/www.prouvy.be\/wp-content\/gallery\/soiree-des-benevoles-2006\/Bene_2006_09.jpg\"\n\t\t\t\ttitle=\" \"\n\t\t\t\tdata-src=\"https:\/\/www.prouvy.be\/wp-content\/gallery\/soiree-des-benevoles-2006\/Bene_2006_09.jpg\"\n\t\t\t\tdata-thumbnail=\"https:\/\/www.prouvy.be\/wp-content\/gallery\/soiree-des-benevoles-2006\/thumbs\/thumbs_Bene_2006_09.jpg\"\n\t\t\t\tdata-image-id=\"377\"\n\t\t\t\tdata-title=\"Bene_2006_09\"\n\t\t\t\tdata-description=\" \"\n\t\t\t\tdata-image-slug=\"bene_2006_09\"\n\t\t\t\tclass=\"ngg-fancybox\" rel=\"b4548e23640d112f925515b9cbeb12f5\">\n\t\t\t\t<img\n\t\t\t\t\ttitle=\"Bene_2006_09\"\n\t\t\t\t\talt=\"Bene_2006_09\"\n\t\t\t\t\tsrc=\"https:\/\/www.prouvy.be\/wp-content\/gallery\/soiree-des-benevoles-2006\/thumbs\/thumbs_Bene_2006_09.jpg\"\n\t\t\t\t\twidth=\"120\"\n\t\t\t\t\theight=\"90\"\n\t\t\t\t\tstyle=\"max-width:100%;\"\n\t\t\t\t\/>\n\t\t\t<\/a>\n\t\t<\/div>\n\t\t\t\t\t\t\t<\/div>\n\t\t\t\n\t\t\n\t\t\t\t<div id=\"ngg-image-14\" class=\"ngg-gallery-thumbnail-box\"\n\t\t\t\t\t\t\t\t\t\t\t>\n\t\t\t\t\t\t<div class=\"ngg-gallery-thumbnail\">\n\t\t\t<a href=\"https:\/\/www.prouvy.be\/wp-content\/gallery\/soiree-des-benevoles-2006\/Bene_2006_08.jpg\"\n\t\t\t\ttitle=\" \"\n\t\t\t\tdata-src=\"https:\/\/www.prouvy.be\/wp-content\/gallery\/soiree-des-benevoles-2006\/Bene_2006_08.jpg\"\n\t\t\t\tdata-thumbnail=\"https:\/\/www.prouvy.be\/wp-content\/gallery\/soiree-des-benevoles-2006\/thumbs\/thumbs_Bene_2006_08.jpg\"\n\t\t\t\tdata-image-id=\"376\"\n\t\t\t\tdata-title=\"Bene_2006_08\"\n\t\t\t\tdata-description=\" \"\n\t\t\t\tdata-image-slug=\"bene_2006_08\"\n\t\t\t\tclass=\"ngg-fancybox\" rel=\"b4548e23640d112f925515b9cbeb12f5\">\n\t\t\t\t<img\n\t\t\t\t\ttitle=\"Bene_2006_08\"\n\t\t\t\t\talt=\"Bene_2006_08\"\n\t\t\t\t\tsrc=\"https:\/\/www.prouvy.be\/wp-content\/gallery\/soiree-des-benevoles-2006\/thumbs\/thumbs_Bene_2006_08.jpg\"\n\t\t\t\t\twidth=\"120\"\n\t\t\t\t\theight=\"90\"\n\t\t\t\t\tstyle=\"max-width:100%;\"\n\t\t\t\t\/>\n\t\t\t<\/a>\n\t\t<\/div>\n\t\t\t\t\t\t\t<\/div>\n\t\t\t\n\t\t\n\t\t\t\t<div id=\"ngg-image-15\" class=\"ngg-gallery-thumbnail-box\"\n\t\t\t\t\t\t\t\t\t\t\t>\n\t\t\t\t\t\t<div class=\"ngg-gallery-thumbnail\">\n\t\t\t<a href=\"https:\/\/www.prouvy.be\/wp-content\/gallery\/soiree-des-benevoles-2006\/Bene_2006_07.jpg\"\n\t\t\t\ttitle=\" \"\n\t\t\t\tdata-src=\"https:\/\/www.prouvy.be\/wp-content\/gallery\/soiree-des-benevoles-2006\/Bene_2006_07.jpg\"\n\t\t\t\tdata-thumbnail=\"https:\/\/www.prouvy.be\/wp-content\/gallery\/soiree-des-benevoles-2006\/thumbs\/thumbs_Bene_2006_07.jpg\"\n\t\t\t\tdata-image-id=\"375\"\n\t\t\t\tdata-title=\"Bene_2006_07\"\n\t\t\t\tdata-description=\" \"\n\t\t\t\tdata-image-slug=\"bene_2006_07\"\n\t\t\t\tclass=\"ngg-fancybox\" rel=\"b4548e23640d112f925515b9cbeb12f5\">\n\t\t\t\t<img\n\t\t\t\t\ttitle=\"Bene_2006_07\"\n\t\t\t\t\talt=\"Bene_2006_07\"\n\t\t\t\t\tsrc=\"https:\/\/www.prouvy.be\/wp-content\/gallery\/soiree-des-benevoles-2006\/thumbs\/thumbs_Bene_2006_07.jpg\"\n\t\t\t\t\twidth=\"120\"\n\t\t\t\t\theight=\"90\"\n\t\t\t\t\tstyle=\"max-width:100%;\"\n\t\t\t\t\/>\n\t\t\t<\/a>\n\t\t<\/div>\n\t\t\t\t\t\t\t<\/div>\n\t\t\t\n\t\t\n\t\t\t\t<div id=\"ngg-image-16\" class=\"ngg-gallery-thumbnail-box\"\n\t\t\t\t\t\t\t\t\t\t\t>\n\t\t\t\t\t\t<div class=\"ngg-gallery-thumbnail\">\n\t\t\t<a href=\"https:\/\/www.prouvy.be\/wp-content\/gallery\/soiree-des-benevoles-2006\/Bene_2006_24.jpg\"\n\t\t\t\ttitle=\" \"\n\t\t\t\tdata-src=\"https:\/\/www.prouvy.be\/wp-content\/gallery\/soiree-des-benevoles-2006\/Bene_2006_24.jpg\"\n\t\t\t\tdata-thumbnail=\"https:\/\/www.prouvy.be\/wp-content\/gallery\/soiree-des-benevoles-2006\/thumbs\/thumbs_Bene_2006_24.jpg\"\n\t\t\t\tdata-image-id=\"392\"\n\t\t\t\tdata-title=\"Bene_2006_24\"\n\t\t\t\tdata-description=\" \"\n\t\t\t\tdata-image-slug=\"bene_2006_24\"\n\t\t\t\tclass=\"ngg-fancybox\" rel=\"b4548e23640d112f925515b9cbeb12f5\">\n\t\t\t\t<img\n\t\t\t\t\ttitle=\"Bene_2006_24\"\n\t\t\t\t\talt=\"Bene_2006_24\"\n\t\t\t\t\tsrc=\"https:\/\/www.prouvy.be\/wp-content\/gallery\/soiree-des-benevoles-2006\/thumbs\/thumbs_Bene_2006_24.jpg\"\n\t\t\t\t\twidth=\"120\"\n\t\t\t\t\theight=\"90\"\n\t\t\t\t\tstyle=\"max-width:100%;\"\n\t\t\t\t\/>\n\t\t\t<\/a>\n\t\t<\/div>\n\t\t\t\t\t\t\t<\/div>\n\t\t\t\n\t\t\n\t\t\t\t<div id=\"ngg-image-17\" class=\"ngg-gallery-thumbnail-box\"\n\t\t\t\t\t\t\t\t\t\t\t>\n\t\t\t\t\t\t<div class=\"ngg-gallery-thumbnail\">\n\t\t\t<a href=\"https:\/\/www.prouvy.be\/wp-content\/gallery\/soiree-des-benevoles-2006\/Bene_2006_05.jpg\"\n\t\t\t\ttitle=\" \"\n\t\t\t\tdata-src=\"https:\/\/www.prouvy.be\/wp-content\/gallery\/soiree-des-benevoles-2006\/Bene_2006_05.jpg\"\n\t\t\t\tdata-thumbnail=\"https:\/\/www.prouvy.be\/wp-content\/gallery\/soiree-des-benevoles-2006\/thumbs\/thumbs_Bene_2006_05.jpg\"\n\t\t\t\tdata-image-id=\"373\"\n\t\t\t\tdata-title=\"Bene_2006_05\"\n\t\t\t\tdata-description=\" \"\n\t\t\t\tdata-image-slug=\"bene_2006_05\"\n\t\t\t\tclass=\"ngg-fancybox\" rel=\"b4548e23640d112f925515b9cbeb12f5\">\n\t\t\t\t<img\n\t\t\t\t\ttitle=\"Bene_2006_05\"\n\t\t\t\t\talt=\"Bene_2006_05\"\n\t\t\t\t\tsrc=\"https:\/\/www.prouvy.be\/wp-content\/gallery\/soiree-des-benevoles-2006\/thumbs\/thumbs_Bene_2006_05.jpg\"\n\t\t\t\t\twidth=\"120\"\n\t\t\t\t\theight=\"90\"\n\t\t\t\t\tstyle=\"max-width:100%;\"\n\t\t\t\t\/>\n\t\t\t<\/a>\n\t\t<\/div>\n\t\t\t\t\t\t\t<\/div>\n\t\t\t\n\t\t\n\t\t\t\t<div id=\"ngg-image-18\" class=\"ngg-gallery-thumbnail-box\"\n\t\t\t\t\t\t\t\t\t\t\t>\n\t\t\t\t\t\t<div class=\"ngg-gallery-thumbnail\">\n\t\t\t<a href=\"https:\/\/www.prouvy.be\/wp-content\/gallery\/soiree-des-benevoles-2006\/Bene_2006_04.jpg\"\n\t\t\t\ttitle=\" \"\n\t\t\t\tdata-src=\"https:\/\/www.prouvy.be\/wp-content\/gallery\/soiree-des-benevoles-2006\/Bene_2006_04.jpg\"\n\t\t\t\tdata-thumbnail=\"https:\/\/www.prouvy.be\/wp-content\/gallery\/soiree-des-benevoles-2006\/thumbs\/thumbs_Bene_2006_04.jpg\"\n\t\t\t\tdata-image-id=\"372\"\n\t\t\t\tdata-title=\"Bene_2006_04\"\n\t\t\t\tdata-description=\" \"\n\t\t\t\tdata-image-slug=\"bene_2006_04\"\n\t\t\t\tclass=\"ngg-fancybox\" rel=\"b4548e23640d112f925515b9cbeb12f5\">\n\t\t\t\t<img\n\t\t\t\t\ttitle=\"Bene_2006_04\"\n\t\t\t\t\talt=\"Bene_2006_04\"\n\t\t\t\t\tsrc=\"https:\/\/www.prouvy.be\/wp-content\/gallery\/soiree-des-benevoles-2006\/thumbs\/thumbs_Bene_2006_04.jpg\"\n\t\t\t\t\twidth=\"120\"\n\t\t\t\t\theight=\"90\"\n\t\t\t\t\tstyle=\"max-width:100%;\"\n\t\t\t\t\/>\n\t\t\t<\/a>\n\t\t<\/div>\n\t\t\t\t\t\t\t<\/div>\n\t\t\t\n\t\t\n\t\t\t\t<div id=\"ngg-image-19\" class=\"ngg-gallery-thumbnail-box\"\n\t\t\t\t\t\t\t\t\t\t\t>\n\t\t\t\t\t\t<div class=\"ngg-gallery-thumbnail\">\n\t\t\t<a href=\"https:\/\/www.prouvy.be\/wp-content\/gallery\/soiree-des-benevoles-2006\/Bene_2006_03.jpg\"\n\t\t\t\ttitle=\" \"\n\t\t\t\tdata-src=\"https:\/\/www.prouvy.be\/wp-content\/gallery\/soiree-des-benevoles-2006\/Bene_2006_03.jpg\"\n\t\t\t\tdata-thumbnail=\"https:\/\/www.prouvy.be\/wp-content\/gallery\/soiree-des-benevoles-2006\/thumbs\/thumbs_Bene_2006_03.jpg\"\n\t\t\t\tdata-image-id=\"371\"\n\t\t\t\tdata-title=\"Bene_2006_03\"\n\t\t\t\tdata-description=\" \"\n\t\t\t\tdata-image-slug=\"bene_2006_03\"\n\t\t\t\tclass=\"ngg-fancybox\" rel=\"b4548e23640d112f925515b9cbeb12f5\">\n\t\t\t\t<img\n\t\t\t\t\ttitle=\"Bene_2006_03\"\n\t\t\t\t\talt=\"Bene_2006_03\"\n\t\t\t\t\tsrc=\"https:\/\/www.prouvy.be\/wp-content\/gallery\/soiree-des-benevoles-2006\/thumbs\/thumbs_Bene_2006_03.jpg\"\n\t\t\t\t\twidth=\"120\"\n\t\t\t\t\theight=\"90\"\n\t\t\t\t\tstyle=\"max-width:100%;\"\n\t\t\t\t\/>\n\t\t\t<\/a>\n\t\t<\/div>\n\t\t\t\t\t\t\t<\/div>\n\t\t\t\n\t\t\n\t\t\n\t\t<!-- Pagination -->\n\t\t<div class='ngg-navigation'><span class='current'>1<\/span>\n<a class='page-numbers' data-pageid='2' href='https:\/\/www.prouvy.be\/index.php\/nggallery\/page\/2?page_id=1248'>2<\/a>\n<a class='prev' href='https:\/\/www.prouvy.be\/index.php\/nggallery\/page\/2?page_id=1248' data-pageid=2>&#9658;<\/a><\/div>\t<\/div>\n<\/p>\n","protected":false},"excerpt":{"rendered":"<p>Soir\u00e9e des b\u00e9n\u00e9voles \u2014 7 octobre 2006 \u2014 \u00e0 Saint Vincent. Th\u00e8me: Pirates des Caraibes\u00a0III [Show slideshow] 1 2 &#9658;<\/p>\n","protected":false},"author":1,"featured_media":1301,"parent":1136,"menu_order":0,"comment_status":"open","ping_status":"open","template":"","meta":{"ngg_post_thumbnail":0,"footnotes":""},"class_list":["post-1248","page","type-page","status-publish","has-post-thumbnail","hentry"],"post_mailing_queue_ids":[],"_links":{"self":[{"href":"https:\/\/www.prouvy.be\/index.php?rest_route=\/wp\/v2\/pages\/1248","targetHints":{"allow":["GET"]}}],"collection":[{"href":"https:\/\/www.prouvy.be\/index.php?rest_route=\/wp\/v2\/pages"}],"about":[{"href":"https:\/\/www.prouvy.be\/index.php?rest_route=\/wp\/v2\/types\/page"}],"author":[{"embeddable":true,"href":"https:\/\/www.prouvy.be\/index.php?rest_route=\/wp\/v2\/users\/1"}],"replies":[{"embeddable":true,"href":"https:\/\/www.prouvy.be\/index.php?rest_route=%2Fwp%2Fv2%2Fcomments&post=1248"}],"version-history":[{"count":1,"href":"https:\/\/www.prouvy.be\/index.php?rest_route=\/wp\/v2\/pages\/1248\/revisions"}],"predecessor-version":[{"id":1300,"href":"https:\/\/www.prouvy.be\/index.php?rest_route=\/wp\/v2\/pages\/1248\/revisions\/1300"}],"up":[{"embeddable":true,"href":"https:\/\/www.prouvy.be\/index.php?rest_route=\/wp\/v2\/pages\/1136"}],"wp:featuredmedia":[{"embeddable":true,"href":"https:\/\/www.prouvy.be\/index.php?rest_route=\/wp\/v2\/media\/1301"}],"wp:attachment":[{"href":"https:\/\/www.prouvy.be\/index.php?rest_route=%2Fwp%2Fv2%2Fmedia&parent=1248"}],"curies":[{"name":"wp","href":"https:\/\/api.w.org\/{rel}","templated":true}]}}