{"id":1164,"date":"2014-09-04T21:35:19","date_gmt":"2014-09-04T19:35:19","guid":{"rendered":"http:\/\/new.prouvy.be\/?page_id=1164"},"modified":"2014-09-04T21:35:19","modified_gmt":"2014-09-04T19:35:19","slug":"stage-gribouillart","status":"publish","type":"page","link":"https:\/\/www.prouvy.be\/?page_id=1164","title":{"rendered":"Stage Gribouill&rsquo;Art"},"content":{"rendered":"<div id=\"fb-root\"><\/div>\n<p style=\"color: #000000;\">\u201cDurant le mois de juillet 2006, Aur\u00e9lie et Elodie ont anim\u00e9e 2 semaines de stage pour les enfants.<\/p>\n<p style=\"color: #000000;\">A la fin du stage, une exposition a \u00e9t\u00e9 r\u00e9alis\u00e9e pour les parents.<\/p>\n<p style=\"color: #000000;\">De l\u2019avis des enfants, le stage \u00e9tait super.<\/p>\n<p style=\"color: #000000;\">Vivement les stages de 2007.\u201d<\/p>\n<p style=\"color: #000000;\">Ci-dessous, quelques photos de leurs r\u00e9alisations.<\/p>\n<p><!-- index.php -->\n<div\n\tclass=\"ngg-galleryoverview\n\t ngg-ajax-pagination-none\t\"\n\tid=\"ngg-gallery-68ae8227a71856411a71bc8328e4db10-1\">\n\n\t\t<div class=\"slideshowlink\">\n\t\t<a href='https:\/\/www.prouvy.be\/index.php\/nggallery\/slideshow?page_id=1164'>[Show slideshow]<\/a>\n\n\t<\/div>\n\t\t\t<!-- Thumbnails -->\n\t\t\t\t<div id=\"ngg-image-0\" class=\"ngg-gallery-thumbnail-box\"\n\t\t\t\t\t\t\t\t\t\t\t>\n\t\t\t\t\t\t<div class=\"ngg-gallery-thumbnail\">\n\t\t\t<a href=\"https:\/\/www.prouvy.be\/wp-content\/gallery\/stage-gribouillart\/grib_2006_01.jpg\"\n\t\t\t\ttitle=\"\"\n\t\t\t\tdata-src=\"https:\/\/www.prouvy.be\/wp-content\/gallery\/stage-gribouillart\/grib_2006_01.jpg\"\n\t\t\t\tdata-thumbnail=\"https:\/\/www.prouvy.be\/wp-content\/gallery\/stage-gribouillart\/thumbs\/thumbs_grib_2006_01.jpg\"\n\t\t\t\tdata-image-id=\"343\"\n\t\t\t\tdata-title=\"grib_2006_01\"\n\t\t\t\tdata-description=\"\"\n\t\t\t\tdata-image-slug=\"grib_2006_01\"\n\t\t\t\tclass=\"ngg-fancybox\" rel=\"68ae8227a71856411a71bc8328e4db10\">\n\t\t\t\t<img\n\t\t\t\t\ttitle=\"grib_2006_01\"\n\t\t\t\t\talt=\"grib_2006_01\"\n\t\t\t\t\tsrc=\"https:\/\/www.prouvy.be\/wp-content\/gallery\/stage-gribouillart\/thumbs\/thumbs_grib_2006_01.jpg\"\n\t\t\t\t\twidth=\"120\"\n\t\t\t\t\theight=\"90\"\n\t\t\t\t\tstyle=\"max-width:100%;\"\n\t\t\t\t\/>\n\t\t\t<\/a>\n\t\t<\/div>\n\t\t\t\t\t\t\t<\/div>\n\t\t\t\n\t\t\n\t\t\t\t<div id=\"ngg-image-1\" class=\"ngg-gallery-thumbnail-box\"\n\t\t\t\t\t\t\t\t\t\t\t>\n\t\t\t\t\t\t<div class=\"ngg-gallery-thumbnail\">\n\t\t\t<a href=\"https:\/\/www.prouvy.be\/wp-content\/gallery\/stage-gribouillart\/grib_2006_02.jpg\"\n\t\t\t\ttitle=\" \"\n\t\t\t\tdata-src=\"https:\/\/www.prouvy.be\/wp-content\/gallery\/stage-gribouillart\/grib_2006_02.jpg\"\n\t\t\t\tdata-thumbnail=\"https:\/\/www.prouvy.be\/wp-content\/gallery\/stage-gribouillart\/thumbs\/thumbs_grib_2006_02.jpg\"\n\t\t\t\tdata-image-id=\"344\"\n\t\t\t\tdata-title=\"grib_2006_02\"\n\t\t\t\tdata-description=\" \"\n\t\t\t\tdata-image-slug=\"grib_2006_02\"\n\t\t\t\tclass=\"ngg-fancybox\" rel=\"68ae8227a71856411a71bc8328e4db10\">\n\t\t\t\t<img\n\t\t\t\t\ttitle=\"grib_2006_02\"\n\t\t\t\t\talt=\"grib_2006_02\"\n\t\t\t\t\tsrc=\"https:\/\/www.prouvy.be\/wp-content\/gallery\/stage-gribouillart\/thumbs\/thumbs_grib_2006_02.jpg\"\n\t\t\t\t\twidth=\"120\"\n\t\t\t\t\theight=\"90\"\n\t\t\t\t\tstyle=\"max-width:100%;\"\n\t\t\t\t\/>\n\t\t\t<\/a>\n\t\t<\/div>\n\t\t\t\t\t\t\t<\/div>\n\t\t\t\n\t\t\n\t\t\t\t<div id=\"ngg-image-2\" class=\"ngg-gallery-thumbnail-box\"\n\t\t\t\t\t\t\t\t\t\t\t>\n\t\t\t\t\t\t<div class=\"ngg-gallery-thumbnail\">\n\t\t\t<a href=\"https:\/\/www.prouvy.be\/wp-content\/gallery\/stage-gribouillart\/grib_2006_03.jpg\"\n\t\t\t\ttitle=\" \"\n\t\t\t\tdata-src=\"https:\/\/www.prouvy.be\/wp-content\/gallery\/stage-gribouillart\/grib_2006_03.jpg\"\n\t\t\t\tdata-thumbnail=\"https:\/\/www.prouvy.be\/wp-content\/gallery\/stage-gribouillart\/thumbs\/thumbs_grib_2006_03.jpg\"\n\t\t\t\tdata-image-id=\"345\"\n\t\t\t\tdata-title=\"grib_2006_03\"\n\t\t\t\tdata-description=\" \"\n\t\t\t\tdata-image-slug=\"grib_2006_03\"\n\t\t\t\tclass=\"ngg-fancybox\" rel=\"68ae8227a71856411a71bc8328e4db10\">\n\t\t\t\t<img\n\t\t\t\t\ttitle=\"grib_2006_03\"\n\t\t\t\t\talt=\"grib_2006_03\"\n\t\t\t\t\tsrc=\"https:\/\/www.prouvy.be\/wp-content\/gallery\/stage-gribouillart\/thumbs\/thumbs_grib_2006_03.jpg\"\n\t\t\t\t\twidth=\"120\"\n\t\t\t\t\theight=\"90\"\n\t\t\t\t\tstyle=\"max-width:100%;\"\n\t\t\t\t\/>\n\t\t\t<\/a>\n\t\t<\/div>\n\t\t\t\t\t\t\t<\/div>\n\t\t\t\n\t\t\n\t\t\t\t<div id=\"ngg-image-3\" class=\"ngg-gallery-thumbnail-box\"\n\t\t\t\t\t\t\t\t\t\t\t>\n\t\t\t\t\t\t<div class=\"ngg-gallery-thumbnail\">\n\t\t\t<a href=\"https:\/\/www.prouvy.be\/wp-content\/gallery\/stage-gribouillart\/grib_2006_04.jpg\"\n\t\t\t\ttitle=\" \"\n\t\t\t\tdata-src=\"https:\/\/www.prouvy.be\/wp-content\/gallery\/stage-gribouillart\/grib_2006_04.jpg\"\n\t\t\t\tdata-thumbnail=\"https:\/\/www.prouvy.be\/wp-content\/gallery\/stage-gribouillart\/thumbs\/thumbs_grib_2006_04.jpg\"\n\t\t\t\tdata-image-id=\"346\"\n\t\t\t\tdata-title=\"grib_2006_04\"\n\t\t\t\tdata-description=\" \"\n\t\t\t\tdata-image-slug=\"grib_2006_04\"\n\t\t\t\tclass=\"ngg-fancybox\" rel=\"68ae8227a71856411a71bc8328e4db10\">\n\t\t\t\t<img\n\t\t\t\t\ttitle=\"grib_2006_04\"\n\t\t\t\t\talt=\"grib_2006_04\"\n\t\t\t\t\tsrc=\"https:\/\/www.prouvy.be\/wp-content\/gallery\/stage-gribouillart\/thumbs\/thumbs_grib_2006_04.jpg\"\n\t\t\t\t\twidth=\"120\"\n\t\t\t\t\theight=\"90\"\n\t\t\t\t\tstyle=\"max-width:100%;\"\n\t\t\t\t\/>\n\t\t\t<\/a>\n\t\t<\/div>\n\t\t\t\t\t\t\t<\/div>\n\t\t\t\n\t\t\n\t\t\t\t<div id=\"ngg-image-4\" class=\"ngg-gallery-thumbnail-box\"\n\t\t\t\t\t\t\t\t\t\t\t>\n\t\t\t\t\t\t<div class=\"ngg-gallery-thumbnail\">\n\t\t\t<a href=\"https:\/\/www.prouvy.be\/wp-content\/gallery\/stage-gribouillart\/grib_2006_05.jpg\"\n\t\t\t\ttitle=\" \"\n\t\t\t\tdata-src=\"https:\/\/www.prouvy.be\/wp-content\/gallery\/stage-gribouillart\/grib_2006_05.jpg\"\n\t\t\t\tdata-thumbnail=\"https:\/\/www.prouvy.be\/wp-content\/gallery\/stage-gribouillart\/thumbs\/thumbs_grib_2006_05.jpg\"\n\t\t\t\tdata-image-id=\"347\"\n\t\t\t\tdata-title=\"grib_2006_05\"\n\t\t\t\tdata-description=\" \"\n\t\t\t\tdata-image-slug=\"grib_2006_05\"\n\t\t\t\tclass=\"ngg-fancybox\" rel=\"68ae8227a71856411a71bc8328e4db10\">\n\t\t\t\t<img\n\t\t\t\t\ttitle=\"grib_2006_05\"\n\t\t\t\t\talt=\"grib_2006_05\"\n\t\t\t\t\tsrc=\"https:\/\/www.prouvy.be\/wp-content\/gallery\/stage-gribouillart\/thumbs\/thumbs_grib_2006_05.jpg\"\n\t\t\t\t\twidth=\"120\"\n\t\t\t\t\theight=\"90\"\n\t\t\t\t\tstyle=\"max-width:100%;\"\n\t\t\t\t\/>\n\t\t\t<\/a>\n\t\t<\/div>\n\t\t\t\t\t\t\t<\/div>\n\t\t\t\n\t\t\n\t\t\t\t<div id=\"ngg-image-5\" class=\"ngg-gallery-thumbnail-box\"\n\t\t\t\t\t\t\t\t\t\t\t>\n\t\t\t\t\t\t<div class=\"ngg-gallery-thumbnail\">\n\t\t\t<a href=\"https:\/\/www.prouvy.be\/wp-content\/gallery\/stage-gribouillart\/grib_2006_06.jpg\"\n\t\t\t\ttitle=\" \"\n\t\t\t\tdata-src=\"https:\/\/www.prouvy.be\/wp-content\/gallery\/stage-gribouillart\/grib_2006_06.jpg\"\n\t\t\t\tdata-thumbnail=\"https:\/\/www.prouvy.be\/wp-content\/gallery\/stage-gribouillart\/thumbs\/thumbs_grib_2006_06.jpg\"\n\t\t\t\tdata-image-id=\"348\"\n\t\t\t\tdata-title=\"grib_2006_06\"\n\t\t\t\tdata-description=\" \"\n\t\t\t\tdata-image-slug=\"grib_2006_06\"\n\t\t\t\tclass=\"ngg-fancybox\" rel=\"68ae8227a71856411a71bc8328e4db10\">\n\t\t\t\t<img\n\t\t\t\t\ttitle=\"grib_2006_06\"\n\t\t\t\t\talt=\"grib_2006_06\"\n\t\t\t\t\tsrc=\"https:\/\/www.prouvy.be\/wp-content\/gallery\/stage-gribouillart\/thumbs\/thumbs_grib_2006_06.jpg\"\n\t\t\t\t\twidth=\"120\"\n\t\t\t\t\theight=\"90\"\n\t\t\t\t\tstyle=\"max-width:100%;\"\n\t\t\t\t\/>\n\t\t\t<\/a>\n\t\t<\/div>\n\t\t\t\t\t\t\t<\/div>\n\t\t\t\n\t\t\n\t\t\t\t<div id=\"ngg-image-6\" class=\"ngg-gallery-thumbnail-box\"\n\t\t\t\t\t\t\t\t\t\t\t>\n\t\t\t\t\t\t<div class=\"ngg-gallery-thumbnail\">\n\t\t\t<a href=\"https:\/\/www.prouvy.be\/wp-content\/gallery\/stage-gribouillart\/grib_2006_07.jpg\"\n\t\t\t\ttitle=\" \"\n\t\t\t\tdata-src=\"https:\/\/www.prouvy.be\/wp-content\/gallery\/stage-gribouillart\/grib_2006_07.jpg\"\n\t\t\t\tdata-thumbnail=\"https:\/\/www.prouvy.be\/wp-content\/gallery\/stage-gribouillart\/thumbs\/thumbs_grib_2006_07.jpg\"\n\t\t\t\tdata-image-id=\"349\"\n\t\t\t\tdata-title=\"grib_2006_07\"\n\t\t\t\tdata-description=\" \"\n\t\t\t\tdata-image-slug=\"grib_2006_07\"\n\t\t\t\tclass=\"ngg-fancybox\" rel=\"68ae8227a71856411a71bc8328e4db10\">\n\t\t\t\t<img\n\t\t\t\t\ttitle=\"grib_2006_07\"\n\t\t\t\t\talt=\"grib_2006_07\"\n\t\t\t\t\tsrc=\"https:\/\/www.prouvy.be\/wp-content\/gallery\/stage-gribouillart\/thumbs\/thumbs_grib_2006_07.jpg\"\n\t\t\t\t\twidth=\"120\"\n\t\t\t\t\theight=\"90\"\n\t\t\t\t\tstyle=\"max-width:100%;\"\n\t\t\t\t\/>\n\t\t\t<\/a>\n\t\t<\/div>\n\t\t\t\t\t\t\t<\/div>\n\t\t\t\n\t\t\n\t\t\n\t\t<!-- Pagination -->\n\t\t<div class='ngg-clear'><\/div>\t<\/div>\n<\/p>\n","protected":false},"excerpt":{"rendered":"<p>\u201cDurant le mois de juillet 2006, Aur\u00e9lie et Elodie ont anim\u00e9e 2 semaines de stage pour les enfants. A la fin du stage, une exposition a \u00e9t\u00e9 r\u00e9alis\u00e9e pour les parents. De l\u2019avis des enfants, le stage \u00e9tait super. Vivement les stages de 2007.\u201d Ci-dessous, quelques photos de leurs r\u00e9alisations. [Show slideshow]<\/p>\n","protected":false},"author":1,"featured_media":1182,"parent":1136,"menu_order":0,"comment_status":"open","ping_status":"open","template":"","meta":{"ngg_post_thumbnail":0,"footnotes":""},"class_list":["post-1164","page","type-page","status-publish","has-post-thumbnail","hentry"],"post_mailing_queue_ids":[],"_links":{"self":[{"href":"https:\/\/www.prouvy.be\/index.php?rest_route=\/wp\/v2\/pages\/1164","targetHints":{"allow":["GET"]}}],"collection":[{"href":"https:\/\/www.prouvy.be\/index.php?rest_route=\/wp\/v2\/pages"}],"about":[{"href":"https:\/\/www.prouvy.be\/index.php?rest_route=\/wp\/v2\/types\/page"}],"author":[{"embeddable":true,"href":"https:\/\/www.prouvy.be\/index.php?rest_route=\/wp\/v2\/users\/1"}],"replies":[{"embeddable":true,"href":"https:\/\/www.prouvy.be\/index.php?rest_route=%2Fwp%2Fv2%2Fcomments&post=1164"}],"version-history":[{"count":1,"href":"https:\/\/www.prouvy.be\/index.php?rest_route=\/wp\/v2\/pages\/1164\/revisions"}],"predecessor-version":[{"id":1183,"href":"https:\/\/www.prouvy.be\/index.php?rest_route=\/wp\/v2\/pages\/1164\/revisions\/1183"}],"up":[{"embeddable":true,"href":"https:\/\/www.prouvy.be\/index.php?rest_route=\/wp\/v2\/pages\/1136"}],"wp:featuredmedia":[{"embeddable":true,"href":"https:\/\/www.prouvy.be\/index.php?rest_route=\/wp\/v2\/media\/1182"}],"wp:attachment":[{"href":"https:\/\/www.prouvy.be\/index.php?rest_route=%2Fwp%2Fv2%2Fmedia&parent=1164"}],"curies":[{"name":"wp","href":"https:\/\/api.w.org\/{rel}","templated":true}]}}