{"id":1007,"date":"2014-09-04T00:13:25","date_gmt":"2014-09-03T22:13:25","guid":{"rendered":"http:\/\/new.prouvy.be\/?page_id=1007"},"modified":"2014-09-04T00:13:53","modified_gmt":"2014-09-03T22:13:53","slug":"souper-des-hommes-2005","status":"publish","type":"page","link":"https:\/\/www.prouvy.be\/?page_id=1007","title":{"rendered":"Souper des hommes 2005"},"content":{"rendered":"<div id=\"fb-root\"><\/div>\n<p style=\"color: #000000;\"><strong>Les Hommes de Prouvy chouchoutent leurs dames<\/strong><\/p>\n<div id=\"texte\" style=\"color: #000000;\">\n<p>Tout comme l\u2019an pass\u00e9, les Provon\u00e7ois se sont retrouv\u00e9s le samedi 3 d\u00e9cembre 2005 toute la journ\u00e9e, afin de pr\u00e9parer un souper o\u00f9 les Dames du village \u00e9taient convi\u00e9es.<\/p>\n<p>Ce fut un grand succ\u00e8s. Et, cerise sur le g\u00e2teau, m\u00eame le Chef fut satisfait de ses a(l)colytes.<\/p>\n<p>Durant la nuit, St Nicolas a fait un d\u00e9tour par la salle pour f\u00e9liciter les Hommes, \u2026 et corriger un peu les Dames!<\/p>\n<p>Jug\u00e9 plut\u00f4t de l\u2019ambiance en regardant les photos ci-dessous!<\/p>\n<\/div>\n<p><!-- index.php -->\n<div\n\tclass=\"ngg-galleryoverview\n\t ngg-ajax-pagination-none\t\"\n\tid=\"ngg-gallery-cdb8fac30da46154903ec716ce3ed938-1\">\n\n\t\t<div class=\"slideshowlink\">\n\t\t<a href='https:\/\/www.prouvy.be\/index.php\/nggallery\/slideshow?page_id=1007'>[Show slideshow]<\/a>\n\n\t<\/div>\n\t\t\t<!-- Thumbnails -->\n\t\t\t\t<div id=\"ngg-image-0\" class=\"ngg-gallery-thumbnail-box\"\n\t\t\t\t\t\t\t\t\t\t\t>\n\t\t\t\t\t\t<div class=\"ngg-gallery-thumbnail\">\n\t\t\t<a href=\"https:\/\/www.prouvy.be\/wp-content\/gallery\/souper-des-hommes-2005\/souper_h_2005_11.JPG\"\n\t\t\t\ttitle=\" \"\n\t\t\t\tdata-src=\"https:\/\/www.prouvy.be\/wp-content\/gallery\/souper-des-hommes-2005\/souper_h_2005_11.JPG\"\n\t\t\t\tdata-thumbnail=\"https:\/\/www.prouvy.be\/wp-content\/gallery\/souper-des-hommes-2005\/thumbs\/thumbs_souper_h_2005_11.JPG\"\n\t\t\t\tdata-image-id=\"289\"\n\t\t\t\tdata-title=\"souper_h_2005_11\"\n\t\t\t\tdata-description=\" \"\n\t\t\t\tdata-image-slug=\"souper_h_2005_11\"\n\t\t\t\tclass=\"ngg-fancybox\" rel=\"cdb8fac30da46154903ec716ce3ed938\">\n\t\t\t\t<img\n\t\t\t\t\ttitle=\"souper_h_2005_11\"\n\t\t\t\t\talt=\"souper_h_2005_11\"\n\t\t\t\t\tsrc=\"https:\/\/www.prouvy.be\/wp-content\/gallery\/souper-des-hommes-2005\/thumbs\/thumbs_souper_h_2005_11.JPG\"\n\t\t\t\t\twidth=\"120\"\n\t\t\t\t\theight=\"90\"\n\t\t\t\t\tstyle=\"max-width:100%;\"\n\t\t\t\t\/>\n\t\t\t<\/a>\n\t\t<\/div>\n\t\t\t\t\t\t\t<\/div>\n\t\t\t\n\t\t\n\t\t\t\t<div id=\"ngg-image-1\" class=\"ngg-gallery-thumbnail-box\"\n\t\t\t\t\t\t\t\t\t\t\t>\n\t\t\t\t\t\t<div class=\"ngg-gallery-thumbnail\">\n\t\t\t<a href=\"https:\/\/www.prouvy.be\/wp-content\/gallery\/souper-des-hommes-2005\/souper_h_2005_21.JPG\"\n\t\t\t\ttitle=\" \"\n\t\t\t\tdata-src=\"https:\/\/www.prouvy.be\/wp-content\/gallery\/souper-des-hommes-2005\/souper_h_2005_21.JPG\"\n\t\t\t\tdata-thumbnail=\"https:\/\/www.prouvy.be\/wp-content\/gallery\/souper-des-hommes-2005\/thumbs\/thumbs_souper_h_2005_21.JPG\"\n\t\t\t\tdata-image-id=\"299\"\n\t\t\t\tdata-title=\"souper_h_2005_21\"\n\t\t\t\tdata-description=\" \"\n\t\t\t\tdata-image-slug=\"souper_h_2005_21\"\n\t\t\t\tclass=\"ngg-fancybox\" rel=\"cdb8fac30da46154903ec716ce3ed938\">\n\t\t\t\t<img\n\t\t\t\t\ttitle=\"souper_h_2005_21\"\n\t\t\t\t\talt=\"souper_h_2005_21\"\n\t\t\t\t\tsrc=\"https:\/\/www.prouvy.be\/wp-content\/gallery\/souper-des-hommes-2005\/thumbs\/thumbs_souper_h_2005_21.JPG\"\n\t\t\t\t\twidth=\"120\"\n\t\t\t\t\theight=\"90\"\n\t\t\t\t\tstyle=\"max-width:100%;\"\n\t\t\t\t\/>\n\t\t\t<\/a>\n\t\t<\/div>\n\t\t\t\t\t\t\t<\/div>\n\t\t\t\n\t\t\n\t\t\t\t<div id=\"ngg-image-2\" class=\"ngg-gallery-thumbnail-box\"\n\t\t\t\t\t\t\t\t\t\t\t>\n\t\t\t\t\t\t<div class=\"ngg-gallery-thumbnail\">\n\t\t\t<a href=\"https:\/\/www.prouvy.be\/wp-content\/gallery\/souper-des-hommes-2005\/souper_h_2005_20.JPG\"\n\t\t\t\ttitle=\" \"\n\t\t\t\tdata-src=\"https:\/\/www.prouvy.be\/wp-content\/gallery\/souper-des-hommes-2005\/souper_h_2005_20.JPG\"\n\t\t\t\tdata-thumbnail=\"https:\/\/www.prouvy.be\/wp-content\/gallery\/souper-des-hommes-2005\/thumbs\/thumbs_souper_h_2005_20.JPG\"\n\t\t\t\tdata-image-id=\"298\"\n\t\t\t\tdata-title=\"souper_h_2005_20\"\n\t\t\t\tdata-description=\" \"\n\t\t\t\tdata-image-slug=\"souper_h_2005_20\"\n\t\t\t\tclass=\"ngg-fancybox\" rel=\"cdb8fac30da46154903ec716ce3ed938\">\n\t\t\t\t<img\n\t\t\t\t\ttitle=\"souper_h_2005_20\"\n\t\t\t\t\talt=\"souper_h_2005_20\"\n\t\t\t\t\tsrc=\"https:\/\/www.prouvy.be\/wp-content\/gallery\/souper-des-hommes-2005\/thumbs\/thumbs_souper_h_2005_20.JPG\"\n\t\t\t\t\twidth=\"120\"\n\t\t\t\t\theight=\"90\"\n\t\t\t\t\tstyle=\"max-width:100%;\"\n\t\t\t\t\/>\n\t\t\t<\/a>\n\t\t<\/div>\n\t\t\t\t\t\t\t<\/div>\n\t\t\t\n\t\t\n\t\t\t\t<div id=\"ngg-image-3\" class=\"ngg-gallery-thumbnail-box\"\n\t\t\t\t\t\t\t\t\t\t\t>\n\t\t\t\t\t\t<div class=\"ngg-gallery-thumbnail\">\n\t\t\t<a href=\"https:\/\/www.prouvy.be\/wp-content\/gallery\/souper-des-hommes-2005\/souper_h_2005_19.JPG\"\n\t\t\t\ttitle=\" \"\n\t\t\t\tdata-src=\"https:\/\/www.prouvy.be\/wp-content\/gallery\/souper-des-hommes-2005\/souper_h_2005_19.JPG\"\n\t\t\t\tdata-thumbnail=\"https:\/\/www.prouvy.be\/wp-content\/gallery\/souper-des-hommes-2005\/thumbs\/thumbs_souper_h_2005_19.JPG\"\n\t\t\t\tdata-image-id=\"297\"\n\t\t\t\tdata-title=\"souper_h_2005_19\"\n\t\t\t\tdata-description=\" \"\n\t\t\t\tdata-image-slug=\"souper_h_2005_19\"\n\t\t\t\tclass=\"ngg-fancybox\" rel=\"cdb8fac30da46154903ec716ce3ed938\">\n\t\t\t\t<img\n\t\t\t\t\ttitle=\"souper_h_2005_19\"\n\t\t\t\t\talt=\"souper_h_2005_19\"\n\t\t\t\t\tsrc=\"https:\/\/www.prouvy.be\/wp-content\/gallery\/souper-des-hommes-2005\/thumbs\/thumbs_souper_h_2005_19.JPG\"\n\t\t\t\t\twidth=\"120\"\n\t\t\t\t\theight=\"90\"\n\t\t\t\t\tstyle=\"max-width:100%;\"\n\t\t\t\t\/>\n\t\t\t<\/a>\n\t\t<\/div>\n\t\t\t\t\t\t\t<\/div>\n\t\t\t\n\t\t\n\t\t\t\t<div id=\"ngg-image-4\" class=\"ngg-gallery-thumbnail-box\"\n\t\t\t\t\t\t\t\t\t\t\t>\n\t\t\t\t\t\t<div class=\"ngg-gallery-thumbnail\">\n\t\t\t<a href=\"https:\/\/www.prouvy.be\/wp-content\/gallery\/souper-des-hommes-2005\/souper_h_2005_18.JPG\"\n\t\t\t\ttitle=\" \"\n\t\t\t\tdata-src=\"https:\/\/www.prouvy.be\/wp-content\/gallery\/souper-des-hommes-2005\/souper_h_2005_18.JPG\"\n\t\t\t\tdata-thumbnail=\"https:\/\/www.prouvy.be\/wp-content\/gallery\/souper-des-hommes-2005\/thumbs\/thumbs_souper_h_2005_18.JPG\"\n\t\t\t\tdata-image-id=\"296\"\n\t\t\t\tdata-title=\"souper_h_2005_18\"\n\t\t\t\tdata-description=\" \"\n\t\t\t\tdata-image-slug=\"souper_h_2005_18\"\n\t\t\t\tclass=\"ngg-fancybox\" rel=\"cdb8fac30da46154903ec716ce3ed938\">\n\t\t\t\t<img\n\t\t\t\t\ttitle=\"souper_h_2005_18\"\n\t\t\t\t\talt=\"souper_h_2005_18\"\n\t\t\t\t\tsrc=\"https:\/\/www.prouvy.be\/wp-content\/gallery\/souper-des-hommes-2005\/thumbs\/thumbs_souper_h_2005_18.JPG\"\n\t\t\t\t\twidth=\"120\"\n\t\t\t\t\theight=\"90\"\n\t\t\t\t\tstyle=\"max-width:100%;\"\n\t\t\t\t\/>\n\t\t\t<\/a>\n\t\t<\/div>\n\t\t\t\t\t\t\t<\/div>\n\t\t\t\n\t\t\n\t\t\t\t<div id=\"ngg-image-5\" class=\"ngg-gallery-thumbnail-box\"\n\t\t\t\t\t\t\t\t\t\t\t>\n\t\t\t\t\t\t<div class=\"ngg-gallery-thumbnail\">\n\t\t\t<a href=\"https:\/\/www.prouvy.be\/wp-content\/gallery\/souper-des-hommes-2005\/souper_h_2005_17.JPG\"\n\t\t\t\ttitle=\" \"\n\t\t\t\tdata-src=\"https:\/\/www.prouvy.be\/wp-content\/gallery\/souper-des-hommes-2005\/souper_h_2005_17.JPG\"\n\t\t\t\tdata-thumbnail=\"https:\/\/www.prouvy.be\/wp-content\/gallery\/souper-des-hommes-2005\/thumbs\/thumbs_souper_h_2005_17.JPG\"\n\t\t\t\tdata-image-id=\"295\"\n\t\t\t\tdata-title=\"souper_h_2005_17\"\n\t\t\t\tdata-description=\" \"\n\t\t\t\tdata-image-slug=\"souper_h_2005_17\"\n\t\t\t\tclass=\"ngg-fancybox\" rel=\"cdb8fac30da46154903ec716ce3ed938\">\n\t\t\t\t<img\n\t\t\t\t\ttitle=\"souper_h_2005_17\"\n\t\t\t\t\talt=\"souper_h_2005_17\"\n\t\t\t\t\tsrc=\"https:\/\/www.prouvy.be\/wp-content\/gallery\/souper-des-hommes-2005\/thumbs\/thumbs_souper_h_2005_17.JPG\"\n\t\t\t\t\twidth=\"120\"\n\t\t\t\t\theight=\"90\"\n\t\t\t\t\tstyle=\"max-width:100%;\"\n\t\t\t\t\/>\n\t\t\t<\/a>\n\t\t<\/div>\n\t\t\t\t\t\t\t<\/div>\n\t\t\t\n\t\t\n\t\t\t\t<div id=\"ngg-image-6\" class=\"ngg-gallery-thumbnail-box\"\n\t\t\t\t\t\t\t\t\t\t\t>\n\t\t\t\t\t\t<div class=\"ngg-gallery-thumbnail\">\n\t\t\t<a href=\"https:\/\/www.prouvy.be\/wp-content\/gallery\/souper-des-hommes-2005\/souper_h_2005_16.JPG\"\n\t\t\t\ttitle=\" \"\n\t\t\t\tdata-src=\"https:\/\/www.prouvy.be\/wp-content\/gallery\/souper-des-hommes-2005\/souper_h_2005_16.JPG\"\n\t\t\t\tdata-thumbnail=\"https:\/\/www.prouvy.be\/wp-content\/gallery\/souper-des-hommes-2005\/thumbs\/thumbs_souper_h_2005_16.JPG\"\n\t\t\t\tdata-image-id=\"294\"\n\t\t\t\tdata-title=\"souper_h_2005_16\"\n\t\t\t\tdata-description=\" \"\n\t\t\t\tdata-image-slug=\"souper_h_2005_16\"\n\t\t\t\tclass=\"ngg-fancybox\" rel=\"cdb8fac30da46154903ec716ce3ed938\">\n\t\t\t\t<img\n\t\t\t\t\ttitle=\"souper_h_2005_16\"\n\t\t\t\t\talt=\"souper_h_2005_16\"\n\t\t\t\t\tsrc=\"https:\/\/www.prouvy.be\/wp-content\/gallery\/souper-des-hommes-2005\/thumbs\/thumbs_souper_h_2005_16.JPG\"\n\t\t\t\t\twidth=\"120\"\n\t\t\t\t\theight=\"90\"\n\t\t\t\t\tstyle=\"max-width:100%;\"\n\t\t\t\t\/>\n\t\t\t<\/a>\n\t\t<\/div>\n\t\t\t\t\t\t\t<\/div>\n\t\t\t\n\t\t\n\t\t\t\t<div id=\"ngg-image-7\" class=\"ngg-gallery-thumbnail-box\"\n\t\t\t\t\t\t\t\t\t\t\t>\n\t\t\t\t\t\t<div class=\"ngg-gallery-thumbnail\">\n\t\t\t<a href=\"https:\/\/www.prouvy.be\/wp-content\/gallery\/souper-des-hommes-2005\/souper_h_2005_15.JPG\"\n\t\t\t\ttitle=\" \"\n\t\t\t\tdata-src=\"https:\/\/www.prouvy.be\/wp-content\/gallery\/souper-des-hommes-2005\/souper_h_2005_15.JPG\"\n\t\t\t\tdata-thumbnail=\"https:\/\/www.prouvy.be\/wp-content\/gallery\/souper-des-hommes-2005\/thumbs\/thumbs_souper_h_2005_15.JPG\"\n\t\t\t\tdata-image-id=\"293\"\n\t\t\t\tdata-title=\"souper_h_2005_15\"\n\t\t\t\tdata-description=\" \"\n\t\t\t\tdata-image-slug=\"souper_h_2005_15\"\n\t\t\t\tclass=\"ngg-fancybox\" rel=\"cdb8fac30da46154903ec716ce3ed938\">\n\t\t\t\t<img\n\t\t\t\t\ttitle=\"souper_h_2005_15\"\n\t\t\t\t\talt=\"souper_h_2005_15\"\n\t\t\t\t\tsrc=\"https:\/\/www.prouvy.be\/wp-content\/gallery\/souper-des-hommes-2005\/thumbs\/thumbs_souper_h_2005_15.JPG\"\n\t\t\t\t\twidth=\"120\"\n\t\t\t\t\theight=\"90\"\n\t\t\t\t\tstyle=\"max-width:100%;\"\n\t\t\t\t\/>\n\t\t\t<\/a>\n\t\t<\/div>\n\t\t\t\t\t\t\t<\/div>\n\t\t\t\n\t\t\n\t\t\t\t<div id=\"ngg-image-8\" class=\"ngg-gallery-thumbnail-box\"\n\t\t\t\t\t\t\t\t\t\t\t>\n\t\t\t\t\t\t<div class=\"ngg-gallery-thumbnail\">\n\t\t\t<a href=\"https:\/\/www.prouvy.be\/wp-content\/gallery\/souper-des-hommes-2005\/souper_h_2005_23.JPG\"\n\t\t\t\ttitle=\" \"\n\t\t\t\tdata-src=\"https:\/\/www.prouvy.be\/wp-content\/gallery\/souper-des-hommes-2005\/souper_h_2005_23.JPG\"\n\t\t\t\tdata-thumbnail=\"https:\/\/www.prouvy.be\/wp-content\/gallery\/souper-des-hommes-2005\/thumbs\/thumbs_souper_h_2005_23.JPG\"\n\t\t\t\tdata-image-id=\"301\"\n\t\t\t\tdata-title=\"souper_h_2005_23\"\n\t\t\t\tdata-description=\" \"\n\t\t\t\tdata-image-slug=\"souper_h_2005_23\"\n\t\t\t\tclass=\"ngg-fancybox\" rel=\"cdb8fac30da46154903ec716ce3ed938\">\n\t\t\t\t<img\n\t\t\t\t\ttitle=\"souper_h_2005_23\"\n\t\t\t\t\talt=\"souper_h_2005_23\"\n\t\t\t\t\tsrc=\"https:\/\/www.prouvy.be\/wp-content\/gallery\/souper-des-hommes-2005\/thumbs\/thumbs_souper_h_2005_23.JPG\"\n\t\t\t\t\twidth=\"120\"\n\t\t\t\t\theight=\"90\"\n\t\t\t\t\tstyle=\"max-width:100%;\"\n\t\t\t\t\/>\n\t\t\t<\/a>\n\t\t<\/div>\n\t\t\t\t\t\t\t<\/div>\n\t\t\t\n\t\t\n\t\t\t\t<div id=\"ngg-image-9\" class=\"ngg-gallery-thumbnail-box\"\n\t\t\t\t\t\t\t\t\t\t\t>\n\t\t\t\t\t\t<div class=\"ngg-gallery-thumbnail\">\n\t\t\t<a href=\"https:\/\/www.prouvy.be\/wp-content\/gallery\/souper-des-hommes-2005\/souper_h_2005_13.JPG\"\n\t\t\t\ttitle=\" \"\n\t\t\t\tdata-src=\"https:\/\/www.prouvy.be\/wp-content\/gallery\/souper-des-hommes-2005\/souper_h_2005_13.JPG\"\n\t\t\t\tdata-thumbnail=\"https:\/\/www.prouvy.be\/wp-content\/gallery\/souper-des-hommes-2005\/thumbs\/thumbs_souper_h_2005_13.JPG\"\n\t\t\t\tdata-image-id=\"291\"\n\t\t\t\tdata-title=\"souper_h_2005_13\"\n\t\t\t\tdata-description=\" \"\n\t\t\t\tdata-image-slug=\"souper_h_2005_13\"\n\t\t\t\tclass=\"ngg-fancybox\" rel=\"cdb8fac30da46154903ec716ce3ed938\">\n\t\t\t\t<img\n\t\t\t\t\ttitle=\"souper_h_2005_13\"\n\t\t\t\t\talt=\"souper_h_2005_13\"\n\t\t\t\t\tsrc=\"https:\/\/www.prouvy.be\/wp-content\/gallery\/souper-des-hommes-2005\/thumbs\/thumbs_souper_h_2005_13.JPG\"\n\t\t\t\t\twidth=\"120\"\n\t\t\t\t\theight=\"90\"\n\t\t\t\t\tstyle=\"max-width:100%;\"\n\t\t\t\t\/>\n\t\t\t<\/a>\n\t\t<\/div>\n\t\t\t\t\t\t\t<\/div>\n\t\t\t\n\t\t\n\t\t\t\t<div id=\"ngg-image-10\" class=\"ngg-gallery-thumbnail-box\"\n\t\t\t\t\t\t\t\t\t\t\t>\n\t\t\t\t\t\t<div class=\"ngg-gallery-thumbnail\">\n\t\t\t<a href=\"https:\/\/www.prouvy.be\/wp-content\/gallery\/souper-des-hommes-2005\/souper_h_2005_12.JPG\"\n\t\t\t\ttitle=\" \"\n\t\t\t\tdata-src=\"https:\/\/www.prouvy.be\/wp-content\/gallery\/souper-des-hommes-2005\/souper_h_2005_12.JPG\"\n\t\t\t\tdata-thumbnail=\"https:\/\/www.prouvy.be\/wp-content\/gallery\/souper-des-hommes-2005\/thumbs\/thumbs_souper_h_2005_12.JPG\"\n\t\t\t\tdata-image-id=\"290\"\n\t\t\t\tdata-title=\"souper_h_2005_12\"\n\t\t\t\tdata-description=\" \"\n\t\t\t\tdata-image-slug=\"souper_h_2005_12\"\n\t\t\t\tclass=\"ngg-fancybox\" rel=\"cdb8fac30da46154903ec716ce3ed938\">\n\t\t\t\t<img\n\t\t\t\t\ttitle=\"souper_h_2005_12\"\n\t\t\t\t\talt=\"souper_h_2005_12\"\n\t\t\t\t\tsrc=\"https:\/\/www.prouvy.be\/wp-content\/gallery\/souper-des-hommes-2005\/thumbs\/thumbs_souper_h_2005_12.JPG\"\n\t\t\t\t\twidth=\"120\"\n\t\t\t\t\theight=\"90\"\n\t\t\t\t\tstyle=\"max-width:100%;\"\n\t\t\t\t\/>\n\t\t\t<\/a>\n\t\t<\/div>\n\t\t\t\t\t\t\t<\/div>\n\t\t\t\n\t\t\n\t\t\t\t<div id=\"ngg-image-11\" class=\"ngg-gallery-thumbnail-box\"\n\t\t\t\t\t\t\t\t\t\t\t>\n\t\t\t\t\t\t<div class=\"ngg-gallery-thumbnail\">\n\t\t\t<a href=\"https:\/\/www.prouvy.be\/wp-content\/gallery\/souper-des-hommes-2005\/souper_h_2005_01.JPG\"\n\t\t\t\ttitle=\"\"\n\t\t\t\tdata-src=\"https:\/\/www.prouvy.be\/wp-content\/gallery\/souper-des-hommes-2005\/souper_h_2005_01.JPG\"\n\t\t\t\tdata-thumbnail=\"https:\/\/www.prouvy.be\/wp-content\/gallery\/souper-des-hommes-2005\/thumbs\/thumbs_souper_h_2005_01.JPG\"\n\t\t\t\tdata-image-id=\"279\"\n\t\t\t\tdata-title=\"souper_h_2005_01\"\n\t\t\t\tdata-description=\"\"\n\t\t\t\tdata-image-slug=\"souper_h_2005_01\"\n\t\t\t\tclass=\"ngg-fancybox\" rel=\"cdb8fac30da46154903ec716ce3ed938\">\n\t\t\t\t<img\n\t\t\t\t\ttitle=\"souper_h_2005_01\"\n\t\t\t\t\talt=\"souper_h_2005_01\"\n\t\t\t\t\tsrc=\"https:\/\/www.prouvy.be\/wp-content\/gallery\/souper-des-hommes-2005\/thumbs\/thumbs_souper_h_2005_01.JPG\"\n\t\t\t\t\twidth=\"120\"\n\t\t\t\t\theight=\"90\"\n\t\t\t\t\tstyle=\"max-width:100%;\"\n\t\t\t\t\/>\n\t\t\t<\/a>\n\t\t<\/div>\n\t\t\t\t\t\t\t<\/div>\n\t\t\t\n\t\t\n\t\t\t\t<div id=\"ngg-image-12\" class=\"ngg-gallery-thumbnail-box\"\n\t\t\t\t\t\t\t\t\t\t\t>\n\t\t\t\t\t\t<div class=\"ngg-gallery-thumbnail\">\n\t\t\t<a href=\"https:\/\/www.prouvy.be\/wp-content\/gallery\/souper-des-hommes-2005\/souper_h_2005_10.JPG\"\n\t\t\t\ttitle=\" \"\n\t\t\t\tdata-src=\"https:\/\/www.prouvy.be\/wp-content\/gallery\/souper-des-hommes-2005\/souper_h_2005_10.JPG\"\n\t\t\t\tdata-thumbnail=\"https:\/\/www.prouvy.be\/wp-content\/gallery\/souper-des-hommes-2005\/thumbs\/thumbs_souper_h_2005_10.JPG\"\n\t\t\t\tdata-image-id=\"288\"\n\t\t\t\tdata-title=\"souper_h_2005_10\"\n\t\t\t\tdata-description=\" \"\n\t\t\t\tdata-image-slug=\"souper_h_2005_10\"\n\t\t\t\tclass=\"ngg-fancybox\" rel=\"cdb8fac30da46154903ec716ce3ed938\">\n\t\t\t\t<img\n\t\t\t\t\ttitle=\"souper_h_2005_10\"\n\t\t\t\t\talt=\"souper_h_2005_10\"\n\t\t\t\t\tsrc=\"https:\/\/www.prouvy.be\/wp-content\/gallery\/souper-des-hommes-2005\/thumbs\/thumbs_souper_h_2005_10.JPG\"\n\t\t\t\t\twidth=\"120\"\n\t\t\t\t\theight=\"90\"\n\t\t\t\t\tstyle=\"max-width:100%;\"\n\t\t\t\t\/>\n\t\t\t<\/a>\n\t\t<\/div>\n\t\t\t\t\t\t\t<\/div>\n\t\t\t\n\t\t\n\t\t\t\t<div id=\"ngg-image-13\" class=\"ngg-gallery-thumbnail-box\"\n\t\t\t\t\t\t\t\t\t\t\t>\n\t\t\t\t\t\t<div class=\"ngg-gallery-thumbnail\">\n\t\t\t<a href=\"https:\/\/www.prouvy.be\/wp-content\/gallery\/souper-des-hommes-2005\/souper_h_2005_09.JPG\"\n\t\t\t\ttitle=\" \"\n\t\t\t\tdata-src=\"https:\/\/www.prouvy.be\/wp-content\/gallery\/souper-des-hommes-2005\/souper_h_2005_09.JPG\"\n\t\t\t\tdata-thumbnail=\"https:\/\/www.prouvy.be\/wp-content\/gallery\/souper-des-hommes-2005\/thumbs\/thumbs_souper_h_2005_09.JPG\"\n\t\t\t\tdata-image-id=\"287\"\n\t\t\t\tdata-title=\"souper_h_2005_09\"\n\t\t\t\tdata-description=\" \"\n\t\t\t\tdata-image-slug=\"souper_h_2005_09\"\n\t\t\t\tclass=\"ngg-fancybox\" rel=\"cdb8fac30da46154903ec716ce3ed938\">\n\t\t\t\t<img\n\t\t\t\t\ttitle=\"souper_h_2005_09\"\n\t\t\t\t\talt=\"souper_h_2005_09\"\n\t\t\t\t\tsrc=\"https:\/\/www.prouvy.be\/wp-content\/gallery\/souper-des-hommes-2005\/thumbs\/thumbs_souper_h_2005_09.JPG\"\n\t\t\t\t\twidth=\"120\"\n\t\t\t\t\theight=\"90\"\n\t\t\t\t\tstyle=\"max-width:100%;\"\n\t\t\t\t\/>\n\t\t\t<\/a>\n\t\t<\/div>\n\t\t\t\t\t\t\t<\/div>\n\t\t\t\n\t\t\n\t\t\t\t<div id=\"ngg-image-14\" class=\"ngg-gallery-thumbnail-box\"\n\t\t\t\t\t\t\t\t\t\t\t>\n\t\t\t\t\t\t<div class=\"ngg-gallery-thumbnail\">\n\t\t\t<a href=\"https:\/\/www.prouvy.be\/wp-content\/gallery\/souper-des-hommes-2005\/souper_h_2005_08.JPG\"\n\t\t\t\ttitle=\" \"\n\t\t\t\tdata-src=\"https:\/\/www.prouvy.be\/wp-content\/gallery\/souper-des-hommes-2005\/souper_h_2005_08.JPG\"\n\t\t\t\tdata-thumbnail=\"https:\/\/www.prouvy.be\/wp-content\/gallery\/souper-des-hommes-2005\/thumbs\/thumbs_souper_h_2005_08.JPG\"\n\t\t\t\tdata-image-id=\"286\"\n\t\t\t\tdata-title=\"souper_h_2005_08\"\n\t\t\t\tdata-description=\" \"\n\t\t\t\tdata-image-slug=\"souper_h_2005_08\"\n\t\t\t\tclass=\"ngg-fancybox\" rel=\"cdb8fac30da46154903ec716ce3ed938\">\n\t\t\t\t<img\n\t\t\t\t\ttitle=\"souper_h_2005_08\"\n\t\t\t\t\talt=\"souper_h_2005_08\"\n\t\t\t\t\tsrc=\"https:\/\/www.prouvy.be\/wp-content\/gallery\/souper-des-hommes-2005\/thumbs\/thumbs_souper_h_2005_08.JPG\"\n\t\t\t\t\twidth=\"120\"\n\t\t\t\t\theight=\"90\"\n\t\t\t\t\tstyle=\"max-width:100%;\"\n\t\t\t\t\/>\n\t\t\t<\/a>\n\t\t<\/div>\n\t\t\t\t\t\t\t<\/div>\n\t\t\t\n\t\t\n\t\t\t\t<div id=\"ngg-image-15\" class=\"ngg-gallery-thumbnail-box\"\n\t\t\t\t\t\t\t\t\t\t\t>\n\t\t\t\t\t\t<div class=\"ngg-gallery-thumbnail\">\n\t\t\t<a href=\"https:\/\/www.prouvy.be\/wp-content\/gallery\/souper-des-hommes-2005\/souper_h_2005_07.JPG\"\n\t\t\t\ttitle=\" \"\n\t\t\t\tdata-src=\"https:\/\/www.prouvy.be\/wp-content\/gallery\/souper-des-hommes-2005\/souper_h_2005_07.JPG\"\n\t\t\t\tdata-thumbnail=\"https:\/\/www.prouvy.be\/wp-content\/gallery\/souper-des-hommes-2005\/thumbs\/thumbs_souper_h_2005_07.JPG\"\n\t\t\t\tdata-image-id=\"285\"\n\t\t\t\tdata-title=\"souper_h_2005_07\"\n\t\t\t\tdata-description=\" \"\n\t\t\t\tdata-image-slug=\"souper_h_2005_07\"\n\t\t\t\tclass=\"ngg-fancybox\" rel=\"cdb8fac30da46154903ec716ce3ed938\">\n\t\t\t\t<img\n\t\t\t\t\ttitle=\"souper_h_2005_07\"\n\t\t\t\t\talt=\"souper_h_2005_07\"\n\t\t\t\t\tsrc=\"https:\/\/www.prouvy.be\/wp-content\/gallery\/souper-des-hommes-2005\/thumbs\/thumbs_souper_h_2005_07.JPG\"\n\t\t\t\t\twidth=\"120\"\n\t\t\t\t\theight=\"90\"\n\t\t\t\t\tstyle=\"max-width:100%;\"\n\t\t\t\t\/>\n\t\t\t<\/a>\n\t\t<\/div>\n\t\t\t\t\t\t\t<\/div>\n\t\t\t\n\t\t\n\t\t\t\t<div id=\"ngg-image-16\" class=\"ngg-gallery-thumbnail-box\"\n\t\t\t\t\t\t\t\t\t\t\t>\n\t\t\t\t\t\t<div class=\"ngg-gallery-thumbnail\">\n\t\t\t<a href=\"https:\/\/www.prouvy.be\/wp-content\/gallery\/souper-des-hommes-2005\/souper_h_2005_24.JPG\"\n\t\t\t\ttitle=\" \"\n\t\t\t\tdata-src=\"https:\/\/www.prouvy.be\/wp-content\/gallery\/souper-des-hommes-2005\/souper_h_2005_24.JPG\"\n\t\t\t\tdata-thumbnail=\"https:\/\/www.prouvy.be\/wp-content\/gallery\/souper-des-hommes-2005\/thumbs\/thumbs_souper_h_2005_24.JPG\"\n\t\t\t\tdata-image-id=\"302\"\n\t\t\t\tdata-title=\"souper_h_2005_24\"\n\t\t\t\tdata-description=\" \"\n\t\t\t\tdata-image-slug=\"souper_h_2005_24\"\n\t\t\t\tclass=\"ngg-fancybox\" rel=\"cdb8fac30da46154903ec716ce3ed938\">\n\t\t\t\t<img\n\t\t\t\t\ttitle=\"souper_h_2005_24\"\n\t\t\t\t\talt=\"souper_h_2005_24\"\n\t\t\t\t\tsrc=\"https:\/\/www.prouvy.be\/wp-content\/gallery\/souper-des-hommes-2005\/thumbs\/thumbs_souper_h_2005_24.JPG\"\n\t\t\t\t\twidth=\"120\"\n\t\t\t\t\theight=\"90\"\n\t\t\t\t\tstyle=\"max-width:100%;\"\n\t\t\t\t\/>\n\t\t\t<\/a>\n\t\t<\/div>\n\t\t\t\t\t\t\t<\/div>\n\t\t\t\n\t\t\n\t\t\t\t<div id=\"ngg-image-17\" class=\"ngg-gallery-thumbnail-box\"\n\t\t\t\t\t\t\t\t\t\t\t>\n\t\t\t\t\t\t<div class=\"ngg-gallery-thumbnail\">\n\t\t\t<a href=\"https:\/\/www.prouvy.be\/wp-content\/gallery\/souper-des-hommes-2005\/souper_h_2005_05.JPG\"\n\t\t\t\ttitle=\" \"\n\t\t\t\tdata-src=\"https:\/\/www.prouvy.be\/wp-content\/gallery\/souper-des-hommes-2005\/souper_h_2005_05.JPG\"\n\t\t\t\tdata-thumbnail=\"https:\/\/www.prouvy.be\/wp-content\/gallery\/souper-des-hommes-2005\/thumbs\/thumbs_souper_h_2005_05.JPG\"\n\t\t\t\tdata-image-id=\"283\"\n\t\t\t\tdata-title=\"souper_h_2005_05\"\n\t\t\t\tdata-description=\" \"\n\t\t\t\tdata-image-slug=\"souper_h_2005_05\"\n\t\t\t\tclass=\"ngg-fancybox\" rel=\"cdb8fac30da46154903ec716ce3ed938\">\n\t\t\t\t<img\n\t\t\t\t\ttitle=\"souper_h_2005_05\"\n\t\t\t\t\talt=\"souper_h_2005_05\"\n\t\t\t\t\tsrc=\"https:\/\/www.prouvy.be\/wp-content\/gallery\/souper-des-hommes-2005\/thumbs\/thumbs_souper_h_2005_05.JPG\"\n\t\t\t\t\twidth=\"120\"\n\t\t\t\t\theight=\"90\"\n\t\t\t\t\tstyle=\"max-width:100%;\"\n\t\t\t\t\/>\n\t\t\t<\/a>\n\t\t<\/div>\n\t\t\t\t\t\t\t<\/div>\n\t\t\t\n\t\t\n\t\t\t\t<div id=\"ngg-image-18\" class=\"ngg-gallery-thumbnail-box\"\n\t\t\t\t\t\t\t\t\t\t\t>\n\t\t\t\t\t\t<div class=\"ngg-gallery-thumbnail\">\n\t\t\t<a href=\"https:\/\/www.prouvy.be\/wp-content\/gallery\/souper-des-hommes-2005\/souper_h_2005_04.JPG\"\n\t\t\t\ttitle=\" \"\n\t\t\t\tdata-src=\"https:\/\/www.prouvy.be\/wp-content\/gallery\/souper-des-hommes-2005\/souper_h_2005_04.JPG\"\n\t\t\t\tdata-thumbnail=\"https:\/\/www.prouvy.be\/wp-content\/gallery\/souper-des-hommes-2005\/thumbs\/thumbs_souper_h_2005_04.JPG\"\n\t\t\t\tdata-image-id=\"282\"\n\t\t\t\tdata-title=\"souper_h_2005_04\"\n\t\t\t\tdata-description=\" \"\n\t\t\t\tdata-image-slug=\"souper_h_2005_04\"\n\t\t\t\tclass=\"ngg-fancybox\" rel=\"cdb8fac30da46154903ec716ce3ed938\">\n\t\t\t\t<img\n\t\t\t\t\ttitle=\"souper_h_2005_04\"\n\t\t\t\t\talt=\"souper_h_2005_04\"\n\t\t\t\t\tsrc=\"https:\/\/www.prouvy.be\/wp-content\/gallery\/souper-des-hommes-2005\/thumbs\/thumbs_souper_h_2005_04.JPG\"\n\t\t\t\t\twidth=\"120\"\n\t\t\t\t\theight=\"90\"\n\t\t\t\t\tstyle=\"max-width:100%;\"\n\t\t\t\t\/>\n\t\t\t<\/a>\n\t\t<\/div>\n\t\t\t\t\t\t\t<\/div>\n\t\t\t\n\t\t\n\t\t\t\t<div id=\"ngg-image-19\" class=\"ngg-gallery-thumbnail-box\"\n\t\t\t\t\t\t\t\t\t\t\t>\n\t\t\t\t\t\t<div class=\"ngg-gallery-thumbnail\">\n\t\t\t<a href=\"https:\/\/www.prouvy.be\/wp-content\/gallery\/souper-des-hommes-2005\/souper_h_2005_03.JPG\"\n\t\t\t\ttitle=\" \"\n\t\t\t\tdata-src=\"https:\/\/www.prouvy.be\/wp-content\/gallery\/souper-des-hommes-2005\/souper_h_2005_03.JPG\"\n\t\t\t\tdata-thumbnail=\"https:\/\/www.prouvy.be\/wp-content\/gallery\/souper-des-hommes-2005\/thumbs\/thumbs_souper_h_2005_03.JPG\"\n\t\t\t\tdata-image-id=\"281\"\n\t\t\t\tdata-title=\"souper_h_2005_03\"\n\t\t\t\tdata-description=\" \"\n\t\t\t\tdata-image-slug=\"souper_h_2005_03\"\n\t\t\t\tclass=\"ngg-fancybox\" rel=\"cdb8fac30da46154903ec716ce3ed938\">\n\t\t\t\t<img\n\t\t\t\t\ttitle=\"souper_h_2005_03\"\n\t\t\t\t\talt=\"souper_h_2005_03\"\n\t\t\t\t\tsrc=\"https:\/\/www.prouvy.be\/wp-content\/gallery\/souper-des-hommes-2005\/thumbs\/thumbs_souper_h_2005_03.JPG\"\n\t\t\t\t\twidth=\"120\"\n\t\t\t\t\theight=\"90\"\n\t\t\t\t\tstyle=\"max-width:100%;\"\n\t\t\t\t\/>\n\t\t\t<\/a>\n\t\t<\/div>\n\t\t\t\t\t\t\t<\/div>\n\t\t\t\n\t\t\n\t\t\n\t\t<!-- Pagination -->\n\t\t<div class='ngg-navigation'><span class='current'>1<\/span>\n<a class='page-numbers' data-pageid='2' href='https:\/\/www.prouvy.be\/index.php\/nggallery\/page\/2?page_id=1007'>2<\/a>\n<a class='prev' href='https:\/\/www.prouvy.be\/index.php\/nggallery\/page\/2?page_id=1007' data-pageid=2>&#9658;<\/a><\/div>\t<\/div>\n<\/p>\n<p><strong style=\"color: #000000;\">Conclusion du Chef: \u201c Je suis tr\u00e8s fier du travail de mon \u00e9quipe.\u201d<\/strong><\/p>\n","protected":false},"excerpt":{"rendered":"<p>Les Hommes de Prouvy chouchoutent leurs dames Tout comme l\u2019an pass\u00e9, les Provon\u00e7ois se sont retrouv\u00e9s le samedi 3 d\u00e9cembre 2005 toute la journ\u00e9e, afin de pr\u00e9parer un souper o\u00f9 les Dames du village \u00e9taient convi\u00e9es. Ce fut un grand succ\u00e8s. Et, cerise sur le g\u00e2teau, m\u00eame le Chef fut satisfait de ses a(l)colytes. Durant &hellip; <a href=\"https:\/\/www.prouvy.be\/?page_id=1007\" class=\"more-link\">Continuer la lecture de <span class=\"screen-reader-text\">Souper des hommes 2005<\/span>  <span class=\"meta-nav\">&rarr;<\/span><\/a><\/p>\n","protected":false},"author":1,"featured_media":1060,"parent":727,"menu_order":0,"comment_status":"open","ping_status":"open","template":"","meta":{"ngg_post_thumbnail":0,"footnotes":""},"class_list":["post-1007","page","type-page","status-publish","has-post-thumbnail","hentry"],"post_mailing_queue_ids":[],"_links":{"self":[{"href":"https:\/\/www.prouvy.be\/index.php?rest_route=\/wp\/v2\/pages\/1007","targetHints":{"allow":["GET"]}}],"collection":[{"href":"https:\/\/www.prouvy.be\/index.php?rest_route=\/wp\/v2\/pages"}],"about":[{"href":"https:\/\/www.prouvy.be\/index.php?rest_route=\/wp\/v2\/types\/page"}],"author":[{"embeddable":true,"href":"https:\/\/www.prouvy.be\/index.php?rest_route=\/wp\/v2\/users\/1"}],"replies":[{"embeddable":true,"href":"https:\/\/www.prouvy.be\/index.php?rest_route=%2Fwp%2Fv2%2Fcomments&post=1007"}],"version-history":[{"count":1,"href":"https:\/\/www.prouvy.be\/index.php?rest_route=\/wp\/v2\/pages\/1007\/revisions"}],"predecessor-version":[{"id":1059,"href":"https:\/\/www.prouvy.be\/index.php?rest_route=\/wp\/v2\/pages\/1007\/revisions\/1059"}],"up":[{"embeddable":true,"href":"https:\/\/www.prouvy.be\/index.php?rest_route=\/wp\/v2\/pages\/727"}],"wp:featuredmedia":[{"embeddable":true,"href":"https:\/\/www.prouvy.be\/index.php?rest_route=\/wp\/v2\/media\/1060"}],"wp:attachment":[{"href":"https:\/\/www.prouvy.be\/index.php?rest_route=%2Fwp%2Fv2%2Fmedia&parent=1007"}],"curies":[{"name":"wp","href":"https:\/\/api.w.org\/{rel}","templated":true}]}}